{"id":17,"date":"2022-11-14T10:00:52","date_gmt":"2022-11-14T10:00:52","guid":{"rendered":"http:\/\/localhost\/?page_id=17"},"modified":"2024-11-27T15:01:39","modified_gmt":"2024-11-27T13:01:39","slug":"kliinikust","status":"publish","type":"page","link":"https:\/\/www.kliinikum.ee\/radioloogia\/kliinikust\/","title":{"rendered":"Kliinikust"},"content":{"rendered":"\n<p class=\"has-text-align-left\"><\/p>\n\n\n\n<p class=\"has-medium-font-size\">SA Tartu \u00dclikooli Kliinikumi radioloogiakliinik moodustati 2009. aastal, varem kandis see nimetust Maarjam\u00f5isa radioloogiateenistus. <\/p>\n\n\n\n<p class=\"has-medium-font-size\">Radioloogiakliinik koosneb angiograafia-, nukleaarmeditsiini ja radioloogiaosakonnast ning osutab teenust Kliinikumi suures hoones Puusepa 8, Maarjam\u00f5isa tervisekeskuses (ehk polikliinikus) Puusepa 1A, kopsukliinikus Raja tn 167, Kvartali kaubanduskeskuses Riia tn 2 ning L\u00f5unakeskuse kaubanduspargis R\u00e4nirahnu tee 21. Lisaks s\u00f5idab Eestis ringi SAT\u00dcK radioloogiakliiniku mammograafiabuss, kus teostatakse mammograafiat (rinnav\u00e4hi s\u00f5eluuringuid).<\/p>\n\n\n\n<p class=\"has-medium-font-size\">Angiograafiaosakond asub Puusepa 8 F-korpuse teise korrusel, nukleaarmeditsiini osakond F-korpuse esimesel korrusel ja radioloogiaosakond G1.R korpuse esimesel korrusel. <\/p>\n\n\n\n<p><\/p>\n\n\n\n<p><\/p>\n\n\n\n<div class=\"wp-block-buttons is-layout-flex wp-block-buttons-is-layout-flex\"><\/div>\n","protected":false},"excerpt":{"rendered":"<p>SA Tartu \u00dclikooli Kliinikumi radioloogiakliinik moodustati 2009. aastal, varem kandis see nimetust Maarjam\u00f5isa radioloogiateenistus. Radioloogiakliinik koosneb angiograafia-, nukleaarmeditsiini ja radioloogiaosakonnast ning osutab teenust Kliinikumi suures hoones Puusepa 8, Maarjam\u00f5isa tervisekeskuses (ehk polikliinikus) Puusepa 1A, kopsukliinikus Raja tn 167, Kvartali kaubanduskeskuses Riia tn 2 ning L\u00f5unakeskuse kaubanduspargis R\u00e4nirahnu tee 21. Lisaks s\u00f5idab Eestis ringi SAT\u00dcK radioloogiakliiniku [&hellip;]<\/p>\n","protected":false},"author":31,"featured_media":0,"parent":0,"menu_order":0,"comment_status":"closed","ping_status":"closed","template":"","meta":{"_acf_changed":false,"_uag_custom_page_level_css":"","footnotes":""},"class_list":["post-17","page","type-page","status-publish","hentry"],"acf":[],"yoast_head":"<!-- This site is optimized with the Yoast SEO plugin v27.3 - https:\/\/yoast.com\/product\/yoast-seo-wordpress\/ -->\n<title>Kliinikust - Radioloogiakliinik<\/title>\n<meta name=\"robots\" content=\"index, follow, max-snippet:-1, max-image-preview:large, max-video-preview:-1\" \/>\n<link rel=\"canonical\" href=\"https:\/\/www.kliinikum.ee\/radioloogia\/kliinikust\/\" \/>\n<meta property=\"og:locale\" content=\"et_EE\" \/>\n<meta property=\"og:type\" content=\"article\" \/>\n<meta property=\"og:title\" content=\"Kliinikust - Radioloogiakliinik\" \/>\n<meta property=\"og:description\" content=\"SA Tartu \u00dclikooli Kliinikumi radioloogiakliinik moodustati 2009. aastal, varem kandis see nimetust Maarjam\u00f5isa radioloogiateenistus. Radioloogiakliinik koosneb angiograafia-, nukleaarmeditsiini ja radioloogiaosakonnast ning osutab teenust Kliinikumi suures hoones Puusepa 8, Maarjam\u00f5isa tervisekeskuses (ehk polikliinikus) Puusepa 1A, kopsukliinikus Raja tn 167, Kvartali kaubanduskeskuses Riia tn 2 ning L\u00f5unakeskuse kaubanduspargis R\u00e4nirahnu tee 21. Lisaks s\u00f5idab Eestis ringi SAT\u00dcK radioloogiakliiniku [&hellip;]\" \/>\n<meta property=\"og:url\" content=\"https:\/\/www.kliinikum.ee\/radioloogia\/kliinikust\/\" \/>\n<meta property=\"og:site_name\" content=\"Radioloogiakliinik\" \/>\n<meta property=\"article:modified_time\" content=\"2024-11-27T13:01:39+00:00\" \/>\n<meta name=\"twitter:card\" content=\"summary_large_image\" \/>\n<meta name=\"twitter:label1\" content=\"Est. reading time\" \/>\n\t<meta name=\"twitter:data1\" content=\"1 minut\" \/>\n<script type=\"application\/ld+json\" class=\"yoast-schema-graph\">{\"@context\":\"https:\\\/\\\/schema.org\",\"@graph\":[{\"@type\":\"WebPage\",\"@id\":\"https:\\\/\\\/www.kliinikum.ee\\\/radioloogia\\\/kliinikust\\\/\",\"url\":\"https:\\\/\\\/www.kliinikum.ee\\\/radioloogia\\\/kliinikust\\\/\",\"name\":\"Kliinikust - Radioloogiakliinik\",\"isPartOf\":{\"@id\":\"https:\\\/\\\/www.kliinikum.ee\\\/radioloogia\\\/#website\"},\"datePublished\":\"2022-11-14T10:00:52+00:00\",\"dateModified\":\"2024-11-27T13:01:39+00:00\",\"breadcrumb\":{\"@id\":\"https:\\\/\\\/www.kliinikum.ee\\\/radioloogia\\\/kliinikust\\\/#breadcrumb\"},\"inLanguage\":\"et\",\"potentialAction\":[{\"@type\":\"ReadAction\",\"target\":[\"https:\\\/\\\/www.kliinikum.ee\\\/radioloogia\\\/kliinikust\\\/\"]}]},{\"@type\":\"BreadcrumbList\",\"@id\":\"https:\\\/\\\/www.kliinikum.ee\\\/radioloogia\\\/kliinikust\\\/#breadcrumb\",\"itemListElement\":[{\"@type\":\"ListItem\",\"position\":1,\"name\":\"Home\",\"item\":\"https:\\\/\\\/www.kliinikum.ee\\\/radioloogia\\\/\"},{\"@type\":\"ListItem\",\"position\":2,\"name\":\"Kliinikust\"}]},{\"@type\":\"WebSite\",\"@id\":\"https:\\\/\\\/www.kliinikum.ee\\\/radioloogia\\\/#website\",\"url\":\"https:\\\/\\\/www.kliinikum.ee\\\/radioloogia\\\/\",\"name\":\"Radioloogiakliinik\",\"description\":\"Hoolivus, Uuendusmeelsus, P\u00e4devus ja Usaldusv\u00e4\u00e4rsus\",\"potentialAction\":[{\"@type\":\"SearchAction\",\"target\":{\"@type\":\"EntryPoint\",\"urlTemplate\":\"https:\\\/\\\/www.kliinikum.ee\\\/radioloogia\\\/?s={search_term_string}\"},\"query-input\":{\"@type\":\"PropertyValueSpecification\",\"valueRequired\":true,\"valueName\":\"search_term_string\"}}],\"inLanguage\":\"et\"}]}<\/script>\n<!-- \/ Yoast SEO plugin. -->","yoast_head_json":{"title":"Kliinikust - Radioloogiakliinik","robots":{"index":"index","follow":"follow","max-snippet":"max-snippet:-1","max-image-preview":"max-image-preview:large","max-video-preview":"max-video-preview:-1"},"canonical":"https:\/\/www.kliinikum.ee\/radioloogia\/kliinikust\/","og_locale":"et_EE","og_type":"article","og_title":"Kliinikust - Radioloogiakliinik","og_description":"SA Tartu \u00dclikooli Kliinikumi radioloogiakliinik moodustati 2009. aastal, varem kandis see nimetust Maarjam\u00f5isa radioloogiateenistus. Radioloogiakliinik koosneb angiograafia-, nukleaarmeditsiini ja radioloogiaosakonnast ning osutab teenust Kliinikumi suures hoones Puusepa 8, Maarjam\u00f5isa tervisekeskuses (ehk polikliinikus) Puusepa 1A, kopsukliinikus Raja tn 167, Kvartali kaubanduskeskuses Riia tn 2 ning L\u00f5unakeskuse kaubanduspargis R\u00e4nirahnu tee 21. Lisaks s\u00f5idab Eestis ringi SAT\u00dcK radioloogiakliiniku [&hellip;]","og_url":"https:\/\/www.kliinikum.ee\/radioloogia\/kliinikust\/","og_site_name":"Radioloogiakliinik","article_modified_time":"2024-11-27T13:01:39+00:00","twitter_card":"summary_large_image","twitter_misc":{"Est. reading time":"1 minut"},"schema":{"@context":"https:\/\/schema.org","@graph":[{"@type":"WebPage","@id":"https:\/\/www.kliinikum.ee\/radioloogia\/kliinikust\/","url":"https:\/\/www.kliinikum.ee\/radioloogia\/kliinikust\/","name":"Kliinikust - Radioloogiakliinik","isPartOf":{"@id":"https:\/\/www.kliinikum.ee\/radioloogia\/#website"},"datePublished":"2022-11-14T10:00:52+00:00","dateModified":"2024-11-27T13:01:39+00:00","breadcrumb":{"@id":"https:\/\/www.kliinikum.ee\/radioloogia\/kliinikust\/#breadcrumb"},"inLanguage":"et","potentialAction":[{"@type":"ReadAction","target":["https:\/\/www.kliinikum.ee\/radioloogia\/kliinikust\/"]}]},{"@type":"BreadcrumbList","@id":"https:\/\/www.kliinikum.ee\/radioloogia\/kliinikust\/#breadcrumb","itemListElement":[{"@type":"ListItem","position":1,"name":"Home","item":"https:\/\/www.kliinikum.ee\/radioloogia\/"},{"@type":"ListItem","position":2,"name":"Kliinikust"}]},{"@type":"WebSite","@id":"https:\/\/www.kliinikum.ee\/radioloogia\/#website","url":"https:\/\/www.kliinikum.ee\/radioloogia\/","name":"Radioloogiakliinik","description":"Hoolivus, Uuendusmeelsus, P\u00e4devus ja Usaldusv\u00e4\u00e4rsus","potentialAction":[{"@type":"SearchAction","target":{"@type":"EntryPoint","urlTemplate":"https:\/\/www.kliinikum.ee\/radioloogia\/?s={search_term_string}"},"query-input":{"@type":"PropertyValueSpecification","valueRequired":true,"valueName":"search_term_string"}}],"inLanguage":"et"}]}},"uagb_featured_image_src":{"full":false,"thumbnail":false,"medium":false,"medium_large":false,"large":false,"1536x1536":false,"2048x2048":false},"uagb_author_info":{"display_name":"erkky","author_link":"https:\/\/www.kliinikum.ee\/radioloogia\/author\/erkky\/"},"uagb_comment_info":0,"uagb_excerpt":"SA Tartu \u00dclikooli Kliinikumi radioloogiakliinik moodustati 2009. aastal, varem kandis see nimetust Maarjam\u00f5isa radioloogiateenistus. Radioloogiakliinik koosneb angiograafia-, nukleaarmeditsiini ja radioloogiaosakonnast ning osutab teenust Kliinikumi suures hoones Puusepa 8, Maarjam\u00f5isa tervisekeskuses (ehk polikliinikus) Puusepa 1A, kopsukliinikus Raja tn 167, Kvartali kaubanduskeskuses Riia tn 2 ning L\u00f5unakeskuse kaubanduspargis R\u00e4nirahnu tee 21. Lisaks s\u00f5idab Eestis ringi SAT\u00dcK radioloogiakliiniku&hellip;","_links":{"self":[{"href":"https:\/\/www.kliinikum.ee\/radioloogia\/wp-json\/wp\/v2\/pages\/17","targetHints":{"allow":["GET"]}}],"collection":[{"href":"https:\/\/www.kliinikum.ee\/radioloogia\/wp-json\/wp\/v2\/pages"}],"about":[{"href":"https:\/\/www.kliinikum.ee\/radioloogia\/wp-json\/wp\/v2\/types\/page"}],"author":[{"embeddable":true,"href":"https:\/\/www.kliinikum.ee\/radioloogia\/wp-json\/wp\/v2\/users\/31"}],"replies":[{"embeddable":true,"href":"https:\/\/www.kliinikum.ee\/radioloogia\/wp-json\/wp\/v2\/comments?post=17"}],"version-history":[{"count":0,"href":"https:\/\/www.kliinikum.ee\/radioloogia\/wp-json\/wp\/v2\/pages\/17\/revisions"}],"wp:attachment":[{"href":"https:\/\/www.kliinikum.ee\/radioloogia\/wp-json\/wp\/v2\/media?parent=17"}],"curies":[{"name":"wp","href":"https:\/\/api.w.org\/{rel}","templated":true}]}}