{"id":19,"date":"2022-11-14T10:01:01","date_gmt":"2022-11-14T10:01:01","guid":{"rendered":"http:\/\/localhost\/?page_id=19"},"modified":"2026-03-12T12:05:25","modified_gmt":"2026-03-12T10:05:25","slug":"infomaterjalid","status":"publish","type":"page","link":"https:\/\/www.kliinikum.ee\/radioloogia\/patsiendile\/infomaterjalid\/","title":{"rendered":"Infomaterjalid"},"content":{"rendered":"\n<p class=\"has-medium-font-size\"><a href=\"https:\/\/www.kliinikum.ee\/patsiendiinfo-kategooria\/radioloogilised-uuringud-ja-protseduurid\/\" target=\"_blank\" rel=\"noreferrer noopener\">Patsiendiinfo andmebaas. Radioloogilised uuringud ja protseduurid<\/a><\/p>\n\n\n\n<p class=\"has-medium-font-size\"><a href=\"https:\/\/www.kliinikum.ee\/radioloogia\/wp-content\/uploads\/2024\/03\/Ettevalmistus-laste-ultraheliuuringuks.pdf\" target=\"_blank\" rel=\"noreferrer noopener\">Ettevalmistus laste ultraheliuuringuks<\/a><\/p>\n\n\n\n<p class=\"has-medium-font-size\"><a href=\"https:\/\/www.kliinikum.ee\/radioloogia\/wp-content\/uploads\/2026\/03\/MRT-patsiendi-kusitlusleht-06.03.2026.docx\" target=\"_blank\" rel=\"noreferrer noopener\">MRT k\u00fcsitlusleht eesti keeles<\/a><\/p>\n\n\n\n<p class=\"has-medium-font-size\"><a href=\"https:\/\/www.kliinikum.ee\/radioloogia\/wp-content\/uploads\/2024\/12\/MRT_kysitlusleht_vene_keeles_18.12.24.pdf\" target=\"_blank\" rel=\"noreferrer noopener\">MRT k\u00fcsitlusleht vene keeles<\/a><\/p>\n\n\n\n<p class=\"has-medium-font-size\"><a href=\"https:\/\/www.kliinikum.ee\/radioloogia\/wp-content\/uploads\/2024\/01\/MRI_questionnaire_2024.pdf\" target=\"_blank\" rel=\"noreferrer noopener\">MRT k\u00fcsitlusleht inglise keeles<\/a><\/p>\n\n\n\n<p class=\"has-medium-font-size\"><a href=\"https:\/\/www.kliinikum.ee\/radioloogia\/wp-content\/uploads\/2024\/08\/Sudame-MRT-infoleht-2024.pdf\" target=\"_blank\" rel=\"noreferrer noopener\">S\u00fcdame MRT info- ja k\u00fcsitlusleht<\/a><\/p>\n\n\n\n<p class=\"has-medium-font-size\"><a href=\"https:\/\/www.kliinikum.ee\/radioloogia\/wp-content\/uploads\/2024\/06\/Suda_v.keeles_06.2024.pdf\" target=\"_blank\" rel=\"noreferrer noopener\">S\u00fcdame MRT infoleht vene keeles<\/a><\/p>\n\n\n\n<p><\/p>\n","protected":false},"excerpt":{"rendered":"<p>Patsiendiinfo andmebaas. Radioloogilised uuringud ja protseduurid Ettevalmistus laste ultraheliuuringuks MRT k\u00fcsitlusleht eesti keeles MRT k\u00fcsitlusleht vene keeles MRT k\u00fcsitlusleht inglise keeles S\u00fcdame MRT info- ja k\u00fcsitlusleht S\u00fcdame MRT infoleht vene keeles<\/p>\n","protected":false},"author":31,"featured_media":0,"parent":15,"menu_order":2,"comment_status":"closed","ping_status":"closed","template":"","meta":{"_acf_changed":false,"_uag_custom_page_level_css":"","footnotes":""},"class_list":["post-19","page","type-page","status-publish","hentry"],"acf":[],"yoast_head":"<!-- This site is optimized with the Yoast SEO plugin v27.3 - https:\/\/yoast.com\/product\/yoast-seo-wordpress\/ -->\n<title>Infomaterjalid - Radioloogiakliinik<\/title>\n<meta name=\"robots\" content=\"index, follow, max-snippet:-1, max-image-preview:large, max-video-preview:-1\" \/>\n<link rel=\"canonical\" href=\"https:\/\/www.kliinikum.ee\/radioloogia\/patsiendile\/infomaterjalid\/\" \/>\n<meta property=\"og:locale\" content=\"et_EE\" \/>\n<meta property=\"og:type\" content=\"article\" \/>\n<meta property=\"og:title\" content=\"Infomaterjalid - Radioloogiakliinik\" \/>\n<meta property=\"og:description\" content=\"Patsiendiinfo andmebaas. Radioloogilised uuringud ja protseduurid Ettevalmistus laste ultraheliuuringuks MRT k\u00fcsitlusleht eesti keeles MRT k\u00fcsitlusleht vene keeles MRT k\u00fcsitlusleht inglise keeles S\u00fcdame MRT info- ja k\u00fcsitlusleht S\u00fcdame MRT infoleht vene keeles\" \/>\n<meta property=\"og:url\" content=\"https:\/\/www.kliinikum.ee\/radioloogia\/patsiendile\/infomaterjalid\/\" \/>\n<meta property=\"og:site_name\" content=\"Radioloogiakliinik\" \/>\n<meta property=\"article:modified_time\" content=\"2026-03-12T10:05:25+00:00\" \/>\n<meta name=\"twitter:card\" content=\"summary_large_image\" \/>\n<meta name=\"twitter:label1\" content=\"Est. reading time\" \/>\n\t<meta name=\"twitter:data1\" content=\"1 minut\" \/>\n<script type=\"application\/ld+json\" class=\"yoast-schema-graph\">{\"@context\":\"https:\\\/\\\/schema.org\",\"@graph\":[{\"@type\":\"WebPage\",\"@id\":\"https:\\\/\\\/www.kliinikum.ee\\\/radioloogia\\\/patsiendile\\\/infomaterjalid\\\/\",\"url\":\"https:\\\/\\\/www.kliinikum.ee\\\/radioloogia\\\/patsiendile\\\/infomaterjalid\\\/\",\"name\":\"Infomaterjalid - Radioloogiakliinik\",\"isPartOf\":{\"@id\":\"https:\\\/\\\/www.kliinikum.ee\\\/radioloogia\\\/#website\"},\"datePublished\":\"2022-11-14T10:01:01+00:00\",\"dateModified\":\"2026-03-12T10:05:25+00:00\",\"breadcrumb\":{\"@id\":\"https:\\\/\\\/www.kliinikum.ee\\\/radioloogia\\\/patsiendile\\\/infomaterjalid\\\/#breadcrumb\"},\"inLanguage\":\"et\",\"potentialAction\":[{\"@type\":\"ReadAction\",\"target\":[\"https:\\\/\\\/www.kliinikum.ee\\\/radioloogia\\\/patsiendile\\\/infomaterjalid\\\/\"]}]},{\"@type\":\"BreadcrumbList\",\"@id\":\"https:\\\/\\\/www.kliinikum.ee\\\/radioloogia\\\/patsiendile\\\/infomaterjalid\\\/#breadcrumb\",\"itemListElement\":[{\"@type\":\"ListItem\",\"position\":1,\"name\":\"Home\",\"item\":\"https:\\\/\\\/www.kliinikum.ee\\\/radioloogia\\\/\"},{\"@type\":\"ListItem\",\"position\":2,\"name\":\"Patsiendile\",\"item\":\"https:\\\/\\\/www.kliinikum.ee\\\/radioloogia\\\/patsiendile\\\/\"},{\"@type\":\"ListItem\",\"position\":3,\"name\":\"Infomaterjalid\"}]},{\"@type\":\"WebSite\",\"@id\":\"https:\\\/\\\/www.kliinikum.ee\\\/radioloogia\\\/#website\",\"url\":\"https:\\\/\\\/www.kliinikum.ee\\\/radioloogia\\\/\",\"name\":\"Radioloogiakliinik\",\"description\":\"Hoolivus, Uuendusmeelsus, P\u00e4devus ja Usaldusv\u00e4\u00e4rsus\",\"potentialAction\":[{\"@type\":\"SearchAction\",\"target\":{\"@type\":\"EntryPoint\",\"urlTemplate\":\"https:\\\/\\\/www.kliinikum.ee\\\/radioloogia\\\/?s={search_term_string}\"},\"query-input\":{\"@type\":\"PropertyValueSpecification\",\"valueRequired\":true,\"valueName\":\"search_term_string\"}}],\"inLanguage\":\"et\"}]}<\/script>\n<!-- \/ Yoast SEO plugin. -->","yoast_head_json":{"title":"Infomaterjalid - Radioloogiakliinik","robots":{"index":"index","follow":"follow","max-snippet":"max-snippet:-1","max-image-preview":"max-image-preview:large","max-video-preview":"max-video-preview:-1"},"canonical":"https:\/\/www.kliinikum.ee\/radioloogia\/patsiendile\/infomaterjalid\/","og_locale":"et_EE","og_type":"article","og_title":"Infomaterjalid - Radioloogiakliinik","og_description":"Patsiendiinfo andmebaas. Radioloogilised uuringud ja protseduurid Ettevalmistus laste ultraheliuuringuks MRT k\u00fcsitlusleht eesti keeles MRT k\u00fcsitlusleht vene keeles MRT k\u00fcsitlusleht inglise keeles S\u00fcdame MRT info- ja k\u00fcsitlusleht S\u00fcdame MRT infoleht vene keeles","og_url":"https:\/\/www.kliinikum.ee\/radioloogia\/patsiendile\/infomaterjalid\/","og_site_name":"Radioloogiakliinik","article_modified_time":"2026-03-12T10:05:25+00:00","twitter_card":"summary_large_image","twitter_misc":{"Est. reading time":"1 minut"},"schema":{"@context":"https:\/\/schema.org","@graph":[{"@type":"WebPage","@id":"https:\/\/www.kliinikum.ee\/radioloogia\/patsiendile\/infomaterjalid\/","url":"https:\/\/www.kliinikum.ee\/radioloogia\/patsiendile\/infomaterjalid\/","name":"Infomaterjalid - Radioloogiakliinik","isPartOf":{"@id":"https:\/\/www.kliinikum.ee\/radioloogia\/#website"},"datePublished":"2022-11-14T10:01:01+00:00","dateModified":"2026-03-12T10:05:25+00:00","breadcrumb":{"@id":"https:\/\/www.kliinikum.ee\/radioloogia\/patsiendile\/infomaterjalid\/#breadcrumb"},"inLanguage":"et","potentialAction":[{"@type":"ReadAction","target":["https:\/\/www.kliinikum.ee\/radioloogia\/patsiendile\/infomaterjalid\/"]}]},{"@type":"BreadcrumbList","@id":"https:\/\/www.kliinikum.ee\/radioloogia\/patsiendile\/infomaterjalid\/#breadcrumb","itemListElement":[{"@type":"ListItem","position":1,"name":"Home","item":"https:\/\/www.kliinikum.ee\/radioloogia\/"},{"@type":"ListItem","position":2,"name":"Patsiendile","item":"https:\/\/www.kliinikum.ee\/radioloogia\/patsiendile\/"},{"@type":"ListItem","position":3,"name":"Infomaterjalid"}]},{"@type":"WebSite","@id":"https:\/\/www.kliinikum.ee\/radioloogia\/#website","url":"https:\/\/www.kliinikum.ee\/radioloogia\/","name":"Radioloogiakliinik","description":"Hoolivus, Uuendusmeelsus, P\u00e4devus ja Usaldusv\u00e4\u00e4rsus","potentialAction":[{"@type":"SearchAction","target":{"@type":"EntryPoint","urlTemplate":"https:\/\/www.kliinikum.ee\/radioloogia\/?s={search_term_string}"},"query-input":{"@type":"PropertyValueSpecification","valueRequired":true,"valueName":"search_term_string"}}],"inLanguage":"et"}]}},"uagb_featured_image_src":{"full":false,"thumbnail":false,"medium":false,"medium_large":false,"large":false,"1536x1536":false,"2048x2048":false},"uagb_author_info":{"display_name":"erkky","author_link":"https:\/\/www.kliinikum.ee\/radioloogia\/author\/erkky\/"},"uagb_comment_info":0,"uagb_excerpt":"Patsiendiinfo andmebaas. Radioloogilised uuringud ja protseduurid Ettevalmistus laste ultraheliuuringuks MRT k\u00fcsitlusleht eesti keeles MRT k\u00fcsitlusleht vene keeles MRT k\u00fcsitlusleht inglise keeles S\u00fcdame MRT info- ja k\u00fcsitlusleht S\u00fcdame MRT infoleht vene keeles","_links":{"self":[{"href":"https:\/\/www.kliinikum.ee\/radioloogia\/wp-json\/wp\/v2\/pages\/19","targetHints":{"allow":["GET"]}}],"collection":[{"href":"https:\/\/www.kliinikum.ee\/radioloogia\/wp-json\/wp\/v2\/pages"}],"about":[{"href":"https:\/\/www.kliinikum.ee\/radioloogia\/wp-json\/wp\/v2\/types\/page"}],"author":[{"embeddable":true,"href":"https:\/\/www.kliinikum.ee\/radioloogia\/wp-json\/wp\/v2\/users\/31"}],"replies":[{"embeddable":true,"href":"https:\/\/www.kliinikum.ee\/radioloogia\/wp-json\/wp\/v2\/comments?post=19"}],"version-history":[{"count":0,"href":"https:\/\/www.kliinikum.ee\/radioloogia\/wp-json\/wp\/v2\/pages\/19\/revisions"}],"up":[{"embeddable":true,"href":"https:\/\/www.kliinikum.ee\/radioloogia\/wp-json\/wp\/v2\/pages\/15"}],"wp:attachment":[{"href":"https:\/\/www.kliinikum.ee\/radioloogia\/wp-json\/wp\/v2\/media?parent=19"}],"curies":[{"name":"wp","href":"https:\/\/api.w.org\/{rel}","templated":true}]}}