{"id":5845,"date":"2023-04-24T13:51:52","date_gmt":"2023-04-24T11:51:52","guid":{"rendered":"https:\/\/www.kliinikum.ee\/radioloogia\/?page_id=5845"},"modified":"2024-11-27T15:05:03","modified_gmt":"2024-11-27T13:05:03","slug":"vastuvotule-registreerimine","status":"publish","type":"page","link":"https:\/\/www.kliinikum.ee\/radioloogia\/patsiendile\/vastuvotule-registreerimine\/","title":{"rendered":"Uuringule registreerimine"},"content":{"rendered":"\n<div class=\"wp-block-uagb-advanced-heading uagb-block-11acea4f\"><h3 class=\"uagb-heading-text\">L. Puusepa 8 Maarjam\u00f5isa radioloogia osakond<\/h3><\/div>\n\n\n\n<p class=\"has-medium-font-size\">Maarjam\u00f5isa osakond: info, uuringule registreerimine ja uuringu aja t\u00fchistamine E-R 8.00-16.00 tel <strong>731 8377<\/strong>.<\/p>\n\n\n\n<div class=\"wp-block-uagb-advanced-heading uagb-block-e5901e5a\"><h3 class=\"uagb-heading-text\">Mammograafia<\/h3><\/div>\n\n\n\n<p class=\"has-medium-font-size\">Mammograafia info ja registreerimine E-R 8.00-16.00 tel <strong>731 9411<\/strong>. Mammograafiat tehakse L. Puusepa 8, Kvartali ostukeskuses (Riia tn 2), L\u00f5unakeskuse kaubanduspargis (R\u00e4nirahnu tee 21) ning mammobussis; uuringule tulles palun j\u00e4lgige, kuhu Teile aeg on broneeritud.<\/p>\n\n\n\n<div class=\"wp-block-uagb-advanced-heading uagb-block-b7f0638a\"><h3 class=\"uagb-heading-text\">Ultraheliuuringud <\/h3><\/div>\n\n\n\n<p class=\"has-medium-font-size\">Ultraheliuuringule registreerimiseks polikliinikus, naistekliinikus ja lastekliinikus on Kliinikumi \u00fcldine registreerimisnumber <strong>731 9100<\/strong>. Infot lastekliinikus tehtud ultraheliuuringu kohta saate telefonil 731 9523 ja r\u00f6ntgenuuringu kohta telefonil 731 9514. Infot naistekliinikus tehtud ultraheliuuringu kohta saate telefonil 731 9970. Maarjam\u00f5isa polikliiniku r\u00f6ntgenuuringu kabineti number on 731 9116.<\/p>\n\n\n\n<div class=\"wp-block-uagb-advanced-heading uagb-block-6b9a9cd7\"><h3 class=\"uagb-heading-text\">Nukleaarmeditsiini osakonna uuringud<\/h3><\/div>\n\n\n\n<p class=\"has-medium-font-size\">Nukleaarmeditsiini osakonna uuringute ja info tel on 731 8470, PET-uuringute info ja registreerimine toimub numbril 731 8472.<\/p>\n","protected":false},"excerpt":{"rendered":"<p>L. Puusepa 8 Maarjam\u00f5isa radioloogia osakond Maarjam\u00f5isa osakond: info, uuringule registreerimine ja uuringu aja t\u00fchistamine E-R 8.00-16.00 tel 731 8377. Mammograafia Mammograafia info ja registreerimine E-R 8.00-16.00 tel 731 9411. Mammograafiat tehakse L. Puusepa 8, Kvartali ostukeskuses (Riia tn 2), L\u00f5unakeskuse kaubanduspargis (R\u00e4nirahnu tee 21) ning mammobussis; uuringule tulles palun j\u00e4lgige, kuhu Teile aeg on [&hellip;]<\/p>\n","protected":false},"author":32,"featured_media":0,"parent":15,"menu_order":1,"comment_status":"closed","ping_status":"closed","template":"","meta":{"_acf_changed":false,"_uag_custom_page_level_css":"","footnotes":""},"class_list":["post-5845","page","type-page","status-publish","hentry"],"acf":[],"yoast_head":"<!-- This site is optimized with the Yoast SEO plugin v27.5 - https:\/\/yoast.com\/product\/yoast-seo-wordpress\/ -->\n<title>Uuringule registreerimine - Radioloogiakliinik<\/title>\n<meta name=\"robots\" content=\"index, follow, max-snippet:-1, max-image-preview:large, max-video-preview:-1\" \/>\n<link rel=\"canonical\" href=\"https:\/\/www.kliinikum.ee\/radioloogia\/patsiendile\/vastuvotule-registreerimine\/\" \/>\n<meta property=\"og:locale\" content=\"et_EE\" \/>\n<meta property=\"og:type\" content=\"article\" \/>\n<meta property=\"og:title\" content=\"Uuringule registreerimine - Radioloogiakliinik\" \/>\n<meta property=\"og:description\" content=\"L. Puusepa 8 Maarjam\u00f5isa radioloogia osakond Maarjam\u00f5isa osakond: info, uuringule registreerimine ja uuringu aja t\u00fchistamine E-R 8.00-16.00 tel 731 8377. Mammograafia Mammograafia info ja registreerimine E-R 8.00-16.00 tel 731 9411. Mammograafiat tehakse L. Puusepa 8, Kvartali ostukeskuses (Riia tn 2), L\u00f5unakeskuse kaubanduspargis (R\u00e4nirahnu tee 21) ning mammobussis; uuringule tulles palun j\u00e4lgige, kuhu Teile aeg on [&hellip;]\" \/>\n<meta property=\"og:url\" content=\"https:\/\/www.kliinikum.ee\/radioloogia\/patsiendile\/vastuvotule-registreerimine\/\" \/>\n<meta property=\"og:site_name\" content=\"Radioloogiakliinik\" \/>\n<meta property=\"article:modified_time\" content=\"2024-11-27T13:05:03+00:00\" \/>\n<meta name=\"twitter:card\" content=\"summary_large_image\" \/>\n<meta name=\"twitter:label1\" content=\"Est. reading time\" \/>\n\t<meta name=\"twitter:data1\" content=\"1 minut\" \/>\n<script type=\"application\/ld+json\" class=\"yoast-schema-graph\">{\"@context\":\"https:\\\/\\\/schema.org\",\"@graph\":[{\"@type\":\"WebPage\",\"@id\":\"https:\\\/\\\/www.kliinikum.ee\\\/radioloogia\\\/patsiendile\\\/vastuvotule-registreerimine\\\/\",\"url\":\"https:\\\/\\\/www.kliinikum.ee\\\/radioloogia\\\/patsiendile\\\/vastuvotule-registreerimine\\\/\",\"name\":\"Uuringule registreerimine - Radioloogiakliinik\",\"isPartOf\":{\"@id\":\"https:\\\/\\\/www.kliinikum.ee\\\/radioloogia\\\/#website\"},\"datePublished\":\"2023-04-24T11:51:52+00:00\",\"dateModified\":\"2024-11-27T13:05:03+00:00\",\"breadcrumb\":{\"@id\":\"https:\\\/\\\/www.kliinikum.ee\\\/radioloogia\\\/patsiendile\\\/vastuvotule-registreerimine\\\/#breadcrumb\"},\"inLanguage\":\"et\",\"potentialAction\":[{\"@type\":\"ReadAction\",\"target\":[\"https:\\\/\\\/www.kliinikum.ee\\\/radioloogia\\\/patsiendile\\\/vastuvotule-registreerimine\\\/\"]}]},{\"@type\":\"BreadcrumbList\",\"@id\":\"https:\\\/\\\/www.kliinikum.ee\\\/radioloogia\\\/patsiendile\\\/vastuvotule-registreerimine\\\/#breadcrumb\",\"itemListElement\":[{\"@type\":\"ListItem\",\"position\":1,\"name\":\"Home\",\"item\":\"https:\\\/\\\/www.kliinikum.ee\\\/radioloogia\\\/\"},{\"@type\":\"ListItem\",\"position\":2,\"name\":\"Patsiendile\",\"item\":\"https:\\\/\\\/www.kliinikum.ee\\\/radioloogia\\\/patsiendile\\\/\"},{\"@type\":\"ListItem\",\"position\":3,\"name\":\"Uuringule registreerimine\"}]},{\"@type\":\"WebSite\",\"@id\":\"https:\\\/\\\/www.kliinikum.ee\\\/radioloogia\\\/#website\",\"url\":\"https:\\\/\\\/www.kliinikum.ee\\\/radioloogia\\\/\",\"name\":\"Radioloogiakliinik\",\"description\":\"Hoolivus, Uuendusmeelsus, P\u00e4devus ja Usaldusv\u00e4\u00e4rsus\",\"potentialAction\":[{\"@type\":\"SearchAction\",\"target\":{\"@type\":\"EntryPoint\",\"urlTemplate\":\"https:\\\/\\\/www.kliinikum.ee\\\/radioloogia\\\/?s={search_term_string}\"},\"query-input\":{\"@type\":\"PropertyValueSpecification\",\"valueRequired\":true,\"valueName\":\"search_term_string\"}}],\"inLanguage\":\"et\"}]}<\/script>\n<!-- \/ Yoast SEO plugin. -->","yoast_head_json":{"title":"Uuringule registreerimine - Radioloogiakliinik","robots":{"index":"index","follow":"follow","max-snippet":"max-snippet:-1","max-image-preview":"max-image-preview:large","max-video-preview":"max-video-preview:-1"},"canonical":"https:\/\/www.kliinikum.ee\/radioloogia\/patsiendile\/vastuvotule-registreerimine\/","og_locale":"et_EE","og_type":"article","og_title":"Uuringule registreerimine - Radioloogiakliinik","og_description":"L. Puusepa 8 Maarjam\u00f5isa radioloogia osakond Maarjam\u00f5isa osakond: info, uuringule registreerimine ja uuringu aja t\u00fchistamine E-R 8.00-16.00 tel 731 8377. Mammograafia Mammograafia info ja registreerimine E-R 8.00-16.00 tel 731 9411. Mammograafiat tehakse L. Puusepa 8, Kvartali ostukeskuses (Riia tn 2), L\u00f5unakeskuse kaubanduspargis (R\u00e4nirahnu tee 21) ning mammobussis; uuringule tulles palun j\u00e4lgige, kuhu Teile aeg on [&hellip;]","og_url":"https:\/\/www.kliinikum.ee\/radioloogia\/patsiendile\/vastuvotule-registreerimine\/","og_site_name":"Radioloogiakliinik","article_modified_time":"2024-11-27T13:05:03+00:00","twitter_card":"summary_large_image","twitter_misc":{"Est. reading time":"1 minut"},"schema":{"@context":"https:\/\/schema.org","@graph":[{"@type":"WebPage","@id":"https:\/\/www.kliinikum.ee\/radioloogia\/patsiendile\/vastuvotule-registreerimine\/","url":"https:\/\/www.kliinikum.ee\/radioloogia\/patsiendile\/vastuvotule-registreerimine\/","name":"Uuringule registreerimine - Radioloogiakliinik","isPartOf":{"@id":"https:\/\/www.kliinikum.ee\/radioloogia\/#website"},"datePublished":"2023-04-24T11:51:52+00:00","dateModified":"2024-11-27T13:05:03+00:00","breadcrumb":{"@id":"https:\/\/www.kliinikum.ee\/radioloogia\/patsiendile\/vastuvotule-registreerimine\/#breadcrumb"},"inLanguage":"et","potentialAction":[{"@type":"ReadAction","target":["https:\/\/www.kliinikum.ee\/radioloogia\/patsiendile\/vastuvotule-registreerimine\/"]}]},{"@type":"BreadcrumbList","@id":"https:\/\/www.kliinikum.ee\/radioloogia\/patsiendile\/vastuvotule-registreerimine\/#breadcrumb","itemListElement":[{"@type":"ListItem","position":1,"name":"Home","item":"https:\/\/www.kliinikum.ee\/radioloogia\/"},{"@type":"ListItem","position":2,"name":"Patsiendile","item":"https:\/\/www.kliinikum.ee\/radioloogia\/patsiendile\/"},{"@type":"ListItem","position":3,"name":"Uuringule registreerimine"}]},{"@type":"WebSite","@id":"https:\/\/www.kliinikum.ee\/radioloogia\/#website","url":"https:\/\/www.kliinikum.ee\/radioloogia\/","name":"Radioloogiakliinik","description":"Hoolivus, Uuendusmeelsus, P\u00e4devus ja Usaldusv\u00e4\u00e4rsus","potentialAction":[{"@type":"SearchAction","target":{"@type":"EntryPoint","urlTemplate":"https:\/\/www.kliinikum.ee\/radioloogia\/?s={search_term_string}"},"query-input":{"@type":"PropertyValueSpecification","valueRequired":true,"valueName":"search_term_string"}}],"inLanguage":"et"}]}},"uagb_featured_image_src":{"full":false,"thumbnail":false,"medium":false,"medium_large":false,"large":false,"1536x1536":false,"2048x2048":false},"uagb_author_info":{"display_name":"Jane Freimann","author_link":"https:\/\/www.kliinikum.ee\/radioloogia\/author\/janef\/"},"uagb_comment_info":0,"uagb_excerpt":"L. Puusepa 8 Maarjam\u00f5isa radioloogia osakond Maarjam\u00f5isa osakond: info, uuringule registreerimine ja uuringu aja t\u00fchistamine E-R 8.00-16.00 tel 731 8377. Mammograafia Mammograafia info ja registreerimine E-R 8.00-16.00 tel 731 9411. Mammograafiat tehakse L. Puusepa 8, Kvartali ostukeskuses (Riia tn 2), L\u00f5unakeskuse kaubanduspargis (R\u00e4nirahnu tee 21) ning mammobussis; uuringule tulles palun j\u00e4lgige, kuhu Teile aeg on&hellip;","_links":{"self":[{"href":"https:\/\/www.kliinikum.ee\/radioloogia\/wp-json\/wp\/v2\/pages\/5845","targetHints":{"allow":["GET"]}}],"collection":[{"href":"https:\/\/www.kliinikum.ee\/radioloogia\/wp-json\/wp\/v2\/pages"}],"about":[{"href":"https:\/\/www.kliinikum.ee\/radioloogia\/wp-json\/wp\/v2\/types\/page"}],"author":[{"embeddable":true,"href":"https:\/\/www.kliinikum.ee\/radioloogia\/wp-json\/wp\/v2\/users\/32"}],"replies":[{"embeddable":true,"href":"https:\/\/www.kliinikum.ee\/radioloogia\/wp-json\/wp\/v2\/comments?post=5845"}],"version-history":[{"count":0,"href":"https:\/\/www.kliinikum.ee\/radioloogia\/wp-json\/wp\/v2\/pages\/5845\/revisions"}],"up":[{"embeddable":true,"href":"https:\/\/www.kliinikum.ee\/radioloogia\/wp-json\/wp\/v2\/pages\/15"}],"wp:attachment":[{"href":"https:\/\/www.kliinikum.ee\/radioloogia\/wp-json\/wp\/v2\/media?parent=5845"}],"curies":[{"name":"wp","href":"https:\/\/api.w.org\/{rel}","templated":true}]}}