{"id":5861,"date":"2023-04-24T14:08:23","date_gmt":"2023-04-24T12:08:23","guid":{"rendered":"https:\/\/www.kliinikum.ee\/radioloogia\/?page_id=5861"},"modified":"2023-11-27T15:05:38","modified_gmt":"2023-11-27T13:05:38","slug":"radioloogiaosakond","status":"publish","type":"page","link":"https:\/\/www.kliinikum.ee\/radioloogia\/kliinikust\/radioloogiaosakond\/","title":{"rendered":"Radioloogiaosakond"},"content":{"rendered":"\n<p class=\"has-medium-font-size\">Radioloogiaosakond asub Puusepa 8 G1.R korpuse esimesel korrusel.<\/p>\n\n\n\n<p class=\"has-medium-font-size\">R\u00f6ntgen-, ultraheli-, KT- v\u00f5i MRT-uuringule tulles p\u00f6\u00f6rduge k\u00f5igepealt radioloogia registratuuri, sealt juhatatakse Teid \u00f5ige kabineti juurde.<\/p>\n","protected":false},"excerpt":{"rendered":"<p>Radioloogiaosakond asub Puusepa 8 G1.R korpuse esimesel korrusel. R\u00f6ntgen-, ultraheli-, KT- v\u00f5i MRT-uuringule tulles p\u00f6\u00f6rduge k\u00f5igepealt radioloogia registratuuri, sealt juhatatakse Teid \u00f5ige kabineti juurde.<\/p>\n","protected":false},"author":32,"featured_media":0,"parent":17,"menu_order":4,"comment_status":"closed","ping_status":"closed","template":"","meta":{"_acf_changed":false,"_uag_custom_page_level_css":"","footnotes":""},"class_list":["post-5861","page","type-page","status-publish","hentry"],"acf":[],"yoast_head":"<!-- This site is optimized with the Yoast SEO plugin v27.5 - https:\/\/yoast.com\/product\/yoast-seo-wordpress\/ -->\n<title>Radioloogiaosakond - Radioloogiakliinik<\/title>\n<meta name=\"robots\" content=\"index, follow, max-snippet:-1, max-image-preview:large, max-video-preview:-1\" \/>\n<link rel=\"canonical\" href=\"https:\/\/www.kliinikum.ee\/radioloogia\/kliinikust\/radioloogiaosakond\/\" \/>\n<meta property=\"og:locale\" content=\"et_EE\" \/>\n<meta property=\"og:type\" content=\"article\" \/>\n<meta property=\"og:title\" content=\"Radioloogiaosakond - Radioloogiakliinik\" \/>\n<meta property=\"og:description\" content=\"Radioloogiaosakond asub Puusepa 8 G1.R korpuse esimesel korrusel. R\u00f6ntgen-, ultraheli-, KT- v\u00f5i MRT-uuringule tulles p\u00f6\u00f6rduge k\u00f5igepealt radioloogia registratuuri, sealt juhatatakse Teid \u00f5ige kabineti juurde.\" \/>\n<meta property=\"og:url\" content=\"https:\/\/www.kliinikum.ee\/radioloogia\/kliinikust\/radioloogiaosakond\/\" \/>\n<meta property=\"og:site_name\" content=\"Radioloogiakliinik\" \/>\n<meta property=\"article:modified_time\" content=\"2023-11-27T13:05:38+00:00\" \/>\n<meta name=\"twitter:card\" content=\"summary_large_image\" \/>\n<meta name=\"twitter:label1\" content=\"Est. reading time\" \/>\n\t<meta name=\"twitter:data1\" content=\"1 minut\" \/>\n<script type=\"application\/ld+json\" class=\"yoast-schema-graph\">{\"@context\":\"https:\\\/\\\/schema.org\",\"@graph\":[{\"@type\":\"WebPage\",\"@id\":\"https:\\\/\\\/www.kliinikum.ee\\\/radioloogia\\\/kliinikust\\\/radioloogiaosakond\\\/\",\"url\":\"https:\\\/\\\/www.kliinikum.ee\\\/radioloogia\\\/kliinikust\\\/radioloogiaosakond\\\/\",\"name\":\"Radioloogiaosakond - Radioloogiakliinik\",\"isPartOf\":{\"@id\":\"https:\\\/\\\/www.kliinikum.ee\\\/radioloogia\\\/#website\"},\"datePublished\":\"2023-04-24T12:08:23+00:00\",\"dateModified\":\"2023-11-27T13:05:38+00:00\",\"breadcrumb\":{\"@id\":\"https:\\\/\\\/www.kliinikum.ee\\\/radioloogia\\\/kliinikust\\\/radioloogiaosakond\\\/#breadcrumb\"},\"inLanguage\":\"et\",\"potentialAction\":[{\"@type\":\"ReadAction\",\"target\":[\"https:\\\/\\\/www.kliinikum.ee\\\/radioloogia\\\/kliinikust\\\/radioloogiaosakond\\\/\"]}]},{\"@type\":\"BreadcrumbList\",\"@id\":\"https:\\\/\\\/www.kliinikum.ee\\\/radioloogia\\\/kliinikust\\\/radioloogiaosakond\\\/#breadcrumb\",\"itemListElement\":[{\"@type\":\"ListItem\",\"position\":1,\"name\":\"Home\",\"item\":\"https:\\\/\\\/www.kliinikum.ee\\\/radioloogia\\\/\"},{\"@type\":\"ListItem\",\"position\":2,\"name\":\"Kliinikust\",\"item\":\"https:\\\/\\\/www.kliinikum.ee\\\/radioloogia\\\/kliinikust\\\/\"},{\"@type\":\"ListItem\",\"position\":3,\"name\":\"Radioloogiaosakond\"}]},{\"@type\":\"WebSite\",\"@id\":\"https:\\\/\\\/www.kliinikum.ee\\\/radioloogia\\\/#website\",\"url\":\"https:\\\/\\\/www.kliinikum.ee\\\/radioloogia\\\/\",\"name\":\"Radioloogiakliinik\",\"description\":\"Hoolivus, Uuendusmeelsus, P\u00e4devus ja Usaldusv\u00e4\u00e4rsus\",\"potentialAction\":[{\"@type\":\"SearchAction\",\"target\":{\"@type\":\"EntryPoint\",\"urlTemplate\":\"https:\\\/\\\/www.kliinikum.ee\\\/radioloogia\\\/?s={search_term_string}\"},\"query-input\":{\"@type\":\"PropertyValueSpecification\",\"valueRequired\":true,\"valueName\":\"search_term_string\"}}],\"inLanguage\":\"et\"}]}<\/script>\n<!-- \/ Yoast SEO plugin. -->","yoast_head_json":{"title":"Radioloogiaosakond - Radioloogiakliinik","robots":{"index":"index","follow":"follow","max-snippet":"max-snippet:-1","max-image-preview":"max-image-preview:large","max-video-preview":"max-video-preview:-1"},"canonical":"https:\/\/www.kliinikum.ee\/radioloogia\/kliinikust\/radioloogiaosakond\/","og_locale":"et_EE","og_type":"article","og_title":"Radioloogiaosakond - Radioloogiakliinik","og_description":"Radioloogiaosakond asub Puusepa 8 G1.R korpuse esimesel korrusel. R\u00f6ntgen-, ultraheli-, KT- v\u00f5i MRT-uuringule tulles p\u00f6\u00f6rduge k\u00f5igepealt radioloogia registratuuri, sealt juhatatakse Teid \u00f5ige kabineti juurde.","og_url":"https:\/\/www.kliinikum.ee\/radioloogia\/kliinikust\/radioloogiaosakond\/","og_site_name":"Radioloogiakliinik","article_modified_time":"2023-11-27T13:05:38+00:00","twitter_card":"summary_large_image","twitter_misc":{"Est. reading time":"1 minut"},"schema":{"@context":"https:\/\/schema.org","@graph":[{"@type":"WebPage","@id":"https:\/\/www.kliinikum.ee\/radioloogia\/kliinikust\/radioloogiaosakond\/","url":"https:\/\/www.kliinikum.ee\/radioloogia\/kliinikust\/radioloogiaosakond\/","name":"Radioloogiaosakond - Radioloogiakliinik","isPartOf":{"@id":"https:\/\/www.kliinikum.ee\/radioloogia\/#website"},"datePublished":"2023-04-24T12:08:23+00:00","dateModified":"2023-11-27T13:05:38+00:00","breadcrumb":{"@id":"https:\/\/www.kliinikum.ee\/radioloogia\/kliinikust\/radioloogiaosakond\/#breadcrumb"},"inLanguage":"et","potentialAction":[{"@type":"ReadAction","target":["https:\/\/www.kliinikum.ee\/radioloogia\/kliinikust\/radioloogiaosakond\/"]}]},{"@type":"BreadcrumbList","@id":"https:\/\/www.kliinikum.ee\/radioloogia\/kliinikust\/radioloogiaosakond\/#breadcrumb","itemListElement":[{"@type":"ListItem","position":1,"name":"Home","item":"https:\/\/www.kliinikum.ee\/radioloogia\/"},{"@type":"ListItem","position":2,"name":"Kliinikust","item":"https:\/\/www.kliinikum.ee\/radioloogia\/kliinikust\/"},{"@type":"ListItem","position":3,"name":"Radioloogiaosakond"}]},{"@type":"WebSite","@id":"https:\/\/www.kliinikum.ee\/radioloogia\/#website","url":"https:\/\/www.kliinikum.ee\/radioloogia\/","name":"Radioloogiakliinik","description":"Hoolivus, Uuendusmeelsus, P\u00e4devus ja Usaldusv\u00e4\u00e4rsus","potentialAction":[{"@type":"SearchAction","target":{"@type":"EntryPoint","urlTemplate":"https:\/\/www.kliinikum.ee\/radioloogia\/?s={search_term_string}"},"query-input":{"@type":"PropertyValueSpecification","valueRequired":true,"valueName":"search_term_string"}}],"inLanguage":"et"}]}},"uagb_featured_image_src":{"full":false,"thumbnail":false,"medium":false,"medium_large":false,"large":false,"1536x1536":false,"2048x2048":false},"uagb_author_info":{"display_name":"Jane Freimann","author_link":"https:\/\/www.kliinikum.ee\/radioloogia\/author\/janef\/"},"uagb_comment_info":0,"uagb_excerpt":"Radioloogiaosakond asub Puusepa 8 G1.R korpuse esimesel korrusel. R\u00f6ntgen-, ultraheli-, KT- v\u00f5i MRT-uuringule tulles p\u00f6\u00f6rduge k\u00f5igepealt radioloogia registratuuri, sealt juhatatakse Teid \u00f5ige kabineti juurde.","_links":{"self":[{"href":"https:\/\/www.kliinikum.ee\/radioloogia\/wp-json\/wp\/v2\/pages\/5861","targetHints":{"allow":["GET"]}}],"collection":[{"href":"https:\/\/www.kliinikum.ee\/radioloogia\/wp-json\/wp\/v2\/pages"}],"about":[{"href":"https:\/\/www.kliinikum.ee\/radioloogia\/wp-json\/wp\/v2\/types\/page"}],"author":[{"embeddable":true,"href":"https:\/\/www.kliinikum.ee\/radioloogia\/wp-json\/wp\/v2\/users\/32"}],"replies":[{"embeddable":true,"href":"https:\/\/www.kliinikum.ee\/radioloogia\/wp-json\/wp\/v2\/comments?post=5861"}],"version-history":[{"count":0,"href":"https:\/\/www.kliinikum.ee\/radioloogia\/wp-json\/wp\/v2\/pages\/5861\/revisions"}],"up":[{"embeddable":true,"href":"https:\/\/www.kliinikum.ee\/radioloogia\/wp-json\/wp\/v2\/pages\/17"}],"wp:attachment":[{"href":"https:\/\/www.kliinikum.ee\/radioloogia\/wp-json\/wp\/v2\/media?parent=5861"}],"curies":[{"name":"wp","href":"https:\/\/api.w.org\/{rel}","templated":true}]}}