{"id":5863,"date":"2023-04-24T14:10:34","date_gmt":"2023-04-24T12:10:34","guid":{"rendered":"https:\/\/www.kliinikum.ee\/radioloogia\/?page_id=5863"},"modified":"2024-02-14T10:41:10","modified_gmt":"2024-02-14T08:41:10","slug":"oppetoo","status":"publish","type":"page","link":"https:\/\/www.kliinikum.ee\/radioloogia\/oppetoo\/","title":{"rendered":"\u00d5ppet\u00f6\u00f6"},"content":{"rendered":"\n<p class=\"has-medium-font-size\">Radioloogiast huvitatud arstiteaduskonna \u00fcli\u00f5pilased, radioloogia residentuuri kaaluvad ning doktori\u00f5ppest huvitatud leiavad l\u00e4hema info sellekohaste v\u00f5imaluste kohta Tartu \u00fclikooli kliinilise meditsiini instituudi kodulehelt, lingid all.<\/p>\n\n\n\n<p class=\"has-medium-font-size\">G\u00fcmnaasiumi l\u00f5petamise j\u00e4rel on Tartu Tervishoiu k\u00f5rgkoolis v\u00f5imalik \u00f5ppida radioloogiatehnikuks, l\u00e4hemalt selle kohta Tartu Tervishoiu k\u00f5rgkooli <a href=\"https:\/\/www.nooruse.ee\/oppimine\/rakenduskorgharidus\/radioloogiatehnik\/\" target=\"_blank\" rel=\"noreferrer noopener\"><strong>kodulehel<\/strong><\/a><\/p>\n\n\n\n<p class=\"has-medium-font-size\">Residentuuri \u00fcldinfo on leitav\u00a0<a href=\"https:\/\/meditsiiniteadused.ut.ee\/et\/sisu\/residentuur\" target=\"_blank\" rel=\"noreferrer noopener\"><strong>siit<\/strong><\/a>. Radioloogia residentuuriprogrammi \u00fcldjuhendaja on dr Maksim Zagura, email: Maksim.Zagura@kliinikum.ee<\/p>\n\n\n\n<p class=\"has-medium-font-size\">Doktorantuurist huvitatud leiavad vajaliku info&nbsp;<a href=\"https:\/\/meditsiiniteadused.ut.ee\/et\/sisu\/meditsiiniteaduste-valdkonna-doktorioppe-keskus\" target=\"_blank\" rel=\"noreferrer noopener\"><strong>siit<\/strong><\/a><\/p>\n\n\n\n<p class=\"has-medium-font-size\">Radioloogia \u00f5ppet\u00f6\u00f6 info leiate&nbsp;<a href=\"https:\/\/kliinilinemeditsiin.ut.ee\/et\/sisu\/radioloogiakliiniku-oppetoo\" target=\"_blank\" rel=\"noreferrer noopener\"><strong>siit<\/strong><\/a><\/p>\n","protected":false},"excerpt":{"rendered":"<p>Radioloogiast huvitatud arstiteaduskonna \u00fcli\u00f5pilased, radioloogia residentuuri kaaluvad ning doktori\u00f5ppest huvitatud leiavad l\u00e4hema info sellekohaste v\u00f5imaluste kohta Tartu \u00fclikooli kliinilise meditsiini instituudi kodulehelt, lingid all. G\u00fcmnaasiumi l\u00f5petamise j\u00e4rel on Tartu Tervishoiu k\u00f5rgkoolis v\u00f5imalik \u00f5ppida radioloogiatehnikuks, l\u00e4hemalt selle kohta Tartu Tervishoiu k\u00f5rgkooli kodulehel Residentuuri \u00fcldinfo on leitav\u00a0siit. Radioloogia residentuuriprogrammi \u00fcldjuhendaja on dr Maksim Zagura, email: Maksim.Zagura@kliinikum.ee Doktorantuurist [&hellip;]<\/p>\n","protected":false},"author":32,"featured_media":0,"parent":0,"menu_order":0,"comment_status":"closed","ping_status":"closed","template":"","meta":{"_acf_changed":false,"_uag_custom_page_level_css":"","footnotes":""},"class_list":["post-5863","page","type-page","status-publish","hentry"],"acf":[],"yoast_head":"<!-- This site is optimized with the Yoast SEO plugin v27.3 - https:\/\/yoast.com\/product\/yoast-seo-wordpress\/ -->\n<title>\u00d5ppet\u00f6\u00f6 - Radioloogiakliinik<\/title>\n<meta name=\"robots\" content=\"index, follow, max-snippet:-1, max-image-preview:large, max-video-preview:-1\" \/>\n<link rel=\"canonical\" href=\"https:\/\/www.kliinikum.ee\/radioloogia\/oppetoo\/\" \/>\n<meta property=\"og:locale\" content=\"et_EE\" \/>\n<meta property=\"og:type\" content=\"article\" \/>\n<meta property=\"og:title\" content=\"\u00d5ppet\u00f6\u00f6 - Radioloogiakliinik\" \/>\n<meta property=\"og:description\" content=\"Radioloogiast huvitatud arstiteaduskonna \u00fcli\u00f5pilased, radioloogia residentuuri kaaluvad ning doktori\u00f5ppest huvitatud leiavad l\u00e4hema info sellekohaste v\u00f5imaluste kohta Tartu \u00fclikooli kliinilise meditsiini instituudi kodulehelt, lingid all. G\u00fcmnaasiumi l\u00f5petamise j\u00e4rel on Tartu Tervishoiu k\u00f5rgkoolis v\u00f5imalik \u00f5ppida radioloogiatehnikuks, l\u00e4hemalt selle kohta Tartu Tervishoiu k\u00f5rgkooli kodulehel Residentuuri \u00fcldinfo on leitav\u00a0siit. Radioloogia residentuuriprogrammi \u00fcldjuhendaja on dr Maksim Zagura, email: Maksim.Zagura@kliinikum.ee Doktorantuurist [&hellip;]\" \/>\n<meta property=\"og:url\" content=\"https:\/\/www.kliinikum.ee\/radioloogia\/oppetoo\/\" \/>\n<meta property=\"og:site_name\" content=\"Radioloogiakliinik\" \/>\n<meta property=\"article:modified_time\" content=\"2024-02-14T08:41:10+00:00\" \/>\n<meta name=\"twitter:card\" content=\"summary_large_image\" \/>\n<meta name=\"twitter:label1\" content=\"Est. reading time\" \/>\n\t<meta name=\"twitter:data1\" content=\"1 minut\" \/>\n<script type=\"application\/ld+json\" class=\"yoast-schema-graph\">{\"@context\":\"https:\\\/\\\/schema.org\",\"@graph\":[{\"@type\":\"WebPage\",\"@id\":\"https:\\\/\\\/www.kliinikum.ee\\\/radioloogia\\\/oppetoo\\\/\",\"url\":\"https:\\\/\\\/www.kliinikum.ee\\\/radioloogia\\\/oppetoo\\\/\",\"name\":\"\u00d5ppet\u00f6\u00f6 - Radioloogiakliinik\",\"isPartOf\":{\"@id\":\"https:\\\/\\\/www.kliinikum.ee\\\/radioloogia\\\/#website\"},\"datePublished\":\"2023-04-24T12:10:34+00:00\",\"dateModified\":\"2024-02-14T08:41:10+00:00\",\"breadcrumb\":{\"@id\":\"https:\\\/\\\/www.kliinikum.ee\\\/radioloogia\\\/oppetoo\\\/#breadcrumb\"},\"inLanguage\":\"et\",\"potentialAction\":[{\"@type\":\"ReadAction\",\"target\":[\"https:\\\/\\\/www.kliinikum.ee\\\/radioloogia\\\/oppetoo\\\/\"]}]},{\"@type\":\"BreadcrumbList\",\"@id\":\"https:\\\/\\\/www.kliinikum.ee\\\/radioloogia\\\/oppetoo\\\/#breadcrumb\",\"itemListElement\":[{\"@type\":\"ListItem\",\"position\":1,\"name\":\"Home\",\"item\":\"https:\\\/\\\/www.kliinikum.ee\\\/radioloogia\\\/\"},{\"@type\":\"ListItem\",\"position\":2,\"name\":\"\u00d5ppet\u00f6\u00f6\"}]},{\"@type\":\"WebSite\",\"@id\":\"https:\\\/\\\/www.kliinikum.ee\\\/radioloogia\\\/#website\",\"url\":\"https:\\\/\\\/www.kliinikum.ee\\\/radioloogia\\\/\",\"name\":\"Radioloogiakliinik\",\"description\":\"Hoolivus, Uuendusmeelsus, P\u00e4devus ja Usaldusv\u00e4\u00e4rsus\",\"potentialAction\":[{\"@type\":\"SearchAction\",\"target\":{\"@type\":\"EntryPoint\",\"urlTemplate\":\"https:\\\/\\\/www.kliinikum.ee\\\/radioloogia\\\/?s={search_term_string}\"},\"query-input\":{\"@type\":\"PropertyValueSpecification\",\"valueRequired\":true,\"valueName\":\"search_term_string\"}}],\"inLanguage\":\"et\"}]}<\/script>\n<!-- \/ Yoast SEO plugin. -->","yoast_head_json":{"title":"\u00d5ppet\u00f6\u00f6 - Radioloogiakliinik","robots":{"index":"index","follow":"follow","max-snippet":"max-snippet:-1","max-image-preview":"max-image-preview:large","max-video-preview":"max-video-preview:-1"},"canonical":"https:\/\/www.kliinikum.ee\/radioloogia\/oppetoo\/","og_locale":"et_EE","og_type":"article","og_title":"\u00d5ppet\u00f6\u00f6 - Radioloogiakliinik","og_description":"Radioloogiast huvitatud arstiteaduskonna \u00fcli\u00f5pilased, radioloogia residentuuri kaaluvad ning doktori\u00f5ppest huvitatud leiavad l\u00e4hema info sellekohaste v\u00f5imaluste kohta Tartu \u00fclikooli kliinilise meditsiini instituudi kodulehelt, lingid all. G\u00fcmnaasiumi l\u00f5petamise j\u00e4rel on Tartu Tervishoiu k\u00f5rgkoolis v\u00f5imalik \u00f5ppida radioloogiatehnikuks, l\u00e4hemalt selle kohta Tartu Tervishoiu k\u00f5rgkooli kodulehel Residentuuri \u00fcldinfo on leitav\u00a0siit. Radioloogia residentuuriprogrammi \u00fcldjuhendaja on dr Maksim Zagura, email: Maksim.Zagura@kliinikum.ee Doktorantuurist [&hellip;]","og_url":"https:\/\/www.kliinikum.ee\/radioloogia\/oppetoo\/","og_site_name":"Radioloogiakliinik","article_modified_time":"2024-02-14T08:41:10+00:00","twitter_card":"summary_large_image","twitter_misc":{"Est. reading time":"1 minut"},"schema":{"@context":"https:\/\/schema.org","@graph":[{"@type":"WebPage","@id":"https:\/\/www.kliinikum.ee\/radioloogia\/oppetoo\/","url":"https:\/\/www.kliinikum.ee\/radioloogia\/oppetoo\/","name":"\u00d5ppet\u00f6\u00f6 - Radioloogiakliinik","isPartOf":{"@id":"https:\/\/www.kliinikum.ee\/radioloogia\/#website"},"datePublished":"2023-04-24T12:10:34+00:00","dateModified":"2024-02-14T08:41:10+00:00","breadcrumb":{"@id":"https:\/\/www.kliinikum.ee\/radioloogia\/oppetoo\/#breadcrumb"},"inLanguage":"et","potentialAction":[{"@type":"ReadAction","target":["https:\/\/www.kliinikum.ee\/radioloogia\/oppetoo\/"]}]},{"@type":"BreadcrumbList","@id":"https:\/\/www.kliinikum.ee\/radioloogia\/oppetoo\/#breadcrumb","itemListElement":[{"@type":"ListItem","position":1,"name":"Home","item":"https:\/\/www.kliinikum.ee\/radioloogia\/"},{"@type":"ListItem","position":2,"name":"\u00d5ppet\u00f6\u00f6"}]},{"@type":"WebSite","@id":"https:\/\/www.kliinikum.ee\/radioloogia\/#website","url":"https:\/\/www.kliinikum.ee\/radioloogia\/","name":"Radioloogiakliinik","description":"Hoolivus, Uuendusmeelsus, P\u00e4devus ja Usaldusv\u00e4\u00e4rsus","potentialAction":[{"@type":"SearchAction","target":{"@type":"EntryPoint","urlTemplate":"https:\/\/www.kliinikum.ee\/radioloogia\/?s={search_term_string}"},"query-input":{"@type":"PropertyValueSpecification","valueRequired":true,"valueName":"search_term_string"}}],"inLanguage":"et"}]}},"uagb_featured_image_src":{"full":false,"thumbnail":false,"medium":false,"medium_large":false,"large":false,"1536x1536":false,"2048x2048":false},"uagb_author_info":{"display_name":"Jane Freimann","author_link":"https:\/\/www.kliinikum.ee\/radioloogia\/author\/janef\/"},"uagb_comment_info":0,"uagb_excerpt":"Radioloogiast huvitatud arstiteaduskonna \u00fcli\u00f5pilased, radioloogia residentuuri kaaluvad ning doktori\u00f5ppest huvitatud leiavad l\u00e4hema info sellekohaste v\u00f5imaluste kohta Tartu \u00fclikooli kliinilise meditsiini instituudi kodulehelt, lingid all. G\u00fcmnaasiumi l\u00f5petamise j\u00e4rel on Tartu Tervishoiu k\u00f5rgkoolis v\u00f5imalik \u00f5ppida radioloogiatehnikuks, l\u00e4hemalt selle kohta Tartu Tervishoiu k\u00f5rgkooli kodulehel Residentuuri \u00fcldinfo on leitav\u00a0siit. Radioloogia residentuuriprogrammi \u00fcldjuhendaja on dr Maksim Zagura, email: Maksim.Zagura@kliinikum.ee Doktorantuurist&hellip;","_links":{"self":[{"href":"https:\/\/www.kliinikum.ee\/radioloogia\/wp-json\/wp\/v2\/pages\/5863","targetHints":{"allow":["GET"]}}],"collection":[{"href":"https:\/\/www.kliinikum.ee\/radioloogia\/wp-json\/wp\/v2\/pages"}],"about":[{"href":"https:\/\/www.kliinikum.ee\/radioloogia\/wp-json\/wp\/v2\/types\/page"}],"author":[{"embeddable":true,"href":"https:\/\/www.kliinikum.ee\/radioloogia\/wp-json\/wp\/v2\/users\/32"}],"replies":[{"embeddable":true,"href":"https:\/\/www.kliinikum.ee\/radioloogia\/wp-json\/wp\/v2\/comments?post=5863"}],"version-history":[{"count":10,"href":"https:\/\/www.kliinikum.ee\/radioloogia\/wp-json\/wp\/v2\/pages\/5863\/revisions"}],"predecessor-version":[{"id":6703,"href":"https:\/\/www.kliinikum.ee\/radioloogia\/wp-json\/wp\/v2\/pages\/5863\/revisions\/6703"}],"wp:attachment":[{"href":"https:\/\/www.kliinikum.ee\/radioloogia\/wp-json\/wp\/v2\/media?parent=5863"}],"curies":[{"name":"wp","href":"https:\/\/api.w.org\/{rel}","templated":true}]}}