{"id":5855,"date":"2023-09-20T12:37:49","date_gmt":"2023-09-20T10:37:49","guid":{"rendered":"https:\/\/www.kliinikum.ee\/rohelisemkliinikum\/?page_id=5855"},"modified":"2023-09-20T12:53:21","modified_gmt":"2023-09-20T10:53:21","slug":"keskkonnajuhtimissusteem","status":"publish","type":"page","link":"https:\/\/www.kliinikum.ee\/rohelisemkliinikum\/keskkonnajuhtimissusteem\/","title":{"rendered":"Keskkonnajuhtimiss\u00fcsteem"},"content":{"rendered":"\n<p class=\"has-medium-font-size\">2019. aastal otsustas Tartu \u00dclikooli Kliinikum rakendada keskkonnajuhtimiss\u00fcsteemi, et hinnata oma tegevuse kulut\u00f5husust \u00f6koloogilise jalaj\u00e4lje m\u00f5istes ning k\u00e4ia \u00fchte sammu turu ja tarbijate n\u00f5udmiste ning huvidega. T\u00e4nap\u00e4eval ollakse \u00fcha teadlikumad inimese tegevuse l\u00fchi- ja pikaajalisest m\u00f5just keskkonnale ja sellest tingitult on ootused ka k\u00f5ikidele organisatsioonidele, sh haiglate keskkonnaalasele teadlikule k\u00e4itumisele.<\/p>\n\n\n\n<p class=\"has-medium-font-size\">Euroopa Liidu keskkonnajuhtimise ja -auditeerimise s\u00fcsteem (<em>Eco-Management and Audit Scheme,&nbsp;<\/em>EMAS) on keskkonnajuhtimise vahend, mis on m\u00f5eldud organisatsioonide keskkonnategevuse hindamiseks ja t\u00e4iustamiseks. EMAS s\u00fcsteem loodi Euroopa Parlamendi ja n\u00f5ukogu m\u00e4\u00e4ruse alusel 1993. aastal ja algselt keskendus see vaid suurte t\u00f6\u00f6stusettev\u00f5tete hindamisele. M\u00e4\u00e4ruse t\u00e4iendamise j\u00e4rgselt on selle rakendamise ulatus laienenud k\u00f5ikide sektorite organisatsioonidele (sh \u00fclikoolid, ministeeriumid, ametkonnad, haiglad).<\/p>\n\n\n\n<p class=\"has-medium-font-size\">Eestis on t\u00e4naseks tervishoiuasutustest EMAS registreering ainult Kliinikumil, Euroopas on sellise keskkonnajuhtimiss\u00fcsteemi rakendanud 85 haiglat Austrias, Saksamaal, Hispaanias, Prantsusmaal, Itaalias, K\u00fcprosel ja T\u0161ehhis. Haiglas\u00fcsteemides on hulganisti valdkondi, kus saab v\u00e4hendada keskkonnam\u00f5ju ning hoida kokku samaks ka kulusid. EMAS-kohase keskkonnajuhtimiss\u00fcsteemi rakendamine haiglates n\u00e4itab, et keskkonnajuhtimiss\u00fcsteemi kasutusele v\u00f5tmine v\u00f5imaldab tuvastada ja v\u00e4hendada keskkonnareostuse valdkondi, v\u00e4hendada ressursside tarbimist, kulusid vee ja elektri tarbimiselt ning pr\u00fcgiveolt, kontrollida ohtlike j\u00e4\u00e4tmete k\u00e4itlemist jne. Oluline on siinjuures see, et EMAS aitab Kliinikumil s\u00fcsteemselt ja plaanip\u00e4raselt keskkonnategevust oma t\u00f6\u00f6tajatele, patsientidele kui ka avalikkusele tutvustada ning neid ka aktiivselt kaasata. EMASit rakendanud organisatsioonid peavad koostama avaliku keskkonnaaruande, mis pakub hea v\u00f5imaluse k\u00f5ikidele huvir\u00fchmadele oma keskkonnategevuse tulemuslikkust tutvustada.<\/p>\n\n\n\n<p class=\"has-medium-font-size\">EMASi rakendamist Tartu \u00dclikoolis Kliinikumis toetas Keskkonnainvesteeringute Keskus.<\/p>\n\n\n\n<figure class=\"wp-block-image size-large\"><img loading=\"lazy\" decoding=\"async\" width=\"1024\" height=\"683\" src=\"https:\/\/www.kliinikum.ee\/rohelisemkliinikum\/wp-content\/uploads\/2023\/09\/IMG_1333-1024x683.jpg\" alt=\"\" class=\"wp-image-5870\" srcset=\"https:\/\/www.kliinikum.ee\/rohelisemkliinikum\/wp-content\/uploads\/2023\/09\/IMG_1333-1024x683.jpg 1024w, https:\/\/www.kliinikum.ee\/rohelisemkliinikum\/wp-content\/uploads\/2023\/09\/IMG_1333-300x200.jpg 300w, https:\/\/www.kliinikum.ee\/rohelisemkliinikum\/wp-content\/uploads\/2023\/09\/IMG_1333-768x512.jpg 768w, https:\/\/www.kliinikum.ee\/rohelisemkliinikum\/wp-content\/uploads\/2023\/09\/IMG_1333-1536x1024.jpg 1536w, https:\/\/www.kliinikum.ee\/rohelisemkliinikum\/wp-content\/uploads\/2023\/09\/IMG_1333-2048x1365.jpg 2048w, https:\/\/www.kliinikum.ee\/rohelisemkliinikum\/wp-content\/uploads\/2023\/09\/IMG_1333-scaled.jpg 2560w\" sizes=\"auto, (max-width: 1024px) 100vw, 1024px\" \/><\/figure>\n","protected":false},"excerpt":{"rendered":"<p>2019. aastal otsustas Tartu \u00dclikooli Kliinikum rakendada keskkonnajuhtimiss\u00fcsteemi, et hinnata oma tegevuse kulut\u00f5husust \u00f6koloogilise jalaj\u00e4lje m\u00f5istes ning k\u00e4ia \u00fchte sammu turu ja tarbijate n\u00f5udmiste ning huvidega. T\u00e4nap\u00e4eval ollakse \u00fcha teadlikumad inimese tegevuse l\u00fchi- ja pikaajalisest m\u00f5just keskkonnale ja sellest tingitult on ootused ka k\u00f5ikidele organisatsioonidele, sh haiglate keskkonnaalasele teadlikule k\u00e4itumisele. Euroopa Liidu keskkonnajuhtimise ja -auditeerimise [&hellip;]<\/p>\n","protected":false},"author":31,"featured_media":0,"parent":0,"menu_order":2,"comment_status":"closed","ping_status":"closed","template":"","meta":{"_acf_changed":false,"_uag_custom_page_level_css":"","footnotes":""},"class_list":["post-5855","page","type-page","status-publish","hentry"],"acf":[],"yoast_head":"<!-- This site is optimized with the Yoast SEO plugin v27.3 - https:\/\/yoast.com\/product\/yoast-seo-wordpress\/ -->\n<title>Keskkonnajuhtimiss\u00fcsteem - RohelisemKliinikum<\/title>\n<meta name=\"robots\" content=\"index, follow, max-snippet:-1, max-image-preview:large, max-video-preview:-1\" \/>\n<link rel=\"canonical\" href=\"https:\/\/www.kliinikum.ee\/rohelisemkliinikum\/keskkonnajuhtimissusteem\/\" \/>\n<meta property=\"og:locale\" content=\"et_EE\" \/>\n<meta property=\"og:type\" content=\"article\" \/>\n<meta property=\"og:title\" content=\"Keskkonnajuhtimiss\u00fcsteem - RohelisemKliinikum\" \/>\n<meta property=\"og:description\" content=\"2019. aastal otsustas Tartu \u00dclikooli Kliinikum rakendada keskkonnajuhtimiss\u00fcsteemi, et hinnata oma tegevuse kulut\u00f5husust \u00f6koloogilise jalaj\u00e4lje m\u00f5istes ning k\u00e4ia \u00fchte sammu turu ja tarbijate n\u00f5udmiste ning huvidega. T\u00e4nap\u00e4eval ollakse \u00fcha teadlikumad inimese tegevuse l\u00fchi- ja pikaajalisest m\u00f5just keskkonnale ja sellest tingitult on ootused ka k\u00f5ikidele organisatsioonidele, sh haiglate keskkonnaalasele teadlikule k\u00e4itumisele. Euroopa Liidu keskkonnajuhtimise ja -auditeerimise [&hellip;]\" \/>\n<meta property=\"og:url\" content=\"https:\/\/www.kliinikum.ee\/rohelisemkliinikum\/keskkonnajuhtimissusteem\/\" \/>\n<meta property=\"og:site_name\" content=\"RohelisemKliinikum\" \/>\n<meta property=\"article:modified_time\" content=\"2023-09-20T10:53:21+00:00\" \/>\n<meta property=\"og:image\" content=\"https:\/\/www.kliinikum.ee\/rohelisemkliinikum\/wp-content\/uploads\/2023\/09\/IMG_1333-1024x683.jpg\" \/>\n<meta name=\"twitter:card\" content=\"summary_large_image\" \/>\n<meta name=\"twitter:label1\" content=\"Est. reading time\" \/>\n\t<meta name=\"twitter:data1\" content=\"2 minutit\" \/>\n<script type=\"application\/ld+json\" class=\"yoast-schema-graph\">{\"@context\":\"https:\\\/\\\/schema.org\",\"@graph\":[{\"@type\":\"WebPage\",\"@id\":\"https:\\\/\\\/www.kliinikum.ee\\\/rohelisemkliinikum\\\/keskkonnajuhtimissusteem\\\/\",\"url\":\"https:\\\/\\\/www.kliinikum.ee\\\/rohelisemkliinikum\\\/keskkonnajuhtimissusteem\\\/\",\"name\":\"Keskkonnajuhtimiss\u00fcsteem - RohelisemKliinikum\",\"isPartOf\":{\"@id\":\"https:\\\/\\\/www.kliinikum.ee\\\/rohelisemkliinikum\\\/#website\"},\"primaryImageOfPage\":{\"@id\":\"https:\\\/\\\/www.kliinikum.ee\\\/rohelisemkliinikum\\\/keskkonnajuhtimissusteem\\\/#primaryimage\"},\"image\":{\"@id\":\"https:\\\/\\\/www.kliinikum.ee\\\/rohelisemkliinikum\\\/keskkonnajuhtimissusteem\\\/#primaryimage\"},\"thumbnailUrl\":\"https:\\\/\\\/www.kliinikum.ee\\\/rohelisemkliinikum\\\/wp-content\\\/uploads\\\/2023\\\/09\\\/IMG_1333-1024x683.jpg\",\"datePublished\":\"2023-09-20T10:37:49+00:00\",\"dateModified\":\"2023-09-20T10:53:21+00:00\",\"breadcrumb\":{\"@id\":\"https:\\\/\\\/www.kliinikum.ee\\\/rohelisemkliinikum\\\/keskkonnajuhtimissusteem\\\/#breadcrumb\"},\"inLanguage\":\"et\",\"potentialAction\":[{\"@type\":\"ReadAction\",\"target\":[\"https:\\\/\\\/www.kliinikum.ee\\\/rohelisemkliinikum\\\/keskkonnajuhtimissusteem\\\/\"]}]},{\"@type\":\"ImageObject\",\"inLanguage\":\"et\",\"@id\":\"https:\\\/\\\/www.kliinikum.ee\\\/rohelisemkliinikum\\\/keskkonnajuhtimissusteem\\\/#primaryimage\",\"url\":\"https:\\\/\\\/www.kliinikum.ee\\\/rohelisemkliinikum\\\/wp-content\\\/uploads\\\/2023\\\/09\\\/IMG_1333-scaled.jpg\",\"contentUrl\":\"https:\\\/\\\/www.kliinikum.ee\\\/rohelisemkliinikum\\\/wp-content\\\/uploads\\\/2023\\\/09\\\/IMG_1333-scaled.jpg\",\"width\":2560,\"height\":1706},{\"@type\":\"BreadcrumbList\",\"@id\":\"https:\\\/\\\/www.kliinikum.ee\\\/rohelisemkliinikum\\\/keskkonnajuhtimissusteem\\\/#breadcrumb\",\"itemListElement\":[{\"@type\":\"ListItem\",\"position\":1,\"name\":\"Home\",\"item\":\"https:\\\/\\\/www.kliinikum.ee\\\/rohelisemkliinikum\\\/\"},{\"@type\":\"ListItem\",\"position\":2,\"name\":\"Keskkonnajuhtimiss\u00fcsteem\"}]},{\"@type\":\"WebSite\",\"@id\":\"https:\\\/\\\/www.kliinikum.ee\\\/rohelisemkliinikum\\\/#website\",\"url\":\"https:\\\/\\\/www.kliinikum.ee\\\/rohelisemkliinikum\\\/\",\"name\":\"RohelisemKliinikum\",\"description\":\"Hoolivus, Uuendusmeelsus, P\u00e4devus ja Usaldusv\u00e4\u00e4rsus\",\"potentialAction\":[{\"@type\":\"SearchAction\",\"target\":{\"@type\":\"EntryPoint\",\"urlTemplate\":\"https:\\\/\\\/www.kliinikum.ee\\\/rohelisemkliinikum\\\/?s={search_term_string}\"},\"query-input\":{\"@type\":\"PropertyValueSpecification\",\"valueRequired\":true,\"valueName\":\"search_term_string\"}}],\"inLanguage\":\"et\"}]}<\/script>\n<!-- \/ Yoast SEO plugin. -->","yoast_head_json":{"title":"Keskkonnajuhtimiss\u00fcsteem - RohelisemKliinikum","robots":{"index":"index","follow":"follow","max-snippet":"max-snippet:-1","max-image-preview":"max-image-preview:large","max-video-preview":"max-video-preview:-1"},"canonical":"https:\/\/www.kliinikum.ee\/rohelisemkliinikum\/keskkonnajuhtimissusteem\/","og_locale":"et_EE","og_type":"article","og_title":"Keskkonnajuhtimiss\u00fcsteem - RohelisemKliinikum","og_description":"2019. aastal otsustas Tartu \u00dclikooli Kliinikum rakendada keskkonnajuhtimiss\u00fcsteemi, et hinnata oma tegevuse kulut\u00f5husust \u00f6koloogilise jalaj\u00e4lje m\u00f5istes ning k\u00e4ia \u00fchte sammu turu ja tarbijate n\u00f5udmiste ning huvidega. T\u00e4nap\u00e4eval ollakse \u00fcha teadlikumad inimese tegevuse l\u00fchi- ja pikaajalisest m\u00f5just keskkonnale ja sellest tingitult on ootused ka k\u00f5ikidele organisatsioonidele, sh haiglate keskkonnaalasele teadlikule k\u00e4itumisele. Euroopa Liidu keskkonnajuhtimise ja -auditeerimise [&hellip;]","og_url":"https:\/\/www.kliinikum.ee\/rohelisemkliinikum\/keskkonnajuhtimissusteem\/","og_site_name":"RohelisemKliinikum","article_modified_time":"2023-09-20T10:53:21+00:00","og_image":[{"url":"https:\/\/www.kliinikum.ee\/rohelisemkliinikum\/wp-content\/uploads\/2023\/09\/IMG_1333-1024x683.jpg","type":"","width":"","height":""}],"twitter_card":"summary_large_image","twitter_misc":{"Est. reading time":"2 minutit"},"schema":{"@context":"https:\/\/schema.org","@graph":[{"@type":"WebPage","@id":"https:\/\/www.kliinikum.ee\/rohelisemkliinikum\/keskkonnajuhtimissusteem\/","url":"https:\/\/www.kliinikum.ee\/rohelisemkliinikum\/keskkonnajuhtimissusteem\/","name":"Keskkonnajuhtimiss\u00fcsteem - RohelisemKliinikum","isPartOf":{"@id":"https:\/\/www.kliinikum.ee\/rohelisemkliinikum\/#website"},"primaryImageOfPage":{"@id":"https:\/\/www.kliinikum.ee\/rohelisemkliinikum\/keskkonnajuhtimissusteem\/#primaryimage"},"image":{"@id":"https:\/\/www.kliinikum.ee\/rohelisemkliinikum\/keskkonnajuhtimissusteem\/#primaryimage"},"thumbnailUrl":"https:\/\/www.kliinikum.ee\/rohelisemkliinikum\/wp-content\/uploads\/2023\/09\/IMG_1333-1024x683.jpg","datePublished":"2023-09-20T10:37:49+00:00","dateModified":"2023-09-20T10:53:21+00:00","breadcrumb":{"@id":"https:\/\/www.kliinikum.ee\/rohelisemkliinikum\/keskkonnajuhtimissusteem\/#breadcrumb"},"inLanguage":"et","potentialAction":[{"@type":"ReadAction","target":["https:\/\/www.kliinikum.ee\/rohelisemkliinikum\/keskkonnajuhtimissusteem\/"]}]},{"@type":"ImageObject","inLanguage":"et","@id":"https:\/\/www.kliinikum.ee\/rohelisemkliinikum\/keskkonnajuhtimissusteem\/#primaryimage","url":"https:\/\/www.kliinikum.ee\/rohelisemkliinikum\/wp-content\/uploads\/2023\/09\/IMG_1333-scaled.jpg","contentUrl":"https:\/\/www.kliinikum.ee\/rohelisemkliinikum\/wp-content\/uploads\/2023\/09\/IMG_1333-scaled.jpg","width":2560,"height":1706},{"@type":"BreadcrumbList","@id":"https:\/\/www.kliinikum.ee\/rohelisemkliinikum\/keskkonnajuhtimissusteem\/#breadcrumb","itemListElement":[{"@type":"ListItem","position":1,"name":"Home","item":"https:\/\/www.kliinikum.ee\/rohelisemkliinikum\/"},{"@type":"ListItem","position":2,"name":"Keskkonnajuhtimiss\u00fcsteem"}]},{"@type":"WebSite","@id":"https:\/\/www.kliinikum.ee\/rohelisemkliinikum\/#website","url":"https:\/\/www.kliinikum.ee\/rohelisemkliinikum\/","name":"RohelisemKliinikum","description":"Hoolivus, Uuendusmeelsus, P\u00e4devus ja Usaldusv\u00e4\u00e4rsus","potentialAction":[{"@type":"SearchAction","target":{"@type":"EntryPoint","urlTemplate":"https:\/\/www.kliinikum.ee\/rohelisemkliinikum\/?s={search_term_string}"},"query-input":{"@type":"PropertyValueSpecification","valueRequired":true,"valueName":"search_term_string"}}],"inLanguage":"et"}]}},"uagb_featured_image_src":{"full":false,"thumbnail":false,"medium":false,"medium_large":false,"large":false,"1536x1536":false,"2048x2048":false},"uagb_author_info":{"display_name":"Jane Freimann","author_link":"https:\/\/www.kliinikum.ee\/rohelisemkliinikum\/author\/janef\/"},"uagb_comment_info":0,"uagb_excerpt":"2019. aastal otsustas Tartu \u00dclikooli Kliinikum rakendada keskkonnajuhtimiss\u00fcsteemi, et hinnata oma tegevuse kulut\u00f5husust \u00f6koloogilise jalaj\u00e4lje m\u00f5istes ning k\u00e4ia \u00fchte sammu turu ja tarbijate n\u00f5udmiste ning huvidega. T\u00e4nap\u00e4eval ollakse \u00fcha teadlikumad inimese tegevuse l\u00fchi- ja pikaajalisest m\u00f5just keskkonnale ja sellest tingitult on ootused ka k\u00f5ikidele organisatsioonidele, sh haiglate keskkonnaalasele teadlikule k\u00e4itumisele. Euroopa Liidu keskkonnajuhtimise ja -auditeerimise&hellip;","_links":{"self":[{"href":"https:\/\/www.kliinikum.ee\/rohelisemkliinikum\/wp-json\/wp\/v2\/pages\/5855","targetHints":{"allow":["GET"]}}],"collection":[{"href":"https:\/\/www.kliinikum.ee\/rohelisemkliinikum\/wp-json\/wp\/v2\/pages"}],"about":[{"href":"https:\/\/www.kliinikum.ee\/rohelisemkliinikum\/wp-json\/wp\/v2\/types\/page"}],"author":[{"embeddable":true,"href":"https:\/\/www.kliinikum.ee\/rohelisemkliinikum\/wp-json\/wp\/v2\/users\/31"}],"replies":[{"embeddable":true,"href":"https:\/\/www.kliinikum.ee\/rohelisemkliinikum\/wp-json\/wp\/v2\/comments?post=5855"}],"version-history":[{"count":0,"href":"https:\/\/www.kliinikum.ee\/rohelisemkliinikum\/wp-json\/wp\/v2\/pages\/5855\/revisions"}],"wp:attachment":[{"href":"https:\/\/www.kliinikum.ee\/rohelisemkliinikum\/wp-json\/wp\/v2\/media?parent=5855"}],"curies":[{"name":"wp","href":"https:\/\/api.w.org\/{rel}","templated":true}]}}