{"id":5862,"date":"2023-09-20T12:42:19","date_gmt":"2023-09-20T10:42:19","guid":{"rendered":"https:\/\/www.kliinikum.ee\/rohelisemkliinikum\/?page_id=5862"},"modified":"2026-03-26T09:46:03","modified_gmt":"2026-03-26T07:46:03","slug":"keskkonnaaruanded","status":"publish","type":"page","link":"https:\/\/www.kliinikum.ee\/rohelisemkliinikum\/keskkonnaaruanded\/","title":{"rendered":"Keskkonnaaruanded"},"content":{"rendered":"\n<p class=\"has-medium-font-size\"><a href=\"https:\/\/www.kliinikum.ee\/rohelisemkliinikum\/wp-content\/uploads\/2026\/03\/Keskkonnaaruanne_Tartu_Ulikooli_Kliinikum_2025.pdf\" target=\"_blank\" rel=\"noreferrer noopener\">Keskkonnaaruanne 2025<\/a><\/p>\n\n\n\n<p class=\"has-medium-font-size\"><a href=\"https:\/\/www.kliinikum.ee\/rohelisemkliinikum\/wp-content\/uploads\/2025\/06\/Keskkonnaaruanne_Tartu_Ulikooli_Kliinikum_2024.pdf\" target=\"_blank\" rel=\"noreferrer noopener\">Keskkonnaaruanne 2024<\/a><\/p>\n\n\n\n<p class=\"has-medium-font-size\"><a href=\"https:\/\/www.kliinikum.ee\/rohelisemkliinikum\/wp-content\/uploads\/2024\/05\/Keskkonnaaruanne_2023.pdf\">Keskkonnaaruanne 2023<\/a><\/p>\n\n\n\n<p class=\"has-medium-font-size\"><a href=\"https:\/\/www.kliinikum.ee\/rohelisemkliinikum\/wp-content\/uploads\/2023\/09\/TUK-Keskkonnaaruanne-2022.pdf\">Keskkonnaaruanne 2022<\/a><\/p>\n\n\n\n<p class=\"has-medium-font-size\"><a href=\"https:\/\/www.kliinikum.ee\/rohelisemkliinikum\/wp-content\/uploads\/2023\/09\/Keskkonnaaruanne-2021.pdf\">Keskkonnaaruanne 2021<\/a><\/p>\n\n\n\n<p class=\"has-medium-font-size\"><a href=\"https:\/\/www.kliinikum.ee\/rohelisemkliinikum\/wp-content\/uploads\/2023\/09\/Keskkonnaaruanne_2020.pdf\">Keskkonnaaruanne 2020<\/a><\/p>\n\n\n\n<figure class=\"wp-block-image size-large\"><img loading=\"lazy\" decoding=\"async\" width=\"683\" height=\"1024\" src=\"https:\/\/www.kliinikum.ee\/rohelisemkliinikum\/wp-content\/uploads\/2023\/09\/IMG_1342-683x1024.jpg\" alt=\"\" class=\"wp-image-5881\" srcset=\"https:\/\/www.kliinikum.ee\/rohelisemkliinikum\/wp-content\/uploads\/2023\/09\/IMG_1342-683x1024.jpg 683w, https:\/\/www.kliinikum.ee\/rohelisemkliinikum\/wp-content\/uploads\/2023\/09\/IMG_1342-200x300.jpg 200w, https:\/\/www.kliinikum.ee\/rohelisemkliinikum\/wp-content\/uploads\/2023\/09\/IMG_1342-768x1152.jpg 768w, https:\/\/www.kliinikum.ee\/rohelisemkliinikum\/wp-content\/uploads\/2023\/09\/IMG_1342-1024x1536.jpg 1024w, https:\/\/www.kliinikum.ee\/rohelisemkliinikum\/wp-content\/uploads\/2023\/09\/IMG_1342-1365x2048.jpg 1365w, https:\/\/www.kliinikum.ee\/rohelisemkliinikum\/wp-content\/uploads\/2023\/09\/IMG_1342-scaled.jpg 1706w\" sizes=\"auto, (max-width: 683px) 100vw, 683px\" \/><\/figure>\n","protected":false},"excerpt":{"rendered":"<p>Keskkonnaaruanne 2025 Keskkonnaaruanne 2024 Keskkonnaaruanne 2023 Keskkonnaaruanne 2022 Keskkonnaaruanne 2021 Keskkonnaaruanne 2020<\/p>\n","protected":false},"author":31,"featured_media":0,"parent":0,"menu_order":0,"comment_status":"closed","ping_status":"closed","template":"","meta":{"_acf_changed":false,"_uag_custom_page_level_css":"","footnotes":""},"class_list":["post-5862","page","type-page","status-publish","hentry"],"acf":[],"yoast_head":"<!-- This site is optimized with the Yoast SEO plugin v27.3 - https:\/\/yoast.com\/product\/yoast-seo-wordpress\/ -->\n<title>Keskkonnaaruanded - RohelisemKliinikum<\/title>\n<meta name=\"robots\" content=\"index, follow, max-snippet:-1, max-image-preview:large, max-video-preview:-1\" \/>\n<link rel=\"canonical\" href=\"https:\/\/www.kliinikum.ee\/rohelisemkliinikum\/keskkonnaaruanded\/\" \/>\n<meta property=\"og:locale\" content=\"et_EE\" \/>\n<meta property=\"og:type\" content=\"article\" \/>\n<meta property=\"og:title\" content=\"Keskkonnaaruanded - RohelisemKliinikum\" \/>\n<meta property=\"og:description\" content=\"Keskkonnaaruanne 2025 Keskkonnaaruanne 2024 Keskkonnaaruanne 2023 Keskkonnaaruanne 2022 Keskkonnaaruanne 2021 Keskkonnaaruanne 2020\" \/>\n<meta property=\"og:url\" content=\"https:\/\/www.kliinikum.ee\/rohelisemkliinikum\/keskkonnaaruanded\/\" \/>\n<meta property=\"og:site_name\" content=\"RohelisemKliinikum\" \/>\n<meta property=\"article:modified_time\" content=\"2026-03-26T07:46:03+00:00\" \/>\n<meta property=\"og:image\" content=\"https:\/\/www.kliinikum.ee\/rohelisemkliinikum\/wp-content\/uploads\/2023\/09\/IMG_1342-scaled.jpg\" \/>\n\t<meta property=\"og:image:width\" content=\"1706\" \/>\n\t<meta property=\"og:image:height\" content=\"2560\" \/>\n\t<meta property=\"og:image:type\" content=\"image\/jpeg\" \/>\n<meta name=\"twitter:card\" content=\"summary_large_image\" \/>\n<meta name=\"twitter:label1\" content=\"Est. reading time\" \/>\n\t<meta name=\"twitter:data1\" content=\"1 minut\" \/>\n<script type=\"application\/ld+json\" class=\"yoast-schema-graph\">{\"@context\":\"https:\\\/\\\/schema.org\",\"@graph\":[{\"@type\":\"WebPage\",\"@id\":\"https:\\\/\\\/www.kliinikum.ee\\\/rohelisemkliinikum\\\/keskkonnaaruanded\\\/\",\"url\":\"https:\\\/\\\/www.kliinikum.ee\\\/rohelisemkliinikum\\\/keskkonnaaruanded\\\/\",\"name\":\"Keskkonnaaruanded - RohelisemKliinikum\",\"isPartOf\":{\"@id\":\"https:\\\/\\\/www.kliinikum.ee\\\/rohelisemkliinikum\\\/#website\"},\"primaryImageOfPage\":{\"@id\":\"https:\\\/\\\/www.kliinikum.ee\\\/rohelisemkliinikum\\\/keskkonnaaruanded\\\/#primaryimage\"},\"image\":{\"@id\":\"https:\\\/\\\/www.kliinikum.ee\\\/rohelisemkliinikum\\\/keskkonnaaruanded\\\/#primaryimage\"},\"thumbnailUrl\":\"https:\\\/\\\/www.kliinikum.ee\\\/rohelisemkliinikum\\\/wp-content\\\/uploads\\\/2023\\\/09\\\/IMG_1342-683x1024.jpg\",\"datePublished\":\"2023-09-20T10:42:19+00:00\",\"dateModified\":\"2026-03-26T07:46:03+00:00\",\"breadcrumb\":{\"@id\":\"https:\\\/\\\/www.kliinikum.ee\\\/rohelisemkliinikum\\\/keskkonnaaruanded\\\/#breadcrumb\"},\"inLanguage\":\"et\",\"potentialAction\":[{\"@type\":\"ReadAction\",\"target\":[\"https:\\\/\\\/www.kliinikum.ee\\\/rohelisemkliinikum\\\/keskkonnaaruanded\\\/\"]}]},{\"@type\":\"ImageObject\",\"inLanguage\":\"et\",\"@id\":\"https:\\\/\\\/www.kliinikum.ee\\\/rohelisemkliinikum\\\/keskkonnaaruanded\\\/#primaryimage\",\"url\":\"https:\\\/\\\/www.kliinikum.ee\\\/rohelisemkliinikum\\\/wp-content\\\/uploads\\\/2023\\\/09\\\/IMG_1342-scaled.jpg\",\"contentUrl\":\"https:\\\/\\\/www.kliinikum.ee\\\/rohelisemkliinikum\\\/wp-content\\\/uploads\\\/2023\\\/09\\\/IMG_1342-scaled.jpg\",\"width\":1706,\"height\":2560},{\"@type\":\"BreadcrumbList\",\"@id\":\"https:\\\/\\\/www.kliinikum.ee\\\/rohelisemkliinikum\\\/keskkonnaaruanded\\\/#breadcrumb\",\"itemListElement\":[{\"@type\":\"ListItem\",\"position\":1,\"name\":\"Home\",\"item\":\"https:\\\/\\\/www.kliinikum.ee\\\/rohelisemkliinikum\\\/\"},{\"@type\":\"ListItem\",\"position\":2,\"name\":\"Keskkonnaaruanded\"}]},{\"@type\":\"WebSite\",\"@id\":\"https:\\\/\\\/www.kliinikum.ee\\\/rohelisemkliinikum\\\/#website\",\"url\":\"https:\\\/\\\/www.kliinikum.ee\\\/rohelisemkliinikum\\\/\",\"name\":\"RohelisemKliinikum\",\"description\":\"Hoolivus, Uuendusmeelsus, P\u00e4devus ja Usaldusv\u00e4\u00e4rsus\",\"potentialAction\":[{\"@type\":\"SearchAction\",\"target\":{\"@type\":\"EntryPoint\",\"urlTemplate\":\"https:\\\/\\\/www.kliinikum.ee\\\/rohelisemkliinikum\\\/?s={search_term_string}\"},\"query-input\":{\"@type\":\"PropertyValueSpecification\",\"valueRequired\":true,\"valueName\":\"search_term_string\"}}],\"inLanguage\":\"et\"}]}<\/script>\n<!-- \/ Yoast SEO plugin. -->","yoast_head_json":{"title":"Keskkonnaaruanded - RohelisemKliinikum","robots":{"index":"index","follow":"follow","max-snippet":"max-snippet:-1","max-image-preview":"max-image-preview:large","max-video-preview":"max-video-preview:-1"},"canonical":"https:\/\/www.kliinikum.ee\/rohelisemkliinikum\/keskkonnaaruanded\/","og_locale":"et_EE","og_type":"article","og_title":"Keskkonnaaruanded - RohelisemKliinikum","og_description":"Keskkonnaaruanne 2025 Keskkonnaaruanne 2024 Keskkonnaaruanne 2023 Keskkonnaaruanne 2022 Keskkonnaaruanne 2021 Keskkonnaaruanne 2020","og_url":"https:\/\/www.kliinikum.ee\/rohelisemkliinikum\/keskkonnaaruanded\/","og_site_name":"RohelisemKliinikum","article_modified_time":"2026-03-26T07:46:03+00:00","og_image":[{"width":1706,"height":2560,"url":"https:\/\/www.kliinikum.ee\/rohelisemkliinikum\/wp-content\/uploads\/2023\/09\/IMG_1342-scaled.jpg","type":"image\/jpeg"}],"twitter_card":"summary_large_image","twitter_misc":{"Est. reading time":"1 minut"},"schema":{"@context":"https:\/\/schema.org","@graph":[{"@type":"WebPage","@id":"https:\/\/www.kliinikum.ee\/rohelisemkliinikum\/keskkonnaaruanded\/","url":"https:\/\/www.kliinikum.ee\/rohelisemkliinikum\/keskkonnaaruanded\/","name":"Keskkonnaaruanded - RohelisemKliinikum","isPartOf":{"@id":"https:\/\/www.kliinikum.ee\/rohelisemkliinikum\/#website"},"primaryImageOfPage":{"@id":"https:\/\/www.kliinikum.ee\/rohelisemkliinikum\/keskkonnaaruanded\/#primaryimage"},"image":{"@id":"https:\/\/www.kliinikum.ee\/rohelisemkliinikum\/keskkonnaaruanded\/#primaryimage"},"thumbnailUrl":"https:\/\/www.kliinikum.ee\/rohelisemkliinikum\/wp-content\/uploads\/2023\/09\/IMG_1342-683x1024.jpg","datePublished":"2023-09-20T10:42:19+00:00","dateModified":"2026-03-26T07:46:03+00:00","breadcrumb":{"@id":"https:\/\/www.kliinikum.ee\/rohelisemkliinikum\/keskkonnaaruanded\/#breadcrumb"},"inLanguage":"et","potentialAction":[{"@type":"ReadAction","target":["https:\/\/www.kliinikum.ee\/rohelisemkliinikum\/keskkonnaaruanded\/"]}]},{"@type":"ImageObject","inLanguage":"et","@id":"https:\/\/www.kliinikum.ee\/rohelisemkliinikum\/keskkonnaaruanded\/#primaryimage","url":"https:\/\/www.kliinikum.ee\/rohelisemkliinikum\/wp-content\/uploads\/2023\/09\/IMG_1342-scaled.jpg","contentUrl":"https:\/\/www.kliinikum.ee\/rohelisemkliinikum\/wp-content\/uploads\/2023\/09\/IMG_1342-scaled.jpg","width":1706,"height":2560},{"@type":"BreadcrumbList","@id":"https:\/\/www.kliinikum.ee\/rohelisemkliinikum\/keskkonnaaruanded\/#breadcrumb","itemListElement":[{"@type":"ListItem","position":1,"name":"Home","item":"https:\/\/www.kliinikum.ee\/rohelisemkliinikum\/"},{"@type":"ListItem","position":2,"name":"Keskkonnaaruanded"}]},{"@type":"WebSite","@id":"https:\/\/www.kliinikum.ee\/rohelisemkliinikum\/#website","url":"https:\/\/www.kliinikum.ee\/rohelisemkliinikum\/","name":"RohelisemKliinikum","description":"Hoolivus, Uuendusmeelsus, P\u00e4devus ja Usaldusv\u00e4\u00e4rsus","potentialAction":[{"@type":"SearchAction","target":{"@type":"EntryPoint","urlTemplate":"https:\/\/www.kliinikum.ee\/rohelisemkliinikum\/?s={search_term_string}"},"query-input":{"@type":"PropertyValueSpecification","valueRequired":true,"valueName":"search_term_string"}}],"inLanguage":"et"}]}},"uagb_featured_image_src":{"full":false,"thumbnail":false,"medium":false,"medium_large":false,"large":false,"1536x1536":false,"2048x2048":false},"uagb_author_info":{"display_name":"Jane Freimann","author_link":"https:\/\/www.kliinikum.ee\/rohelisemkliinikum\/author\/janef\/"},"uagb_comment_info":0,"uagb_excerpt":"Keskkonnaaruanne 2025 Keskkonnaaruanne 2024 Keskkonnaaruanne 2023 Keskkonnaaruanne 2022 Keskkonnaaruanne 2021 Keskkonnaaruanne 2020","_links":{"self":[{"href":"https:\/\/www.kliinikum.ee\/rohelisemkliinikum\/wp-json\/wp\/v2\/pages\/5862","targetHints":{"allow":["GET"]}}],"collection":[{"href":"https:\/\/www.kliinikum.ee\/rohelisemkliinikum\/wp-json\/wp\/v2\/pages"}],"about":[{"href":"https:\/\/www.kliinikum.ee\/rohelisemkliinikum\/wp-json\/wp\/v2\/types\/page"}],"author":[{"embeddable":true,"href":"https:\/\/www.kliinikum.ee\/rohelisemkliinikum\/wp-json\/wp\/v2\/users\/31"}],"replies":[{"embeddable":true,"href":"https:\/\/www.kliinikum.ee\/rohelisemkliinikum\/wp-json\/wp\/v2\/comments?post=5862"}],"version-history":[{"count":0,"href":"https:\/\/www.kliinikum.ee\/rohelisemkliinikum\/wp-json\/wp\/v2\/pages\/5862\/revisions"}],"wp:attachment":[{"href":"https:\/\/www.kliinikum.ee\/rohelisemkliinikum\/wp-json\/wp\/v2\/media?parent=5862"}],"curies":[{"name":"wp","href":"https:\/\/api.w.org\/{rel}","templated":true}]}}