{"id":17,"date":"2022-11-14T10:00:52","date_gmt":"2022-11-14T10:00:52","guid":{"rendered":"http:\/\/localhost\/?page_id=17"},"modified":"2025-09-25T09:01:07","modified_gmt":"2025-09-25T07:01:07","slug":"kliinikust","status":"publish","type":"page","link":"https:\/\/www.kliinikum.ee\/silmakliinik\/kliinikust\/","title":{"rendered":"Kliinikust"},"content":{"rendered":"\n<p class=\"has-medium-font-size\">Tartu \u00dclikooli Kliinikumi silmakliinik on k\u00f5rgema etapi raviasutus, kus tegeletakse k\u00f5ikide silmahaiguste diagnoosimise ja raviga \u00fcle kogu Eesti.<\/p>\n\n\n\n<p class=\"has-medium-font-size\">Eesm\u00e4rgiks on&nbsp; patsientidele pakkuda kvaliteetset ja laiap\u00f5hjalist oftalmoloogilist raviteenust.<\/p>\n\n\n\n<p>Vastuv\u00f5tule registreerimine k\u00f5nekeskuse telefonil 731 9100,&nbsp;<a href=\"https:\/\/www.terviseportaal.ee\/\">Terviseportaalis<\/a>&nbsp;v\u00f5i&nbsp;<a href=\"https:\/\/www.kliinikum.ee\/patsiendile\/eriarsti-vastuvott\/aja-broneerimine\/\">kodulehe vormi kaudu.<\/a><\/p>\n\n\n\n<p>Info silmakliiniku erakorralise vastuv\u00f5tu kohta&nbsp;<a href=\"https:\/\/www.kliinikum.ee\/silmakliinik\/patsiendile\/erakorraline-vastuvott\/\">SIIN<\/a>.<\/p>\n\n\n\n<h2 class=\"wp-block-heading\">Silmakliiniku koosseisu kuulub<\/h2>\n\n\n\n<details class=\"wp-block-details is-layout-flow wp-block-details-is-layout-flow\"><summary>Ambulatoorne vastuv\u00f5tt<\/summary>\n<p>Silmaarstide ambulatoorsed vastuv\u00f5tud toimuvad:<\/p>\n\n\n\n<ul class=\"wp-block-list\">\n<li>Tartu \u00dclikooli Kliinikumis, L. Puusepa 8, J-korpuse II korrusel<\/li>\n\n\n\n<li>Kvartali keskuses aadressil Riia 2<\/li>\n\n\n\n<li>L\u00f5una-Eesti Haiglas<\/li>\n\n\n\n<li>R\u00e4pina Haiglas<\/li>\n\n\n\n<li>P\u00f5lva Tervisekeskuses<\/li>\n<\/ul>\n\n\n\n<p>Vastuv\u00f5tule p\u00f6\u00f6rdumiseks on vajalik eelnevalt registreeruda k\u00f5nekeskuse telefonil 731 9100 (t\u00f6\u00f6p\u00e4evadel kell 7.30-18.00) v\u00f5i registratuuris kohapeal.<\/p>\n\n\n\n<p>\u00d5endusjuht | Kersti Kivi | 731 9761 |&nbsp;<a href=\"mailto:kersti.kivi@kliinikum.ee\">kersti.kivi@kliinikum.ee<\/a><\/p>\n<\/details>\n\n\n\n<details class=\"wp-block-details is-layout-flow wp-block-details-is-layout-flow\"><summary>Statsionaarne vastuv\u00f5tt<\/summary>\n<p>L. Puusepa 8, J-korpuse 2. korrus<br>Valve\u00f5de: 731 9763<\/p>\n\n\n\n<p>Haiglasse p\u00f6\u00f6rdumisel sisenege palun N. Lunini tn poolsest sissep\u00e4\u00e4sust ning registreerige oma saabumine registratuuris. Seej\u00e4rel suunatakse Teid silmahaiguste osakonda (J- korpuse II korrusel). Osakonna valve\u00f5de vormistab Teie saabumise, tutvustab osakonda ja saadab Teid palatisse. Saabumisp\u00e4eval kindlustatakse Teile \u00f5htus\u00f6\u00f6k (kell 17.00). Soovi korral saate kasutada R-kioskit J-korpuse I korrusel.<\/p>\n\n\n\n<p>Plaanilised operatsioonid l\u00fckatakse edasi \u00e4gedate haiguste korral ja krooniliste haiguste \u00e4genedes. Haigestumisest ja operatsiooniaja muutmiseks andke teada telefonil 731 9747.<\/p>\n\n\n\n<p>Operatsioonitoa \u00f5endusjuht | Helena Rannala | 731 9768 |&nbsp;<a href=\"mailto:helena.rannala@kliinikum.ee\">helena.rannala@kliinikum.ee<\/a><br>Sekret\u00e4r | Elin Ilves | 731 9747 |&nbsp;<a href=\"mailto:elin.ilves@kliinikum.ee\">elin.ilves@kliinikum.ee<\/a><br>Sekret\u00e4r | Evi-Hele Kangur | 731 9752 |&nbsp;<a href=\"mailto:evi.kangur@kliinikum.ee\">evi.kangur@kliinikum.ee<\/a><br>Sekret\u00e4r | Kadi Riig | 731 9747 |&nbsp;<a href=\"mailto:kadi.riig@kliinikum.ee\">kadi.riig@kliinikum.ee<\/a><br>Sekret\u00e4r | Piret \u00d5unap | 731 9747 |&nbsp;<a href=\"mailto:piret.ounap@kliinikum.ee\">piret.ounap@kliinikum.ee<\/a><\/p>\n<\/details>\n\n\n\n<h2 class=\"wp-block-heading\">Administratsiooni kuulub<\/h2>\n\n\n\n<ul class=\"wp-block-list\"><\/ul>\n\n\n\n<p class=\"has-medium-font-size\"><strong>Mikk Pauklin<\/strong><br>kliiniku juhataja&nbsp;<br>tel 731 9750<br><a href=\"mailto:mikk.pauklin@kliinikum.ee\">mikk.pauklin@kliinikum.ee<\/a><br><\/p>\n\n\n\n<div class=\"wp-block-group is-nowrap is-layout-flex wp-container-core-group-is-layout-6c531013 wp-block-group-is-layout-flex\">\n<p class=\"has-medium-font-size\"><strong>Terell Pihlak<\/strong><br>\u00fclem\u00f5de<br>tel 731 9751<br><a href=\"mailto:terell.pihlak@kliinikum.ee\">terell.pihlak@kliinikum.ee<\/a><\/p>\n<\/div>\n\n\n\n<div class=\"wp-block-group is-nowrap is-layout-flex wp-container-core-group-is-layout-6c531013 wp-block-group-is-layout-flex\">\n<p><strong>Kerli Vaher<br><\/strong>Sekret\u00e4r<br>tel&nbsp; 731 9755<br><a href=\"mailto:kerli.vaher@kliinikum.ee\">kerli.vaher@kliinikum.ee<\/a><\/p>\n<\/div>\n\n\n\n<figure class=\"wp-block-image is-resized\"><img decoding=\"async\" src=\"https:\/\/www.kliinikum.ee\/wp-content\/uploads\/2022\/11\/visuel_oeil-1.jpg\" alt=\"\" class=\"wp-image-20408\" style=\"width:375px;height:auto\"\/><\/figure>\n\n\n\n<p><sub>Tartu \u00dclikooli Kliinikumi silmakliinik on Euroopa haruldaste silmahaiguste referentsv\u00f5rgustiku t\u00e4isliige<\/sub><\/p>\n","protected":false},"excerpt":{"rendered":"<p>Tartu \u00dclikooli Kliinikumi silmakliinik on k\u00f5rgema etapi raviasutus, kus tegeletakse k\u00f5ikide silmahaiguste diagnoosimise ja raviga \u00fcle kogu Eesti. Eesm\u00e4rgiks on&nbsp; patsientidele pakkuda kvaliteetset ja laiap\u00f5hjalist oftalmoloogilist raviteenust. Vastuv\u00f5tule registreerimine k\u00f5nekeskuse telefonil 731 9100,&nbsp;Terviseportaalis&nbsp;v\u00f5i&nbsp;kodulehe vormi kaudu. Info silmakliiniku erakorralise vastuv\u00f5tu kohta&nbsp;SIIN. Silmakliiniku koosseisu kuulub Administratsiooni kuulub Mikk Pauklinkliiniku juhataja&nbsp;tel 731 9750mikk.pauklin@kliinikum.ee Terell Pihlak\u00fclem\u00f5detel 731 9751terell.pihlak@kliinikum.ee Kerli [&hellip;]<\/p>\n","protected":false},"author":32,"featured_media":0,"parent":0,"menu_order":0,"comment_status":"closed","ping_status":"closed","template":"","meta":{"_acf_changed":false,"_uag_custom_page_level_css":"","footnotes":""},"class_list":["post-17","page","type-page","status-publish","hentry"],"acf":[],"yoast_head":"<!-- This site is optimized with the Yoast SEO plugin v27.3 - https:\/\/yoast.com\/product\/yoast-seo-wordpress\/ -->\n<title>Kliinikust - Silmakliinik<\/title>\n<meta name=\"robots\" content=\"index, follow, max-snippet:-1, max-image-preview:large, max-video-preview:-1\" \/>\n<link rel=\"canonical\" href=\"https:\/\/www.kliinikum.ee\/silmakliinik\/kliinikust\/\" \/>\n<meta property=\"og:locale\" content=\"et_EE\" \/>\n<meta property=\"og:type\" content=\"article\" \/>\n<meta property=\"og:title\" content=\"Kliinikust - Silmakliinik\" \/>\n<meta property=\"og:description\" content=\"Tartu \u00dclikooli Kliinikumi silmakliinik on k\u00f5rgema etapi raviasutus, kus tegeletakse k\u00f5ikide silmahaiguste diagnoosimise ja raviga \u00fcle kogu Eesti. Eesm\u00e4rgiks on&nbsp; patsientidele pakkuda kvaliteetset ja laiap\u00f5hjalist oftalmoloogilist raviteenust. Vastuv\u00f5tule registreerimine k\u00f5nekeskuse telefonil 731 9100,&nbsp;Terviseportaalis&nbsp;v\u00f5i&nbsp;kodulehe vormi kaudu. Info silmakliiniku erakorralise vastuv\u00f5tu kohta&nbsp;SIIN. Silmakliiniku koosseisu kuulub Administratsiooni kuulub Mikk Pauklinkliiniku juhataja&nbsp;tel 731 9750mikk.pauklin@kliinikum.ee Terell Pihlak\u00fclem\u00f5detel 731 9751terell.pihlak@kliinikum.ee Kerli [&hellip;]\" \/>\n<meta property=\"og:url\" content=\"https:\/\/www.kliinikum.ee\/silmakliinik\/kliinikust\/\" \/>\n<meta property=\"og:site_name\" content=\"Silmakliinik\" \/>\n<meta property=\"article:modified_time\" content=\"2025-09-25T07:01:07+00:00\" \/>\n<meta name=\"twitter:card\" content=\"summary_large_image\" \/>\n<meta name=\"twitter:label1\" content=\"Est. reading time\" \/>\n\t<meta name=\"twitter:data1\" content=\"2 minutit\" \/>\n<script type=\"application\/ld+json\" class=\"yoast-schema-graph\">{\"@context\":\"https:\\\/\\\/schema.org\",\"@graph\":[{\"@type\":\"WebPage\",\"@id\":\"https:\\\/\\\/www.kliinikum.ee\\\/silmakliinik\\\/kliinikust\\\/\",\"url\":\"https:\\\/\\\/www.kliinikum.ee\\\/silmakliinik\\\/kliinikust\\\/\",\"name\":\"Kliinikust - Silmakliinik\",\"isPartOf\":{\"@id\":\"https:\\\/\\\/www.kliinikum.ee\\\/silmakliinik\\\/#website\"},\"primaryImageOfPage\":{\"@id\":\"https:\\\/\\\/www.kliinikum.ee\\\/silmakliinik\\\/kliinikust\\\/#primaryimage\"},\"image\":{\"@id\":\"https:\\\/\\\/www.kliinikum.ee\\\/silmakliinik\\\/kliinikust\\\/#primaryimage\"},\"thumbnailUrl\":\"https:\\\/\\\/www.kliinikum.ee\\\/wp-content\\\/uploads\\\/2022\\\/11\\\/visuel_oeil-1.jpg\",\"datePublished\":\"2022-11-14T10:00:52+00:00\",\"dateModified\":\"2025-09-25T07:01:07+00:00\",\"breadcrumb\":{\"@id\":\"https:\\\/\\\/www.kliinikum.ee\\\/silmakliinik\\\/kliinikust\\\/#breadcrumb\"},\"inLanguage\":\"et\",\"potentialAction\":[{\"@type\":\"ReadAction\",\"target\":[\"https:\\\/\\\/www.kliinikum.ee\\\/silmakliinik\\\/kliinikust\\\/\"]}]},{\"@type\":\"ImageObject\",\"inLanguage\":\"et\",\"@id\":\"https:\\\/\\\/www.kliinikum.ee\\\/silmakliinik\\\/kliinikust\\\/#primaryimage\",\"url\":\"https:\\\/\\\/www.kliinikum.ee\\\/wp-content\\\/uploads\\\/2022\\\/11\\\/visuel_oeil-1.jpg\",\"contentUrl\":\"https:\\\/\\\/www.kliinikum.ee\\\/wp-content\\\/uploads\\\/2022\\\/11\\\/visuel_oeil-1.jpg\"},{\"@type\":\"BreadcrumbList\",\"@id\":\"https:\\\/\\\/www.kliinikum.ee\\\/silmakliinik\\\/kliinikust\\\/#breadcrumb\",\"itemListElement\":[{\"@type\":\"ListItem\",\"position\":1,\"name\":\"Home\",\"item\":\"https:\\\/\\\/www.kliinikum.ee\\\/silmakliinik\\\/\"},{\"@type\":\"ListItem\",\"position\":2,\"name\":\"Kliinikust\"}]},{\"@type\":\"WebSite\",\"@id\":\"https:\\\/\\\/www.kliinikum.ee\\\/silmakliinik\\\/#website\",\"url\":\"https:\\\/\\\/www.kliinikum.ee\\\/silmakliinik\\\/\",\"name\":\"Silmakliinik\",\"description\":\"Hoolivus, Uuendusmeelsus, P\u00e4devus ja Usaldusv\u00e4\u00e4rsus\",\"potentialAction\":[{\"@type\":\"SearchAction\",\"target\":{\"@type\":\"EntryPoint\",\"urlTemplate\":\"https:\\\/\\\/www.kliinikum.ee\\\/silmakliinik\\\/?s={search_term_string}\"},\"query-input\":{\"@type\":\"PropertyValueSpecification\",\"valueRequired\":true,\"valueName\":\"search_term_string\"}}],\"inLanguage\":\"et\"}]}<\/script>\n<!-- \/ Yoast SEO plugin. -->","yoast_head_json":{"title":"Kliinikust - Silmakliinik","robots":{"index":"index","follow":"follow","max-snippet":"max-snippet:-1","max-image-preview":"max-image-preview:large","max-video-preview":"max-video-preview:-1"},"canonical":"https:\/\/www.kliinikum.ee\/silmakliinik\/kliinikust\/","og_locale":"et_EE","og_type":"article","og_title":"Kliinikust - Silmakliinik","og_description":"Tartu \u00dclikooli Kliinikumi silmakliinik on k\u00f5rgema etapi raviasutus, kus tegeletakse k\u00f5ikide silmahaiguste diagnoosimise ja raviga \u00fcle kogu Eesti. Eesm\u00e4rgiks on&nbsp; patsientidele pakkuda kvaliteetset ja laiap\u00f5hjalist oftalmoloogilist raviteenust. Vastuv\u00f5tule registreerimine k\u00f5nekeskuse telefonil 731 9100,&nbsp;Terviseportaalis&nbsp;v\u00f5i&nbsp;kodulehe vormi kaudu. Info silmakliiniku erakorralise vastuv\u00f5tu kohta&nbsp;SIIN. Silmakliiniku koosseisu kuulub Administratsiooni kuulub Mikk Pauklinkliiniku juhataja&nbsp;tel 731 9750mikk.pauklin@kliinikum.ee Terell Pihlak\u00fclem\u00f5detel 731 9751terell.pihlak@kliinikum.ee Kerli [&hellip;]","og_url":"https:\/\/www.kliinikum.ee\/silmakliinik\/kliinikust\/","og_site_name":"Silmakliinik","article_modified_time":"2025-09-25T07:01:07+00:00","twitter_card":"summary_large_image","twitter_misc":{"Est. reading time":"2 minutit"},"schema":{"@context":"https:\/\/schema.org","@graph":[{"@type":"WebPage","@id":"https:\/\/www.kliinikum.ee\/silmakliinik\/kliinikust\/","url":"https:\/\/www.kliinikum.ee\/silmakliinik\/kliinikust\/","name":"Kliinikust - Silmakliinik","isPartOf":{"@id":"https:\/\/www.kliinikum.ee\/silmakliinik\/#website"},"primaryImageOfPage":{"@id":"https:\/\/www.kliinikum.ee\/silmakliinik\/kliinikust\/#primaryimage"},"image":{"@id":"https:\/\/www.kliinikum.ee\/silmakliinik\/kliinikust\/#primaryimage"},"thumbnailUrl":"https:\/\/www.kliinikum.ee\/wp-content\/uploads\/2022\/11\/visuel_oeil-1.jpg","datePublished":"2022-11-14T10:00:52+00:00","dateModified":"2025-09-25T07:01:07+00:00","breadcrumb":{"@id":"https:\/\/www.kliinikum.ee\/silmakliinik\/kliinikust\/#breadcrumb"},"inLanguage":"et","potentialAction":[{"@type":"ReadAction","target":["https:\/\/www.kliinikum.ee\/silmakliinik\/kliinikust\/"]}]},{"@type":"ImageObject","inLanguage":"et","@id":"https:\/\/www.kliinikum.ee\/silmakliinik\/kliinikust\/#primaryimage","url":"https:\/\/www.kliinikum.ee\/wp-content\/uploads\/2022\/11\/visuel_oeil-1.jpg","contentUrl":"https:\/\/www.kliinikum.ee\/wp-content\/uploads\/2022\/11\/visuel_oeil-1.jpg"},{"@type":"BreadcrumbList","@id":"https:\/\/www.kliinikum.ee\/silmakliinik\/kliinikust\/#breadcrumb","itemListElement":[{"@type":"ListItem","position":1,"name":"Home","item":"https:\/\/www.kliinikum.ee\/silmakliinik\/"},{"@type":"ListItem","position":2,"name":"Kliinikust"}]},{"@type":"WebSite","@id":"https:\/\/www.kliinikum.ee\/silmakliinik\/#website","url":"https:\/\/www.kliinikum.ee\/silmakliinik\/","name":"Silmakliinik","description":"Hoolivus, Uuendusmeelsus, P\u00e4devus ja Usaldusv\u00e4\u00e4rsus","potentialAction":[{"@type":"SearchAction","target":{"@type":"EntryPoint","urlTemplate":"https:\/\/www.kliinikum.ee\/silmakliinik\/?s={search_term_string}"},"query-input":{"@type":"PropertyValueSpecification","valueRequired":true,"valueName":"search_term_string"}}],"inLanguage":"et"}]}},"uagb_featured_image_src":{"full":false,"thumbnail":false,"medium":false,"medium_large":false,"large":false,"1536x1536":false,"2048x2048":false},"uagb_author_info":{"display_name":"erkky","author_link":"https:\/\/www.kliinikum.ee\/silmakliinik\/author\/erkky\/"},"uagb_comment_info":0,"uagb_excerpt":"Tartu \u00dclikooli Kliinikumi silmakliinik on k\u00f5rgema etapi raviasutus, kus tegeletakse k\u00f5ikide silmahaiguste diagnoosimise ja raviga \u00fcle kogu Eesti. Eesm\u00e4rgiks on&nbsp; patsientidele pakkuda kvaliteetset ja laiap\u00f5hjalist oftalmoloogilist raviteenust. Vastuv\u00f5tule registreerimine k\u00f5nekeskuse telefonil 731 9100,&nbsp;Terviseportaalis&nbsp;v\u00f5i&nbsp;kodulehe vormi kaudu. Info silmakliiniku erakorralise vastuv\u00f5tu kohta&nbsp;SIIN. Silmakliiniku koosseisu kuulub Administratsiooni kuulub Mikk Pauklinkliiniku juhataja&nbsp;tel 731 9750mikk.pauklin@kliinikum.ee Terell Pihlak\u00fclem\u00f5detel 731 9751terell.pihlak@kliinikum.ee Kerli&hellip;","_links":{"self":[{"href":"https:\/\/www.kliinikum.ee\/silmakliinik\/wp-json\/wp\/v2\/pages\/17","targetHints":{"allow":["GET"]}}],"collection":[{"href":"https:\/\/www.kliinikum.ee\/silmakliinik\/wp-json\/wp\/v2\/pages"}],"about":[{"href":"https:\/\/www.kliinikum.ee\/silmakliinik\/wp-json\/wp\/v2\/types\/page"}],"author":[{"embeddable":true,"href":"https:\/\/www.kliinikum.ee\/silmakliinik\/wp-json\/wp\/v2\/users\/32"}],"replies":[{"embeddable":true,"href":"https:\/\/www.kliinikum.ee\/silmakliinik\/wp-json\/wp\/v2\/comments?post=17"}],"version-history":[{"count":0,"href":"https:\/\/www.kliinikum.ee\/silmakliinik\/wp-json\/wp\/v2\/pages\/17\/revisions"}],"wp:attachment":[{"href":"https:\/\/www.kliinikum.ee\/silmakliinik\/wp-json\/wp\/v2\/media?parent=17"}],"curies":[{"name":"wp","href":"https:\/\/api.w.org\/{rel}","templated":true}]}}