{"id":19,"date":"2022-11-14T10:01:01","date_gmt":"2022-11-14T10:01:01","guid":{"rendered":"http:\/\/localhost\/?page_id=19"},"modified":"2024-11-12T09:54:15","modified_gmt":"2024-11-12T07:54:15","slug":"infomaterjalid","status":"publish","type":"page","link":"https:\/\/www.kliinikum.ee\/silmakliinik\/infomaterjalid\/","title":{"rendered":"Infomaterjalid"},"content":{"rendered":"\n<p class=\"has-medium-font-size\"><a href=\"https:\/\/www.kliinikum.ee\/patsiendiinfo-kategooria\/silmad\/\">Patsiendiinfo materjalid - silmad<\/a><\/p>\n\n\n\n<p class=\"has-medium-font-size\"><a href=\"https:\/\/www.kliinikum.ee\/patsiendiinfo-andmebaas\/kuiv-silm\/\">Kuiv silm<\/a><\/p>\n\n\n\n<p class=\"has-medium-font-size\"><a href=\"https:\/\/www.kliinikum.ee\/patsiendiinfo-andmebaas\/silmaoperatsioonile-tuleku-meelespea\/\">Silmaoperatsioonile tuleku meelespea<\/a><\/p>\n\n\n\n<p class=\"has-medium-font-size\"><a href=\"https:\/\/www.kliinikum.ee\/patsiendiinfo-andmebaas\/silmasisese-susti-jargne-meelespea\/\">Silmasisese s\u00fcsti j\u00e4rgne <\/a><\/p>\n\n\n\n<p><a href=\"https:\/\/www.kliinikum.ee\/patsiendiinfo-andmebaas\/blefariit-ehk-silma-lauaarepoletik\/\">Blefariit ehk silma lau\u00e4\u00e4rep\u00f5letik<\/a><\/p>\n\n\n\n<p><a href=\"https:\/\/www.kliinikum.ee\/patsiendiinfo-andmebaas\/diabeetiline-retinopaatia\/\">Diabeetiline retinopaatia<\/a><\/p>\n\n\n\n<p><a href=\"https:\/\/www.kliinikum.ee\/patsiendiinfo-andmebaas\/fluorestsiinangiograafia\/\">Fluorestsiinangiograafia<\/a><\/p>\n\n\n\n<p><a href=\"https:\/\/www.kliinikum.ee\/patsiendiinfo-andmebaas\/glaukoom\/\">Glaukoom<\/a><\/p>\n\n\n\n<p><a href=\"https:\/\/www.kliinikum.ee\/patsiendiinfo-andmebaas\/halaasion-ehk-rahetera\/\">Halaasion ehk rahetera<\/a><\/p>\n\n\n\n<p><a href=\"https:\/\/www.kliinikum.ee\/patsiendiinfo-andmebaas\/katarakti-oppevideo-patsientidele\/\">Katarakti \u00f5ppevideo patsientidele<\/a><\/p>\n\n\n\n<p><a href=\"https:\/\/www.kliinikum.ee\/patsiendiinfo-andmebaas\/klaaskeha-holjumid\/\">Klaaskeha h\u00f5ljumid<\/a><\/p>\n\n\n\n<p><a href=\"https:\/\/www.kliinikum.ee\/patsiendiinfo-andmebaas\/koordsilmsus-ehk-strabism\/\">K\u00f5\u00f5r(d)silmsus ehk strabism<\/a><\/p>\n\n\n\n<p><a href=\"https:\/\/www.kliinikum.ee\/patsiendiinfo-andmebaas\/pisarakanali-sulgus-lastel\/\">Pisarakanali sulgus lastel<\/a><\/p>\n\n\n\n<p><a href=\"https:\/\/www.kliinikum.ee\/patsiendiinfo-andmebaas\/silma-elektrofusioloogilised-uuringud\/\">Silma elektrof\u00fcsioloogilised uuringud<\/a><\/p>\n\n\n\n<p><a href=\"https:\/\/www.kliinikum.ee\/patsiendiinfo-andmebaas\/silma-kollatahni-ehk-maakuli-epiretinaalne-membraan\/\">Silma kollat\u00e4hni ehk maakuli epiretinaalne membraan<\/a><\/p>\n\n\n\n<p><a href=\"https:\/\/www.kliinikum.ee\/patsiendiinfo-andmebaas\/silma-kollatahni-ehk-maakuli-umarauk\/\">Silma kollat\u00e4hni ehk maakuli \u00fcmarauk<\/a><\/p>\n\n\n\n<p><a href=\"https:\/\/www.kliinikum.ee\/patsiendiinfo-andmebaas\/silma-sarvkesta-marrastus\/\">Silma sarvkesta marrastus<\/a><\/p>\n\n\n\n<p><a href=\"https:\/\/www.kliinikum.ee\/patsiendiinfo-andmebaas\/silma-vorkkesta-veeni-sulgus\/\">Silma v\u00f5rkkesta veeni sulgus<\/a><\/p>\n\n\n\n<p><a href=\"https:\/\/www.kliinikum.ee\/patsiendiinfo-andmebaas\/silmaoperatsiooni-jargne-meelespea\/\">Silmaoperatsiooni j\u00e4rgne meelespea<\/a><\/p>\n\n\n\n<p><a href=\"https:\/\/www.kliinikum.ee\/patsiendiinfo-andmebaas\/silmaoperatsioonile-tuleku-meelespea\/\">Silmaoperatsioonile tuleku meelespea<\/a><\/p>\n\n\n\n<p><a href=\"https:\/\/www.kliinikum.ee\/patsiendiinfo-andmebaas\/silmaprotees\/\">Silmaprotees<\/a><\/p>\n\n\n\n<p><a href=\"https:\/\/www.kliinikum.ee\/patsiendiinfo-andmebaas\/silmapohja-laserravi\/\">Silmap\u00f5hja laserravi<\/a><\/p>\n\n\n\n<p><a href=\"https:\/\/www.kliinikum.ee\/patsiendiinfo-andmebaas\/silmasisese-susti-jargne-meelespea\/\">Silmasisese s\u00fcsti j\u00e4rgne meelespea<\/a><\/p>\n\n\n\n<p><a href=\"https:\/\/www.kliinikum.ee\/patsiendiinfo-andmebaas\/silmatilkade-ja-salvi-kasutamine\/\">Silmatilkade ja -salvi kasutamine<\/a><\/p>\n\n\n\n<p><a href=\"https:\/\/www.kliinikum.ee\/patsiendiinfo-andmebaas\/voorkeha-silmas\/\">V\u00f5\u00f5rkeha silmas<\/a><\/p>\n\n\n\n<p><\/p>\n","protected":false},"excerpt":{"rendered":"<p>Patsiendiinfo materjalid - silmad Kuiv silm Silmaoperatsioonile tuleku meelespea Silmasisese s\u00fcsti j\u00e4rgne Blefariit ehk silma lau\u00e4\u00e4rep\u00f5letik Diabeetiline retinopaatia Fluorestsiinangiograafia Glaukoom Halaasion ehk rahetera Katarakti \u00f5ppevideo patsientidele Klaaskeha h\u00f5ljumid K\u00f5\u00f5r(d)silmsus ehk strabism Pisarakanali sulgus lastel Silma elektrof\u00fcsioloogilised uuringud Silma kollat\u00e4hni ehk maakuli epiretinaalne membraan Silma kollat\u00e4hni ehk maakuli \u00fcmarauk Silma sarvkesta marrastus Silma v\u00f5rkkesta veeni sulgus [&hellip;]<\/p>\n","protected":false},"author":32,"featured_media":0,"parent":0,"menu_order":0,"comment_status":"closed","ping_status":"closed","template":"","meta":{"_acf_changed":false,"_uag_custom_page_level_css":"","footnotes":""},"class_list":["post-19","page","type-page","status-publish","hentry"],"acf":[],"yoast_head":"<!-- This site is optimized with the Yoast SEO plugin v27.3 - https:\/\/yoast.com\/product\/yoast-seo-wordpress\/ -->\n<title>Infomaterjalid - Silmakliinik<\/title>\n<meta name=\"robots\" content=\"index, follow, max-snippet:-1, max-image-preview:large, max-video-preview:-1\" \/>\n<link rel=\"canonical\" href=\"https:\/\/www.kliinikum.ee\/silmakliinik\/infomaterjalid\/\" \/>\n<meta property=\"og:locale\" content=\"et_EE\" \/>\n<meta property=\"og:type\" content=\"article\" \/>\n<meta property=\"og:title\" content=\"Infomaterjalid - Silmakliinik\" \/>\n<meta property=\"og:description\" content=\"Patsiendiinfo materjalid - silmad Kuiv silm Silmaoperatsioonile tuleku meelespea Silmasisese s\u00fcsti j\u00e4rgne Blefariit ehk silma lau\u00e4\u00e4rep\u00f5letik Diabeetiline retinopaatia Fluorestsiinangiograafia Glaukoom Halaasion ehk rahetera Katarakti \u00f5ppevideo patsientidele Klaaskeha h\u00f5ljumid K\u00f5\u00f5r(d)silmsus ehk strabism Pisarakanali sulgus lastel Silma elektrof\u00fcsioloogilised uuringud Silma kollat\u00e4hni ehk maakuli epiretinaalne membraan Silma kollat\u00e4hni ehk maakuli \u00fcmarauk Silma sarvkesta marrastus Silma v\u00f5rkkesta veeni sulgus [&hellip;]\" \/>\n<meta property=\"og:url\" content=\"https:\/\/www.kliinikum.ee\/silmakliinik\/infomaterjalid\/\" \/>\n<meta property=\"og:site_name\" content=\"Silmakliinik\" \/>\n<meta property=\"article:modified_time\" content=\"2024-11-12T07:54:15+00:00\" \/>\n<meta name=\"twitter:card\" content=\"summary_large_image\" \/>\n<meta name=\"twitter:label1\" content=\"Est. reading time\" \/>\n\t<meta name=\"twitter:data1\" content=\"1 minut\" \/>\n<script type=\"application\/ld+json\" class=\"yoast-schema-graph\">{\"@context\":\"https:\\\/\\\/schema.org\",\"@graph\":[{\"@type\":\"WebPage\",\"@id\":\"https:\\\/\\\/www.kliinikum.ee\\\/silmakliinik\\\/infomaterjalid\\\/\",\"url\":\"https:\\\/\\\/www.kliinikum.ee\\\/silmakliinik\\\/infomaterjalid\\\/\",\"name\":\"Infomaterjalid - Silmakliinik\",\"isPartOf\":{\"@id\":\"https:\\\/\\\/www.kliinikum.ee\\\/silmakliinik\\\/#website\"},\"datePublished\":\"2022-11-14T10:01:01+00:00\",\"dateModified\":\"2024-11-12T07:54:15+00:00\",\"breadcrumb\":{\"@id\":\"https:\\\/\\\/www.kliinikum.ee\\\/silmakliinik\\\/infomaterjalid\\\/#breadcrumb\"},\"inLanguage\":\"et\",\"potentialAction\":[{\"@type\":\"ReadAction\",\"target\":[\"https:\\\/\\\/www.kliinikum.ee\\\/silmakliinik\\\/infomaterjalid\\\/\"]}]},{\"@type\":\"BreadcrumbList\",\"@id\":\"https:\\\/\\\/www.kliinikum.ee\\\/silmakliinik\\\/infomaterjalid\\\/#breadcrumb\",\"itemListElement\":[{\"@type\":\"ListItem\",\"position\":1,\"name\":\"Home\",\"item\":\"https:\\\/\\\/www.kliinikum.ee\\\/silmakliinik\\\/\"},{\"@type\":\"ListItem\",\"position\":2,\"name\":\"Infomaterjalid\"}]},{\"@type\":\"WebSite\",\"@id\":\"https:\\\/\\\/www.kliinikum.ee\\\/silmakliinik\\\/#website\",\"url\":\"https:\\\/\\\/www.kliinikum.ee\\\/silmakliinik\\\/\",\"name\":\"Silmakliinik\",\"description\":\"Hoolivus, Uuendusmeelsus, P\u00e4devus ja Usaldusv\u00e4\u00e4rsus\",\"potentialAction\":[{\"@type\":\"SearchAction\",\"target\":{\"@type\":\"EntryPoint\",\"urlTemplate\":\"https:\\\/\\\/www.kliinikum.ee\\\/silmakliinik\\\/?s={search_term_string}\"},\"query-input\":{\"@type\":\"PropertyValueSpecification\",\"valueRequired\":true,\"valueName\":\"search_term_string\"}}],\"inLanguage\":\"et\"}]}<\/script>\n<!-- \/ Yoast SEO plugin. -->","yoast_head_json":{"title":"Infomaterjalid - Silmakliinik","robots":{"index":"index","follow":"follow","max-snippet":"max-snippet:-1","max-image-preview":"max-image-preview:large","max-video-preview":"max-video-preview:-1"},"canonical":"https:\/\/www.kliinikum.ee\/silmakliinik\/infomaterjalid\/","og_locale":"et_EE","og_type":"article","og_title":"Infomaterjalid - Silmakliinik","og_description":"Patsiendiinfo materjalid - silmad Kuiv silm Silmaoperatsioonile tuleku meelespea Silmasisese s\u00fcsti j\u00e4rgne Blefariit ehk silma lau\u00e4\u00e4rep\u00f5letik Diabeetiline retinopaatia Fluorestsiinangiograafia Glaukoom Halaasion ehk rahetera Katarakti \u00f5ppevideo patsientidele Klaaskeha h\u00f5ljumid K\u00f5\u00f5r(d)silmsus ehk strabism Pisarakanali sulgus lastel Silma elektrof\u00fcsioloogilised uuringud Silma kollat\u00e4hni ehk maakuli epiretinaalne membraan Silma kollat\u00e4hni ehk maakuli \u00fcmarauk Silma sarvkesta marrastus Silma v\u00f5rkkesta veeni sulgus [&hellip;]","og_url":"https:\/\/www.kliinikum.ee\/silmakliinik\/infomaterjalid\/","og_site_name":"Silmakliinik","article_modified_time":"2024-11-12T07:54:15+00:00","twitter_card":"summary_large_image","twitter_misc":{"Est. reading time":"1 minut"},"schema":{"@context":"https:\/\/schema.org","@graph":[{"@type":"WebPage","@id":"https:\/\/www.kliinikum.ee\/silmakliinik\/infomaterjalid\/","url":"https:\/\/www.kliinikum.ee\/silmakliinik\/infomaterjalid\/","name":"Infomaterjalid - Silmakliinik","isPartOf":{"@id":"https:\/\/www.kliinikum.ee\/silmakliinik\/#website"},"datePublished":"2022-11-14T10:01:01+00:00","dateModified":"2024-11-12T07:54:15+00:00","breadcrumb":{"@id":"https:\/\/www.kliinikum.ee\/silmakliinik\/infomaterjalid\/#breadcrumb"},"inLanguage":"et","potentialAction":[{"@type":"ReadAction","target":["https:\/\/www.kliinikum.ee\/silmakliinik\/infomaterjalid\/"]}]},{"@type":"BreadcrumbList","@id":"https:\/\/www.kliinikum.ee\/silmakliinik\/infomaterjalid\/#breadcrumb","itemListElement":[{"@type":"ListItem","position":1,"name":"Home","item":"https:\/\/www.kliinikum.ee\/silmakliinik\/"},{"@type":"ListItem","position":2,"name":"Infomaterjalid"}]},{"@type":"WebSite","@id":"https:\/\/www.kliinikum.ee\/silmakliinik\/#website","url":"https:\/\/www.kliinikum.ee\/silmakliinik\/","name":"Silmakliinik","description":"Hoolivus, Uuendusmeelsus, P\u00e4devus ja Usaldusv\u00e4\u00e4rsus","potentialAction":[{"@type":"SearchAction","target":{"@type":"EntryPoint","urlTemplate":"https:\/\/www.kliinikum.ee\/silmakliinik\/?s={search_term_string}"},"query-input":{"@type":"PropertyValueSpecification","valueRequired":true,"valueName":"search_term_string"}}],"inLanguage":"et"}]}},"uagb_featured_image_src":{"full":false,"thumbnail":false,"medium":false,"medium_large":false,"large":false,"1536x1536":false,"2048x2048":false},"uagb_author_info":{"display_name":"erkky","author_link":"https:\/\/www.kliinikum.ee\/silmakliinik\/author\/erkky\/"},"uagb_comment_info":0,"uagb_excerpt":"Patsiendiinfo materjalid - silmad Kuiv silm Silmaoperatsioonile tuleku meelespea Silmasisese s\u00fcsti j\u00e4rgne Blefariit ehk silma lau\u00e4\u00e4rep\u00f5letik Diabeetiline retinopaatia Fluorestsiinangiograafia Glaukoom Halaasion ehk rahetera Katarakti \u00f5ppevideo patsientidele Klaaskeha h\u00f5ljumid K\u00f5\u00f5r(d)silmsus ehk strabism Pisarakanali sulgus lastel Silma elektrof\u00fcsioloogilised uuringud Silma kollat\u00e4hni ehk maakuli epiretinaalne membraan Silma kollat\u00e4hni ehk maakuli \u00fcmarauk Silma sarvkesta marrastus Silma v\u00f5rkkesta veeni sulgus&hellip;","_links":{"self":[{"href":"https:\/\/www.kliinikum.ee\/silmakliinik\/wp-json\/wp\/v2\/pages\/19","targetHints":{"allow":["GET"]}}],"collection":[{"href":"https:\/\/www.kliinikum.ee\/silmakliinik\/wp-json\/wp\/v2\/pages"}],"about":[{"href":"https:\/\/www.kliinikum.ee\/silmakliinik\/wp-json\/wp\/v2\/types\/page"}],"author":[{"embeddable":true,"href":"https:\/\/www.kliinikum.ee\/silmakliinik\/wp-json\/wp\/v2\/users\/32"}],"replies":[{"embeddable":true,"href":"https:\/\/www.kliinikum.ee\/silmakliinik\/wp-json\/wp\/v2\/comments?post=19"}],"version-history":[{"count":0,"href":"https:\/\/www.kliinikum.ee\/silmakliinik\/wp-json\/wp\/v2\/pages\/19\/revisions"}],"wp:attachment":[{"href":"https:\/\/www.kliinikum.ee\/silmakliinik\/wp-json\/wp\/v2\/media?parent=19"}],"curies":[{"name":"wp","href":"https:\/\/api.w.org\/{rel}","templated":true}]}}