{"id":15,"date":"2022-11-14T10:00:43","date_gmt":"2022-11-14T10:00:43","guid":{"rendered":"http:\/\/localhost\/?page_id=15"},"modified":"2025-09-18T12:11:55","modified_gmt":"2025-09-18T10:11:55","slug":"patsiendile","status":"publish","type":"page","link":"https:\/\/www.kliinikum.ee\/sisekliinik\/patsiendile\/","title":{"rendered":"Patsiendile"},"content":{"rendered":"\n<h3 class=\"wp-block-heading has-medium-font-size\">AMBULATOORNE VASTUV\u00d5TT<\/h3>\n\n\n\n<p class=\"has-medium-font-size\">Ambulatoorsete vastuv\u00f5ttude informatsiooni leiate <strong><a href=\"https:\/\/www.kliinikum.ee\/sisekliinik\/kliinikust\/ambulatoorne-osakond\/\">SIIT<\/a>.<\/strong><\/p>\n\n\n\n<p><\/p>\n\n\n\n<h3 class=\"wp-block-heading has-medium-font-size\"><strong>HAIGLASSE TULEK <\/strong><\/h3>\n\n\n\n<p class=\"has-medium-font-size\">Plaanilises korras haiglaravile tulekul on <strong>vajalik perearsti v\u00f5i eriarsti digitaalne saatekiri <\/strong>ja kokkulepe osakonna juhatajaga.<br>Ootame plaanilisi haigeid haiglasse alates kell 11.00, haiglast lahkumine tuleks planeerida v\u00f5imaluse korral hiljemalt kell 12.00.<br>&nbsp;<br><strong>Plaaniliste haigete vastuv\u00f5tt osakondadesse toimub:<\/strong><br>L. Puusepa 8 I korrusel J-korpuses (sissep\u00e4\u00e4s Lunini tn poolsest uksest), E - R&nbsp; kell 8.00-16.00.<br>&nbsp;<br>Peale haiglasse registreerimist saadetakse Teid osakonda. Osakonna valve\u00f5de vormistab Teie saabumise, tutvustab osakonda ja saadab palatisse. &nbsp;<br>Saabumisp\u00e4eval saate Te \u00f5htus\u00f6\u00f6gi. <\/p>\n\n\n\n<p class=\"has-medium-font-size\">Majas avatud ka Kohvikum 2. korrusel ja kaks R-Kioskit 1. korrusel.<br>\u00a0\u00a0<br><strong>Haiglasse tulles palume kaasa v\u00f5tta<\/strong>:<\/p>\n\n\n\n<ul class=\"wp-block-list\">\n<li class=\"has-medium-font-size\">isikut t\u00f5endav dokument<\/li>\n\n\n\n<li class=\"has-medium-font-size\">eelnevate uuringute andmed<\/li>\n\n\n\n<li class=\"has-medium-font-size\">nimekiri regulaarselt tarvitatavatest ravimitest<\/li>\n\n\n\n<li class=\"has-medium-font-size\">isiklikud h\u00fcgieenitarbed<\/li>\n\n\n\n<li class=\"has-medium-font-size\">toasussid<\/li>\n\n\n\n<li class=\"has-medium-font-size\">soovi korral vahetusriided<\/li>\n<\/ul>\n\n\n\n<h3 class=\"wp-block-heading has-medium-font-size\">HAIGLAST LAHKUMINE<\/h3>\n\n\n\n<p class=\"has-medium-font-size\">Haiglast lahkudes tuleb tasuda voodip\u00e4evatasu 5 eur\/p\u00e4ev, maksimaalselt 10 p\u00e4eva eest.<br>Voodip\u00e4evatasu saab maksta sekret\u00e4ridele ruumis L4011, IV korrusel.<br>\u00a0<br><strong>Patsientide k\u00fclastamine<br><\/strong>Soovitatav k\u00fclastusaeg t\u00f6\u00f6p\u00e4evadel kell 14.00-19.00, laup\u00e4eval ja p\u00fchap\u00e4eval kell 10.00-17.00.<\/p>\n\n\n\n<p class=\"has-medium-font-size\"><strong>Intensiivravi palatid<\/strong> asuvad kolmes osakonnas. T\u00e4psem info siit: <a href=\"https:\/\/www.kliinikum.ee\/patsiendiinfo-andmebaas\/sisekliiniku-intensiivravipalat-info-lahedasele\/\" target=\"_blank\" rel=\"noreferrer noopener\">https:\/\/www.kliinikum.ee\/patsiendiinfo-andmebaas\/sisekliiniku-intensiivravipalat-info-lahedasele\/<\/a><\/p>\n\n\n\n<p><\/p>\n","protected":false},"excerpt":{"rendered":"<p>AMBULATOORNE VASTUV\u00d5TT Ambulatoorsete vastuv\u00f5ttude informatsiooni leiate SIIT. HAIGLASSE TULEK Plaanilises korras haiglaravile tulekul on vajalik perearsti v\u00f5i eriarsti digitaalne saatekiri ja kokkulepe osakonna juhatajaga.Ootame plaanilisi haigeid haiglasse alates kell 11.00, haiglast lahkumine tuleks planeerida v\u00f5imaluse korral hiljemalt kell 12.00.&nbsp;Plaaniliste haigete vastuv\u00f5tt osakondadesse toimub:L. Puusepa 8 I korrusel J-korpuses (sissep\u00e4\u00e4s Lunini tn poolsest uksest), E - [&hellip;]<\/p>\n","protected":false},"author":32,"featured_media":0,"parent":0,"menu_order":0,"comment_status":"closed","ping_status":"closed","template":"","meta":{"_acf_changed":false,"_uag_custom_page_level_css":"","footnotes":""},"class_list":["post-15","page","type-page","status-publish","hentry"],"acf":[],"yoast_head":"<!-- This site is optimized with the Yoast SEO plugin v27.5 - https:\/\/yoast.com\/product\/yoast-seo-wordpress\/ -->\n<title>Patsiendile - Sisekliinik<\/title>\n<meta name=\"robots\" content=\"index, follow, max-snippet:-1, max-image-preview:large, max-video-preview:-1\" \/>\n<link rel=\"canonical\" href=\"https:\/\/www.kliinikum.ee\/sisekliinik\/patsiendile\/\" \/>\n<meta property=\"og:locale\" content=\"et_EE\" \/>\n<meta property=\"og:type\" content=\"article\" \/>\n<meta property=\"og:title\" content=\"Patsiendile - Sisekliinik\" \/>\n<meta property=\"og:description\" content=\"AMBULATOORNE VASTUV\u00d5TT Ambulatoorsete vastuv\u00f5ttude informatsiooni leiate SIIT. HAIGLASSE TULEK Plaanilises korras haiglaravile tulekul on vajalik perearsti v\u00f5i eriarsti digitaalne saatekiri ja kokkulepe osakonna juhatajaga.Ootame plaanilisi haigeid haiglasse alates kell 11.00, haiglast lahkumine tuleks planeerida v\u00f5imaluse korral hiljemalt kell 12.00.&nbsp;Plaaniliste haigete vastuv\u00f5tt osakondadesse toimub:L. Puusepa 8 I korrusel J-korpuses (sissep\u00e4\u00e4s Lunini tn poolsest uksest), E - [&hellip;]\" \/>\n<meta property=\"og:url\" content=\"https:\/\/www.kliinikum.ee\/sisekliinik\/patsiendile\/\" \/>\n<meta property=\"og:site_name\" content=\"Sisekliinik\" \/>\n<meta property=\"article:modified_time\" content=\"2025-09-18T10:11:55+00:00\" \/>\n<meta name=\"twitter:card\" content=\"summary_large_image\" \/>\n<meta name=\"twitter:label1\" content=\"Est. reading time\" \/>\n\t<meta name=\"twitter:data1\" content=\"1 minut\" \/>\n<script type=\"application\/ld+json\" class=\"yoast-schema-graph\">{\"@context\":\"https:\\\/\\\/schema.org\",\"@graph\":[{\"@type\":\"WebPage\",\"@id\":\"https:\\\/\\\/www.kliinikum.ee\\\/sisekliinik\\\/patsiendile\\\/\",\"url\":\"https:\\\/\\\/www.kliinikum.ee\\\/sisekliinik\\\/patsiendile\\\/\",\"name\":\"Patsiendile - Sisekliinik\",\"isPartOf\":{\"@id\":\"https:\\\/\\\/www.kliinikum.ee\\\/sisekliinik\\\/#website\"},\"datePublished\":\"2022-11-14T10:00:43+00:00\",\"dateModified\":\"2025-09-18T10:11:55+00:00\",\"breadcrumb\":{\"@id\":\"https:\\\/\\\/www.kliinikum.ee\\\/sisekliinik\\\/patsiendile\\\/#breadcrumb\"},\"inLanguage\":\"et\",\"potentialAction\":[{\"@type\":\"ReadAction\",\"target\":[\"https:\\\/\\\/www.kliinikum.ee\\\/sisekliinik\\\/patsiendile\\\/\"]}]},{\"@type\":\"BreadcrumbList\",\"@id\":\"https:\\\/\\\/www.kliinikum.ee\\\/sisekliinik\\\/patsiendile\\\/#breadcrumb\",\"itemListElement\":[{\"@type\":\"ListItem\",\"position\":1,\"name\":\"Home\",\"item\":\"https:\\\/\\\/www.kliinikum.ee\\\/sisekliinik\\\/\"},{\"@type\":\"ListItem\",\"position\":2,\"name\":\"Patsiendile\"}]},{\"@type\":\"WebSite\",\"@id\":\"https:\\\/\\\/www.kliinikum.ee\\\/sisekliinik\\\/#website\",\"url\":\"https:\\\/\\\/www.kliinikum.ee\\\/sisekliinik\\\/\",\"name\":\"Sisekliinik\",\"description\":\"Hoolivus, Uuendusmeelsus, P\u00e4devus ja Usaldusv\u00e4\u00e4rsus\",\"potentialAction\":[{\"@type\":\"SearchAction\",\"target\":{\"@type\":\"EntryPoint\",\"urlTemplate\":\"https:\\\/\\\/www.kliinikum.ee\\\/sisekliinik\\\/?s={search_term_string}\"},\"query-input\":{\"@type\":\"PropertyValueSpecification\",\"valueRequired\":true,\"valueName\":\"search_term_string\"}}],\"inLanguage\":\"et\"}]}<\/script>\n<!-- \/ Yoast SEO plugin. -->","yoast_head_json":{"title":"Patsiendile - Sisekliinik","robots":{"index":"index","follow":"follow","max-snippet":"max-snippet:-1","max-image-preview":"max-image-preview:large","max-video-preview":"max-video-preview:-1"},"canonical":"https:\/\/www.kliinikum.ee\/sisekliinik\/patsiendile\/","og_locale":"et_EE","og_type":"article","og_title":"Patsiendile - Sisekliinik","og_description":"AMBULATOORNE VASTUV\u00d5TT Ambulatoorsete vastuv\u00f5ttude informatsiooni leiate SIIT. HAIGLASSE TULEK Plaanilises korras haiglaravile tulekul on vajalik perearsti v\u00f5i eriarsti digitaalne saatekiri ja kokkulepe osakonna juhatajaga.Ootame plaanilisi haigeid haiglasse alates kell 11.00, haiglast lahkumine tuleks planeerida v\u00f5imaluse korral hiljemalt kell 12.00.&nbsp;Plaaniliste haigete vastuv\u00f5tt osakondadesse toimub:L. Puusepa 8 I korrusel J-korpuses (sissep\u00e4\u00e4s Lunini tn poolsest uksest), E - [&hellip;]","og_url":"https:\/\/www.kliinikum.ee\/sisekliinik\/patsiendile\/","og_site_name":"Sisekliinik","article_modified_time":"2025-09-18T10:11:55+00:00","twitter_card":"summary_large_image","twitter_misc":{"Est. reading time":"1 minut"},"schema":{"@context":"https:\/\/schema.org","@graph":[{"@type":"WebPage","@id":"https:\/\/www.kliinikum.ee\/sisekliinik\/patsiendile\/","url":"https:\/\/www.kliinikum.ee\/sisekliinik\/patsiendile\/","name":"Patsiendile - Sisekliinik","isPartOf":{"@id":"https:\/\/www.kliinikum.ee\/sisekliinik\/#website"},"datePublished":"2022-11-14T10:00:43+00:00","dateModified":"2025-09-18T10:11:55+00:00","breadcrumb":{"@id":"https:\/\/www.kliinikum.ee\/sisekliinik\/patsiendile\/#breadcrumb"},"inLanguage":"et","potentialAction":[{"@type":"ReadAction","target":["https:\/\/www.kliinikum.ee\/sisekliinik\/patsiendile\/"]}]},{"@type":"BreadcrumbList","@id":"https:\/\/www.kliinikum.ee\/sisekliinik\/patsiendile\/#breadcrumb","itemListElement":[{"@type":"ListItem","position":1,"name":"Home","item":"https:\/\/www.kliinikum.ee\/sisekliinik\/"},{"@type":"ListItem","position":2,"name":"Patsiendile"}]},{"@type":"WebSite","@id":"https:\/\/www.kliinikum.ee\/sisekliinik\/#website","url":"https:\/\/www.kliinikum.ee\/sisekliinik\/","name":"Sisekliinik","description":"Hoolivus, Uuendusmeelsus, P\u00e4devus ja Usaldusv\u00e4\u00e4rsus","potentialAction":[{"@type":"SearchAction","target":{"@type":"EntryPoint","urlTemplate":"https:\/\/www.kliinikum.ee\/sisekliinik\/?s={search_term_string}"},"query-input":{"@type":"PropertyValueSpecification","valueRequired":true,"valueName":"search_term_string"}}],"inLanguage":"et"}]}},"uagb_featured_image_src":{"full":false,"thumbnail":false,"medium":false,"medium_large":false,"large":false,"1536x1536":false,"2048x2048":false},"uagb_author_info":{"display_name":"erkky","author_link":"https:\/\/www.kliinikum.ee\/sisekliinik\/author\/erkky\/"},"uagb_comment_info":0,"uagb_excerpt":"AMBULATOORNE VASTUV\u00d5TT Ambulatoorsete vastuv\u00f5ttude informatsiooni leiate SIIT. HAIGLASSE TULEK Plaanilises korras haiglaravile tulekul on vajalik perearsti v\u00f5i eriarsti digitaalne saatekiri ja kokkulepe osakonna juhatajaga.Ootame plaanilisi haigeid haiglasse alates kell 11.00, haiglast lahkumine tuleks planeerida v\u00f5imaluse korral hiljemalt kell 12.00.&nbsp;Plaaniliste haigete vastuv\u00f5tt osakondadesse toimub:L. Puusepa 8 I korrusel J-korpuses (sissep\u00e4\u00e4s Lunini tn poolsest uksest), E -&hellip;","_links":{"self":[{"href":"https:\/\/www.kliinikum.ee\/sisekliinik\/wp-json\/wp\/v2\/pages\/15","targetHints":{"allow":["GET"]}}],"collection":[{"href":"https:\/\/www.kliinikum.ee\/sisekliinik\/wp-json\/wp\/v2\/pages"}],"about":[{"href":"https:\/\/www.kliinikum.ee\/sisekliinik\/wp-json\/wp\/v2\/types\/page"}],"author":[{"embeddable":true,"href":"https:\/\/www.kliinikum.ee\/sisekliinik\/wp-json\/wp\/v2\/users\/32"}],"replies":[{"embeddable":true,"href":"https:\/\/www.kliinikum.ee\/sisekliinik\/wp-json\/wp\/v2\/comments?post=15"}],"version-history":[{"count":0,"href":"https:\/\/www.kliinikum.ee\/sisekliinik\/wp-json\/wp\/v2\/pages\/15\/revisions"}],"wp:attachment":[{"href":"https:\/\/www.kliinikum.ee\/sisekliinik\/wp-json\/wp\/v2\/media?parent=15"}],"curies":[{"name":"wp","href":"https:\/\/api.w.org\/{rel}","templated":true}]}}