{"id":17,"date":"2022-11-14T10:00:52","date_gmt":"2022-11-14T10:00:52","guid":{"rendered":"http:\/\/localhost\/?page_id=17"},"modified":"2026-01-20T10:49:04","modified_gmt":"2026-01-20T08:49:04","slug":"kliinikust","status":"publish","type":"page","link":"https:\/\/www.kliinikum.ee\/sisekliinik\/kliinikust\/","title":{"rendered":"Kliinikust"},"content":{"rendered":"\n<p class=\"has-medium-font-size\">Sisekliinik on  \u00fcks suurematest kliinikutest Tartu \u00dclikooli Kliinikumis, asukohaga Tartus L. Puusepa 8, F-, J- ja L-korpustes. <br>Kliiniku koosseisu kuulub 6 sisemeditsiini eriala: <br>endokrinoloogia, reumatoloogia, sisehaigused, gastroenteroloogia, nefroloogia ja infektsioonhaigused.<br><br>Sisekliinik koosneb kuuest osakonnast:  <br>ambulatoorne osakond, endoskoopiakeskus, gastroenteroloogia, nakkushaigused, nefroloogia ja sisehaiguste-reumatoloogia-endokrinoloogia osakond.<\/p>\n\n\n\n<p>Sisekliinikus on ka 3 intensiivravi palatit: nakkushaiguste osakonnas, gastroenteroloogia osakonnas ja sisehaiguste osakonnas. T\u00e4psem info siin: <a href=\"https:\/\/www.kliinikum.ee\/patsiendiinfo-andmebaas\/sisekliiniku-intensiivravipalat-info-lahedasele\/\" target=\"_blank\" rel=\"noreferrer noopener\">https:\/\/www.kliinikum.ee\/patsiendiinfo-andmebaas\/sisekliiniku-intensiivravipalat-info-lahedasele\/<\/a><\/p>\n\n\n\n<p><\/p>\n\n\n\n<ul class=\"wp-block-list\">\n<li class=\"has-medium-font-size\">K\u00f5ikide osakondade info on leitav vasakult men\u00fc\u00fcst<\/li>\n<\/ul>\n\n\n\n<p><\/p>\n\n\n\n<div class=\"wp-block-buttons is-layout-flex wp-block-buttons-is-layout-flex\"><\/div>\n\n\n\n<figure class=\"wp-block-gallery has-nested-images columns-default is-cropped wp-block-gallery-1 is-layout-flex wp-block-gallery-is-layout-flex\">\n<figure class=\"wp-block-image size-large\"><img loading=\"lazy\" decoding=\"async\" width=\"1024\" height=\"683\" data-id=\"6565\" src=\"https:\/\/www.kliinikum.ee\/sisekliinik\/wp-content\/uploads\/2023\/05\/IMG_7986-1024x683.jpg\" alt=\"\" class=\"wp-image-6565\" srcset=\"https:\/\/www.kliinikum.ee\/sisekliinik\/wp-content\/uploads\/2023\/05\/IMG_7986-1024x683.jpg 1024w, https:\/\/www.kliinikum.ee\/sisekliinik\/wp-content\/uploads\/2023\/05\/IMG_7986-300x200.jpg 300w, https:\/\/www.kliinikum.ee\/sisekliinik\/wp-content\/uploads\/2023\/05\/IMG_7986-768x512.jpg 768w, https:\/\/www.kliinikum.ee\/sisekliinik\/wp-content\/uploads\/2023\/05\/IMG_7986-1536x1024.jpg 1536w, https:\/\/www.kliinikum.ee\/sisekliinik\/wp-content\/uploads\/2023\/05\/IMG_7986-2048x1365.jpg 2048w, https:\/\/www.kliinikum.ee\/sisekliinik\/wp-content\/uploads\/2023\/05\/IMG_7986-scaled.jpg 2560w\" sizes=\"auto, (max-width: 1024px) 100vw, 1024px\" \/><figcaption class=\"wp-element-caption\">P\u00f5letikulise soolehaiguse \u00f5de<\/figcaption><\/figure>\n\n\n\n<figure class=\"wp-block-image size-large\"><img loading=\"lazy\" decoding=\"async\" width=\"683\" height=\"1024\" data-id=\"6375\" src=\"https:\/\/www.kliinikum.ee\/sisekliinik\/wp-content\/uploads\/2023\/05\/IMG_0845-683x1024.jpg\" alt=\"\" class=\"wp-image-6375\" srcset=\"https:\/\/www.kliinikum.ee\/sisekliinik\/wp-content\/uploads\/2023\/05\/IMG_0845-683x1024.jpg 683w, https:\/\/www.kliinikum.ee\/sisekliinik\/wp-content\/uploads\/2023\/05\/IMG_0845-200x300.jpg 200w, https:\/\/www.kliinikum.ee\/sisekliinik\/wp-content\/uploads\/2023\/05\/IMG_0845-768x1152.jpg 768w, https:\/\/www.kliinikum.ee\/sisekliinik\/wp-content\/uploads\/2023\/05\/IMG_0845-1024x1536.jpg 1024w, https:\/\/www.kliinikum.ee\/sisekliinik\/wp-content\/uploads\/2023\/05\/IMG_0845-1365x2048.jpg 1365w, https:\/\/www.kliinikum.ee\/sisekliinik\/wp-content\/uploads\/2023\/05\/IMG_0845-scaled.jpg 1706w\" sizes=\"auto, (max-width: 683px) 100vw, 683px\" \/><figcaption class=\"wp-element-caption\">Infektsionist<\/figcaption><\/figure>\n\n\n\n<figure class=\"wp-block-image size-large\"><img loading=\"lazy\" decoding=\"async\" width=\"1024\" height=\"683\" data-id=\"6377\" src=\"https:\/\/www.kliinikum.ee\/sisekliinik\/wp-content\/uploads\/2023\/05\/IMG_0921-1024x683.jpg\" alt=\"\" class=\"wp-image-6377\" srcset=\"https:\/\/www.kliinikum.ee\/sisekliinik\/wp-content\/uploads\/2023\/05\/IMG_0921-1024x683.jpg 1024w, https:\/\/www.kliinikum.ee\/sisekliinik\/wp-content\/uploads\/2023\/05\/IMG_0921-300x200.jpg 300w, https:\/\/www.kliinikum.ee\/sisekliinik\/wp-content\/uploads\/2023\/05\/IMG_0921-768x512.jpg 768w, https:\/\/www.kliinikum.ee\/sisekliinik\/wp-content\/uploads\/2023\/05\/IMG_0921-1536x1024.jpg 1536w, https:\/\/www.kliinikum.ee\/sisekliinik\/wp-content\/uploads\/2023\/05\/IMG_0921-2048x1365.jpg 2048w, https:\/\/www.kliinikum.ee\/sisekliinik\/wp-content\/uploads\/2023\/05\/IMG_0921-scaled.jpg 2560w\" sizes=\"auto, (max-width: 1024px) 100vw, 1024px\" \/><figcaption class=\"wp-element-caption\">Nakkuskabinet<\/figcaption><\/figure>\n\n\n\n<figure class=\"wp-block-image size-large\"><img loading=\"lazy\" decoding=\"async\" width=\"1024\" height=\"683\" data-id=\"7075\" src=\"https:\/\/www.kliinikum.ee\/sisekliinik\/wp-content\/uploads\/2023\/05\/IMG_5644-1024x683.jpg\" alt=\"\" class=\"wp-image-7075\" srcset=\"https:\/\/www.kliinikum.ee\/sisekliinik\/wp-content\/uploads\/2023\/05\/IMG_5644-1024x683.jpg 1024w, https:\/\/www.kliinikum.ee\/sisekliinik\/wp-content\/uploads\/2023\/05\/IMG_5644-300x200.jpg 300w, https:\/\/www.kliinikum.ee\/sisekliinik\/wp-content\/uploads\/2023\/05\/IMG_5644-768x512.jpg 768w, https:\/\/www.kliinikum.ee\/sisekliinik\/wp-content\/uploads\/2023\/05\/IMG_5644-1536x1024.jpg 1536w, https:\/\/www.kliinikum.ee\/sisekliinik\/wp-content\/uploads\/2023\/05\/IMG_5644-2048x1365.jpg 2048w, https:\/\/www.kliinikum.ee\/sisekliinik\/wp-content\/uploads\/2023\/05\/IMG_5644-scaled.jpg 2560w\" sizes=\"auto, (max-width: 1024px) 100vw, 1024px\" \/><figcaption class=\"wp-element-caption\">Nefroloog<\/figcaption><\/figure>\n\n\n\n<figure class=\"wp-block-image size-large\"><img loading=\"lazy\" decoding=\"async\" width=\"1024\" height=\"683\" data-id=\"7017\" src=\"https:\/\/www.kliinikum.ee\/sisekliinik\/wp-content\/uploads\/2023\/05\/IMG_5467-1024x683.jpg\" alt=\"\" class=\"wp-image-7017\" srcset=\"https:\/\/www.kliinikum.ee\/sisekliinik\/wp-content\/uploads\/2023\/05\/IMG_5467-1024x683.jpg 1024w, https:\/\/www.kliinikum.ee\/sisekliinik\/wp-content\/uploads\/2023\/05\/IMG_5467-300x200.jpg 300w, https:\/\/www.kliinikum.ee\/sisekliinik\/wp-content\/uploads\/2023\/05\/IMG_5467-768x512.jpg 768w, https:\/\/www.kliinikum.ee\/sisekliinik\/wp-content\/uploads\/2023\/05\/IMG_5467-1536x1024.jpg 1536w, https:\/\/www.kliinikum.ee\/sisekliinik\/wp-content\/uploads\/2023\/05\/IMG_5467-2048x1365.jpg 2048w, https:\/\/www.kliinikum.ee\/sisekliinik\/wp-content\/uploads\/2023\/05\/IMG_5467-scaled.jpg 2560w\" sizes=\"auto, (max-width: 1024px) 100vw, 1024px\" \/><figcaption class=\"wp-element-caption\">Nefroloog<\/figcaption><\/figure>\n\n\n\n<figure class=\"wp-block-image size-large\"><img loading=\"lazy\" decoding=\"async\" width=\"1024\" height=\"683\" data-id=\"7049\" src=\"https:\/\/www.kliinikum.ee\/sisekliinik\/wp-content\/uploads\/2023\/05\/IMG_5577-1024x683.jpg\" alt=\"\" class=\"wp-image-7049\" srcset=\"https:\/\/www.kliinikum.ee\/sisekliinik\/wp-content\/uploads\/2023\/05\/IMG_5577-1024x683.jpg 1024w, https:\/\/www.kliinikum.ee\/sisekliinik\/wp-content\/uploads\/2023\/05\/IMG_5577-300x200.jpg 300w, https:\/\/www.kliinikum.ee\/sisekliinik\/wp-content\/uploads\/2023\/05\/IMG_5577-768x512.jpg 768w, https:\/\/www.kliinikum.ee\/sisekliinik\/wp-content\/uploads\/2023\/05\/IMG_5577-1536x1024.jpg 1536w, https:\/\/www.kliinikum.ee\/sisekliinik\/wp-content\/uploads\/2023\/05\/IMG_5577-2048x1365.jpg 2048w, https:\/\/www.kliinikum.ee\/sisekliinik\/wp-content\/uploads\/2023\/05\/IMG_5577-scaled.jpg 2560w\" sizes=\"auto, (max-width: 1024px) 100vw, 1024px\" \/><figcaption class=\"wp-element-caption\">Neeru\u00f5de<\/figcaption><\/figure>\n\n\n\n<figure class=\"wp-block-image size-large\"><img decoding=\"async\" data-id=\"6513\" src=\"https:\/\/www.kliinikum.ee\/sisekliinik\/wp-content\/uploads\/2023\/05\/IMG_7835.jpg\" alt=\"\" class=\"wp-image-6513\"\/><figcaption class=\"wp-element-caption\">Reuma\u00f5de<\/figcaption><\/figure>\n\n\n\n<figure class=\"wp-block-image size-large\"><img loading=\"lazy\" decoding=\"async\" width=\"1024\" height=\"683\" data-id=\"6483\" src=\"https:\/\/www.kliinikum.ee\/sisekliinik\/wp-content\/uploads\/2023\/05\/IMG_7727-1024x683.jpg\" alt=\"\" class=\"wp-image-6483\" srcset=\"https:\/\/www.kliinikum.ee\/sisekliinik\/wp-content\/uploads\/2023\/05\/IMG_7727-1024x683.jpg 1024w, https:\/\/www.kliinikum.ee\/sisekliinik\/wp-content\/uploads\/2023\/05\/IMG_7727-300x200.jpg 300w, https:\/\/www.kliinikum.ee\/sisekliinik\/wp-content\/uploads\/2023\/05\/IMG_7727-768x512.jpg 768w, https:\/\/www.kliinikum.ee\/sisekliinik\/wp-content\/uploads\/2023\/05\/IMG_7727-1536x1024.jpg 1536w, https:\/\/www.kliinikum.ee\/sisekliinik\/wp-content\/uploads\/2023\/05\/IMG_7727-2048x1365.jpg 2048w, https:\/\/www.kliinikum.ee\/sisekliinik\/wp-content\/uploads\/2023\/05\/IMG_7727-scaled.jpg 2560w\" sizes=\"auto, (max-width: 1024px) 100vw, 1024px\" \/><figcaption class=\"wp-element-caption\">Sisearst-allergoloog<\/figcaption><\/figure>\n\n\n\n<figure class=\"wp-block-image size-large\"><img loading=\"lazy\" decoding=\"async\" width=\"1024\" height=\"683\" data-id=\"6495\" src=\"https:\/\/www.kliinikum.ee\/sisekliinik\/wp-content\/uploads\/2023\/05\/IMG_7761-1024x683.jpg\" alt=\"\" class=\"wp-image-6495\" srcset=\"https:\/\/www.kliinikum.ee\/sisekliinik\/wp-content\/uploads\/2023\/05\/IMG_7761-1024x683.jpg 1024w, https:\/\/www.kliinikum.ee\/sisekliinik\/wp-content\/uploads\/2023\/05\/IMG_7761-300x200.jpg 300w, https:\/\/www.kliinikum.ee\/sisekliinik\/wp-content\/uploads\/2023\/05\/IMG_7761-768x512.jpg 768w, https:\/\/www.kliinikum.ee\/sisekliinik\/wp-content\/uploads\/2023\/05\/IMG_7761-1536x1024.jpg 1536w, https:\/\/www.kliinikum.ee\/sisekliinik\/wp-content\/uploads\/2023\/05\/IMG_7761-2048x1365.jpg 2048w, https:\/\/www.kliinikum.ee\/sisekliinik\/wp-content\/uploads\/2023\/05\/IMG_7761-scaled.jpg 2560w\" sizes=\"auto, (max-width: 1024px) 100vw, 1024px\" \/><figcaption class=\"wp-element-caption\">Allergia\u00f5de<\/figcaption><\/figure>\n\n\n\n<figure class=\"wp-block-image size-large\"><img loading=\"lazy\" decoding=\"async\" width=\"1024\" height=\"683\" data-id=\"6462\" src=\"https:\/\/www.kliinikum.ee\/sisekliinik\/wp-content\/uploads\/2023\/05\/IMG_7667-1024x683.jpg\" alt=\"\" class=\"wp-image-6462\" srcset=\"https:\/\/www.kliinikum.ee\/sisekliinik\/wp-content\/uploads\/2023\/05\/IMG_7667-1024x683.jpg 1024w, https:\/\/www.kliinikum.ee\/sisekliinik\/wp-content\/uploads\/2023\/05\/IMG_7667-300x200.jpg 300w, https:\/\/www.kliinikum.ee\/sisekliinik\/wp-content\/uploads\/2023\/05\/IMG_7667-768x512.jpg 768w, https:\/\/www.kliinikum.ee\/sisekliinik\/wp-content\/uploads\/2023\/05\/IMG_7667-1536x1024.jpg 1536w, https:\/\/www.kliinikum.ee\/sisekliinik\/wp-content\/uploads\/2023\/05\/IMG_7667-2048x1365.jpg 2048w, https:\/\/www.kliinikum.ee\/sisekliinik\/wp-content\/uploads\/2023\/05\/IMG_7667-scaled.jpg 2560w\" sizes=\"auto, (max-width: 1024px) 100vw, 1024px\" \/><figcaption class=\"wp-element-caption\">Allergiatestid<\/figcaption><\/figure>\n\n\n\n<figure class=\"wp-block-image size-large\"><img loading=\"lazy\" decoding=\"async\" width=\"1024\" height=\"683\" data-id=\"6545\" src=\"https:\/\/www.kliinikum.ee\/sisekliinik\/wp-content\/uploads\/2023\/05\/IMG_7917-1024x683.jpg\" alt=\"\" class=\"wp-image-6545\" srcset=\"https:\/\/www.kliinikum.ee\/sisekliinik\/wp-content\/uploads\/2023\/05\/IMG_7917-1024x683.jpg 1024w, https:\/\/www.kliinikum.ee\/sisekliinik\/wp-content\/uploads\/2023\/05\/IMG_7917-300x200.jpg 300w, https:\/\/www.kliinikum.ee\/sisekliinik\/wp-content\/uploads\/2023\/05\/IMG_7917-768x512.jpg 768w, https:\/\/www.kliinikum.ee\/sisekliinik\/wp-content\/uploads\/2023\/05\/IMG_7917-1536x1024.jpg 1536w, https:\/\/www.kliinikum.ee\/sisekliinik\/wp-content\/uploads\/2023\/05\/IMG_7917-2048x1365.jpg 2048w, https:\/\/www.kliinikum.ee\/sisekliinik\/wp-content\/uploads\/2023\/05\/IMG_7917-scaled.jpg 2560w\" sizes=\"auto, (max-width: 1024px) 100vw, 1024px\" \/><figcaption class=\"wp-element-caption\">Tromboosi\u00f5de<\/figcaption><\/figure>\n\n\n\n<figure class=\"wp-block-image size-large\"><img loading=\"lazy\" decoding=\"async\" width=\"1024\" height=\"683\" data-id=\"6479\" src=\"https:\/\/www.kliinikum.ee\/sisekliinik\/wp-content\/uploads\/2023\/05\/IMG_7705-1024x683.jpg\" alt=\"\" class=\"wp-image-6479\" srcset=\"https:\/\/www.kliinikum.ee\/sisekliinik\/wp-content\/uploads\/2023\/05\/IMG_7705-1024x683.jpg 1024w, https:\/\/www.kliinikum.ee\/sisekliinik\/wp-content\/uploads\/2023\/05\/IMG_7705-300x200.jpg 300w, https:\/\/www.kliinikum.ee\/sisekliinik\/wp-content\/uploads\/2023\/05\/IMG_7705-768x512.jpg 768w, https:\/\/www.kliinikum.ee\/sisekliinik\/wp-content\/uploads\/2023\/05\/IMG_7705-1536x1024.jpg 1536w, https:\/\/www.kliinikum.ee\/sisekliinik\/wp-content\/uploads\/2023\/05\/IMG_7705-2048x1365.jpg 2048w, https:\/\/www.kliinikum.ee\/sisekliinik\/wp-content\/uploads\/2023\/05\/IMG_7705-scaled.jpg 2560w\" sizes=\"auto, (max-width: 1024px) 100vw, 1024px\" \/><figcaption class=\"wp-element-caption\">Ambulatoorne osakond<\/figcaption><\/figure>\n\n\n\n<figure class=\"wp-block-image size-large\"><img loading=\"lazy\" decoding=\"async\" width=\"1024\" height=\"683\" data-id=\"6427\" src=\"https:\/\/www.kliinikum.ee\/sisekliinik\/wp-content\/uploads\/2023\/05\/IMG_7552-1024x683.jpg\" alt=\"\" class=\"wp-image-6427\" srcset=\"https:\/\/www.kliinikum.ee\/sisekliinik\/wp-content\/uploads\/2023\/05\/IMG_7552-1024x683.jpg 1024w, https:\/\/www.kliinikum.ee\/sisekliinik\/wp-content\/uploads\/2023\/05\/IMG_7552-300x200.jpg 300w, https:\/\/www.kliinikum.ee\/sisekliinik\/wp-content\/uploads\/2023\/05\/IMG_7552-768x512.jpg 768w, https:\/\/www.kliinikum.ee\/sisekliinik\/wp-content\/uploads\/2023\/05\/IMG_7552-1536x1024.jpg 1536w, https:\/\/www.kliinikum.ee\/sisekliinik\/wp-content\/uploads\/2023\/05\/IMG_7552-2048x1365.jpg 2048w, https:\/\/www.kliinikum.ee\/sisekliinik\/wp-content\/uploads\/2023\/05\/IMG_7552-scaled.jpg 2560w\" sizes=\"auto, (max-width: 1024px) 100vw, 1024px\" \/><figcaption class=\"wp-element-caption\">P\u00e4evaravi\u00f5de<\/figcaption><\/figure>\n<\/figure>\n","protected":false},"excerpt":{"rendered":"<p>Sisekliinik on \u00fcks suurematest kliinikutest Tartu \u00dclikooli Kliinikumis, asukohaga Tartus L. Puusepa 8, F-, J- ja L-korpustes. Kliiniku koosseisu kuulub 6 sisemeditsiini eriala: endokrinoloogia, reumatoloogia, sisehaigused, gastroenteroloogia, nefroloogia ja infektsioonhaigused. Sisekliinik koosneb kuuest osakonnast: ambulatoorne osakond, endoskoopiakeskus, gastroenteroloogia, nakkushaigused, nefroloogia ja sisehaiguste-reumatoloogia-endokrinoloogia osakond. Sisekliinikus on ka 3 intensiivravi palatit: nakkushaiguste osakonnas, gastroenteroloogia osakonnas ja sisehaiguste [&hellip;]<\/p>\n","protected":false},"author":32,"featured_media":0,"parent":0,"menu_order":0,"comment_status":"closed","ping_status":"closed","template":"","meta":{"_acf_changed":false,"_uag_custom_page_level_css":"","footnotes":""},"class_list":["post-17","page","type-page","status-publish","hentry"],"acf":[],"yoast_head":"<!-- This site is optimized with the Yoast SEO plugin v27.5 - https:\/\/yoast.com\/product\/yoast-seo-wordpress\/ -->\n<title>Kliinikust - Sisekliinik<\/title>\n<meta name=\"robots\" content=\"index, follow, max-snippet:-1, max-image-preview:large, max-video-preview:-1\" \/>\n<link rel=\"canonical\" href=\"https:\/\/www.kliinikum.ee\/sisekliinik\/kliinikust\/\" \/>\n<meta property=\"og:locale\" content=\"et_EE\" \/>\n<meta property=\"og:type\" content=\"article\" \/>\n<meta property=\"og:title\" content=\"Kliinikust - Sisekliinik\" \/>\n<meta property=\"og:description\" content=\"Sisekliinik on \u00fcks suurematest kliinikutest Tartu \u00dclikooli Kliinikumis, asukohaga Tartus L. Puusepa 8, F-, J- ja L-korpustes. Kliiniku koosseisu kuulub 6 sisemeditsiini eriala: endokrinoloogia, reumatoloogia, sisehaigused, gastroenteroloogia, nefroloogia ja infektsioonhaigused. Sisekliinik koosneb kuuest osakonnast: ambulatoorne osakond, endoskoopiakeskus, gastroenteroloogia, nakkushaigused, nefroloogia ja sisehaiguste-reumatoloogia-endokrinoloogia osakond. Sisekliinikus on ka 3 intensiivravi palatit: nakkushaiguste osakonnas, gastroenteroloogia osakonnas ja sisehaiguste [&hellip;]\" \/>\n<meta property=\"og:url\" content=\"https:\/\/www.kliinikum.ee\/sisekliinik\/kliinikust\/\" \/>\n<meta property=\"og:site_name\" content=\"Sisekliinik\" \/>\n<meta property=\"article:modified_time\" content=\"2026-01-20T08:49:04+00:00\" \/>\n<meta property=\"og:image\" content=\"https:\/\/www.kliinikum.ee\/sisekliinik\/wp-content\/uploads\/2023\/05\/IMG_7986-scaled.jpg\" \/>\n\t<meta property=\"og:image:width\" content=\"2560\" \/>\n\t<meta property=\"og:image:height\" content=\"1706\" \/>\n\t<meta property=\"og:image:type\" content=\"image\/jpeg\" \/>\n<meta name=\"twitter:card\" content=\"summary_large_image\" \/>\n<meta name=\"twitter:label1\" content=\"Est. reading time\" \/>\n\t<meta name=\"twitter:data1\" content=\"4 minutit\" \/>\n<script type=\"application\/ld+json\" class=\"yoast-schema-graph\">{\"@context\":\"https:\\\/\\\/schema.org\",\"@graph\":[{\"@type\":\"WebPage\",\"@id\":\"https:\\\/\\\/www.kliinikum.ee\\\/sisekliinik\\\/kliinikust\\\/\",\"url\":\"https:\\\/\\\/www.kliinikum.ee\\\/sisekliinik\\\/kliinikust\\\/\",\"name\":\"Kliinikust - Sisekliinik\",\"isPartOf\":{\"@id\":\"https:\\\/\\\/www.kliinikum.ee\\\/sisekliinik\\\/#website\"},\"primaryImageOfPage\":{\"@id\":\"https:\\\/\\\/www.kliinikum.ee\\\/sisekliinik\\\/kliinikust\\\/#primaryimage\"},\"image\":{\"@id\":\"https:\\\/\\\/www.kliinikum.ee\\\/sisekliinik\\\/kliinikust\\\/#primaryimage\"},\"thumbnailUrl\":\"https:\\\/\\\/www.kliinikum.ee\\\/sisekliinik\\\/wp-content\\\/uploads\\\/2023\\\/05\\\/IMG_7986-1024x683.jpg\",\"datePublished\":\"2022-11-14T10:00:52+00:00\",\"dateModified\":\"2026-01-20T08:49:04+00:00\",\"breadcrumb\":{\"@id\":\"https:\\\/\\\/www.kliinikum.ee\\\/sisekliinik\\\/kliinikust\\\/#breadcrumb\"},\"inLanguage\":\"et\",\"potentialAction\":[{\"@type\":\"ReadAction\",\"target\":[\"https:\\\/\\\/www.kliinikum.ee\\\/sisekliinik\\\/kliinikust\\\/\"]}]},{\"@type\":\"ImageObject\",\"inLanguage\":\"et\",\"@id\":\"https:\\\/\\\/www.kliinikum.ee\\\/sisekliinik\\\/kliinikust\\\/#primaryimage\",\"url\":\"https:\\\/\\\/www.kliinikum.ee\\\/sisekliinik\\\/wp-content\\\/uploads\\\/2023\\\/05\\\/IMG_7986-scaled.jpg\",\"contentUrl\":\"https:\\\/\\\/www.kliinikum.ee\\\/sisekliinik\\\/wp-content\\\/uploads\\\/2023\\\/05\\\/IMG_7986-scaled.jpg\",\"width\":2560,\"height\":1706,\"caption\":\"P\u00f5letikulise soolehaiguse \u00f5de\"},{\"@type\":\"BreadcrumbList\",\"@id\":\"https:\\\/\\\/www.kliinikum.ee\\\/sisekliinik\\\/kliinikust\\\/#breadcrumb\",\"itemListElement\":[{\"@type\":\"ListItem\",\"position\":1,\"name\":\"Home\",\"item\":\"https:\\\/\\\/www.kliinikum.ee\\\/sisekliinik\\\/\"},{\"@type\":\"ListItem\",\"position\":2,\"name\":\"Kliinikust\"}]},{\"@type\":\"WebSite\",\"@id\":\"https:\\\/\\\/www.kliinikum.ee\\\/sisekliinik\\\/#website\",\"url\":\"https:\\\/\\\/www.kliinikum.ee\\\/sisekliinik\\\/\",\"name\":\"Sisekliinik\",\"description\":\"Hoolivus, Uuendusmeelsus, P\u00e4devus ja Usaldusv\u00e4\u00e4rsus\",\"potentialAction\":[{\"@type\":\"SearchAction\",\"target\":{\"@type\":\"EntryPoint\",\"urlTemplate\":\"https:\\\/\\\/www.kliinikum.ee\\\/sisekliinik\\\/?s={search_term_string}\"},\"query-input\":{\"@type\":\"PropertyValueSpecification\",\"valueRequired\":true,\"valueName\":\"search_term_string\"}}],\"inLanguage\":\"et\"}]}<\/script>\n<!-- \/ Yoast SEO plugin. -->","yoast_head_json":{"title":"Kliinikust - Sisekliinik","robots":{"index":"index","follow":"follow","max-snippet":"max-snippet:-1","max-image-preview":"max-image-preview:large","max-video-preview":"max-video-preview:-1"},"canonical":"https:\/\/www.kliinikum.ee\/sisekliinik\/kliinikust\/","og_locale":"et_EE","og_type":"article","og_title":"Kliinikust - Sisekliinik","og_description":"Sisekliinik on \u00fcks suurematest kliinikutest Tartu \u00dclikooli Kliinikumis, asukohaga Tartus L. Puusepa 8, F-, J- ja L-korpustes. Kliiniku koosseisu kuulub 6 sisemeditsiini eriala: endokrinoloogia, reumatoloogia, sisehaigused, gastroenteroloogia, nefroloogia ja infektsioonhaigused. Sisekliinik koosneb kuuest osakonnast: ambulatoorne osakond, endoskoopiakeskus, gastroenteroloogia, nakkushaigused, nefroloogia ja sisehaiguste-reumatoloogia-endokrinoloogia osakond. Sisekliinikus on ka 3 intensiivravi palatit: nakkushaiguste osakonnas, gastroenteroloogia osakonnas ja sisehaiguste [&hellip;]","og_url":"https:\/\/www.kliinikum.ee\/sisekliinik\/kliinikust\/","og_site_name":"Sisekliinik","article_modified_time":"2026-01-20T08:49:04+00:00","og_image":[{"width":2560,"height":1706,"url":"https:\/\/www.kliinikum.ee\/sisekliinik\/wp-content\/uploads\/2023\/05\/IMG_7986-scaled.jpg","type":"image\/jpeg"}],"twitter_card":"summary_large_image","twitter_misc":{"Est. reading time":"4 minutit"},"schema":{"@context":"https:\/\/schema.org","@graph":[{"@type":"WebPage","@id":"https:\/\/www.kliinikum.ee\/sisekliinik\/kliinikust\/","url":"https:\/\/www.kliinikum.ee\/sisekliinik\/kliinikust\/","name":"Kliinikust - Sisekliinik","isPartOf":{"@id":"https:\/\/www.kliinikum.ee\/sisekliinik\/#website"},"primaryImageOfPage":{"@id":"https:\/\/www.kliinikum.ee\/sisekliinik\/kliinikust\/#primaryimage"},"image":{"@id":"https:\/\/www.kliinikum.ee\/sisekliinik\/kliinikust\/#primaryimage"},"thumbnailUrl":"https:\/\/www.kliinikum.ee\/sisekliinik\/wp-content\/uploads\/2023\/05\/IMG_7986-1024x683.jpg","datePublished":"2022-11-14T10:00:52+00:00","dateModified":"2026-01-20T08:49:04+00:00","breadcrumb":{"@id":"https:\/\/www.kliinikum.ee\/sisekliinik\/kliinikust\/#breadcrumb"},"inLanguage":"et","potentialAction":[{"@type":"ReadAction","target":["https:\/\/www.kliinikum.ee\/sisekliinik\/kliinikust\/"]}]},{"@type":"ImageObject","inLanguage":"et","@id":"https:\/\/www.kliinikum.ee\/sisekliinik\/kliinikust\/#primaryimage","url":"https:\/\/www.kliinikum.ee\/sisekliinik\/wp-content\/uploads\/2023\/05\/IMG_7986-scaled.jpg","contentUrl":"https:\/\/www.kliinikum.ee\/sisekliinik\/wp-content\/uploads\/2023\/05\/IMG_7986-scaled.jpg","width":2560,"height":1706,"caption":"P\u00f5letikulise soolehaiguse \u00f5de"},{"@type":"BreadcrumbList","@id":"https:\/\/www.kliinikum.ee\/sisekliinik\/kliinikust\/#breadcrumb","itemListElement":[{"@type":"ListItem","position":1,"name":"Home","item":"https:\/\/www.kliinikum.ee\/sisekliinik\/"},{"@type":"ListItem","position":2,"name":"Kliinikust"}]},{"@type":"WebSite","@id":"https:\/\/www.kliinikum.ee\/sisekliinik\/#website","url":"https:\/\/www.kliinikum.ee\/sisekliinik\/","name":"Sisekliinik","description":"Hoolivus, Uuendusmeelsus, P\u00e4devus ja Usaldusv\u00e4\u00e4rsus","potentialAction":[{"@type":"SearchAction","target":{"@type":"EntryPoint","urlTemplate":"https:\/\/www.kliinikum.ee\/sisekliinik\/?s={search_term_string}"},"query-input":{"@type":"PropertyValueSpecification","valueRequired":true,"valueName":"search_term_string"}}],"inLanguage":"et"}]}},"uagb_featured_image_src":{"full":false,"thumbnail":false,"medium":false,"medium_large":false,"large":false,"1536x1536":false,"2048x2048":false},"uagb_author_info":{"display_name":"erkky","author_link":"https:\/\/www.kliinikum.ee\/sisekliinik\/author\/erkky\/"},"uagb_comment_info":0,"uagb_excerpt":"Sisekliinik on \u00fcks suurematest kliinikutest Tartu \u00dclikooli Kliinikumis, asukohaga Tartus L. Puusepa 8, F-, J- ja L-korpustes. Kliiniku koosseisu kuulub 6 sisemeditsiini eriala: endokrinoloogia, reumatoloogia, sisehaigused, gastroenteroloogia, nefroloogia ja infektsioonhaigused. Sisekliinik koosneb kuuest osakonnast: ambulatoorne osakond, endoskoopiakeskus, gastroenteroloogia, nakkushaigused, nefroloogia ja sisehaiguste-reumatoloogia-endokrinoloogia osakond. Sisekliinikus on ka 3 intensiivravi palatit: nakkushaiguste osakonnas, gastroenteroloogia osakonnas ja sisehaiguste&hellip;","_links":{"self":[{"href":"https:\/\/www.kliinikum.ee\/sisekliinik\/wp-json\/wp\/v2\/pages\/17","targetHints":{"allow":["GET"]}}],"collection":[{"href":"https:\/\/www.kliinikum.ee\/sisekliinik\/wp-json\/wp\/v2\/pages"}],"about":[{"href":"https:\/\/www.kliinikum.ee\/sisekliinik\/wp-json\/wp\/v2\/types\/page"}],"author":[{"embeddable":true,"href":"https:\/\/www.kliinikum.ee\/sisekliinik\/wp-json\/wp\/v2\/users\/32"}],"replies":[{"embeddable":true,"href":"https:\/\/www.kliinikum.ee\/sisekliinik\/wp-json\/wp\/v2\/comments?post=17"}],"version-history":[{"count":0,"href":"https:\/\/www.kliinikum.ee\/sisekliinik\/wp-json\/wp\/v2\/pages\/17\/revisions"}],"wp:attachment":[{"href":"https:\/\/www.kliinikum.ee\/sisekliinik\/wp-json\/wp\/v2\/media?parent=17"}],"curies":[{"name":"wp","href":"https:\/\/api.w.org\/{rel}","templated":true}]}}