{"id":6158,"date":"2023-03-30T13:31:06","date_gmt":"2023-03-30T11:31:06","guid":{"rendered":"https:\/\/www.kliinikum.ee\/sisekliinik\/?page_id=6158"},"modified":"2026-01-29T08:31:47","modified_gmt":"2026-01-29T06:31:47","slug":"kolleegile","status":"publish","type":"page","link":"https:\/\/www.kliinikum.ee\/sisekliinik\/kolleegile\/","title":{"rendered":"Kolleegile"},"content":{"rendered":"\n<h3 class=\"wp-block-heading\">Sisekliiniku hommikkonverentsid 2025\/2026 kevadsemestril<\/h3>\n\n\n\n<p class=\"has-medium-font-size\"><strong>Kolmap\u00e4eviti kell 8.15 \u2013 9.00<br><\/strong>Sisekliiniku konverentsid toimuvad auditooriumis L6002<br>\u00dchiskoosolekud ja Suur Kliiniline Konverents toimuvad A. Linkbergi auditooriumis<\/p>\n\n\n\n<figure class=\"wp-block-table\"><table class=\"has-fixed-layout\"><tbody><tr><td>07.01.26<\/td><td>Suur Kliiniline Konverents<\/td><\/tr><tr><td>04.02.26<\/td><td>Suur Kliiniline Konverents<\/td><\/tr><tr><td>11.02.26<\/td><td>Ambulatoorne<\/td><\/tr><tr><td>18.02.26<\/td><td>\u00dchiskoosolek: Hematoloogia-onkoloogia<\/td><\/tr><tr><td>25.02.26<\/td><td>Nakkushaigused<\/td><\/tr><tr><td>04.03.26<\/td><td>Suur Kliiniline Konverents<\/td><\/tr><tr><td>11.03.26<\/td><td>Sisehaigused<\/td><\/tr><tr><td>18.03.26<\/td><td>\u00dchiskoosolek: S\u00fcdamekliinik<\/td><\/tr><tr><td>25.03.26<\/td><td>Reumatoloogia<\/td><\/tr><tr><td>01.04.26<\/td><td>Suur Kliiniline Konverents<\/td><\/tr><tr><td>08.04.26<\/td><td>Laborimeditsiin<\/td><\/tr><tr><td>15.04.26<\/td><td>\u00dchiskoosolek Sisekliinik: Endokrinoloogia<\/td><\/tr><tr><td>22.04.26<\/td><td>Nefroloogia<\/td><\/tr><tr><td>29.04.26<\/td><td>Sisehaigused<\/td><\/tr><tr><td>06.05.26<\/td><td>Suur Kliiniline Konverents<\/td><\/tr><tr><td>13.05.26<\/td><td>Gastroenteroloogia<\/td><\/tr><tr><td>20.05.26<\/td><td>\u00dchiskoosolek: Kopsukliinik<\/td><\/tr><tr><td>27.05.26<\/td><td>L\u00f5una-Eesti Haigla<\/td><\/tr><\/tbody><\/table><\/figure>\n\n\n\n<p class=\"has-medium-font-size\"><\/p>\n\n\n\n<p class=\"has-medium-font-size\"><\/p>\n\n\n\n<p class=\"has-medium-font-size\"><\/p>\n\n\n\n<p><\/p>\n","protected":false},"excerpt":{"rendered":"<p>Sisekliiniku hommikkonverentsid 2025\/2026 kevadsemestril Kolmap\u00e4eviti kell 8.15 \u2013 9.00Sisekliiniku konverentsid toimuvad auditooriumis L6002\u00dchiskoosolekud ja Suur Kliiniline Konverents toimuvad A. Linkbergi auditooriumis 07.01.26 Suur Kliiniline Konverents 04.02.26 Suur Kliiniline Konverents 11.02.26 Ambulatoorne 18.02.26 \u00dchiskoosolek: Hematoloogia-onkoloogia 25.02.26 Nakkushaigused 04.03.26 Suur Kliiniline Konverents 11.03.26 Sisehaigused 18.03.26 \u00dchiskoosolek: S\u00fcdamekliinik 25.03.26 Reumatoloogia 01.04.26 Suur Kliiniline Konverents 08.04.26 Laborimeditsiin 15.04.26 \u00dchiskoosolek [&hellip;]<\/p>\n","protected":false},"author":33,"featured_media":0,"parent":0,"menu_order":3,"comment_status":"closed","ping_status":"closed","template":"","meta":{"_acf_changed":false,"_uag_custom_page_level_css":"","footnotes":""},"class_list":["post-6158","page","type-page","status-publish","hentry"],"acf":[],"yoast_head":"<!-- This site is optimized with the Yoast SEO plugin v27.3 - https:\/\/yoast.com\/product\/yoast-seo-wordpress\/ -->\n<title>Kolleegile - Sisekliinik<\/title>\n<meta name=\"robots\" content=\"index, follow, max-snippet:-1, max-image-preview:large, max-video-preview:-1\" \/>\n<link rel=\"canonical\" href=\"https:\/\/www.kliinikum.ee\/sisekliinik\/kolleegile\/\" \/>\n<meta property=\"og:locale\" content=\"et_EE\" \/>\n<meta property=\"og:type\" content=\"article\" \/>\n<meta property=\"og:title\" content=\"Kolleegile - Sisekliinik\" \/>\n<meta property=\"og:description\" content=\"Sisekliiniku hommikkonverentsid 2025\/2026 kevadsemestril Kolmap\u00e4eviti kell 8.15 \u2013 9.00Sisekliiniku konverentsid toimuvad auditooriumis L6002\u00dchiskoosolekud ja Suur Kliiniline Konverents toimuvad A. Linkbergi auditooriumis 07.01.26 Suur Kliiniline Konverents 04.02.26 Suur Kliiniline Konverents 11.02.26 Ambulatoorne 18.02.26 \u00dchiskoosolek: Hematoloogia-onkoloogia 25.02.26 Nakkushaigused 04.03.26 Suur Kliiniline Konverents 11.03.26 Sisehaigused 18.03.26 \u00dchiskoosolek: S\u00fcdamekliinik 25.03.26 Reumatoloogia 01.04.26 Suur Kliiniline Konverents 08.04.26 Laborimeditsiin 15.04.26 \u00dchiskoosolek [&hellip;]\" \/>\n<meta property=\"og:url\" content=\"https:\/\/www.kliinikum.ee\/sisekliinik\/kolleegile\/\" \/>\n<meta property=\"og:site_name\" content=\"Sisekliinik\" \/>\n<meta property=\"article:modified_time\" content=\"2026-01-29T06:31:47+00:00\" \/>\n<meta name=\"twitter:card\" content=\"summary_large_image\" \/>\n<meta name=\"twitter:label1\" content=\"Est. reading time\" \/>\n\t<meta name=\"twitter:data1\" content=\"1 minut\" \/>\n<script type=\"application\/ld+json\" class=\"yoast-schema-graph\">{\"@context\":\"https:\\\/\\\/schema.org\",\"@graph\":[{\"@type\":\"WebPage\",\"@id\":\"https:\\\/\\\/www.kliinikum.ee\\\/sisekliinik\\\/kolleegile\\\/\",\"url\":\"https:\\\/\\\/www.kliinikum.ee\\\/sisekliinik\\\/kolleegile\\\/\",\"name\":\"Kolleegile - Sisekliinik\",\"isPartOf\":{\"@id\":\"https:\\\/\\\/www.kliinikum.ee\\\/sisekliinik\\\/#website\"},\"datePublished\":\"2023-03-30T11:31:06+00:00\",\"dateModified\":\"2026-01-29T06:31:47+00:00\",\"breadcrumb\":{\"@id\":\"https:\\\/\\\/www.kliinikum.ee\\\/sisekliinik\\\/kolleegile\\\/#breadcrumb\"},\"inLanguage\":\"et\",\"potentialAction\":[{\"@type\":\"ReadAction\",\"target\":[\"https:\\\/\\\/www.kliinikum.ee\\\/sisekliinik\\\/kolleegile\\\/\"]}]},{\"@type\":\"BreadcrumbList\",\"@id\":\"https:\\\/\\\/www.kliinikum.ee\\\/sisekliinik\\\/kolleegile\\\/#breadcrumb\",\"itemListElement\":[{\"@type\":\"ListItem\",\"position\":1,\"name\":\"Home\",\"item\":\"https:\\\/\\\/www.kliinikum.ee\\\/sisekliinik\\\/\"},{\"@type\":\"ListItem\",\"position\":2,\"name\":\"Kolleegile\"}]},{\"@type\":\"WebSite\",\"@id\":\"https:\\\/\\\/www.kliinikum.ee\\\/sisekliinik\\\/#website\",\"url\":\"https:\\\/\\\/www.kliinikum.ee\\\/sisekliinik\\\/\",\"name\":\"Sisekliinik\",\"description\":\"Hoolivus, Uuendusmeelsus, P\u00e4devus ja Usaldusv\u00e4\u00e4rsus\",\"potentialAction\":[{\"@type\":\"SearchAction\",\"target\":{\"@type\":\"EntryPoint\",\"urlTemplate\":\"https:\\\/\\\/www.kliinikum.ee\\\/sisekliinik\\\/?s={search_term_string}\"},\"query-input\":{\"@type\":\"PropertyValueSpecification\",\"valueRequired\":true,\"valueName\":\"search_term_string\"}}],\"inLanguage\":\"et\"}]}<\/script>\n<!-- \/ Yoast SEO plugin. -->","yoast_head_json":{"title":"Kolleegile - Sisekliinik","robots":{"index":"index","follow":"follow","max-snippet":"max-snippet:-1","max-image-preview":"max-image-preview:large","max-video-preview":"max-video-preview:-1"},"canonical":"https:\/\/www.kliinikum.ee\/sisekliinik\/kolleegile\/","og_locale":"et_EE","og_type":"article","og_title":"Kolleegile - Sisekliinik","og_description":"Sisekliiniku hommikkonverentsid 2025\/2026 kevadsemestril Kolmap\u00e4eviti kell 8.15 \u2013 9.00Sisekliiniku konverentsid toimuvad auditooriumis L6002\u00dchiskoosolekud ja Suur Kliiniline Konverents toimuvad A. Linkbergi auditooriumis 07.01.26 Suur Kliiniline Konverents 04.02.26 Suur Kliiniline Konverents 11.02.26 Ambulatoorne 18.02.26 \u00dchiskoosolek: Hematoloogia-onkoloogia 25.02.26 Nakkushaigused 04.03.26 Suur Kliiniline Konverents 11.03.26 Sisehaigused 18.03.26 \u00dchiskoosolek: S\u00fcdamekliinik 25.03.26 Reumatoloogia 01.04.26 Suur Kliiniline Konverents 08.04.26 Laborimeditsiin 15.04.26 \u00dchiskoosolek [&hellip;]","og_url":"https:\/\/www.kliinikum.ee\/sisekliinik\/kolleegile\/","og_site_name":"Sisekliinik","article_modified_time":"2026-01-29T06:31:47+00:00","twitter_card":"summary_large_image","twitter_misc":{"Est. reading time":"1 minut"},"schema":{"@context":"https:\/\/schema.org","@graph":[{"@type":"WebPage","@id":"https:\/\/www.kliinikum.ee\/sisekliinik\/kolleegile\/","url":"https:\/\/www.kliinikum.ee\/sisekliinik\/kolleegile\/","name":"Kolleegile - Sisekliinik","isPartOf":{"@id":"https:\/\/www.kliinikum.ee\/sisekliinik\/#website"},"datePublished":"2023-03-30T11:31:06+00:00","dateModified":"2026-01-29T06:31:47+00:00","breadcrumb":{"@id":"https:\/\/www.kliinikum.ee\/sisekliinik\/kolleegile\/#breadcrumb"},"inLanguage":"et","potentialAction":[{"@type":"ReadAction","target":["https:\/\/www.kliinikum.ee\/sisekliinik\/kolleegile\/"]}]},{"@type":"BreadcrumbList","@id":"https:\/\/www.kliinikum.ee\/sisekliinik\/kolleegile\/#breadcrumb","itemListElement":[{"@type":"ListItem","position":1,"name":"Home","item":"https:\/\/www.kliinikum.ee\/sisekliinik\/"},{"@type":"ListItem","position":2,"name":"Kolleegile"}]},{"@type":"WebSite","@id":"https:\/\/www.kliinikum.ee\/sisekliinik\/#website","url":"https:\/\/www.kliinikum.ee\/sisekliinik\/","name":"Sisekliinik","description":"Hoolivus, Uuendusmeelsus, P\u00e4devus ja Usaldusv\u00e4\u00e4rsus","potentialAction":[{"@type":"SearchAction","target":{"@type":"EntryPoint","urlTemplate":"https:\/\/www.kliinikum.ee\/sisekliinik\/?s={search_term_string}"},"query-input":{"@type":"PropertyValueSpecification","valueRequired":true,"valueName":"search_term_string"}}],"inLanguage":"et"}]}},"uagb_featured_image_src":{"full":false,"thumbnail":false,"medium":false,"medium_large":false,"large":false,"1536x1536":false,"2048x2048":false},"uagb_author_info":{"display_name":"Jane Freimann","author_link":"https:\/\/www.kliinikum.ee\/sisekliinik\/author\/janef\/"},"uagb_comment_info":0,"uagb_excerpt":"Sisekliiniku hommikkonverentsid 2025\/2026 kevadsemestril Kolmap\u00e4eviti kell 8.15 \u2013 9.00Sisekliiniku konverentsid toimuvad auditooriumis L6002\u00dchiskoosolekud ja Suur Kliiniline Konverents toimuvad A. Linkbergi auditooriumis 07.01.26 Suur Kliiniline Konverents 04.02.26 Suur Kliiniline Konverents 11.02.26 Ambulatoorne 18.02.26 \u00dchiskoosolek: Hematoloogia-onkoloogia 25.02.26 Nakkushaigused 04.03.26 Suur Kliiniline Konverents 11.03.26 Sisehaigused 18.03.26 \u00dchiskoosolek: S\u00fcdamekliinik 25.03.26 Reumatoloogia 01.04.26 Suur Kliiniline Konverents 08.04.26 Laborimeditsiin 15.04.26 \u00dchiskoosolek&hellip;","_links":{"self":[{"href":"https:\/\/www.kliinikum.ee\/sisekliinik\/wp-json\/wp\/v2\/pages\/6158","targetHints":{"allow":["GET"]}}],"collection":[{"href":"https:\/\/www.kliinikum.ee\/sisekliinik\/wp-json\/wp\/v2\/pages"}],"about":[{"href":"https:\/\/www.kliinikum.ee\/sisekliinik\/wp-json\/wp\/v2\/types\/page"}],"author":[{"embeddable":true,"href":"https:\/\/www.kliinikum.ee\/sisekliinik\/wp-json\/wp\/v2\/users\/33"}],"replies":[{"embeddable":true,"href":"https:\/\/www.kliinikum.ee\/sisekliinik\/wp-json\/wp\/v2\/comments?post=6158"}],"version-history":[{"count":0,"href":"https:\/\/www.kliinikum.ee\/sisekliinik\/wp-json\/wp\/v2\/pages\/6158\/revisions"}],"wp:attachment":[{"href":"https:\/\/www.kliinikum.ee\/sisekliinik\/wp-json\/wp\/v2\/media?parent=6158"}],"curies":[{"name":"wp","href":"https:\/\/api.w.org\/{rel}","templated":true}]}}