{"id":6161,"date":"2023-03-30T13:31:54","date_gmt":"2023-03-30T11:31:54","guid":{"rendered":"https:\/\/www.kliinikum.ee\/sisekliinik\/?page_id=6161"},"modified":"2025-11-17T09:00:32","modified_gmt":"2025-11-17T07:00:32","slug":"oppetoo","status":"publish","type":"page","link":"https:\/\/www.kliinikum.ee\/sisekliinik\/oppetoo\/","title":{"rendered":"\u00d5ppet\u00f6\u00f6"},"content":{"rendered":"\n<p class=\"has-medium-font-size\"><strong>Meditsiiniteaduste valdkonna Kliinilise Meditsiini Instituudi Sisekliinikus<\/strong><\/p>\n\n\n\n<p class=\"has-medium-font-size\">L. Puusepa 8 50406, Tartu, L-korpuse VI korrusel<br>\u00d5ppekorraldusspetsialist Eelika Vind, <a href=\"mailto:Eelika.Vind@ut.ee\">Eelika.Vind@ut.ee<\/a> tel 731 8607<br><\/p>\n\n\n\n<p class=\"has-medium-font-size\">Sisekliiniku \u00f5pperuumide broneerimiseks v\u00f5tke kontakti Eelika Vindiga.<\/p>\n\n\n\n<p class=\"has-medium-font-size\">T\u00f6\u00f6tajate kontaktide leidmiseks palun liikuge edasi selle lingi kaudu:<br><a href=\"http:\/\/kliinilinemeditsiin.ut.ee\/et\/sisekliinik\" target=\"_blank\" rel=\"noreferrer noopener\">http:\/\/kliinilinemeditsiin.ut.ee\/et\/sisekliinik<\/a><\/p>\n\n\n\n<p><\/p>\n\n\n\n<div class=\"wp-block-uagb-info-box uagb-block-d9780405 uagb-infobox__content-wrap  uagb-infobox-icon-above-title uagb-infobox-image-valign-top\"><div class=\"uagb-ifb-content\"><div class=\"uagb-ifb-icon-wrap\"><svg xmlns=\"https:\/\/www.w3.org\/2000\/svg\" viewBox=\"0 0 512 512\"><path d=\"M0 256C0 114.6 114.6 0 256 0C397.4 0 512 114.6 512 256C512 397.4 397.4 512 256 512C114.6 512 0 397.4 0 256zM371.8 211.8C382.7 200.9 382.7 183.1 371.8 172.2C360.9 161.3 343.1 161.3 332.2 172.2L224 280.4L179.8 236.2C168.9 225.3 151.1 225.3 140.2 236.2C129.3 247.1 129.3 264.9 140.2 275.8L204.2 339.8C215.1 350.7 232.9 350.7 243.8 339.8L371.8 211.8z\"><\/path><\/svg><\/div><div class=\"uagb-ifb-title-wrap\"><h3 class=\"uagb-ifb-title\">Sisekliinikus \u00f5petatavad erialad:<\/h3><\/div><p class=\"uagb-ifb-desc\">Sisehaigused, endokrinoloogia, gastroenteroloogia, infektsioonhaigused, <br>reumatoloogia, nefroloogia, laborimeditsiin.<br><br>\u00d5petame III ja IV kursuse arstitudengeid,<br>hambaarstiteaduse tudengeid, <br>f\u00fcsioterapeute. <br><br>Uus magistri\u00f5pe: <a href=\"https:\/\/ut.ee\/et\/oppekavad\/kliiniline-toitmine\" target=\"_blank\" rel=\"noreferrer noopener\">Kliiniline toitmine<\/a><\/p><\/div><\/div>\n","protected":false},"excerpt":{"rendered":"<p>Meditsiiniteaduste valdkonna Kliinilise Meditsiini Instituudi Sisekliinikus L. Puusepa 8 50406, Tartu, L-korpuse VI korrusel\u00d5ppekorraldusspetsialist Eelika Vind, Eelika.Vind@ut.ee tel 731 8607 Sisekliiniku \u00f5pperuumide broneerimiseks v\u00f5tke kontakti Eelika Vindiga. T\u00f6\u00f6tajate kontaktide leidmiseks palun liikuge edasi selle lingi kaudu:http:\/\/kliinilinemeditsiin.ut.ee\/et\/sisekliinik<\/p>\n","protected":false},"author":30,"featured_media":0,"parent":0,"menu_order":5,"comment_status":"closed","ping_status":"closed","template":"","meta":{"_acf_changed":false,"_uag_custom_page_level_css":"","footnotes":""},"class_list":["post-6161","page","type-page","status-publish","hentry"],"acf":[],"yoast_head":"<!-- This site is optimized with the Yoast SEO plugin v27.3 - https:\/\/yoast.com\/product\/yoast-seo-wordpress\/ -->\n<title>\u00d5ppet\u00f6\u00f6 - Sisekliinik<\/title>\n<meta name=\"robots\" content=\"index, follow, max-snippet:-1, max-image-preview:large, max-video-preview:-1\" \/>\n<link rel=\"canonical\" href=\"https:\/\/www.kliinikum.ee\/sisekliinik\/oppetoo\/\" \/>\n<meta property=\"og:locale\" content=\"et_EE\" \/>\n<meta property=\"og:type\" content=\"article\" \/>\n<meta property=\"og:title\" content=\"\u00d5ppet\u00f6\u00f6 - Sisekliinik\" \/>\n<meta property=\"og:description\" content=\"Meditsiiniteaduste valdkonna Kliinilise Meditsiini Instituudi Sisekliinikus L. Puusepa 8 50406, Tartu, L-korpuse VI korrusel\u00d5ppekorraldusspetsialist Eelika Vind, Eelika.Vind@ut.ee tel 731 8607 Sisekliiniku \u00f5pperuumide broneerimiseks v\u00f5tke kontakti Eelika Vindiga. T\u00f6\u00f6tajate kontaktide leidmiseks palun liikuge edasi selle lingi kaudu:http:\/\/kliinilinemeditsiin.ut.ee\/et\/sisekliinik\" \/>\n<meta property=\"og:url\" content=\"https:\/\/www.kliinikum.ee\/sisekliinik\/oppetoo\/\" \/>\n<meta property=\"og:site_name\" content=\"Sisekliinik\" \/>\n<meta property=\"article:modified_time\" content=\"2025-11-17T07:00:32+00:00\" \/>\n<meta name=\"twitter:card\" content=\"summary_large_image\" \/>\n<meta name=\"twitter:label1\" content=\"Est. reading time\" \/>\n\t<meta name=\"twitter:data1\" content=\"1 minut\" \/>\n<script type=\"application\/ld+json\" class=\"yoast-schema-graph\">{\"@context\":\"https:\\\/\\\/schema.org\",\"@graph\":[{\"@type\":\"WebPage\",\"@id\":\"https:\\\/\\\/www.kliinikum.ee\\\/sisekliinik\\\/oppetoo\\\/\",\"url\":\"https:\\\/\\\/www.kliinikum.ee\\\/sisekliinik\\\/oppetoo\\\/\",\"name\":\"\u00d5ppet\u00f6\u00f6 - Sisekliinik\",\"isPartOf\":{\"@id\":\"https:\\\/\\\/www.kliinikum.ee\\\/sisekliinik\\\/#website\"},\"datePublished\":\"2023-03-30T11:31:54+00:00\",\"dateModified\":\"2025-11-17T07:00:32+00:00\",\"breadcrumb\":{\"@id\":\"https:\\\/\\\/www.kliinikum.ee\\\/sisekliinik\\\/oppetoo\\\/#breadcrumb\"},\"inLanguage\":\"et\",\"potentialAction\":[{\"@type\":\"ReadAction\",\"target\":[\"https:\\\/\\\/www.kliinikum.ee\\\/sisekliinik\\\/oppetoo\\\/\"]}]},{\"@type\":\"BreadcrumbList\",\"@id\":\"https:\\\/\\\/www.kliinikum.ee\\\/sisekliinik\\\/oppetoo\\\/#breadcrumb\",\"itemListElement\":[{\"@type\":\"ListItem\",\"position\":1,\"name\":\"Home\",\"item\":\"https:\\\/\\\/www.kliinikum.ee\\\/sisekliinik\\\/\"},{\"@type\":\"ListItem\",\"position\":2,\"name\":\"\u00d5ppet\u00f6\u00f6\"}]},{\"@type\":\"WebSite\",\"@id\":\"https:\\\/\\\/www.kliinikum.ee\\\/sisekliinik\\\/#website\",\"url\":\"https:\\\/\\\/www.kliinikum.ee\\\/sisekliinik\\\/\",\"name\":\"Sisekliinik\",\"description\":\"Hoolivus, Uuendusmeelsus, P\u00e4devus ja Usaldusv\u00e4\u00e4rsus\",\"potentialAction\":[{\"@type\":\"SearchAction\",\"target\":{\"@type\":\"EntryPoint\",\"urlTemplate\":\"https:\\\/\\\/www.kliinikum.ee\\\/sisekliinik\\\/?s={search_term_string}\"},\"query-input\":{\"@type\":\"PropertyValueSpecification\",\"valueRequired\":true,\"valueName\":\"search_term_string\"}}],\"inLanguage\":\"et\"}]}<\/script>\n<!-- \/ Yoast SEO plugin. -->","yoast_head_json":{"title":"\u00d5ppet\u00f6\u00f6 - Sisekliinik","robots":{"index":"index","follow":"follow","max-snippet":"max-snippet:-1","max-image-preview":"max-image-preview:large","max-video-preview":"max-video-preview:-1"},"canonical":"https:\/\/www.kliinikum.ee\/sisekliinik\/oppetoo\/","og_locale":"et_EE","og_type":"article","og_title":"\u00d5ppet\u00f6\u00f6 - Sisekliinik","og_description":"Meditsiiniteaduste valdkonna Kliinilise Meditsiini Instituudi Sisekliinikus L. Puusepa 8 50406, Tartu, L-korpuse VI korrusel\u00d5ppekorraldusspetsialist Eelika Vind, Eelika.Vind@ut.ee tel 731 8607 Sisekliiniku \u00f5pperuumide broneerimiseks v\u00f5tke kontakti Eelika Vindiga. T\u00f6\u00f6tajate kontaktide leidmiseks palun liikuge edasi selle lingi kaudu:http:\/\/kliinilinemeditsiin.ut.ee\/et\/sisekliinik","og_url":"https:\/\/www.kliinikum.ee\/sisekliinik\/oppetoo\/","og_site_name":"Sisekliinik","article_modified_time":"2025-11-17T07:00:32+00:00","twitter_card":"summary_large_image","twitter_misc":{"Est. reading time":"1 minut"},"schema":{"@context":"https:\/\/schema.org","@graph":[{"@type":"WebPage","@id":"https:\/\/www.kliinikum.ee\/sisekliinik\/oppetoo\/","url":"https:\/\/www.kliinikum.ee\/sisekliinik\/oppetoo\/","name":"\u00d5ppet\u00f6\u00f6 - Sisekliinik","isPartOf":{"@id":"https:\/\/www.kliinikum.ee\/sisekliinik\/#website"},"datePublished":"2023-03-30T11:31:54+00:00","dateModified":"2025-11-17T07:00:32+00:00","breadcrumb":{"@id":"https:\/\/www.kliinikum.ee\/sisekliinik\/oppetoo\/#breadcrumb"},"inLanguage":"et","potentialAction":[{"@type":"ReadAction","target":["https:\/\/www.kliinikum.ee\/sisekliinik\/oppetoo\/"]}]},{"@type":"BreadcrumbList","@id":"https:\/\/www.kliinikum.ee\/sisekliinik\/oppetoo\/#breadcrumb","itemListElement":[{"@type":"ListItem","position":1,"name":"Home","item":"https:\/\/www.kliinikum.ee\/sisekliinik\/"},{"@type":"ListItem","position":2,"name":"\u00d5ppet\u00f6\u00f6"}]},{"@type":"WebSite","@id":"https:\/\/www.kliinikum.ee\/sisekliinik\/#website","url":"https:\/\/www.kliinikum.ee\/sisekliinik\/","name":"Sisekliinik","description":"Hoolivus, Uuendusmeelsus, P\u00e4devus ja Usaldusv\u00e4\u00e4rsus","potentialAction":[{"@type":"SearchAction","target":{"@type":"EntryPoint","urlTemplate":"https:\/\/www.kliinikum.ee\/sisekliinik\/?s={search_term_string}"},"query-input":{"@type":"PropertyValueSpecification","valueRequired":true,"valueName":"search_term_string"}}],"inLanguage":"et"}]}},"uagb_featured_image_src":{"full":false,"thumbnail":false,"medium":false,"medium_large":false,"large":false,"1536x1536":false,"2048x2048":false},"uagb_author_info":{"display_name":"Kerttu Pariots","author_link":"https:\/\/www.kliinikum.ee\/sisekliinik\/author\/kerttu\/"},"uagb_comment_info":0,"uagb_excerpt":"Meditsiiniteaduste valdkonna Kliinilise Meditsiini Instituudi Sisekliinikus L. Puusepa 8 50406, Tartu, L-korpuse VI korrusel\u00d5ppekorraldusspetsialist Eelika Vind, Eelika.Vind@ut.ee tel 731 8607 Sisekliiniku \u00f5pperuumide broneerimiseks v\u00f5tke kontakti Eelika Vindiga. T\u00f6\u00f6tajate kontaktide leidmiseks palun liikuge edasi selle lingi kaudu:http:\/\/kliinilinemeditsiin.ut.ee\/et\/sisekliinik","_links":{"self":[{"href":"https:\/\/www.kliinikum.ee\/sisekliinik\/wp-json\/wp\/v2\/pages\/6161","targetHints":{"allow":["GET"]}}],"collection":[{"href":"https:\/\/www.kliinikum.ee\/sisekliinik\/wp-json\/wp\/v2\/pages"}],"about":[{"href":"https:\/\/www.kliinikum.ee\/sisekliinik\/wp-json\/wp\/v2\/types\/page"}],"author":[{"embeddable":true,"href":"https:\/\/www.kliinikum.ee\/sisekliinik\/wp-json\/wp\/v2\/users\/30"}],"replies":[{"embeddable":true,"href":"https:\/\/www.kliinikum.ee\/sisekliinik\/wp-json\/wp\/v2\/comments?post=6161"}],"version-history":[{"count":0,"href":"https:\/\/www.kliinikum.ee\/sisekliinik\/wp-json\/wp\/v2\/pages\/6161\/revisions"}],"wp:attachment":[{"href":"https:\/\/www.kliinikum.ee\/sisekliinik\/wp-json\/wp\/v2\/media?parent=6161"}],"curies":[{"name":"wp","href":"https:\/\/api.w.org\/{rel}","templated":true}]}}