{"id":6170,"date":"2023-03-30T13:43:30","date_gmt":"2023-03-30T11:43:30","guid":{"rendered":"https:\/\/www.kliinikum.ee\/sisekliinik\/?page_id=6170"},"modified":"2025-09-01T13:13:48","modified_gmt":"2025-09-01T11:13:48","slug":"gastroenteroloogia","status":"publish","type":"page","link":"https:\/\/www.kliinikum.ee\/sisekliinik\/kliinikust\/gastroenteroloogia\/","title":{"rendered":"Gastroenteroloogia osakond"},"content":{"rendered":"\n<h3 class=\"wp-block-heading\"><strong>Tartus, L. Puusepa 8, L-korpuse IX korrusel<\/strong><\/h3>\n\n\n\n<p><strong>Osakonna juhataja<\/strong> Karin Kull, gastroenteroloogia vanemarst-\u00f5ppej\u00f5ud, tel 731 8634<br><strong>\u00d5endusjuht <\/strong>Marika Kukk, tel 731 8611&nbsp;<br><strong>Arstide tuba<\/strong> tel 731 8632<br><strong>Valve\u00f5de<\/strong> tel 731 8633<br><strong>Tervishoiusekret\u00e4r<\/strong>&nbsp;Marite Kolga, tel 731 8638<br>Voodip\u00e4evatasu&nbsp;maksmine: IV korrus, ruum L4011<\/p>\n\n\n\n<p><strong>Gastroenteroloogid:<br><\/strong>Ana Botchorishvili<br>Marina Kanter<br>Karin Kull<br>Hendrik Laja<br>Marko Malvik<br>Kairi Mansberg<\/p>\n\n\n\n<p>Margareth Meri<br>Kristi Rusin<br>Riina Salupere<br>Signe Vaas<\/p>\n\n\n\n<p><\/p>\n\n\n\t\t\t\t\t<div\n\t\t\t\t\t\tclass=\"wp-block-uagb-image-gallery uagb-block-6cac308b     \"\n\t\t\t\t\t\tstyle=\"\"\n\t\t\t\t\t>\n\t\t\t\t\t\t\t\t\t\t\t<div class=\"spectra-image-gallery spectra-image-gallery__layout--grid spectra-image-gallery__layout--grid-col-3 spectra-image-gallery__layout--grid-col-tab-3 spectra-image-gallery__layout--grid-col-mob-2\">\n\t\t\t\t\t\t\t\t\t\t\t<div class='spectra-image-gallery__media-wrapper' data-spectra-gallery-image-id='7316' tabindex=\"0\">\n\t\t\t\t\t\t\t<div class=\"spectra-image-gallery__media spectra-image-gallery__media--grid\">\n\t\t\t\t<picture>\n\t\t\t\t\t<source media=\"(min-width: 1024px)\" srcset=\"https:\/\/www.kliinikum.ee\/sisekliinik\/wp-content\/uploads\/2023\/06\/Gastroenteroloogia_-1024x683.jpg\">\n\t\t\t\t\t<source media=\"(min-width: 768px)\" srcset=\"https:\/\/www.kliinikum.ee\/sisekliinik\/wp-content\/uploads\/2023\/06\/Gastroenteroloogia_-1024x683.jpg\">\n\t\t\t\t\t<img decoding=\"async\" class=\"spectra-image-gallery__media-thumbnail spectra-image-gallery__media-thumbnail--grid\" src=\"https:\/\/www.kliinikum.ee\/sisekliinik\/wp-content\/uploads\/2023\/06\/Gastroenteroloogia_-300x200.jpg\" alt=\"\" loading=\"lazy\" \/>\n\t\t\t\t<\/picture>\n\t\t\t\t<div class=\"spectra-image-gallery__media-thumbnail-blurrer\"><\/div>\n\t\t\t\t\t\t\t\t\t\t\t<div class=\"spectra-image-gallery__media-thumbnail-caption-wrapper spectra-image-gallery__media-thumbnail-caption-wrapper--overlay\">\n\t\t\t\t\t\t\t\t\t\t\t<div class=\"spectra-image-gallery__media-thumbnail-caption spectra-image-gallery__media-thumbnail-caption--overlay\">\n\t\t\t\t\tGastroenteroloogia osakond\t\t\t\t<\/div>\n\t\t\t\t\t\t\t\t\t\t<\/div>\n\t\t\t\t\t\t\t\t\t<\/div>\n\t\t\t\t\t\t<\/div>\n\t\t\t\t\t\t<div class='spectra-image-gallery__media-wrapper' data-spectra-gallery-image-id='7317' tabindex=\"0\">\n\t\t\t\t\t\t\t<div class=\"spectra-image-gallery__media spectra-image-gallery__media--grid\">\n\t\t\t\t<picture>\n\t\t\t\t\t<source media=\"(min-width: 1024px)\" srcset=\"https:\/\/www.kliinikum.ee\/sisekliinik\/wp-content\/uploads\/2023\/06\/IMG_8067-1024x683.jpg\">\n\t\t\t\t\t<source media=\"(min-width: 768px)\" srcset=\"https:\/\/www.kliinikum.ee\/sisekliinik\/wp-content\/uploads\/2023\/06\/IMG_8067-1024x683.jpg\">\n\t\t\t\t\t<img decoding=\"async\" class=\"spectra-image-gallery__media-thumbnail spectra-image-gallery__media-thumbnail--grid\" src=\"https:\/\/www.kliinikum.ee\/sisekliinik\/wp-content\/uploads\/2023\/06\/IMG_8067-300x200.jpg\" alt=\"\" loading=\"lazy\" \/>\n\t\t\t\t<\/picture>\n\t\t\t\t<div class=\"spectra-image-gallery__media-thumbnail-blurrer\"><\/div>\n\t\t\t\t\t\t\t\t\t\t\t<div class=\"spectra-image-gallery__media-thumbnail-caption-wrapper spectra-image-gallery__media-thumbnail-caption-wrapper--overlay\">\n\t\t\t\t\t\t\t\t\t\t\t<div class=\"spectra-image-gallery__media-thumbnail-caption spectra-image-gallery__media-thumbnail-caption--overlay\">\n\t\t\t\t\tGastroenteroloogia osakond\t\t\t\t<\/div>\n\t\t\t\t\t\t\t\t\t\t<\/div>\n\t\t\t\t\t\t\t\t\t<\/div>\n\t\t\t\t\t\t<\/div>\n\t\t\t\t\t\t<div class='spectra-image-gallery__media-wrapper' data-spectra-gallery-image-id='7319' tabindex=\"0\">\n\t\t\t\t\t\t\t<div class=\"spectra-image-gallery__media spectra-image-gallery__media--grid\">\n\t\t\t\t<picture>\n\t\t\t\t\t<source media=\"(min-width: 1024px)\" srcset=\"https:\/\/www.kliinikum.ee\/sisekliinik\/wp-content\/uploads\/2023\/06\/IMG_8165-1024x683.jpg\">\n\t\t\t\t\t<source media=\"(min-width: 768px)\" srcset=\"https:\/\/www.kliinikum.ee\/sisekliinik\/wp-content\/uploads\/2023\/06\/IMG_8165-1024x683.jpg\">\n\t\t\t\t\t<img decoding=\"async\" class=\"spectra-image-gallery__media-thumbnail spectra-image-gallery__media-thumbnail--grid\" src=\"https:\/\/www.kliinikum.ee\/sisekliinik\/wp-content\/uploads\/2023\/06\/IMG_8165-300x200.jpg\" alt=\"\" loading=\"lazy\" \/>\n\t\t\t\t<\/picture>\n\t\t\t\t<div class=\"spectra-image-gallery__media-thumbnail-blurrer\"><\/div>\n\t\t\t\t\t\t\t\t\t\t\t<div class=\"spectra-image-gallery__media-thumbnail-caption-wrapper spectra-image-gallery__media-thumbnail-caption-wrapper--overlay\">\n\t\t\t\t\t\t\t\t\t\t\t<div class=\"spectra-image-gallery__media-thumbnail-caption spectra-image-gallery__media-thumbnail-caption--overlay\">\n\t\t\t\t\tGastroenteroloogia osakond\t\t\t\t<\/div>\n\t\t\t\t\t\t\t\t\t\t<\/div>\n\t\t\t\t\t\t\t\t\t<\/div>\n\t\t\t\t\t\t<\/div>\n\t\t\t\t\t\t\t\t\t\t<\/div>\n\t\t\t\t\t\t\t\t\t\t\t\t\t\t\t\t\t\t<\/div>\n\t\t\t\t\t\t\t\t\t","protected":false},"excerpt":{"rendered":"<p>Tartus, L. Puusepa 8, L-korpuse IX korrusel Osakonna juhataja Karin Kull, gastroenteroloogia vanemarst-\u00f5ppej\u00f5ud, tel 731 8634\u00d5endusjuht Marika Kukk, tel 731 8611&nbsp;Arstide tuba tel 731 8632Valve\u00f5de tel 731 8633Tervishoiusekret\u00e4r&nbsp;Marite Kolga, tel 731 8638Voodip\u00e4evatasu&nbsp;maksmine: IV korrus, ruum L4011 Gastroenteroloogid:Ana BotchorishviliMarina KanterKarin KullHendrik LajaMarko MalvikKairi Mansberg Margareth MeriKristi RusinRiina SalupereSigne Vaas<\/p>\n","protected":false},"author":33,"featured_media":6354,"parent":17,"menu_order":3,"comment_status":"closed","ping_status":"closed","template":"","meta":{"_acf_changed":false,"_uag_custom_page_level_css":"","footnotes":""},"class_list":["post-6170","page","type-page","status-publish","has-post-thumbnail","hentry"],"acf":[],"yoast_head":"<!-- This site is optimized with the Yoast SEO plugin v27.3 - https:\/\/yoast.com\/product\/yoast-seo-wordpress\/ -->\n<title>Gastroenteroloogia osakond - Sisekliinik<\/title>\n<meta name=\"robots\" content=\"index, follow, max-snippet:-1, max-image-preview:large, max-video-preview:-1\" \/>\n<link rel=\"canonical\" href=\"https:\/\/www.kliinikum.ee\/sisekliinik\/kliinikust\/gastroenteroloogia\/\" \/>\n<meta property=\"og:locale\" content=\"et_EE\" \/>\n<meta property=\"og:type\" content=\"article\" \/>\n<meta property=\"og:title\" content=\"Gastroenteroloogia osakond - Sisekliinik\" \/>\n<meta property=\"og:description\" content=\"Tartus, L. Puusepa 8, L-korpuse IX korrusel Osakonna juhataja Karin Kull, gastroenteroloogia vanemarst-\u00f5ppej\u00f5ud, tel 731 8634\u00d5endusjuht Marika Kukk, tel 731 8611&nbsp;Arstide tuba tel 731 8632Valve\u00f5de tel 731 8633Tervishoiusekret\u00e4r&nbsp;Marite Kolga, tel 731 8638Voodip\u00e4evatasu&nbsp;maksmine: IV korrus, ruum L4011 Gastroenteroloogid:Ana BotchorishviliMarina KanterKarin KullHendrik LajaMarko MalvikKairi Mansberg Margareth MeriKristi RusinRiina SalupereSigne Vaas\" \/>\n<meta property=\"og:url\" content=\"https:\/\/www.kliinikum.ee\/sisekliinik\/kliinikust\/gastroenteroloogia\/\" \/>\n<meta property=\"og:site_name\" content=\"Sisekliinik\" \/>\n<meta property=\"article:modified_time\" content=\"2025-09-01T11:13:48+00:00\" \/>\n<meta property=\"og:image\" content=\"https:\/\/www.kliinikum.ee\/sisekliinik\/wp-content\/uploads\/2023\/04\/Gastroenteroloogia_-scaled.jpg\" \/>\n\t<meta property=\"og:image:width\" content=\"2560\" \/>\n\t<meta property=\"og:image:height\" content=\"1706\" \/>\n\t<meta property=\"og:image:type\" content=\"image\/jpeg\" \/>\n<meta name=\"twitter:card\" content=\"summary_large_image\" \/>\n<meta name=\"twitter:label1\" content=\"Est. reading time\" \/>\n\t<meta name=\"twitter:data1\" content=\"1 minut\" \/>\n<script type=\"application\/ld+json\" class=\"yoast-schema-graph\">{\"@context\":\"https:\\\/\\\/schema.org\",\"@graph\":[{\"@type\":\"WebPage\",\"@id\":\"https:\\\/\\\/www.kliinikum.ee\\\/sisekliinik\\\/kliinikust\\\/gastroenteroloogia\\\/\",\"url\":\"https:\\\/\\\/www.kliinikum.ee\\\/sisekliinik\\\/kliinikust\\\/gastroenteroloogia\\\/\",\"name\":\"Gastroenteroloogia osakond - Sisekliinik\",\"isPartOf\":{\"@id\":\"https:\\\/\\\/www.kliinikum.ee\\\/sisekliinik\\\/#website\"},\"primaryImageOfPage\":{\"@id\":\"https:\\\/\\\/www.kliinikum.ee\\\/sisekliinik\\\/kliinikust\\\/gastroenteroloogia\\\/#primaryimage\"},\"image\":{\"@id\":\"https:\\\/\\\/www.kliinikum.ee\\\/sisekliinik\\\/kliinikust\\\/gastroenteroloogia\\\/#primaryimage\"},\"thumbnailUrl\":\"https:\\\/\\\/www.kliinikum.ee\\\/sisekliinik\\\/wp-content\\\/uploads\\\/2023\\\/04\\\/Gastroenteroloogia_-scaled.jpg\",\"datePublished\":\"2023-03-30T11:43:30+00:00\",\"dateModified\":\"2025-09-01T11:13:48+00:00\",\"breadcrumb\":{\"@id\":\"https:\\\/\\\/www.kliinikum.ee\\\/sisekliinik\\\/kliinikust\\\/gastroenteroloogia\\\/#breadcrumb\"},\"inLanguage\":\"et\",\"potentialAction\":[{\"@type\":\"ReadAction\",\"target\":[\"https:\\\/\\\/www.kliinikum.ee\\\/sisekliinik\\\/kliinikust\\\/gastroenteroloogia\\\/\"]}]},{\"@type\":\"ImageObject\",\"inLanguage\":\"et\",\"@id\":\"https:\\\/\\\/www.kliinikum.ee\\\/sisekliinik\\\/kliinikust\\\/gastroenteroloogia\\\/#primaryimage\",\"url\":\"https:\\\/\\\/www.kliinikum.ee\\\/sisekliinik\\\/wp-content\\\/uploads\\\/2023\\\/04\\\/Gastroenteroloogia_-scaled.jpg\",\"contentUrl\":\"https:\\\/\\\/www.kliinikum.ee\\\/sisekliinik\\\/wp-content\\\/uploads\\\/2023\\\/04\\\/Gastroenteroloogia_-scaled.jpg\",\"width\":2560,\"height\":1706},{\"@type\":\"BreadcrumbList\",\"@id\":\"https:\\\/\\\/www.kliinikum.ee\\\/sisekliinik\\\/kliinikust\\\/gastroenteroloogia\\\/#breadcrumb\",\"itemListElement\":[{\"@type\":\"ListItem\",\"position\":1,\"name\":\"Home\",\"item\":\"https:\\\/\\\/www.kliinikum.ee\\\/sisekliinik\\\/\"},{\"@type\":\"ListItem\",\"position\":2,\"name\":\"Kliinikust\",\"item\":\"https:\\\/\\\/www.kliinikum.ee\\\/sisekliinik\\\/kliinikust\\\/\"},{\"@type\":\"ListItem\",\"position\":3,\"name\":\"Gastroenteroloogia osakond\"}]},{\"@type\":\"WebSite\",\"@id\":\"https:\\\/\\\/www.kliinikum.ee\\\/sisekliinik\\\/#website\",\"url\":\"https:\\\/\\\/www.kliinikum.ee\\\/sisekliinik\\\/\",\"name\":\"Sisekliinik\",\"description\":\"Hoolivus, Uuendusmeelsus, P\u00e4devus ja Usaldusv\u00e4\u00e4rsus\",\"potentialAction\":[{\"@type\":\"SearchAction\",\"target\":{\"@type\":\"EntryPoint\",\"urlTemplate\":\"https:\\\/\\\/www.kliinikum.ee\\\/sisekliinik\\\/?s={search_term_string}\"},\"query-input\":{\"@type\":\"PropertyValueSpecification\",\"valueRequired\":true,\"valueName\":\"search_term_string\"}}],\"inLanguage\":\"et\"}]}<\/script>\n<!-- \/ Yoast SEO plugin. -->","yoast_head_json":{"title":"Gastroenteroloogia osakond - Sisekliinik","robots":{"index":"index","follow":"follow","max-snippet":"max-snippet:-1","max-image-preview":"max-image-preview:large","max-video-preview":"max-video-preview:-1"},"canonical":"https:\/\/www.kliinikum.ee\/sisekliinik\/kliinikust\/gastroenteroloogia\/","og_locale":"et_EE","og_type":"article","og_title":"Gastroenteroloogia osakond - Sisekliinik","og_description":"Tartus, L. Puusepa 8, L-korpuse IX korrusel Osakonna juhataja Karin Kull, gastroenteroloogia vanemarst-\u00f5ppej\u00f5ud, tel 731 8634\u00d5endusjuht Marika Kukk, tel 731 8611&nbsp;Arstide tuba tel 731 8632Valve\u00f5de tel 731 8633Tervishoiusekret\u00e4r&nbsp;Marite Kolga, tel 731 8638Voodip\u00e4evatasu&nbsp;maksmine: IV korrus, ruum L4011 Gastroenteroloogid:Ana BotchorishviliMarina KanterKarin KullHendrik LajaMarko MalvikKairi Mansberg Margareth MeriKristi RusinRiina SalupereSigne Vaas","og_url":"https:\/\/www.kliinikum.ee\/sisekliinik\/kliinikust\/gastroenteroloogia\/","og_site_name":"Sisekliinik","article_modified_time":"2025-09-01T11:13:48+00:00","og_image":[{"width":2560,"height":1706,"url":"https:\/\/www.kliinikum.ee\/sisekliinik\/wp-content\/uploads\/2023\/04\/Gastroenteroloogia_-scaled.jpg","type":"image\/jpeg"}],"twitter_card":"summary_large_image","twitter_misc":{"Est. reading time":"1 minut"},"schema":{"@context":"https:\/\/schema.org","@graph":[{"@type":"WebPage","@id":"https:\/\/www.kliinikum.ee\/sisekliinik\/kliinikust\/gastroenteroloogia\/","url":"https:\/\/www.kliinikum.ee\/sisekliinik\/kliinikust\/gastroenteroloogia\/","name":"Gastroenteroloogia osakond - Sisekliinik","isPartOf":{"@id":"https:\/\/www.kliinikum.ee\/sisekliinik\/#website"},"primaryImageOfPage":{"@id":"https:\/\/www.kliinikum.ee\/sisekliinik\/kliinikust\/gastroenteroloogia\/#primaryimage"},"image":{"@id":"https:\/\/www.kliinikum.ee\/sisekliinik\/kliinikust\/gastroenteroloogia\/#primaryimage"},"thumbnailUrl":"https:\/\/www.kliinikum.ee\/sisekliinik\/wp-content\/uploads\/2023\/04\/Gastroenteroloogia_-scaled.jpg","datePublished":"2023-03-30T11:43:30+00:00","dateModified":"2025-09-01T11:13:48+00:00","breadcrumb":{"@id":"https:\/\/www.kliinikum.ee\/sisekliinik\/kliinikust\/gastroenteroloogia\/#breadcrumb"},"inLanguage":"et","potentialAction":[{"@type":"ReadAction","target":["https:\/\/www.kliinikum.ee\/sisekliinik\/kliinikust\/gastroenteroloogia\/"]}]},{"@type":"ImageObject","inLanguage":"et","@id":"https:\/\/www.kliinikum.ee\/sisekliinik\/kliinikust\/gastroenteroloogia\/#primaryimage","url":"https:\/\/www.kliinikum.ee\/sisekliinik\/wp-content\/uploads\/2023\/04\/Gastroenteroloogia_-scaled.jpg","contentUrl":"https:\/\/www.kliinikum.ee\/sisekliinik\/wp-content\/uploads\/2023\/04\/Gastroenteroloogia_-scaled.jpg","width":2560,"height":1706},{"@type":"BreadcrumbList","@id":"https:\/\/www.kliinikum.ee\/sisekliinik\/kliinikust\/gastroenteroloogia\/#breadcrumb","itemListElement":[{"@type":"ListItem","position":1,"name":"Home","item":"https:\/\/www.kliinikum.ee\/sisekliinik\/"},{"@type":"ListItem","position":2,"name":"Kliinikust","item":"https:\/\/www.kliinikum.ee\/sisekliinik\/kliinikust\/"},{"@type":"ListItem","position":3,"name":"Gastroenteroloogia osakond"}]},{"@type":"WebSite","@id":"https:\/\/www.kliinikum.ee\/sisekliinik\/#website","url":"https:\/\/www.kliinikum.ee\/sisekliinik\/","name":"Sisekliinik","description":"Hoolivus, Uuendusmeelsus, P\u00e4devus ja Usaldusv\u00e4\u00e4rsus","potentialAction":[{"@type":"SearchAction","target":{"@type":"EntryPoint","urlTemplate":"https:\/\/www.kliinikum.ee\/sisekliinik\/?s={search_term_string}"},"query-input":{"@type":"PropertyValueSpecification","valueRequired":true,"valueName":"search_term_string"}}],"inLanguage":"et"}]}},"uagb_featured_image_src":{"full":["https:\/\/www.kliinikum.ee\/sisekliinik\/wp-content\/uploads\/2023\/04\/Gastroenteroloogia_-scaled.jpg",2560,1706,false],"thumbnail":["https:\/\/www.kliinikum.ee\/sisekliinik\/wp-content\/uploads\/2023\/04\/Gastroenteroloogia_-150x150.jpg",150,150,true],"medium":["https:\/\/www.kliinikum.ee\/sisekliinik\/wp-content\/uploads\/2023\/04\/Gastroenteroloogia_-300x200.jpg",300,200,true],"medium_large":["https:\/\/www.kliinikum.ee\/sisekliinik\/wp-content\/uploads\/2023\/04\/Gastroenteroloogia_-768x512.jpg",768,512,true],"large":["https:\/\/www.kliinikum.ee\/sisekliinik\/wp-content\/uploads\/2023\/04\/Gastroenteroloogia_-1024x683.jpg",1024,683,true],"1536x1536":["https:\/\/www.kliinikum.ee\/sisekliinik\/wp-content\/uploads\/2023\/04\/Gastroenteroloogia_-1536x1024.jpg",1536,1024,true],"2048x2048":["https:\/\/www.kliinikum.ee\/sisekliinik\/wp-content\/uploads\/2023\/04\/Gastroenteroloogia_-2048x1365.jpg",2048,1365,true]},"uagb_author_info":{"display_name":"Jane Freimann","author_link":"https:\/\/www.kliinikum.ee\/sisekliinik\/author\/janef\/"},"uagb_comment_info":0,"uagb_excerpt":"Tartus, L. Puusepa 8, L-korpuse IX korrusel Osakonna juhataja Karin Kull, gastroenteroloogia vanemarst-\u00f5ppej\u00f5ud, tel 731 8634\u00d5endusjuht Marika Kukk, tel 731 8611&nbsp;Arstide tuba tel 731 8632Valve\u00f5de tel 731 8633Tervishoiusekret\u00e4r&nbsp;Marite Kolga, tel 731 8638Voodip\u00e4evatasu&nbsp;maksmine: IV korrus, ruum L4011 Gastroenteroloogid:Ana BotchorishviliMarina KanterKarin KullHendrik LajaMarko MalvikKairi Mansberg Margareth MeriKristi RusinRiina SalupereSigne Vaas","_links":{"self":[{"href":"https:\/\/www.kliinikum.ee\/sisekliinik\/wp-json\/wp\/v2\/pages\/6170","targetHints":{"allow":["GET"]}}],"collection":[{"href":"https:\/\/www.kliinikum.ee\/sisekliinik\/wp-json\/wp\/v2\/pages"}],"about":[{"href":"https:\/\/www.kliinikum.ee\/sisekliinik\/wp-json\/wp\/v2\/types\/page"}],"author":[{"embeddable":true,"href":"https:\/\/www.kliinikum.ee\/sisekliinik\/wp-json\/wp\/v2\/users\/33"}],"replies":[{"embeddable":true,"href":"https:\/\/www.kliinikum.ee\/sisekliinik\/wp-json\/wp\/v2\/comments?post=6170"}],"version-history":[{"count":0,"href":"https:\/\/www.kliinikum.ee\/sisekliinik\/wp-json\/wp\/v2\/pages\/6170\/revisions"}],"up":[{"embeddable":true,"href":"https:\/\/www.kliinikum.ee\/sisekliinik\/wp-json\/wp\/v2\/pages\/17"}],"wp:featuredmedia":[{"embeddable":true,"href":"https:\/\/www.kliinikum.ee\/sisekliinik\/wp-json\/wp\/v2\/media\/6354"}],"wp:attachment":[{"href":"https:\/\/www.kliinikum.ee\/sisekliinik\/wp-json\/wp\/v2\/media?parent=6170"}],"curies":[{"name":"wp","href":"https:\/\/api.w.org\/{rel}","templated":true}]}}