{"id":6178,"date":"2023-03-30T13:51:21","date_gmt":"2023-03-30T11:51:21","guid":{"rendered":"https:\/\/www.kliinikum.ee\/sisekliinik\/?page_id=6178"},"modified":"2026-03-27T11:19:00","modified_gmt":"2026-03-27T09:19:00","slug":"reumatoloogia","status":"publish","type":"page","link":"https:\/\/www.kliinikum.ee\/sisekliinik\/kliinikust\/reumatoloogia\/","title":{"rendered":"Reumatoloogia"},"content":{"rendered":"\n<p><strong>Reumatoloogia statsionaarne osakond L-korpuses VII korrusel<\/strong><\/p>\n\n\n\n<p class=\"has-medium-font-size\"><strong>Reumatoloogia eriala vastutava arst-\u00f5ppej\u00f5u kohuset\u00e4itja<\/strong> Jekaterina Saar, reumatoloogia vanemarst-\u00f5ppej\u00f5ud, tel 731 8670<br><strong>Arstide tuba,<\/strong> tel 731 8622, 731 8626<\/p>\n\n\n\n<p class=\"has-medium-font-size\"><strong>Valve\u00f5de<\/strong>, tel 731 8623<br><strong>\u00d5endusjuht <\/strong>Martina Vool, tel 731 8614<\/p>\n\n\n\n<p class=\"has-medium-font-size\"><strong>Vastutav \u00f5de\/ protseduuri\u00f5de<\/strong> VII korrusel: Kristi M\u00e4ek\u00f5iv tel 731 8679<br><strong>Tervishoiusekret\u00e4r&nbsp;<\/strong>Kairi Klein, VII korrusel, ruum L7003, tel 731 8606<br>Voodip\u00e4evatasu&nbsp;maksmine L7003<\/p>\n\n\n<div class=\"wp-block-uagb-faq uagb-faq__outer-wrap uagb-block-3ee28e97 uagb-faq-icon-row uagb-faq-layout-accordion uagb-faq-expand-first-true uagb-faq-inactive-other-true uagb-faq__wrap uagb-buttons-layout-wrap uagb-faq-equal-height     \" data-faqtoggle=\"true\" role=\"tablist\"><div class=\"wp-block-uagb-faq-child uagb-faq-child__outer-wrap uagb-faq-item uagb-block-5d5d976d \" role=\"tab\" tabindex=\"0\"><div class=\"uagb-faq-questions-button uagb-faq-questions\">\t\t\t<span class=\"uagb-icon uagb-faq-icon-wrap\">\n\t\t\t\t\t\t\t\t<svg xmlns=\"https:\/\/www.w3.org\/2000\/svg\" viewBox= \"0 0 448 512\"><path d=\"M432 256c0 17.69-14.33 32.01-32 32.01H256v144c0 17.69-14.33 31.99-32 31.99s-32-14.3-32-31.99v-144H48c-17.67 0-32-14.32-32-32.01s14.33-31.99 32-31.99H192v-144c0-17.69 14.33-32.01 32-32.01s32 14.32 32 32.01v144h144C417.7 224 432 238.3 432 256z\"><\/path><\/svg>\n\t\t\t\t\t\t\t<\/span>\n\t\t\t\t\t\t<span class=\"uagb-icon-active uagb-faq-icon-wrap\">\n\t\t\t\t\t\t\t\t<svg xmlns=\"https:\/\/www.w3.org\/2000\/svg\" viewBox= \"0 0 448 512\"><path d=\"M400 288h-352c-17.69 0-32-14.32-32-32.01s14.31-31.99 32-31.99h352c17.69 0 32 14.3 32 31.99S417.7 288 400 288z\"><\/path><\/svg>\n\t\t\t\t\t\t\t<\/span>\n\t\t\t<span class=\"uagb-question\">Reumatoloogid<\/span><\/div><div class=\"uagb-faq-content\"><p>Prof. Riina Kallikorm, reumatoloogia professor, tel 731 8602 (IV korrusel)<br>Reet Kuuse<br>Raili M\u00fcller<br>Jekaterina Saar<br>Katrin Ulst<br>Annika Valner<br>Maria Ernits<\/p><\/div><\/div><\/div>\n\n\t\t\t\t\t<div\n\t\t\t\t\t\tclass=\"wp-block-uagb-image-gallery uagb-block-27138d8b     \"\n\t\t\t\t\t\tstyle=\"\"\n\t\t\t\t\t>\n\t\t\t\t\t\t\t\t\t\t\t<div class=\"spectra-image-gallery spectra-image-gallery__layout--grid spectra-image-gallery__layout--grid-col-2 spectra-image-gallery__layout--grid-col-tab-3 spectra-image-gallery__layout--grid-col-mob-2\">\n\t\t\t\t\t\t\t\t\t\t\t<div class='spectra-image-gallery__media-wrapper' data-spectra-gallery-image-id='6930' tabindex=\"0\">\n\t\t\t\t\t\t\t<div class=\"spectra-image-gallery__media spectra-image-gallery__media--grid\">\n\t\t\t\t<picture>\n\t\t\t\t\t<source media=\"(min-width: 1024px)\" srcset=\"https:\/\/www.kliinikum.ee\/sisekliinik\/wp-content\/uploads\/2023\/05\/IMG_6284-1024x683.jpg\">\n\t\t\t\t\t<source media=\"(min-width: 768px)\" srcset=\"https:\/\/www.kliinikum.ee\/sisekliinik\/wp-content\/uploads\/2023\/05\/IMG_6284-1024x683.jpg\">\n\t\t\t\t\t<img decoding=\"async\" class=\"spectra-image-gallery__media-thumbnail spectra-image-gallery__media-thumbnail--grid\" src=\"https:\/\/www.kliinikum.ee\/sisekliinik\/wp-content\/uploads\/2023\/05\/IMG_6284-300x200.jpg\" alt=\"\" loading=\"lazy\" \/>\n\t\t\t\t<\/picture>\n\t\t\t\t<div class=\"spectra-image-gallery__media-thumbnail-blurrer\"><\/div>\n\t\t\t\t\t\t\t\t\t\t\t<div class=\"spectra-image-gallery__media-thumbnail-caption-wrapper spectra-image-gallery__media-thumbnail-caption-wrapper--overlay\">\n\t\t\t\t\t\t\t\t\t\t\t<div class=\"spectra-image-gallery__media-thumbnail-caption spectra-image-gallery__media-thumbnail-caption--overlay\">\n\t\t\t\t\treumatoloogia\t\t\t\t<\/div>\n\t\t\t\t\t\t\t\t\t\t<\/div>\n\t\t\t\t\t\t\t\t\t<\/div>\n\t\t\t\t\t\t<\/div>\n\t\t\t\t\t\t<div class='spectra-image-gallery__media-wrapper' data-spectra-gallery-image-id='6924' tabindex=\"0\">\n\t\t\t\t\t\t\t<div class=\"spectra-image-gallery__media spectra-image-gallery__media--grid\">\n\t\t\t\t<picture>\n\t\t\t\t\t<source media=\"(min-width: 1024px)\" srcset=\"https:\/\/www.kliinikum.ee\/sisekliinik\/wp-content\/uploads\/2023\/05\/IMG_6187.jpg\">\n\t\t\t\t\t<source media=\"(min-width: 768px)\" srcset=\"https:\/\/www.kliinikum.ee\/sisekliinik\/wp-content\/uploads\/2023\/05\/IMG_6187.jpg\">\n\t\t\t\t\t<img decoding=\"async\" class=\"spectra-image-gallery__media-thumbnail spectra-image-gallery__media-thumbnail--grid\" src=\"https:\/\/www.kliinikum.ee\/sisekliinik\/wp-content\/uploads\/2023\/05\/IMG_6187.jpg\" alt=\"\" loading=\"lazy\" \/>\n\t\t\t\t<\/picture>\n\t\t\t\t<div class=\"spectra-image-gallery__media-thumbnail-blurrer\"><\/div>\n\t\t\t\t\t\t\t\t\t\t\t<div class=\"spectra-image-gallery__media-thumbnail-caption-wrapper spectra-image-gallery__media-thumbnail-caption-wrapper--overlay\">\n\t\t\t\t\t\t\t\t\t\t\t<div class=\"spectra-image-gallery__media-thumbnail-caption spectra-image-gallery__media-thumbnail-caption--overlay\">\n\t\t\t\t\treumatoloogia\t\t\t\t<\/div>\n\t\t\t\t\t\t\t\t\t\t<\/div>\n\t\t\t\t\t\t\t\t\t<\/div>\n\t\t\t\t\t\t<\/div>\n\t\t\t\t\t\t<div class='spectra-image-gallery__media-wrapper' data-spectra-gallery-image-id='6927' tabindex=\"0\">\n\t\t\t\t\t\t\t<div class=\"spectra-image-gallery__media spectra-image-gallery__media--grid\">\n\t\t\t\t<picture>\n\t\t\t\t\t<source media=\"(min-width: 1024px)\" srcset=\"https:\/\/www.kliinikum.ee\/sisekliinik\/wp-content\/uploads\/2023\/05\/IMG_6200-1024x683.jpg\">\n\t\t\t\t\t<source media=\"(min-width: 768px)\" srcset=\"https:\/\/www.kliinikum.ee\/sisekliinik\/wp-content\/uploads\/2023\/05\/IMG_6200-1024x683.jpg\">\n\t\t\t\t\t<img decoding=\"async\" class=\"spectra-image-gallery__media-thumbnail spectra-image-gallery__media-thumbnail--grid\" src=\"https:\/\/www.kliinikum.ee\/sisekliinik\/wp-content\/uploads\/2023\/05\/IMG_6200-300x200.jpg\" alt=\"\" loading=\"lazy\" \/>\n\t\t\t\t<\/picture>\n\t\t\t\t<div class=\"spectra-image-gallery__media-thumbnail-blurrer\"><\/div>\n\t\t\t\t\t\t\t\t\t\t\t<div class=\"spectra-image-gallery__media-thumbnail-caption-wrapper spectra-image-gallery__media-thumbnail-caption-wrapper--overlay\">\n\t\t\t\t\t\t\t\t\t\t\t<div class=\"spectra-image-gallery__media-thumbnail-caption spectra-image-gallery__media-thumbnail-caption--overlay\">\n\t\t\t\t\treumatoloogia\t\t\t\t<\/div>\n\t\t\t\t\t\t\t\t\t\t<\/div>\n\t\t\t\t\t\t\t\t\t<\/div>\n\t\t\t\t\t\t<\/div>\n\t\t\t\t\t\t<div class='spectra-image-gallery__media-wrapper' data-spectra-gallery-image-id='6918' tabindex=\"0\">\n\t\t\t\t\t\t\t<div class=\"spectra-image-gallery__media spectra-image-gallery__media--grid\">\n\t\t\t\t<picture>\n\t\t\t\t\t<source media=\"(min-width: 1024px)\" srcset=\"https:\/\/www.kliinikum.ee\/sisekliinik\/wp-content\/uploads\/2023\/05\/IMG_6162-1024x683.jpg\">\n\t\t\t\t\t<source media=\"(min-width: 768px)\" srcset=\"https:\/\/www.kliinikum.ee\/sisekliinik\/wp-content\/uploads\/2023\/05\/IMG_6162-1024x683.jpg\">\n\t\t\t\t\t<img decoding=\"async\" class=\"spectra-image-gallery__media-thumbnail spectra-image-gallery__media-thumbnail--grid\" src=\"https:\/\/www.kliinikum.ee\/sisekliinik\/wp-content\/uploads\/2023\/05\/IMG_6162-300x200.jpg\" alt=\"\" loading=\"lazy\" \/>\n\t\t\t\t<\/picture>\n\t\t\t\t<div class=\"spectra-image-gallery__media-thumbnail-blurrer\"><\/div>\n\t\t\t\t\t\t\t\t\t\t\t<div class=\"spectra-image-gallery__media-thumbnail-caption-wrapper spectra-image-gallery__media-thumbnail-caption-wrapper--overlay\">\n\t\t\t\t\t\t\t\t\t\t\t<div class=\"spectra-image-gallery__media-thumbnail-caption spectra-image-gallery__media-thumbnail-caption--overlay\">\n\t\t\t\t\treumatoloogia\t\t\t\t<\/div>\n\t\t\t\t\t\t\t\t\t\t<\/div>\n\t\t\t\t\t\t\t\t\t<\/div>\n\t\t\t\t\t\t<\/div>\n\t\t\t\t\t\t<div class='spectra-image-gallery__media-wrapper' data-spectra-gallery-image-id='6914' tabindex=\"0\">\n\t\t\t\t\t\t\t<div class=\"spectra-image-gallery__media spectra-image-gallery__media--grid\">\n\t\t\t\t<picture>\n\t\t\t\t\t<source media=\"(min-width: 1024px)\" srcset=\"https:\/\/www.kliinikum.ee\/sisekliinik\/wp-content\/uploads\/2023\/05\/IMG_6144-683x1024.jpg\">\n\t\t\t\t\t<source media=\"(min-width: 768px)\" srcset=\"https:\/\/www.kliinikum.ee\/sisekliinik\/wp-content\/uploads\/2023\/05\/IMG_6144-683x1024.jpg\">\n\t\t\t\t\t<img decoding=\"async\" class=\"spectra-image-gallery__media-thumbnail spectra-image-gallery__media-thumbnail--grid\" src=\"https:\/\/www.kliinikum.ee\/sisekliinik\/wp-content\/uploads\/2023\/05\/IMG_6144-200x300.jpg\" alt=\"\" loading=\"lazy\" \/>\n\t\t\t\t<\/picture>\n\t\t\t\t<div class=\"spectra-image-gallery__media-thumbnail-blurrer\"><\/div>\n\t\t\t\t\t\t\t\t\t\t\t<div class=\"spectra-image-gallery__media-thumbnail-caption-wrapper spectra-image-gallery__media-thumbnail-caption-wrapper--overlay\">\n\t\t\t\t\t\t\t\t\t\t\t<div class=\"spectra-image-gallery__media-thumbnail-caption spectra-image-gallery__media-thumbnail-caption--overlay\">\n\t\t\t\t\treumatoloogia\t\t\t\t<\/div>\n\t\t\t\t\t\t\t\t\t\t<\/div>\n\t\t\t\t\t\t\t\t\t<\/div>\n\t\t\t\t\t\t<\/div>\n\t\t\t\t\t\t<div class='spectra-image-gallery__media-wrapper' data-spectra-gallery-image-id='6929' tabindex=\"0\">\n\t\t\t\t\t\t\t<div class=\"spectra-image-gallery__media spectra-image-gallery__media--grid\">\n\t\t\t\t<picture>\n\t\t\t\t\t<source media=\"(min-width: 1024px)\" srcset=\"https:\/\/www.kliinikum.ee\/sisekliinik\/wp-content\/uploads\/2023\/05\/IMG_6212-1024x683.jpg\">\n\t\t\t\t\t<source media=\"(min-width: 768px)\" srcset=\"https:\/\/www.kliinikum.ee\/sisekliinik\/wp-content\/uploads\/2023\/05\/IMG_6212-1024x683.jpg\">\n\t\t\t\t\t<img decoding=\"async\" class=\"spectra-image-gallery__media-thumbnail spectra-image-gallery__media-thumbnail--grid\" src=\"https:\/\/www.kliinikum.ee\/sisekliinik\/wp-content\/uploads\/2023\/05\/IMG_6212-300x200.jpg\" alt=\"\" loading=\"lazy\" \/>\n\t\t\t\t<\/picture>\n\t\t\t\t<div class=\"spectra-image-gallery__media-thumbnail-blurrer\"><\/div>\n\t\t\t\t\t\t\t\t\t\t\t<div class=\"spectra-image-gallery__media-thumbnail-caption-wrapper spectra-image-gallery__media-thumbnail-caption-wrapper--overlay\">\n\t\t\t\t\t\t\t\t\t\t\t<div class=\"spectra-image-gallery__media-thumbnail-caption spectra-image-gallery__media-thumbnail-caption--overlay\">\n\t\t\t\t\treumatoloogia\t\t\t\t<\/div>\n\t\t\t\t\t\t\t\t\t\t<\/div>\n\t\t\t\t\t\t\t\t\t<\/div>\n\t\t\t\t\t\t<\/div>\n\t\t\t\t\t\t<div class='spectra-image-gallery__media-wrapper' data-spectra-gallery-image-id='6926' tabindex=\"0\">\n\t\t\t\t\t\t\t<div class=\"spectra-image-gallery__media spectra-image-gallery__media--grid\">\n\t\t\t\t<picture>\n\t\t\t\t\t<source media=\"(min-width: 1024px)\" srcset=\"https:\/\/www.kliinikum.ee\/sisekliinik\/wp-content\/uploads\/2023\/05\/IMG_6192-1024x683.jpg\">\n\t\t\t\t\t<source media=\"(min-width: 768px)\" srcset=\"https:\/\/www.kliinikum.ee\/sisekliinik\/wp-content\/uploads\/2023\/05\/IMG_6192-1024x683.jpg\">\n\t\t\t\t\t<img decoding=\"async\" class=\"spectra-image-gallery__media-thumbnail spectra-image-gallery__media-thumbnail--grid\" src=\"https:\/\/www.kliinikum.ee\/sisekliinik\/wp-content\/uploads\/2023\/05\/IMG_6192-300x200.jpg\" alt=\"\" loading=\"lazy\" \/>\n\t\t\t\t<\/picture>\n\t\t\t\t<div class=\"spectra-image-gallery__media-thumbnail-blurrer\"><\/div>\n\t\t\t\t\t\t\t\t\t\t\t<div class=\"spectra-image-gallery__media-thumbnail-caption-wrapper spectra-image-gallery__media-thumbnail-caption-wrapper--overlay\">\n\t\t\t\t\t\t\t\t\t\t\t<div class=\"spectra-image-gallery__media-thumbnail-caption spectra-image-gallery__media-thumbnail-caption--overlay\">\n\t\t\t\t\treumatoloogia\t\t\t\t<\/div>\n\t\t\t\t\t\t\t\t\t\t<\/div>\n\t\t\t\t\t\t\t\t\t<\/div>\n\t\t\t\t\t\t<\/div>\n\t\t\t\t\t\t<div class='spectra-image-gallery__media-wrapper' data-spectra-gallery-image-id='6911' tabindex=\"0\">\n\t\t\t\t\t\t\t<div class=\"spectra-image-gallery__media spectra-image-gallery__media--grid\">\n\t\t\t\t<picture>\n\t\t\t\t\t<source media=\"(min-width: 1024px)\" srcset=\"https:\/\/www.kliinikum.ee\/sisekliinik\/wp-content\/uploads\/2023\/05\/IMG_6140-1024x683.jpg\">\n\t\t\t\t\t<source media=\"(min-width: 768px)\" srcset=\"https:\/\/www.kliinikum.ee\/sisekliinik\/wp-content\/uploads\/2023\/05\/IMG_6140-1024x683.jpg\">\n\t\t\t\t\t<img decoding=\"async\" class=\"spectra-image-gallery__media-thumbnail spectra-image-gallery__media-thumbnail--grid\" src=\"https:\/\/www.kliinikum.ee\/sisekliinik\/wp-content\/uploads\/2023\/05\/IMG_6140-300x200.jpg\" alt=\"\" loading=\"lazy\" \/>\n\t\t\t\t<\/picture>\n\t\t\t\t<div class=\"spectra-image-gallery__media-thumbnail-blurrer\"><\/div>\n\t\t\t\t\t\t\t\t\t\t\t<div class=\"spectra-image-gallery__media-thumbnail-caption-wrapper spectra-image-gallery__media-thumbnail-caption-wrapper--overlay\">\n\t\t\t\t\t\t\t\t\t\t\t<div class=\"spectra-image-gallery__media-thumbnail-caption spectra-image-gallery__media-thumbnail-caption--overlay\">\n\t\t\t\t\treumatoloogia\t\t\t\t<\/div>\n\t\t\t\t\t\t\t\t\t\t<\/div>\n\t\t\t\t\t\t\t\t\t<\/div>\n\t\t\t\t\t\t<\/div>\n\t\t\t\t\t\t<div class='spectra-image-gallery__media-wrapper' data-spectra-gallery-image-id='6908' tabindex=\"0\">\n\t\t\t\t\t\t\t<div class=\"spectra-image-gallery__media spectra-image-gallery__media--grid\">\n\t\t\t\t<picture>\n\t\t\t\t\t<source media=\"(min-width: 1024px)\" srcset=\"https:\/\/www.kliinikum.ee\/sisekliinik\/wp-content\/uploads\/2023\/05\/IMG_6137-1024x683.jpg\">\n\t\t\t\t\t<source media=\"(min-width: 768px)\" srcset=\"https:\/\/www.kliinikum.ee\/sisekliinik\/wp-content\/uploads\/2023\/05\/IMG_6137-1024x683.jpg\">\n\t\t\t\t\t<img decoding=\"async\" class=\"spectra-image-gallery__media-thumbnail spectra-image-gallery__media-thumbnail--grid\" src=\"https:\/\/www.kliinikum.ee\/sisekliinik\/wp-content\/uploads\/2023\/05\/IMG_6137-300x200.jpg\" alt=\"\" loading=\"lazy\" \/>\n\t\t\t\t<\/picture>\n\t\t\t\t<div class=\"spectra-image-gallery__media-thumbnail-blurrer\"><\/div>\n\t\t\t\t\t\t\t\t\t\t\t<div class=\"spectra-image-gallery__media-thumbnail-caption-wrapper spectra-image-gallery__media-thumbnail-caption-wrapper--overlay\">\n\t\t\t\t\t\t\t\t\t\t\t<div class=\"spectra-image-gallery__media-thumbnail-caption spectra-image-gallery__media-thumbnail-caption--overlay\">\n\t\t\t\t\treumatoloogia\t\t\t\t<\/div>\n\t\t\t\t\t\t\t\t\t\t<\/div>\n\t\t\t\t\t\t\t\t\t<\/div>\n\t\t\t\t\t\t<\/div>\n\t\t\t\t\t\t<div class='spectra-image-gallery__media-wrapper' data-spectra-gallery-image-id='6932' tabindex=\"0\">\n\t\t\t\t\t\t\t<div class=\"spectra-image-gallery__media spectra-image-gallery__media--grid\">\n\t\t\t\t<picture>\n\t\t\t\t\t<source media=\"(min-width: 1024px)\" srcset=\"https:\/\/www.kliinikum.ee\/sisekliinik\/wp-content\/uploads\/2023\/05\/IMG_6293-1024x683.jpg\">\n\t\t\t\t\t<source media=\"(min-width: 768px)\" srcset=\"https:\/\/www.kliinikum.ee\/sisekliinik\/wp-content\/uploads\/2023\/05\/IMG_6293-1024x683.jpg\">\n\t\t\t\t\t<img decoding=\"async\" class=\"spectra-image-gallery__media-thumbnail spectra-image-gallery__media-thumbnail--grid\" src=\"https:\/\/www.kliinikum.ee\/sisekliinik\/wp-content\/uploads\/2023\/05\/IMG_6293-300x200.jpg\" alt=\"\" loading=\"lazy\" \/>\n\t\t\t\t<\/picture>\n\t\t\t\t<div class=\"spectra-image-gallery__media-thumbnail-blurrer\"><\/div>\n\t\t\t\t\t\t\t\t\t\t\t<div class=\"spectra-image-gallery__media-thumbnail-caption-wrapper spectra-image-gallery__media-thumbnail-caption-wrapper--overlay\">\n\t\t\t\t\t\t\t\t\t\t\t<div class=\"spectra-image-gallery__media-thumbnail-caption spectra-image-gallery__media-thumbnail-caption--overlay\">\n\t\t\t\t\treumatoloogia\t\t\t\t<\/div>\n\t\t\t\t\t\t\t\t\t\t<\/div>\n\t\t\t\t\t\t\t\t\t<\/div>\n\t\t\t\t\t\t<\/div>\n\t\t\t\t\t\t\t\t\t\t<\/div>\n\t\t\t\t\t\t\t\t\t\t\t\t\t\t\t\t\t\t<\/div>\n\t\t\t\t\t\t\t\t\t\n\n\n<p><\/p>\n","protected":false},"excerpt":{"rendered":"<p>Reumatoloogia statsionaarne osakond L-korpuses VII korrusel Reumatoloogia eriala vastutava arst-\u00f5ppej\u00f5u kohuset\u00e4itja Jekaterina Saar, reumatoloogia vanemarst-\u00f5ppej\u00f5ud, tel 731 8670Arstide tuba, tel 731 8622, 731 8626 Valve\u00f5de, tel 731 8623\u00d5endusjuht Martina Vool, tel 731 8614 Vastutav \u00f5de\/ protseduuri\u00f5de VII korrusel: Kristi M\u00e4ek\u00f5iv tel 731 8679Tervishoiusekret\u00e4r&nbsp;Kairi Klein, VII korrusel, ruum L7003, tel 731 8606Voodip\u00e4evatasu&nbsp;maksmine L7003<\/p>\n","protected":false},"author":33,"featured_media":0,"parent":17,"menu_order":8,"comment_status":"closed","ping_status":"closed","template":"","meta":{"_acf_changed":false,"_uag_custom_page_level_css":"","footnotes":""},"class_list":["post-6178","page","type-page","status-publish","hentry"],"acf":[],"yoast_head":"<!-- This site is optimized with the Yoast SEO plugin v27.3 - https:\/\/yoast.com\/product\/yoast-seo-wordpress\/ -->\n<title>Reumatoloogia - Sisekliinik<\/title>\n<meta name=\"robots\" content=\"index, follow, max-snippet:-1, max-image-preview:large, max-video-preview:-1\" \/>\n<link rel=\"canonical\" href=\"https:\/\/www.kliinikum.ee\/sisekliinik\/kliinikust\/reumatoloogia\/\" \/>\n<meta property=\"og:locale\" content=\"et_EE\" \/>\n<meta property=\"og:type\" content=\"article\" \/>\n<meta property=\"og:title\" content=\"Reumatoloogia - Sisekliinik\" \/>\n<meta property=\"og:description\" content=\"Reumatoloogia statsionaarne osakond L-korpuses VII korrusel Reumatoloogia eriala vastutava arst-\u00f5ppej\u00f5u kohuset\u00e4itja Jekaterina Saar, reumatoloogia vanemarst-\u00f5ppej\u00f5ud, tel 731 8670Arstide tuba, tel 731 8622, 731 8626 Valve\u00f5de, tel 731 8623\u00d5endusjuht Martina Vool, tel 731 8614 Vastutav \u00f5de\/ protseduuri\u00f5de VII korrusel: Kristi M\u00e4ek\u00f5iv tel 731 8679Tervishoiusekret\u00e4r&nbsp;Kairi Klein, VII korrusel, ruum L7003, tel 731 8606Voodip\u00e4evatasu&nbsp;maksmine L7003\" \/>\n<meta property=\"og:url\" content=\"https:\/\/www.kliinikum.ee\/sisekliinik\/kliinikust\/reumatoloogia\/\" \/>\n<meta property=\"og:site_name\" content=\"Sisekliinik\" \/>\n<meta property=\"article:modified_time\" content=\"2026-03-27T09:19:00+00:00\" \/>\n<meta name=\"twitter:card\" content=\"summary_large_image\" \/>\n<meta name=\"twitter:label1\" content=\"Est. reading time\" \/>\n\t<meta name=\"twitter:data1\" content=\"1 minut\" \/>\n<script type=\"application\/ld+json\" class=\"yoast-schema-graph\">{\"@context\":\"https:\\\/\\\/schema.org\",\"@graph\":[{\"@type\":\"WebPage\",\"@id\":\"https:\\\/\\\/www.kliinikum.ee\\\/sisekliinik\\\/kliinikust\\\/reumatoloogia\\\/\",\"url\":\"https:\\\/\\\/www.kliinikum.ee\\\/sisekliinik\\\/kliinikust\\\/reumatoloogia\\\/\",\"name\":\"Reumatoloogia - Sisekliinik\",\"isPartOf\":{\"@id\":\"https:\\\/\\\/www.kliinikum.ee\\\/sisekliinik\\\/#website\"},\"datePublished\":\"2023-03-30T11:51:21+00:00\",\"dateModified\":\"2026-03-27T09:19:00+00:00\",\"breadcrumb\":{\"@id\":\"https:\\\/\\\/www.kliinikum.ee\\\/sisekliinik\\\/kliinikust\\\/reumatoloogia\\\/#breadcrumb\"},\"inLanguage\":\"et\",\"potentialAction\":[{\"@type\":\"ReadAction\",\"target\":[\"https:\\\/\\\/www.kliinikum.ee\\\/sisekliinik\\\/kliinikust\\\/reumatoloogia\\\/\"]}]},{\"@type\":\"BreadcrumbList\",\"@id\":\"https:\\\/\\\/www.kliinikum.ee\\\/sisekliinik\\\/kliinikust\\\/reumatoloogia\\\/#breadcrumb\",\"itemListElement\":[{\"@type\":\"ListItem\",\"position\":1,\"name\":\"Home\",\"item\":\"https:\\\/\\\/www.kliinikum.ee\\\/sisekliinik\\\/\"},{\"@type\":\"ListItem\",\"position\":2,\"name\":\"Kliinikust\",\"item\":\"https:\\\/\\\/www.kliinikum.ee\\\/sisekliinik\\\/kliinikust\\\/\"},{\"@type\":\"ListItem\",\"position\":3,\"name\":\"Reumatoloogia\"}]},{\"@type\":\"WebSite\",\"@id\":\"https:\\\/\\\/www.kliinikum.ee\\\/sisekliinik\\\/#website\",\"url\":\"https:\\\/\\\/www.kliinikum.ee\\\/sisekliinik\\\/\",\"name\":\"Sisekliinik\",\"description\":\"Hoolivus, Uuendusmeelsus, P\u00e4devus ja Usaldusv\u00e4\u00e4rsus\",\"potentialAction\":[{\"@type\":\"SearchAction\",\"target\":{\"@type\":\"EntryPoint\",\"urlTemplate\":\"https:\\\/\\\/www.kliinikum.ee\\\/sisekliinik\\\/?s={search_term_string}\"},\"query-input\":{\"@type\":\"PropertyValueSpecification\",\"valueRequired\":true,\"valueName\":\"search_term_string\"}}],\"inLanguage\":\"et\"}]}<\/script>\n<!-- \/ Yoast SEO plugin. -->","yoast_head_json":{"title":"Reumatoloogia - Sisekliinik","robots":{"index":"index","follow":"follow","max-snippet":"max-snippet:-1","max-image-preview":"max-image-preview:large","max-video-preview":"max-video-preview:-1"},"canonical":"https:\/\/www.kliinikum.ee\/sisekliinik\/kliinikust\/reumatoloogia\/","og_locale":"et_EE","og_type":"article","og_title":"Reumatoloogia - Sisekliinik","og_description":"Reumatoloogia statsionaarne osakond L-korpuses VII korrusel Reumatoloogia eriala vastutava arst-\u00f5ppej\u00f5u kohuset\u00e4itja Jekaterina Saar, reumatoloogia vanemarst-\u00f5ppej\u00f5ud, tel 731 8670Arstide tuba, tel 731 8622, 731 8626 Valve\u00f5de, tel 731 8623\u00d5endusjuht Martina Vool, tel 731 8614 Vastutav \u00f5de\/ protseduuri\u00f5de VII korrusel: Kristi M\u00e4ek\u00f5iv tel 731 8679Tervishoiusekret\u00e4r&nbsp;Kairi Klein, VII korrusel, ruum L7003, tel 731 8606Voodip\u00e4evatasu&nbsp;maksmine L7003","og_url":"https:\/\/www.kliinikum.ee\/sisekliinik\/kliinikust\/reumatoloogia\/","og_site_name":"Sisekliinik","article_modified_time":"2026-03-27T09:19:00+00:00","twitter_card":"summary_large_image","twitter_misc":{"Est. reading time":"1 minut"},"schema":{"@context":"https:\/\/schema.org","@graph":[{"@type":"WebPage","@id":"https:\/\/www.kliinikum.ee\/sisekliinik\/kliinikust\/reumatoloogia\/","url":"https:\/\/www.kliinikum.ee\/sisekliinik\/kliinikust\/reumatoloogia\/","name":"Reumatoloogia - Sisekliinik","isPartOf":{"@id":"https:\/\/www.kliinikum.ee\/sisekliinik\/#website"},"datePublished":"2023-03-30T11:51:21+00:00","dateModified":"2026-03-27T09:19:00+00:00","breadcrumb":{"@id":"https:\/\/www.kliinikum.ee\/sisekliinik\/kliinikust\/reumatoloogia\/#breadcrumb"},"inLanguage":"et","potentialAction":[{"@type":"ReadAction","target":["https:\/\/www.kliinikum.ee\/sisekliinik\/kliinikust\/reumatoloogia\/"]}]},{"@type":"BreadcrumbList","@id":"https:\/\/www.kliinikum.ee\/sisekliinik\/kliinikust\/reumatoloogia\/#breadcrumb","itemListElement":[{"@type":"ListItem","position":1,"name":"Home","item":"https:\/\/www.kliinikum.ee\/sisekliinik\/"},{"@type":"ListItem","position":2,"name":"Kliinikust","item":"https:\/\/www.kliinikum.ee\/sisekliinik\/kliinikust\/"},{"@type":"ListItem","position":3,"name":"Reumatoloogia"}]},{"@type":"WebSite","@id":"https:\/\/www.kliinikum.ee\/sisekliinik\/#website","url":"https:\/\/www.kliinikum.ee\/sisekliinik\/","name":"Sisekliinik","description":"Hoolivus, Uuendusmeelsus, P\u00e4devus ja Usaldusv\u00e4\u00e4rsus","potentialAction":[{"@type":"SearchAction","target":{"@type":"EntryPoint","urlTemplate":"https:\/\/www.kliinikum.ee\/sisekliinik\/?s={search_term_string}"},"query-input":{"@type":"PropertyValueSpecification","valueRequired":true,"valueName":"search_term_string"}}],"inLanguage":"et"}]}},"uagb_featured_image_src":{"full":false,"thumbnail":false,"medium":false,"medium_large":false,"large":false,"1536x1536":false,"2048x2048":false},"uagb_author_info":{"display_name":"Jane Freimann","author_link":"https:\/\/www.kliinikum.ee\/sisekliinik\/author\/janef\/"},"uagb_comment_info":0,"uagb_excerpt":"Reumatoloogia statsionaarne osakond L-korpuses VII korrusel Reumatoloogia eriala vastutava arst-\u00f5ppej\u00f5u kohuset\u00e4itja Jekaterina Saar, reumatoloogia vanemarst-\u00f5ppej\u00f5ud, tel 731 8670Arstide tuba, tel 731 8622, 731 8626 Valve\u00f5de, tel 731 8623\u00d5endusjuht Martina Vool, tel 731 8614 Vastutav \u00f5de\/ protseduuri\u00f5de VII korrusel: Kristi M\u00e4ek\u00f5iv tel 731 8679Tervishoiusekret\u00e4r&nbsp;Kairi Klein, VII korrusel, ruum L7003, tel 731 8606Voodip\u00e4evatasu&nbsp;maksmine L7003","_links":{"self":[{"href":"https:\/\/www.kliinikum.ee\/sisekliinik\/wp-json\/wp\/v2\/pages\/6178","targetHints":{"allow":["GET"]}}],"collection":[{"href":"https:\/\/www.kliinikum.ee\/sisekliinik\/wp-json\/wp\/v2\/pages"}],"about":[{"href":"https:\/\/www.kliinikum.ee\/sisekliinik\/wp-json\/wp\/v2\/types\/page"}],"author":[{"embeddable":true,"href":"https:\/\/www.kliinikum.ee\/sisekliinik\/wp-json\/wp\/v2\/users\/33"}],"replies":[{"embeddable":true,"href":"https:\/\/www.kliinikum.ee\/sisekliinik\/wp-json\/wp\/v2\/comments?post=6178"}],"version-history":[{"count":0,"href":"https:\/\/www.kliinikum.ee\/sisekliinik\/wp-json\/wp\/v2\/pages\/6178\/revisions"}],"up":[{"embeddable":true,"href":"https:\/\/www.kliinikum.ee\/sisekliinik\/wp-json\/wp\/v2\/pages\/17"}],"wp:attachment":[{"href":"https:\/\/www.kliinikum.ee\/sisekliinik\/wp-json\/wp\/v2\/media?parent=6178"}],"curies":[{"name":"wp","href":"https:\/\/api.w.org\/{rel}","templated":true}]}}