{"id":6182,"date":"2023-03-30T13:59:36","date_gmt":"2023-03-30T11:59:36","guid":{"rendered":"https:\/\/www.kliinikum.ee\/sisekliinik\/?page_id=6182"},"modified":"2026-03-17T15:36:27","modified_gmt":"2026-03-17T13:36:27","slug":"residendile","status":"publish","type":"page","link":"https:\/\/www.kliinikum.ee\/sisekliinik\/oppetoo\/residendile\/","title":{"rendered":"Residendile"},"content":{"rendered":"\n<p>Residentide registreerumine \u00f5ppesse sisekliinikus toimub erialajuhtidega kokkuleppel. Palun v\u00f5tke kontakti j\u00e4rgmiselt:<\/p>\n\n\n\n<div class=\"wp-block-columns is-layout-flex wp-container-core-columns-is-layout-28f84493 wp-block-columns-is-layout-flex\">\n<div class=\"wp-block-column is-layout-flow wp-block-column-is-layout-flow\" style=\"flex-basis:33.33%\">\n<h3 class=\"wp-block-heading has-medium-font-size\"><\/h3>\n\n\n\n<div class=\"wp-block-uagb-buttons uagb-buttons__outer-wrap uagb-btn__default-btn uagb-btn-tablet__default-btn uagb-btn-mobile__default-btn uagb-block-6741ac01\"><div class=\"uagb-buttons__wrap uagb-buttons-layout-wrap \">\n<div class=\"wp-block-uagb-buttons-child uagb-buttons__outer-wrap uagb-block-df9c757a wp-block-button\"><div class=\"uagb-button__wrapper\"><a class=\"uagb-buttons-repeater wp-block-button__link\" aria-label=\"\" href=\"https:\/\/www.kliinikum.ee\/sisekliinik\/wp-content\/uploads\/2026\/03\/kogu_sisekliiniku_residendid_avalik_17.03.26.pdf\" rel=\"follow noopener\" target=\"_blank\" role=\"button\"><div class=\"uagb-button__link\">Residendid sisekliinikus 2025\/2026<\/div><\/a><\/div><\/div>\n<\/div><\/div>\n<\/div>\n\n\n\n<div class=\"wp-block-column is-layout-flow wp-block-column-is-layout-flow\" style=\"flex-basis:66.66%\">\n<p class=\"has-medium-font-size\">Endokrinoloogia osakond: \u00a0dr\u00a0<a href=\"mailto:Kristina.Isand@kliinikum.ee\">Kristina Isand<\/a>,\u00a0endokrinoloog<br>Gastroenteroloogia osakond:\u00a0kaasprofessor <a href=\"mailto:Riina.Salupere@kliinikum.ee\">Riina Salupere<\/a>,\u00a0gastroenteroloogia vanemarst-\u00f5ppej\u00f5ud <br>Nakkushaiguste osakond: dr\u00a0<a href=\"mailto:Anne.Kallaste@kliinikum.ee\">Anne Kallaste<\/a>, nakkushaiguste vanemarst-\u00f5ppej\u00f5ud<br>Nefroloogia osakond:\u00a0prof\u00a0<a href=\"mailto:Mai.Rosenberg@kliinikum.ee\">Mai Rosenberg<\/a>, nefroloogia professor\u00a0<br>Reumatoloogia osakond: \u00a0dr\u00a0<a href=\"mailto:Jekaterina.Saar@kliinikum.ee\">Jekaterina Saar<\/a>,\u00a0reumatoloogia vanemarst-\u00f5ppej\u00f5ud\u00a0 <br>Sisehaiguste osakond: dr\u00a0<a href=\"mailto:Lauri.Hein@kliinikum.ee\">Lauri Hein<\/a>, sisehaiguste arst-\u00f5ppej\u00f5ud<\/p>\n<\/div>\n<\/div>\n\n\n\n<div class=\"wp-block-uagb-buttons uagb-buttons__outer-wrap uagb-btn__default-btn uagb-btn-tablet__default-btn uagb-btn-mobile__default-btn uagb-block-772b7a4c\"><div class=\"uagb-buttons__wrap uagb-buttons-layout-wrap \">\n<div class=\"wp-block-uagb-buttons-child uagb-buttons__outer-wrap uagb-block-56a4f135 wp-block-button\"><div class=\"uagb-button__wrapper\"><a class=\"uagb-buttons-repeater wp-block-button__link\" aria-label=\"\" href=\"#\" rel=\"follow noopener\" target=\"_self\" role=\"button\"><div class=\"uagb-button__link\">Click Here<\/div><\/a><\/div><\/div>\n<\/div><\/div>\n\n\n\n<p><\/p>\n\n\n\n<h3 class=\"wp-block-heading\"><strong>Residentide seminarid sisekliinikus toimuvad<\/strong><br><strong>KOLMAP\u00c4EVITI kell 13.30 \u00f5pperuumis L6002 v\u00f5i L6007<\/strong><\/h3>\n\n\n\n<div class=\"wp-block-uagb-buttons uagb-buttons__outer-wrap uagb-btn__default-btn uagb-btn-tablet__default-btn uagb-btn-mobile__default-btn uagb-block-34eb55a3\"><div class=\"uagb-buttons__wrap uagb-buttons-layout-wrap \">\n<div class=\"wp-block-uagb-buttons-child uagb-buttons__outer-wrap uagb-block-35894d75 wp-block-button\"><div class=\"uagb-button__wrapper\"><a class=\"uagb-buttons-repeater wp-block-button__link\" aria-label=\"\" href=\"https:\/\/www.kliinikum.ee\/sisekliinik\/wp-content\/uploads\/2026\/01\/Residentide-seminarid-sisekliinikus-2025_2026.docx\" rel=\"follow noopener\" target=\"_blank\" role=\"button\"><div class=\"uagb-button__link\">Seminaride kava 2025\/2026<\/div><\/a><\/div><\/div>\n<\/div><\/div>\n\n\n\n<p class=\"has-medium-font-size\"><br><strong>Seminari eesm\u00e4rk<\/strong>&nbsp;on arendada residentide esinemisoskust, soodustada erialast infovahetust ja kogemuste jagamist.<br>Ettekandeks soovitame valida \u00f5petlikke ja huvitavaid haigusjuhte, m\u00f5ne raviviisi tutvustamist vms. Ettekande teema arutage l\u00e4bi oma juhendajaga, esitamiseks planeerige 15-20 minutit, peale seda toimub diskussioon.<\/p>\n\n\n\n<p><strong>UUS!<\/strong><\/p>\n\n\n\n<p>Alates 2025.a jaanuarist on iga kuu kolmandal kolmap\u00e4eval on \u00fchine ravijuhendi arutelu. Sel p\u00e4eval tavap\u00e4rast ettekannet ei toimu. K\u00f5ik residendid saavad enne seminari l\u00e4bi t\u00f6\u00f6tamiseks \u00fche ravijuhendi, mida koos arutatakse.<\/p>\n\n\n\n<p><\/p>\n","protected":false},"excerpt":{"rendered":"<p>Residentide registreerumine \u00f5ppesse sisekliinikus toimub erialajuhtidega kokkuleppel. Palun v\u00f5tke kontakti j\u00e4rgmiselt: Endokrinoloogia osakond: \u00a0dr\u00a0Kristina Isand,\u00a0endokrinoloogGastroenteroloogia osakond:\u00a0kaasprofessor Riina Salupere,\u00a0gastroenteroloogia vanemarst-\u00f5ppej\u00f5ud Nakkushaiguste osakond: dr\u00a0Anne Kallaste, nakkushaiguste vanemarst-\u00f5ppej\u00f5udNefroloogia osakond:\u00a0prof\u00a0Mai Rosenberg, nefroloogia professor\u00a0Reumatoloogia osakond: \u00a0dr\u00a0Jekaterina Saar,\u00a0reumatoloogia vanemarst-\u00f5ppej\u00f5ud\u00a0 Sisehaiguste osakond: dr\u00a0Lauri Hein, sisehaiguste arst-\u00f5ppej\u00f5ud Residentide seminarid sisekliinikus toimuvadKOLMAP\u00c4EVITI kell 13.30 \u00f5pperuumis L6002 v\u00f5i L6007 Seminari eesm\u00e4rk&nbsp;on arendada residentide esinemisoskust, soodustada [&hellip;]<\/p>\n","protected":false},"author":33,"featured_media":6618,"parent":6161,"menu_order":1,"comment_status":"closed","ping_status":"closed","template":"","meta":{"_acf_changed":false,"_uag_custom_page_level_css":"","footnotes":""},"class_list":["post-6182","page","type-page","status-publish","has-post-thumbnail","hentry"],"acf":[],"yoast_head":"<!-- This site is optimized with the Yoast SEO plugin v27.3 - https:\/\/yoast.com\/product\/yoast-seo-wordpress\/ -->\n<title>Residendile - Sisekliinik<\/title>\n<meta name=\"robots\" content=\"index, follow, max-snippet:-1, max-image-preview:large, max-video-preview:-1\" \/>\n<link rel=\"canonical\" href=\"https:\/\/www.kliinikum.ee\/sisekliinik\/oppetoo\/residendile\/\" \/>\n<meta property=\"og:locale\" content=\"et_EE\" \/>\n<meta property=\"og:type\" content=\"article\" \/>\n<meta property=\"og:title\" content=\"Residendile - Sisekliinik\" \/>\n<meta property=\"og:description\" content=\"Residentide registreerumine \u00f5ppesse sisekliinikus toimub erialajuhtidega kokkuleppel. Palun v\u00f5tke kontakti j\u00e4rgmiselt: Endokrinoloogia osakond: \u00a0dr\u00a0Kristina Isand,\u00a0endokrinoloogGastroenteroloogia osakond:\u00a0kaasprofessor Riina Salupere,\u00a0gastroenteroloogia vanemarst-\u00f5ppej\u00f5ud Nakkushaiguste osakond: dr\u00a0Anne Kallaste, nakkushaiguste vanemarst-\u00f5ppej\u00f5udNefroloogia osakond:\u00a0prof\u00a0Mai Rosenberg, nefroloogia professor\u00a0Reumatoloogia osakond: \u00a0dr\u00a0Jekaterina Saar,\u00a0reumatoloogia vanemarst-\u00f5ppej\u00f5ud\u00a0 Sisehaiguste osakond: dr\u00a0Lauri Hein, sisehaiguste arst-\u00f5ppej\u00f5ud Residentide seminarid sisekliinikus toimuvadKOLMAP\u00c4EVITI kell 13.30 \u00f5pperuumis L6002 v\u00f5i L6007 Seminari eesm\u00e4rk&nbsp;on arendada residentide esinemisoskust, soodustada [&hellip;]\" \/>\n<meta property=\"og:url\" content=\"https:\/\/www.kliinikum.ee\/sisekliinik\/oppetoo\/residendile\/\" \/>\n<meta property=\"og:site_name\" content=\"Sisekliinik\" \/>\n<meta property=\"article:modified_time\" content=\"2026-03-17T13:36:27+00:00\" \/>\n<meta property=\"og:image\" content=\"https:\/\/www.kliinikum.ee\/sisekliinik\/wp-content\/uploads\/2023\/05\/IMG_8175.jpg\" \/>\n\t<meta property=\"og:image:width\" content=\"1\" \/>\n\t<meta property=\"og:image:height\" content=\"1\" \/>\n\t<meta property=\"og:image:type\" content=\"image\/jpeg\" \/>\n<meta name=\"twitter:card\" content=\"summary_large_image\" \/>\n<meta name=\"twitter:label1\" content=\"Est. reading time\" \/>\n\t<meta name=\"twitter:data1\" content=\"1 minut\" \/>\n<script type=\"application\/ld+json\" class=\"yoast-schema-graph\">{\"@context\":\"https:\\\/\\\/schema.org\",\"@graph\":[{\"@type\":\"WebPage\",\"@id\":\"https:\\\/\\\/www.kliinikum.ee\\\/sisekliinik\\\/oppetoo\\\/residendile\\\/\",\"url\":\"https:\\\/\\\/www.kliinikum.ee\\\/sisekliinik\\\/oppetoo\\\/residendile\\\/\",\"name\":\"Residendile - Sisekliinik\",\"isPartOf\":{\"@id\":\"https:\\\/\\\/www.kliinikum.ee\\\/sisekliinik\\\/#website\"},\"primaryImageOfPage\":{\"@id\":\"https:\\\/\\\/www.kliinikum.ee\\\/sisekliinik\\\/oppetoo\\\/residendile\\\/#primaryimage\"},\"image\":{\"@id\":\"https:\\\/\\\/www.kliinikum.ee\\\/sisekliinik\\\/oppetoo\\\/residendile\\\/#primaryimage\"},\"thumbnailUrl\":\"https:\\\/\\\/www.kliinikum.ee\\\/sisekliinik\\\/wp-content\\\/uploads\\\/2023\\\/05\\\/IMG_8175.jpg\",\"datePublished\":\"2023-03-30T11:59:36+00:00\",\"dateModified\":\"2026-03-17T13:36:27+00:00\",\"breadcrumb\":{\"@id\":\"https:\\\/\\\/www.kliinikum.ee\\\/sisekliinik\\\/oppetoo\\\/residendile\\\/#breadcrumb\"},\"inLanguage\":\"et\",\"potentialAction\":[{\"@type\":\"ReadAction\",\"target\":[\"https:\\\/\\\/www.kliinikum.ee\\\/sisekliinik\\\/oppetoo\\\/residendile\\\/\"]}]},{\"@type\":\"ImageObject\",\"inLanguage\":\"et\",\"@id\":\"https:\\\/\\\/www.kliinikum.ee\\\/sisekliinik\\\/oppetoo\\\/residendile\\\/#primaryimage\",\"url\":\"https:\\\/\\\/www.kliinikum.ee\\\/sisekliinik\\\/wp-content\\\/uploads\\\/2023\\\/05\\\/IMG_8175.jpg\",\"contentUrl\":\"https:\\\/\\\/www.kliinikum.ee\\\/sisekliinik\\\/wp-content\\\/uploads\\\/2023\\\/05\\\/IMG_8175.jpg\"},{\"@type\":\"BreadcrumbList\",\"@id\":\"https:\\\/\\\/www.kliinikum.ee\\\/sisekliinik\\\/oppetoo\\\/residendile\\\/#breadcrumb\",\"itemListElement\":[{\"@type\":\"ListItem\",\"position\":1,\"name\":\"Home\",\"item\":\"https:\\\/\\\/www.kliinikum.ee\\\/sisekliinik\\\/\"},{\"@type\":\"ListItem\",\"position\":2,\"name\":\"\u00d5ppet\u00f6\u00f6\",\"item\":\"https:\\\/\\\/www.kliinikum.ee\\\/sisekliinik\\\/oppetoo\\\/\"},{\"@type\":\"ListItem\",\"position\":3,\"name\":\"Residendile\"}]},{\"@type\":\"WebSite\",\"@id\":\"https:\\\/\\\/www.kliinikum.ee\\\/sisekliinik\\\/#website\",\"url\":\"https:\\\/\\\/www.kliinikum.ee\\\/sisekliinik\\\/\",\"name\":\"Sisekliinik\",\"description\":\"Hoolivus, Uuendusmeelsus, P\u00e4devus ja Usaldusv\u00e4\u00e4rsus\",\"potentialAction\":[{\"@type\":\"SearchAction\",\"target\":{\"@type\":\"EntryPoint\",\"urlTemplate\":\"https:\\\/\\\/www.kliinikum.ee\\\/sisekliinik\\\/?s={search_term_string}\"},\"query-input\":{\"@type\":\"PropertyValueSpecification\",\"valueRequired\":true,\"valueName\":\"search_term_string\"}}],\"inLanguage\":\"et\"}]}<\/script>\n<!-- \/ Yoast SEO plugin. -->","yoast_head_json":{"title":"Residendile - Sisekliinik","robots":{"index":"index","follow":"follow","max-snippet":"max-snippet:-1","max-image-preview":"max-image-preview:large","max-video-preview":"max-video-preview:-1"},"canonical":"https:\/\/www.kliinikum.ee\/sisekliinik\/oppetoo\/residendile\/","og_locale":"et_EE","og_type":"article","og_title":"Residendile - Sisekliinik","og_description":"Residentide registreerumine \u00f5ppesse sisekliinikus toimub erialajuhtidega kokkuleppel. Palun v\u00f5tke kontakti j\u00e4rgmiselt: Endokrinoloogia osakond: \u00a0dr\u00a0Kristina Isand,\u00a0endokrinoloogGastroenteroloogia osakond:\u00a0kaasprofessor Riina Salupere,\u00a0gastroenteroloogia vanemarst-\u00f5ppej\u00f5ud Nakkushaiguste osakond: dr\u00a0Anne Kallaste, nakkushaiguste vanemarst-\u00f5ppej\u00f5udNefroloogia osakond:\u00a0prof\u00a0Mai Rosenberg, nefroloogia professor\u00a0Reumatoloogia osakond: \u00a0dr\u00a0Jekaterina Saar,\u00a0reumatoloogia vanemarst-\u00f5ppej\u00f5ud\u00a0 Sisehaiguste osakond: dr\u00a0Lauri Hein, sisehaiguste arst-\u00f5ppej\u00f5ud Residentide seminarid sisekliinikus toimuvadKOLMAP\u00c4EVITI kell 13.30 \u00f5pperuumis L6002 v\u00f5i L6007 Seminari eesm\u00e4rk&nbsp;on arendada residentide esinemisoskust, soodustada [&hellip;]","og_url":"https:\/\/www.kliinikum.ee\/sisekliinik\/oppetoo\/residendile\/","og_site_name":"Sisekliinik","article_modified_time":"2026-03-17T13:36:27+00:00","og_image":[{"url":"https:\/\/www.kliinikum.ee\/sisekliinik\/wp-content\/uploads\/2023\/05\/IMG_8175.jpg","width":1,"height":1,"type":"image\/jpeg"}],"twitter_card":"summary_large_image","twitter_misc":{"Est. reading time":"1 minut"},"schema":{"@context":"https:\/\/schema.org","@graph":[{"@type":"WebPage","@id":"https:\/\/www.kliinikum.ee\/sisekliinik\/oppetoo\/residendile\/","url":"https:\/\/www.kliinikum.ee\/sisekliinik\/oppetoo\/residendile\/","name":"Residendile - Sisekliinik","isPartOf":{"@id":"https:\/\/www.kliinikum.ee\/sisekliinik\/#website"},"primaryImageOfPage":{"@id":"https:\/\/www.kliinikum.ee\/sisekliinik\/oppetoo\/residendile\/#primaryimage"},"image":{"@id":"https:\/\/www.kliinikum.ee\/sisekliinik\/oppetoo\/residendile\/#primaryimage"},"thumbnailUrl":"https:\/\/www.kliinikum.ee\/sisekliinik\/wp-content\/uploads\/2023\/05\/IMG_8175.jpg","datePublished":"2023-03-30T11:59:36+00:00","dateModified":"2026-03-17T13:36:27+00:00","breadcrumb":{"@id":"https:\/\/www.kliinikum.ee\/sisekliinik\/oppetoo\/residendile\/#breadcrumb"},"inLanguage":"et","potentialAction":[{"@type":"ReadAction","target":["https:\/\/www.kliinikum.ee\/sisekliinik\/oppetoo\/residendile\/"]}]},{"@type":"ImageObject","inLanguage":"et","@id":"https:\/\/www.kliinikum.ee\/sisekliinik\/oppetoo\/residendile\/#primaryimage","url":"https:\/\/www.kliinikum.ee\/sisekliinik\/wp-content\/uploads\/2023\/05\/IMG_8175.jpg","contentUrl":"https:\/\/www.kliinikum.ee\/sisekliinik\/wp-content\/uploads\/2023\/05\/IMG_8175.jpg"},{"@type":"BreadcrumbList","@id":"https:\/\/www.kliinikum.ee\/sisekliinik\/oppetoo\/residendile\/#breadcrumb","itemListElement":[{"@type":"ListItem","position":1,"name":"Home","item":"https:\/\/www.kliinikum.ee\/sisekliinik\/"},{"@type":"ListItem","position":2,"name":"\u00d5ppet\u00f6\u00f6","item":"https:\/\/www.kliinikum.ee\/sisekliinik\/oppetoo\/"},{"@type":"ListItem","position":3,"name":"Residendile"}]},{"@type":"WebSite","@id":"https:\/\/www.kliinikum.ee\/sisekliinik\/#website","url":"https:\/\/www.kliinikum.ee\/sisekliinik\/","name":"Sisekliinik","description":"Hoolivus, Uuendusmeelsus, P\u00e4devus ja Usaldusv\u00e4\u00e4rsus","potentialAction":[{"@type":"SearchAction","target":{"@type":"EntryPoint","urlTemplate":"https:\/\/www.kliinikum.ee\/sisekliinik\/?s={search_term_string}"},"query-input":{"@type":"PropertyValueSpecification","valueRequired":true,"valueName":"search_term_string"}}],"inLanguage":"et"}]}},"uagb_featured_image_src":{"full":["https:\/\/www.kliinikum.ee\/sisekliinik\/wp-content\/uploads\/2023\/05\/IMG_8175.jpg",0,0,false],"thumbnail":["https:\/\/www.kliinikum.ee\/sisekliinik\/wp-content\/uploads\/2023\/05\/IMG_8175.jpg",1,1,false],"medium":["https:\/\/www.kliinikum.ee\/sisekliinik\/wp-content\/uploads\/2023\/05\/IMG_8175.jpg",1,1,false],"medium_large":["https:\/\/www.kliinikum.ee\/sisekliinik\/wp-content\/uploads\/2023\/05\/IMG_8175.jpg",1,1,false],"large":["https:\/\/www.kliinikum.ee\/sisekliinik\/wp-content\/uploads\/2023\/05\/IMG_8175.jpg",1,1,false],"1536x1536":["https:\/\/www.kliinikum.ee\/sisekliinik\/wp-content\/uploads\/2023\/05\/IMG_8175.jpg",1,1,false],"2048x2048":["https:\/\/www.kliinikum.ee\/sisekliinik\/wp-content\/uploads\/2023\/05\/IMG_8175.jpg",1,1,false]},"uagb_author_info":{"display_name":"Jane Freimann","author_link":"https:\/\/www.kliinikum.ee\/sisekliinik\/author\/janef\/"},"uagb_comment_info":0,"uagb_excerpt":"Residentide registreerumine \u00f5ppesse sisekliinikus toimub erialajuhtidega kokkuleppel. Palun v\u00f5tke kontakti j\u00e4rgmiselt: Endokrinoloogia osakond: \u00a0dr\u00a0Kristina Isand,\u00a0endokrinoloogGastroenteroloogia osakond:\u00a0kaasprofessor Riina Salupere,\u00a0gastroenteroloogia vanemarst-\u00f5ppej\u00f5ud Nakkushaiguste osakond: dr\u00a0Anne Kallaste, nakkushaiguste vanemarst-\u00f5ppej\u00f5udNefroloogia osakond:\u00a0prof\u00a0Mai Rosenberg, nefroloogia professor\u00a0Reumatoloogia osakond: \u00a0dr\u00a0Jekaterina Saar,\u00a0reumatoloogia vanemarst-\u00f5ppej\u00f5ud\u00a0 Sisehaiguste osakond: dr\u00a0Lauri Hein, sisehaiguste arst-\u00f5ppej\u00f5ud Residentide seminarid sisekliinikus toimuvadKOLMAP\u00c4EVITI kell 13.30 \u00f5pperuumis L6002 v\u00f5i L6007 Seminari eesm\u00e4rk&nbsp;on arendada residentide esinemisoskust, soodustada&hellip;","_links":{"self":[{"href":"https:\/\/www.kliinikum.ee\/sisekliinik\/wp-json\/wp\/v2\/pages\/6182","targetHints":{"allow":["GET"]}}],"collection":[{"href":"https:\/\/www.kliinikum.ee\/sisekliinik\/wp-json\/wp\/v2\/pages"}],"about":[{"href":"https:\/\/www.kliinikum.ee\/sisekliinik\/wp-json\/wp\/v2\/types\/page"}],"author":[{"embeddable":true,"href":"https:\/\/www.kliinikum.ee\/sisekliinik\/wp-json\/wp\/v2\/users\/33"}],"replies":[{"embeddable":true,"href":"https:\/\/www.kliinikum.ee\/sisekliinik\/wp-json\/wp\/v2\/comments?post=6182"}],"version-history":[{"count":0,"href":"https:\/\/www.kliinikum.ee\/sisekliinik\/wp-json\/wp\/v2\/pages\/6182\/revisions"}],"up":[{"embeddable":true,"href":"https:\/\/www.kliinikum.ee\/sisekliinik\/wp-json\/wp\/v2\/pages\/6161"}],"wp:featuredmedia":[{"embeddable":true,"href":"https:\/\/www.kliinikum.ee\/sisekliinik\/wp-json\/wp\/v2\/media\/6618"}],"wp:attachment":[{"href":"https:\/\/www.kliinikum.ee\/sisekliinik\/wp-json\/wp\/v2\/media?parent=6182"}],"curies":[{"name":"wp","href":"https:\/\/api.w.org\/{rel}","templated":true}]}}