{"id":6335,"date":"2023-04-13T14:17:04","date_gmt":"2023-04-13T12:17:04","guid":{"rendered":"https:\/\/www.kliinikum.ee\/sisekliinik\/?page_id=6335"},"modified":"2025-11-17T13:26:28","modified_gmt":"2025-11-17T11:26:28","slug":"odede-vastuvotud","status":"publish","type":"page","link":"https:\/\/www.kliinikum.ee\/sisekliinik\/kliinikust\/ambulatoorne-osakond\/odede-vastuvotud\/","title":{"rendered":"\u00d5dede vastuv\u00f5tud"},"content":{"rendered":"<div class=\"wp-block-uagb-faq uagb-faq__outer-wrap uagb-block-855d1f29 uagb-faq-icon-row uagb-faq-layout-accordion uagb-faq-expand-first-false uagb-faq-inactive-other-true uagb-faq__wrap uagb-buttons-layout-wrap uagb-faq-equal-height     \" data-faqtoggle=\"true\" role=\"tablist\"><\/div>\n\n\n<div class=\"wp-block-uagb-buttons uagb-buttons__outer-wrap uagb-btn__default-btn uagb-btn-tablet__default-btn uagb-btn-mobile__default-btn uagb-block-6f22dcad\"><div class=\"uagb-buttons__wrap uagb-buttons-layout-wrap \">\n<div class=\"wp-block-uagb-buttons-child uagb-buttons__outer-wrap uagb-block-2c90d235 wp-block-button\"><div class=\"uagb-button__wrapper\"><a class=\"uagb-buttons-repeater wp-block-button__link\" aria-label=\"\" href=\"https:\/\/www.kliinikum.ee\/patsiendile\/oe-vastuvott\/\" rel=\"follow noopener\" target=\"_blank\" role=\"button\"><div class=\"uagb-button__link\">\u00d5dede vastuv\u00f5tud leiate siit<\/div><\/a><\/div><\/div>\n<\/div><\/div>\n\n\n<div class=\"wp-block-uagb-faq uagb-faq__outer-wrap uagb-block-6a648cdf uagb-faq-icon-row uagb-faq-layout-accordion uagb-faq-expand-first-true uagb-faq-inactive-other-true uagb-faq__wrap uagb-buttons-layout-wrap uagb-faq-equal-height     \" data-faqtoggle=\"true\" role=\"tablist\"><\/div>\n\n\n<p class=\"has-vivid-red-color has-text-color\"><em><strong>NB! \u00d5e vastuv\u00f5tud (sh uuringukabinettides) l\u00f5pevad k\u00f5ikidel p\u00fchade-eelsetel t\u00f6\u00f6p\u00e4evadel kell 13:00<\/strong><\/em><\/p>\n\n\n\n<p><\/p>\n","protected":false},"excerpt":{"rendered":"<p>NB! \u00d5e vastuv\u00f5tud (sh uuringukabinettides) l\u00f5pevad k\u00f5ikidel p\u00fchade-eelsetel t\u00f6\u00f6p\u00e4evadel kell 13:00<\/p>\n","protected":false},"author":30,"featured_media":0,"parent":6293,"menu_order":0,"comment_status":"closed","ping_status":"closed","template":"","meta":{"_acf_changed":false,"_uag_custom_page_level_css":"","footnotes":""},"class_list":["post-6335","page","type-page","status-publish","hentry"],"acf":[],"yoast_head":"<!-- This site is optimized with the Yoast SEO plugin v27.5 - https:\/\/yoast.com\/product\/yoast-seo-wordpress\/ -->\n<title>\u00d5dede vastuv\u00f5tud - Sisekliinik<\/title>\n<meta name=\"robots\" content=\"index, follow, max-snippet:-1, max-image-preview:large, max-video-preview:-1\" \/>\n<link rel=\"canonical\" href=\"https:\/\/www.kliinikum.ee\/sisekliinik\/kliinikust\/ambulatoorne-osakond\/odede-vastuvotud\/\" \/>\n<meta property=\"og:locale\" content=\"et_EE\" \/>\n<meta property=\"og:type\" content=\"article\" \/>\n<meta property=\"og:title\" content=\"\u00d5dede vastuv\u00f5tud - Sisekliinik\" \/>\n<meta property=\"og:description\" content=\"NB! \u00d5e vastuv\u00f5tud (sh uuringukabinettides) l\u00f5pevad k\u00f5ikidel p\u00fchade-eelsetel t\u00f6\u00f6p\u00e4evadel kell 13:00\" \/>\n<meta property=\"og:url\" content=\"https:\/\/www.kliinikum.ee\/sisekliinik\/kliinikust\/ambulatoorne-osakond\/odede-vastuvotud\/\" \/>\n<meta property=\"og:site_name\" content=\"Sisekliinik\" \/>\n<meta property=\"article:modified_time\" content=\"2025-11-17T11:26:28+00:00\" \/>\n<meta name=\"twitter:card\" content=\"summary_large_image\" \/>\n<meta name=\"twitter:label1\" content=\"Est. reading time\" \/>\n\t<meta name=\"twitter:data1\" content=\"1 minut\" \/>\n<script type=\"application\/ld+json\" class=\"yoast-schema-graph\">{\"@context\":\"https:\\\/\\\/schema.org\",\"@graph\":[{\"@type\":\"WebPage\",\"@id\":\"https:\\\/\\\/www.kliinikum.ee\\\/sisekliinik\\\/kliinikust\\\/ambulatoorne-osakond\\\/odede-vastuvotud\\\/\",\"url\":\"https:\\\/\\\/www.kliinikum.ee\\\/sisekliinik\\\/kliinikust\\\/ambulatoorne-osakond\\\/odede-vastuvotud\\\/\",\"name\":\"\u00d5dede vastuv\u00f5tud - Sisekliinik\",\"isPartOf\":{\"@id\":\"https:\\\/\\\/www.kliinikum.ee\\\/sisekliinik\\\/#website\"},\"datePublished\":\"2023-04-13T12:17:04+00:00\",\"dateModified\":\"2025-11-17T11:26:28+00:00\",\"breadcrumb\":{\"@id\":\"https:\\\/\\\/www.kliinikum.ee\\\/sisekliinik\\\/kliinikust\\\/ambulatoorne-osakond\\\/odede-vastuvotud\\\/#breadcrumb\"},\"inLanguage\":\"et\",\"potentialAction\":[{\"@type\":\"ReadAction\",\"target\":[\"https:\\\/\\\/www.kliinikum.ee\\\/sisekliinik\\\/kliinikust\\\/ambulatoorne-osakond\\\/odede-vastuvotud\\\/\"]}]},{\"@type\":\"BreadcrumbList\",\"@id\":\"https:\\\/\\\/www.kliinikum.ee\\\/sisekliinik\\\/kliinikust\\\/ambulatoorne-osakond\\\/odede-vastuvotud\\\/#breadcrumb\",\"itemListElement\":[{\"@type\":\"ListItem\",\"position\":1,\"name\":\"Home\",\"item\":\"https:\\\/\\\/www.kliinikum.ee\\\/sisekliinik\\\/\"},{\"@type\":\"ListItem\",\"position\":2,\"name\":\"Kliinikust\",\"item\":\"https:\\\/\\\/www.kliinikum.ee\\\/sisekliinik\\\/kliinikust\\\/\"},{\"@type\":\"ListItem\",\"position\":3,\"name\":\"Ambulatoorne osakond\",\"item\":\"https:\\\/\\\/www.kliinikum.ee\\\/sisekliinik\\\/kliinikust\\\/ambulatoorne-osakond\\\/\"},{\"@type\":\"ListItem\",\"position\":4,\"name\":\"\u00d5dede vastuv\u00f5tud\"}]},{\"@type\":\"WebSite\",\"@id\":\"https:\\\/\\\/www.kliinikum.ee\\\/sisekliinik\\\/#website\",\"url\":\"https:\\\/\\\/www.kliinikum.ee\\\/sisekliinik\\\/\",\"name\":\"Sisekliinik\",\"description\":\"Hoolivus, Uuendusmeelsus, P\u00e4devus ja Usaldusv\u00e4\u00e4rsus\",\"potentialAction\":[{\"@type\":\"SearchAction\",\"target\":{\"@type\":\"EntryPoint\",\"urlTemplate\":\"https:\\\/\\\/www.kliinikum.ee\\\/sisekliinik\\\/?s={search_term_string}\"},\"query-input\":{\"@type\":\"PropertyValueSpecification\",\"valueRequired\":true,\"valueName\":\"search_term_string\"}}],\"inLanguage\":\"et\"}]}<\/script>\n<!-- \/ Yoast SEO plugin. -->","yoast_head_json":{"title":"\u00d5dede vastuv\u00f5tud - Sisekliinik","robots":{"index":"index","follow":"follow","max-snippet":"max-snippet:-1","max-image-preview":"max-image-preview:large","max-video-preview":"max-video-preview:-1"},"canonical":"https:\/\/www.kliinikum.ee\/sisekliinik\/kliinikust\/ambulatoorne-osakond\/odede-vastuvotud\/","og_locale":"et_EE","og_type":"article","og_title":"\u00d5dede vastuv\u00f5tud - Sisekliinik","og_description":"NB! \u00d5e vastuv\u00f5tud (sh uuringukabinettides) l\u00f5pevad k\u00f5ikidel p\u00fchade-eelsetel t\u00f6\u00f6p\u00e4evadel kell 13:00","og_url":"https:\/\/www.kliinikum.ee\/sisekliinik\/kliinikust\/ambulatoorne-osakond\/odede-vastuvotud\/","og_site_name":"Sisekliinik","article_modified_time":"2025-11-17T11:26:28+00:00","twitter_card":"summary_large_image","twitter_misc":{"Est. reading time":"1 minut"},"schema":{"@context":"https:\/\/schema.org","@graph":[{"@type":"WebPage","@id":"https:\/\/www.kliinikum.ee\/sisekliinik\/kliinikust\/ambulatoorne-osakond\/odede-vastuvotud\/","url":"https:\/\/www.kliinikum.ee\/sisekliinik\/kliinikust\/ambulatoorne-osakond\/odede-vastuvotud\/","name":"\u00d5dede vastuv\u00f5tud - Sisekliinik","isPartOf":{"@id":"https:\/\/www.kliinikum.ee\/sisekliinik\/#website"},"datePublished":"2023-04-13T12:17:04+00:00","dateModified":"2025-11-17T11:26:28+00:00","breadcrumb":{"@id":"https:\/\/www.kliinikum.ee\/sisekliinik\/kliinikust\/ambulatoorne-osakond\/odede-vastuvotud\/#breadcrumb"},"inLanguage":"et","potentialAction":[{"@type":"ReadAction","target":["https:\/\/www.kliinikum.ee\/sisekliinik\/kliinikust\/ambulatoorne-osakond\/odede-vastuvotud\/"]}]},{"@type":"BreadcrumbList","@id":"https:\/\/www.kliinikum.ee\/sisekliinik\/kliinikust\/ambulatoorne-osakond\/odede-vastuvotud\/#breadcrumb","itemListElement":[{"@type":"ListItem","position":1,"name":"Home","item":"https:\/\/www.kliinikum.ee\/sisekliinik\/"},{"@type":"ListItem","position":2,"name":"Kliinikust","item":"https:\/\/www.kliinikum.ee\/sisekliinik\/kliinikust\/"},{"@type":"ListItem","position":3,"name":"Ambulatoorne osakond","item":"https:\/\/www.kliinikum.ee\/sisekliinik\/kliinikust\/ambulatoorne-osakond\/"},{"@type":"ListItem","position":4,"name":"\u00d5dede vastuv\u00f5tud"}]},{"@type":"WebSite","@id":"https:\/\/www.kliinikum.ee\/sisekliinik\/#website","url":"https:\/\/www.kliinikum.ee\/sisekliinik\/","name":"Sisekliinik","description":"Hoolivus, Uuendusmeelsus, P\u00e4devus ja Usaldusv\u00e4\u00e4rsus","potentialAction":[{"@type":"SearchAction","target":{"@type":"EntryPoint","urlTemplate":"https:\/\/www.kliinikum.ee\/sisekliinik\/?s={search_term_string}"},"query-input":{"@type":"PropertyValueSpecification","valueRequired":true,"valueName":"search_term_string"}}],"inLanguage":"et"}]}},"uagb_featured_image_src":{"full":false,"thumbnail":false,"medium":false,"medium_large":false,"large":false,"1536x1536":false,"2048x2048":false},"uagb_author_info":{"display_name":"Kerttu Pariots","author_link":"https:\/\/www.kliinikum.ee\/sisekliinik\/author\/kerttu\/"},"uagb_comment_info":0,"uagb_excerpt":"NB! \u00d5e vastuv\u00f5tud (sh uuringukabinettides) l\u00f5pevad k\u00f5ikidel p\u00fchade-eelsetel t\u00f6\u00f6p\u00e4evadel kell 13:00","_links":{"self":[{"href":"https:\/\/www.kliinikum.ee\/sisekliinik\/wp-json\/wp\/v2\/pages\/6335","targetHints":{"allow":["GET"]}}],"collection":[{"href":"https:\/\/www.kliinikum.ee\/sisekliinik\/wp-json\/wp\/v2\/pages"}],"about":[{"href":"https:\/\/www.kliinikum.ee\/sisekliinik\/wp-json\/wp\/v2\/types\/page"}],"author":[{"embeddable":true,"href":"https:\/\/www.kliinikum.ee\/sisekliinik\/wp-json\/wp\/v2\/users\/30"}],"replies":[{"embeddable":true,"href":"https:\/\/www.kliinikum.ee\/sisekliinik\/wp-json\/wp\/v2\/comments?post=6335"}],"version-history":[{"count":0,"href":"https:\/\/www.kliinikum.ee\/sisekliinik\/wp-json\/wp\/v2\/pages\/6335\/revisions"}],"up":[{"embeddable":true,"href":"https:\/\/www.kliinikum.ee\/sisekliinik\/wp-json\/wp\/v2\/pages\/6293"}],"wp:attachment":[{"href":"https:\/\/www.kliinikum.ee\/sisekliinik\/wp-json\/wp\/v2\/media?parent=6335"}],"curies":[{"name":"wp","href":"https:\/\/api.w.org\/{rel}","templated":true}]}}