{"id":7283,"date":"2023-06-01T10:27:44","date_gmt":"2023-06-01T08:27:44","guid":{"rendered":"https:\/\/www.kliinikum.ee\/sisekliinik\/?page_id=7283"},"modified":"2023-11-09T14:15:31","modified_gmt":"2023-11-09T12:15:31","slug":"infomaterjalid","status":"publish","type":"page","link":"https:\/\/www.kliinikum.ee\/sisekliinik\/patsiendile\/infomaterjalid\/","title":{"rendered":"Infomaterjalid"},"content":{"rendered":"\n<p class=\"has-medium-font-size\"><a href=\"https:\/\/www.kliinikum.ee\/patsiendiinfo-kategooria\/seedeelundkond\/\" target=\"_blank\" rel=\"noreferrer noopener\">Seedeelundkond<\/a><\/p>\n\n\n\n<p class=\"has-medium-font-size\"><a href=\"https:\/\/www.kliinikum.ee\/patsiendiinfo-kategooria\/neerud-ja-kuseteed\/\" target=\"_blank\" rel=\"noreferrer noopener\">Neerud ja kuseteed<\/a><\/p>\n\n\n\n<p class=\"has-medium-font-size\"><a href=\"https:\/\/www.kliinikum.ee\/patsiendiinfo-kategooria\/nakkushaigused\/\" target=\"_blank\" rel=\"noreferrer noopener\">Nakkushaigused<\/a><\/p>\n\n\n\n<p class=\"has-medium-font-size\"><a href=\"https:\/\/www.kliinikum.ee\/diabeet\/\">Diabeediportaal<\/a><\/p>\n","protected":false},"excerpt":{"rendered":"<p>Seedeelundkond Neerud ja kuseteed Nakkushaigused Diabeediportaal<\/p>\n","protected":false},"author":33,"featured_media":0,"parent":15,"menu_order":1,"comment_status":"closed","ping_status":"closed","template":"","meta":{"_acf_changed":false,"_uag_custom_page_level_css":"","footnotes":""},"class_list":["post-7283","page","type-page","status-publish","hentry"],"acf":[],"yoast_head":"<!-- This site is optimized with the Yoast SEO plugin v27.3 - https:\/\/yoast.com\/product\/yoast-seo-wordpress\/ -->\n<title>Infomaterjalid - Sisekliinik<\/title>\n<meta name=\"robots\" content=\"index, follow, max-snippet:-1, max-image-preview:large, max-video-preview:-1\" \/>\n<link rel=\"canonical\" href=\"https:\/\/www.kliinikum.ee\/sisekliinik\/patsiendile\/infomaterjalid\/\" \/>\n<meta property=\"og:locale\" content=\"et_EE\" \/>\n<meta property=\"og:type\" content=\"article\" \/>\n<meta property=\"og:title\" content=\"Infomaterjalid - Sisekliinik\" \/>\n<meta property=\"og:description\" content=\"Seedeelundkond Neerud ja kuseteed Nakkushaigused Diabeediportaal\" \/>\n<meta property=\"og:url\" content=\"https:\/\/www.kliinikum.ee\/sisekliinik\/patsiendile\/infomaterjalid\/\" \/>\n<meta property=\"og:site_name\" content=\"Sisekliinik\" \/>\n<meta property=\"article:modified_time\" content=\"2023-11-09T12:15:31+00:00\" \/>\n<meta name=\"twitter:card\" content=\"summary_large_image\" \/>\n<meta name=\"twitter:label1\" content=\"Est. reading time\" \/>\n\t<meta name=\"twitter:data1\" content=\"1 minut\" \/>\n<script type=\"application\/ld+json\" class=\"yoast-schema-graph\">{\"@context\":\"https:\\\/\\\/schema.org\",\"@graph\":[{\"@type\":\"WebPage\",\"@id\":\"https:\\\/\\\/www.kliinikum.ee\\\/sisekliinik\\\/patsiendile\\\/infomaterjalid\\\/\",\"url\":\"https:\\\/\\\/www.kliinikum.ee\\\/sisekliinik\\\/patsiendile\\\/infomaterjalid\\\/\",\"name\":\"Infomaterjalid - Sisekliinik\",\"isPartOf\":{\"@id\":\"https:\\\/\\\/www.kliinikum.ee\\\/sisekliinik\\\/#website\"},\"datePublished\":\"2023-06-01T08:27:44+00:00\",\"dateModified\":\"2023-11-09T12:15:31+00:00\",\"breadcrumb\":{\"@id\":\"https:\\\/\\\/www.kliinikum.ee\\\/sisekliinik\\\/patsiendile\\\/infomaterjalid\\\/#breadcrumb\"},\"inLanguage\":\"et\",\"potentialAction\":[{\"@type\":\"ReadAction\",\"target\":[\"https:\\\/\\\/www.kliinikum.ee\\\/sisekliinik\\\/patsiendile\\\/infomaterjalid\\\/\"]}]},{\"@type\":\"BreadcrumbList\",\"@id\":\"https:\\\/\\\/www.kliinikum.ee\\\/sisekliinik\\\/patsiendile\\\/infomaterjalid\\\/#breadcrumb\",\"itemListElement\":[{\"@type\":\"ListItem\",\"position\":1,\"name\":\"Home\",\"item\":\"https:\\\/\\\/www.kliinikum.ee\\\/sisekliinik\\\/\"},{\"@type\":\"ListItem\",\"position\":2,\"name\":\"Patsiendile\",\"item\":\"https:\\\/\\\/www.kliinikum.ee\\\/sisekliinik\\\/patsiendile\\\/\"},{\"@type\":\"ListItem\",\"position\":3,\"name\":\"Infomaterjalid\"}]},{\"@type\":\"WebSite\",\"@id\":\"https:\\\/\\\/www.kliinikum.ee\\\/sisekliinik\\\/#website\",\"url\":\"https:\\\/\\\/www.kliinikum.ee\\\/sisekliinik\\\/\",\"name\":\"Sisekliinik\",\"description\":\"Hoolivus, Uuendusmeelsus, P\u00e4devus ja Usaldusv\u00e4\u00e4rsus\",\"potentialAction\":[{\"@type\":\"SearchAction\",\"target\":{\"@type\":\"EntryPoint\",\"urlTemplate\":\"https:\\\/\\\/www.kliinikum.ee\\\/sisekliinik\\\/?s={search_term_string}\"},\"query-input\":{\"@type\":\"PropertyValueSpecification\",\"valueRequired\":true,\"valueName\":\"search_term_string\"}}],\"inLanguage\":\"et\"}]}<\/script>\n<!-- \/ Yoast SEO plugin. -->","yoast_head_json":{"title":"Infomaterjalid - Sisekliinik","robots":{"index":"index","follow":"follow","max-snippet":"max-snippet:-1","max-image-preview":"max-image-preview:large","max-video-preview":"max-video-preview:-1"},"canonical":"https:\/\/www.kliinikum.ee\/sisekliinik\/patsiendile\/infomaterjalid\/","og_locale":"et_EE","og_type":"article","og_title":"Infomaterjalid - Sisekliinik","og_description":"Seedeelundkond Neerud ja kuseteed Nakkushaigused Diabeediportaal","og_url":"https:\/\/www.kliinikum.ee\/sisekliinik\/patsiendile\/infomaterjalid\/","og_site_name":"Sisekliinik","article_modified_time":"2023-11-09T12:15:31+00:00","twitter_card":"summary_large_image","twitter_misc":{"Est. reading time":"1 minut"},"schema":{"@context":"https:\/\/schema.org","@graph":[{"@type":"WebPage","@id":"https:\/\/www.kliinikum.ee\/sisekliinik\/patsiendile\/infomaterjalid\/","url":"https:\/\/www.kliinikum.ee\/sisekliinik\/patsiendile\/infomaterjalid\/","name":"Infomaterjalid - Sisekliinik","isPartOf":{"@id":"https:\/\/www.kliinikum.ee\/sisekliinik\/#website"},"datePublished":"2023-06-01T08:27:44+00:00","dateModified":"2023-11-09T12:15:31+00:00","breadcrumb":{"@id":"https:\/\/www.kliinikum.ee\/sisekliinik\/patsiendile\/infomaterjalid\/#breadcrumb"},"inLanguage":"et","potentialAction":[{"@type":"ReadAction","target":["https:\/\/www.kliinikum.ee\/sisekliinik\/patsiendile\/infomaterjalid\/"]}]},{"@type":"BreadcrumbList","@id":"https:\/\/www.kliinikum.ee\/sisekliinik\/patsiendile\/infomaterjalid\/#breadcrumb","itemListElement":[{"@type":"ListItem","position":1,"name":"Home","item":"https:\/\/www.kliinikum.ee\/sisekliinik\/"},{"@type":"ListItem","position":2,"name":"Patsiendile","item":"https:\/\/www.kliinikum.ee\/sisekliinik\/patsiendile\/"},{"@type":"ListItem","position":3,"name":"Infomaterjalid"}]},{"@type":"WebSite","@id":"https:\/\/www.kliinikum.ee\/sisekliinik\/#website","url":"https:\/\/www.kliinikum.ee\/sisekliinik\/","name":"Sisekliinik","description":"Hoolivus, Uuendusmeelsus, P\u00e4devus ja Usaldusv\u00e4\u00e4rsus","potentialAction":[{"@type":"SearchAction","target":{"@type":"EntryPoint","urlTemplate":"https:\/\/www.kliinikum.ee\/sisekliinik\/?s={search_term_string}"},"query-input":{"@type":"PropertyValueSpecification","valueRequired":true,"valueName":"search_term_string"}}],"inLanguage":"et"}]}},"uagb_featured_image_src":{"full":false,"thumbnail":false,"medium":false,"medium_large":false,"large":false,"1536x1536":false,"2048x2048":false},"uagb_author_info":{"display_name":"Jane Freimann","author_link":"https:\/\/www.kliinikum.ee\/sisekliinik\/author\/janef\/"},"uagb_comment_info":0,"uagb_excerpt":"Seedeelundkond Neerud ja kuseteed Nakkushaigused Diabeediportaal","_links":{"self":[{"href":"https:\/\/www.kliinikum.ee\/sisekliinik\/wp-json\/wp\/v2\/pages\/7283","targetHints":{"allow":["GET"]}}],"collection":[{"href":"https:\/\/www.kliinikum.ee\/sisekliinik\/wp-json\/wp\/v2\/pages"}],"about":[{"href":"https:\/\/www.kliinikum.ee\/sisekliinik\/wp-json\/wp\/v2\/types\/page"}],"author":[{"embeddable":true,"href":"https:\/\/www.kliinikum.ee\/sisekliinik\/wp-json\/wp\/v2\/users\/33"}],"replies":[{"embeddable":true,"href":"https:\/\/www.kliinikum.ee\/sisekliinik\/wp-json\/wp\/v2\/comments?post=7283"}],"version-history":[{"count":0,"href":"https:\/\/www.kliinikum.ee\/sisekliinik\/wp-json\/wp\/v2\/pages\/7283\/revisions"}],"up":[{"embeddable":true,"href":"https:\/\/www.kliinikum.ee\/sisekliinik\/wp-json\/wp\/v2\/pages\/15"}],"wp:attachment":[{"href":"https:\/\/www.kliinikum.ee\/sisekliinik\/wp-json\/wp\/v2\/media?parent=7283"}],"curies":[{"name":"wp","href":"https:\/\/api.w.org\/{rel}","templated":true}]}}