{"id":10365,"date":"2023-10-25T10:37:22","date_gmt":"2023-10-25T08:37:22","guid":{"rendered":"https:\/\/www.kliinikum.ee\/stomatoloogia\/?page_id=10365"},"modified":"2024-08-16T10:48:18","modified_gmt":"2024-08-16T08:48:18","slug":"clinic-of-dentistry-reception","status":"publish","type":"page","link":"https:\/\/www.kliinikum.ee\/stomatoloogia\/en\/patsiendile\/clinic-of-dentistry-reception\/","title":{"rendered":"Clinic of Dentistry\u00a0Reception"},"content":{"rendered":"\n<p class=\"has-medium-font-size\">Kindly book an appointment by phone or email.<\/p>\n\n\n\n<p class=\"has-medium-font-size\">Our contact details: &nbsp;(Mon-Fri 8.00 a.m-6 p.m.):<\/p>\n\n\n\n<p class=\"has-medium-font-size\"><strong>Ph: +372 731 9889<\/strong><\/p>\n\n\n\n<p class=\"has-medium-font-size\">\u00a0\u00a0\u00a0\u00a0\u00a0 <strong>+372\u00a0731 9282<\/strong><\/p>\n\n\n\n<p class=\"has-medium-font-size\"><strong>Email: stomatoloogiakliinik@kliinikum.ee<\/strong><\/p>\n\n\n\n<p class=\"has-medium-font-size\">Please provide us with the following information to secure the appointment:<\/p>\n\n\n\n<p class=\"has-medium-font-size\">patient\u00b4s full name<\/p>\n\n\n\n<p class=\"has-medium-font-size\">patient\u00b4s identification number (Estonian citizens and residents)<\/p>\n\n\n\n<p class=\"has-medium-font-size\">passport number (foreigners)<\/p>\n\n\n\n<p class=\"has-medium-font-size\">Please arrive 20 minutes before your appointment to complete the registration at the reception.<\/p>\n","protected":false},"excerpt":{"rendered":"<p>Kindly book an appointment by phone or email. Our contact details: &nbsp;(Mon-Fri 8.00 a.m-6 p.m.): Ph: +372 731 9889 \u00a0\u00a0\u00a0\u00a0\u00a0 +372\u00a0731 9282 Email: stomatoloogiakliinik@kliinikum.ee Please provide us with the following information to secure the appointment: patient\u00b4s full name patient\u00b4s identification number (Estonian citizens and residents) passport number (foreigners) Please arrive 20 minutes before your appointment [&hellip;]<\/p>\n","protected":false},"author":30,"featured_media":0,"parent":4609,"menu_order":1,"comment_status":"closed","ping_status":"closed","template":"","meta":{"_acf_changed":false,"_uag_custom_page_level_css":"","footnotes":""},"class_list":["post-10365","page","type-page","status-publish","hentry"],"acf":[],"yoast_head":"<!-- This site is optimized with the Yoast SEO plugin v27.3 - https:\/\/yoast.com\/product\/yoast-seo-wordpress\/ -->\n<title>Clinic of Dentistry\u00a0Reception - Stomatoloogia kliinik<\/title>\n<meta name=\"robots\" content=\"index, follow, max-snippet:-1, max-image-preview:large, max-video-preview:-1\" \/>\n<link rel=\"canonical\" href=\"https:\/\/www.kliinikum.ee\/stomatoloogia\/en\/patsiendile\/clinic-of-dentistry-reception\/\" \/>\n<meta property=\"og:locale\" content=\"en_US\" \/>\n<meta property=\"og:type\" content=\"article\" \/>\n<meta property=\"og:title\" content=\"Clinic of Dentistry\u00a0Reception - Stomatoloogia kliinik\" \/>\n<meta property=\"og:description\" content=\"Kindly book an appointment by phone or email. Our contact details: &nbsp;(Mon-Fri 8.00 a.m-6 p.m.): Ph: +372 731 9889 \u00a0\u00a0\u00a0\u00a0\u00a0 +372\u00a0731 9282 Email: stomatoloogiakliinik@kliinikum.ee Please provide us with the following information to secure the appointment: patient\u00b4s full name patient\u00b4s identification number (Estonian citizens and residents) passport number (foreigners) Please arrive 20 minutes before your appointment [&hellip;]\" \/>\n<meta property=\"og:url\" content=\"https:\/\/www.kliinikum.ee\/stomatoloogia\/en\/patsiendile\/clinic-of-dentistry-reception\/\" \/>\n<meta property=\"og:site_name\" content=\"Stomatoloogia kliinik\" \/>\n<meta property=\"article:modified_time\" content=\"2024-08-16T08:48:18+00:00\" \/>\n<meta name=\"twitter:card\" content=\"summary_large_image\" \/>\n<meta name=\"twitter:label1\" content=\"Est. reading time\" \/>\n\t<meta name=\"twitter:data1\" content=\"1 minute\" \/>\n<script type=\"application\/ld+json\" class=\"yoast-schema-graph\">{\"@context\":\"https:\\\/\\\/schema.org\",\"@graph\":[{\"@type\":\"WebPage\",\"@id\":\"https:\\\/\\\/www.kliinikum.ee\\\/stomatoloogia\\\/en\\\/patsiendile\\\/clinic-of-dentistry-reception\\\/\",\"url\":\"https:\\\/\\\/www.kliinikum.ee\\\/stomatoloogia\\\/en\\\/patsiendile\\\/clinic-of-dentistry-reception\\\/\",\"name\":\"Clinic of Dentistry\u00a0Reception - Stomatoloogia kliinik\",\"isPartOf\":{\"@id\":\"https:\\\/\\\/www.kliinikum.ee\\\/stomatoloogia\\\/en\\\/#website\"},\"datePublished\":\"2023-10-25T08:37:22+00:00\",\"dateModified\":\"2024-08-16T08:48:18+00:00\",\"breadcrumb\":{\"@id\":\"https:\\\/\\\/www.kliinikum.ee\\\/stomatoloogia\\\/en\\\/patsiendile\\\/clinic-of-dentistry-reception\\\/#breadcrumb\"},\"inLanguage\":\"en-US\",\"potentialAction\":[{\"@type\":\"ReadAction\",\"target\":[\"https:\\\/\\\/www.kliinikum.ee\\\/stomatoloogia\\\/en\\\/patsiendile\\\/clinic-of-dentistry-reception\\\/\"]}]},{\"@type\":\"BreadcrumbList\",\"@id\":\"https:\\\/\\\/www.kliinikum.ee\\\/stomatoloogia\\\/en\\\/patsiendile\\\/clinic-of-dentistry-reception\\\/#breadcrumb\",\"itemListElement\":[{\"@type\":\"ListItem\",\"position\":1,\"name\":\"Home\",\"item\":\"https:\\\/\\\/www.kliinikum.ee\\\/stomatoloogia\\\/en\\\/avaleht\\\/\"},{\"@type\":\"ListItem\",\"position\":2,\"name\":\"For patients\",\"item\":\"https:\\\/\\\/www.kliinikum.ee\\\/stomatoloogia\\\/en\\\/patsiendile\\\/\"},{\"@type\":\"ListItem\",\"position\":3,\"name\":\"Clinic of Dentistry\u00a0Reception\"}]},{\"@type\":\"WebSite\",\"@id\":\"https:\\\/\\\/www.kliinikum.ee\\\/stomatoloogia\\\/en\\\/#website\",\"url\":\"https:\\\/\\\/www.kliinikum.ee\\\/stomatoloogia\\\/en\\\/\",\"name\":\"Stomatoloogia kliinik\",\"description\":\"Hoolivus, Uuendusmeelsus, P\u00e4devus ja Usaldusv\u00e4\u00e4rsus\",\"potentialAction\":[{\"@type\":\"SearchAction\",\"target\":{\"@type\":\"EntryPoint\",\"urlTemplate\":\"https:\\\/\\\/www.kliinikum.ee\\\/stomatoloogia\\\/en\\\/?s={search_term_string}\"},\"query-input\":{\"@type\":\"PropertyValueSpecification\",\"valueRequired\":true,\"valueName\":\"search_term_string\"}}],\"inLanguage\":\"en-US\"}]}<\/script>\n<!-- \/ Yoast SEO plugin. -->","yoast_head_json":{"title":"Clinic of Dentistry\u00a0Reception - Stomatoloogia kliinik","robots":{"index":"index","follow":"follow","max-snippet":"max-snippet:-1","max-image-preview":"max-image-preview:large","max-video-preview":"max-video-preview:-1"},"canonical":"https:\/\/www.kliinikum.ee\/stomatoloogia\/en\/patsiendile\/clinic-of-dentistry-reception\/","og_locale":"en_US","og_type":"article","og_title":"Clinic of Dentistry\u00a0Reception - Stomatoloogia kliinik","og_description":"Kindly book an appointment by phone or email. Our contact details: &nbsp;(Mon-Fri 8.00 a.m-6 p.m.): Ph: +372 731 9889 \u00a0\u00a0\u00a0\u00a0\u00a0 +372\u00a0731 9282 Email: stomatoloogiakliinik@kliinikum.ee Please provide us with the following information to secure the appointment: patient\u00b4s full name patient\u00b4s identification number (Estonian citizens and residents) passport number (foreigners) Please arrive 20 minutes before your appointment [&hellip;]","og_url":"https:\/\/www.kliinikum.ee\/stomatoloogia\/en\/patsiendile\/clinic-of-dentistry-reception\/","og_site_name":"Stomatoloogia kliinik","article_modified_time":"2024-08-16T08:48:18+00:00","twitter_card":"summary_large_image","twitter_misc":{"Est. reading time":"1 minute"},"schema":{"@context":"https:\/\/schema.org","@graph":[{"@type":"WebPage","@id":"https:\/\/www.kliinikum.ee\/stomatoloogia\/en\/patsiendile\/clinic-of-dentistry-reception\/","url":"https:\/\/www.kliinikum.ee\/stomatoloogia\/en\/patsiendile\/clinic-of-dentistry-reception\/","name":"Clinic of Dentistry\u00a0Reception - Stomatoloogia kliinik","isPartOf":{"@id":"https:\/\/www.kliinikum.ee\/stomatoloogia\/en\/#website"},"datePublished":"2023-10-25T08:37:22+00:00","dateModified":"2024-08-16T08:48:18+00:00","breadcrumb":{"@id":"https:\/\/www.kliinikum.ee\/stomatoloogia\/en\/patsiendile\/clinic-of-dentistry-reception\/#breadcrumb"},"inLanguage":"en-US","potentialAction":[{"@type":"ReadAction","target":["https:\/\/www.kliinikum.ee\/stomatoloogia\/en\/patsiendile\/clinic-of-dentistry-reception\/"]}]},{"@type":"BreadcrumbList","@id":"https:\/\/www.kliinikum.ee\/stomatoloogia\/en\/patsiendile\/clinic-of-dentistry-reception\/#breadcrumb","itemListElement":[{"@type":"ListItem","position":1,"name":"Home","item":"https:\/\/www.kliinikum.ee\/stomatoloogia\/en\/avaleht\/"},{"@type":"ListItem","position":2,"name":"For patients","item":"https:\/\/www.kliinikum.ee\/stomatoloogia\/en\/patsiendile\/"},{"@type":"ListItem","position":3,"name":"Clinic of Dentistry\u00a0Reception"}]},{"@type":"WebSite","@id":"https:\/\/www.kliinikum.ee\/stomatoloogia\/en\/#website","url":"https:\/\/www.kliinikum.ee\/stomatoloogia\/en\/","name":"Stomatoloogia kliinik","description":"Hoolivus, Uuendusmeelsus, P\u00e4devus ja Usaldusv\u00e4\u00e4rsus","potentialAction":[{"@type":"SearchAction","target":{"@type":"EntryPoint","urlTemplate":"https:\/\/www.kliinikum.ee\/stomatoloogia\/en\/?s={search_term_string}"},"query-input":{"@type":"PropertyValueSpecification","valueRequired":true,"valueName":"search_term_string"}}],"inLanguage":"en-US"}]}},"uagb_featured_image_src":{"full":false,"thumbnail":false,"medium":false,"medium_large":false,"large":false,"1536x1536":false,"2048x2048":false},"uagb_author_info":{"display_name":"Marge Muld","author_link":"https:\/\/www.kliinikum.ee\/stomatoloogia\/en\/author\/margemu\/"},"uagb_comment_info":0,"uagb_excerpt":"Kindly book an appointment by phone or email. Our contact details: &nbsp;(Mon-Fri 8.00 a.m-6 p.m.): Ph: +372 731 9889 \u00a0\u00a0\u00a0\u00a0\u00a0 +372\u00a0731 9282 Email: stomatoloogiakliinik@kliinikum.ee Please provide us with the following information to secure the appointment: patient\u00b4s full name patient\u00b4s identification number (Estonian citizens and residents) passport number (foreigners) Please arrive 20 minutes before your appointment&hellip;","_links":{"self":[{"href":"https:\/\/www.kliinikum.ee\/stomatoloogia\/en\/wp-json\/wp\/v2\/pages\/10365","targetHints":{"allow":["GET"]}}],"collection":[{"href":"https:\/\/www.kliinikum.ee\/stomatoloogia\/en\/wp-json\/wp\/v2\/pages"}],"about":[{"href":"https:\/\/www.kliinikum.ee\/stomatoloogia\/en\/wp-json\/wp\/v2\/types\/page"}],"author":[{"embeddable":true,"href":"https:\/\/www.kliinikum.ee\/stomatoloogia\/en\/wp-json\/wp\/v2\/users\/30"}],"replies":[{"embeddable":true,"href":"https:\/\/www.kliinikum.ee\/stomatoloogia\/en\/wp-json\/wp\/v2\/comments?post=10365"}],"version-history":[{"count":0,"href":"https:\/\/www.kliinikum.ee\/stomatoloogia\/en\/wp-json\/wp\/v2\/pages\/10365\/revisions"}],"up":[{"embeddable":true,"href":"https:\/\/www.kliinikum.ee\/stomatoloogia\/en\/wp-json\/wp\/v2\/pages\/4609"}],"wp:attachment":[{"href":"https:\/\/www.kliinikum.ee\/stomatoloogia\/en\/wp-json\/wp\/v2\/media?parent=10365"}],"curies":[{"name":"wp","href":"https:\/\/api.w.org\/{rel}","templated":true}]}}