{"id":10371,"date":"2023-10-25T13:11:44","date_gmt":"2023-10-25T11:11:44","guid":{"rendered":"https:\/\/www.kliinikum.ee\/stomatoloogia\/?page_id=10371"},"modified":"2023-10-25T13:11:49","modified_gmt":"2023-10-25T11:11:49","slug":"dental-care-provided-by-students","status":"publish","type":"page","link":"https:\/\/www.kliinikum.ee\/stomatoloogia\/en\/patsiendile\/dental-care-provided-by-students\/","title":{"rendered":"Dental care provided by students"},"content":{"rendered":"\n<p class=\"has-medium-font-size\"><strong>Fall semester (september\u2013december)<\/strong><\/p>\n\n\n\n<p class=\"has-medium-font-size\">Institute of Dentistry of the University of Tartu offers an opportunity to receive dental care and prosthodontics (replacement of the teeth with dentures) provided by students during an academic semester.<\/p>\n\n\n\n<p class=\"has-medium-font-size\">Final year students offer dental procedures under the supervision at a 40% discount from the price list of Tartu University Hospital. Pre-registration for treatment provided by students <strong>Mon\u2013Fri 8 a.m.\u20135 p.m. by phoning 731 9282 <\/strong>or at Puusepa 1a 4th floor reception.<\/p>\n\n\n\n<p class=\"has-medium-font-size\">4th year students offer selected dentistry at a 40% discount from on the price list of Tartu University Hospital. Preregistration<strong>Mon\u2013Fri 8 a.m.\u20135 p.m. by calling 731 9282 <\/strong>&nbsp;or at Puusepa 1a 4th floor reception.<\/p>\n\n\n\n<p class=\"has-medium-font-size\">Selected dental procedures provided by 3rd year dental students under the supervision is free of charge (additional fees may apply for X-ray images). Registration and information <strong>Mon<\/strong> <strong>8 a.m.\u201312 p.m., Tue 9 a.m.\u20132 p.m. and Thu. 12 p.m.\u20134 p.m. by calling 731 9857. Please come for your appointment at<\/strong> Puusepa 1a, 4th floor, room 34.<\/p>\n\n\n\n<p class=\"has-medium-font-size\"><strong>Denture work<\/strong> discount is 25% from the price list of Tartu University Hospital. <strong>Please book your appointment at Puusepa 1a Denture Centre reception or by calling 731 9282 8 a.m.\u20135 p.m.<\/strong><\/p>\n\n\n\n<p class=\"has-medium-font-size\"><strong>As a part of oral surgery practice program<\/strong>&nbsp;you can book an appointment with a student by calling Tartu University Hospital reception phone&nbsp;<strong>731 9100<\/strong>&nbsp;or <strong>731 9282<\/strong>. Appointments take place at Puusepa 1a.<\/p>\n\n\n\n<p class=\"has-medium-font-size\"><strong>Please note that You can only use one discount at the time for the treatments provided by students \u2013 either adult dentistry reimbursement by Estonian Health Insurance Fund or student provided treatment discount from on the price list of Tartu University Hospital. You cannot use both at the same time.<\/strong><\/p>\n","protected":false},"excerpt":{"rendered":"<p>Fall semester (september\u2013december) Institute of Dentistry of the University of Tartu offers an opportunity to receive dental care and prosthodontics (replacement of the teeth with dentures) provided by students during an academic semester. Final year students offer dental procedures under the supervision at a 40% discount from the price list of Tartu University Hospital. Pre-registration [&hellip;]<\/p>\n","protected":false},"author":30,"featured_media":0,"parent":4609,"menu_order":4,"comment_status":"closed","ping_status":"closed","template":"","meta":{"_acf_changed":false,"_uag_custom_page_level_css":"","footnotes":""},"class_list":["post-10371","page","type-page","status-publish","hentry"],"acf":[],"yoast_head":"<!-- This site is optimized with the Yoast SEO plugin v27.3 - https:\/\/yoast.com\/product\/yoast-seo-wordpress\/ -->\n<title>Dental care provided by students - Stomatoloogia kliinik<\/title>\n<meta name=\"robots\" content=\"index, follow, max-snippet:-1, max-image-preview:large, max-video-preview:-1\" \/>\n<link rel=\"canonical\" href=\"https:\/\/www.kliinikum.ee\/stomatoloogia\/en\/patsiendile\/dental-care-provided-by-students\/\" \/>\n<meta property=\"og:locale\" content=\"en_US\" \/>\n<meta property=\"og:type\" content=\"article\" \/>\n<meta property=\"og:title\" content=\"Dental care provided by students - Stomatoloogia kliinik\" \/>\n<meta property=\"og:description\" content=\"Fall semester (september\u2013december) Institute of Dentistry of the University of Tartu offers an opportunity to receive dental care and prosthodontics (replacement of the teeth with dentures) provided by students during an academic semester. Final year students offer dental procedures under the supervision at a 40% discount from the price list of Tartu University Hospital. Pre-registration [&hellip;]\" \/>\n<meta property=\"og:url\" content=\"https:\/\/www.kliinikum.ee\/stomatoloogia\/en\/patsiendile\/dental-care-provided-by-students\/\" \/>\n<meta property=\"og:site_name\" content=\"Stomatoloogia kliinik\" \/>\n<meta property=\"article:modified_time\" content=\"2023-10-25T11:11:49+00:00\" \/>\n<meta name=\"twitter:card\" content=\"summary_large_image\" \/>\n<meta name=\"twitter:label1\" content=\"Est. reading time\" \/>\n\t<meta name=\"twitter:data1\" content=\"2 minutes\" \/>\n<script type=\"application\/ld+json\" class=\"yoast-schema-graph\">{\"@context\":\"https:\\\/\\\/schema.org\",\"@graph\":[{\"@type\":\"WebPage\",\"@id\":\"https:\\\/\\\/www.kliinikum.ee\\\/stomatoloogia\\\/en\\\/patsiendile\\\/dental-care-provided-by-students\\\/\",\"url\":\"https:\\\/\\\/www.kliinikum.ee\\\/stomatoloogia\\\/en\\\/patsiendile\\\/dental-care-provided-by-students\\\/\",\"name\":\"Dental care provided by students - Stomatoloogia kliinik\",\"isPartOf\":{\"@id\":\"https:\\\/\\\/www.kliinikum.ee\\\/stomatoloogia\\\/en\\\/#website\"},\"datePublished\":\"2023-10-25T11:11:44+00:00\",\"dateModified\":\"2023-10-25T11:11:49+00:00\",\"breadcrumb\":{\"@id\":\"https:\\\/\\\/www.kliinikum.ee\\\/stomatoloogia\\\/en\\\/patsiendile\\\/dental-care-provided-by-students\\\/#breadcrumb\"},\"inLanguage\":\"en-US\",\"potentialAction\":[{\"@type\":\"ReadAction\",\"target\":[\"https:\\\/\\\/www.kliinikum.ee\\\/stomatoloogia\\\/en\\\/patsiendile\\\/dental-care-provided-by-students\\\/\"]}]},{\"@type\":\"BreadcrumbList\",\"@id\":\"https:\\\/\\\/www.kliinikum.ee\\\/stomatoloogia\\\/en\\\/patsiendile\\\/dental-care-provided-by-students\\\/#breadcrumb\",\"itemListElement\":[{\"@type\":\"ListItem\",\"position\":1,\"name\":\"Home\",\"item\":\"https:\\\/\\\/www.kliinikum.ee\\\/stomatoloogia\\\/en\\\/avaleht\\\/\"},{\"@type\":\"ListItem\",\"position\":2,\"name\":\"For patients\",\"item\":\"https:\\\/\\\/www.kliinikum.ee\\\/stomatoloogia\\\/en\\\/patsiendile\\\/\"},{\"@type\":\"ListItem\",\"position\":3,\"name\":\"Dental care provided by students\"}]},{\"@type\":\"WebSite\",\"@id\":\"https:\\\/\\\/www.kliinikum.ee\\\/stomatoloogia\\\/en\\\/#website\",\"url\":\"https:\\\/\\\/www.kliinikum.ee\\\/stomatoloogia\\\/en\\\/\",\"name\":\"Stomatoloogia kliinik\",\"description\":\"Hoolivus, Uuendusmeelsus, P\u00e4devus ja Usaldusv\u00e4\u00e4rsus\",\"potentialAction\":[{\"@type\":\"SearchAction\",\"target\":{\"@type\":\"EntryPoint\",\"urlTemplate\":\"https:\\\/\\\/www.kliinikum.ee\\\/stomatoloogia\\\/en\\\/?s={search_term_string}\"},\"query-input\":{\"@type\":\"PropertyValueSpecification\",\"valueRequired\":true,\"valueName\":\"search_term_string\"}}],\"inLanguage\":\"en-US\"}]}<\/script>\n<!-- \/ Yoast SEO plugin. -->","yoast_head_json":{"title":"Dental care provided by students - Stomatoloogia kliinik","robots":{"index":"index","follow":"follow","max-snippet":"max-snippet:-1","max-image-preview":"max-image-preview:large","max-video-preview":"max-video-preview:-1"},"canonical":"https:\/\/www.kliinikum.ee\/stomatoloogia\/en\/patsiendile\/dental-care-provided-by-students\/","og_locale":"en_US","og_type":"article","og_title":"Dental care provided by students - Stomatoloogia kliinik","og_description":"Fall semester (september\u2013december) Institute of Dentistry of the University of Tartu offers an opportunity to receive dental care and prosthodontics (replacement of the teeth with dentures) provided by students during an academic semester. Final year students offer dental procedures under the supervision at a 40% discount from the price list of Tartu University Hospital. Pre-registration [&hellip;]","og_url":"https:\/\/www.kliinikum.ee\/stomatoloogia\/en\/patsiendile\/dental-care-provided-by-students\/","og_site_name":"Stomatoloogia kliinik","article_modified_time":"2023-10-25T11:11:49+00:00","twitter_card":"summary_large_image","twitter_misc":{"Est. reading time":"2 minutes"},"schema":{"@context":"https:\/\/schema.org","@graph":[{"@type":"WebPage","@id":"https:\/\/www.kliinikum.ee\/stomatoloogia\/en\/patsiendile\/dental-care-provided-by-students\/","url":"https:\/\/www.kliinikum.ee\/stomatoloogia\/en\/patsiendile\/dental-care-provided-by-students\/","name":"Dental care provided by students - Stomatoloogia kliinik","isPartOf":{"@id":"https:\/\/www.kliinikum.ee\/stomatoloogia\/en\/#website"},"datePublished":"2023-10-25T11:11:44+00:00","dateModified":"2023-10-25T11:11:49+00:00","breadcrumb":{"@id":"https:\/\/www.kliinikum.ee\/stomatoloogia\/en\/patsiendile\/dental-care-provided-by-students\/#breadcrumb"},"inLanguage":"en-US","potentialAction":[{"@type":"ReadAction","target":["https:\/\/www.kliinikum.ee\/stomatoloogia\/en\/patsiendile\/dental-care-provided-by-students\/"]}]},{"@type":"BreadcrumbList","@id":"https:\/\/www.kliinikum.ee\/stomatoloogia\/en\/patsiendile\/dental-care-provided-by-students\/#breadcrumb","itemListElement":[{"@type":"ListItem","position":1,"name":"Home","item":"https:\/\/www.kliinikum.ee\/stomatoloogia\/en\/avaleht\/"},{"@type":"ListItem","position":2,"name":"For patients","item":"https:\/\/www.kliinikum.ee\/stomatoloogia\/en\/patsiendile\/"},{"@type":"ListItem","position":3,"name":"Dental care provided by students"}]},{"@type":"WebSite","@id":"https:\/\/www.kliinikum.ee\/stomatoloogia\/en\/#website","url":"https:\/\/www.kliinikum.ee\/stomatoloogia\/en\/","name":"Stomatoloogia kliinik","description":"Hoolivus, Uuendusmeelsus, P\u00e4devus ja Usaldusv\u00e4\u00e4rsus","potentialAction":[{"@type":"SearchAction","target":{"@type":"EntryPoint","urlTemplate":"https:\/\/www.kliinikum.ee\/stomatoloogia\/en\/?s={search_term_string}"},"query-input":{"@type":"PropertyValueSpecification","valueRequired":true,"valueName":"search_term_string"}}],"inLanguage":"en-US"}]}},"uagb_featured_image_src":{"full":false,"thumbnail":false,"medium":false,"medium_large":false,"large":false,"1536x1536":false,"2048x2048":false},"uagb_author_info":{"display_name":"Marge Muld","author_link":"https:\/\/www.kliinikum.ee\/stomatoloogia\/en\/author\/margemu\/"},"uagb_comment_info":0,"uagb_excerpt":"Fall semester (september\u2013december) Institute of Dentistry of the University of Tartu offers an opportunity to receive dental care and prosthodontics (replacement of the teeth with dentures) provided by students during an academic semester. Final year students offer dental procedures under the supervision at a 40% discount from the price list of Tartu University Hospital. Pre-registration&hellip;","_links":{"self":[{"href":"https:\/\/www.kliinikum.ee\/stomatoloogia\/en\/wp-json\/wp\/v2\/pages\/10371","targetHints":{"allow":["GET"]}}],"collection":[{"href":"https:\/\/www.kliinikum.ee\/stomatoloogia\/en\/wp-json\/wp\/v2\/pages"}],"about":[{"href":"https:\/\/www.kliinikum.ee\/stomatoloogia\/en\/wp-json\/wp\/v2\/types\/page"}],"author":[{"embeddable":true,"href":"https:\/\/www.kliinikum.ee\/stomatoloogia\/en\/wp-json\/wp\/v2\/users\/30"}],"replies":[{"embeddable":true,"href":"https:\/\/www.kliinikum.ee\/stomatoloogia\/en\/wp-json\/wp\/v2\/comments?post=10371"}],"version-history":[{"count":0,"href":"https:\/\/www.kliinikum.ee\/stomatoloogia\/en\/wp-json\/wp\/v2\/pages\/10371\/revisions"}],"up":[{"embeddable":true,"href":"https:\/\/www.kliinikum.ee\/stomatoloogia\/en\/wp-json\/wp\/v2\/pages\/4609"}],"wp:attachment":[{"href":"https:\/\/www.kliinikum.ee\/stomatoloogia\/en\/wp-json\/wp\/v2\/media?parent=10371"}],"curies":[{"name":"wp","href":"https:\/\/api.w.org\/{rel}","templated":true}]}}