{"id":10375,"date":"2023-10-25T13:16:35","date_gmt":"2023-10-25T11:16:35","guid":{"rendered":"https:\/\/www.kliinikum.ee\/stomatoloogia\/?page_id=10375"},"modified":"2023-10-25T14:22:22","modified_gmt":"2023-10-25T12:22:22","slug":"emergency-dental-care","status":"publish","type":"page","link":"https:\/\/www.kliinikum.ee\/stomatoloogia\/en\/patsiendile\/emergency-dental-care\/","title":{"rendered":"Emergency dental care"},"content":{"rendered":"\n<p><strong>Emergency dental care for children and adults is provided on working days: <\/strong><\/p>\n\n\n\n<p><strong> Mon\u2013Fri 7:30 a.m.\u20137 p.m.<\/strong>&nbsp;at L. Puusepa 1a, 4th floor:&nbsp;<\/p>\n\n\n\n<p>Kindly book your appointment in advance by calling&nbsp;<strong>731 9889.&nbsp;<\/strong><\/p>\n\n\n\n<p>Emergency dental care is provided only to preregistered patients. No walk-ins allowed.<\/p>\n\n\n\n<p><strong>ON WEEKENDS AND PUBLIC HOLIDAYS: appointment bookings from 8:30 a.m., appointments from 9 a.m.\u20131 p.m.<\/strong>, at L. Puusepa 8, Wing J, 1st floor (please enter the building from the entrance on L. Puusepa Street and reception).&nbsp;<\/p>\n\n\n\n<p><strong>Emergency care related to dentures (payable by the patient) on working days<\/strong>:&nbsp;<strong>Mon\u2013Fri from 8 a.m.\u201311 a.m.,&nbsp;<\/strong>at L. Puusepa 1a, 4th floor<\/p>\n\n\n\n<p>Kindly&nbsp;<strong>book your appointment by calling 731 9282.&nbsp;<\/strong><\/p>\n\n\n\n<p class=\"has-medium-font-size\"><strong>We respectfully ask patients to arrive for their appointment in time: Your doctor may be unable to see you if you arrive late.<\/strong><\/p>\n","protected":false},"excerpt":{"rendered":"<p>Emergency dental care for children and adults is provided on working days: Mon\u2013Fri 7:30 a.m.\u20137 p.m.&nbsp;at L. Puusepa 1a, 4th floor:&nbsp; Kindly book your appointment in advance by calling&nbsp;731 9889.&nbsp; Emergency dental care is provided only to preregistered patients. No walk-ins allowed. ON WEEKENDS AND PUBLIC HOLIDAYS: appointment bookings from 8:30 a.m., appointments from 9 [&hellip;]<\/p>\n","protected":false},"author":30,"featured_media":0,"parent":4609,"menu_order":1,"comment_status":"closed","ping_status":"closed","template":"","meta":{"_acf_changed":false,"_uag_custom_page_level_css":"","footnotes":""},"class_list":["post-10375","page","type-page","status-publish","hentry"],"acf":[],"yoast_head":"<!-- This site is optimized with the Yoast SEO plugin v27.3 - https:\/\/yoast.com\/product\/yoast-seo-wordpress\/ -->\n<title>Emergency dental care - Stomatoloogia kliinik<\/title>\n<meta name=\"robots\" content=\"index, follow, max-snippet:-1, max-image-preview:large, max-video-preview:-1\" \/>\n<link rel=\"canonical\" href=\"https:\/\/www.kliinikum.ee\/stomatoloogia\/en\/patsiendile\/emergency-dental-care\/\" \/>\n<meta property=\"og:locale\" content=\"en_US\" \/>\n<meta property=\"og:type\" content=\"article\" \/>\n<meta property=\"og:title\" content=\"Emergency dental care - Stomatoloogia kliinik\" \/>\n<meta property=\"og:description\" content=\"Emergency dental care for children and adults is provided on working days: Mon\u2013Fri 7:30 a.m.\u20137 p.m.&nbsp;at L. Puusepa 1a, 4th floor:&nbsp; Kindly book your appointment in advance by calling&nbsp;731 9889.&nbsp; Emergency dental care is provided only to preregistered patients. No walk-ins allowed. ON WEEKENDS AND PUBLIC HOLIDAYS: appointment bookings from 8:30 a.m., appointments from 9 [&hellip;]\" \/>\n<meta property=\"og:url\" content=\"https:\/\/www.kliinikum.ee\/stomatoloogia\/en\/patsiendile\/emergency-dental-care\/\" \/>\n<meta property=\"og:site_name\" content=\"Stomatoloogia kliinik\" \/>\n<meta property=\"article:modified_time\" content=\"2023-10-25T12:22:22+00:00\" \/>\n<meta name=\"twitter:card\" content=\"summary_large_image\" \/>\n<meta name=\"twitter:label1\" content=\"Est. reading time\" \/>\n\t<meta name=\"twitter:data1\" content=\"1 minute\" \/>\n<script type=\"application\/ld+json\" class=\"yoast-schema-graph\">{\"@context\":\"https:\\\/\\\/schema.org\",\"@graph\":[{\"@type\":\"WebPage\",\"@id\":\"https:\\\/\\\/www.kliinikum.ee\\\/stomatoloogia\\\/en\\\/patsiendile\\\/emergency-dental-care\\\/\",\"url\":\"https:\\\/\\\/www.kliinikum.ee\\\/stomatoloogia\\\/en\\\/patsiendile\\\/emergency-dental-care\\\/\",\"name\":\"Emergency dental care - Stomatoloogia kliinik\",\"isPartOf\":{\"@id\":\"https:\\\/\\\/www.kliinikum.ee\\\/stomatoloogia\\\/en\\\/#website\"},\"datePublished\":\"2023-10-25T11:16:35+00:00\",\"dateModified\":\"2023-10-25T12:22:22+00:00\",\"breadcrumb\":{\"@id\":\"https:\\\/\\\/www.kliinikum.ee\\\/stomatoloogia\\\/en\\\/patsiendile\\\/emergency-dental-care\\\/#breadcrumb\"},\"inLanguage\":\"en-US\",\"potentialAction\":[{\"@type\":\"ReadAction\",\"target\":[\"https:\\\/\\\/www.kliinikum.ee\\\/stomatoloogia\\\/en\\\/patsiendile\\\/emergency-dental-care\\\/\"]}]},{\"@type\":\"BreadcrumbList\",\"@id\":\"https:\\\/\\\/www.kliinikum.ee\\\/stomatoloogia\\\/en\\\/patsiendile\\\/emergency-dental-care\\\/#breadcrumb\",\"itemListElement\":[{\"@type\":\"ListItem\",\"position\":1,\"name\":\"Home\",\"item\":\"https:\\\/\\\/www.kliinikum.ee\\\/stomatoloogia\\\/en\\\/avaleht\\\/\"},{\"@type\":\"ListItem\",\"position\":2,\"name\":\"For patients\",\"item\":\"https:\\\/\\\/www.kliinikum.ee\\\/stomatoloogia\\\/en\\\/patsiendile\\\/\"},{\"@type\":\"ListItem\",\"position\":3,\"name\":\"Emergency dental care\"}]},{\"@type\":\"WebSite\",\"@id\":\"https:\\\/\\\/www.kliinikum.ee\\\/stomatoloogia\\\/en\\\/#website\",\"url\":\"https:\\\/\\\/www.kliinikum.ee\\\/stomatoloogia\\\/en\\\/\",\"name\":\"Stomatoloogia kliinik\",\"description\":\"Hoolivus, Uuendusmeelsus, P\u00e4devus ja Usaldusv\u00e4\u00e4rsus\",\"potentialAction\":[{\"@type\":\"SearchAction\",\"target\":{\"@type\":\"EntryPoint\",\"urlTemplate\":\"https:\\\/\\\/www.kliinikum.ee\\\/stomatoloogia\\\/en\\\/?s={search_term_string}\"},\"query-input\":{\"@type\":\"PropertyValueSpecification\",\"valueRequired\":true,\"valueName\":\"search_term_string\"}}],\"inLanguage\":\"en-US\"}]}<\/script>\n<!-- \/ Yoast SEO plugin. -->","yoast_head_json":{"title":"Emergency dental care - Stomatoloogia kliinik","robots":{"index":"index","follow":"follow","max-snippet":"max-snippet:-1","max-image-preview":"max-image-preview:large","max-video-preview":"max-video-preview:-1"},"canonical":"https:\/\/www.kliinikum.ee\/stomatoloogia\/en\/patsiendile\/emergency-dental-care\/","og_locale":"en_US","og_type":"article","og_title":"Emergency dental care - Stomatoloogia kliinik","og_description":"Emergency dental care for children and adults is provided on working days: Mon\u2013Fri 7:30 a.m.\u20137 p.m.&nbsp;at L. Puusepa 1a, 4th floor:&nbsp; Kindly book your appointment in advance by calling&nbsp;731 9889.&nbsp; Emergency dental care is provided only to preregistered patients. No walk-ins allowed. ON WEEKENDS AND PUBLIC HOLIDAYS: appointment bookings from 8:30 a.m., appointments from 9 [&hellip;]","og_url":"https:\/\/www.kliinikum.ee\/stomatoloogia\/en\/patsiendile\/emergency-dental-care\/","og_site_name":"Stomatoloogia kliinik","article_modified_time":"2023-10-25T12:22:22+00:00","twitter_card":"summary_large_image","twitter_misc":{"Est. reading time":"1 minute"},"schema":{"@context":"https:\/\/schema.org","@graph":[{"@type":"WebPage","@id":"https:\/\/www.kliinikum.ee\/stomatoloogia\/en\/patsiendile\/emergency-dental-care\/","url":"https:\/\/www.kliinikum.ee\/stomatoloogia\/en\/patsiendile\/emergency-dental-care\/","name":"Emergency dental care - Stomatoloogia kliinik","isPartOf":{"@id":"https:\/\/www.kliinikum.ee\/stomatoloogia\/en\/#website"},"datePublished":"2023-10-25T11:16:35+00:00","dateModified":"2023-10-25T12:22:22+00:00","breadcrumb":{"@id":"https:\/\/www.kliinikum.ee\/stomatoloogia\/en\/patsiendile\/emergency-dental-care\/#breadcrumb"},"inLanguage":"en-US","potentialAction":[{"@type":"ReadAction","target":["https:\/\/www.kliinikum.ee\/stomatoloogia\/en\/patsiendile\/emergency-dental-care\/"]}]},{"@type":"BreadcrumbList","@id":"https:\/\/www.kliinikum.ee\/stomatoloogia\/en\/patsiendile\/emergency-dental-care\/#breadcrumb","itemListElement":[{"@type":"ListItem","position":1,"name":"Home","item":"https:\/\/www.kliinikum.ee\/stomatoloogia\/en\/avaleht\/"},{"@type":"ListItem","position":2,"name":"For patients","item":"https:\/\/www.kliinikum.ee\/stomatoloogia\/en\/patsiendile\/"},{"@type":"ListItem","position":3,"name":"Emergency dental care"}]},{"@type":"WebSite","@id":"https:\/\/www.kliinikum.ee\/stomatoloogia\/en\/#website","url":"https:\/\/www.kliinikum.ee\/stomatoloogia\/en\/","name":"Stomatoloogia kliinik","description":"Hoolivus, Uuendusmeelsus, P\u00e4devus ja Usaldusv\u00e4\u00e4rsus","potentialAction":[{"@type":"SearchAction","target":{"@type":"EntryPoint","urlTemplate":"https:\/\/www.kliinikum.ee\/stomatoloogia\/en\/?s={search_term_string}"},"query-input":{"@type":"PropertyValueSpecification","valueRequired":true,"valueName":"search_term_string"}}],"inLanguage":"en-US"}]}},"uagb_featured_image_src":{"full":false,"thumbnail":false,"medium":false,"medium_large":false,"large":false,"1536x1536":false,"2048x2048":false},"uagb_author_info":{"display_name":"Marge Muld","author_link":"https:\/\/www.kliinikum.ee\/stomatoloogia\/en\/author\/margemu\/"},"uagb_comment_info":0,"uagb_excerpt":"Emergency dental care for children and adults is provided on working days: Mon\u2013Fri 7:30 a.m.\u20137 p.m.&nbsp;at L. Puusepa 1a, 4th floor:&nbsp; Kindly book your appointment in advance by calling&nbsp;731 9889.&nbsp; Emergency dental care is provided only to preregistered patients. No walk-ins allowed. ON WEEKENDS AND PUBLIC HOLIDAYS: appointment bookings from 8:30 a.m., appointments from 9&hellip;","_links":{"self":[{"href":"https:\/\/www.kliinikum.ee\/stomatoloogia\/en\/wp-json\/wp\/v2\/pages\/10375","targetHints":{"allow":["GET"]}}],"collection":[{"href":"https:\/\/www.kliinikum.ee\/stomatoloogia\/en\/wp-json\/wp\/v2\/pages"}],"about":[{"href":"https:\/\/www.kliinikum.ee\/stomatoloogia\/en\/wp-json\/wp\/v2\/types\/page"}],"author":[{"embeddable":true,"href":"https:\/\/www.kliinikum.ee\/stomatoloogia\/en\/wp-json\/wp\/v2\/users\/30"}],"replies":[{"embeddable":true,"href":"https:\/\/www.kliinikum.ee\/stomatoloogia\/en\/wp-json\/wp\/v2\/comments?post=10375"}],"version-history":[{"count":0,"href":"https:\/\/www.kliinikum.ee\/stomatoloogia\/en\/wp-json\/wp\/v2\/pages\/10375\/revisions"}],"up":[{"embeddable":true,"href":"https:\/\/www.kliinikum.ee\/stomatoloogia\/en\/wp-json\/wp\/v2\/pages\/4609"}],"wp:attachment":[{"href":"https:\/\/www.kliinikum.ee\/stomatoloogia\/en\/wp-json\/wp\/v2\/media?parent=10375"}],"curies":[{"name":"wp","href":"https:\/\/api.w.org\/{rel}","templated":true}]}}