{"id":10389,"date":"2023-10-31T12:10:50","date_gmt":"2023-10-31T10:10:50","guid":{"rendered":"https:\/\/www.kliinikum.ee\/stomatoloogia\/?page_id=10389"},"modified":"2024-07-29T12:38:18","modified_gmt":"2024-07-29T10:38:18","slug":"dental-laboratory","status":"publish","type":"page","link":"https:\/\/www.kliinikum.ee\/stomatoloogia\/en\/for-partners\/dental-laboratory\/","title":{"rendered":"Dental Laboratory"},"content":{"rendered":"\n<p class=\"has-medium-font-size\">The dental laboratory forms part of the Centre of Prosthodontics and manufactures removable and non-removable dentures, crown and bridge work, night guards and other appliances for the entire Clinic of Dentistry, Institute of Dentistry at Tartu University, and for the Ear Nose and Throat Clinic.<\/p>\n\n\n\n<p class=\"has-medium-font-size\">Upon request, we also accept orders from other institutions and private clinics within Tartu and its surroundings. Kindly request our price list and laboratory request forms via email or in hard copy.<\/p>\n\n\n\n<p class=\"has-medium-font-size\">We produce the following types of appliances:<\/p>\n\n\n\n<ul class=\"wp-block-list\">\n<li>Guards and trays: Bite guards, whitening trays, mouth guards for sports., surgical guards<\/li>\n\n\n\n<li>Complete and Partial Dentures<\/li>\n\n\n\n<li>Implant-Supported Crowns and Bridges, Full Mouth Rehabilitation cases<\/li>\n\n\n\n<li>Zirconium Crowns and Bridges<\/li>\n\n\n\n<li>Porcelain Fused to Metal Crowns and Bridges<\/li>\n\n\n\n<li>Ceramic Crowns<\/li>\n\n\n\n<li>Cast Partial Denture<\/li>\n\n\n\n<li>Orthodontic appliances<\/li>\n\n\n\n<li>Denture Repairs<\/li>\n\n\n\n<li>Custom-made Earpieces<\/li>\n\n\n\n<li>CAD\/CAM (crowns, implant crowns, bridges, casts) using 3Shape and Medit software 3Dprinting and milling.<\/li>\n<\/ul>\n\n\n\n<p class=\"has-medium-font-size\">Please note: Kindly consider the time required to transport all orders outside the Tartu University Hospital. To arrange the pickup or delivery, please call the following phone numbers: +372 731 9381 or +372&nbsp; 731 9385 between 8 a.m. and 3 p.m.&nbsp; Transportation will be arranged for the following morning if ordered after 3 p.m.<\/p>\n\n\n\n<p class=\"has-medium-font-size\"><\/p>\n\n\n\n<figure class=\"wp-block-image size-large\"><img loading=\"lazy\" decoding=\"async\" width=\"1024\" height=\"683\" src=\"https:\/\/www.kliinikum.ee\/stomatoloogia\/wp-content\/uploads\/2024\/07\/Hannele-1024x683.jpg\" alt=\"\" class=\"wp-image-12094\" srcset=\"https:\/\/www.kliinikum.ee\/stomatoloogia\/wp-content\/uploads\/2024\/07\/Hannele-1024x683.jpg 1024w, https:\/\/www.kliinikum.ee\/stomatoloogia\/wp-content\/uploads\/2024\/07\/Hannele-300x200.jpg 300w, https:\/\/www.kliinikum.ee\/stomatoloogia\/wp-content\/uploads\/2024\/07\/Hannele-768x512.jpg 768w, https:\/\/www.kliinikum.ee\/stomatoloogia\/wp-content\/uploads\/2024\/07\/Hannele-1536x1024.jpg 1536w, https:\/\/www.kliinikum.ee\/stomatoloogia\/wp-content\/uploads\/2024\/07\/Hannele-2048x1365.jpg 2048w, https:\/\/www.kliinikum.ee\/stomatoloogia\/wp-content\/uploads\/2024\/07\/Hannele-scaled.jpg 2560w\" sizes=\"auto, (max-width: 1024px) 100vw, 1024px\" \/><\/figure>\n","protected":false},"excerpt":{"rendered":"<p>The dental laboratory forms part of the Centre of Prosthodontics and manufactures removable and non-removable dentures, crown and bridge work, night guards and other appliances for the entire Clinic of Dentistry, Institute of Dentistry at Tartu University, and for the Ear Nose and Throat Clinic. Upon request, we also accept orders from other institutions and [&hellip;]<\/p>\n","protected":false},"author":30,"featured_media":0,"parent":8201,"menu_order":1,"comment_status":"closed","ping_status":"closed","template":"","meta":{"_acf_changed":false,"_uag_custom_page_level_css":"","footnotes":""},"class_list":["post-10389","page","type-page","status-publish","hentry"],"acf":[],"yoast_head":"<!-- This site is optimized with the Yoast SEO plugin v27.3 - https:\/\/yoast.com\/product\/yoast-seo-wordpress\/ -->\n<title>Dental Laboratory - Stomatoloogia kliinik<\/title>\n<meta name=\"robots\" content=\"index, follow, max-snippet:-1, max-image-preview:large, max-video-preview:-1\" \/>\n<link rel=\"canonical\" href=\"https:\/\/www.kliinikum.ee\/stomatoloogia\/en\/for-partners\/dental-laboratory\/\" \/>\n<meta property=\"og:locale\" content=\"en_US\" \/>\n<meta property=\"og:type\" content=\"article\" \/>\n<meta property=\"og:title\" content=\"Dental Laboratory - Stomatoloogia kliinik\" \/>\n<meta property=\"og:description\" content=\"The dental laboratory forms part of the Centre of Prosthodontics and manufactures removable and non-removable dentures, crown and bridge work, night guards and other appliances for the entire Clinic of Dentistry, Institute of Dentistry at Tartu University, and for the Ear Nose and Throat Clinic. Upon request, we also accept orders from other institutions and [&hellip;]\" \/>\n<meta property=\"og:url\" content=\"https:\/\/www.kliinikum.ee\/stomatoloogia\/en\/for-partners\/dental-laboratory\/\" \/>\n<meta property=\"og:site_name\" content=\"Stomatoloogia kliinik\" \/>\n<meta property=\"article:modified_time\" content=\"2024-07-29T10:38:18+00:00\" \/>\n<meta property=\"og:image\" content=\"https:\/\/www.kliinikum.ee\/stomatoloogia\/wp-content\/uploads\/2024\/07\/Hannele-1024x683.jpg\" \/>\n<meta name=\"twitter:card\" content=\"summary_large_image\" \/>\n<meta name=\"twitter:label1\" content=\"Est. reading time\" \/>\n\t<meta name=\"twitter:data1\" content=\"2 minutes\" \/>\n<script type=\"application\/ld+json\" class=\"yoast-schema-graph\">{\"@context\":\"https:\\\/\\\/schema.org\",\"@graph\":[{\"@type\":\"WebPage\",\"@id\":\"https:\\\/\\\/www.kliinikum.ee\\\/stomatoloogia\\\/en\\\/for-partners\\\/dental-laboratory\\\/\",\"url\":\"https:\\\/\\\/www.kliinikum.ee\\\/stomatoloogia\\\/en\\\/for-partners\\\/dental-laboratory\\\/\",\"name\":\"Dental Laboratory - Stomatoloogia kliinik\",\"isPartOf\":{\"@id\":\"https:\\\/\\\/www.kliinikum.ee\\\/stomatoloogia\\\/en\\\/#website\"},\"primaryImageOfPage\":{\"@id\":\"https:\\\/\\\/www.kliinikum.ee\\\/stomatoloogia\\\/en\\\/for-partners\\\/dental-laboratory\\\/#primaryimage\"},\"image\":{\"@id\":\"https:\\\/\\\/www.kliinikum.ee\\\/stomatoloogia\\\/en\\\/for-partners\\\/dental-laboratory\\\/#primaryimage\"},\"thumbnailUrl\":\"https:\\\/\\\/www.kliinikum.ee\\\/stomatoloogia\\\/wp-content\\\/uploads\\\/2024\\\/07\\\/Hannele-1024x683.jpg\",\"datePublished\":\"2023-10-31T10:10:50+00:00\",\"dateModified\":\"2024-07-29T10:38:18+00:00\",\"breadcrumb\":{\"@id\":\"https:\\\/\\\/www.kliinikum.ee\\\/stomatoloogia\\\/en\\\/for-partners\\\/dental-laboratory\\\/#breadcrumb\"},\"inLanguage\":\"en-US\",\"potentialAction\":[{\"@type\":\"ReadAction\",\"target\":[\"https:\\\/\\\/www.kliinikum.ee\\\/stomatoloogia\\\/en\\\/for-partners\\\/dental-laboratory\\\/\"]}]},{\"@type\":\"ImageObject\",\"inLanguage\":\"en-US\",\"@id\":\"https:\\\/\\\/www.kliinikum.ee\\\/stomatoloogia\\\/en\\\/for-partners\\\/dental-laboratory\\\/#primaryimage\",\"url\":\"https:\\\/\\\/www.kliinikum.ee\\\/stomatoloogia\\\/wp-content\\\/uploads\\\/2024\\\/07\\\/Hannele-1024x683.jpg\",\"contentUrl\":\"https:\\\/\\\/www.kliinikum.ee\\\/stomatoloogia\\\/wp-content\\\/uploads\\\/2024\\\/07\\\/Hannele-1024x683.jpg\"},{\"@type\":\"BreadcrumbList\",\"@id\":\"https:\\\/\\\/www.kliinikum.ee\\\/stomatoloogia\\\/en\\\/for-partners\\\/dental-laboratory\\\/#breadcrumb\",\"itemListElement\":[{\"@type\":\"ListItem\",\"position\":1,\"name\":\"Home\",\"item\":\"https:\\\/\\\/www.kliinikum.ee\\\/stomatoloogia\\\/en\\\/avaleht\\\/\"},{\"@type\":\"ListItem\",\"position\":2,\"name\":\"For partners\",\"item\":\"https:\\\/\\\/www.kliinikum.ee\\\/stomatoloogia\\\/en\\\/for-partners\\\/\"},{\"@type\":\"ListItem\",\"position\":3,\"name\":\"Dental Laboratory\"}]},{\"@type\":\"WebSite\",\"@id\":\"https:\\\/\\\/www.kliinikum.ee\\\/stomatoloogia\\\/en\\\/#website\",\"url\":\"https:\\\/\\\/www.kliinikum.ee\\\/stomatoloogia\\\/en\\\/\",\"name\":\"Stomatoloogia kliinik\",\"description\":\"Hoolivus, Uuendusmeelsus, P\u00e4devus ja Usaldusv\u00e4\u00e4rsus\",\"potentialAction\":[{\"@type\":\"SearchAction\",\"target\":{\"@type\":\"EntryPoint\",\"urlTemplate\":\"https:\\\/\\\/www.kliinikum.ee\\\/stomatoloogia\\\/en\\\/?s={search_term_string}\"},\"query-input\":{\"@type\":\"PropertyValueSpecification\",\"valueRequired\":true,\"valueName\":\"search_term_string\"}}],\"inLanguage\":\"en-US\"}]}<\/script>\n<!-- \/ Yoast SEO plugin. -->","yoast_head_json":{"title":"Dental Laboratory - Stomatoloogia kliinik","robots":{"index":"index","follow":"follow","max-snippet":"max-snippet:-1","max-image-preview":"max-image-preview:large","max-video-preview":"max-video-preview:-1"},"canonical":"https:\/\/www.kliinikum.ee\/stomatoloogia\/en\/for-partners\/dental-laboratory\/","og_locale":"en_US","og_type":"article","og_title":"Dental Laboratory - Stomatoloogia kliinik","og_description":"The dental laboratory forms part of the Centre of Prosthodontics and manufactures removable and non-removable dentures, crown and bridge work, night guards and other appliances for the entire Clinic of Dentistry, Institute of Dentistry at Tartu University, and for the Ear Nose and Throat Clinic. Upon request, we also accept orders from other institutions and [&hellip;]","og_url":"https:\/\/www.kliinikum.ee\/stomatoloogia\/en\/for-partners\/dental-laboratory\/","og_site_name":"Stomatoloogia kliinik","article_modified_time":"2024-07-29T10:38:18+00:00","og_image":[{"url":"https:\/\/www.kliinikum.ee\/stomatoloogia\/wp-content\/uploads\/2024\/07\/Hannele-1024x683.jpg","type":"","width":"","height":""}],"twitter_card":"summary_large_image","twitter_misc":{"Est. reading time":"2 minutes"},"schema":{"@context":"https:\/\/schema.org","@graph":[{"@type":"WebPage","@id":"https:\/\/www.kliinikum.ee\/stomatoloogia\/en\/for-partners\/dental-laboratory\/","url":"https:\/\/www.kliinikum.ee\/stomatoloogia\/en\/for-partners\/dental-laboratory\/","name":"Dental Laboratory - Stomatoloogia kliinik","isPartOf":{"@id":"https:\/\/www.kliinikum.ee\/stomatoloogia\/en\/#website"},"primaryImageOfPage":{"@id":"https:\/\/www.kliinikum.ee\/stomatoloogia\/en\/for-partners\/dental-laboratory\/#primaryimage"},"image":{"@id":"https:\/\/www.kliinikum.ee\/stomatoloogia\/en\/for-partners\/dental-laboratory\/#primaryimage"},"thumbnailUrl":"https:\/\/www.kliinikum.ee\/stomatoloogia\/wp-content\/uploads\/2024\/07\/Hannele-1024x683.jpg","datePublished":"2023-10-31T10:10:50+00:00","dateModified":"2024-07-29T10:38:18+00:00","breadcrumb":{"@id":"https:\/\/www.kliinikum.ee\/stomatoloogia\/en\/for-partners\/dental-laboratory\/#breadcrumb"},"inLanguage":"en-US","potentialAction":[{"@type":"ReadAction","target":["https:\/\/www.kliinikum.ee\/stomatoloogia\/en\/for-partners\/dental-laboratory\/"]}]},{"@type":"ImageObject","inLanguage":"en-US","@id":"https:\/\/www.kliinikum.ee\/stomatoloogia\/en\/for-partners\/dental-laboratory\/#primaryimage","url":"https:\/\/www.kliinikum.ee\/stomatoloogia\/wp-content\/uploads\/2024\/07\/Hannele-1024x683.jpg","contentUrl":"https:\/\/www.kliinikum.ee\/stomatoloogia\/wp-content\/uploads\/2024\/07\/Hannele-1024x683.jpg"},{"@type":"BreadcrumbList","@id":"https:\/\/www.kliinikum.ee\/stomatoloogia\/en\/for-partners\/dental-laboratory\/#breadcrumb","itemListElement":[{"@type":"ListItem","position":1,"name":"Home","item":"https:\/\/www.kliinikum.ee\/stomatoloogia\/en\/avaleht\/"},{"@type":"ListItem","position":2,"name":"For partners","item":"https:\/\/www.kliinikum.ee\/stomatoloogia\/en\/for-partners\/"},{"@type":"ListItem","position":3,"name":"Dental Laboratory"}]},{"@type":"WebSite","@id":"https:\/\/www.kliinikum.ee\/stomatoloogia\/en\/#website","url":"https:\/\/www.kliinikum.ee\/stomatoloogia\/en\/","name":"Stomatoloogia kliinik","description":"Hoolivus, Uuendusmeelsus, P\u00e4devus ja Usaldusv\u00e4\u00e4rsus","potentialAction":[{"@type":"SearchAction","target":{"@type":"EntryPoint","urlTemplate":"https:\/\/www.kliinikum.ee\/stomatoloogia\/en\/?s={search_term_string}"},"query-input":{"@type":"PropertyValueSpecification","valueRequired":true,"valueName":"search_term_string"}}],"inLanguage":"en-US"}]}},"uagb_featured_image_src":{"full":false,"thumbnail":false,"medium":false,"medium_large":false,"large":false,"1536x1536":false,"2048x2048":false},"uagb_author_info":{"display_name":"Marge Muld","author_link":"https:\/\/www.kliinikum.ee\/stomatoloogia\/en\/author\/margemu\/"},"uagb_comment_info":0,"uagb_excerpt":"The dental laboratory forms part of the Centre of Prosthodontics and manufactures removable and non-removable dentures, crown and bridge work, night guards and other appliances for the entire Clinic of Dentistry, Institute of Dentistry at Tartu University, and for the Ear Nose and Throat Clinic. Upon request, we also accept orders from other institutions and&hellip;","_links":{"self":[{"href":"https:\/\/www.kliinikum.ee\/stomatoloogia\/en\/wp-json\/wp\/v2\/pages\/10389","targetHints":{"allow":["GET"]}}],"collection":[{"href":"https:\/\/www.kliinikum.ee\/stomatoloogia\/en\/wp-json\/wp\/v2\/pages"}],"about":[{"href":"https:\/\/www.kliinikum.ee\/stomatoloogia\/en\/wp-json\/wp\/v2\/types\/page"}],"author":[{"embeddable":true,"href":"https:\/\/www.kliinikum.ee\/stomatoloogia\/en\/wp-json\/wp\/v2\/users\/30"}],"replies":[{"embeddable":true,"href":"https:\/\/www.kliinikum.ee\/stomatoloogia\/en\/wp-json\/wp\/v2\/comments?post=10389"}],"version-history":[{"count":0,"href":"https:\/\/www.kliinikum.ee\/stomatoloogia\/en\/wp-json\/wp\/v2\/pages\/10389\/revisions"}],"up":[{"embeddable":true,"href":"https:\/\/www.kliinikum.ee\/stomatoloogia\/en\/wp-json\/wp\/v2\/pages\/8201"}],"wp:attachment":[{"href":"https:\/\/www.kliinikum.ee\/stomatoloogia\/en\/wp-json\/wp\/v2\/media?parent=10389"}],"curies":[{"name":"wp","href":"https:\/\/api.w.org\/{rel}","templated":true}]}}