{"id":10393,"date":"2023-10-31T12:16:10","date_gmt":"2023-10-31T10:16:10","guid":{"rendered":"https:\/\/www.kliinikum.ee\/stomatoloogia\/?page_id=10393"},"modified":"2024-08-16T10:38:47","modified_gmt":"2024-08-16T08:38:47","slug":"referral-is-requied-at-the-dentist-appointment","status":"publish","type":"page","link":"https:\/\/www.kliinikum.ee\/stomatoloogia\/en\/for-partners\/referral-is-requied-at-the-dentist-appointment\/","title":{"rendered":"Referral Letter Requirement for Dentist Appointments"},"content":{"rendered":"\n<p><\/p>\n\n\n\n<ul class=\"wp-block-list\">\n<li class=\"has-medium-font-size\">Oral soft tissue lesions<\/li>\n\n\n\n<li class=\"has-medium-font-size\">Incomplete Extractions<\/li>\n<\/ul>\n","protected":false},"excerpt":{"rendered":"","protected":false},"author":30,"featured_media":0,"parent":8201,"menu_order":2,"comment_status":"closed","ping_status":"closed","template":"","meta":{"_acf_changed":false,"_uag_custom_page_level_css":"","footnotes":""},"class_list":["post-10393","page","type-page","status-publish","hentry"],"acf":[],"yoast_head":"<!-- This site is optimized with the Yoast SEO plugin v27.3 - https:\/\/yoast.com\/product\/yoast-seo-wordpress\/ -->\n<title>Referral Letter Requirement for Dentist Appointments - Stomatoloogia kliinik<\/title>\n<meta name=\"robots\" content=\"index, follow, max-snippet:-1, max-image-preview:large, max-video-preview:-1\" \/>\n<link rel=\"canonical\" href=\"https:\/\/www.kliinikum.ee\/stomatoloogia\/en\/for-partners\/referral-is-requied-at-the-dentist-appointment\/\" \/>\n<meta property=\"og:locale\" content=\"en_US\" \/>\n<meta property=\"og:type\" content=\"article\" \/>\n<meta property=\"og:title\" content=\"Referral Letter Requirement for Dentist Appointments - Stomatoloogia kliinik\" \/>\n<meta property=\"og:url\" content=\"https:\/\/www.kliinikum.ee\/stomatoloogia\/en\/for-partners\/referral-is-requied-at-the-dentist-appointment\/\" \/>\n<meta property=\"og:site_name\" content=\"Stomatoloogia kliinik\" \/>\n<meta property=\"article:modified_time\" content=\"2024-08-16T08:38:47+00:00\" \/>\n<meta name=\"twitter:card\" content=\"summary_large_image\" \/>\n<meta name=\"twitter:label1\" content=\"Est. reading time\" \/>\n\t<meta name=\"twitter:data1\" content=\"1 minute\" \/>\n<script type=\"application\/ld+json\" class=\"yoast-schema-graph\">{\"@context\":\"https:\\\/\\\/schema.org\",\"@graph\":[{\"@type\":\"WebPage\",\"@id\":\"https:\\\/\\\/www.kliinikum.ee\\\/stomatoloogia\\\/en\\\/for-partners\\\/referral-is-requied-at-the-dentist-appointment\\\/\",\"url\":\"https:\\\/\\\/www.kliinikum.ee\\\/stomatoloogia\\\/en\\\/for-partners\\\/referral-is-requied-at-the-dentist-appointment\\\/\",\"name\":\"Referral Letter Requirement for Dentist Appointments - Stomatoloogia kliinik\",\"isPartOf\":{\"@id\":\"https:\\\/\\\/www.kliinikum.ee\\\/stomatoloogia\\\/en\\\/#website\"},\"datePublished\":\"2023-10-31T10:16:10+00:00\",\"dateModified\":\"2024-08-16T08:38:47+00:00\",\"breadcrumb\":{\"@id\":\"https:\\\/\\\/www.kliinikum.ee\\\/stomatoloogia\\\/en\\\/for-partners\\\/referral-is-requied-at-the-dentist-appointment\\\/#breadcrumb\"},\"inLanguage\":\"en-US\",\"potentialAction\":[{\"@type\":\"ReadAction\",\"target\":[\"https:\\\/\\\/www.kliinikum.ee\\\/stomatoloogia\\\/en\\\/for-partners\\\/referral-is-requied-at-the-dentist-appointment\\\/\"]}]},{\"@type\":\"BreadcrumbList\",\"@id\":\"https:\\\/\\\/www.kliinikum.ee\\\/stomatoloogia\\\/en\\\/for-partners\\\/referral-is-requied-at-the-dentist-appointment\\\/#breadcrumb\",\"itemListElement\":[{\"@type\":\"ListItem\",\"position\":1,\"name\":\"Home\",\"item\":\"https:\\\/\\\/www.kliinikum.ee\\\/stomatoloogia\\\/en\\\/avaleht\\\/\"},{\"@type\":\"ListItem\",\"position\":2,\"name\":\"For partners\",\"item\":\"https:\\\/\\\/www.kliinikum.ee\\\/stomatoloogia\\\/en\\\/for-partners\\\/\"},{\"@type\":\"ListItem\",\"position\":3,\"name\":\"Referral Letter Requirement for Dentist Appointments\"}]},{\"@type\":\"WebSite\",\"@id\":\"https:\\\/\\\/www.kliinikum.ee\\\/stomatoloogia\\\/en\\\/#website\",\"url\":\"https:\\\/\\\/www.kliinikum.ee\\\/stomatoloogia\\\/en\\\/\",\"name\":\"Stomatoloogia kliinik\",\"description\":\"Hoolivus, Uuendusmeelsus, P\u00e4devus ja Usaldusv\u00e4\u00e4rsus\",\"potentialAction\":[{\"@type\":\"SearchAction\",\"target\":{\"@type\":\"EntryPoint\",\"urlTemplate\":\"https:\\\/\\\/www.kliinikum.ee\\\/stomatoloogia\\\/en\\\/?s={search_term_string}\"},\"query-input\":{\"@type\":\"PropertyValueSpecification\",\"valueRequired\":true,\"valueName\":\"search_term_string\"}}],\"inLanguage\":\"en-US\"}]}<\/script>\n<!-- \/ Yoast SEO plugin. -->","yoast_head_json":{"title":"Referral Letter Requirement for Dentist Appointments - Stomatoloogia kliinik","robots":{"index":"index","follow":"follow","max-snippet":"max-snippet:-1","max-image-preview":"max-image-preview:large","max-video-preview":"max-video-preview:-1"},"canonical":"https:\/\/www.kliinikum.ee\/stomatoloogia\/en\/for-partners\/referral-is-requied-at-the-dentist-appointment\/","og_locale":"en_US","og_type":"article","og_title":"Referral Letter Requirement for Dentist Appointments - Stomatoloogia kliinik","og_url":"https:\/\/www.kliinikum.ee\/stomatoloogia\/en\/for-partners\/referral-is-requied-at-the-dentist-appointment\/","og_site_name":"Stomatoloogia kliinik","article_modified_time":"2024-08-16T08:38:47+00:00","twitter_card":"summary_large_image","twitter_misc":{"Est. reading time":"1 minute"},"schema":{"@context":"https:\/\/schema.org","@graph":[{"@type":"WebPage","@id":"https:\/\/www.kliinikum.ee\/stomatoloogia\/en\/for-partners\/referral-is-requied-at-the-dentist-appointment\/","url":"https:\/\/www.kliinikum.ee\/stomatoloogia\/en\/for-partners\/referral-is-requied-at-the-dentist-appointment\/","name":"Referral Letter Requirement for Dentist Appointments - Stomatoloogia kliinik","isPartOf":{"@id":"https:\/\/www.kliinikum.ee\/stomatoloogia\/en\/#website"},"datePublished":"2023-10-31T10:16:10+00:00","dateModified":"2024-08-16T08:38:47+00:00","breadcrumb":{"@id":"https:\/\/www.kliinikum.ee\/stomatoloogia\/en\/for-partners\/referral-is-requied-at-the-dentist-appointment\/#breadcrumb"},"inLanguage":"en-US","potentialAction":[{"@type":"ReadAction","target":["https:\/\/www.kliinikum.ee\/stomatoloogia\/en\/for-partners\/referral-is-requied-at-the-dentist-appointment\/"]}]},{"@type":"BreadcrumbList","@id":"https:\/\/www.kliinikum.ee\/stomatoloogia\/en\/for-partners\/referral-is-requied-at-the-dentist-appointment\/#breadcrumb","itemListElement":[{"@type":"ListItem","position":1,"name":"Home","item":"https:\/\/www.kliinikum.ee\/stomatoloogia\/en\/avaleht\/"},{"@type":"ListItem","position":2,"name":"For partners","item":"https:\/\/www.kliinikum.ee\/stomatoloogia\/en\/for-partners\/"},{"@type":"ListItem","position":3,"name":"Referral Letter Requirement for Dentist Appointments"}]},{"@type":"WebSite","@id":"https:\/\/www.kliinikum.ee\/stomatoloogia\/en\/#website","url":"https:\/\/www.kliinikum.ee\/stomatoloogia\/en\/","name":"Stomatoloogia kliinik","description":"Hoolivus, Uuendusmeelsus, P\u00e4devus ja Usaldusv\u00e4\u00e4rsus","potentialAction":[{"@type":"SearchAction","target":{"@type":"EntryPoint","urlTemplate":"https:\/\/www.kliinikum.ee\/stomatoloogia\/en\/?s={search_term_string}"},"query-input":{"@type":"PropertyValueSpecification","valueRequired":true,"valueName":"search_term_string"}}],"inLanguage":"en-US"}]}},"uagb_featured_image_src":{"full":false,"thumbnail":false,"medium":false,"medium_large":false,"large":false,"1536x1536":false,"2048x2048":false},"uagb_author_info":{"display_name":"Marge Muld","author_link":"https:\/\/www.kliinikum.ee\/stomatoloogia\/en\/author\/margemu\/"},"uagb_comment_info":0,"uagb_excerpt":null,"_links":{"self":[{"href":"https:\/\/www.kliinikum.ee\/stomatoloogia\/en\/wp-json\/wp\/v2\/pages\/10393","targetHints":{"allow":["GET"]}}],"collection":[{"href":"https:\/\/www.kliinikum.ee\/stomatoloogia\/en\/wp-json\/wp\/v2\/pages"}],"about":[{"href":"https:\/\/www.kliinikum.ee\/stomatoloogia\/en\/wp-json\/wp\/v2\/types\/page"}],"author":[{"embeddable":true,"href":"https:\/\/www.kliinikum.ee\/stomatoloogia\/en\/wp-json\/wp\/v2\/users\/30"}],"replies":[{"embeddable":true,"href":"https:\/\/www.kliinikum.ee\/stomatoloogia\/en\/wp-json\/wp\/v2\/comments?post=10393"}],"version-history":[{"count":0,"href":"https:\/\/www.kliinikum.ee\/stomatoloogia\/en\/wp-json\/wp\/v2\/pages\/10393\/revisions"}],"up":[{"embeddable":true,"href":"https:\/\/www.kliinikum.ee\/stomatoloogia\/en\/wp-json\/wp\/v2\/pages\/8201"}],"wp:attachment":[{"href":"https:\/\/www.kliinikum.ee\/stomatoloogia\/en\/wp-json\/wp\/v2\/media?parent=10393"}],"curies":[{"name":"wp","href":"https:\/\/api.w.org\/{rel}","templated":true}]}}