{"id":12062,"date":"2024-07-23T14:12:30","date_gmt":"2024-07-23T12:12:30","guid":{"rendered":"https:\/\/www.kliinikum.ee\/stomatoloogia\/?page_id=12062"},"modified":"2024-08-16T10:41:46","modified_gmt":"2024-08-16T08:41:46","slug":"feedback-and-acknowledgement","status":"publish","type":"page","link":"https:\/\/www.kliinikum.ee\/stomatoloogia\/en\/patsiendile\/feedback-and-acknowledgement\/","title":{"rendered":"Feedback and Acknowledgement"},"content":{"rendered":"\n<p class=\"has-medium-font-size\">Your feedback and acknowledgement are precious to us! The best way to show appreciation to our staff is to thank and acknowledge them in writing. We welcome all your suggestions and value complaints as an opportunity to improve our daily performance.<\/p>\n\n\n\n<p class=\"has-medium-font-size\">You can leave your Feedback or Acknowledgement &nbsp;<a href=\"https:\/\/www.kliinikum.ee\/patsiendile\/tagasiside\/\">HERE<\/a><\/p>\n","protected":false},"excerpt":{"rendered":"<p>Your feedback and acknowledgement are precious to us! The best way to show appreciation to our staff is to thank and acknowledge them in writing. We welcome all your suggestions and value complaints as an opportunity to improve our daily performance. You can leave your Feedback or Acknowledgement &nbsp;HERE<\/p>\n","protected":false},"author":30,"featured_media":0,"parent":4609,"menu_order":7,"comment_status":"closed","ping_status":"closed","template":"","meta":{"_acf_changed":false,"_uag_custom_page_level_css":"","footnotes":""},"class_list":["post-12062","page","type-page","status-publish","hentry"],"acf":[],"yoast_head":"<!-- This site is optimized with the Yoast SEO plugin v27.3 - https:\/\/yoast.com\/product\/yoast-seo-wordpress\/ -->\n<title>Feedback and Acknowledgement - Stomatoloogia kliinik<\/title>\n<meta name=\"robots\" content=\"index, follow, max-snippet:-1, max-image-preview:large, max-video-preview:-1\" \/>\n<link rel=\"canonical\" href=\"https:\/\/www.kliinikum.ee\/stomatoloogia\/en\/patsiendile\/feedback-and-acknowledgement\/\" \/>\n<meta property=\"og:locale\" content=\"en_US\" \/>\n<meta property=\"og:type\" content=\"article\" \/>\n<meta property=\"og:title\" content=\"Feedback and Acknowledgement - Stomatoloogia kliinik\" \/>\n<meta property=\"og:description\" content=\"Your feedback and acknowledgement are precious to us! The best way to show appreciation to our staff is to thank and acknowledge them in writing. We welcome all your suggestions and value complaints as an opportunity to improve our daily performance. You can leave your Feedback or Acknowledgement &nbsp;HERE\" \/>\n<meta property=\"og:url\" content=\"https:\/\/www.kliinikum.ee\/stomatoloogia\/en\/patsiendile\/feedback-and-acknowledgement\/\" \/>\n<meta property=\"og:site_name\" content=\"Stomatoloogia kliinik\" \/>\n<meta property=\"article:modified_time\" content=\"2024-08-16T08:41:46+00:00\" \/>\n<meta name=\"twitter:card\" content=\"summary_large_image\" \/>\n<meta name=\"twitter:label1\" content=\"Est. reading time\" \/>\n\t<meta name=\"twitter:data1\" content=\"1 minute\" \/>\n<script type=\"application\/ld+json\" class=\"yoast-schema-graph\">{\"@context\":\"https:\\\/\\\/schema.org\",\"@graph\":[{\"@type\":\"WebPage\",\"@id\":\"https:\\\/\\\/www.kliinikum.ee\\\/stomatoloogia\\\/en\\\/patsiendile\\\/feedback-and-acknowledgement\\\/\",\"url\":\"https:\\\/\\\/www.kliinikum.ee\\\/stomatoloogia\\\/en\\\/patsiendile\\\/feedback-and-acknowledgement\\\/\",\"name\":\"Feedback and Acknowledgement - Stomatoloogia kliinik\",\"isPartOf\":{\"@id\":\"https:\\\/\\\/www.kliinikum.ee\\\/stomatoloogia\\\/en\\\/#website\"},\"datePublished\":\"2024-07-23T12:12:30+00:00\",\"dateModified\":\"2024-08-16T08:41:46+00:00\",\"breadcrumb\":{\"@id\":\"https:\\\/\\\/www.kliinikum.ee\\\/stomatoloogia\\\/en\\\/patsiendile\\\/feedback-and-acknowledgement\\\/#breadcrumb\"},\"inLanguage\":\"en-US\",\"potentialAction\":[{\"@type\":\"ReadAction\",\"target\":[\"https:\\\/\\\/www.kliinikum.ee\\\/stomatoloogia\\\/en\\\/patsiendile\\\/feedback-and-acknowledgement\\\/\"]}]},{\"@type\":\"BreadcrumbList\",\"@id\":\"https:\\\/\\\/www.kliinikum.ee\\\/stomatoloogia\\\/en\\\/patsiendile\\\/feedback-and-acknowledgement\\\/#breadcrumb\",\"itemListElement\":[{\"@type\":\"ListItem\",\"position\":1,\"name\":\"Home\",\"item\":\"https:\\\/\\\/www.kliinikum.ee\\\/stomatoloogia\\\/en\\\/avaleht\\\/\"},{\"@type\":\"ListItem\",\"position\":2,\"name\":\"For patients\",\"item\":\"https:\\\/\\\/www.kliinikum.ee\\\/stomatoloogia\\\/en\\\/patsiendile\\\/\"},{\"@type\":\"ListItem\",\"position\":3,\"name\":\"Feedback and Acknowledgement\"}]},{\"@type\":\"WebSite\",\"@id\":\"https:\\\/\\\/www.kliinikum.ee\\\/stomatoloogia\\\/en\\\/#website\",\"url\":\"https:\\\/\\\/www.kliinikum.ee\\\/stomatoloogia\\\/en\\\/\",\"name\":\"Stomatoloogia kliinik\",\"description\":\"Hoolivus, Uuendusmeelsus, P\u00e4devus ja Usaldusv\u00e4\u00e4rsus\",\"potentialAction\":[{\"@type\":\"SearchAction\",\"target\":{\"@type\":\"EntryPoint\",\"urlTemplate\":\"https:\\\/\\\/www.kliinikum.ee\\\/stomatoloogia\\\/en\\\/?s={search_term_string}\"},\"query-input\":{\"@type\":\"PropertyValueSpecification\",\"valueRequired\":true,\"valueName\":\"search_term_string\"}}],\"inLanguage\":\"en-US\"}]}<\/script>\n<!-- \/ Yoast SEO plugin. -->","yoast_head_json":{"title":"Feedback and Acknowledgement - Stomatoloogia kliinik","robots":{"index":"index","follow":"follow","max-snippet":"max-snippet:-1","max-image-preview":"max-image-preview:large","max-video-preview":"max-video-preview:-1"},"canonical":"https:\/\/www.kliinikum.ee\/stomatoloogia\/en\/patsiendile\/feedback-and-acknowledgement\/","og_locale":"en_US","og_type":"article","og_title":"Feedback and Acknowledgement - Stomatoloogia kliinik","og_description":"Your feedback and acknowledgement are precious to us! The best way to show appreciation to our staff is to thank and acknowledge them in writing. We welcome all your suggestions and value complaints as an opportunity to improve our daily performance. You can leave your Feedback or Acknowledgement &nbsp;HERE","og_url":"https:\/\/www.kliinikum.ee\/stomatoloogia\/en\/patsiendile\/feedback-and-acknowledgement\/","og_site_name":"Stomatoloogia kliinik","article_modified_time":"2024-08-16T08:41:46+00:00","twitter_card":"summary_large_image","twitter_misc":{"Est. reading time":"1 minute"},"schema":{"@context":"https:\/\/schema.org","@graph":[{"@type":"WebPage","@id":"https:\/\/www.kliinikum.ee\/stomatoloogia\/en\/patsiendile\/feedback-and-acknowledgement\/","url":"https:\/\/www.kliinikum.ee\/stomatoloogia\/en\/patsiendile\/feedback-and-acknowledgement\/","name":"Feedback and Acknowledgement - Stomatoloogia kliinik","isPartOf":{"@id":"https:\/\/www.kliinikum.ee\/stomatoloogia\/en\/#website"},"datePublished":"2024-07-23T12:12:30+00:00","dateModified":"2024-08-16T08:41:46+00:00","breadcrumb":{"@id":"https:\/\/www.kliinikum.ee\/stomatoloogia\/en\/patsiendile\/feedback-and-acknowledgement\/#breadcrumb"},"inLanguage":"en-US","potentialAction":[{"@type":"ReadAction","target":["https:\/\/www.kliinikum.ee\/stomatoloogia\/en\/patsiendile\/feedback-and-acknowledgement\/"]}]},{"@type":"BreadcrumbList","@id":"https:\/\/www.kliinikum.ee\/stomatoloogia\/en\/patsiendile\/feedback-and-acknowledgement\/#breadcrumb","itemListElement":[{"@type":"ListItem","position":1,"name":"Home","item":"https:\/\/www.kliinikum.ee\/stomatoloogia\/en\/avaleht\/"},{"@type":"ListItem","position":2,"name":"For patients","item":"https:\/\/www.kliinikum.ee\/stomatoloogia\/en\/patsiendile\/"},{"@type":"ListItem","position":3,"name":"Feedback and Acknowledgement"}]},{"@type":"WebSite","@id":"https:\/\/www.kliinikum.ee\/stomatoloogia\/en\/#website","url":"https:\/\/www.kliinikum.ee\/stomatoloogia\/en\/","name":"Stomatoloogia kliinik","description":"Hoolivus, Uuendusmeelsus, P\u00e4devus ja Usaldusv\u00e4\u00e4rsus","potentialAction":[{"@type":"SearchAction","target":{"@type":"EntryPoint","urlTemplate":"https:\/\/www.kliinikum.ee\/stomatoloogia\/en\/?s={search_term_string}"},"query-input":{"@type":"PropertyValueSpecification","valueRequired":true,"valueName":"search_term_string"}}],"inLanguage":"en-US"}]}},"uagb_featured_image_src":{"full":false,"thumbnail":false,"medium":false,"medium_large":false,"large":false,"1536x1536":false,"2048x2048":false},"uagb_author_info":{"display_name":"Marge Muld","author_link":"https:\/\/www.kliinikum.ee\/stomatoloogia\/en\/author\/margemu\/"},"uagb_comment_info":0,"uagb_excerpt":"Your feedback and acknowledgement are precious to us! The best way to show appreciation to our staff is to thank and acknowledge them in writing. We welcome all your suggestions and value complaints as an opportunity to improve our daily performance. You can leave your Feedback or Acknowledgement &nbsp;HERE","_links":{"self":[{"href":"https:\/\/www.kliinikum.ee\/stomatoloogia\/en\/wp-json\/wp\/v2\/pages\/12062","targetHints":{"allow":["GET"]}}],"collection":[{"href":"https:\/\/www.kliinikum.ee\/stomatoloogia\/en\/wp-json\/wp\/v2\/pages"}],"about":[{"href":"https:\/\/www.kliinikum.ee\/stomatoloogia\/en\/wp-json\/wp\/v2\/types\/page"}],"author":[{"embeddable":true,"href":"https:\/\/www.kliinikum.ee\/stomatoloogia\/en\/wp-json\/wp\/v2\/users\/30"}],"replies":[{"embeddable":true,"href":"https:\/\/www.kliinikum.ee\/stomatoloogia\/en\/wp-json\/wp\/v2\/comments?post=12062"}],"version-history":[{"count":0,"href":"https:\/\/www.kliinikum.ee\/stomatoloogia\/en\/wp-json\/wp\/v2\/pages\/12062\/revisions"}],"up":[{"embeddable":true,"href":"https:\/\/www.kliinikum.ee\/stomatoloogia\/en\/wp-json\/wp\/v2\/pages\/4609"}],"wp:attachment":[{"href":"https:\/\/www.kliinikum.ee\/stomatoloogia\/en\/wp-json\/wp\/v2\/media?parent=12062"}],"curies":[{"name":"wp","href":"https:\/\/api.w.org\/{rel}","templated":true}]}}