{"id":12109,"date":"2024-07-30T09:40:31","date_gmt":"2024-07-30T07:40:31","guid":{"rendered":"https:\/\/www.kliinikum.ee\/stomatoloogia\/?page_id=12109"},"modified":"2024-07-30T09:40:36","modified_gmt":"2024-07-30T07:40:36","slug":"denture-repairs","status":"publish","type":"page","link":"https:\/\/www.kliinikum.ee\/stomatoloogia\/en\/for-partners\/dental-laboratory\/denture-repairs\/","title":{"rendered":"Denture Repairs"},"content":{"rendered":"\n<p class=\"has-medium-font-size\">Broken dentures can be a major inconvenience. If the work reaches the laboratory before 11:00 a.m., simple denture repairs will be completed on the same day and returned to the patient between 1 p.m. and 2&nbsp; p.m.<\/p>\n\n\n\n<p class=\"has-medium-font-size\">Simple denture repairs include:<\/p>\n\n\n\n<ul class=\"wp-block-list\">\n<li class=\"has-medium-font-size\">Minor cracks or fracture lines<\/li>\n\n\n\n<li class=\"has-medium-font-size\">Adding or repositioning one to four teeth<\/li>\n<\/ul>\n\n\n\n<p class=\"has-medium-font-size\">Complex repairs require more time and can only returned the next day. An additional two days may be necessary for larger laser welding jobs.<\/p>\n\n\n\n<p class=\"has-medium-font-size\">Complex repairs include:<\/p>\n\n\n\n<ul class=\"wp-block-list\">\n<li class=\"has-medium-font-size\">Rebasing and relining<\/li>\n\n\n\n<li class=\"has-medium-font-size\">Laser welding<\/li>\n<\/ul>\n\n\n\n<p class=\"has-medium-font-size\">Any repair requests received after 3 p.m. are processed within the following working day.<\/p>\n","protected":false},"excerpt":{"rendered":"<p>Broken dentures can be a major inconvenience. If the work reaches the laboratory before 11:00 a.m., simple denture repairs will be completed on the same day and returned to the patient between 1 p.m. and 2&nbsp; p.m. Simple denture repairs include: Complex repairs require more time and can only returned the next day. An additional [&hellip;]<\/p>\n","protected":false},"author":30,"featured_media":0,"parent":10389,"menu_order":1,"comment_status":"closed","ping_status":"closed","template":"","meta":{"_acf_changed":false,"_uag_custom_page_level_css":"","footnotes":""},"class_list":["post-12109","page","type-page","status-publish","hentry"],"acf":[],"yoast_head":"<!-- This site is optimized with the Yoast SEO plugin v27.3 - https:\/\/yoast.com\/product\/yoast-seo-wordpress\/ -->\n<title>Denture Repairs - Stomatoloogia kliinik<\/title>\n<meta name=\"robots\" content=\"index, follow, max-snippet:-1, max-image-preview:large, max-video-preview:-1\" \/>\n<link rel=\"canonical\" href=\"https:\/\/www.kliinikum.ee\/stomatoloogia\/en\/for-partners\/dental-laboratory\/denture-repairs\/\" \/>\n<meta property=\"og:locale\" content=\"en_US\" \/>\n<meta property=\"og:type\" content=\"article\" \/>\n<meta property=\"og:title\" content=\"Denture Repairs - Stomatoloogia kliinik\" \/>\n<meta property=\"og:description\" content=\"Broken dentures can be a major inconvenience. If the work reaches the laboratory before 11:00 a.m., simple denture repairs will be completed on the same day and returned to the patient between 1 p.m. and 2&nbsp; p.m. Simple denture repairs include: Complex repairs require more time and can only returned the next day. An additional [&hellip;]\" \/>\n<meta property=\"og:url\" content=\"https:\/\/www.kliinikum.ee\/stomatoloogia\/en\/for-partners\/dental-laboratory\/denture-repairs\/\" \/>\n<meta property=\"og:site_name\" content=\"Stomatoloogia kliinik\" \/>\n<meta property=\"article:modified_time\" content=\"2024-07-30T07:40:36+00:00\" \/>\n<meta name=\"twitter:card\" content=\"summary_large_image\" \/>\n<meta name=\"twitter:label1\" content=\"Est. reading time\" \/>\n\t<meta name=\"twitter:data1\" content=\"1 minute\" \/>\n<script type=\"application\/ld+json\" class=\"yoast-schema-graph\">{\"@context\":\"https:\\\/\\\/schema.org\",\"@graph\":[{\"@type\":\"WebPage\",\"@id\":\"https:\\\/\\\/www.kliinikum.ee\\\/stomatoloogia\\\/en\\\/for-partners\\\/dental-laboratory\\\/denture-repairs\\\/\",\"url\":\"https:\\\/\\\/www.kliinikum.ee\\\/stomatoloogia\\\/en\\\/for-partners\\\/dental-laboratory\\\/denture-repairs\\\/\",\"name\":\"Denture Repairs - Stomatoloogia kliinik\",\"isPartOf\":{\"@id\":\"https:\\\/\\\/www.kliinikum.ee\\\/stomatoloogia\\\/en\\\/#website\"},\"datePublished\":\"2024-07-30T07:40:31+00:00\",\"dateModified\":\"2024-07-30T07:40:36+00:00\",\"breadcrumb\":{\"@id\":\"https:\\\/\\\/www.kliinikum.ee\\\/stomatoloogia\\\/en\\\/for-partners\\\/dental-laboratory\\\/denture-repairs\\\/#breadcrumb\"},\"inLanguage\":\"en-US\",\"potentialAction\":[{\"@type\":\"ReadAction\",\"target\":[\"https:\\\/\\\/www.kliinikum.ee\\\/stomatoloogia\\\/en\\\/for-partners\\\/dental-laboratory\\\/denture-repairs\\\/\"]}]},{\"@type\":\"BreadcrumbList\",\"@id\":\"https:\\\/\\\/www.kliinikum.ee\\\/stomatoloogia\\\/en\\\/for-partners\\\/dental-laboratory\\\/denture-repairs\\\/#breadcrumb\",\"itemListElement\":[{\"@type\":\"ListItem\",\"position\":1,\"name\":\"Home\",\"item\":\"https:\\\/\\\/www.kliinikum.ee\\\/stomatoloogia\\\/en\\\/avaleht\\\/\"},{\"@type\":\"ListItem\",\"position\":2,\"name\":\"For partners\",\"item\":\"https:\\\/\\\/www.kliinikum.ee\\\/stomatoloogia\\\/en\\\/for-partners\\\/\"},{\"@type\":\"ListItem\",\"position\":3,\"name\":\"Dental Laboratory\",\"item\":\"https:\\\/\\\/www.kliinikum.ee\\\/stomatoloogia\\\/en\\\/for-partners\\\/dental-laboratory\\\/\"},{\"@type\":\"ListItem\",\"position\":4,\"name\":\"Denture Repairs\"}]},{\"@type\":\"WebSite\",\"@id\":\"https:\\\/\\\/www.kliinikum.ee\\\/stomatoloogia\\\/en\\\/#website\",\"url\":\"https:\\\/\\\/www.kliinikum.ee\\\/stomatoloogia\\\/en\\\/\",\"name\":\"Stomatoloogia kliinik\",\"description\":\"Hoolivus, Uuendusmeelsus, P\u00e4devus ja Usaldusv\u00e4\u00e4rsus\",\"potentialAction\":[{\"@type\":\"SearchAction\",\"target\":{\"@type\":\"EntryPoint\",\"urlTemplate\":\"https:\\\/\\\/www.kliinikum.ee\\\/stomatoloogia\\\/en\\\/?s={search_term_string}\"},\"query-input\":{\"@type\":\"PropertyValueSpecification\",\"valueRequired\":true,\"valueName\":\"search_term_string\"}}],\"inLanguage\":\"en-US\"}]}<\/script>\n<!-- \/ Yoast SEO plugin. -->","yoast_head_json":{"title":"Denture Repairs - Stomatoloogia kliinik","robots":{"index":"index","follow":"follow","max-snippet":"max-snippet:-1","max-image-preview":"max-image-preview:large","max-video-preview":"max-video-preview:-1"},"canonical":"https:\/\/www.kliinikum.ee\/stomatoloogia\/en\/for-partners\/dental-laboratory\/denture-repairs\/","og_locale":"en_US","og_type":"article","og_title":"Denture Repairs - Stomatoloogia kliinik","og_description":"Broken dentures can be a major inconvenience. If the work reaches the laboratory before 11:00 a.m., simple denture repairs will be completed on the same day and returned to the patient between 1 p.m. and 2&nbsp; p.m. Simple denture repairs include: Complex repairs require more time and can only returned the next day. An additional [&hellip;]","og_url":"https:\/\/www.kliinikum.ee\/stomatoloogia\/en\/for-partners\/dental-laboratory\/denture-repairs\/","og_site_name":"Stomatoloogia kliinik","article_modified_time":"2024-07-30T07:40:36+00:00","twitter_card":"summary_large_image","twitter_misc":{"Est. reading time":"1 minute"},"schema":{"@context":"https:\/\/schema.org","@graph":[{"@type":"WebPage","@id":"https:\/\/www.kliinikum.ee\/stomatoloogia\/en\/for-partners\/dental-laboratory\/denture-repairs\/","url":"https:\/\/www.kliinikum.ee\/stomatoloogia\/en\/for-partners\/dental-laboratory\/denture-repairs\/","name":"Denture Repairs - Stomatoloogia kliinik","isPartOf":{"@id":"https:\/\/www.kliinikum.ee\/stomatoloogia\/en\/#website"},"datePublished":"2024-07-30T07:40:31+00:00","dateModified":"2024-07-30T07:40:36+00:00","breadcrumb":{"@id":"https:\/\/www.kliinikum.ee\/stomatoloogia\/en\/for-partners\/dental-laboratory\/denture-repairs\/#breadcrumb"},"inLanguage":"en-US","potentialAction":[{"@type":"ReadAction","target":["https:\/\/www.kliinikum.ee\/stomatoloogia\/en\/for-partners\/dental-laboratory\/denture-repairs\/"]}]},{"@type":"BreadcrumbList","@id":"https:\/\/www.kliinikum.ee\/stomatoloogia\/en\/for-partners\/dental-laboratory\/denture-repairs\/#breadcrumb","itemListElement":[{"@type":"ListItem","position":1,"name":"Home","item":"https:\/\/www.kliinikum.ee\/stomatoloogia\/en\/avaleht\/"},{"@type":"ListItem","position":2,"name":"For partners","item":"https:\/\/www.kliinikum.ee\/stomatoloogia\/en\/for-partners\/"},{"@type":"ListItem","position":3,"name":"Dental Laboratory","item":"https:\/\/www.kliinikum.ee\/stomatoloogia\/en\/for-partners\/dental-laboratory\/"},{"@type":"ListItem","position":4,"name":"Denture Repairs"}]},{"@type":"WebSite","@id":"https:\/\/www.kliinikum.ee\/stomatoloogia\/en\/#website","url":"https:\/\/www.kliinikum.ee\/stomatoloogia\/en\/","name":"Stomatoloogia kliinik","description":"Hoolivus, Uuendusmeelsus, P\u00e4devus ja Usaldusv\u00e4\u00e4rsus","potentialAction":[{"@type":"SearchAction","target":{"@type":"EntryPoint","urlTemplate":"https:\/\/www.kliinikum.ee\/stomatoloogia\/en\/?s={search_term_string}"},"query-input":{"@type":"PropertyValueSpecification","valueRequired":true,"valueName":"search_term_string"}}],"inLanguage":"en-US"}]}},"uagb_featured_image_src":{"full":false,"thumbnail":false,"medium":false,"medium_large":false,"large":false,"1536x1536":false,"2048x2048":false},"uagb_author_info":{"display_name":"Marge Muld","author_link":"https:\/\/www.kliinikum.ee\/stomatoloogia\/en\/author\/margemu\/"},"uagb_comment_info":0,"uagb_excerpt":"Broken dentures can be a major inconvenience. If the work reaches the laboratory before 11:00 a.m., simple denture repairs will be completed on the same day and returned to the patient between 1 p.m. and 2&nbsp; p.m. Simple denture repairs include: Complex repairs require more time and can only returned the next day. An additional&hellip;","_links":{"self":[{"href":"https:\/\/www.kliinikum.ee\/stomatoloogia\/en\/wp-json\/wp\/v2\/pages\/12109","targetHints":{"allow":["GET"]}}],"collection":[{"href":"https:\/\/www.kliinikum.ee\/stomatoloogia\/en\/wp-json\/wp\/v2\/pages"}],"about":[{"href":"https:\/\/www.kliinikum.ee\/stomatoloogia\/en\/wp-json\/wp\/v2\/types\/page"}],"author":[{"embeddable":true,"href":"https:\/\/www.kliinikum.ee\/stomatoloogia\/en\/wp-json\/wp\/v2\/users\/30"}],"replies":[{"embeddable":true,"href":"https:\/\/www.kliinikum.ee\/stomatoloogia\/en\/wp-json\/wp\/v2\/comments?post=12109"}],"version-history":[{"count":0,"href":"https:\/\/www.kliinikum.ee\/stomatoloogia\/en\/wp-json\/wp\/v2\/pages\/12109\/revisions"}],"up":[{"embeddable":true,"href":"https:\/\/www.kliinikum.ee\/stomatoloogia\/en\/wp-json\/wp\/v2\/pages\/10389"}],"wp:attachment":[{"href":"https:\/\/www.kliinikum.ee\/stomatoloogia\/en\/wp-json\/wp\/v2\/media?parent=12109"}],"curies":[{"name":"wp","href":"https:\/\/api.w.org\/{rel}","templated":true}]}}