{"id":8206,"date":"2023-03-30T10:18:25","date_gmt":"2023-03-30T08:18:25","guid":{"rendered":"https:\/\/www.kliinikum.ee\/stomatoloogia\/research-and-teaching\/"},"modified":"2023-07-27T14:21:29","modified_gmt":"2023-07-27T12:21:29","slug":"research-and-teaching","status":"publish","type":"page","link":"https:\/\/www.kliinikum.ee\/stomatoloogia\/en\/research-and-teaching\/","title":{"rendered":"Research and teaching"},"content":{"rendered":"\n<h2 class=\"wp-block-heading\">The Institute of Dentistry of the University of Tartu<\/h2>\n\n<p class=\"has-medium-font-size\">Information about the Institute of Dentistry of the University of Tartu can be found at: <a href=\"https:\/\/hambaarstiteadus.ut.ee\/et\">https:\/\/hambaarstiteadus.ut.ee\/et<\/a>   <\/p>\n\n<div class=\"wp-block-uagb-container uagb-block-1fecfcce alignfull uagb-is-root-container\"><div class=\"uagb-container-inner-blocks-wrap\">\n<div class=\"wp-block-uagb-container uagb-block-d9c4f58e\">\n<figure class=\"wp-block-image size-large\"><img loading=\"lazy\" decoding=\"async\" width=\"1024\" height=\"683\" src=\"https:\/\/www.kliinikum.ee\/stomatoloogia\/wp-content\/uploads\/2023\/04\/dr-Voog-1024x683.jpg\" alt=\"\" class=\"wp-image-6701\" srcset=\"https:\/\/www.kliinikum.ee\/stomatoloogia\/wp-content\/uploads\/2023\/04\/dr-Voog-1024x683.jpg 1024w, https:\/\/www.kliinikum.ee\/stomatoloogia\/wp-content\/uploads\/2023\/04\/dr-Voog-300x200.jpg 300w, https:\/\/www.kliinikum.ee\/stomatoloogia\/wp-content\/uploads\/2023\/04\/dr-Voog-768x512.jpg 768w, https:\/\/www.kliinikum.ee\/stomatoloogia\/wp-content\/uploads\/2023\/04\/dr-Voog-1536x1024.jpg 1536w, https:\/\/www.kliinikum.ee\/stomatoloogia\/wp-content\/uploads\/2023\/04\/dr-Voog-2048x1365.jpg 2048w, https:\/\/www.kliinikum.ee\/stomatoloogia\/wp-content\/uploads\/2023\/04\/dr-Voog-scaled.jpg 2560w\" sizes=\"auto, (max-width: 1024px) 100vw, 1024px\" \/><\/figure>\n<\/div>\n\n\n\n<div class=\"wp-block-uagb-container uagb-block-185fa8d0\">\n<figure class=\"wp-block-image size-large\"><img loading=\"lazy\" decoding=\"async\" width=\"1024\" height=\"683\" src=\"https:\/\/www.kliinikum.ee\/stomatoloogia\/wp-content\/uploads\/2023\/04\/dr-Voog2-1024x683.jpg\" alt=\"\" class=\"wp-image-6704\" srcset=\"https:\/\/www.kliinikum.ee\/stomatoloogia\/wp-content\/uploads\/2023\/04\/dr-Voog2-1024x683.jpg 1024w, https:\/\/www.kliinikum.ee\/stomatoloogia\/wp-content\/uploads\/2023\/04\/dr-Voog2-300x200.jpg 300w, https:\/\/www.kliinikum.ee\/stomatoloogia\/wp-content\/uploads\/2023\/04\/dr-Voog2-768x512.jpg 768w, https:\/\/www.kliinikum.ee\/stomatoloogia\/wp-content\/uploads\/2023\/04\/dr-Voog2-1536x1024.jpg 1536w, https:\/\/www.kliinikum.ee\/stomatoloogia\/wp-content\/uploads\/2023\/04\/dr-Voog2-2048x1365.jpg 2048w, https:\/\/www.kliinikum.ee\/stomatoloogia\/wp-content\/uploads\/2023\/04\/dr-Voog2-scaled.jpg 2560w\" sizes=\"auto, (max-width: 1024px) 100vw, 1024px\" \/><\/figure>\n<\/div>\n\n\n\n<div class=\"wp-block-uagb-container uagb-block-dde2d22c\">\n<figure class=\"wp-block-image size-large\"><img loading=\"lazy\" decoding=\"async\" width=\"1024\" height=\"683\" src=\"https:\/\/www.kliinikum.ee\/stomatoloogia\/wp-content\/uploads\/2023\/04\/Ulip2-1024x683.jpg\" alt=\"\" class=\"wp-image-6707\" srcset=\"https:\/\/www.kliinikum.ee\/stomatoloogia\/wp-content\/uploads\/2023\/04\/Ulip2-1024x683.jpg 1024w, https:\/\/www.kliinikum.ee\/stomatoloogia\/wp-content\/uploads\/2023\/04\/Ulip2-300x200.jpg 300w, https:\/\/www.kliinikum.ee\/stomatoloogia\/wp-content\/uploads\/2023\/04\/Ulip2-768x512.jpg 768w, https:\/\/www.kliinikum.ee\/stomatoloogia\/wp-content\/uploads\/2023\/04\/Ulip2-1536x1024.jpg 1536w, https:\/\/www.kliinikum.ee\/stomatoloogia\/wp-content\/uploads\/2023\/04\/Ulip2-2048x1365.jpg 2048w, https:\/\/www.kliinikum.ee\/stomatoloogia\/wp-content\/uploads\/2023\/04\/Ulip2-scaled.jpg 2560w\" sizes=\"auto, (max-width: 1024px) 100vw, 1024px\" \/><\/figure>\n<\/div>\n<\/div><\/div>\n","protected":false},"excerpt":{"rendered":"<p>The Institute of Dentistry of the University of Tartu Information about the Institute of Dentistry of the University of Tartu can be found at: https:\/\/hambaarstiteadus.ut.ee\/et<\/p>\n","protected":false},"author":34,"featured_media":0,"parent":0,"menu_order":5,"comment_status":"closed","ping_status":"closed","template":"","meta":{"_acf_changed":false,"_uag_custom_page_level_css":"","footnotes":""},"class_list":["post-8206","page","type-page","status-publish","hentry"],"acf":[],"yoast_head":"<!-- This site is optimized with the Yoast SEO plugin v27.3 - https:\/\/yoast.com\/product\/yoast-seo-wordpress\/ -->\n<title>Research and teaching - Stomatoloogia kliinik<\/title>\n<meta name=\"robots\" content=\"index, follow, max-snippet:-1, max-image-preview:large, max-video-preview:-1\" \/>\n<link rel=\"canonical\" href=\"https:\/\/www.kliinikum.ee\/stomatoloogia\/en\/research-and-teaching\/\" \/>\n<meta property=\"og:locale\" content=\"en_US\" \/>\n<meta property=\"og:type\" content=\"article\" \/>\n<meta property=\"og:title\" content=\"Research and teaching - Stomatoloogia kliinik\" \/>\n<meta property=\"og:description\" content=\"The Institute of Dentistry of the University of Tartu Information about the Institute of Dentistry of the University of Tartu can be found at: https:\/\/hambaarstiteadus.ut.ee\/et\" \/>\n<meta property=\"og:url\" content=\"https:\/\/www.kliinikum.ee\/stomatoloogia\/en\/research-and-teaching\/\" \/>\n<meta property=\"og:site_name\" content=\"Stomatoloogia kliinik\" \/>\n<meta property=\"article:modified_time\" content=\"2023-07-27T12:21:29+00:00\" \/>\n<meta property=\"og:image\" content=\"https:\/\/www.kliinikum.ee\/stomatoloogia\/wp-content\/uploads\/2023\/04\/dr-Voog-1024x683.jpg\" \/>\n<meta name=\"twitter:card\" content=\"summary_large_image\" \/>\n<script type=\"application\/ld+json\" class=\"yoast-schema-graph\">{\"@context\":\"https:\\\/\\\/schema.org\",\"@graph\":[{\"@type\":\"WebPage\",\"@id\":\"https:\\\/\\\/www.kliinikum.ee\\\/stomatoloogia\\\/en\\\/research-and-teaching\\\/\",\"url\":\"https:\\\/\\\/www.kliinikum.ee\\\/stomatoloogia\\\/en\\\/research-and-teaching\\\/\",\"name\":\"Research and teaching - Stomatoloogia kliinik\",\"isPartOf\":{\"@id\":\"https:\\\/\\\/www.kliinikum.ee\\\/stomatoloogia\\\/en\\\/#website\"},\"primaryImageOfPage\":{\"@id\":\"https:\\\/\\\/www.kliinikum.ee\\\/stomatoloogia\\\/en\\\/research-and-teaching\\\/#primaryimage\"},\"image\":{\"@id\":\"https:\\\/\\\/www.kliinikum.ee\\\/stomatoloogia\\\/en\\\/research-and-teaching\\\/#primaryimage\"},\"thumbnailUrl\":\"https:\\\/\\\/www.kliinikum.ee\\\/stomatoloogia\\\/wp-content\\\/uploads\\\/2023\\\/04\\\/dr-Voog-1024x683.jpg\",\"datePublished\":\"2023-03-30T08:18:25+00:00\",\"dateModified\":\"2023-07-27T12:21:29+00:00\",\"breadcrumb\":{\"@id\":\"https:\\\/\\\/www.kliinikum.ee\\\/stomatoloogia\\\/en\\\/research-and-teaching\\\/#breadcrumb\"},\"inLanguage\":\"en-US\",\"potentialAction\":[{\"@type\":\"ReadAction\",\"target\":[\"https:\\\/\\\/www.kliinikum.ee\\\/stomatoloogia\\\/en\\\/research-and-teaching\\\/\"]}]},{\"@type\":\"ImageObject\",\"inLanguage\":\"en-US\",\"@id\":\"https:\\\/\\\/www.kliinikum.ee\\\/stomatoloogia\\\/en\\\/research-and-teaching\\\/#primaryimage\",\"url\":\"https:\\\/\\\/www.kliinikum.ee\\\/stomatoloogia\\\/wp-content\\\/uploads\\\/2023\\\/04\\\/dr-Voog-1024x683.jpg\",\"contentUrl\":\"https:\\\/\\\/www.kliinikum.ee\\\/stomatoloogia\\\/wp-content\\\/uploads\\\/2023\\\/04\\\/dr-Voog-1024x683.jpg\"},{\"@type\":\"BreadcrumbList\",\"@id\":\"https:\\\/\\\/www.kliinikum.ee\\\/stomatoloogia\\\/en\\\/research-and-teaching\\\/#breadcrumb\",\"itemListElement\":[{\"@type\":\"ListItem\",\"position\":1,\"name\":\"Home\",\"item\":\"https:\\\/\\\/www.kliinikum.ee\\\/stomatoloogia\\\/en\\\/avaleht\\\/\"},{\"@type\":\"ListItem\",\"position\":2,\"name\":\"Research and teaching\"}]},{\"@type\":\"WebSite\",\"@id\":\"https:\\\/\\\/www.kliinikum.ee\\\/stomatoloogia\\\/en\\\/#website\",\"url\":\"https:\\\/\\\/www.kliinikum.ee\\\/stomatoloogia\\\/en\\\/\",\"name\":\"Stomatoloogia kliinik\",\"description\":\"Hoolivus, Uuendusmeelsus, P\u00e4devus ja Usaldusv\u00e4\u00e4rsus\",\"potentialAction\":[{\"@type\":\"SearchAction\",\"target\":{\"@type\":\"EntryPoint\",\"urlTemplate\":\"https:\\\/\\\/www.kliinikum.ee\\\/stomatoloogia\\\/en\\\/?s={search_term_string}\"},\"query-input\":{\"@type\":\"PropertyValueSpecification\",\"valueRequired\":true,\"valueName\":\"search_term_string\"}}],\"inLanguage\":\"en-US\"}]}<\/script>\n<!-- \/ Yoast SEO plugin. -->","yoast_head_json":{"title":"Research and teaching - Stomatoloogia kliinik","robots":{"index":"index","follow":"follow","max-snippet":"max-snippet:-1","max-image-preview":"max-image-preview:large","max-video-preview":"max-video-preview:-1"},"canonical":"https:\/\/www.kliinikum.ee\/stomatoloogia\/en\/research-and-teaching\/","og_locale":"en_US","og_type":"article","og_title":"Research and teaching - Stomatoloogia kliinik","og_description":"The Institute of Dentistry of the University of Tartu Information about the Institute of Dentistry of the University of Tartu can be found at: https:\/\/hambaarstiteadus.ut.ee\/et","og_url":"https:\/\/www.kliinikum.ee\/stomatoloogia\/en\/research-and-teaching\/","og_site_name":"Stomatoloogia kliinik","article_modified_time":"2023-07-27T12:21:29+00:00","og_image":[{"url":"https:\/\/www.kliinikum.ee\/stomatoloogia\/wp-content\/uploads\/2023\/04\/dr-Voog-1024x683.jpg","type":"","width":"","height":""}],"twitter_card":"summary_large_image","schema":{"@context":"https:\/\/schema.org","@graph":[{"@type":"WebPage","@id":"https:\/\/www.kliinikum.ee\/stomatoloogia\/en\/research-and-teaching\/","url":"https:\/\/www.kliinikum.ee\/stomatoloogia\/en\/research-and-teaching\/","name":"Research and teaching - Stomatoloogia kliinik","isPartOf":{"@id":"https:\/\/www.kliinikum.ee\/stomatoloogia\/en\/#website"},"primaryImageOfPage":{"@id":"https:\/\/www.kliinikum.ee\/stomatoloogia\/en\/research-and-teaching\/#primaryimage"},"image":{"@id":"https:\/\/www.kliinikum.ee\/stomatoloogia\/en\/research-and-teaching\/#primaryimage"},"thumbnailUrl":"https:\/\/www.kliinikum.ee\/stomatoloogia\/wp-content\/uploads\/2023\/04\/dr-Voog-1024x683.jpg","datePublished":"2023-03-30T08:18:25+00:00","dateModified":"2023-07-27T12:21:29+00:00","breadcrumb":{"@id":"https:\/\/www.kliinikum.ee\/stomatoloogia\/en\/research-and-teaching\/#breadcrumb"},"inLanguage":"en-US","potentialAction":[{"@type":"ReadAction","target":["https:\/\/www.kliinikum.ee\/stomatoloogia\/en\/research-and-teaching\/"]}]},{"@type":"ImageObject","inLanguage":"en-US","@id":"https:\/\/www.kliinikum.ee\/stomatoloogia\/en\/research-and-teaching\/#primaryimage","url":"https:\/\/www.kliinikum.ee\/stomatoloogia\/wp-content\/uploads\/2023\/04\/dr-Voog-1024x683.jpg","contentUrl":"https:\/\/www.kliinikum.ee\/stomatoloogia\/wp-content\/uploads\/2023\/04\/dr-Voog-1024x683.jpg"},{"@type":"BreadcrumbList","@id":"https:\/\/www.kliinikum.ee\/stomatoloogia\/en\/research-and-teaching\/#breadcrumb","itemListElement":[{"@type":"ListItem","position":1,"name":"Home","item":"https:\/\/www.kliinikum.ee\/stomatoloogia\/en\/avaleht\/"},{"@type":"ListItem","position":2,"name":"Research and teaching"}]},{"@type":"WebSite","@id":"https:\/\/www.kliinikum.ee\/stomatoloogia\/en\/#website","url":"https:\/\/www.kliinikum.ee\/stomatoloogia\/en\/","name":"Stomatoloogia kliinik","description":"Hoolivus, Uuendusmeelsus, P\u00e4devus ja Usaldusv\u00e4\u00e4rsus","potentialAction":[{"@type":"SearchAction","target":{"@type":"EntryPoint","urlTemplate":"https:\/\/www.kliinikum.ee\/stomatoloogia\/en\/?s={search_term_string}"},"query-input":{"@type":"PropertyValueSpecification","valueRequired":true,"valueName":"search_term_string"}}],"inLanguage":"en-US"}]}},"uagb_featured_image_src":{"full":false,"thumbnail":false,"medium":false,"medium_large":false,"large":false,"1536x1536":false,"2048x2048":false},"uagb_author_info":{"display_name":"Jane Freimann","author_link":"https:\/\/www.kliinikum.ee\/stomatoloogia\/en\/author\/janef\/"},"uagb_comment_info":0,"uagb_excerpt":"The Institute of Dentistry of the University of Tartu Information about the Institute of Dentistry of the University of Tartu can be found at: https:\/\/hambaarstiteadus.ut.ee\/et","_links":{"self":[{"href":"https:\/\/www.kliinikum.ee\/stomatoloogia\/en\/wp-json\/wp\/v2\/pages\/8206","targetHints":{"allow":["GET"]}}],"collection":[{"href":"https:\/\/www.kliinikum.ee\/stomatoloogia\/en\/wp-json\/wp\/v2\/pages"}],"about":[{"href":"https:\/\/www.kliinikum.ee\/stomatoloogia\/en\/wp-json\/wp\/v2\/types\/page"}],"author":[{"embeddable":true,"href":"https:\/\/www.kliinikum.ee\/stomatoloogia\/en\/wp-json\/wp\/v2\/users\/34"}],"replies":[{"embeddable":true,"href":"https:\/\/www.kliinikum.ee\/stomatoloogia\/en\/wp-json\/wp\/v2\/comments?post=8206"}],"version-history":[{"count":0,"href":"https:\/\/www.kliinikum.ee\/stomatoloogia\/en\/wp-json\/wp\/v2\/pages\/8206\/revisions"}],"wp:attachment":[{"href":"https:\/\/www.kliinikum.ee\/stomatoloogia\/en\/wp-json\/wp\/v2\/media?parent=8206"}],"curies":[{"name":"wp","href":"https:\/\/api.w.org\/{rel}","templated":true}]}}