{"id":9923,"date":"2022-11-14T09:23:53","date_gmt":"2022-11-14T07:23:53","guid":{"rendered":"https:\/\/www.kliinikum.ee\/stomatoloogia\/avaleht\/"},"modified":"2022-11-14T09:23:53","modified_gmt":"2022-11-14T09:23:53","slug":"avaleht","status":"publish","type":"page","link":"https:\/\/www.kliinikum.ee\/stomatoloogia\/ru\/","title":{"rendered":"Avaleht"},"content":{"rendered":"\n<p><strong>SA T\u00dc Kliinikum Stomatoloogia kliinik<\/strong><\/p>\n\n\n\n<p>Stomatoloogia kliinikus L. Puusepa 1a teenindatakse plaanilisi, eelregistreerunud patsiente.&nbsp;K\u00f5iki registreerunud patsiente teavitatakse plaanilise vastuv\u00f5tu toimumise ajast.&nbsp;Palume m\u00f5istvat suhtumist!<\/p>\n\n\n\n<p><strong>Palume plaaniline vastuv\u00f5tuaeg edasi l\u00fckata, kui:<\/strong><br>\u2022 Teil on viimase 2 n\u00e4dala jooksul tehtud COVID-19 test, mille vastus oli POSITIIVNE ,<br>\u2022 Teie v\u00f5i keegi Teie leibkonnast on viimase 7 p\u00e4eva jooksul kokku puutunud COVID-19 haigega,<br>\u2022 Teil esinevad j\u00e4rgmised s\u00fcmptomid: haigus ( \u00fcle 37,8\u00b0C ) , k\u00f6ha v\u00f5i kurguvalu, hingamisraskused, \u00f5hupuudus, l\u00f5hna- ja l\u00f5hnatundlikkuse kadu, lihasvalu.<\/p>\n\n\n\n<p>&nbsp;<strong>V\u00c4LTIMATU HAMBARAVI LASTEL JA T\u00c4ISKASVANUTEL<\/strong><\/p>\n\n\n\n<p><strong>T\u00d6\u00d6P\u00c4EVADEL:&nbsp;E-R kell 7.30-19.00<\/strong>&nbsp;L. Puusepa 1a, IV korrus, registratuuri telefonid:&nbsp;&nbsp;<strong>tel 731 9889.<\/strong>&nbsp;Esmaabi osutame eelregisteeritud patsientidele.<\/p>\n\n\n\n<p><strong>PUHKEP\u00c4EVADEL JA RIIKLIKEL P\u00dcHADEL:&nbsp;registreerimine alates&nbsp; kell 8.30, vastuv\u00f5tt kell&nbsp; 9.00-13.00<\/strong>,&nbsp;&nbsp;L. Puusepa 8, J-korpus, I korrus (hoonesse siseneda N. Lunini t\u00e4nava poolsest sissep\u00e4\u00e4sust ja registratuurist).&nbsp;<\/p>\n\n\n\n<p><strong>Hambaproteesidega seotud esmaabi (tasuline)<\/strong>:&nbsp;<strong>E-R 8.00-11.00,&nbsp;<\/strong>L. Puusepa 1a, IV korrus,&nbsp;<strong>registratuuri tel 731 9282.<\/strong>&nbsp;<\/p>\n","protected":false},"excerpt":{"rendered":"<p>SA T\u00dc Kliinikum Stomatoloogia kliinik Stomatoloogia kliinikus L. Puusepa 1a teenindatakse plaanilisi, eelregistreerunud patsiente.&nbsp;K\u00f5iki registreerunud patsiente teavitatakse plaanilise vastuv\u00f5tu toimumise ajast.&nbsp;Palume m\u00f5istvat suhtumist! Palume plaaniline vastuv\u00f5tuaeg edasi l\u00fckata, kui:\u2022 Teil on viimase 2 n\u00e4dala jooksul tehtud COVID-19 test, mille vastus oli POSITIIVNE ,\u2022 Teie v\u00f5i keegi Teie leibkonnast on viimase 7 p\u00e4eva jooksul kokku puutunud [&hellip;]<\/p>\n","protected":false},"author":33,"featured_media":0,"parent":0,"menu_order":0,"comment_status":"closed","ping_status":"closed","template":"","meta":{"_acf_changed":false,"_uag_custom_page_level_css":"","footnotes":""},"class_list":["post-9923","page","type-page","status-publish","hentry"],"acf":[],"yoast_head":"<!-- This site is optimized with the Yoast SEO plugin v27.3 - https:\/\/yoast.com\/product\/yoast-seo-wordpress\/ -->\n<title>Avaleht - Stomatoloogia kliinik<\/title>\n<meta name=\"robots\" content=\"index, follow, max-snippet:-1, max-image-preview:large, max-video-preview:-1\" \/>\n<link rel=\"canonical\" href=\"https:\/\/www.kliinikum.ee\/stomatoloogia\/ru\/\" \/>\n<meta property=\"og:locale\" content=\"ru_RU\" \/>\n<meta property=\"og:type\" content=\"article\" \/>\n<meta property=\"og:title\" content=\"Avaleht - Stomatoloogia kliinik\" \/>\n<meta property=\"og:description\" content=\"SA T\u00dc Kliinikum Stomatoloogia kliinik Stomatoloogia kliinikus L. Puusepa 1a teenindatakse plaanilisi, eelregistreerunud patsiente.&nbsp;K\u00f5iki registreerunud patsiente teavitatakse plaanilise vastuv\u00f5tu toimumise ajast.&nbsp;Palume m\u00f5istvat suhtumist! Palume plaaniline vastuv\u00f5tuaeg edasi l\u00fckata, kui:\u2022 Teil on viimase 2 n\u00e4dala jooksul tehtud COVID-19 test, mille vastus oli POSITIIVNE ,\u2022 Teie v\u00f5i keegi Teie leibkonnast on viimase 7 p\u00e4eva jooksul kokku puutunud [&hellip;]\" \/>\n<meta property=\"og:url\" content=\"https:\/\/www.kliinikum.ee\/stomatoloogia\/ru\/\" \/>\n<meta property=\"og:site_name\" content=\"Stomatoloogia kliinik\" \/>\n<meta property=\"article:modified_time\" content=\"2022-11-14T09:23:53+00:00\" \/>\n<meta name=\"twitter:card\" content=\"summary_large_image\" \/>\n<meta name=\"twitter:label1\" content=\"\u041f\u0440\u0438\u043c\u0435\u0440\u043d\u043e\u0435 \u0432\u0440\u0435\u043c\u044f \u0434\u043b\u044f \u0447\u0442\u0435\u043d\u0438\u044f\" \/>\n\t<meta name=\"twitter:data1\" content=\"1 \u043c\u0438\u043d\u0443\u0442\u0430\" \/>\n<script type=\"application\/ld+json\" class=\"yoast-schema-graph\">{\"@context\":\"https:\\\/\\\/schema.org\",\"@graph\":[{\"@type\":\"WebPage\",\"@id\":\"https:\\\/\\\/www.kliinikum.ee\\\/stomatoloogia\\\/ru\\\/\",\"url\":\"https:\\\/\\\/www.kliinikum.ee\\\/stomatoloogia\\\/ru\\\/\",\"name\":\"Avaleht - Stomatoloogia kliinik\",\"isPartOf\":{\"@id\":\"https:\\\/\\\/www.kliinikum.ee\\\/stomatoloogia\\\/ru\\\/#website\"},\"datePublished\":\"2022-11-14T07:23:53+00:00\",\"dateModified\":\"2022-11-14T09:23:53+00:00\",\"breadcrumb\":{\"@id\":\"https:\\\/\\\/www.kliinikum.ee\\\/stomatoloogia\\\/ru\\\/#breadcrumb\"},\"inLanguage\":\"ru-RU\",\"potentialAction\":[{\"@type\":\"ReadAction\",\"target\":[\"https:\\\/\\\/www.kliinikum.ee\\\/stomatoloogia\\\/ru\\\/\"]}]},{\"@type\":\"BreadcrumbList\",\"@id\":\"https:\\\/\\\/www.kliinikum.ee\\\/stomatoloogia\\\/ru\\\/#breadcrumb\",\"itemListElement\":[{\"@type\":\"ListItem\",\"position\":1,\"name\":\"Home\",\"item\":\"https:\\\/\\\/www.kliinikum.ee\\\/stomatoloogia\\\/ru\\\/avaleht\\\/\"},{\"@type\":\"ListItem\",\"position\":2,\"name\":\"Avaleht\"}]},{\"@type\":\"WebSite\",\"@id\":\"https:\\\/\\\/www.kliinikum.ee\\\/stomatoloogia\\\/ru\\\/#website\",\"url\":\"https:\\\/\\\/www.kliinikum.ee\\\/stomatoloogia\\\/ru\\\/\",\"name\":\"Stomatoloogia kliinik\",\"description\":\"Hoolivus, Uuendusmeelsus, P\u00e4devus ja Usaldusv\u00e4\u00e4rsus\",\"potentialAction\":[{\"@type\":\"SearchAction\",\"target\":{\"@type\":\"EntryPoint\",\"urlTemplate\":\"https:\\\/\\\/www.kliinikum.ee\\\/stomatoloogia\\\/ru\\\/?s={search_term_string}\"},\"query-input\":{\"@type\":\"PropertyValueSpecification\",\"valueRequired\":true,\"valueName\":\"search_term_string\"}}],\"inLanguage\":\"ru-RU\"}]}<\/script>\n<!-- \/ Yoast SEO plugin. -->","yoast_head_json":{"title":"Avaleht - Stomatoloogia kliinik","robots":{"index":"index","follow":"follow","max-snippet":"max-snippet:-1","max-image-preview":"max-image-preview:large","max-video-preview":"max-video-preview:-1"},"canonical":"https:\/\/www.kliinikum.ee\/stomatoloogia\/ru\/","og_locale":"ru_RU","og_type":"article","og_title":"Avaleht - Stomatoloogia kliinik","og_description":"SA T\u00dc Kliinikum Stomatoloogia kliinik Stomatoloogia kliinikus L. Puusepa 1a teenindatakse plaanilisi, eelregistreerunud patsiente.&nbsp;K\u00f5iki registreerunud patsiente teavitatakse plaanilise vastuv\u00f5tu toimumise ajast.&nbsp;Palume m\u00f5istvat suhtumist! Palume plaaniline vastuv\u00f5tuaeg edasi l\u00fckata, kui:\u2022 Teil on viimase 2 n\u00e4dala jooksul tehtud COVID-19 test, mille vastus oli POSITIIVNE ,\u2022 Teie v\u00f5i keegi Teie leibkonnast on viimase 7 p\u00e4eva jooksul kokku puutunud [&hellip;]","og_url":"https:\/\/www.kliinikum.ee\/stomatoloogia\/ru\/","og_site_name":"Stomatoloogia kliinik","article_modified_time":"2022-11-14T09:23:53+00:00","twitter_card":"summary_large_image","twitter_misc":{"\u041f\u0440\u0438\u043c\u0435\u0440\u043d\u043e\u0435 \u0432\u0440\u0435\u043c\u044f \u0434\u043b\u044f \u0447\u0442\u0435\u043d\u0438\u044f":"1 \u043c\u0438\u043d\u0443\u0442\u0430"},"schema":{"@context":"https:\/\/schema.org","@graph":[{"@type":"WebPage","@id":"https:\/\/www.kliinikum.ee\/stomatoloogia\/ru\/","url":"https:\/\/www.kliinikum.ee\/stomatoloogia\/ru\/","name":"Avaleht - Stomatoloogia kliinik","isPartOf":{"@id":"https:\/\/www.kliinikum.ee\/stomatoloogia\/ru\/#website"},"datePublished":"2022-11-14T07:23:53+00:00","dateModified":"2022-11-14T09:23:53+00:00","breadcrumb":{"@id":"https:\/\/www.kliinikum.ee\/stomatoloogia\/ru\/#breadcrumb"},"inLanguage":"ru-RU","potentialAction":[{"@type":"ReadAction","target":["https:\/\/www.kliinikum.ee\/stomatoloogia\/ru\/"]}]},{"@type":"BreadcrumbList","@id":"https:\/\/www.kliinikum.ee\/stomatoloogia\/ru\/#breadcrumb","itemListElement":[{"@type":"ListItem","position":1,"name":"Home","item":"https:\/\/www.kliinikum.ee\/stomatoloogia\/ru\/avaleht\/"},{"@type":"ListItem","position":2,"name":"Avaleht"}]},{"@type":"WebSite","@id":"https:\/\/www.kliinikum.ee\/stomatoloogia\/ru\/#website","url":"https:\/\/www.kliinikum.ee\/stomatoloogia\/ru\/","name":"Stomatoloogia kliinik","description":"Hoolivus, Uuendusmeelsus, P\u00e4devus ja Usaldusv\u00e4\u00e4rsus","potentialAction":[{"@type":"SearchAction","target":{"@type":"EntryPoint","urlTemplate":"https:\/\/www.kliinikum.ee\/stomatoloogia\/ru\/?s={search_term_string}"},"query-input":{"@type":"PropertyValueSpecification","valueRequired":true,"valueName":"search_term_string"}}],"inLanguage":"ru-RU"}]}},"uagb_featured_image_src":{"full":false,"thumbnail":false,"medium":false,"medium_large":false,"large":false,"1536x1536":false,"2048x2048":false},"uagb_author_info":{"display_name":"erkky","author_link":"https:\/\/www.kliinikum.ee\/stomatoloogia\/ru\/author\/erkky\/"},"uagb_comment_info":0,"uagb_excerpt":"SA T\u00dc Kliinikum Stomatoloogia kliinik Stomatoloogia kliinikus L. Puusepa 1a teenindatakse plaanilisi, eelregistreerunud patsiente.&nbsp;K\u00f5iki registreerunud patsiente teavitatakse plaanilise vastuv\u00f5tu toimumise ajast.&nbsp;Palume m\u00f5istvat suhtumist! Palume plaaniline vastuv\u00f5tuaeg edasi l\u00fckata, kui:\u2022 Teil on viimase 2 n\u00e4dala jooksul tehtud COVID-19 test, mille vastus oli POSITIIVNE ,\u2022 Teie v\u00f5i keegi Teie leibkonnast on viimase 7 p\u00e4eva jooksul kokku puutunud&hellip;","_links":{"self":[{"href":"https:\/\/www.kliinikum.ee\/stomatoloogia\/ru\/wp-json\/wp\/v2\/pages\/9923","targetHints":{"allow":["GET"]}}],"collection":[{"href":"https:\/\/www.kliinikum.ee\/stomatoloogia\/ru\/wp-json\/wp\/v2\/pages"}],"about":[{"href":"https:\/\/www.kliinikum.ee\/stomatoloogia\/ru\/wp-json\/wp\/v2\/types\/page"}],"author":[{"embeddable":true,"href":"https:\/\/www.kliinikum.ee\/stomatoloogia\/ru\/wp-json\/wp\/v2\/users\/33"}],"replies":[{"embeddable":true,"href":"https:\/\/www.kliinikum.ee\/stomatoloogia\/ru\/wp-json\/wp\/v2\/comments?post=9923"}],"version-history":[{"count":0,"href":"https:\/\/www.kliinikum.ee\/stomatoloogia\/ru\/wp-json\/wp\/v2\/pages\/9923\/revisions"}],"wp:attachment":[{"href":"https:\/\/www.kliinikum.ee\/stomatoloogia\/ru\/wp-json\/wp\/v2\/media?parent=9923"}],"curies":[{"name":"wp","href":"https:\/\/api.w.org\/{rel}","templated":true}]}}