{"id":6246,"date":"2023-03-30T10:26:25","date_gmt":"2023-03-30T08:26:25","guid":{"rendered":"https:\/\/www.kliinikum.ee\/stomatoloogia\/?page_id=6246"},"modified":"2026-02-11T12:23:14","modified_gmt":"2026-02-11T10:23:14","slug":"narkoosis-hambaravi","status":"publish","type":"page","link":"https:\/\/www.kliinikum.ee\/stomatoloogia\/patsiendile\/narkoosis-hambaravi\/","title":{"rendered":"Narkoosis hambaravi"},"content":{"rendered":"\n<p class=\"has-text-align-left has-medium-font-size\">Narkoosis hambaravi on m\u00f5eldud &nbsp;lastele ja t\u00e4iskasvanutele, kes ei ole v\u00f5imelised tavalist hambaarsti vastuv\u00f5ttu l\u00e4bi tegema.<\/p>\n\n\n\n<p class=\"has-secondary-color has-text-color has-link-color has-medium-font-size wp-elements-9f1a56967d14bb015bd3ed3ccda93a01\"><strong>Laste hambaravi \u00fcldnarkoosis<\/strong><\/p>\n\n\n\n<p class=\"has-medium-font-size\">\u00dcldnarkoosis hambaravi vajaduse otsustab alati Kliinikumi hambaarst, mitte lapsevanem. Enne narkoosis tehtavat hambaravi on vajalik lapse eelnev konsultatsioon Kliinikumi hambaarstiga, kes hindab ravi vajadust ja m\u00e4\u00e4rab sobiva edasise tegevusplaani.<\/p>\n\n\n\n<p class=\"has-medium-font-size\">V\u00f5imalusel peaks enne  konsultatsiooni olema tehtud panoraampilt hammastest, et hambaarstil oleks \u00fclevaade ravivajadusest ja vajalikest protseduuridest.<\/p>\n\n\n\n<p class=\"has-medium-font-size\">P\u00e4rast Kliinikumi hambaarsti visiiti lisatakse patsient ootelisti ning <strong>seej\u00e4rel pakub sekret\u00e4r<\/strong> sobiva narkoosis hambaravi aja. Sekret\u00e4ri telefonid  731 7840, 5327 7840.<\/p>\n\n\n\n<p class=\"has-text-align-left has-contrast-color has-text-color has-link-color has-medium-font-size wp-elements-d9b7b98d94ece814719db537cc91e656\"><strong>Lastestomatoloogia osakonnas tegelevad narkoosis patsientide hambaraviga:<\/strong>&nbsp;<\/p>\n\n\n\n<p class=\"has-text-align-left has-medium-font-size\"><strong>Dr Katrin Kolk<\/strong> -&nbsp; &nbsp;<a href=\"mailto:katrin.kolk@kliinikum.ee\">katrin.kolk@kliinikum.ee<\/a><\/p>\n\n\n\n<p class=\"has-medium-font-size\"><strong>Dr Mairi Korkka<\/strong> -  <a href=\"mailto:Mairi.korkka@kliinikum.ee\">mairi.korkka@kliinikum.ee<\/a><\/p>\n\n\n\n<p class=\"has-medium-font-size\"><strong>Dr Eva-Liisa Pajula<\/strong> -   eva-liisa.pajula@kliinikum.ee<\/p>\n\n\n\n<p class=\"has-medium-font-size\">Kui patsienti ei ole v\u00f5imalik liikumisv\u00f5imetuse t\u00f5ttu hambaarsti vastuv\u00f5tule tuua, siis saab tema esindaja hambaarstiga konsulteerida.<\/p>\n\n\n\n<p class=\"has-text-align-left has-medium-font-size\">Narkoosis hambaravi on m\u00f5eldud t\u00e4iskasvanutele, kellel on meditsiiniline n\u00e4idustus \u00fcldanesteesias hambaraviks ja kes ei ole v\u00f5imelised meditsiinilise seisundi v\u00f5i puude t\u00f5ttu tavalist hambaarsti vastuv\u00f5ttu l\u00e4bi tegema. Vastuv\u00f5tule p\u00f6\u00f6rdumiseks on vajalik suunava arsti saatekiri. Teenuse eest tasub Tervisekassa.<\/p>\n\n\n\n<p class=\"has-medium-font-size\"><strong>T\u00e4iskasvanute hambaravi \u00fcldnarkoosis<\/strong><\/p>\n\n\n\n<p class=\"has-text-align-left has-medium-font-size\">V\u00f5imalusel peaks patsient k\u00e4ima eelnevalt hambaarsti juures konsultatsioonil, mille k\u00e4igus tehakse vajadusel panoraamr\u00f6ntgen hammastest. See aitab hambaarstil planeerida j\u00e4rgnevat operatiivset ravi. Visiidil tutvustab hambaarst narkoosis hambaravi protseduuri.<\/p>\n\n\n\n<p class=\"has-text-align-left has-medium-font-size\">Hambaarstile p\u00f6\u00f6rdudes on vajalik perearsti v\u00f5i eriarsti poolt v\u00e4ljastatud saatekiri patsiendi tervisliku seisundi kohta selleks, et otsustada, kas antud patsiendile sobib p\u00e4evakirurgia tingimustes narkoosis hambaravi. Vajadusel suunab hambaarst patsiendi t\u00e4iendavalt anestesioloogi konsultatsioonile.&nbsp;<\/p>\n\n\n\n<p class=\"has-text-align-left has-medium-font-size\"><strong>Narkoosis hambaravi t\u00e4iskasvanutele teostab dr Leila Simberg <\/strong><\/p>\n\n\n\n<p class=\"has-text-align-left has-medium-font-size\">Konsultatsioonile p\u00f6\u00f6rdumiseks&nbsp; on vajalik broneerida aeg vastuv\u00f5tule.&nbsp;Kui patsienti ei ole v\u00f5imalik liikumisv\u00f5imetuse t\u00f5ttu hambaarsti vastuv\u00f5tule tuua, p\u00f6\u00f6rdub hambaarsti vastuv\u00f5tule tema esindaja v\u00f5i teostatakse konsultatsioon telefoni teel. <strong>Otsuse narkoosis hambaravi kohta teeb Kliinikumi hambaarst.<\/strong><\/p>\n\n\n\n<p class=\"has-text-align-left has-contrast-color has-text-color has-link-color has-medium-font-size wp-elements-5678228b780913032127c0f21a0016b2\"><strong>Telefonikonsultatsiooniks helistada:<\/strong><\/p>\n\n\n\n<p class=\"has-text-align-left has-medium-font-size\"><strong>Dr Leila Simbergi vastuv\u00f5tuajal\u00a0 kolmap\u00e4eviti kell 09.00-15.00 telefoninumbril 731 8683<\/strong><\/p>\n\n\n\n<p class=\"has-text-align-left has-medium-font-size\">Teenuse kohta lisainformatsiooni saamiseks palume&nbsp;kirjutada e-posti aadressil: <a href=\"mailto:eva-liisa.ruut@kliinikum.ee\">leila.simberg@kliinikum.ee<\/a>&nbsp;<br>T\u00e4iendav info:&nbsp;<a href=\"https:\/\/www.tervisekassa.ee\/inimesele\/hambaravi\/taiskasvanute-hambaravi\/tasuta-hambaravi \">https:\/\/www.tervisekassa.ee\/inimesele\/hambaravi\/taiskasvanute-hambaravi\/tasuta-hambaravi <\/a><\/p>\n\n\n\n<figure class=\"wp-block-image size-large is-resized\"><img loading=\"lazy\" decoding=\"async\" width=\"1024\" height=\"683\" src=\"https:\/\/www.kliinikum.ee\/stomatoloogia\/wp-content\/uploads\/2023\/04\/Narkoosis-hambaravi-2-1024x683.jpg\" alt=\"\" class=\"wp-image-6576\" style=\"width:768px;height:512px\" srcset=\"https:\/\/www.kliinikum.ee\/stomatoloogia\/wp-content\/uploads\/2023\/04\/Narkoosis-hambaravi-2-1024x683.jpg 1024w, https:\/\/www.kliinikum.ee\/stomatoloogia\/wp-content\/uploads\/2023\/04\/Narkoosis-hambaravi-2-300x200.jpg 300w, https:\/\/www.kliinikum.ee\/stomatoloogia\/wp-content\/uploads\/2023\/04\/Narkoosis-hambaravi-2-768x512.jpg 768w, https:\/\/www.kliinikum.ee\/stomatoloogia\/wp-content\/uploads\/2023\/04\/Narkoosis-hambaravi-2-1536x1024.jpg 1536w, https:\/\/www.kliinikum.ee\/stomatoloogia\/wp-content\/uploads\/2023\/04\/Narkoosis-hambaravi-2-2048x1365.jpg 2048w, https:\/\/www.kliinikum.ee\/stomatoloogia\/wp-content\/uploads\/2023\/04\/Narkoosis-hambaravi-2-scaled.jpg 2560w\" sizes=\"auto, (max-width: 1024px) 100vw, 1024px\" \/><\/figure>\n","protected":false},"excerpt":{"rendered":"<p>Narkoosis hambaravi on m\u00f5eldud &nbsp;lastele ja t\u00e4iskasvanutele, kes ei ole v\u00f5imelised tavalist hambaarsti vastuv\u00f5ttu l\u00e4bi tegema. Laste hambaravi \u00fcldnarkoosis \u00dcldnarkoosis hambaravi vajaduse otsustab alati Kliinikumi hambaarst, mitte lapsevanem. Enne narkoosis tehtavat hambaravi on vajalik lapse eelnev konsultatsioon Kliinikumi hambaarstiga, kes hindab ravi vajadust ja m\u00e4\u00e4rab sobiva edasise tegevusplaani. V\u00f5imalusel peaks enne konsultatsiooni olema tehtud panoraampilt [&hellip;]<\/p>\n","protected":false},"author":34,"featured_media":0,"parent":15,"menu_order":3,"comment_status":"closed","ping_status":"closed","template":"","meta":{"_acf_changed":false,"_uag_custom_page_level_css":"","footnotes":""},"class_list":["post-6246","page","type-page","status-publish","hentry"],"acf":[],"yoast_head":"<!-- This site is optimized with the Yoast SEO plugin v27.3 - https:\/\/yoast.com\/product\/yoast-seo-wordpress\/ -->\n<title>Narkoosis hambaravi - Stomatoloogia kliinik<\/title>\n<meta name=\"robots\" content=\"index, follow, max-snippet:-1, max-image-preview:large, max-video-preview:-1\" \/>\n<link rel=\"canonical\" href=\"https:\/\/www.kliinikum.ee\/stomatoloogia\/patsiendile\/narkoosis-hambaravi\/\" \/>\n<meta property=\"og:locale\" content=\"et_EE\" \/>\n<meta property=\"og:type\" content=\"article\" \/>\n<meta property=\"og:title\" content=\"Narkoosis hambaravi - Stomatoloogia kliinik\" \/>\n<meta property=\"og:description\" content=\"Narkoosis hambaravi on m\u00f5eldud &nbsp;lastele ja t\u00e4iskasvanutele, kes ei ole v\u00f5imelised tavalist hambaarsti vastuv\u00f5ttu l\u00e4bi tegema. Laste hambaravi \u00fcldnarkoosis \u00dcldnarkoosis hambaravi vajaduse otsustab alati Kliinikumi hambaarst, mitte lapsevanem. Enne narkoosis tehtavat hambaravi on vajalik lapse eelnev konsultatsioon Kliinikumi hambaarstiga, kes hindab ravi vajadust ja m\u00e4\u00e4rab sobiva edasise tegevusplaani. V\u00f5imalusel peaks enne konsultatsiooni olema tehtud panoraampilt [&hellip;]\" \/>\n<meta property=\"og:url\" content=\"https:\/\/www.kliinikum.ee\/stomatoloogia\/patsiendile\/narkoosis-hambaravi\/\" \/>\n<meta property=\"og:site_name\" content=\"Stomatoloogia kliinik\" \/>\n<meta property=\"article:modified_time\" content=\"2026-02-11T10:23:14+00:00\" \/>\n<meta property=\"og:image\" content=\"https:\/\/www.kliinikum.ee\/stomatoloogia\/wp-content\/uploads\/2023\/04\/Narkoosis-hambaravi-2-scaled.jpg\" \/>\n\t<meta property=\"og:image:width\" content=\"2560\" \/>\n\t<meta property=\"og:image:height\" content=\"1706\" \/>\n\t<meta property=\"og:image:type\" content=\"image\/jpeg\" \/>\n<meta name=\"twitter:card\" content=\"summary_large_image\" \/>\n<meta name=\"twitter:label1\" content=\"Est. reading time\" \/>\n\t<meta name=\"twitter:data1\" content=\"2 minutit\" \/>\n<script type=\"application\/ld+json\" class=\"yoast-schema-graph\">{\"@context\":\"https:\\\/\\\/schema.org\",\"@graph\":[{\"@type\":\"WebPage\",\"@id\":\"https:\\\/\\\/www.kliinikum.ee\\\/stomatoloogia\\\/patsiendile\\\/narkoosis-hambaravi\\\/\",\"url\":\"https:\\\/\\\/www.kliinikum.ee\\\/stomatoloogia\\\/patsiendile\\\/narkoosis-hambaravi\\\/\",\"name\":\"Narkoosis hambaravi - Stomatoloogia kliinik\",\"isPartOf\":{\"@id\":\"https:\\\/\\\/www.kliinikum.ee\\\/stomatoloogia\\\/#website\"},\"primaryImageOfPage\":{\"@id\":\"https:\\\/\\\/www.kliinikum.ee\\\/stomatoloogia\\\/patsiendile\\\/narkoosis-hambaravi\\\/#primaryimage\"},\"image\":{\"@id\":\"https:\\\/\\\/www.kliinikum.ee\\\/stomatoloogia\\\/patsiendile\\\/narkoosis-hambaravi\\\/#primaryimage\"},\"thumbnailUrl\":\"https:\\\/\\\/www.kliinikum.ee\\\/stomatoloogia\\\/wp-content\\\/uploads\\\/2023\\\/04\\\/Narkoosis-hambaravi-2-1024x683.jpg\",\"datePublished\":\"2023-03-30T08:26:25+00:00\",\"dateModified\":\"2026-02-11T10:23:14+00:00\",\"breadcrumb\":{\"@id\":\"https:\\\/\\\/www.kliinikum.ee\\\/stomatoloogia\\\/patsiendile\\\/narkoosis-hambaravi\\\/#breadcrumb\"},\"inLanguage\":\"et\",\"potentialAction\":[{\"@type\":\"ReadAction\",\"target\":[\"https:\\\/\\\/www.kliinikum.ee\\\/stomatoloogia\\\/patsiendile\\\/narkoosis-hambaravi\\\/\"]}]},{\"@type\":\"ImageObject\",\"inLanguage\":\"et\",\"@id\":\"https:\\\/\\\/www.kliinikum.ee\\\/stomatoloogia\\\/patsiendile\\\/narkoosis-hambaravi\\\/#primaryimage\",\"url\":\"https:\\\/\\\/www.kliinikum.ee\\\/stomatoloogia\\\/wp-content\\\/uploads\\\/2023\\\/04\\\/Narkoosis-hambaravi-2-scaled.jpg\",\"contentUrl\":\"https:\\\/\\\/www.kliinikum.ee\\\/stomatoloogia\\\/wp-content\\\/uploads\\\/2023\\\/04\\\/Narkoosis-hambaravi-2-scaled.jpg\",\"width\":2560,\"height\":1706},{\"@type\":\"BreadcrumbList\",\"@id\":\"https:\\\/\\\/www.kliinikum.ee\\\/stomatoloogia\\\/patsiendile\\\/narkoosis-hambaravi\\\/#breadcrumb\",\"itemListElement\":[{\"@type\":\"ListItem\",\"position\":1,\"name\":\"Home\",\"item\":\"https:\\\/\\\/www.kliinikum.ee\\\/stomatoloogia\\\/\"},{\"@type\":\"ListItem\",\"position\":2,\"name\":\"Patsiendile\",\"item\":\"https:\\\/\\\/www.kliinikum.ee\\\/stomatoloogia\\\/patsiendile\\\/\"},{\"@type\":\"ListItem\",\"position\":3,\"name\":\"Narkoosis hambaravi\"}]},{\"@type\":\"WebSite\",\"@id\":\"https:\\\/\\\/www.kliinikum.ee\\\/stomatoloogia\\\/#website\",\"url\":\"https:\\\/\\\/www.kliinikum.ee\\\/stomatoloogia\\\/\",\"name\":\"Stomatoloogia kliinik\",\"description\":\"Hoolivus, Uuendusmeelsus, P\u00e4devus ja Usaldusv\u00e4\u00e4rsus\",\"potentialAction\":[{\"@type\":\"SearchAction\",\"target\":{\"@type\":\"EntryPoint\",\"urlTemplate\":\"https:\\\/\\\/www.kliinikum.ee\\\/stomatoloogia\\\/?s={search_term_string}\"},\"query-input\":{\"@type\":\"PropertyValueSpecification\",\"valueRequired\":true,\"valueName\":\"search_term_string\"}}],\"inLanguage\":\"et\"}]}<\/script>\n<!-- \/ Yoast SEO plugin. -->","yoast_head_json":{"title":"Narkoosis hambaravi - Stomatoloogia kliinik","robots":{"index":"index","follow":"follow","max-snippet":"max-snippet:-1","max-image-preview":"max-image-preview:large","max-video-preview":"max-video-preview:-1"},"canonical":"https:\/\/www.kliinikum.ee\/stomatoloogia\/patsiendile\/narkoosis-hambaravi\/","og_locale":"et_EE","og_type":"article","og_title":"Narkoosis hambaravi - Stomatoloogia kliinik","og_description":"Narkoosis hambaravi on m\u00f5eldud &nbsp;lastele ja t\u00e4iskasvanutele, kes ei ole v\u00f5imelised tavalist hambaarsti vastuv\u00f5ttu l\u00e4bi tegema. Laste hambaravi \u00fcldnarkoosis \u00dcldnarkoosis hambaravi vajaduse otsustab alati Kliinikumi hambaarst, mitte lapsevanem. Enne narkoosis tehtavat hambaravi on vajalik lapse eelnev konsultatsioon Kliinikumi hambaarstiga, kes hindab ravi vajadust ja m\u00e4\u00e4rab sobiva edasise tegevusplaani. V\u00f5imalusel peaks enne konsultatsiooni olema tehtud panoraampilt [&hellip;]","og_url":"https:\/\/www.kliinikum.ee\/stomatoloogia\/patsiendile\/narkoosis-hambaravi\/","og_site_name":"Stomatoloogia kliinik","article_modified_time":"2026-02-11T10:23:14+00:00","og_image":[{"width":2560,"height":1706,"url":"https:\/\/www.kliinikum.ee\/stomatoloogia\/wp-content\/uploads\/2023\/04\/Narkoosis-hambaravi-2-scaled.jpg","type":"image\/jpeg"}],"twitter_card":"summary_large_image","twitter_misc":{"Est. reading time":"2 minutit"},"schema":{"@context":"https:\/\/schema.org","@graph":[{"@type":"WebPage","@id":"https:\/\/www.kliinikum.ee\/stomatoloogia\/patsiendile\/narkoosis-hambaravi\/","url":"https:\/\/www.kliinikum.ee\/stomatoloogia\/patsiendile\/narkoosis-hambaravi\/","name":"Narkoosis hambaravi - Stomatoloogia kliinik","isPartOf":{"@id":"https:\/\/www.kliinikum.ee\/stomatoloogia\/#website"},"primaryImageOfPage":{"@id":"https:\/\/www.kliinikum.ee\/stomatoloogia\/patsiendile\/narkoosis-hambaravi\/#primaryimage"},"image":{"@id":"https:\/\/www.kliinikum.ee\/stomatoloogia\/patsiendile\/narkoosis-hambaravi\/#primaryimage"},"thumbnailUrl":"https:\/\/www.kliinikum.ee\/stomatoloogia\/wp-content\/uploads\/2023\/04\/Narkoosis-hambaravi-2-1024x683.jpg","datePublished":"2023-03-30T08:26:25+00:00","dateModified":"2026-02-11T10:23:14+00:00","breadcrumb":{"@id":"https:\/\/www.kliinikum.ee\/stomatoloogia\/patsiendile\/narkoosis-hambaravi\/#breadcrumb"},"inLanguage":"et","potentialAction":[{"@type":"ReadAction","target":["https:\/\/www.kliinikum.ee\/stomatoloogia\/patsiendile\/narkoosis-hambaravi\/"]}]},{"@type":"ImageObject","inLanguage":"et","@id":"https:\/\/www.kliinikum.ee\/stomatoloogia\/patsiendile\/narkoosis-hambaravi\/#primaryimage","url":"https:\/\/www.kliinikum.ee\/stomatoloogia\/wp-content\/uploads\/2023\/04\/Narkoosis-hambaravi-2-scaled.jpg","contentUrl":"https:\/\/www.kliinikum.ee\/stomatoloogia\/wp-content\/uploads\/2023\/04\/Narkoosis-hambaravi-2-scaled.jpg","width":2560,"height":1706},{"@type":"BreadcrumbList","@id":"https:\/\/www.kliinikum.ee\/stomatoloogia\/patsiendile\/narkoosis-hambaravi\/#breadcrumb","itemListElement":[{"@type":"ListItem","position":1,"name":"Home","item":"https:\/\/www.kliinikum.ee\/stomatoloogia\/"},{"@type":"ListItem","position":2,"name":"Patsiendile","item":"https:\/\/www.kliinikum.ee\/stomatoloogia\/patsiendile\/"},{"@type":"ListItem","position":3,"name":"Narkoosis hambaravi"}]},{"@type":"WebSite","@id":"https:\/\/www.kliinikum.ee\/stomatoloogia\/#website","url":"https:\/\/www.kliinikum.ee\/stomatoloogia\/","name":"Stomatoloogia kliinik","description":"Hoolivus, Uuendusmeelsus, P\u00e4devus ja Usaldusv\u00e4\u00e4rsus","potentialAction":[{"@type":"SearchAction","target":{"@type":"EntryPoint","urlTemplate":"https:\/\/www.kliinikum.ee\/stomatoloogia\/?s={search_term_string}"},"query-input":{"@type":"PropertyValueSpecification","valueRequired":true,"valueName":"search_term_string"}}],"inLanguage":"et"}]}},"uagb_featured_image_src":{"full":false,"thumbnail":false,"medium":false,"medium_large":false,"large":false,"1536x1536":false,"2048x2048":false},"uagb_author_info":{"display_name":"Jane Freimann","author_link":"https:\/\/www.kliinikum.ee\/stomatoloogia\/author\/janef\/"},"uagb_comment_info":0,"uagb_excerpt":"Narkoosis hambaravi on m\u00f5eldud &nbsp;lastele ja t\u00e4iskasvanutele, kes ei ole v\u00f5imelised tavalist hambaarsti vastuv\u00f5ttu l\u00e4bi tegema. Laste hambaravi \u00fcldnarkoosis \u00dcldnarkoosis hambaravi vajaduse otsustab alati Kliinikumi hambaarst, mitte lapsevanem. Enne narkoosis tehtavat hambaravi on vajalik lapse eelnev konsultatsioon Kliinikumi hambaarstiga, kes hindab ravi vajadust ja m\u00e4\u00e4rab sobiva edasise tegevusplaani. V\u00f5imalusel peaks enne konsultatsiooni olema tehtud panoraampilt&hellip;","_links":{"self":[{"href":"https:\/\/www.kliinikum.ee\/stomatoloogia\/wp-json\/wp\/v2\/pages\/6246","targetHints":{"allow":["GET"]}}],"collection":[{"href":"https:\/\/www.kliinikum.ee\/stomatoloogia\/wp-json\/wp\/v2\/pages"}],"about":[{"href":"https:\/\/www.kliinikum.ee\/stomatoloogia\/wp-json\/wp\/v2\/types\/page"}],"author":[{"embeddable":true,"href":"https:\/\/www.kliinikum.ee\/stomatoloogia\/wp-json\/wp\/v2\/users\/34"}],"replies":[{"embeddable":true,"href":"https:\/\/www.kliinikum.ee\/stomatoloogia\/wp-json\/wp\/v2\/comments?post=6246"}],"version-history":[{"count":0,"href":"https:\/\/www.kliinikum.ee\/stomatoloogia\/wp-json\/wp\/v2\/pages\/6246\/revisions"}],"up":[{"embeddable":true,"href":"https:\/\/www.kliinikum.ee\/stomatoloogia\/wp-json\/wp\/v2\/pages\/15"}],"wp:attachment":[{"href":"https:\/\/www.kliinikum.ee\/stomatoloogia\/wp-json\/wp\/v2\/media?parent=6246"}],"curies":[{"name":"wp","href":"https:\/\/api.w.org\/{rel}","templated":true}]}}