{"id":6258,"date":"2023-03-30T10:52:43","date_gmt":"2023-03-30T08:52:43","guid":{"rendered":"https:\/\/www.kliinikum.ee\/stomatoloogia\/?page_id=6258"},"modified":"2023-04-06T12:49:39","modified_gmt":"2023-04-06T10:49:39","slug":"tootajad","status":"publish","type":"page","link":"https:\/\/www.kliinikum.ee\/stomatoloogia\/kliinikust\/tootajad\/","title":{"rendered":"T\u00f6\u00f6tajad"},"content":{"rendered":"","protected":false},"excerpt":{"rendered":"","protected":false},"author":34,"featured_media":6445,"parent":17,"menu_order":2,"comment_status":"closed","ping_status":"closed","template":"","meta":{"_acf_changed":false,"_uag_custom_page_level_css":"","footnotes":""},"class_list":["post-6258","page","type-page","status-publish","has-post-thumbnail","hentry"],"acf":[],"yoast_head":"<!-- This site is optimized with the Yoast SEO plugin v27.5 - https:\/\/yoast.com\/product\/yoast-seo-wordpress\/ -->\n<title>T\u00f6\u00f6tajad - Stomatoloogia kliinik<\/title>\n<meta name=\"robots\" content=\"index, follow, max-snippet:-1, max-image-preview:large, max-video-preview:-1\" \/>\n<link rel=\"canonical\" href=\"https:\/\/www.kliinikum.ee\/stomatoloogia\/kliinikust\/tootajad\/\" \/>\n<meta property=\"og:locale\" content=\"et_EE\" \/>\n<meta property=\"og:type\" content=\"article\" \/>\n<meta property=\"og:title\" content=\"T\u00f6\u00f6tajad - Stomatoloogia kliinik\" \/>\n<meta property=\"og:url\" content=\"https:\/\/www.kliinikum.ee\/stomatoloogia\/kliinikust\/tootajad\/\" \/>\n<meta property=\"og:site_name\" content=\"Stomatoloogia kliinik\" \/>\n<meta property=\"article:modified_time\" content=\"2023-04-06T10:49:39+00:00\" \/>\n<meta property=\"og:image\" content=\"https:\/\/www.kliinikum.ee\/stomatoloogia\/wp-content\/uploads\/2023\/04\/IMG_4295-scaled.jpg\" \/>\n\t<meta property=\"og:image:width\" content=\"2560\" \/>\n\t<meta property=\"og:image:height\" content=\"1706\" \/>\n\t<meta property=\"og:image:type\" content=\"image\/jpeg\" \/>\n<meta name=\"twitter:card\" content=\"summary_large_image\" \/>\n<script type=\"application\/ld+json\" class=\"yoast-schema-graph\">{\"@context\":\"https:\\\/\\\/schema.org\",\"@graph\":[{\"@type\":\"WebPage\",\"@id\":\"https:\\\/\\\/www.kliinikum.ee\\\/stomatoloogia\\\/kliinikust\\\/tootajad\\\/\",\"url\":\"https:\\\/\\\/www.kliinikum.ee\\\/stomatoloogia\\\/kliinikust\\\/tootajad\\\/\",\"name\":\"T\u00f6\u00f6tajad - Stomatoloogia kliinik\",\"isPartOf\":{\"@id\":\"https:\\\/\\\/www.kliinikum.ee\\\/stomatoloogia\\\/#website\"},\"primaryImageOfPage\":{\"@id\":\"https:\\\/\\\/www.kliinikum.ee\\\/stomatoloogia\\\/kliinikust\\\/tootajad\\\/#primaryimage\"},\"image\":{\"@id\":\"https:\\\/\\\/www.kliinikum.ee\\\/stomatoloogia\\\/kliinikust\\\/tootajad\\\/#primaryimage\"},\"thumbnailUrl\":\"https:\\\/\\\/www.kliinikum.ee\\\/stomatoloogia\\\/wp-content\\\/uploads\\\/2023\\\/04\\\/IMG_4295-scaled.jpg\",\"datePublished\":\"2023-03-30T08:52:43+00:00\",\"dateModified\":\"2023-04-06T10:49:39+00:00\",\"breadcrumb\":{\"@id\":\"https:\\\/\\\/www.kliinikum.ee\\\/stomatoloogia\\\/kliinikust\\\/tootajad\\\/#breadcrumb\"},\"inLanguage\":\"et\",\"potentialAction\":[{\"@type\":\"ReadAction\",\"target\":[\"https:\\\/\\\/www.kliinikum.ee\\\/stomatoloogia\\\/kliinikust\\\/tootajad\\\/\"]}]},{\"@type\":\"ImageObject\",\"inLanguage\":\"et\",\"@id\":\"https:\\\/\\\/www.kliinikum.ee\\\/stomatoloogia\\\/kliinikust\\\/tootajad\\\/#primaryimage\",\"url\":\"https:\\\/\\\/www.kliinikum.ee\\\/stomatoloogia\\\/wp-content\\\/uploads\\\/2023\\\/04\\\/IMG_4295-scaled.jpg\",\"contentUrl\":\"https:\\\/\\\/www.kliinikum.ee\\\/stomatoloogia\\\/wp-content\\\/uploads\\\/2023\\\/04\\\/IMG_4295-scaled.jpg\",\"width\":2560,\"height\":1706},{\"@type\":\"BreadcrumbList\",\"@id\":\"https:\\\/\\\/www.kliinikum.ee\\\/stomatoloogia\\\/kliinikust\\\/tootajad\\\/#breadcrumb\",\"itemListElement\":[{\"@type\":\"ListItem\",\"position\":1,\"name\":\"Home\",\"item\":\"https:\\\/\\\/www.kliinikum.ee\\\/stomatoloogia\\\/\"},{\"@type\":\"ListItem\",\"position\":2,\"name\":\"Kliinikust\",\"item\":\"https:\\\/\\\/www.kliinikum.ee\\\/stomatoloogia\\\/kliinikust\\\/\"},{\"@type\":\"ListItem\",\"position\":3,\"name\":\"T\u00f6\u00f6tajad\"}]},{\"@type\":\"WebSite\",\"@id\":\"https:\\\/\\\/www.kliinikum.ee\\\/stomatoloogia\\\/#website\",\"url\":\"https:\\\/\\\/www.kliinikum.ee\\\/stomatoloogia\\\/\",\"name\":\"Stomatoloogia kliinik\",\"description\":\"Hoolivus, Uuendusmeelsus, P\u00e4devus ja Usaldusv\u00e4\u00e4rsus\",\"potentialAction\":[{\"@type\":\"SearchAction\",\"target\":{\"@type\":\"EntryPoint\",\"urlTemplate\":\"https:\\\/\\\/www.kliinikum.ee\\\/stomatoloogia\\\/?s={search_term_string}\"},\"query-input\":{\"@type\":\"PropertyValueSpecification\",\"valueRequired\":true,\"valueName\":\"search_term_string\"}}],\"inLanguage\":\"et\"}]}<\/script>\n<!-- \/ Yoast SEO plugin. -->","yoast_head_json":{"title":"T\u00f6\u00f6tajad - Stomatoloogia kliinik","robots":{"index":"index","follow":"follow","max-snippet":"max-snippet:-1","max-image-preview":"max-image-preview:large","max-video-preview":"max-video-preview:-1"},"canonical":"https:\/\/www.kliinikum.ee\/stomatoloogia\/kliinikust\/tootajad\/","og_locale":"et_EE","og_type":"article","og_title":"T\u00f6\u00f6tajad - Stomatoloogia kliinik","og_url":"https:\/\/www.kliinikum.ee\/stomatoloogia\/kliinikust\/tootajad\/","og_site_name":"Stomatoloogia kliinik","article_modified_time":"2023-04-06T10:49:39+00:00","og_image":[{"width":2560,"height":1706,"url":"https:\/\/www.kliinikum.ee\/stomatoloogia\/wp-content\/uploads\/2023\/04\/IMG_4295-scaled.jpg","type":"image\/jpeg"}],"twitter_card":"summary_large_image","schema":{"@context":"https:\/\/schema.org","@graph":[{"@type":"WebPage","@id":"https:\/\/www.kliinikum.ee\/stomatoloogia\/kliinikust\/tootajad\/","url":"https:\/\/www.kliinikum.ee\/stomatoloogia\/kliinikust\/tootajad\/","name":"T\u00f6\u00f6tajad - Stomatoloogia kliinik","isPartOf":{"@id":"https:\/\/www.kliinikum.ee\/stomatoloogia\/#website"},"primaryImageOfPage":{"@id":"https:\/\/www.kliinikum.ee\/stomatoloogia\/kliinikust\/tootajad\/#primaryimage"},"image":{"@id":"https:\/\/www.kliinikum.ee\/stomatoloogia\/kliinikust\/tootajad\/#primaryimage"},"thumbnailUrl":"https:\/\/www.kliinikum.ee\/stomatoloogia\/wp-content\/uploads\/2023\/04\/IMG_4295-scaled.jpg","datePublished":"2023-03-30T08:52:43+00:00","dateModified":"2023-04-06T10:49:39+00:00","breadcrumb":{"@id":"https:\/\/www.kliinikum.ee\/stomatoloogia\/kliinikust\/tootajad\/#breadcrumb"},"inLanguage":"et","potentialAction":[{"@type":"ReadAction","target":["https:\/\/www.kliinikum.ee\/stomatoloogia\/kliinikust\/tootajad\/"]}]},{"@type":"ImageObject","inLanguage":"et","@id":"https:\/\/www.kliinikum.ee\/stomatoloogia\/kliinikust\/tootajad\/#primaryimage","url":"https:\/\/www.kliinikum.ee\/stomatoloogia\/wp-content\/uploads\/2023\/04\/IMG_4295-scaled.jpg","contentUrl":"https:\/\/www.kliinikum.ee\/stomatoloogia\/wp-content\/uploads\/2023\/04\/IMG_4295-scaled.jpg","width":2560,"height":1706},{"@type":"BreadcrumbList","@id":"https:\/\/www.kliinikum.ee\/stomatoloogia\/kliinikust\/tootajad\/#breadcrumb","itemListElement":[{"@type":"ListItem","position":1,"name":"Home","item":"https:\/\/www.kliinikum.ee\/stomatoloogia\/"},{"@type":"ListItem","position":2,"name":"Kliinikust","item":"https:\/\/www.kliinikum.ee\/stomatoloogia\/kliinikust\/"},{"@type":"ListItem","position":3,"name":"T\u00f6\u00f6tajad"}]},{"@type":"WebSite","@id":"https:\/\/www.kliinikum.ee\/stomatoloogia\/#website","url":"https:\/\/www.kliinikum.ee\/stomatoloogia\/","name":"Stomatoloogia kliinik","description":"Hoolivus, Uuendusmeelsus, P\u00e4devus ja Usaldusv\u00e4\u00e4rsus","potentialAction":[{"@type":"SearchAction","target":{"@type":"EntryPoint","urlTemplate":"https:\/\/www.kliinikum.ee\/stomatoloogia\/?s={search_term_string}"},"query-input":{"@type":"PropertyValueSpecification","valueRequired":true,"valueName":"search_term_string"}}],"inLanguage":"et"}]}},"uagb_featured_image_src":{"full":["https:\/\/www.kliinikum.ee\/stomatoloogia\/wp-content\/uploads\/2023\/04\/IMG_4295-scaled.jpg",2560,1706,false],"thumbnail":["https:\/\/www.kliinikum.ee\/stomatoloogia\/wp-content\/uploads\/2023\/04\/IMG_4295-150x150.jpg",150,150,true],"medium":["https:\/\/www.kliinikum.ee\/stomatoloogia\/wp-content\/uploads\/2023\/04\/IMG_4295-300x200.jpg",300,200,true],"medium_large":["https:\/\/www.kliinikum.ee\/stomatoloogia\/wp-content\/uploads\/2023\/04\/IMG_4295-768x512.jpg",768,512,true],"large":["https:\/\/www.kliinikum.ee\/stomatoloogia\/wp-content\/uploads\/2023\/04\/IMG_4295-1024x683.jpg",1024,683,true],"1536x1536":["https:\/\/www.kliinikum.ee\/stomatoloogia\/wp-content\/uploads\/2023\/04\/IMG_4295-1536x1024.jpg",1536,1024,true],"2048x2048":["https:\/\/www.kliinikum.ee\/stomatoloogia\/wp-content\/uploads\/2023\/04\/IMG_4295-2048x1365.jpg",2048,1365,true]},"uagb_author_info":{"display_name":"Jane Freimann","author_link":"https:\/\/www.kliinikum.ee\/stomatoloogia\/author\/janef\/"},"uagb_comment_info":0,"uagb_excerpt":null,"_links":{"self":[{"href":"https:\/\/www.kliinikum.ee\/stomatoloogia\/wp-json\/wp\/v2\/pages\/6258","targetHints":{"allow":["GET"]}}],"collection":[{"href":"https:\/\/www.kliinikum.ee\/stomatoloogia\/wp-json\/wp\/v2\/pages"}],"about":[{"href":"https:\/\/www.kliinikum.ee\/stomatoloogia\/wp-json\/wp\/v2\/types\/page"}],"author":[{"embeddable":true,"href":"https:\/\/www.kliinikum.ee\/stomatoloogia\/wp-json\/wp\/v2\/users\/34"}],"replies":[{"embeddable":true,"href":"https:\/\/www.kliinikum.ee\/stomatoloogia\/wp-json\/wp\/v2\/comments?post=6258"}],"version-history":[{"count":0,"href":"https:\/\/www.kliinikum.ee\/stomatoloogia\/wp-json\/wp\/v2\/pages\/6258\/revisions"}],"up":[{"embeddable":true,"href":"https:\/\/www.kliinikum.ee\/stomatoloogia\/wp-json\/wp\/v2\/pages\/17"}],"wp:featuredmedia":[{"embeddable":true,"href":"https:\/\/www.kliinikum.ee\/stomatoloogia\/wp-json\/wp\/v2\/media\/6445"}],"wp:attachment":[{"href":"https:\/\/www.kliinikum.ee\/stomatoloogia\/wp-json\/wp\/v2\/media?parent=6258"}],"curies":[{"name":"wp","href":"https:\/\/api.w.org\/{rel}","templated":true}]}}