{"id":6270,"date":"2023-03-30T11:10:42","date_gmt":"2023-03-30T09:10:42","guid":{"rendered":"https:\/\/www.kliinikum.ee\/stomatoloogia\/?page_id=6270"},"modified":"2025-03-18T10:09:41","modified_gmt":"2025-03-18T08:09:41","slug":"suukirurgia-osakond","status":"publish","type":"page","link":"https:\/\/www.kliinikum.ee\/stomatoloogia\/kliinikust\/suukirurgia-osakond\/","title":{"rendered":"Suukirurgia osakond"},"content":{"rendered":"\n<p class=\"has-medium-font-size\">Suukirurgia osakond osutab j\u00e4rgnevaid teenuseid:<\/p>\n\n\n\n<ul class=\"wp-block-list\">\n<li class=\"has-medium-font-size\">suukirurgiline konsultatsioon ja diagnostika;<\/li>\n\n\n\n<li class=\"has-medium-font-size\">hammaste eemaldamine;<\/li>\n\n\n\n<li class=\"has-medium-font-size\">ambulatoorsed operatsioonid (vajalik eelnev suukirurgi konsultatsioon, n\u00e4o-l\u00f5ualuudekirurgi vastuv\u00f5tule p\u00f6\u00f6rdumiseks vajalik digisaatekiri);<\/li>\n\n\n\n<li class=\"has-medium-font-size\">implantoloogia teenus. Vastuv\u00f5ttu teostab <strong>dr&nbsp;Katrin Parisalu<\/strong>, vastuv\u00f5tule broneerimine toimub l\u00e4bi Kliinikumi registratuuri: 731 9100.<\/li>\n<\/ul>\n\n\n\n<p class=\"has-medium-font-size\">Palume k\u00f5ikidel suukirurgilist esmaabi vajavatel patsientidel p\u00f6\u00f6rduda vastuv\u00f5tule hommikul. Esmaabi aegade eelbroneerimine telefoninumbril: <strong>731 9282.<\/strong><\/p>\n\n\n\n<p class=\"has-medium-font-size\"><strong>Suukirurgi vastuv\u00f5tule registreerimine<\/strong><\/p>\n\n\n\n<ul class=\"wp-block-list\">\n<li class=\"has-medium-font-size\">Vastuv\u00f5tule registreeritakse kohapeal&nbsp;v\u00f5i telefoni teel: <strong>731 9100<\/strong>.<\/li>\n\n\n\n<li class=\"has-medium-font-size\">L. Puusepa 1a&nbsp; registratuur avatud E-R 7.30-19.00.<\/li>\n\n\n\n<li class=\"has-medium-font-size\">Arsti vastuv\u00f5tt toimub E-R 8.30-18.00.<\/li>\n\n\n\n<li class=\"has-medium-font-size\">K\u00f5igil patsientidel palume arvestada v\u00f5imaliku ooteajaga.<\/li>\n<\/ul>\n\n\n\n<p class=\"has-medium-font-size\"><strong>Vastuv\u00f5tule p\u00f6\u00f6rdumine<\/strong><\/p>\n\n\n\n<ul class=\"wp-block-list\">\n<li class=\"has-medium-font-size\">Vastuv\u00f5tule saabudes tuleb k\u00f5ikidel patsientidel, nii esmakordsetel kui korduvatel p\u00f6\u00f6rduda registratuuri.<\/li>\n\n\n\n<li class=\"has-medium-font-size\">Registreerimisel tuleb esitada pildiga isikut t\u00f5endav dokument.<\/li>\n\n\n\n<li class=\"has-medium-font-size\">Suukirugi vastuv\u00f5tule p\u00f6\u00f6rdumisel perearsti v\u00f5i m\u00f5ne muu eriala arsti saatekiri n\u00f5utav ei ole, kuid on soovituslik. Seda eriti juhtudel, kui tegemist on konkreetse probleemiga suunamisel.<\/li>\n\n\n\n<li class=\"has-medium-font-size\">Ambulatoorsetele operatsioonidele vajalik eelregistreerimine, eelnev kirurgi konsultatsioon, vajalik suunava arsti saatekiri.<\/li>\n\n\n\n<li class=\"has-medium-font-size\">Vastuv\u00f5tule ja\/v\u00f5i ambulatoorsele operatsioonile tulles tuleb \u00e4ra v\u00f5tta teiste eriarstide poolt m\u00e4\u00e4ratud ravimid.<\/li>\n<\/ul>\n\n\n\n<p class=\"has-medium-font-size\"><strong>Kaasa palume v\u00f5tta:<br><\/strong>1. eelnevalt tehtud r\u00f6ntgen\u00fclesv\u00f5tted<br>2. teiste erialaspetsialistide konsultatsiooni otsused<br>3. eelnevate uuringute andmed<\/p>\n\n\n\n<p class=\"has-medium-font-size\"><strong>Esmaabi vastuv\u00f5tt<\/strong><\/p>\n\n\n\n<ul class=\"wp-block-list\">\n<li class=\"has-medium-font-size\">Esmaabi vastuv\u00f5tt t\u00f6\u00f6p\u00e4eviti E-R 8.00-17.00<\/li>\n\n\n\n<li class=\"has-medium-font-size\">Esmaabi vajavaid patsiente&nbsp;teenindatakse v\u00f5imalikult kiiresti sama t\u00f6\u00f6p\u00e4eva jooksul, kuid patsiendid peavad arvestama ooteajaga<\/li>\n<\/ul>\n\n\n\n<p class=\"has-medium-font-size\">Osakonna poolt teostatav t\u00f6\u00f6 on tasuline,&nbsp;v\u00e4lja arvatud v\u00e4ltimatu hambaravi teenuse osutamine. Lisainfo: <a href=\"https:\/\/www.tervisekassa.ee\/inimesele\/hambaravi\/taiskasvanute-hambaravi\/valtimatu-hambaravi \">https:\/\/www.tervisekassa.ee\/inimesele\/hambaravi\/taiskasvanute-hambaravi\/valtimatu-hambaravi <\/a><\/p>\n\n\n\n<p class=\"has-medium-font-size\">Kuna oleme Tartu \u00dclikooli kliinik, siis ravit\u00f6\u00f6s osalevad ka hambaarstiteaduse \u00fcli\u00f5pilased, tehtav t\u00f6\u00f6 nende juures on 40% odavam. Vastuv\u00f5tule registreerumine numbril 731 9100.<\/p>\n\n\n\n<p class=\"has-medium-font-size\">Juhendid koduseks haavahoolduseks:<\/p>\n\n\n\n<p class=\"has-medium-font-size\"><a href=\"https:\/\/www.kliinikum.ee\/patsiendiinfo-andmebaas\/hamba-eemaldamise-jargne-hooldus\/\">https:\/\/www.kliinikum.ee\/patsiendiinfo-andmebaas\/hamba-eemaldamise-jargne-hooldus\/<\/a><\/p>\n\n\n\n<p class=\"has-medium-font-size\"><a href=\"https:\/\/www.kliinikum.ee\/patsiendiinfo-andmebaas\/tarkusehamba-eemaldamise-jargne-suuoone-hooldus\/\">https:\/\/www.kliinikum.ee\/patsiendiinfo-andmebaas\/tarkusehamba-eemaldamise-jargne-suuoone-hooldus\/<\/a><\/p>\n\n\n\n<p class=\"has-medium-font-size\"><strong>Raskete seisunditega (n\u00e4o-l\u00f5ualuude murrud, rohke verejooks, n\u00e4o piirkonna lahtised haavad) p\u00f6\u00f6rduda koheselt erakorralise meditsiini osakonda L. Puusepa 8 (EMO)!<\/strong><\/p>\n\n\n\n<p class=\"has-medium-font-size\">Info v\u00e4ltimatu hambaravi ja esmaabi patsiendi kohta p\u00f5hineb registratuuris t\u00e4idetud k\u00fcsimustikul.<strong><em>*<\/em><\/strong><em>Alla 19-aastastel tasub teenuse eest Tervisekassa<\/em><\/p>\n\n\n\n<p class=\"has-medium-font-size\">Seisundite korral, mis ei vaja esmaabi, antakse patsiendile juhised plaanilisele ravile p\u00f6\u00f6rdumiseks v\u00f5i teostatakse tasuline protseduur.<\/p>\n\n\n\n<p class=\"has-medium-font-size\">T\u00e4iendavat infot protseduuri olemuse ja maksumuse kohta k\u00fcsige visiidi alguses arstilt v\u00f5i \u00f5elt.<\/p>\n\n\n\n<p class=\"has-medium-font-size\"><strong>PALUME M\u00d5ISTVAT SUHTUMIST!<\/strong><\/p>\n\n\n\n<div class=\"wp-block-uagb-container uagb-block-70ef7aa0 alignfull uagb-is-root-container\"><div class=\"uagb-container-inner-blocks-wrap\">\n<div class=\"wp-block-uagb-container uagb-block-aefd9c07\">\n<figure class=\"wp-block-image size-large\"><img loading=\"lazy\" decoding=\"async\" width=\"1024\" height=\"683\" src=\"https:\/\/www.kliinikum.ee\/stomatoloogia\/wp-content\/uploads\/2023\/04\/IMG_3493-1-1024x683.jpg\" alt=\"\" class=\"wp-image-6463\" srcset=\"https:\/\/www.kliinikum.ee\/stomatoloogia\/wp-content\/uploads\/2023\/04\/IMG_3493-1-1024x683.jpg 1024w, https:\/\/www.kliinikum.ee\/stomatoloogia\/wp-content\/uploads\/2023\/04\/IMG_3493-1-300x200.jpg 300w, https:\/\/www.kliinikum.ee\/stomatoloogia\/wp-content\/uploads\/2023\/04\/IMG_3493-1-768x512.jpg 768w, https:\/\/www.kliinikum.ee\/stomatoloogia\/wp-content\/uploads\/2023\/04\/IMG_3493-1-1536x1024.jpg 1536w, https:\/\/www.kliinikum.ee\/stomatoloogia\/wp-content\/uploads\/2023\/04\/IMG_3493-1-2048x1365.jpg 2048w, https:\/\/www.kliinikum.ee\/stomatoloogia\/wp-content\/uploads\/2023\/04\/IMG_3493-1-scaled.jpg 2560w\" sizes=\"auto, (max-width: 1024px) 100vw, 1024px\" \/><\/figure>\n<\/div>\n\n\n\n<div class=\"wp-block-uagb-container uagb-block-050269b3\">\n<figure class=\"wp-block-image size-large\"><img loading=\"lazy\" decoding=\"async\" width=\"1024\" height=\"683\" src=\"https:\/\/www.kliinikum.ee\/stomatoloogia\/wp-content\/uploads\/2023\/04\/Suukirugia_2-1024x683.jpg\" alt=\"\" class=\"wp-image-6615\" srcset=\"https:\/\/www.kliinikum.ee\/stomatoloogia\/wp-content\/uploads\/2023\/04\/Suukirugia_2-1024x683.jpg 1024w, https:\/\/www.kliinikum.ee\/stomatoloogia\/wp-content\/uploads\/2023\/04\/Suukirugia_2-300x200.jpg 300w, https:\/\/www.kliinikum.ee\/stomatoloogia\/wp-content\/uploads\/2023\/04\/Suukirugia_2-768x512.jpg 768w, https:\/\/www.kliinikum.ee\/stomatoloogia\/wp-content\/uploads\/2023\/04\/Suukirugia_2-1536x1024.jpg 1536w, https:\/\/www.kliinikum.ee\/stomatoloogia\/wp-content\/uploads\/2023\/04\/Suukirugia_2-2048x1365.jpg 2048w, https:\/\/www.kliinikum.ee\/stomatoloogia\/wp-content\/uploads\/2023\/04\/Suukirugia_2-scaled.jpg 2560w\" sizes=\"auto, (max-width: 1024px) 100vw, 1024px\" \/><\/figure>\n<\/div>\n<\/div><\/div>\n","protected":false},"excerpt":{"rendered":"<p>Suukirurgia osakond osutab j\u00e4rgnevaid teenuseid: Palume k\u00f5ikidel suukirurgilist esmaabi vajavatel patsientidel p\u00f6\u00f6rduda vastuv\u00f5tule hommikul. Esmaabi aegade eelbroneerimine telefoninumbril: 731 9282. Suukirurgi vastuv\u00f5tule registreerimine Vastuv\u00f5tule p\u00f6\u00f6rdumine Kaasa palume v\u00f5tta:1. eelnevalt tehtud r\u00f6ntgen\u00fclesv\u00f5tted2. teiste erialaspetsialistide konsultatsiooni otsused3. eelnevate uuringute andmed Esmaabi vastuv\u00f5tt Osakonna poolt teostatav t\u00f6\u00f6 on tasuline,&nbsp;v\u00e4lja arvatud v\u00e4ltimatu hambaravi teenuse osutamine. Lisainfo: https:\/\/www.tervisekassa.ee\/inimesele\/hambaravi\/taiskasvanute-hambaravi\/valtimatu-hambaravi Kuna oleme [&hellip;]<\/p>\n","protected":false},"author":34,"featured_media":0,"parent":17,"menu_order":5,"comment_status":"closed","ping_status":"closed","template":"","meta":{"_acf_changed":false,"_uag_custom_page_level_css":"","footnotes":""},"class_list":["post-6270","page","type-page","status-publish","hentry"],"acf":[],"yoast_head":"<!-- This site is optimized with the Yoast SEO plugin v27.3 - https:\/\/yoast.com\/product\/yoast-seo-wordpress\/ -->\n<title>Suukirurgia osakond - Stomatoloogia kliinik<\/title>\n<meta name=\"robots\" content=\"index, follow, max-snippet:-1, max-image-preview:large, max-video-preview:-1\" \/>\n<link rel=\"canonical\" href=\"https:\/\/www.kliinikum.ee\/stomatoloogia\/kliinikust\/suukirurgia-osakond\/\" \/>\n<meta property=\"og:locale\" content=\"et_EE\" \/>\n<meta property=\"og:type\" content=\"article\" \/>\n<meta property=\"og:title\" content=\"Suukirurgia osakond - Stomatoloogia kliinik\" \/>\n<meta property=\"og:description\" content=\"Suukirurgia osakond osutab j\u00e4rgnevaid teenuseid: Palume k\u00f5ikidel suukirurgilist esmaabi vajavatel patsientidel p\u00f6\u00f6rduda vastuv\u00f5tule hommikul. Esmaabi aegade eelbroneerimine telefoninumbril: 731 9282. Suukirurgi vastuv\u00f5tule registreerimine Vastuv\u00f5tule p\u00f6\u00f6rdumine Kaasa palume v\u00f5tta:1. eelnevalt tehtud r\u00f6ntgen\u00fclesv\u00f5tted2. teiste erialaspetsialistide konsultatsiooni otsused3. eelnevate uuringute andmed Esmaabi vastuv\u00f5tt Osakonna poolt teostatav t\u00f6\u00f6 on tasuline,&nbsp;v\u00e4lja arvatud v\u00e4ltimatu hambaravi teenuse osutamine. Lisainfo: https:\/\/www.tervisekassa.ee\/inimesele\/hambaravi\/taiskasvanute-hambaravi\/valtimatu-hambaravi Kuna oleme [&hellip;]\" \/>\n<meta property=\"og:url\" content=\"https:\/\/www.kliinikum.ee\/stomatoloogia\/kliinikust\/suukirurgia-osakond\/\" \/>\n<meta property=\"og:site_name\" content=\"Stomatoloogia kliinik\" \/>\n<meta property=\"article:modified_time\" content=\"2025-03-18T08:09:41+00:00\" \/>\n<meta property=\"og:image\" content=\"https:\/\/www.kliinikum.ee\/stomatoloogia\/wp-content\/uploads\/2023\/04\/IMG_3493-1-scaled.jpg\" \/>\n\t<meta property=\"og:image:width\" content=\"2560\" \/>\n\t<meta property=\"og:image:height\" content=\"1706\" \/>\n\t<meta property=\"og:image:type\" content=\"image\/jpeg\" \/>\n<meta name=\"twitter:card\" content=\"summary_large_image\" \/>\n<meta name=\"twitter:label1\" content=\"Est. reading time\" \/>\n\t<meta name=\"twitter:data1\" content=\"3 minutit\" \/>\n<script type=\"application\/ld+json\" class=\"yoast-schema-graph\">{\"@context\":\"https:\\\/\\\/schema.org\",\"@graph\":[{\"@type\":\"WebPage\",\"@id\":\"https:\\\/\\\/www.kliinikum.ee\\\/stomatoloogia\\\/kliinikust\\\/suukirurgia-osakond\\\/\",\"url\":\"https:\\\/\\\/www.kliinikum.ee\\\/stomatoloogia\\\/kliinikust\\\/suukirurgia-osakond\\\/\",\"name\":\"Suukirurgia osakond - Stomatoloogia kliinik\",\"isPartOf\":{\"@id\":\"https:\\\/\\\/www.kliinikum.ee\\\/stomatoloogia\\\/#website\"},\"primaryImageOfPage\":{\"@id\":\"https:\\\/\\\/www.kliinikum.ee\\\/stomatoloogia\\\/kliinikust\\\/suukirurgia-osakond\\\/#primaryimage\"},\"image\":{\"@id\":\"https:\\\/\\\/www.kliinikum.ee\\\/stomatoloogia\\\/kliinikust\\\/suukirurgia-osakond\\\/#primaryimage\"},\"thumbnailUrl\":\"https:\\\/\\\/www.kliinikum.ee\\\/stomatoloogia\\\/wp-content\\\/uploads\\\/2023\\\/04\\\/IMG_3493-1-1024x683.jpg\",\"datePublished\":\"2023-03-30T09:10:42+00:00\",\"dateModified\":\"2025-03-18T08:09:41+00:00\",\"breadcrumb\":{\"@id\":\"https:\\\/\\\/www.kliinikum.ee\\\/stomatoloogia\\\/kliinikust\\\/suukirurgia-osakond\\\/#breadcrumb\"},\"inLanguage\":\"et\",\"potentialAction\":[{\"@type\":\"ReadAction\",\"target\":[\"https:\\\/\\\/www.kliinikum.ee\\\/stomatoloogia\\\/kliinikust\\\/suukirurgia-osakond\\\/\"]}]},{\"@type\":\"ImageObject\",\"inLanguage\":\"et\",\"@id\":\"https:\\\/\\\/www.kliinikum.ee\\\/stomatoloogia\\\/kliinikust\\\/suukirurgia-osakond\\\/#primaryimage\",\"url\":\"https:\\\/\\\/www.kliinikum.ee\\\/stomatoloogia\\\/wp-content\\\/uploads\\\/2023\\\/04\\\/IMG_3493-1-scaled.jpg\",\"contentUrl\":\"https:\\\/\\\/www.kliinikum.ee\\\/stomatoloogia\\\/wp-content\\\/uploads\\\/2023\\\/04\\\/IMG_3493-1-scaled.jpg\",\"width\":2560,\"height\":1706},{\"@type\":\"BreadcrumbList\",\"@id\":\"https:\\\/\\\/www.kliinikum.ee\\\/stomatoloogia\\\/kliinikust\\\/suukirurgia-osakond\\\/#breadcrumb\",\"itemListElement\":[{\"@type\":\"ListItem\",\"position\":1,\"name\":\"Home\",\"item\":\"https:\\\/\\\/www.kliinikum.ee\\\/stomatoloogia\\\/\"},{\"@type\":\"ListItem\",\"position\":2,\"name\":\"Kliinikust\",\"item\":\"https:\\\/\\\/www.kliinikum.ee\\\/stomatoloogia\\\/kliinikust\\\/\"},{\"@type\":\"ListItem\",\"position\":3,\"name\":\"Suukirurgia osakond\"}]},{\"@type\":\"WebSite\",\"@id\":\"https:\\\/\\\/www.kliinikum.ee\\\/stomatoloogia\\\/#website\",\"url\":\"https:\\\/\\\/www.kliinikum.ee\\\/stomatoloogia\\\/\",\"name\":\"Stomatoloogia kliinik\",\"description\":\"Hoolivus, Uuendusmeelsus, P\u00e4devus ja Usaldusv\u00e4\u00e4rsus\",\"potentialAction\":[{\"@type\":\"SearchAction\",\"target\":{\"@type\":\"EntryPoint\",\"urlTemplate\":\"https:\\\/\\\/www.kliinikum.ee\\\/stomatoloogia\\\/?s={search_term_string}\"},\"query-input\":{\"@type\":\"PropertyValueSpecification\",\"valueRequired\":true,\"valueName\":\"search_term_string\"}}],\"inLanguage\":\"et\"}]}<\/script>\n<!-- \/ Yoast SEO plugin. -->","yoast_head_json":{"title":"Suukirurgia osakond - Stomatoloogia kliinik","robots":{"index":"index","follow":"follow","max-snippet":"max-snippet:-1","max-image-preview":"max-image-preview:large","max-video-preview":"max-video-preview:-1"},"canonical":"https:\/\/www.kliinikum.ee\/stomatoloogia\/kliinikust\/suukirurgia-osakond\/","og_locale":"et_EE","og_type":"article","og_title":"Suukirurgia osakond - Stomatoloogia kliinik","og_description":"Suukirurgia osakond osutab j\u00e4rgnevaid teenuseid: Palume k\u00f5ikidel suukirurgilist esmaabi vajavatel patsientidel p\u00f6\u00f6rduda vastuv\u00f5tule hommikul. Esmaabi aegade eelbroneerimine telefoninumbril: 731 9282. Suukirurgi vastuv\u00f5tule registreerimine Vastuv\u00f5tule p\u00f6\u00f6rdumine Kaasa palume v\u00f5tta:1. eelnevalt tehtud r\u00f6ntgen\u00fclesv\u00f5tted2. teiste erialaspetsialistide konsultatsiooni otsused3. eelnevate uuringute andmed Esmaabi vastuv\u00f5tt Osakonna poolt teostatav t\u00f6\u00f6 on tasuline,&nbsp;v\u00e4lja arvatud v\u00e4ltimatu hambaravi teenuse osutamine. Lisainfo: https:\/\/www.tervisekassa.ee\/inimesele\/hambaravi\/taiskasvanute-hambaravi\/valtimatu-hambaravi Kuna oleme [&hellip;]","og_url":"https:\/\/www.kliinikum.ee\/stomatoloogia\/kliinikust\/suukirurgia-osakond\/","og_site_name":"Stomatoloogia kliinik","article_modified_time":"2025-03-18T08:09:41+00:00","og_image":[{"width":2560,"height":1706,"url":"https:\/\/www.kliinikum.ee\/stomatoloogia\/wp-content\/uploads\/2023\/04\/IMG_3493-1-scaled.jpg","type":"image\/jpeg"}],"twitter_card":"summary_large_image","twitter_misc":{"Est. reading time":"3 minutit"},"schema":{"@context":"https:\/\/schema.org","@graph":[{"@type":"WebPage","@id":"https:\/\/www.kliinikum.ee\/stomatoloogia\/kliinikust\/suukirurgia-osakond\/","url":"https:\/\/www.kliinikum.ee\/stomatoloogia\/kliinikust\/suukirurgia-osakond\/","name":"Suukirurgia osakond - Stomatoloogia kliinik","isPartOf":{"@id":"https:\/\/www.kliinikum.ee\/stomatoloogia\/#website"},"primaryImageOfPage":{"@id":"https:\/\/www.kliinikum.ee\/stomatoloogia\/kliinikust\/suukirurgia-osakond\/#primaryimage"},"image":{"@id":"https:\/\/www.kliinikum.ee\/stomatoloogia\/kliinikust\/suukirurgia-osakond\/#primaryimage"},"thumbnailUrl":"https:\/\/www.kliinikum.ee\/stomatoloogia\/wp-content\/uploads\/2023\/04\/IMG_3493-1-1024x683.jpg","datePublished":"2023-03-30T09:10:42+00:00","dateModified":"2025-03-18T08:09:41+00:00","breadcrumb":{"@id":"https:\/\/www.kliinikum.ee\/stomatoloogia\/kliinikust\/suukirurgia-osakond\/#breadcrumb"},"inLanguage":"et","potentialAction":[{"@type":"ReadAction","target":["https:\/\/www.kliinikum.ee\/stomatoloogia\/kliinikust\/suukirurgia-osakond\/"]}]},{"@type":"ImageObject","inLanguage":"et","@id":"https:\/\/www.kliinikum.ee\/stomatoloogia\/kliinikust\/suukirurgia-osakond\/#primaryimage","url":"https:\/\/www.kliinikum.ee\/stomatoloogia\/wp-content\/uploads\/2023\/04\/IMG_3493-1-scaled.jpg","contentUrl":"https:\/\/www.kliinikum.ee\/stomatoloogia\/wp-content\/uploads\/2023\/04\/IMG_3493-1-scaled.jpg","width":2560,"height":1706},{"@type":"BreadcrumbList","@id":"https:\/\/www.kliinikum.ee\/stomatoloogia\/kliinikust\/suukirurgia-osakond\/#breadcrumb","itemListElement":[{"@type":"ListItem","position":1,"name":"Home","item":"https:\/\/www.kliinikum.ee\/stomatoloogia\/"},{"@type":"ListItem","position":2,"name":"Kliinikust","item":"https:\/\/www.kliinikum.ee\/stomatoloogia\/kliinikust\/"},{"@type":"ListItem","position":3,"name":"Suukirurgia osakond"}]},{"@type":"WebSite","@id":"https:\/\/www.kliinikum.ee\/stomatoloogia\/#website","url":"https:\/\/www.kliinikum.ee\/stomatoloogia\/","name":"Stomatoloogia kliinik","description":"Hoolivus, Uuendusmeelsus, P\u00e4devus ja Usaldusv\u00e4\u00e4rsus","potentialAction":[{"@type":"SearchAction","target":{"@type":"EntryPoint","urlTemplate":"https:\/\/www.kliinikum.ee\/stomatoloogia\/?s={search_term_string}"},"query-input":{"@type":"PropertyValueSpecification","valueRequired":true,"valueName":"search_term_string"}}],"inLanguage":"et"}]}},"uagb_featured_image_src":{"full":false,"thumbnail":false,"medium":false,"medium_large":false,"large":false,"1536x1536":false,"2048x2048":false},"uagb_author_info":{"display_name":"Jane Freimann","author_link":"https:\/\/www.kliinikum.ee\/stomatoloogia\/author\/janef\/"},"uagb_comment_info":0,"uagb_excerpt":"Suukirurgia osakond osutab j\u00e4rgnevaid teenuseid: Palume k\u00f5ikidel suukirurgilist esmaabi vajavatel patsientidel p\u00f6\u00f6rduda vastuv\u00f5tule hommikul. Esmaabi aegade eelbroneerimine telefoninumbril: 731 9282. Suukirurgi vastuv\u00f5tule registreerimine Vastuv\u00f5tule p\u00f6\u00f6rdumine Kaasa palume v\u00f5tta:1. eelnevalt tehtud r\u00f6ntgen\u00fclesv\u00f5tted2. teiste erialaspetsialistide konsultatsiooni otsused3. eelnevate uuringute andmed Esmaabi vastuv\u00f5tt Osakonna poolt teostatav t\u00f6\u00f6 on tasuline,&nbsp;v\u00e4lja arvatud v\u00e4ltimatu hambaravi teenuse osutamine. Lisainfo: https:\/\/www.tervisekassa.ee\/inimesele\/hambaravi\/taiskasvanute-hambaravi\/valtimatu-hambaravi Kuna oleme&hellip;","_links":{"self":[{"href":"https:\/\/www.kliinikum.ee\/stomatoloogia\/wp-json\/wp\/v2\/pages\/6270","targetHints":{"allow":["GET"]}}],"collection":[{"href":"https:\/\/www.kliinikum.ee\/stomatoloogia\/wp-json\/wp\/v2\/pages"}],"about":[{"href":"https:\/\/www.kliinikum.ee\/stomatoloogia\/wp-json\/wp\/v2\/types\/page"}],"author":[{"embeddable":true,"href":"https:\/\/www.kliinikum.ee\/stomatoloogia\/wp-json\/wp\/v2\/users\/34"}],"replies":[{"embeddable":true,"href":"https:\/\/www.kliinikum.ee\/stomatoloogia\/wp-json\/wp\/v2\/comments?post=6270"}],"version-history":[{"count":0,"href":"https:\/\/www.kliinikum.ee\/stomatoloogia\/wp-json\/wp\/v2\/pages\/6270\/revisions"}],"up":[{"embeddable":true,"href":"https:\/\/www.kliinikum.ee\/stomatoloogia\/wp-json\/wp\/v2\/pages\/17"}],"wp:attachment":[{"href":"https:\/\/www.kliinikum.ee\/stomatoloogia\/wp-json\/wp\/v2\/media?parent=6270"}],"curies":[{"name":"wp","href":"https:\/\/api.w.org\/{rel}","templated":true}]}}