{"id":6272,"date":"2023-03-30T11:12:44","date_gmt":"2023-03-30T09:12:44","guid":{"rendered":"https:\/\/www.kliinikum.ee\/stomatoloogia\/?page_id=6272"},"modified":"2025-03-18T10:01:08","modified_gmt":"2025-03-18T08:01:08","slug":"suu-ja-hambahaiguste-osakond","status":"publish","type":"page","link":"https:\/\/www.kliinikum.ee\/stomatoloogia\/kliinikust\/suu-ja-hambahaiguste-osakond\/","title":{"rendered":"Suu- ja hambahaiguste osakond"},"content":{"rendered":"\n<p class=\"has-medium-font-size\"><strong>Vastuv\u00f5tule p\u00f6\u00f6rdumine<\/strong><\/p>\n\n\n\n<ul class=\"wp-block-list\">\n<li class=\"has-medium-font-size\">Vastuv\u00f5tule saabudes tuleb k\u00f5ikidel patsientidel, nii esmakordsetel kui korduvatel p\u00f6\u00f6rduda registratuuri.<\/li>\n\n\n\n<li class=\"has-medium-font-size\">Registreerimisel tuleb esitada pildiga isikut t\u00f5endav dokument.<\/li>\n<\/ul>\n\n\n\n<p class=\"has-medium-font-size\"><strong>Vastuv\u00f5tule registreerimine<\/strong><\/p>\n\n\n\n<ul class=\"wp-block-list\">\n<li class=\"has-medium-font-size\">Hambaarsti vastuv\u00f5tule registreeritakse kohapeal\u00a0 v\u00f5i telefoni teel:\u00a0 L. Puusepa 1a, registratuur, telefon 731 9100. L. Puusepa 1a IV korrus, telefon 731 9282.<\/li>\n<\/ul>\n\n\n\n<p class=\"has-medium-font-size\"><strong>Esmaabi vastuv\u00f5tt<\/strong><\/p>\n\n\n\n<ul class=\"wp-block-list\">\n<li class=\"has-medium-font-size\">Esmaabi vastuv\u00f5tt t\u00f6\u00f6p\u00e4eviti&nbsp;8.00-17.00.<\/li>\n\n\n\n<li class=\"has-medium-font-size\">Esmaabi vajavaid patsiente teenindatakse v\u00f5imalikult kiiresti sama t\u00f6\u00f6p\u00e4eva jooksul, kuid patsiendid peavad arvestama ooteajaga.<\/li>\n<\/ul>\n\n\n\n<p class=\"has-medium-font-size\">Suu- ja hambahaiguste osakond teostab t\u00e4iskasvanutel kaariese ning selle t\u00fcsistuste ravi, seal hulgas v\u00e4ltimatu ravi, endodontiline ravi mikroskoobiga, parodontoloogiline ravi ning hammaste asendamine implantaatidega. Osakond pakub ka t\u00e4iskasvanute hambaravi narkoosis. Lisaks teostatakse hammaste ekstraktsioone ja v\u00e4iksemaid kirurgilisi protseduure, hambaravi lastel ning valmistatakse hambaproteese.<\/p>\n\n\n\n<p class=\"has-medium-font-size\"><strong>Osutatavad teenused<\/strong><\/p>\n\n\n\n<ul class=\"wp-block-list\">\n<li class=\"has-medium-font-size\">Kaariese ravi<\/li>\n\n\n\n<li class=\"has-medium-font-size\">Juureravi<\/li>\n\n\n\n<li class=\"has-medium-font-size\">Hambakivi eemaldamine<\/li>\n\n\n\n<li class=\"has-medium-font-size\">Hammaste puhastamine soodapritsiga<\/li>\n\n\n\n<li class=\"has-medium-font-size\">Hammaste valgendamine<\/li>\n\n\n\n<li class=\"has-medium-font-size\">Hammaste asendamine implantaatidega<\/li>\n\n\n\n<li class=\"has-medium-font-size\">Juureravi mikroskoobiga<\/li>\n\n\n\n<li class=\"has-medium-font-size\">Igemehaiguste ravi<\/li>\n<\/ul>\n\n\n\n<p class=\"has-medium-font-size\"><strong>Juureravi mikroskoobiga<\/strong><\/p>\n\n\n\n<ul class=\"wp-block-list\">\n<li class=\"has-medium-font-size\">Raskesti l\u00e4bitavate juurekanalite ravi<\/li>\n\n\n\n<li class=\"has-medium-font-size\">Perforatsioonide sulgemine<\/li>\n\n\n\n<li class=\"has-medium-font-size\">Murdunud instrumentide eemaldamine<\/li>\n<\/ul>\n\n\n\n<p class=\"has-medium-font-size\">Arstid: dr. Unt,&nbsp; dr. Sinij\u00e4rv, dr. R\u00f6mer, dr. Seedre<\/p>\n\n\n\n<p class=\"has-medium-font-size\"><strong>Igemeravi<\/strong><\/p>\n\n\n\n<ul class=\"wp-block-list\">\n<li class=\"has-medium-font-size\">Igemehaiguste diagnoosimine<\/li>\n\n\n\n<li class=\"has-medium-font-size\">Igemetaskute s\u00fcgavpuhastus<\/li>\n\n\n\n<li class=\"has-medium-font-size\">Paljastunud hambakaelte ravi<\/li>\n<\/ul>\n\n\n\n<div class=\"wp-block-uagb-container uagb-block-21b8052e alignfull uagb-is-root-container\"><div class=\"uagb-container-inner-blocks-wrap\">\n<div class=\"wp-block-uagb-container uagb-block-a269e8aa\">\n<figure class=\"wp-block-image size-large\"><img loading=\"lazy\" decoding=\"async\" width=\"1024\" height=\"683\" src=\"https:\/\/www.kliinikum.ee\/stomatoloogia\/wp-content\/uploads\/2023\/04\/Teele-1-1024x683.jpg\" alt=\"\" class=\"wp-image-6640\" srcset=\"https:\/\/www.kliinikum.ee\/stomatoloogia\/wp-content\/uploads\/2023\/04\/Teele-1-1024x683.jpg 1024w, https:\/\/www.kliinikum.ee\/stomatoloogia\/wp-content\/uploads\/2023\/04\/Teele-1-300x200.jpg 300w, https:\/\/www.kliinikum.ee\/stomatoloogia\/wp-content\/uploads\/2023\/04\/Teele-1-768x512.jpg 768w, https:\/\/www.kliinikum.ee\/stomatoloogia\/wp-content\/uploads\/2023\/04\/Teele-1-1536x1024.jpg 1536w, https:\/\/www.kliinikum.ee\/stomatoloogia\/wp-content\/uploads\/2023\/04\/Teele-1-2048x1365.jpg 2048w, https:\/\/www.kliinikum.ee\/stomatoloogia\/wp-content\/uploads\/2023\/04\/Teele-1-scaled.jpg 2560w\" sizes=\"auto, (max-width: 1024px) 100vw, 1024px\" \/><\/figure>\n<\/div>\n\n\n\n<div class=\"wp-block-uagb-container uagb-block-e5510040\">\n<figure class=\"wp-block-image size-large\"><img loading=\"lazy\" decoding=\"async\" width=\"1024\" height=\"683\" src=\"https:\/\/www.kliinikum.ee\/stomatoloogia\/wp-content\/uploads\/2023\/04\/IMG_4370-1-1024x683.jpg\" alt=\"\" class=\"wp-image-6454\" srcset=\"https:\/\/www.kliinikum.ee\/stomatoloogia\/wp-content\/uploads\/2023\/04\/IMG_4370-1-1024x683.jpg 1024w, https:\/\/www.kliinikum.ee\/stomatoloogia\/wp-content\/uploads\/2023\/04\/IMG_4370-1-300x200.jpg 300w, https:\/\/www.kliinikum.ee\/stomatoloogia\/wp-content\/uploads\/2023\/04\/IMG_4370-1-768x512.jpg 768w, https:\/\/www.kliinikum.ee\/stomatoloogia\/wp-content\/uploads\/2023\/04\/IMG_4370-1-1536x1024.jpg 1536w, https:\/\/www.kliinikum.ee\/stomatoloogia\/wp-content\/uploads\/2023\/04\/IMG_4370-1-2048x1365.jpg 2048w, https:\/\/www.kliinikum.ee\/stomatoloogia\/wp-content\/uploads\/2023\/04\/IMG_4370-1-scaled.jpg 2560w\" sizes=\"auto, (max-width: 1024px) 100vw, 1024px\" \/><\/figure>\n<\/div>\n<\/div><\/div>\n","protected":false},"excerpt":{"rendered":"<p>Vastuv\u00f5tule p\u00f6\u00f6rdumine Vastuv\u00f5tule registreerimine Esmaabi vastuv\u00f5tt Suu- ja hambahaiguste osakond teostab t\u00e4iskasvanutel kaariese ning selle t\u00fcsistuste ravi, seal hulgas v\u00e4ltimatu ravi, endodontiline ravi mikroskoobiga, parodontoloogiline ravi ning hammaste asendamine implantaatidega. Osakond pakub ka t\u00e4iskasvanute hambaravi narkoosis. Lisaks teostatakse hammaste ekstraktsioone ja v\u00e4iksemaid kirurgilisi protseduure, hambaravi lastel ning valmistatakse hambaproteese. Osutatavad teenused Juureravi mikroskoobiga Arstid: dr. [&hellip;]<\/p>\n","protected":false},"author":34,"featured_media":0,"parent":17,"menu_order":4,"comment_status":"closed","ping_status":"closed","template":"","meta":{"_acf_changed":false,"_uag_custom_page_level_css":"","footnotes":""},"class_list":["post-6272","page","type-page","status-publish","hentry"],"acf":[],"yoast_head":"<!-- This site is optimized with the Yoast SEO plugin v27.5 - https:\/\/yoast.com\/product\/yoast-seo-wordpress\/ -->\n<title>Suu- ja hambahaiguste osakond - Stomatoloogia kliinik<\/title>\n<meta name=\"robots\" content=\"index, follow, max-snippet:-1, max-image-preview:large, max-video-preview:-1\" \/>\n<link rel=\"canonical\" href=\"https:\/\/www.kliinikum.ee\/stomatoloogia\/kliinikust\/suu-ja-hambahaiguste-osakond\/\" \/>\n<meta property=\"og:locale\" content=\"et_EE\" \/>\n<meta property=\"og:type\" content=\"article\" \/>\n<meta property=\"og:title\" content=\"Suu- ja hambahaiguste osakond - Stomatoloogia kliinik\" \/>\n<meta property=\"og:description\" content=\"Vastuv\u00f5tule p\u00f6\u00f6rdumine Vastuv\u00f5tule registreerimine Esmaabi vastuv\u00f5tt Suu- ja hambahaiguste osakond teostab t\u00e4iskasvanutel kaariese ning selle t\u00fcsistuste ravi, seal hulgas v\u00e4ltimatu ravi, endodontiline ravi mikroskoobiga, parodontoloogiline ravi ning hammaste asendamine implantaatidega. Osakond pakub ka t\u00e4iskasvanute hambaravi narkoosis. Lisaks teostatakse hammaste ekstraktsioone ja v\u00e4iksemaid kirurgilisi protseduure, hambaravi lastel ning valmistatakse hambaproteese. Osutatavad teenused Juureravi mikroskoobiga Arstid: dr. [&hellip;]\" \/>\n<meta property=\"og:url\" content=\"https:\/\/www.kliinikum.ee\/stomatoloogia\/kliinikust\/suu-ja-hambahaiguste-osakond\/\" \/>\n<meta property=\"og:site_name\" content=\"Stomatoloogia kliinik\" \/>\n<meta property=\"article:modified_time\" content=\"2025-03-18T08:01:08+00:00\" \/>\n<meta property=\"og:image\" content=\"https:\/\/www.kliinikum.ee\/stomatoloogia\/wp-content\/uploads\/2023\/04\/Teele-1-scaled.jpg\" \/>\n\t<meta property=\"og:image:width\" content=\"2560\" \/>\n\t<meta property=\"og:image:height\" content=\"1706\" \/>\n\t<meta property=\"og:image:type\" content=\"image\/jpeg\" \/>\n<meta name=\"twitter:card\" content=\"summary_large_image\" \/>\n<meta name=\"twitter:label1\" content=\"Est. reading time\" \/>\n\t<meta name=\"twitter:data1\" content=\"2 minutit\" \/>\n<script type=\"application\/ld+json\" class=\"yoast-schema-graph\">{\"@context\":\"https:\\\/\\\/schema.org\",\"@graph\":[{\"@type\":\"WebPage\",\"@id\":\"https:\\\/\\\/www.kliinikum.ee\\\/stomatoloogia\\\/kliinikust\\\/suu-ja-hambahaiguste-osakond\\\/\",\"url\":\"https:\\\/\\\/www.kliinikum.ee\\\/stomatoloogia\\\/kliinikust\\\/suu-ja-hambahaiguste-osakond\\\/\",\"name\":\"Suu- ja hambahaiguste osakond - Stomatoloogia kliinik\",\"isPartOf\":{\"@id\":\"https:\\\/\\\/www.kliinikum.ee\\\/stomatoloogia\\\/#website\"},\"primaryImageOfPage\":{\"@id\":\"https:\\\/\\\/www.kliinikum.ee\\\/stomatoloogia\\\/kliinikust\\\/suu-ja-hambahaiguste-osakond\\\/#primaryimage\"},\"image\":{\"@id\":\"https:\\\/\\\/www.kliinikum.ee\\\/stomatoloogia\\\/kliinikust\\\/suu-ja-hambahaiguste-osakond\\\/#primaryimage\"},\"thumbnailUrl\":\"https:\\\/\\\/www.kliinikum.ee\\\/stomatoloogia\\\/wp-content\\\/uploads\\\/2023\\\/04\\\/Teele-1-1024x683.jpg\",\"datePublished\":\"2023-03-30T09:12:44+00:00\",\"dateModified\":\"2025-03-18T08:01:08+00:00\",\"breadcrumb\":{\"@id\":\"https:\\\/\\\/www.kliinikum.ee\\\/stomatoloogia\\\/kliinikust\\\/suu-ja-hambahaiguste-osakond\\\/#breadcrumb\"},\"inLanguage\":\"et\",\"potentialAction\":[{\"@type\":\"ReadAction\",\"target\":[\"https:\\\/\\\/www.kliinikum.ee\\\/stomatoloogia\\\/kliinikust\\\/suu-ja-hambahaiguste-osakond\\\/\"]}]},{\"@type\":\"ImageObject\",\"inLanguage\":\"et\",\"@id\":\"https:\\\/\\\/www.kliinikum.ee\\\/stomatoloogia\\\/kliinikust\\\/suu-ja-hambahaiguste-osakond\\\/#primaryimage\",\"url\":\"https:\\\/\\\/www.kliinikum.ee\\\/stomatoloogia\\\/wp-content\\\/uploads\\\/2023\\\/04\\\/Teele-1-scaled.jpg\",\"contentUrl\":\"https:\\\/\\\/www.kliinikum.ee\\\/stomatoloogia\\\/wp-content\\\/uploads\\\/2023\\\/04\\\/Teele-1-scaled.jpg\",\"width\":2560,\"height\":1706},{\"@type\":\"BreadcrumbList\",\"@id\":\"https:\\\/\\\/www.kliinikum.ee\\\/stomatoloogia\\\/kliinikust\\\/suu-ja-hambahaiguste-osakond\\\/#breadcrumb\",\"itemListElement\":[{\"@type\":\"ListItem\",\"position\":1,\"name\":\"Home\",\"item\":\"https:\\\/\\\/www.kliinikum.ee\\\/stomatoloogia\\\/\"},{\"@type\":\"ListItem\",\"position\":2,\"name\":\"Kliinikust\",\"item\":\"https:\\\/\\\/www.kliinikum.ee\\\/stomatoloogia\\\/kliinikust\\\/\"},{\"@type\":\"ListItem\",\"position\":3,\"name\":\"Suu- ja hambahaiguste osakond\"}]},{\"@type\":\"WebSite\",\"@id\":\"https:\\\/\\\/www.kliinikum.ee\\\/stomatoloogia\\\/#website\",\"url\":\"https:\\\/\\\/www.kliinikum.ee\\\/stomatoloogia\\\/\",\"name\":\"Stomatoloogia kliinik\",\"description\":\"Hoolivus, Uuendusmeelsus, P\u00e4devus ja Usaldusv\u00e4\u00e4rsus\",\"potentialAction\":[{\"@type\":\"SearchAction\",\"target\":{\"@type\":\"EntryPoint\",\"urlTemplate\":\"https:\\\/\\\/www.kliinikum.ee\\\/stomatoloogia\\\/?s={search_term_string}\"},\"query-input\":{\"@type\":\"PropertyValueSpecification\",\"valueRequired\":true,\"valueName\":\"search_term_string\"}}],\"inLanguage\":\"et\"}]}<\/script>\n<!-- \/ Yoast SEO plugin. -->","yoast_head_json":{"title":"Suu- ja hambahaiguste osakond - Stomatoloogia kliinik","robots":{"index":"index","follow":"follow","max-snippet":"max-snippet:-1","max-image-preview":"max-image-preview:large","max-video-preview":"max-video-preview:-1"},"canonical":"https:\/\/www.kliinikum.ee\/stomatoloogia\/kliinikust\/suu-ja-hambahaiguste-osakond\/","og_locale":"et_EE","og_type":"article","og_title":"Suu- ja hambahaiguste osakond - Stomatoloogia kliinik","og_description":"Vastuv\u00f5tule p\u00f6\u00f6rdumine Vastuv\u00f5tule registreerimine Esmaabi vastuv\u00f5tt Suu- ja hambahaiguste osakond teostab t\u00e4iskasvanutel kaariese ning selle t\u00fcsistuste ravi, seal hulgas v\u00e4ltimatu ravi, endodontiline ravi mikroskoobiga, parodontoloogiline ravi ning hammaste asendamine implantaatidega. Osakond pakub ka t\u00e4iskasvanute hambaravi narkoosis. Lisaks teostatakse hammaste ekstraktsioone ja v\u00e4iksemaid kirurgilisi protseduure, hambaravi lastel ning valmistatakse hambaproteese. Osutatavad teenused Juureravi mikroskoobiga Arstid: dr. [&hellip;]","og_url":"https:\/\/www.kliinikum.ee\/stomatoloogia\/kliinikust\/suu-ja-hambahaiguste-osakond\/","og_site_name":"Stomatoloogia kliinik","article_modified_time":"2025-03-18T08:01:08+00:00","og_image":[{"width":2560,"height":1706,"url":"https:\/\/www.kliinikum.ee\/stomatoloogia\/wp-content\/uploads\/2023\/04\/Teele-1-scaled.jpg","type":"image\/jpeg"}],"twitter_card":"summary_large_image","twitter_misc":{"Est. reading time":"2 minutit"},"schema":{"@context":"https:\/\/schema.org","@graph":[{"@type":"WebPage","@id":"https:\/\/www.kliinikum.ee\/stomatoloogia\/kliinikust\/suu-ja-hambahaiguste-osakond\/","url":"https:\/\/www.kliinikum.ee\/stomatoloogia\/kliinikust\/suu-ja-hambahaiguste-osakond\/","name":"Suu- ja hambahaiguste osakond - Stomatoloogia kliinik","isPartOf":{"@id":"https:\/\/www.kliinikum.ee\/stomatoloogia\/#website"},"primaryImageOfPage":{"@id":"https:\/\/www.kliinikum.ee\/stomatoloogia\/kliinikust\/suu-ja-hambahaiguste-osakond\/#primaryimage"},"image":{"@id":"https:\/\/www.kliinikum.ee\/stomatoloogia\/kliinikust\/suu-ja-hambahaiguste-osakond\/#primaryimage"},"thumbnailUrl":"https:\/\/www.kliinikum.ee\/stomatoloogia\/wp-content\/uploads\/2023\/04\/Teele-1-1024x683.jpg","datePublished":"2023-03-30T09:12:44+00:00","dateModified":"2025-03-18T08:01:08+00:00","breadcrumb":{"@id":"https:\/\/www.kliinikum.ee\/stomatoloogia\/kliinikust\/suu-ja-hambahaiguste-osakond\/#breadcrumb"},"inLanguage":"et","potentialAction":[{"@type":"ReadAction","target":["https:\/\/www.kliinikum.ee\/stomatoloogia\/kliinikust\/suu-ja-hambahaiguste-osakond\/"]}]},{"@type":"ImageObject","inLanguage":"et","@id":"https:\/\/www.kliinikum.ee\/stomatoloogia\/kliinikust\/suu-ja-hambahaiguste-osakond\/#primaryimage","url":"https:\/\/www.kliinikum.ee\/stomatoloogia\/wp-content\/uploads\/2023\/04\/Teele-1-scaled.jpg","contentUrl":"https:\/\/www.kliinikum.ee\/stomatoloogia\/wp-content\/uploads\/2023\/04\/Teele-1-scaled.jpg","width":2560,"height":1706},{"@type":"BreadcrumbList","@id":"https:\/\/www.kliinikum.ee\/stomatoloogia\/kliinikust\/suu-ja-hambahaiguste-osakond\/#breadcrumb","itemListElement":[{"@type":"ListItem","position":1,"name":"Home","item":"https:\/\/www.kliinikum.ee\/stomatoloogia\/"},{"@type":"ListItem","position":2,"name":"Kliinikust","item":"https:\/\/www.kliinikum.ee\/stomatoloogia\/kliinikust\/"},{"@type":"ListItem","position":3,"name":"Suu- ja hambahaiguste osakond"}]},{"@type":"WebSite","@id":"https:\/\/www.kliinikum.ee\/stomatoloogia\/#website","url":"https:\/\/www.kliinikum.ee\/stomatoloogia\/","name":"Stomatoloogia kliinik","description":"Hoolivus, Uuendusmeelsus, P\u00e4devus ja Usaldusv\u00e4\u00e4rsus","potentialAction":[{"@type":"SearchAction","target":{"@type":"EntryPoint","urlTemplate":"https:\/\/www.kliinikum.ee\/stomatoloogia\/?s={search_term_string}"},"query-input":{"@type":"PropertyValueSpecification","valueRequired":true,"valueName":"search_term_string"}}],"inLanguage":"et"}]}},"uagb_featured_image_src":{"full":false,"thumbnail":false,"medium":false,"medium_large":false,"large":false,"1536x1536":false,"2048x2048":false},"uagb_author_info":{"display_name":"Jane Freimann","author_link":"https:\/\/www.kliinikum.ee\/stomatoloogia\/author\/janef\/"},"uagb_comment_info":0,"uagb_excerpt":"Vastuv\u00f5tule p\u00f6\u00f6rdumine Vastuv\u00f5tule registreerimine Esmaabi vastuv\u00f5tt Suu- ja hambahaiguste osakond teostab t\u00e4iskasvanutel kaariese ning selle t\u00fcsistuste ravi, seal hulgas v\u00e4ltimatu ravi, endodontiline ravi mikroskoobiga, parodontoloogiline ravi ning hammaste asendamine implantaatidega. Osakond pakub ka t\u00e4iskasvanute hambaravi narkoosis. Lisaks teostatakse hammaste ekstraktsioone ja v\u00e4iksemaid kirurgilisi protseduure, hambaravi lastel ning valmistatakse hambaproteese. Osutatavad teenused Juureravi mikroskoobiga Arstid: dr.&hellip;","_links":{"self":[{"href":"https:\/\/www.kliinikum.ee\/stomatoloogia\/wp-json\/wp\/v2\/pages\/6272","targetHints":{"allow":["GET"]}}],"collection":[{"href":"https:\/\/www.kliinikum.ee\/stomatoloogia\/wp-json\/wp\/v2\/pages"}],"about":[{"href":"https:\/\/www.kliinikum.ee\/stomatoloogia\/wp-json\/wp\/v2\/types\/page"}],"author":[{"embeddable":true,"href":"https:\/\/www.kliinikum.ee\/stomatoloogia\/wp-json\/wp\/v2\/users\/34"}],"replies":[{"embeddable":true,"href":"https:\/\/www.kliinikum.ee\/stomatoloogia\/wp-json\/wp\/v2\/comments?post=6272"}],"version-history":[{"count":0,"href":"https:\/\/www.kliinikum.ee\/stomatoloogia\/wp-json\/wp\/v2\/pages\/6272\/revisions"}],"up":[{"embeddable":true,"href":"https:\/\/www.kliinikum.ee\/stomatoloogia\/wp-json\/wp\/v2\/pages\/17"}],"wp:attachment":[{"href":"https:\/\/www.kliinikum.ee\/stomatoloogia\/wp-json\/wp\/v2\/media?parent=6272"}],"curies":[{"name":"wp","href":"https:\/\/api.w.org\/{rel}","templated":true}]}}