{"id":6319,"date":"2023-03-31T14:20:52","date_gmt":"2023-03-31T12:20:52","guid":{"rendered":"https:\/\/www.kliinikum.ee\/stomatoloogia\/?page_id=6319"},"modified":"2024-07-23T11:48:38","modified_gmt":"2024-07-23T09:48:38","slug":"parkimine","status":"publish","type":"page","link":"https:\/\/www.kliinikum.ee\/stomatoloogia\/patsiendile\/parkimine\/","title":{"rendered":"Parkimine"},"content":{"rendered":"\n<p><strong>1. juulist 2024<\/strong>&nbsp;korraldab Tartu \u00dclikooli Kliinikumi k\u00f5ikidel parkimisaladel parkimisteenust O\u00dc Europark. Parkimine on tasuline j\u00e4rgmistel kinnistutel: L.&nbsp;Puusepa 1a, 2, 4, 6, 8; N. Lunini 6 ja 14 ja Ravila 19 ning Maarjam\u00f5isa parkimismaja ja selle vahetu \u00fcmbrus ehk N. Lunini 16 kinnistu.<\/p>\n\n\n\n<p><mark>Parkimistsoon&nbsp;<strong>EP326<\/strong><\/mark><\/p>\n\n\n\n<ul class=\"wp-block-list\">\n<li>Parkimisalad j\u00e4rgmistel kinnistutel ja hoonete \u00fcmbruses, kaardil m\u00e4rgitud helesinisega:\u00a0L. Puusepa 1a, 2, 4, 6;\u00a0N. Lunini 6 ja 14 (1\/3 parklast);\u00a0Ravila 19.<\/li>\n\n\n\n<li>Parkimine tasuline E-R 08.00\u201318.00.<\/li>\n\n\n\n<li>Parkimise algusaja fikseerimisel (parkimiskellaga) 90 min tasuta.<\/li>\n\n\n\n<li>Tariifid: 30 min 0.75\u20ac, p\u00e4evahind 5\u20ac (kell 08.00-18.00).<\/li>\n\n\n\n<li>Liikumispuudega v\u00f5i pimedat inimest teenindava s\u00f5iduki parkimiskaardiga parkimine s\u00f5ltumata parkimiskohast tasuta.<\/li>\n<\/ul>\n\n\n\n<p><mark>Parkimistsoon&nbsp;<strong>EP327<\/strong><\/mark><\/p>\n\n\n\n<ul class=\"wp-block-list\">\n<li>Parkimisalad L. Puusepa 8 hoone \u00fcmbruses ja N. Lunini 14 kinnistul (2\/3 parklast), kaardil m\u00e4rgitud punasega.<\/li>\n\n\n\n<li>Parkimine tasuline E-R 08.00\u201318.00.<\/li>\n\n\n\n<li>Parkimise algusaja fikseerimisel (parkimiskellaga)\u00a015 min tasuta.<\/li>\n\n\n\n<li>Tariifid: 30 min 0.75\u20ac, p\u00e4evahind 5\u20ac (kell 08.00-18.00).<\/li>\n\n\n\n<li>Liikumispuudega v\u00f5i pimedat inimest teenindava s\u00f5iduki parkimiskaardiga parkimine s\u00f5ltumata parkimiskohast tasuta.<\/li>\n<\/ul>\n\n\n\n<p>Makseterminalis toimub parkimise eest tasumine ettemaksena sularahas v\u00f5i pangakaardiga. Arvestuse aluseks olev ajavahemik on 30 minutit. Parkimisautomaadid asuvad: L. Puusepa 8 peauksed ja EMO sissep\u00e4\u00e4s, Ravila 19 parkla, L. Puusepa 1a hoone alumine sissep\u00e4\u00e4s, L. Puusepa 2 k\u00fcljeuks.<\/p>\n\n\n\n<p>Mobiiltelefoniga parkides tuleb saata SMS l\u00fchinumbrile 1902 (s\u00f5numisse auto nr, t\u00fchik ja tsoon, n\u00e4iteks: 111ABC EP327 v\u00f5i 111ABC EP326). L\u00f5petamiseks helistage numbrile 1903. Parkimise hinnale lisandub mobiilside operaatori teenustasu.<\/p>\n\n\n\n<p>T\u00e4psem info&nbsp;<a href=\"https:\/\/europark.ee\/\">siin<\/a>.<\/p>\n\n\n\n<p><mark>Parkimistsoon&nbsp;<strong>EP201<\/strong><\/mark><\/p>\n\n\n\n<ul class=\"wp-block-list\">\n<li>Parkimisalad parkimismaja ja N. Lunini 16 kinnistul, kaardil m\u00e4rgitud tumesinisega.<\/li>\n\n\n\n<li>Parkimine tasuline \u00f6\u00f6p\u00e4evaringselt.<\/li>\n\n\n\n<li>Tariifid:\u00a030 min 0,75\u20ac, 24h 5\u20ac.<\/li>\n\n\n\n<li>Tasumine\n<ul class=\"wp-block-list\">\n<li>Parkimisautomaadis sularahas ja pangakaardiga.<\/li>\n\n\n\n<li>Mobiiltelefoniga SMS l\u00fchinumbrile 1902 (s\u00f5numisse auto nr, t\u00fchik ja tsoon, n\u00e4iteks: 111ABC EP201). L\u00f5petamiseks helistage numbrile 1903. Parkimise hinnale lisandub mobiilside operaatori teenustasu.<\/li>\n\n\n\n<li>Parkimispilet makseautomaadist 1 n\u00e4dalaks, hinnaga 12\u20ac (v\u00f5imalik osta makseautomaadist ja Europargi kodulehelt).<\/li>\n\n\n\n<li>Europark iseteenindusest\u00a0<a href=\"http:\/\/www.europark.ee\/\">www.europark.ee<\/a>\u00a0parkimis\u00f5igus 30 p\u00e4eva, hinnaga 44\u20ac (luba kehtib Maarjam\u00f5isa parkimismajas ja selle vahetus l\u00e4heduses olevas parklas N. Lunini 16 kinnistul) \u00a0ja hinnaga 36 eurot (luba kehtib ainult parkimismaja 4., 4A., 5. ja 6. korrustel).<\/li>\n<\/ul>\n<\/li>\n\n\n\n<li>Lisainfo\u00a0<a href=\"https:\/\/europark.ee\/\">europark.ee<\/a><\/li>\n<\/ul>\n\n\n\n<p><mark>EMO parkla<\/mark><\/p>\n\n\n\n<ul class=\"wp-block-list\">\n<li>EMO maa-alune parkla on m\u00f5eldud kasutamiseks EMO patsiendile, s\u00fcnnitajale ja perele, kus arstiabi vajab vasts\u00fcndinu v\u00f5i liikumispuudega laps. EMO parkla asub M-korpuse 0 korrusel.<\/li>\n\n\n\n<li>Parkimine valideeritud ehk registreeritud piletiga on tasuta 72h. Iga j\u00e4rgnev tund 1\u20ac, \u00f6\u00f6p\u00e4ev 5\u20ac. Pileti saate valideerida EMOsse sisenemisel v\u00f5i sealt lahkumisel triaa\u017eis.<\/li>\n\n\n\n<li>Pileti validaatorid asuvad ka s\u00fcnnitusosakonnas, neonatoloogia osakonnas ja lastekliiniku riidehoius.<\/li>\n\n\n\n<li>Kui Teid suunatakse EMOst haiglaravile ja Te parkisite auto maa-alusesse parklasse, saate pileti valideerida M-korpuses, lastekliiniku riidehoius ja sealt suunduda liftiga parklasse.<\/li>\n\n\n\n<li>Parkimise l\u00f5petamiseks sisestage pilet makseterminali ja tasuge sularaha v\u00f5i pangakaardiga, kui parkimine valideeritud piletiga on kestnud enam kui 72 tundi.<\/li>\n\n\n\n<li>Pileti kontrollimise v\u00f5i tasumise hetkest j\u00e4\u00e4b parklast v\u00e4ljumiseks aega 30 minutit.<\/li>\n\n\n\n<li>Kaotatud v\u00f5i rikutud pileti tasu on 10\u20ac.<\/li>\n<\/ul>\n\n\n\n<p><strong>EMO sissep\u00e4\u00e4su ees on lubatud vaid peatuda kuni 30 minutit patsientide peale- v\u00f5i mahamineku ajaks.<\/strong>&nbsp;<strong>Kiirabihalli ees (kollane m\u00e4rgistus \u201cEMO patsient\u201d)<\/strong>&nbsp;<strong>kehtib parkimistsoon EP327.<\/strong><\/p>\n\n\n\n<figure class=\"wp-block-image\"><img decoding=\"async\" src=\"https:\/\/www.kliinikum.ee\/wp-content\/uploads\/2024\/06\/parkimine-01.07.2024.jpg\" alt=\"\" class=\"wp-image-28974\"\/><\/figure>\n","protected":false},"excerpt":{"rendered":"<p>1. juulist 2024&nbsp;korraldab Tartu \u00dclikooli Kliinikumi k\u00f5ikidel parkimisaladel parkimisteenust O\u00dc Europark. Parkimine on tasuline j\u00e4rgmistel kinnistutel: L.&nbsp;Puusepa 1a, 2, 4, 6, 8; N. Lunini 6 ja 14 ja Ravila 19 ning Maarjam\u00f5isa parkimismaja ja selle vahetu \u00fcmbrus ehk N. Lunini 16 kinnistu. Parkimistsoon&nbsp;EP326 Parkimistsoon&nbsp;EP327 Makseterminalis toimub parkimise eest tasumine ettemaksena sularahas v\u00f5i pangakaardiga. Arvestuse aluseks [&hellip;]<\/p>\n","protected":false},"author":30,"featured_media":0,"parent":15,"menu_order":10,"comment_status":"closed","ping_status":"closed","template":"","meta":{"_acf_changed":false,"_uag_custom_page_level_css":"","footnotes":""},"class_list":["post-6319","page","type-page","status-publish","hentry"],"acf":[],"yoast_head":"<!-- This site is optimized with the Yoast SEO plugin v27.3 - https:\/\/yoast.com\/product\/yoast-seo-wordpress\/ -->\n<title>Parkimine - Stomatoloogia kliinik<\/title>\n<meta name=\"robots\" content=\"index, follow, max-snippet:-1, max-image-preview:large, max-video-preview:-1\" \/>\n<link rel=\"canonical\" href=\"https:\/\/www.kliinikum.ee\/stomatoloogia\/patsiendile\/parkimine\/\" \/>\n<meta property=\"og:locale\" content=\"et_EE\" \/>\n<meta property=\"og:type\" content=\"article\" \/>\n<meta property=\"og:title\" content=\"Parkimine - Stomatoloogia kliinik\" \/>\n<meta property=\"og:description\" content=\"1. juulist 2024&nbsp;korraldab Tartu \u00dclikooli Kliinikumi k\u00f5ikidel parkimisaladel parkimisteenust O\u00dc Europark. Parkimine on tasuline j\u00e4rgmistel kinnistutel: L.&nbsp;Puusepa 1a, 2, 4, 6, 8; N. Lunini 6 ja 14 ja Ravila 19 ning Maarjam\u00f5isa parkimismaja ja selle vahetu \u00fcmbrus ehk N. Lunini 16 kinnistu. Parkimistsoon&nbsp;EP326 Parkimistsoon&nbsp;EP327 Makseterminalis toimub parkimise eest tasumine ettemaksena sularahas v\u00f5i pangakaardiga. Arvestuse aluseks [&hellip;]\" \/>\n<meta property=\"og:url\" content=\"https:\/\/www.kliinikum.ee\/stomatoloogia\/patsiendile\/parkimine\/\" \/>\n<meta property=\"og:site_name\" content=\"Stomatoloogia kliinik\" \/>\n<meta property=\"article:modified_time\" content=\"2024-07-23T09:48:38+00:00\" \/>\n<meta property=\"og:image\" content=\"https:\/\/www.kliinikum.ee\/wp-content\/uploads\/2024\/06\/parkimine-01.07.2024.jpg\" \/>\n<meta name=\"twitter:card\" content=\"summary_large_image\" \/>\n<meta name=\"twitter:label1\" content=\"Est. reading time\" \/>\n\t<meta name=\"twitter:data1\" content=\"3 minutit\" \/>\n<script type=\"application\/ld+json\" class=\"yoast-schema-graph\">{\"@context\":\"https:\\\/\\\/schema.org\",\"@graph\":[{\"@type\":\"WebPage\",\"@id\":\"https:\\\/\\\/www.kliinikum.ee\\\/stomatoloogia\\\/patsiendile\\\/parkimine\\\/\",\"url\":\"https:\\\/\\\/www.kliinikum.ee\\\/stomatoloogia\\\/patsiendile\\\/parkimine\\\/\",\"name\":\"Parkimine - Stomatoloogia kliinik\",\"isPartOf\":{\"@id\":\"https:\\\/\\\/www.kliinikum.ee\\\/stomatoloogia\\\/#website\"},\"primaryImageOfPage\":{\"@id\":\"https:\\\/\\\/www.kliinikum.ee\\\/stomatoloogia\\\/patsiendile\\\/parkimine\\\/#primaryimage\"},\"image\":{\"@id\":\"https:\\\/\\\/www.kliinikum.ee\\\/stomatoloogia\\\/patsiendile\\\/parkimine\\\/#primaryimage\"},\"thumbnailUrl\":\"https:\\\/\\\/www.kliinikum.ee\\\/wp-content\\\/uploads\\\/2024\\\/06\\\/parkimine-01.07.2024.jpg\",\"datePublished\":\"2023-03-31T12:20:52+00:00\",\"dateModified\":\"2024-07-23T09:48:38+00:00\",\"breadcrumb\":{\"@id\":\"https:\\\/\\\/www.kliinikum.ee\\\/stomatoloogia\\\/patsiendile\\\/parkimine\\\/#breadcrumb\"},\"inLanguage\":\"et\",\"potentialAction\":[{\"@type\":\"ReadAction\",\"target\":[\"https:\\\/\\\/www.kliinikum.ee\\\/stomatoloogia\\\/patsiendile\\\/parkimine\\\/\"]}]},{\"@type\":\"ImageObject\",\"inLanguage\":\"et\",\"@id\":\"https:\\\/\\\/www.kliinikum.ee\\\/stomatoloogia\\\/patsiendile\\\/parkimine\\\/#primaryimage\",\"url\":\"https:\\\/\\\/www.kliinikum.ee\\\/wp-content\\\/uploads\\\/2024\\\/06\\\/parkimine-01.07.2024.jpg\",\"contentUrl\":\"https:\\\/\\\/www.kliinikum.ee\\\/wp-content\\\/uploads\\\/2024\\\/06\\\/parkimine-01.07.2024.jpg\"},{\"@type\":\"BreadcrumbList\",\"@id\":\"https:\\\/\\\/www.kliinikum.ee\\\/stomatoloogia\\\/patsiendile\\\/parkimine\\\/#breadcrumb\",\"itemListElement\":[{\"@type\":\"ListItem\",\"position\":1,\"name\":\"Home\",\"item\":\"https:\\\/\\\/www.kliinikum.ee\\\/stomatoloogia\\\/\"},{\"@type\":\"ListItem\",\"position\":2,\"name\":\"Patsiendile\",\"item\":\"https:\\\/\\\/www.kliinikum.ee\\\/stomatoloogia\\\/patsiendile\\\/\"},{\"@type\":\"ListItem\",\"position\":3,\"name\":\"Parkimine\"}]},{\"@type\":\"WebSite\",\"@id\":\"https:\\\/\\\/www.kliinikum.ee\\\/stomatoloogia\\\/#website\",\"url\":\"https:\\\/\\\/www.kliinikum.ee\\\/stomatoloogia\\\/\",\"name\":\"Stomatoloogia kliinik\",\"description\":\"Hoolivus, Uuendusmeelsus, P\u00e4devus ja Usaldusv\u00e4\u00e4rsus\",\"potentialAction\":[{\"@type\":\"SearchAction\",\"target\":{\"@type\":\"EntryPoint\",\"urlTemplate\":\"https:\\\/\\\/www.kliinikum.ee\\\/stomatoloogia\\\/?s={search_term_string}\"},\"query-input\":{\"@type\":\"PropertyValueSpecification\",\"valueRequired\":true,\"valueName\":\"search_term_string\"}}],\"inLanguage\":\"et\"}]}<\/script>\n<!-- \/ Yoast SEO plugin. -->","yoast_head_json":{"title":"Parkimine - Stomatoloogia kliinik","robots":{"index":"index","follow":"follow","max-snippet":"max-snippet:-1","max-image-preview":"max-image-preview:large","max-video-preview":"max-video-preview:-1"},"canonical":"https:\/\/www.kliinikum.ee\/stomatoloogia\/patsiendile\/parkimine\/","og_locale":"et_EE","og_type":"article","og_title":"Parkimine - Stomatoloogia kliinik","og_description":"1. juulist 2024&nbsp;korraldab Tartu \u00dclikooli Kliinikumi k\u00f5ikidel parkimisaladel parkimisteenust O\u00dc Europark. Parkimine on tasuline j\u00e4rgmistel kinnistutel: L.&nbsp;Puusepa 1a, 2, 4, 6, 8; N. Lunini 6 ja 14 ja Ravila 19 ning Maarjam\u00f5isa parkimismaja ja selle vahetu \u00fcmbrus ehk N. Lunini 16 kinnistu. Parkimistsoon&nbsp;EP326 Parkimistsoon&nbsp;EP327 Makseterminalis toimub parkimise eest tasumine ettemaksena sularahas v\u00f5i pangakaardiga. Arvestuse aluseks [&hellip;]","og_url":"https:\/\/www.kliinikum.ee\/stomatoloogia\/patsiendile\/parkimine\/","og_site_name":"Stomatoloogia kliinik","article_modified_time":"2024-07-23T09:48:38+00:00","og_image":[{"url":"https:\/\/www.kliinikum.ee\/wp-content\/uploads\/2024\/06\/parkimine-01.07.2024.jpg","type":"","width":"","height":""}],"twitter_card":"summary_large_image","twitter_misc":{"Est. reading time":"3 minutit"},"schema":{"@context":"https:\/\/schema.org","@graph":[{"@type":"WebPage","@id":"https:\/\/www.kliinikum.ee\/stomatoloogia\/patsiendile\/parkimine\/","url":"https:\/\/www.kliinikum.ee\/stomatoloogia\/patsiendile\/parkimine\/","name":"Parkimine - Stomatoloogia kliinik","isPartOf":{"@id":"https:\/\/www.kliinikum.ee\/stomatoloogia\/#website"},"primaryImageOfPage":{"@id":"https:\/\/www.kliinikum.ee\/stomatoloogia\/patsiendile\/parkimine\/#primaryimage"},"image":{"@id":"https:\/\/www.kliinikum.ee\/stomatoloogia\/patsiendile\/parkimine\/#primaryimage"},"thumbnailUrl":"https:\/\/www.kliinikum.ee\/wp-content\/uploads\/2024\/06\/parkimine-01.07.2024.jpg","datePublished":"2023-03-31T12:20:52+00:00","dateModified":"2024-07-23T09:48:38+00:00","breadcrumb":{"@id":"https:\/\/www.kliinikum.ee\/stomatoloogia\/patsiendile\/parkimine\/#breadcrumb"},"inLanguage":"et","potentialAction":[{"@type":"ReadAction","target":["https:\/\/www.kliinikum.ee\/stomatoloogia\/patsiendile\/parkimine\/"]}]},{"@type":"ImageObject","inLanguage":"et","@id":"https:\/\/www.kliinikum.ee\/stomatoloogia\/patsiendile\/parkimine\/#primaryimage","url":"https:\/\/www.kliinikum.ee\/wp-content\/uploads\/2024\/06\/parkimine-01.07.2024.jpg","contentUrl":"https:\/\/www.kliinikum.ee\/wp-content\/uploads\/2024\/06\/parkimine-01.07.2024.jpg"},{"@type":"BreadcrumbList","@id":"https:\/\/www.kliinikum.ee\/stomatoloogia\/patsiendile\/parkimine\/#breadcrumb","itemListElement":[{"@type":"ListItem","position":1,"name":"Home","item":"https:\/\/www.kliinikum.ee\/stomatoloogia\/"},{"@type":"ListItem","position":2,"name":"Patsiendile","item":"https:\/\/www.kliinikum.ee\/stomatoloogia\/patsiendile\/"},{"@type":"ListItem","position":3,"name":"Parkimine"}]},{"@type":"WebSite","@id":"https:\/\/www.kliinikum.ee\/stomatoloogia\/#website","url":"https:\/\/www.kliinikum.ee\/stomatoloogia\/","name":"Stomatoloogia kliinik","description":"Hoolivus, Uuendusmeelsus, P\u00e4devus ja Usaldusv\u00e4\u00e4rsus","potentialAction":[{"@type":"SearchAction","target":{"@type":"EntryPoint","urlTemplate":"https:\/\/www.kliinikum.ee\/stomatoloogia\/?s={search_term_string}"},"query-input":{"@type":"PropertyValueSpecification","valueRequired":true,"valueName":"search_term_string"}}],"inLanguage":"et"}]}},"uagb_featured_image_src":{"full":false,"thumbnail":false,"medium":false,"medium_large":false,"large":false,"1536x1536":false,"2048x2048":false},"uagb_author_info":{"display_name":"Marge Muld","author_link":"https:\/\/www.kliinikum.ee\/stomatoloogia\/author\/margemu\/"},"uagb_comment_info":0,"uagb_excerpt":"1. juulist 2024&nbsp;korraldab Tartu \u00dclikooli Kliinikumi k\u00f5ikidel parkimisaladel parkimisteenust O\u00dc Europark. Parkimine on tasuline j\u00e4rgmistel kinnistutel: L.&nbsp;Puusepa 1a, 2, 4, 6, 8; N. Lunini 6 ja 14 ja Ravila 19 ning Maarjam\u00f5isa parkimismaja ja selle vahetu \u00fcmbrus ehk N. Lunini 16 kinnistu. Parkimistsoon&nbsp;EP326 Parkimistsoon&nbsp;EP327 Makseterminalis toimub parkimise eest tasumine ettemaksena sularahas v\u00f5i pangakaardiga. Arvestuse aluseks&hellip;","_links":{"self":[{"href":"https:\/\/www.kliinikum.ee\/stomatoloogia\/wp-json\/wp\/v2\/pages\/6319","targetHints":{"allow":["GET"]}}],"collection":[{"href":"https:\/\/www.kliinikum.ee\/stomatoloogia\/wp-json\/wp\/v2\/pages"}],"about":[{"href":"https:\/\/www.kliinikum.ee\/stomatoloogia\/wp-json\/wp\/v2\/types\/page"}],"author":[{"embeddable":true,"href":"https:\/\/www.kliinikum.ee\/stomatoloogia\/wp-json\/wp\/v2\/users\/30"}],"replies":[{"embeddable":true,"href":"https:\/\/www.kliinikum.ee\/stomatoloogia\/wp-json\/wp\/v2\/comments?post=6319"}],"version-history":[{"count":0,"href":"https:\/\/www.kliinikum.ee\/stomatoloogia\/wp-json\/wp\/v2\/pages\/6319\/revisions"}],"up":[{"embeddable":true,"href":"https:\/\/www.kliinikum.ee\/stomatoloogia\/wp-json\/wp\/v2\/pages\/15"}],"wp:attachment":[{"href":"https:\/\/www.kliinikum.ee\/stomatoloogia\/wp-json\/wp\/v2\/media?parent=6319"}],"curies":[{"name":"wp","href":"https:\/\/api.w.org\/{rel}","templated":true}]}}