{"id":6533,"date":"2023-04-18T10:31:04","date_gmt":"2023-04-18T08:31:04","guid":{"rendered":"https:\/\/www.kliinikum.ee\/stomatoloogia\/?page_id=6533"},"modified":"2025-03-19T13:13:02","modified_gmt":"2025-03-19T11:13:02","slug":"lastestomatoloogia-osakonna-koolikabinetid","status":"publish","type":"page","link":"https:\/\/www.kliinikum.ee\/stomatoloogia\/patsiendile\/vastuvotuajad\/lastestomatoloogia-osakonna-koolikabinetid\/","title":{"rendered":"Lastestomatoloogia osakonna koolikabinetid"},"content":{"rendered":"\n<figure class=\"wp-block-table\"><table><tbody><tr><td>Tartu Veeriku Koo<strong>l<\/strong><br>Veeriku 41, 50407<\/td><td><strong>Dr Virge Meri<\/strong><br>\u00d5nne Zeiger (\u00f5de)<br><\/td><td>N 8.00-13.30<br>R  8.00-13.30<\/td><td>virge.meri@kliinikum.ee<\/td><td>746 1752<\/td><\/tr><tr><td>Tartu Hiie Kool<br>Hiie 11, 51006<\/td><td><strong>Dr Katrin Kol<\/strong>k <br>Gulnazi Farhutdinova <br>(assistent)<br><\/td><td>T 8.00-13.30<br>K 8.00-13.30 (\u00fcle n\u00e4dala)<\/td><td>katrin.kolk@kliinikum.ee<\/td><td>742 2293<\/td><\/tr><tr><td>Tartu Descartes\u00b4i Kool<br>Anne 65, 50703<\/td><td><strong>Dr Jaana Tamm<\/strong><br>Riina Kaeramaa (\u00f5de)<br><\/td><td>E 8.00-13.30 (\u00fcle n\u00e4dala)<br>K 8.00-13.30<\/td><td>jaana.tamm@kliinikum.ee<\/td><td><\/td><\/tr><tr><td>Tartu Hansa Kool<br>Anne 63, 50703<\/td><td><strong>Dr .Jaana Tamm<\/strong><br>Riina Kaeramaa (\u00f5de)<\/td><td>T 8.00-13.30<br>R 8.00-13.30 (\u00fcle n\u00e4dala)<\/td><td>jaana.tamm@kliinikum.ee<\/td><td><\/td><\/tr><tr><td>Tartu Rakenduslik Kolled\u017e<br>P\u00f5llu 11, 50303<\/td><td><strong>Dr Maret Ojakivi<\/strong><br>Sirle Soeson (\u00f5de)<\/td><td>K 8.00-13.30<\/td><td>maret.ojakivi@kliinikum.ee<\/td><td>736 1838<\/td><\/tr><tr><td>Tartu Rakenduslik Kolled\u017e <br>Kopli 1, 50115<\/td><td><strong>Dr Maret Ojakivi<\/strong><br>Sirle Soeson (\u00f5de)<\/td><td>E 11.00-17.00<br>T, N, R 8.00-13.30<\/td><td>maret.ojakivi@kliinikum.ee<\/td><td><\/td><\/tr><tr><td><\/td><td><\/td><td><\/td><td><\/td><td><\/td><\/tr><\/tbody><\/table><\/figure>\n","protected":false},"excerpt":{"rendered":"<p>Tartu Veeriku KoolVeeriku 41, 50407 Dr Virge Meri\u00d5nne Zeiger (\u00f5de) N 8.00-13.30R 8.00-13.30 virge.meri@kliinikum.ee 746 1752 Tartu Hiie KoolHiie 11, 51006 Dr Katrin Kolk Gulnazi Farhutdinova (assistent) T 8.00-13.30K 8.00-13.30 (\u00fcle n\u00e4dala) katrin.kolk@kliinikum.ee 742 2293 Tartu Descartes\u00b4i KoolAnne 65, 50703 Dr Jaana TammRiina Kaeramaa (\u00f5de) E 8.00-13.30 (\u00fcle n\u00e4dala)K 8.00-13.30 jaana.tamm@kliinikum.ee Tartu Hansa KoolAnne 63, [&hellip;]<\/p>\n","protected":false},"author":30,"featured_media":0,"parent":6242,"menu_order":0,"comment_status":"closed","ping_status":"closed","template":"","meta":{"_acf_changed":false,"_uag_custom_page_level_css":"","footnotes":""},"class_list":["post-6533","page","type-page","status-publish","hentry"],"acf":[],"yoast_head":"<!-- This site is optimized with the Yoast SEO plugin v27.3 - https:\/\/yoast.com\/product\/yoast-seo-wordpress\/ -->\n<title>Lastestomatoloogia osakonna koolikabinetid - Stomatoloogia kliinik<\/title>\n<meta name=\"robots\" content=\"index, follow, max-snippet:-1, max-image-preview:large, max-video-preview:-1\" \/>\n<link rel=\"canonical\" href=\"https:\/\/www.kliinikum.ee\/stomatoloogia\/patsiendile\/vastuvotuajad\/lastestomatoloogia-osakonna-koolikabinetid\/\" \/>\n<meta property=\"og:locale\" content=\"et_EE\" \/>\n<meta property=\"og:type\" content=\"article\" \/>\n<meta property=\"og:title\" content=\"Lastestomatoloogia osakonna koolikabinetid - Stomatoloogia kliinik\" \/>\n<meta property=\"og:description\" content=\"Tartu Veeriku KoolVeeriku 41, 50407 Dr Virge Meri\u00d5nne Zeiger (\u00f5de) N 8.00-13.30R 8.00-13.30 virge.meri@kliinikum.ee 746 1752 Tartu Hiie KoolHiie 11, 51006 Dr Katrin Kolk Gulnazi Farhutdinova (assistent) T 8.00-13.30K 8.00-13.30 (\u00fcle n\u00e4dala) katrin.kolk@kliinikum.ee 742 2293 Tartu Descartes\u00b4i KoolAnne 65, 50703 Dr Jaana TammRiina Kaeramaa (\u00f5de) E 8.00-13.30 (\u00fcle n\u00e4dala)K 8.00-13.30 jaana.tamm@kliinikum.ee Tartu Hansa KoolAnne 63, [&hellip;]\" \/>\n<meta property=\"og:url\" content=\"https:\/\/www.kliinikum.ee\/stomatoloogia\/patsiendile\/vastuvotuajad\/lastestomatoloogia-osakonna-koolikabinetid\/\" \/>\n<meta property=\"og:site_name\" content=\"Stomatoloogia kliinik\" \/>\n<meta property=\"article:modified_time\" content=\"2025-03-19T11:13:02+00:00\" \/>\n<meta name=\"twitter:card\" content=\"summary_large_image\" \/>\n<meta name=\"twitter:label1\" content=\"Est. reading time\" \/>\n\t<meta name=\"twitter:data1\" content=\"1 minut\" \/>\n<script type=\"application\/ld+json\" class=\"yoast-schema-graph\">{\"@context\":\"https:\\\/\\\/schema.org\",\"@graph\":[{\"@type\":\"WebPage\",\"@id\":\"https:\\\/\\\/www.kliinikum.ee\\\/stomatoloogia\\\/patsiendile\\\/vastuvotuajad\\\/lastestomatoloogia-osakonna-koolikabinetid\\\/\",\"url\":\"https:\\\/\\\/www.kliinikum.ee\\\/stomatoloogia\\\/patsiendile\\\/vastuvotuajad\\\/lastestomatoloogia-osakonna-koolikabinetid\\\/\",\"name\":\"Lastestomatoloogia osakonna koolikabinetid - Stomatoloogia kliinik\",\"isPartOf\":{\"@id\":\"https:\\\/\\\/www.kliinikum.ee\\\/stomatoloogia\\\/#website\"},\"datePublished\":\"2023-04-18T08:31:04+00:00\",\"dateModified\":\"2025-03-19T11:13:02+00:00\",\"breadcrumb\":{\"@id\":\"https:\\\/\\\/www.kliinikum.ee\\\/stomatoloogia\\\/patsiendile\\\/vastuvotuajad\\\/lastestomatoloogia-osakonna-koolikabinetid\\\/#breadcrumb\"},\"inLanguage\":\"et\",\"potentialAction\":[{\"@type\":\"ReadAction\",\"target\":[\"https:\\\/\\\/www.kliinikum.ee\\\/stomatoloogia\\\/patsiendile\\\/vastuvotuajad\\\/lastestomatoloogia-osakonna-koolikabinetid\\\/\"]}]},{\"@type\":\"BreadcrumbList\",\"@id\":\"https:\\\/\\\/www.kliinikum.ee\\\/stomatoloogia\\\/patsiendile\\\/vastuvotuajad\\\/lastestomatoloogia-osakonna-koolikabinetid\\\/#breadcrumb\",\"itemListElement\":[{\"@type\":\"ListItem\",\"position\":1,\"name\":\"Home\",\"item\":\"https:\\\/\\\/www.kliinikum.ee\\\/stomatoloogia\\\/\"},{\"@type\":\"ListItem\",\"position\":2,\"name\":\"Patsiendile\",\"item\":\"https:\\\/\\\/www.kliinikum.ee\\\/stomatoloogia\\\/patsiendile\\\/\"},{\"@type\":\"ListItem\",\"position\":3,\"name\":\"Vastuv\u00f5tuajad\",\"item\":\"https:\\\/\\\/www.kliinikum.ee\\\/stomatoloogia\\\/patsiendile\\\/vastuvotuajad\\\/\"},{\"@type\":\"ListItem\",\"position\":4,\"name\":\"Lastestomatoloogia osakonna koolikabinetid\"}]},{\"@type\":\"WebSite\",\"@id\":\"https:\\\/\\\/www.kliinikum.ee\\\/stomatoloogia\\\/#website\",\"url\":\"https:\\\/\\\/www.kliinikum.ee\\\/stomatoloogia\\\/\",\"name\":\"Stomatoloogia kliinik\",\"description\":\"Hoolivus, Uuendusmeelsus, P\u00e4devus ja Usaldusv\u00e4\u00e4rsus\",\"potentialAction\":[{\"@type\":\"SearchAction\",\"target\":{\"@type\":\"EntryPoint\",\"urlTemplate\":\"https:\\\/\\\/www.kliinikum.ee\\\/stomatoloogia\\\/?s={search_term_string}\"},\"query-input\":{\"@type\":\"PropertyValueSpecification\",\"valueRequired\":true,\"valueName\":\"search_term_string\"}}],\"inLanguage\":\"et\"}]}<\/script>\n<!-- \/ Yoast SEO plugin. -->","yoast_head_json":{"title":"Lastestomatoloogia osakonna koolikabinetid - Stomatoloogia kliinik","robots":{"index":"index","follow":"follow","max-snippet":"max-snippet:-1","max-image-preview":"max-image-preview:large","max-video-preview":"max-video-preview:-1"},"canonical":"https:\/\/www.kliinikum.ee\/stomatoloogia\/patsiendile\/vastuvotuajad\/lastestomatoloogia-osakonna-koolikabinetid\/","og_locale":"et_EE","og_type":"article","og_title":"Lastestomatoloogia osakonna koolikabinetid - Stomatoloogia kliinik","og_description":"Tartu Veeriku KoolVeeriku 41, 50407 Dr Virge Meri\u00d5nne Zeiger (\u00f5de) N 8.00-13.30R 8.00-13.30 virge.meri@kliinikum.ee 746 1752 Tartu Hiie KoolHiie 11, 51006 Dr Katrin Kolk Gulnazi Farhutdinova (assistent) T 8.00-13.30K 8.00-13.30 (\u00fcle n\u00e4dala) katrin.kolk@kliinikum.ee 742 2293 Tartu Descartes\u00b4i KoolAnne 65, 50703 Dr Jaana TammRiina Kaeramaa (\u00f5de) E 8.00-13.30 (\u00fcle n\u00e4dala)K 8.00-13.30 jaana.tamm@kliinikum.ee Tartu Hansa KoolAnne 63, [&hellip;]","og_url":"https:\/\/www.kliinikum.ee\/stomatoloogia\/patsiendile\/vastuvotuajad\/lastestomatoloogia-osakonna-koolikabinetid\/","og_site_name":"Stomatoloogia kliinik","article_modified_time":"2025-03-19T11:13:02+00:00","twitter_card":"summary_large_image","twitter_misc":{"Est. reading time":"1 minut"},"schema":{"@context":"https:\/\/schema.org","@graph":[{"@type":"WebPage","@id":"https:\/\/www.kliinikum.ee\/stomatoloogia\/patsiendile\/vastuvotuajad\/lastestomatoloogia-osakonna-koolikabinetid\/","url":"https:\/\/www.kliinikum.ee\/stomatoloogia\/patsiendile\/vastuvotuajad\/lastestomatoloogia-osakonna-koolikabinetid\/","name":"Lastestomatoloogia osakonna koolikabinetid - Stomatoloogia kliinik","isPartOf":{"@id":"https:\/\/www.kliinikum.ee\/stomatoloogia\/#website"},"datePublished":"2023-04-18T08:31:04+00:00","dateModified":"2025-03-19T11:13:02+00:00","breadcrumb":{"@id":"https:\/\/www.kliinikum.ee\/stomatoloogia\/patsiendile\/vastuvotuajad\/lastestomatoloogia-osakonna-koolikabinetid\/#breadcrumb"},"inLanguage":"et","potentialAction":[{"@type":"ReadAction","target":["https:\/\/www.kliinikum.ee\/stomatoloogia\/patsiendile\/vastuvotuajad\/lastestomatoloogia-osakonna-koolikabinetid\/"]}]},{"@type":"BreadcrumbList","@id":"https:\/\/www.kliinikum.ee\/stomatoloogia\/patsiendile\/vastuvotuajad\/lastestomatoloogia-osakonna-koolikabinetid\/#breadcrumb","itemListElement":[{"@type":"ListItem","position":1,"name":"Home","item":"https:\/\/www.kliinikum.ee\/stomatoloogia\/"},{"@type":"ListItem","position":2,"name":"Patsiendile","item":"https:\/\/www.kliinikum.ee\/stomatoloogia\/patsiendile\/"},{"@type":"ListItem","position":3,"name":"Vastuv\u00f5tuajad","item":"https:\/\/www.kliinikum.ee\/stomatoloogia\/patsiendile\/vastuvotuajad\/"},{"@type":"ListItem","position":4,"name":"Lastestomatoloogia osakonna koolikabinetid"}]},{"@type":"WebSite","@id":"https:\/\/www.kliinikum.ee\/stomatoloogia\/#website","url":"https:\/\/www.kliinikum.ee\/stomatoloogia\/","name":"Stomatoloogia kliinik","description":"Hoolivus, Uuendusmeelsus, P\u00e4devus ja Usaldusv\u00e4\u00e4rsus","potentialAction":[{"@type":"SearchAction","target":{"@type":"EntryPoint","urlTemplate":"https:\/\/www.kliinikum.ee\/stomatoloogia\/?s={search_term_string}"},"query-input":{"@type":"PropertyValueSpecification","valueRequired":true,"valueName":"search_term_string"}}],"inLanguage":"et"}]}},"uagb_featured_image_src":{"full":false,"thumbnail":false,"medium":false,"medium_large":false,"large":false,"1536x1536":false,"2048x2048":false},"uagb_author_info":{"display_name":"Marge Muld","author_link":"https:\/\/www.kliinikum.ee\/stomatoloogia\/author\/margemu\/"},"uagb_comment_info":0,"uagb_excerpt":"Tartu Veeriku KoolVeeriku 41, 50407 Dr Virge Meri\u00d5nne Zeiger (\u00f5de) N 8.00-13.30R 8.00-13.30 virge.meri@kliinikum.ee 746 1752 Tartu Hiie KoolHiie 11, 51006 Dr Katrin Kolk Gulnazi Farhutdinova (assistent) T 8.00-13.30K 8.00-13.30 (\u00fcle n\u00e4dala) katrin.kolk@kliinikum.ee 742 2293 Tartu Descartes\u00b4i KoolAnne 65, 50703 Dr Jaana TammRiina Kaeramaa (\u00f5de) E 8.00-13.30 (\u00fcle n\u00e4dala)K 8.00-13.30 jaana.tamm@kliinikum.ee Tartu Hansa KoolAnne 63,&hellip;","_links":{"self":[{"href":"https:\/\/www.kliinikum.ee\/stomatoloogia\/wp-json\/wp\/v2\/pages\/6533","targetHints":{"allow":["GET"]}}],"collection":[{"href":"https:\/\/www.kliinikum.ee\/stomatoloogia\/wp-json\/wp\/v2\/pages"}],"about":[{"href":"https:\/\/www.kliinikum.ee\/stomatoloogia\/wp-json\/wp\/v2\/types\/page"}],"author":[{"embeddable":true,"href":"https:\/\/www.kliinikum.ee\/stomatoloogia\/wp-json\/wp\/v2\/users\/30"}],"replies":[{"embeddable":true,"href":"https:\/\/www.kliinikum.ee\/stomatoloogia\/wp-json\/wp\/v2\/comments?post=6533"}],"version-history":[{"count":0,"href":"https:\/\/www.kliinikum.ee\/stomatoloogia\/wp-json\/wp\/v2\/pages\/6533\/revisions"}],"up":[{"embeddable":true,"href":"https:\/\/www.kliinikum.ee\/stomatoloogia\/wp-json\/wp\/v2\/pages\/6242"}],"wp:attachment":[{"href":"https:\/\/www.kliinikum.ee\/stomatoloogia\/wp-json\/wp\/v2\/media?parent=6533"}],"curies":[{"name":"wp","href":"https:\/\/api.w.org\/{rel}","templated":true}]}}