{"id":120,"date":"2021-05-11T09:53:19","date_gmt":"2021-05-11T09:53:19","guid":{"rendered":"https:\/\/www.kliinikum.ee\/sudameriketekeskus\/?page_id=120"},"modified":"2021-06-22T07:13:37","modified_gmt":"2021-06-22T07:13:37","slug":"patsiendilood","status":"publish","type":"page","link":"https:\/\/www.kliinikum.ee\/sudameriketekeskus\/patsiendilood\/","title":{"rendered":"Patsiendilood"},"content":{"rendered":"<div id=\"acf-block-block_60d04d4a9494d\" class=\"acf-block-element \">\n<div class=\"accordion\" id=\"accordion-block_60d04d4a9494d\"><div class=\"card\"><div class=\"card-header\" id=\"heading1-block_60d04d4a9494d\"><button type=\"button\" class=\"collapsed\" data-toggle=\"collapse\" data-target=\"#collapse1-block_60d04d4a9494d\" aria-controls=\"collapse1-block_60d04d4a9494d\">Minu s\u00fcdame lugu &#8211; R.P<\/button><\/div><div id=\"collapse1-block_60d04d4a9494d\" class=\"collapse\" aria-labelledby=\"heading1-block_60d04d4a9494d\" data-parent=\"#accordion-block_60d04d4a9494d\"><div class=\"card-body\"><div class=\"gutenberg-content\"><p>Minu tavap\u00e4rasest suurem s\u00f5prus s\u00fcdamega sai alguse juba elu esimestest minutitest. Kaasas\u00fcndinud s\u00fcdamerikked ja diagnoos Fallot Pentaad t\u00e4hendas suuresti seda, et elu esimestest aastatest veetsin \u00fcsna palju erinevates haiglates. Kuna 80ndatel veel Eestis lastele nii suuri operatsioone ei tehtud, siis tehti minu elu esimene edukas s\u00fcdame operatsioon Moskvas, Bakulevi s\u00fcdame instituudis.\u00a0 Olen siiani kohanud arste, kes nii arvanud ja ka ise palju sellele m\u00f5elnud, et see, mis tol korral 1987. aastal Moskvas minu tervise heaks tehti liigitub ime alla.<\/p>\n<p>J\u00e4rgnevad 33 aastat olen elanud nagu normaalne inimene. Olen k\u00fcll just f\u00fc\u00fcsilise koormuse osas end pidanud piirama ja ise suure spordis\u00f5brana p\u00e4ris tippsporti mitte teha saanud, kui sellest hoolimata olen k\u00e4inud korvpalli, jalgpalli jne trennides. 2019. aasta s\u00fcgisel tundsin rinnus valusid ja otsustasin minna EMOsse kontrolli. Valu p\u00f5hjus polnud s\u00fcdames, kuid sellegi poolest tehti j\u00e4rgnevate kuude jooksul Tallinnas P\u00f5hja-Eesti Regionaalhaiglas EHHO uuring ja magnetuuring, mis tuvastasid, et minu s\u00fcda vajaks uut operatsiooni, mis sel korral tehtaks Tartu \u00dclikooli Kliinikumis.<\/p>\n<p>2020. aasta juunis viibisin veel \u00fche p\u00e4eva Tartu \u00dclikooli Kliinikumis, kus veel t\u00e4iendavate uuringute k\u00e4igus selgus, et mind on ees ootamas pulmonaalklapi ehk kopsuarteriklapi asendamine bioproteesiga. Olles kohtunud dr Piilbergi ja dr Ermeliga, sai mulle kohe selgeks, et olen heades k\u00e4tes, sest info ja konkreetsus, millega asju segitati, meeldis mulle. V\u00f5tsin endale enne otsuse tegemist veidi aega m\u00f5tlemiseks, sest kui 1987. aastal olin alles ise laps, siis n\u00fc\u00fcdseks olen ise kahe lapse isa ja teadmine, et mind ootab ees taas t\u00f5sine s\u00fcdameoperatsioon oli kindlasti hirmutav. Kuigi alguses oli mul lootus, et 33 aasta jooksul on meditsiin tohutult arenenud ja ehk \u00f5nnestub minu operatsioon teha sondi abil, siis reaalsuses ootas mind ees elu teine avatud operatsioon.<\/p>\n<p>Koroonapandeemia k\u00f5rghetkel, 10. m\u00e4rtsil 2021 oli see p\u00e4ev, kui usaldasin oma elu ja tervise Kliinikumi kardiokirurgia meeskonna k\u00e4tte. Hommikul alanud operatsioon kestis minule j\u00f5udnud hilisema info j\u00e4rgi neli ja pool tundi ning oli hoolimata \u00fchest ootamatust tagasil\u00f6\u00f6gist edukas. \u00d5htul veidi peale kuute avasin ma esimest korda intensiivosakonnas silmad ning minu suureks kergenduseks p\u00e4\u00e4sesin hingamisaparaadi abist juba m\u00f5ned minutid hiljem. Miks \u00f5nneks? Peale esimest operatsiooni ei hakanud mu kopsud korralikult t\u00f6\u00f6le ja pidin pikki p\u00e4evi olema hingamisaparaadi all. Sel korral tegin enne operatsiooni mitmeid kuid spetsiaalselt t\u00f6\u00f6d kopsudega, et nad oleks selleks katsumuseks valmis.<\/p>\n<p>Operatsiooni-j\u00e4rgne hommik oli ehk taastumisprotsessis k\u00f5ige vaevalisem, sest keha oli \u00fcle elanud suure \u0161oki ja \u00fcritas n\u00fc\u00fcd sellest taastuma hakata. Ometigi sundisin end kohe esimestest hetkedest s\u00f6\u00f6ma (12 p\u00e4eva jooksul j\u00e4tsin l\u00f5puni s\u00f6\u00f6mata vaid esimese peale operatsiooni s\u00f6\u00f6gikorra), jooma ja tegema taastusharjutusi, sest need k\u00f5ik aitasid kaasa kogu taastumise protsessile. Kahe intensiivravil veedetud p\u00e4eva jooksul sain tunda vaid parimat suhtumist, abi\u00a0 ja positiivsust kogu personali poolt. Tavapalatisse tagasi j\u00f5udes tervitasid mind ees juba tuttavad n\u00e4od, kellega olime enne operatsiooni kohtunud ja suhelnud. Kuna mulle meeldib palju liikuda, siis oli end just esimestel p\u00e4evadel raske tagasi hoida, et mitte palju liikuda, kuid mida p\u00e4ev edasi, seda rohkem osakonna f\u00fcsioterapeut Agnes Sarapuu mul liikuda lubas ja viiendal p\u00e4eval peale operatsiooni sain esimest korda aktiivsusmonitoril p\u00e4evaga t\u00e4is 10 000 sammu (haigla koridoris, muide). Esimesed \u00f6\u00f6d peale operatsiooni oli raske uinuda ja palusin nendeks \u00f6\u00f6deks unetabletti, kuid mida p\u00e4ev edasi seda lihtsamaks see l\u00e4ks.<\/p>\n<p>Kokku viibisin haiglas peale operatsiooni 12 p\u00e4eva. Kuna olen oma elus Eestis viibinud palju erinevates haiglates, siis \u00fctlen omast kogemusest, et nii professionaalset, s\u00f5bralikku, positiivset ja igas m\u00f5ttes parimat suhtumist, kui ma sain enne operatsiooni, operatsiooni ajal ja peale seda Tartu \u00dclikooli Kliinikumi kardiokirurgia osakonnas, pole ma kunagi saanud. See konkreetsus, t\u00e4psus, hoolivus millega Tartus patsientidesse suhtutakse peaks olema eeskujuks k\u00f5ikidele Eesti haiglatele.<\/p>\n<p>T\u00e4naseks on minu operatsioonist m\u00f6\u00f6das veidi \u00fcle kolme kuu. Rindkere haav on korralikult paranenud, roided on kokku kasvanud. Vahel veel on tunda, et m\u00f5ni lihas ei ole veel korralikult taastunud ja \u201etirib\u201c kuskile poole ja annab endast valuga m\u00e4rku. Paar korda on olnud kerge r\u00fctmih\u00e4ire, mis minu elus uus kogemus, kuid arvestades operatsiooni t\u00f5sidust ja v\u00e4hest aega selle m\u00f6\u00f6dumisest tunnen end h\u00e4sti ja olen v\u00e4ga, v\u00e4ga t\u00e4nulik nii Tartu \u00dclikooli kliinikumi personalile, kui ka k\u00f5rgematele j\u00f5ududele, kes on elus teist korda andnud mulle v\u00f5imaluse. Sellised kogemused aitavad elu n\u00e4ha hoopis teise nurga alt ja panna hindama iga p\u00e4eva, mis sulle antud.<\/p>\n<p>Septembris ootab mind ees taas kohtumine Tartu \u00dclikooli Kliinikumi kardiokirurgia osakonna toredate inimestega, sest siis on aeg esimeseks suuremaks operatsioonij\u00e4rgseks \u00fclevaatuseks.<\/p>\n<p>Suured, suured t\u00e4nud kogu Tartu \u00dclikooli Kliinikumi kardiokirurgia osakonnale minu ja mu pere poolt ning j\u00f5udu ja jaksu selles t\u00e4nuv\u00e4\u00e4rses ja v\u00e4ga vajalikus t\u00f6\u00f6s!<\/p>\n<p>R.P<\/p>\n<\/div><\/div><\/div><\/div><\/div><\/div>","protected":false},"excerpt":{"rendered":"","protected":false},"author":3,"featured_media":0,"parent":0,"menu_order":30,"comment_status":"closed","ping_status":"closed","template":"","meta":{"_acf_changed":false,"inline_featured_image":false,"advgb_blocks_editor_width":"","advgb_blocks_columns_visual_guide":"","footnotes":"","_links_to":"","_links_to_target":""},"class_list":["post-120","page","type-page","status-publish","hentry"],"acf":[],"yoast_head":"<!-- This site is optimized with the Yoast SEO plugin v27.3 - https:\/\/yoast.com\/product\/yoast-seo-wordpress\/ -->\n<title>Patsiendilood - S\u00fcdamerikked<\/title>\n<meta name=\"robots\" content=\"index, follow, max-snippet:-1, max-image-preview:large, max-video-preview:-1\" \/>\n<link rel=\"canonical\" href=\"https:\/\/www.kliinikum.ee\/sudameriketekeskus\/patsiendilood\/\" \/>\n<meta property=\"og:locale\" content=\"et_EE\" \/>\n<meta property=\"og:type\" content=\"article\" \/>\n<meta property=\"og:title\" content=\"Patsiendilood - S\u00fcdamerikked\" \/>\n<meta property=\"og:url\" content=\"https:\/\/www.kliinikum.ee\/sudameriketekeskus\/patsiendilood\/\" \/>\n<meta property=\"og:site_name\" content=\"S\u00fcdamerikked\" \/>\n<meta property=\"article:modified_time\" content=\"2021-06-22T07:13:37+00:00\" \/>\n<meta name=\"twitter:card\" content=\"summary_large_image\" \/>\n<script type=\"application\/ld+json\" class=\"yoast-schema-graph\">{\"@context\":\"https:\\\/\\\/schema.org\",\"@graph\":[{\"@type\":\"WebPage\",\"@id\":\"https:\\\/\\\/www.kliinikum.ee\\\/sudameriketekeskus\\\/patsiendilood\\\/\",\"url\":\"https:\\\/\\\/www.kliinikum.ee\\\/sudameriketekeskus\\\/patsiendilood\\\/\",\"name\":\"Patsiendilood - S\u00fcdamerikked\",\"isPartOf\":{\"@id\":\"https:\\\/\\\/www.kliinikum.ee\\\/sudameriketekeskus\\\/#website\"},\"datePublished\":\"2021-05-11T09:53:19+00:00\",\"dateModified\":\"2021-06-22T07:13:37+00:00\",\"breadcrumb\":{\"@id\":\"https:\\\/\\\/www.kliinikum.ee\\\/sudameriketekeskus\\\/patsiendilood\\\/#breadcrumb\"},\"inLanguage\":\"et\",\"potentialAction\":[{\"@type\":\"ReadAction\",\"target\":[\"https:\\\/\\\/www.kliinikum.ee\\\/sudameriketekeskus\\\/patsiendilood\\\/\"]}]},{\"@type\":\"BreadcrumbList\",\"@id\":\"https:\\\/\\\/www.kliinikum.ee\\\/sudameriketekeskus\\\/patsiendilood\\\/#breadcrumb\",\"itemListElement\":[{\"@type\":\"ListItem\",\"position\":1,\"name\":\"Home\",\"item\":\"https:\\\/\\\/www.kliinikum.ee\\\/sudameriketekeskus\\\/\"},{\"@type\":\"ListItem\",\"position\":2,\"name\":\"Patsiendilood\"}]},{\"@type\":\"WebSite\",\"@id\":\"https:\\\/\\\/www.kliinikum.ee\\\/sudameriketekeskus\\\/#website\",\"url\":\"https:\\\/\\\/www.kliinikum.ee\\\/sudameriketekeskus\\\/\",\"name\":\"S\u00fcdamerikked\",\"description\":\"J\u00e4rjekordne WordPressi veebileht\",\"potentialAction\":[{\"@type\":\"SearchAction\",\"target\":{\"@type\":\"EntryPoint\",\"urlTemplate\":\"https:\\\/\\\/www.kliinikum.ee\\\/sudameriketekeskus\\\/?s={search_term_string}\"},\"query-input\":{\"@type\":\"PropertyValueSpecification\",\"valueRequired\":true,\"valueName\":\"search_term_string\"}}],\"inLanguage\":\"et\"}]}<\/script>\n<!-- \/ Yoast SEO plugin. -->","yoast_head_json":{"title":"Patsiendilood - S\u00fcdamerikked","robots":{"index":"index","follow":"follow","max-snippet":"max-snippet:-1","max-image-preview":"max-image-preview:large","max-video-preview":"max-video-preview:-1"},"canonical":"https:\/\/www.kliinikum.ee\/sudameriketekeskus\/patsiendilood\/","og_locale":"et_EE","og_type":"article","og_title":"Patsiendilood - S\u00fcdamerikked","og_url":"https:\/\/www.kliinikum.ee\/sudameriketekeskus\/patsiendilood\/","og_site_name":"S\u00fcdamerikked","article_modified_time":"2021-06-22T07:13:37+00:00","twitter_card":"summary_large_image","schema":{"@context":"https:\/\/schema.org","@graph":[{"@type":"WebPage","@id":"https:\/\/www.kliinikum.ee\/sudameriketekeskus\/patsiendilood\/","url":"https:\/\/www.kliinikum.ee\/sudameriketekeskus\/patsiendilood\/","name":"Patsiendilood - S\u00fcdamerikked","isPartOf":{"@id":"https:\/\/www.kliinikum.ee\/sudameriketekeskus\/#website"},"datePublished":"2021-05-11T09:53:19+00:00","dateModified":"2021-06-22T07:13:37+00:00","breadcrumb":{"@id":"https:\/\/www.kliinikum.ee\/sudameriketekeskus\/patsiendilood\/#breadcrumb"},"inLanguage":"et","potentialAction":[{"@type":"ReadAction","target":["https:\/\/www.kliinikum.ee\/sudameriketekeskus\/patsiendilood\/"]}]},{"@type":"BreadcrumbList","@id":"https:\/\/www.kliinikum.ee\/sudameriketekeskus\/patsiendilood\/#breadcrumb","itemListElement":[{"@type":"ListItem","position":1,"name":"Home","item":"https:\/\/www.kliinikum.ee\/sudameriketekeskus\/"},{"@type":"ListItem","position":2,"name":"Patsiendilood"}]},{"@type":"WebSite","@id":"https:\/\/www.kliinikum.ee\/sudameriketekeskus\/#website","url":"https:\/\/www.kliinikum.ee\/sudameriketekeskus\/","name":"S\u00fcdamerikked","description":"J\u00e4rjekordne WordPressi veebileht","potentialAction":[{"@type":"SearchAction","target":{"@type":"EntryPoint","urlTemplate":"https:\/\/www.kliinikum.ee\/sudameriketekeskus\/?s={search_term_string}"},"query-input":{"@type":"PropertyValueSpecification","valueRequired":true,"valueName":"search_term_string"}}],"inLanguage":"et"}]}},"coauthors":[],"author_meta":{"author_link":"https:\/\/www.kliinikum.ee\/sudameriketekeskus\/author\/haldur\/","display_name":"Haldur"},"relative_dates":{"created":"Posted 5 aastat ago","modified":"Updated 5 aastat ago"},"absolute_dates":{"created":"Posted on 11. mai 2021","modified":"Updated on 22. juuni 2021"},"absolute_dates_time":{"created":"Posted on 11. mai 2021 09:53","modified":"Updated on 22. juuni 2021 07:13"},"featured_img_caption":"","featured_img":false,"series_order":"","_links":{"self":[{"href":"https:\/\/www.kliinikum.ee\/sudameriketekeskus\/wp-json\/wp\/v2\/pages\/120","targetHints":{"allow":["GET"]}}],"collection":[{"href":"https:\/\/www.kliinikum.ee\/sudameriketekeskus\/wp-json\/wp\/v2\/pages"}],"about":[{"href":"https:\/\/www.kliinikum.ee\/sudameriketekeskus\/wp-json\/wp\/v2\/types\/page"}],"author":[{"embeddable":true,"href":"https:\/\/www.kliinikum.ee\/sudameriketekeskus\/wp-json\/wp\/v2\/users\/3"}],"replies":[{"embeddable":true,"href":"https:\/\/www.kliinikum.ee\/sudameriketekeskus\/wp-json\/wp\/v2\/comments?post=120"}],"version-history":[{"count":0,"href":"https:\/\/www.kliinikum.ee\/sudameriketekeskus\/wp-json\/wp\/v2\/pages\/120\/revisions"}],"wp:attachment":[{"href":"https:\/\/www.kliinikum.ee\/sudameriketekeskus\/wp-json\/wp\/v2\/media?parent=120"}],"curies":[{"name":"wp","href":"https:\/\/api.w.org\/{rel}","templated":true}]}}