{"id":142,"date":"2021-05-11T10:34:01","date_gmt":"2021-05-11T10:34:01","guid":{"rendered":"https:\/\/www.kliinikum.ee\/sudameriketekeskus\/?page_id=142"},"modified":"2022-02-10T14:06:50","modified_gmt":"2022-02-10T14:06:50","slug":"missioon","status":"publish","type":"page","link":"https:\/\/www.kliinikum.ee\/sudameriketekeskus\/missioon-ajalugu\/missioon\/","title":{"rendered":"Missioon"},"content":{"rendered":"\n<p class=\"wp-el\"><strong>Kompetentsikeskuse missiooniks on pakkuda kaasas\u00fcndinud s\u00fcdameriketega patsientidele tunnustatud ravi erialaspetsialistide poolt ning l\u00e4bi patsientide ja meedikute harimise suurendada teadlikkust s\u00fcdameriketest ning nende raviv\u00f5imalustest. <\/strong>&nbsp;&nbsp;<\/p>\n\n\n\n<p class=\"wp-el\">Tartu \u00dclikooli Kliinikumi kardiokirurgia osakonna baasil on kaasas\u00fcndinud s\u00fcdamerikete kompetentsikeskus Tartus toimetanud <em>de facto<\/em> varsti juba 60 aastat.&nbsp;<\/p>\n\n\n\n<p class=\"wp-el\">Selle aja jooksul on opereeritud kokku hinnanguliselt \u00fcle 3000 patsiendi, neist valdav osa (v\u00e4ike)lapseeas.&nbsp;<\/p>\n\n\n\n<p class=\"wp-el\">Eestis, olles pisike riik, peaks rahvusvaheliste standardite kohaselt olema kuni 0,25- 1 kaasas\u00fcndinud s\u00fcdamerikete keskust- seega on patsientidele parima ravikvaliteedi pakkumiseks vajalik maksimaalne patsientide koondamine \u00fchte keskusesse, et hoida ja t\u00f5sta ravikvaliteeti.&nbsp;<\/p>\n\n\n\n<p class=\"wp-el\"><strong>T\u00e4na pole kaasas\u00fcndinud s\u00fcdamerikete k\u00e4sitlus vaid s\u00fcdameoperatsioon ja sellele eelnev ning j\u00e4rgnev vahetu ajaperiood, vaid s\u00fcdamerikete k\u00e4sitlus algab juba s\u00fcnnieelselt ning kestab patsiendi elu l\u00f5puni.<\/strong>&nbsp;<\/p>\n\n\n\n<p class=\"wp-el\">Kuna s\u00fcdamerikked e s\u00fcdame ehituslikud vead tekivad v\u00e4ga varajases perioodis loote arengus, on v\u00f5imalik neid vigu leida juba antenataalse (s\u00fcnnieelse) ultraheliuuringu (UH) k\u00e4igus. Loote s\u00fcdamerikke kahtlusel tuleks kaasata loote ehhokardiograafia uuringu (loote s\u00fcdameultraheliuuringu) tegemisse lastekardioloog. Lastekardioloog m\u00f5testab lahti s\u00fcdamerikke olemuse, hindab s\u00fcdamerikke raskusastet ning konsulteerib perekonda edasise taktika valikus. Vaid Tartus\u00a0toimub regulaarne looteehhokardiograafia lastekardioloogi osalusel ning siia saadetakse loote s\u00fcdamerikke kahtlusega rasedad \u00fcle Eesti. Kaasas\u00fcndinud s\u00fcdamerikete kompetentsikeskuses Tartu \u00dclikooli Kliinikumis teevad looteehhokardiograafilisi uuringuid dr Karin Asser, dr Eva-Liina S\u00fc\u00fcden, dr Ele Hanson ning lastekardioloogidena konsulteerivad dr Silvia Virro ja dr Kristel K\u00f6bas.<\/p>\n\n\n\n<p class=\"wp-el\">S\u00fcdamerikkega laps vajab s\u00fcnnij\u00e4rgselt t\u00e4psustavat diagnostikat ning regulaarset j\u00e4lgimist erialaspetsialistide poolt. Kliinikumis on \u00f6\u00f6p\u00e4evaringne lastekardioloogiline valve, t\u00e4nu millele on v\u00f5imalik diagnoosida, hinnata ja ravida ka kriitilises seisundis lapsi v\u00e4ljaspool t\u00f6\u00f6aega. \u00d6\u00f6p\u00e4evase lastekardioloogilise valveringi katavad dr Kristel K\u00f6bas, dr Margit S\u00f5najalg, dr Lilja Ginter. Tartusse saadetakse ka keerukamad\/kiiret ravi vajavad lapsed mujalt Eestist, mist\u00f5ttu \u00f6\u00f6p\u00e4evaringne kardioloogi k\u00e4ttesaadavus on \u00fclioluline.&nbsp;<\/p>\n\n\n\n<p class=\"wp-el\">Lasteintensiivraviosakonnas ravitakse ja j\u00e4lgitakse k\u00f5ige keerulisemaid ja kriitilisemas seisundis lapsi, sh s\u00fcdamerikkega patsiente. Lasteintensiivravi osakond Kliinikumis katab \u00f6\u00f6p\u00e4evaringselt nii intensiivravi kui ka erakorraliste seisundite puhul transpordi haiglate vahel ning uuringute teostamise. Lasteintensiivraviosakonna motiveeritud meeskonda juhib lasteintensiivravi osakonna juhataja dr. Imbi Eelm\u00e4e. <\/p>\n\n\n\n<p class=\"wp-el\">On hulk s\u00fcdamerikkeid, mis vajavad invasiivset ravi juba esimeste elutundide jooksul- \u00f6\u00f6p\u00e4evaringses valmisolekus invasiivseid protseduure teha on kaasas\u00fcndinud s\u00fcdamerikete p\u00e4devusega invasiivkardioloog\/kardiokirurg dr. Toomas Hermlin oma meeskonnaga.&nbsp;<\/p>\n\n\n\n<p class=\"wp-el\">Lastele, ka vasts\u00fcndinutele ja s\u00fcgavalt enneaegsetele on Tartu \u00dclikooli Kliinikumis v\u00f5imalik teha k\u00f5iki nii mitteinvasiivseid kui invasiivseid s\u00fcdame uuringuid- selleks on olemas vajalik aparatuur, kompetents ning kogemus.&nbsp;<\/p>\n\n\n\n<p class=\"wp-el\">Kardiokirurgia osakond on kaasas\u00fcndinud s\u00fcdamerikke ravis koht, kus rike korrigeeritakse. Kardiokirurgia osakond Tartus on unikaalne &#8211; \u00fches osakonnas t\u00f6\u00f6tavad koos nii kardioloogid, lastekardioloog, anestesioloogid kui kirurgid, mist\u00f5ttu haigusjuhud arutatakse enne s\u00fcgavuti l\u00e4bi ning seet\u00f5ttu saavutatakse parim ravitulemus. Kollektiivne kogemus kasvab iga patsiendiga ning seel\u00e4bi saavad ravitulemused minna vaid paremaks. S\u00fcdameoperatsioone kaasas\u00fcndinud s\u00fcdameriketega patsientidel ja muul p\u00f5hjusel s\u00fcdameoperatsiooni vajavatel lastel viivad l\u00e4bi s\u00fcdamekirurgid dr Toomas Aro ja dr Raili Ermel.&nbsp;<\/p>\n\n\n\n<p class=\"wp-el\">Kardiokirurgia anestesioloogid-intensiivraviarstid vastutavad lisaks s\u00fcdamerikkega patsientide narkoosi ja intensiivravi k\u00f5rval ka kunstliku kehav\u00e4lise vereringe ja kehav\u00e4lise membraanoks\u00fcgenisatsiooni (EKMO) nii plaanilise kui erakorralise kasutamise eest- tegu on keeruka ja v\u00e4ga t\u00e4pset juhtimist vajava aparatuuriga, mis \u00fclikriitilistel juhtudel on ainsaks elup\u00e4\u00e4stvaks vahendiks. Laste ja kaasas\u00fcndinud s\u00fcdamerikete EKMO ravi on koondunud Tartusse. T\u00e4naseks on EKMOt lisaks t\u00e4iskasvanutele kasutatud 10 lapsel, noorim neist 1-p\u00e4evane ning vanim 15-aastane.&nbsp;<\/p>\n\n\n\n<p class=\"wp-el\">S\u00fcdameoperatsioon viiakse l\u00e4bi kardiokirurgia operatsioonitoas &#8211; k\u00f5rgelt spetsialiseerunud arstliku ja \u00f5enduspersonali koost\u00f6\u00f6s. Kaasas\u00fcndinud s\u00fcdamerikete ja laste kardiokirurgia erineb oluliselt t\u00e4iskasvanute omandatud s\u00fcdamerikete kirurgiast- tihtilugu on rikked v\u00e4ga oman\u00e4olised ning vajavad s\u00fcvenemist ning hea ettevalmistusega ja kogemusega \u00f5enduspersonalil on siin v\u00e4ga suur roll.&nbsp;<\/p>\n\n\n\n<p class=\"wp-el\">S\u00fcdameoperatsioon on igal juhul oma riskidega, kuid v\u00f5ime r\u00f5\u00f5muga teatada, et hoolimata oma v\u00e4iksusest on ka raskete operatsioonide puhul meie tulemused igati head.&nbsp;<\/p>\n\n\n\n<p class=\"wp-el\">K\u00f5ige keerulisemad ravijuhud arutatakse l\u00e4bi Soome kolleegidega &#8211; Helsingi \u00dclikoolihaigla ja Helsingi Uue Lastehaigla spetsialistidega. Teatud operatsioonid on sellised, mida me Eestis hetkel ei tee, logistilistel v\u00f5i tehnilistel p\u00f5hjustel. Nendeks on nt: s\u00fcdamesiirdamine, vasaku vatsakese h\u00fcpoplaasia s\u00fcndroomi korrektsioonid, arteriaalne switch suurte arterite transpositsiooni korral ning Rossi operatsioon teatud aordiklapi anomaaliate puhul. Ka selliseid operatsioone vajavad patsiendid peaksid olema k\u00f5igepealt konsulteeritud Kaasas\u00fcndinud s\u00fcdamerikete kompetentsikeskuses, et edasist ravi v\u00f5imalikult efektiivselt ja optimaalselt planeerida.<\/p>\n\n\n\n<figure class=\"wp-block-image size-large\"><img loading=\"lazy\" decoding=\"async\" width=\"1024\" height=\"683\" src=\"https:\/\/www.kliinikum.ee\/sudameriketekeskus\/wp-content\/uploads\/2021\/06\/hommikune-visiit1-1024x683.jpg\" alt=\"\" class=\"wp-image-293\" \/><\/figure>\n","protected":false},"excerpt":{"rendered":"<p>Kompetentsikeskuse missiooniks on pakkuda kaasas\u00fcndinud s\u00fcdameriketega patsientidele tunnustatud ravi erialaspetsialistide poolt ning l\u00e4bi patsientide ja meedikute harimise suurendada teadlikkust s\u00fcdameriketest&#8230;<\/p>\n","protected":false},"author":3,"featured_media":0,"parent":116,"menu_order":10,"comment_status":"closed","ping_status":"closed","template":"","meta":{"_acf_changed":false,"inline_featured_image":false,"advgb_blocks_editor_width":"","advgb_blocks_columns_visual_guide":"","footnotes":"","_links_to":"","_links_to_target":""},"class_list":["post-142","page","type-page","status-publish","hentry"],"acf":[],"yoast_head":"<!-- This site is optimized with the Yoast SEO plugin v27.5 - https:\/\/yoast.com\/product\/yoast-seo-wordpress\/ -->\n<title>Missioon - S\u00fcdamerikked<\/title>\n<meta name=\"robots\" content=\"index, follow, max-snippet:-1, max-image-preview:large, max-video-preview:-1\" \/>\n<link rel=\"canonical\" href=\"https:\/\/www.kliinikum.ee\/sudameriketekeskus\/missioon-ajalugu\/missioon\/\" \/>\n<meta property=\"og:locale\" content=\"et_EE\" \/>\n<meta property=\"og:type\" content=\"article\" \/>\n<meta property=\"og:title\" content=\"Missioon - S\u00fcdamerikked\" \/>\n<meta property=\"og:description\" content=\"Kompetentsikeskuse missiooniks on pakkuda kaasas\u00fcndinud s\u00fcdameriketega patsientidele tunnustatud ravi erialaspetsialistide poolt ning l\u00e4bi patsientide ja meedikute harimise suurendada teadlikkust s\u00fcdameriketest...\" \/>\n<meta property=\"og:url\" content=\"https:\/\/www.kliinikum.ee\/sudameriketekeskus\/missioon-ajalugu\/missioon\/\" \/>\n<meta property=\"og:site_name\" content=\"S\u00fcdamerikked\" \/>\n<meta property=\"article:modified_time\" content=\"2022-02-10T14:06:50+00:00\" \/>\n<meta property=\"og:image\" content=\"https:\/\/www.kliinikum.ee\/sudameriketekeskus\/wp-content\/uploads\/2021\/06\/hommikune-visiit1-1024x683.jpg\" \/>\n<meta name=\"twitter:card\" content=\"summary_large_image\" \/>\n<meta name=\"twitter:label1\" content=\"Est. reading time\" \/>\n\t<meta name=\"twitter:data1\" content=\"4 minutit\" \/>\n<script type=\"application\/ld+json\" class=\"yoast-schema-graph\">{\"@context\":\"https:\\\/\\\/schema.org\",\"@graph\":[{\"@type\":\"WebPage\",\"@id\":\"https:\\\/\\\/www.kliinikum.ee\\\/sudameriketekeskus\\\/missioon-ajalugu\\\/missioon\\\/\",\"url\":\"https:\\\/\\\/www.kliinikum.ee\\\/sudameriketekeskus\\\/missioon-ajalugu\\\/missioon\\\/\",\"name\":\"Missioon - S\u00fcdamerikked\",\"isPartOf\":{\"@id\":\"https:\\\/\\\/www.kliinikum.ee\\\/sudameriketekeskus\\\/#website\"},\"primaryImageOfPage\":{\"@id\":\"https:\\\/\\\/www.kliinikum.ee\\\/sudameriketekeskus\\\/missioon-ajalugu\\\/missioon\\\/#primaryimage\"},\"image\":{\"@id\":\"https:\\\/\\\/www.kliinikum.ee\\\/sudameriketekeskus\\\/missioon-ajalugu\\\/missioon\\\/#primaryimage\"},\"thumbnailUrl\":\"https:\\\/\\\/www.kliinikum.ee\\\/sudameriketekeskus\\\/wp-content\\\/uploads\\\/2021\\\/06\\\/hommikune-visiit1-1024x683.jpg\",\"datePublished\":\"2021-05-11T10:34:01+00:00\",\"dateModified\":\"2022-02-10T14:06:50+00:00\",\"breadcrumb\":{\"@id\":\"https:\\\/\\\/www.kliinikum.ee\\\/sudameriketekeskus\\\/missioon-ajalugu\\\/missioon\\\/#breadcrumb\"},\"inLanguage\":\"et\",\"potentialAction\":[{\"@type\":\"ReadAction\",\"target\":[\"https:\\\/\\\/www.kliinikum.ee\\\/sudameriketekeskus\\\/missioon-ajalugu\\\/missioon\\\/\"]}]},{\"@type\":\"ImageObject\",\"inLanguage\":\"et\",\"@id\":\"https:\\\/\\\/www.kliinikum.ee\\\/sudameriketekeskus\\\/missioon-ajalugu\\\/missioon\\\/#primaryimage\",\"url\":\"https:\\\/\\\/www.kliinikum.ee\\\/sudameriketekeskus\\\/wp-content\\\/uploads\\\/2021\\\/06\\\/hommikune-visiit1-1024x683.jpg\",\"contentUrl\":\"https:\\\/\\\/www.kliinikum.ee\\\/sudameriketekeskus\\\/wp-content\\\/uploads\\\/2021\\\/06\\\/hommikune-visiit1-1024x683.jpg\"},{\"@type\":\"BreadcrumbList\",\"@id\":\"https:\\\/\\\/www.kliinikum.ee\\\/sudameriketekeskus\\\/missioon-ajalugu\\\/missioon\\\/#breadcrumb\",\"itemListElement\":[{\"@type\":\"ListItem\",\"position\":1,\"name\":\"Home\",\"item\":\"https:\\\/\\\/www.kliinikum.ee\\\/sudameriketekeskus\\\/\"},{\"@type\":\"ListItem\",\"position\":2,\"name\":\"Missioon \\\/ ajalugu\",\"item\":\"https:\\\/\\\/www.kliinikum.ee\\\/sudameriketekeskus\\\/missioon-ajalugu\\\/\"},{\"@type\":\"ListItem\",\"position\":3,\"name\":\"Missioon\"}]},{\"@type\":\"WebSite\",\"@id\":\"https:\\\/\\\/www.kliinikum.ee\\\/sudameriketekeskus\\\/#website\",\"url\":\"https:\\\/\\\/www.kliinikum.ee\\\/sudameriketekeskus\\\/\",\"name\":\"S\u00fcdamerikked\",\"description\":\"J\u00e4rjekordne WordPressi veebileht\",\"potentialAction\":[{\"@type\":\"SearchAction\",\"target\":{\"@type\":\"EntryPoint\",\"urlTemplate\":\"https:\\\/\\\/www.kliinikum.ee\\\/sudameriketekeskus\\\/?s={search_term_string}\"},\"query-input\":{\"@type\":\"PropertyValueSpecification\",\"valueRequired\":true,\"valueName\":\"search_term_string\"}}],\"inLanguage\":\"et\"}]}<\/script>\n<!-- \/ Yoast SEO plugin. -->","yoast_head_json":{"title":"Missioon - S\u00fcdamerikked","robots":{"index":"index","follow":"follow","max-snippet":"max-snippet:-1","max-image-preview":"max-image-preview:large","max-video-preview":"max-video-preview:-1"},"canonical":"https:\/\/www.kliinikum.ee\/sudameriketekeskus\/missioon-ajalugu\/missioon\/","og_locale":"et_EE","og_type":"article","og_title":"Missioon - S\u00fcdamerikked","og_description":"Kompetentsikeskuse missiooniks on pakkuda kaasas\u00fcndinud s\u00fcdameriketega patsientidele tunnustatud ravi erialaspetsialistide poolt ning l\u00e4bi patsientide ja meedikute harimise suurendada teadlikkust s\u00fcdameriketest...","og_url":"https:\/\/www.kliinikum.ee\/sudameriketekeskus\/missioon-ajalugu\/missioon\/","og_site_name":"S\u00fcdamerikked","article_modified_time":"2022-02-10T14:06:50+00:00","og_image":[{"url":"https:\/\/www.kliinikum.ee\/sudameriketekeskus\/wp-content\/uploads\/2021\/06\/hommikune-visiit1-1024x683.jpg","type":"","width":"","height":""}],"twitter_card":"summary_large_image","twitter_misc":{"Est. reading time":"4 minutit"},"schema":{"@context":"https:\/\/schema.org","@graph":[{"@type":"WebPage","@id":"https:\/\/www.kliinikum.ee\/sudameriketekeskus\/missioon-ajalugu\/missioon\/","url":"https:\/\/www.kliinikum.ee\/sudameriketekeskus\/missioon-ajalugu\/missioon\/","name":"Missioon - S\u00fcdamerikked","isPartOf":{"@id":"https:\/\/www.kliinikum.ee\/sudameriketekeskus\/#website"},"primaryImageOfPage":{"@id":"https:\/\/www.kliinikum.ee\/sudameriketekeskus\/missioon-ajalugu\/missioon\/#primaryimage"},"image":{"@id":"https:\/\/www.kliinikum.ee\/sudameriketekeskus\/missioon-ajalugu\/missioon\/#primaryimage"},"thumbnailUrl":"https:\/\/www.kliinikum.ee\/sudameriketekeskus\/wp-content\/uploads\/2021\/06\/hommikune-visiit1-1024x683.jpg","datePublished":"2021-05-11T10:34:01+00:00","dateModified":"2022-02-10T14:06:50+00:00","breadcrumb":{"@id":"https:\/\/www.kliinikum.ee\/sudameriketekeskus\/missioon-ajalugu\/missioon\/#breadcrumb"},"inLanguage":"et","potentialAction":[{"@type":"ReadAction","target":["https:\/\/www.kliinikum.ee\/sudameriketekeskus\/missioon-ajalugu\/missioon\/"]}]},{"@type":"ImageObject","inLanguage":"et","@id":"https:\/\/www.kliinikum.ee\/sudameriketekeskus\/missioon-ajalugu\/missioon\/#primaryimage","url":"https:\/\/www.kliinikum.ee\/sudameriketekeskus\/wp-content\/uploads\/2021\/06\/hommikune-visiit1-1024x683.jpg","contentUrl":"https:\/\/www.kliinikum.ee\/sudameriketekeskus\/wp-content\/uploads\/2021\/06\/hommikune-visiit1-1024x683.jpg"},{"@type":"BreadcrumbList","@id":"https:\/\/www.kliinikum.ee\/sudameriketekeskus\/missioon-ajalugu\/missioon\/#breadcrumb","itemListElement":[{"@type":"ListItem","position":1,"name":"Home","item":"https:\/\/www.kliinikum.ee\/sudameriketekeskus\/"},{"@type":"ListItem","position":2,"name":"Missioon \/ ajalugu","item":"https:\/\/www.kliinikum.ee\/sudameriketekeskus\/missioon-ajalugu\/"},{"@type":"ListItem","position":3,"name":"Missioon"}]},{"@type":"WebSite","@id":"https:\/\/www.kliinikum.ee\/sudameriketekeskus\/#website","url":"https:\/\/www.kliinikum.ee\/sudameriketekeskus\/","name":"S\u00fcdamerikked","description":"J\u00e4rjekordne WordPressi veebileht","potentialAction":[{"@type":"SearchAction","target":{"@type":"EntryPoint","urlTemplate":"https:\/\/www.kliinikum.ee\/sudameriketekeskus\/?s={search_term_string}"},"query-input":{"@type":"PropertyValueSpecification","valueRequired":true,"valueName":"search_term_string"}}],"inLanguage":"et"}]}},"coauthors":[],"author_meta":{"author_link":"https:\/\/www.kliinikum.ee\/sudameriketekeskus\/author\/haldur\/","display_name":"Haldur"},"relative_dates":{"created":"Posted 5 aastat ago","modified":"Updated 4 aastat ago"},"absolute_dates":{"created":"Posted on 11. mai 2021","modified":"Updated on 10. veebr. 2022"},"absolute_dates_time":{"created":"Posted on 11. mai 2021 10:34","modified":"Updated on 10. veebr. 2022 02:06"},"featured_img_caption":"","featured_img":false,"series_order":"","_links":{"self":[{"href":"https:\/\/www.kliinikum.ee\/sudameriketekeskus\/wp-json\/wp\/v2\/pages\/142","targetHints":{"allow":["GET"]}}],"collection":[{"href":"https:\/\/www.kliinikum.ee\/sudameriketekeskus\/wp-json\/wp\/v2\/pages"}],"about":[{"href":"https:\/\/www.kliinikum.ee\/sudameriketekeskus\/wp-json\/wp\/v2\/types\/page"}],"author":[{"embeddable":true,"href":"https:\/\/www.kliinikum.ee\/sudameriketekeskus\/wp-json\/wp\/v2\/users\/3"}],"replies":[{"embeddable":true,"href":"https:\/\/www.kliinikum.ee\/sudameriketekeskus\/wp-json\/wp\/v2\/comments?post=142"}],"version-history":[{"count":0,"href":"https:\/\/www.kliinikum.ee\/sudameriketekeskus\/wp-json\/wp\/v2\/pages\/142\/revisions"}],"up":[{"embeddable":true,"href":"https:\/\/www.kliinikum.ee\/sudameriketekeskus\/wp-json\/wp\/v2\/pages\/116"}],"wp:attachment":[{"href":"https:\/\/www.kliinikum.ee\/sudameriketekeskus\/wp-json\/wp\/v2\/media?parent=142"}],"curies":[{"name":"wp","href":"https:\/\/api.w.org\/{rel}","templated":true}]}}