{"id":153,"date":"2021-06-08T10:53:53","date_gmt":"2021-06-08T10:53:53","guid":{"rendered":"https:\/\/www.kliinikum.ee\/sudameriketekeskus\/?page_id=153"},"modified":"2022-11-10T07:35:08","modified_gmt":"2022-11-10T07:35:08","slug":"diagnostika","status":"publish","type":"page","link":"https:\/\/www.kliinikum.ee\/sudameriketekeskus\/infomaterjalid\/diagnostika\/","title":{"rendered":"Diagnostika"},"content":{"rendered":"\n<p class=\"wp-el\">Kaasas\u00fcndinud s\u00fcdamerikete kompetentsikeskuses teostatakse kaasas\u00fcndinud s\u00fcdamerikete diagnoosimisel k\u00f5iki rahvusvaheliselt tunnustatud uuringuid. Olulisim diagnostikas on riket tundev erialaarst- lastekardioloog. <\/p>\n\n\n\n<p class=\"wp-el\">T\u00e4nasel p\u00e4eval on v\u00f5imalus k\u00f5rvalekalle s\u00fcdame arengus leida juba s\u00fcnnieelselt ehk antenataalselt tehtava loote ultraheliuuringu k\u00e4igus.<\/p>\n\n\n<div id=\"acf-block-block_1ed9b3596f3b007e9b1e0da2051b6014\" class=\"acf-block-element \">\n<div class=\"accordion\" id=\"accordion-block_1ed9b3596f3b007e9b1e0da2051b6014\"><div class=\"card\"><div class=\"card-header\" id=\"heading1-block_1ed9b3596f3b007e9b1e0da2051b6014\"><button type=\"button\" class=\"collapsed\" data-toggle=\"collapse\" data-target=\"#collapse1-block_1ed9b3596f3b007e9b1e0da2051b6014\" aria-controls=\"collapse1-block_1ed9b3596f3b007e9b1e0da2051b6014\">Kaasas\u00fcndinud s\u00fcdamerikete s\u00fcnnieelsest diagnostikast ja k\u00e4sitlusest<\/button><\/div><div id=\"collapse1-block_1ed9b3596f3b007e9b1e0da2051b6014\" class=\"collapse\" aria-labelledby=\"heading1-block_1ed9b3596f3b007e9b1e0da2051b6014\" data-parent=\"#accordion-block_1ed9b3596f3b007e9b1e0da2051b6014\"><div class=\"card-body\"><div class=\"gutenberg-content\"><p><strong>Paljusid s\u00fcdame ehituslikke k\u00f5rvalekaldeid on v\u00f5imalik avastada s\u00fcnnieelselt<\/strong>. Enamikel juhtudel leitakse s\u00fcdamerikked <strong>19.-20. rasedusn\u00e4dalal tehtava ultraheliuuringu k\u00e4igus<\/strong>. M\u00f5ned k\u00f5rvalekalded v\u00f5ivad olla leitavad ka juba varasemas j\u00e4rgus (11.-14.rasedusn\u00e4dalal), kuid kuna <strong>loote vereringe erineb oluliselt t\u00e4iskasvanute vereringest, siis m\u00f5ningaid s\u00fcdamerikkeid ei olegi v\u00f5imalik s\u00fcnnieelselt tuvastada.<\/strong> Loote ultraheliuuringu teostab spetsiaalse v\u00e4lja\u00f5ppe saanud naistearst v\u00f5i radioloog. Kui <strong>ultraheliuuringul ei ole <\/strong><strong>loote s\u00fcdame ehitus normip\u00e4rane<\/strong> v\u00f5i <strong>esinevad riskitegurid s\u00fcdamerikke<\/strong> esinemiseks, <strong>planeeritakse<\/strong> rasedale lisaks t\u00e4psem <strong>loote s\u00fcdame ultraheliuuring (ehhokardiograafia)<\/strong>. Selle uuringu viib l\u00e4bi kogemustega ja eriv\u00e4lja\u00f5ppe l\u00e4binud naistearst v\u00f5i radioloog, v\u00f5imalusel s\u00fcdamearsti (kardioloogi) juuresolekul. Praegu osaleb lastekardioloog loote s\u00fcdame uuringutel regulaarselt Tartu \u00dclikooli Kliinikumis, kuhu suunatakse loote s\u00fcdamerikke kahtlusega rasedad \u00fcle kogu Eesti. Uuringu k\u00e4igus hinnatakse loote s\u00fcdame ehitust ja vereringet. Uuringu j\u00e4rgselt selgitab lastekardioloog perele kas ja millise rikkega on tegemist.<\/p>\n<p>S\u00fcnnieelne s\u00fcdamerikete leidmine <strong>v\u00f5imaldab lapsevanematel saada lapse s\u00fcnnile eelnevalt informatsiooni arengurikke esinemise, olemuse, lapse s\u00fcnnij\u00e4rgse k\u00e4sitluse, raviv\u00f5imaluste ja prognoosi osas<\/strong>. Saadav info v\u00f5imaldab perel teha sobivaim valik- kas rasedust j\u00e4tkata v\u00f5i rasketel juhtudel rasedus meditsiinilistel n\u00e4idustustel katkestada. Kui \u00fcsasiseselt on lootel leitud s\u00fcdamerike, siis 1\/3 juhtudel v\u00f5ivad kaasneda ka geneetilised k\u00f5rvalekalded. Kui korraga esineb mitu arenguriket v\u00f5i kaasneb geneetiline s\u00fcndroom, siis on\u00a0 tavaliselt prognoos \u00a0s\u00fcndiva lapse elule halvem.<\/p>\n<p><strong>Kaasas\u00fcndinud s\u00fcdamerikkega laps peaks s\u00fcndima v\u00f5imalikult ajalisena<\/strong>, et lisaks s\u00fcdamerikkest tingitud probleemidele ei tekiks lapsel ebak\u00fcpsusest ja\/v\u00f5i enneaegsusest tingitud hingamish\u00e4ireid. S\u00fcnnituse varasem esilekutsumine ei ole enamasti vajalik ning pigem on eelistatud loomulik s\u00fcnnituse k\u00e4ivitumine. <strong>S\u00fcnnituse viis ei m\u00f5juta \u00fcldjuhul kaasas\u00fcndinud s\u00fcdamerikkega laste s\u00fcnnij\u00e4rgset prognoosi, mist\u00f5ttu s\u00fcdamerike ise ei ole enamikel juhtudel n\u00e4idustus keisril\u00f5ike teel s\u00fcnnitamiseks.<\/strong> S\u00fcnnitus ja vahetu s\u00fcnnitusj\u00e4rgne periood, kui laps hakkab hingama ja rohkem verd peab hakkama kopse l\u00e4bima, on lapse vereringe suure \u00fcmberkohastumise aeg \u2013 muutuvad r\u00f5hud ja sulguvad looteea \u00fchendused. <strong>Seet\u00f5ttu selgub lapse vereringe t\u00fc\u00fcp ja t\u00e4pne diagnoos, samuti ravi vajalikkus ja v\u00f5imalused, kuidas s\u00fcdameriket ravida, sageli alles p\u00e4rast lapse s\u00fcndi.<\/strong> Kui s\u00fcnnieelselt kahtlustatakse kriitilist s\u00fcdameriket, tuleks planeerida raseduse l\u00f5pp ja s\u00fcnnitamine sellises haiglas, kus on v\u00f5imalus vasts\u00fcndinute intensiivraviks. Teatud rikete puhul on Eesti tingimustes parim variant Tartus s\u00fcnnitamine, sest Tartus on lisaks vasts\u00fcndinute intensiivravile v\u00f5imekus ka vasts\u00fcndinute veresoonekaudseks ja kirurgiliseks raviks.<\/p>\n<\/div><\/div><\/div><\/div><\/div><\/div>\n\n\n<p class=\"wp-el\">Uuringumeetodid, mis tavap\u00e4raselt s\u00fcnnij\u00e4rgseks diagnoosimiseks kasutusel on, on j\u00e4rgmised:<\/p>\n\n\n<div id=\"acf-block-block_33528c7dbd15f6a7139b9519767ab2cf\" class=\"acf-block-element \">\n<div class=\"accordion\" id=\"accordion-block_33528c7dbd15f6a7139b9519767ab2cf\"><div class=\"card\"><div class=\"card-header\" id=\"heading1-block_33528c7dbd15f6a7139b9519767ab2cf\"><button type=\"button\" class=\"collapsed\" data-toggle=\"collapse\" data-target=\"#collapse1-block_33528c7dbd15f6a7139b9519767ab2cf\" aria-controls=\"collapse1-block_33528c7dbd15f6a7139b9519767ab2cf\">EKG<\/button><\/div><div id=\"collapse1-block_33528c7dbd15f6a7139b9519767ab2cf\" class=\"collapse\" aria-labelledby=\"heading1-block_33528c7dbd15f6a7139b9519767ab2cf\" data-parent=\"#accordion-block_33528c7dbd15f6a7139b9519767ab2cf\"><div class=\"card-body\"><div class=\"gutenberg-content\"><p><span style=\"font-weight: 400;\">elektrokardiogramm e \u201cs\u00fcdamefilm\u201d. EKG n\u00e4itab s\u00fcdame r\u00fctmi, s\u00fcdamesagedust, kogenud spetsialistile kannab informatsiooni s\u00fcdame \u00f5\u00f5nte \u00fclekoormusest jne. Valutu protseduur, mille k\u00e4igus asetatakse rindkerele ja j\u00e4semetele elektroodid ning registreeritakse s\u00fcdame elektriline aktiivsus.<\/span><\/p>\n<p><a href=\"https:\/\/www.kliinikum.ee\/patsiendiinfo-andmebaas\/elektrokardiogramm-ekg\/\">Lugege pikemalt<\/a><\/p>\n<\/div><\/div><\/div><\/div><div class=\"card\"><div class=\"card-header\" id=\"heading2-block_33528c7dbd15f6a7139b9519767ab2cf\"><button type=\"button\" class=\"collapsed\" data-toggle=\"collapse\" data-target=\"#collapse2-block_33528c7dbd15f6a7139b9519767ab2cf\" aria-controls=\"collapse2-block_33528c7dbd15f6a7139b9519767ab2cf\">Rindkere r\u00f6ntgen<\/button><\/div><div id=\"collapse2-block_33528c7dbd15f6a7139b9519767ab2cf\" class=\"collapse\" aria-labelledby=\"heading2-block_33528c7dbd15f6a7139b9519767ab2cf\" data-parent=\"#accordion-block_33528c7dbd15f6a7139b9519767ab2cf\"><div class=\"card-body\"><div class=\"gutenberg-content\"><p><span style=\"font-weight: 400;\">r\u00f6ntgenkiirgust kasutav piltuuring, mis n\u00e4itab s\u00fcdame ja kopsude asendit rindkere\u00f5\u00f5nes ja hindab kopsude ja nende veresoonte seisundit.<\/span><\/p>\n<p><a href=\"https:\/\/www.kliinikum.ee\/patsiendiinfo-andmebaas\/rontgenuuring\/\">Lugege pikemalt<\/a><\/p>\n<\/div><\/div><\/div><\/div><div class=\"card\"><div class=\"card-header\" id=\"heading3-block_33528c7dbd15f6a7139b9519767ab2cf\"><button type=\"button\" class=\"collapsed\" data-toggle=\"collapse\" data-target=\"#collapse3-block_33528c7dbd15f6a7139b9519767ab2cf\" aria-controls=\"collapse3-block_33528c7dbd15f6a7139b9519767ab2cf\">Transtorakaalne ehhokardiograafia <\/button><\/div><div id=\"collapse3-block_33528c7dbd15f6a7139b9519767ab2cf\" class=\"collapse\" aria-labelledby=\"heading3-block_33528c7dbd15f6a7139b9519767ab2cf\" data-parent=\"#accordion-block_33528c7dbd15f6a7139b9519767ab2cf\"><div class=\"card-body\"><div class=\"gutenberg-content\"><p><span style=\"font-weight: 400;\">s\u00fcdame ultraheliuuring teostatuna rindkere pealt: transtorakaalne ehhokardiograafia on lastekardioloogias olulisim diagnostiline uuring- kogenud kardioloog saab enamasti detailse \u00fclevaate s\u00fcdame ehitusest, vereringest ja s\u00fcdamesisestest probleemidest just transtorakaalse ehhokardiograafia teel. Tegu on valutu uuringuga, mille k\u00e4igus liigutatakse geeliga kaetud ultraheliandurit rindkerel, et p\u00fc\u00fcda kinni ultrahelilained ja seel\u00e4bi visualiseerida s\u00fcdame ehitus ja t\u00f6\u00f6.\u00a0<\/span><\/p>\n<p><span style=\"font-weight: 400;\">Harvadel juhtudel j\u00e4\u00e4vad m\u00f5ned k\u00fcsimused siiski vastuseta ning siis kasutatakse diagnostika t\u00e4psustamiseks j\u00e4rgmisi uuringuid:<\/span><\/p>\n<\/div><\/div><\/div><\/div><div class=\"card\"><div class=\"card-header\" id=\"heading4-block_33528c7dbd15f6a7139b9519767ab2cf\"><button type=\"button\" class=\"collapsed\" data-toggle=\"collapse\" data-target=\"#collapse4-block_33528c7dbd15f6a7139b9519767ab2cf\" aria-controls=\"collapse4-block_33528c7dbd15f6a7139b9519767ab2cf\">Trans\u00f6sofageaalne ehhokardiograafia <\/button><\/div><div id=\"collapse4-block_33528c7dbd15f6a7139b9519767ab2cf\" class=\"collapse\" aria-labelledby=\"heading4-block_33528c7dbd15f6a7139b9519767ab2cf\" data-parent=\"#accordion-block_33528c7dbd15f6a7139b9519767ab2cf\"><div class=\"card-body\"><div class=\"gutenberg-content\"><p><span style=\"font-weight: 400;\">s\u00fcdame ultraheliuuring teostatuna s\u00f6\u00f6gitoru kaudu: s\u00f6\u00f6gitorukaudne ehhokardiograafia teostatakse lapse narkoosis olles- s\u00f6\u00f6gitorukaudse ehhokardiograafia k\u00e4igus saab t\u00e4psemalt hinnata teatud s\u00fcdamerikkeid- peamiselt kodade vaheseina defekti anatoomiat (kas on sobilik veresoonekaudseks sulgemiseks) ja klappide patoloogiaid (aordiklapi ehitus, mitraalklapi ehitus). <\/span><\/p>\n<\/div><\/div><\/div><\/div><div class=\"card\"><div class=\"card-header\" id=\"heading5-block_33528c7dbd15f6a7139b9519767ab2cf\"><button type=\"button\" class=\"collapsed\" data-toggle=\"collapse\" data-target=\"#collapse5-block_33528c7dbd15f6a7139b9519767ab2cf\" aria-controls=\"collapse5-block_33528c7dbd15f6a7139b9519767ab2cf\">Angiograafia<\/button><\/div><div id=\"collapse5-block_33528c7dbd15f6a7139b9519767ab2cf\" class=\"collapse\" aria-labelledby=\"heading5-block_33528c7dbd15f6a7139b9519767ab2cf\" data-parent=\"#accordion-block_33528c7dbd15f6a7139b9519767ab2cf\"><div class=\"card-body\"><div class=\"gutenberg-content\"><p><span style=\"font-weight: 400;\">angiograafia on veresoonekaudselt teostatav uuring, mille korral kasutatakse spetsiaalseid sonde, kontrastainet ja r\u00f6ntgenkiirgust, et t\u00e4psustada s\u00fcdamesiseseid r\u00f5hkusid, s\u00fcdame ehitust ja anatoomiat. Protseduur viiakse lastel l\u00e4bi narkoosis. <\/span><\/p>\n<\/div><\/div><\/div><\/div><div class=\"card\"><div class=\"card-header\" id=\"heading6-block_33528c7dbd15f6a7139b9519767ab2cf\"><button type=\"button\" class=\"collapsed\" data-toggle=\"collapse\" data-target=\"#collapse6-block_33528c7dbd15f6a7139b9519767ab2cf\" aria-controls=\"collapse6-block_33528c7dbd15f6a7139b9519767ab2cf\">Kompuutertomograafia<\/button><\/div><div id=\"collapse6-block_33528c7dbd15f6a7139b9519767ab2cf\" class=\"collapse\" aria-labelledby=\"heading6-block_33528c7dbd15f6a7139b9519767ab2cf\" data-parent=\"#accordion-block_33528c7dbd15f6a7139b9519767ab2cf\"><div class=\"card-body\"><div class=\"gutenberg-content\"><p><span style=\"font-weight: 400;\">kompuutertomograafia on r\u00f6ntgenkiirgust kasutav s\u00fcdame ja rindkere muude struktuuride ehitust t\u00e4psustav piltuuring- tihti aitab planeerida kirurgilist tegevust, t\u00e4psustada rindkeresiseste struktuuride t\u00e4pset paiknemist. V\u00e4ikestel lastel teostatakse narkoosis.<\/span><\/p>\n<p><a href=\"https:\/\/www.kliinikum.ee\/patsiendiinfo-andmebaas\/kompuutertomograafia-kt\/\">Lugege pikemalt<\/a><\/p>\n<\/div><\/div><\/div><\/div><div class=\"card\"><div class=\"card-header\" id=\"heading7-block_33528c7dbd15f6a7139b9519767ab2cf\"><button type=\"button\" class=\"collapsed\" data-toggle=\"collapse\" data-target=\"#collapse7-block_33528c7dbd15f6a7139b9519767ab2cf\" aria-controls=\"collapse7-block_33528c7dbd15f6a7139b9519767ab2cf\">Magnetresonantstomograafia<\/button><\/div><div id=\"collapse7-block_33528c7dbd15f6a7139b9519767ab2cf\" class=\"collapse\" aria-labelledby=\"heading7-block_33528c7dbd15f6a7139b9519767ab2cf\" data-parent=\"#accordion-block_33528c7dbd15f6a7139b9519767ab2cf\"><div class=\"card-body\"><div class=\"gutenberg-content\"><p><span style=\"font-weight: 400;\">piltuuring, mis ei kasuta r\u00f6ntgenkiirgust vaid tugevat magnetv\u00e4lja, selleks, et inimese kudesid visualiseerida. Magnettomograafia aitab t\u00e4psustada verevoolusid s\u00fcdames, s\u00fcdame \u00f5\u00f5nte suurust ja funktsiooni. V\u00e4ikestel lastel teostatakse uuring narkoosis.<\/span><\/p>\n<p><a href=\"https:\/\/www.kliinikum.ee\/patsiendiinfo-andmebaas\/magnetresonantstomograafia-mrt\/\">Lugege pikemalt<\/a><\/p>\n<\/div><\/div><\/div><\/div><div class=\"card\"><div class=\"card-header\" id=\"heading8-block_33528c7dbd15f6a7139b9519767ab2cf\"><button type=\"button\" class=\"collapsed\" data-toggle=\"collapse\" data-target=\"#collapse8-block_33528c7dbd15f6a7139b9519767ab2cf\" aria-controls=\"collapse8-block_33528c7dbd15f6a7139b9519767ab2cf\">6 minuti k\u00f5nnitest <\/button><\/div><div id=\"collapse8-block_33528c7dbd15f6a7139b9519767ab2cf\" class=\"collapse\" aria-labelledby=\"heading8-block_33528c7dbd15f6a7139b9519767ab2cf\" data-parent=\"#accordion-block_33528c7dbd15f6a7139b9519767ab2cf\"><div class=\"card-body\"><div class=\"gutenberg-content\"><p><span style=\"font-weight: 400;\">kasutatakse suurematel lastel ja t\u00e4iskasvanutel s\u00fcdame ja kopsude funktsiooni hindamiseks. 6 minuti jooksul palutakse patsiendil peatumata jalutada vastavalt m\u00e4rgistatud kohas ning m\u00f5\u00f5tes l\u00e4bitud vahemaa, annab see informatsiooni s\u00fcdame ja kopsude v\u00f5imekusest. <\/span><\/p>\n<\/div><\/div><\/div><\/div><div class=\"card\"><div class=\"card-header\" id=\"heading9-block_33528c7dbd15f6a7139b9519767ab2cf\"><button type=\"button\" class=\"collapsed\" data-toggle=\"collapse\" data-target=\"#collapse9-block_33528c7dbd15f6a7139b9519767ab2cf\" aria-controls=\"collapse9-block_33528c7dbd15f6a7139b9519767ab2cf\">Vereanal\u00fc\u00fcsid<\/button><\/div><div id=\"collapse9-block_33528c7dbd15f6a7139b9519767ab2cf\" class=\"collapse\" aria-labelledby=\"heading9-block_33528c7dbd15f6a7139b9519767ab2cf\" data-parent=\"#accordion-block_33528c7dbd15f6a7139b9519767ab2cf\"><div class=\"card-body\"><div class=\"gutenberg-content\"><p><span style=\"font-weight: 400;\">operatsiooni eel, ajal ja j\u00e4rgselt kontrollitakse vereanal\u00fc\u00fcside kaudu patsiendi seisundit- muutused elektrol\u00fc\u00fctide tasemes v\u00f5ivad olla ohtlikud ning anal\u00fc\u00fcside teostamine aitab ennetada muidu tekkida v\u00f5ivaid probleeme. Operatsioonieelselt m\u00e4\u00e4ratakse ka veregrupp, et vere\u00fclekande vajadusel saaks sobivaid veretooteid patsiendile \u00fcle kanda. <\/span><\/p>\n<\/div><\/div><\/div><\/div><\/div><\/div>","protected":false},"excerpt":{"rendered":"<p>Kaasas\u00fcndinud s\u00fcdamerikete kompetentsikeskuses teostatakse kaasas\u00fcndinud s\u00fcdamerikete diagnoosimisel k\u00f5iki rahvusvaheliselt tunnustatud uuringuid. Olulisim diagnostikas on riket tundev erialaarst- lastekardioloog. T\u00e4nasel p\u00e4eval&#8230;<\/p>\n","protected":false},"author":3,"featured_media":0,"parent":118,"menu_order":20,"comment_status":"closed","ping_status":"closed","template":"","meta":{"_acf_changed":false,"inline_featured_image":false,"advgb_blocks_editor_width":"","advgb_blocks_columns_visual_guide":"","footnotes":"","_links_to":"","_links_to_target":""},"class_list":["post-153","page","type-page","status-publish","hentry"],"acf":[],"yoast_head":"<!-- This site is optimized with the Yoast SEO plugin v27.5 - https:\/\/yoast.com\/product\/yoast-seo-wordpress\/ -->\n<title>Diagnostika - S\u00fcdamerikked<\/title>\n<meta name=\"robots\" content=\"index, follow, max-snippet:-1, max-image-preview:large, max-video-preview:-1\" \/>\n<link rel=\"canonical\" href=\"https:\/\/www.kliinikum.ee\/sudameriketekeskus\/infomaterjalid\/diagnostika\/\" \/>\n<meta property=\"og:locale\" content=\"et_EE\" \/>\n<meta property=\"og:type\" content=\"article\" \/>\n<meta property=\"og:title\" content=\"Diagnostika - S\u00fcdamerikked\" \/>\n<meta property=\"og:description\" content=\"Kaasas\u00fcndinud s\u00fcdamerikete kompetentsikeskuses teostatakse kaasas\u00fcndinud s\u00fcdamerikete diagnoosimisel k\u00f5iki rahvusvaheliselt tunnustatud uuringuid. Olulisim diagnostikas on riket tundev erialaarst- lastekardioloog. T\u00e4nasel p\u00e4eval...\" \/>\n<meta property=\"og:url\" content=\"https:\/\/www.kliinikum.ee\/sudameriketekeskus\/infomaterjalid\/diagnostika\/\" \/>\n<meta property=\"og:site_name\" content=\"S\u00fcdamerikked\" \/>\n<meta property=\"article:modified_time\" content=\"2022-11-10T07:35:08+00:00\" \/>\n<meta name=\"twitter:card\" content=\"summary_large_image\" \/>\n<meta name=\"twitter:label1\" content=\"Est. reading time\" \/>\n\t<meta name=\"twitter:data1\" content=\"1 minut\" \/>\n<script type=\"application\/ld+json\" class=\"yoast-schema-graph\">{\"@context\":\"https:\\\/\\\/schema.org\",\"@graph\":[{\"@type\":\"WebPage\",\"@id\":\"https:\\\/\\\/www.kliinikum.ee\\\/sudameriketekeskus\\\/infomaterjalid\\\/diagnostika\\\/\",\"url\":\"https:\\\/\\\/www.kliinikum.ee\\\/sudameriketekeskus\\\/infomaterjalid\\\/diagnostika\\\/\",\"name\":\"Diagnostika - S\u00fcdamerikked\",\"isPartOf\":{\"@id\":\"https:\\\/\\\/www.kliinikum.ee\\\/sudameriketekeskus\\\/#website\"},\"datePublished\":\"2021-06-08T10:53:53+00:00\",\"dateModified\":\"2022-11-10T07:35:08+00:00\",\"breadcrumb\":{\"@id\":\"https:\\\/\\\/www.kliinikum.ee\\\/sudameriketekeskus\\\/infomaterjalid\\\/diagnostika\\\/#breadcrumb\"},\"inLanguage\":\"et\",\"potentialAction\":[{\"@type\":\"ReadAction\",\"target\":[\"https:\\\/\\\/www.kliinikum.ee\\\/sudameriketekeskus\\\/infomaterjalid\\\/diagnostika\\\/\"]}]},{\"@type\":\"BreadcrumbList\",\"@id\":\"https:\\\/\\\/www.kliinikum.ee\\\/sudameriketekeskus\\\/infomaterjalid\\\/diagnostika\\\/#breadcrumb\",\"itemListElement\":[{\"@type\":\"ListItem\",\"position\":1,\"name\":\"Home\",\"item\":\"https:\\\/\\\/www.kliinikum.ee\\\/sudameriketekeskus\\\/\"},{\"@type\":\"ListItem\",\"position\":2,\"name\":\"Infomaterjalid\",\"item\":\"https:\\\/\\\/www.kliinikum.ee\\\/sudameriketekeskus\\\/infomaterjalid\\\/\"},{\"@type\":\"ListItem\",\"position\":3,\"name\":\"Diagnostika\"}]},{\"@type\":\"WebSite\",\"@id\":\"https:\\\/\\\/www.kliinikum.ee\\\/sudameriketekeskus\\\/#website\",\"url\":\"https:\\\/\\\/www.kliinikum.ee\\\/sudameriketekeskus\\\/\",\"name\":\"S\u00fcdamerikked\",\"description\":\"J\u00e4rjekordne WordPressi veebileht\",\"potentialAction\":[{\"@type\":\"SearchAction\",\"target\":{\"@type\":\"EntryPoint\",\"urlTemplate\":\"https:\\\/\\\/www.kliinikum.ee\\\/sudameriketekeskus\\\/?s={search_term_string}\"},\"query-input\":{\"@type\":\"PropertyValueSpecification\",\"valueRequired\":true,\"valueName\":\"search_term_string\"}}],\"inLanguage\":\"et\"}]}<\/script>\n<!-- \/ Yoast SEO plugin. -->","yoast_head_json":{"title":"Diagnostika - S\u00fcdamerikked","robots":{"index":"index","follow":"follow","max-snippet":"max-snippet:-1","max-image-preview":"max-image-preview:large","max-video-preview":"max-video-preview:-1"},"canonical":"https:\/\/www.kliinikum.ee\/sudameriketekeskus\/infomaterjalid\/diagnostika\/","og_locale":"et_EE","og_type":"article","og_title":"Diagnostika - S\u00fcdamerikked","og_description":"Kaasas\u00fcndinud s\u00fcdamerikete kompetentsikeskuses teostatakse kaasas\u00fcndinud s\u00fcdamerikete diagnoosimisel k\u00f5iki rahvusvaheliselt tunnustatud uuringuid. Olulisim diagnostikas on riket tundev erialaarst- lastekardioloog. T\u00e4nasel p\u00e4eval...","og_url":"https:\/\/www.kliinikum.ee\/sudameriketekeskus\/infomaterjalid\/diagnostika\/","og_site_name":"S\u00fcdamerikked","article_modified_time":"2022-11-10T07:35:08+00:00","twitter_card":"summary_large_image","twitter_misc":{"Est. reading time":"1 minut"},"schema":{"@context":"https:\/\/schema.org","@graph":[{"@type":"WebPage","@id":"https:\/\/www.kliinikum.ee\/sudameriketekeskus\/infomaterjalid\/diagnostika\/","url":"https:\/\/www.kliinikum.ee\/sudameriketekeskus\/infomaterjalid\/diagnostika\/","name":"Diagnostika - S\u00fcdamerikked","isPartOf":{"@id":"https:\/\/www.kliinikum.ee\/sudameriketekeskus\/#website"},"datePublished":"2021-06-08T10:53:53+00:00","dateModified":"2022-11-10T07:35:08+00:00","breadcrumb":{"@id":"https:\/\/www.kliinikum.ee\/sudameriketekeskus\/infomaterjalid\/diagnostika\/#breadcrumb"},"inLanguage":"et","potentialAction":[{"@type":"ReadAction","target":["https:\/\/www.kliinikum.ee\/sudameriketekeskus\/infomaterjalid\/diagnostika\/"]}]},{"@type":"BreadcrumbList","@id":"https:\/\/www.kliinikum.ee\/sudameriketekeskus\/infomaterjalid\/diagnostika\/#breadcrumb","itemListElement":[{"@type":"ListItem","position":1,"name":"Home","item":"https:\/\/www.kliinikum.ee\/sudameriketekeskus\/"},{"@type":"ListItem","position":2,"name":"Infomaterjalid","item":"https:\/\/www.kliinikum.ee\/sudameriketekeskus\/infomaterjalid\/"},{"@type":"ListItem","position":3,"name":"Diagnostika"}]},{"@type":"WebSite","@id":"https:\/\/www.kliinikum.ee\/sudameriketekeskus\/#website","url":"https:\/\/www.kliinikum.ee\/sudameriketekeskus\/","name":"S\u00fcdamerikked","description":"J\u00e4rjekordne WordPressi veebileht","potentialAction":[{"@type":"SearchAction","target":{"@type":"EntryPoint","urlTemplate":"https:\/\/www.kliinikum.ee\/sudameriketekeskus\/?s={search_term_string}"},"query-input":{"@type":"PropertyValueSpecification","valueRequired":true,"valueName":"search_term_string"}}],"inLanguage":"et"}]}},"coauthors":[],"author_meta":{"author_link":"https:\/\/www.kliinikum.ee\/sudameriketekeskus\/author\/haldur\/","display_name":"Haldur"},"relative_dates":{"created":"Posted 5 aastat ago","modified":"Updated 3 aastat ago"},"absolute_dates":{"created":"Posted on 8. juuni 2021","modified":"Updated on 10. nov. 2022"},"absolute_dates_time":{"created":"Posted on 8. juuni 2021 10:53","modified":"Updated on 10. nov. 2022 07:35"},"featured_img_caption":"","featured_img":false,"series_order":"","_links":{"self":[{"href":"https:\/\/www.kliinikum.ee\/sudameriketekeskus\/wp-json\/wp\/v2\/pages\/153","targetHints":{"allow":["GET"]}}],"collection":[{"href":"https:\/\/www.kliinikum.ee\/sudameriketekeskus\/wp-json\/wp\/v2\/pages"}],"about":[{"href":"https:\/\/www.kliinikum.ee\/sudameriketekeskus\/wp-json\/wp\/v2\/types\/page"}],"author":[{"embeddable":true,"href":"https:\/\/www.kliinikum.ee\/sudameriketekeskus\/wp-json\/wp\/v2\/users\/3"}],"replies":[{"embeddable":true,"href":"https:\/\/www.kliinikum.ee\/sudameriketekeskus\/wp-json\/wp\/v2\/comments?post=153"}],"version-history":[{"count":0,"href":"https:\/\/www.kliinikum.ee\/sudameriketekeskus\/wp-json\/wp\/v2\/pages\/153\/revisions"}],"up":[{"embeddable":true,"href":"https:\/\/www.kliinikum.ee\/sudameriketekeskus\/wp-json\/wp\/v2\/pages\/118"}],"wp:attachment":[{"href":"https:\/\/www.kliinikum.ee\/sudameriketekeskus\/wp-json\/wp\/v2\/media?parent=153"}],"curies":[{"name":"wp","href":"https:\/\/api.w.org\/{rel}","templated":true}]}}