{"id":155,"date":"2021-06-08T10:55:05","date_gmt":"2021-06-08T10:55:05","guid":{"rendered":"https:\/\/www.kliinikum.ee\/sudameriketekeskus\/?page_id=155"},"modified":"2021-09-15T13:40:32","modified_gmt":"2021-09-15T13:40:32","slug":"operatsioonid-ja-protseduurid","status":"publish","type":"page","link":"https:\/\/www.kliinikum.ee\/sudameriketekeskus\/infomaterjalid\/operatsioonid-ja-protseduurid\/","title":{"rendered":"Operatsioonid ja protseduurid"},"content":{"rendered":"\n<p class=\"wp-el\">Kuna erinevaid s\u00fcdamerikkeid ja sellest tingitud vereringeh\u00e4ireid on palju erinevaid, kasutatakse ka nende raviks erinevaid kirurgilisi metoodikaid. <strong>Operatsiooni<\/strong> ja\/v\u00f5i protseduuri <strong>eesm\u00e4rk on parandada vereringet <\/strong>sedav\u00f5rd, et laps saaks kasvada, areneda ja elada. <strong>Olenevalt<\/strong> all asetsevast<strong> rikkest valitakse <\/strong>ka<strong> ravimetoodika<\/strong>&#8211; nt kui s\u00fcdame \u00f5\u00f5nte vahel on defekt v\u00f5i \u201cauk\u201d, tuleb see kinni panna; kui verevoolule esineb takistus, tuleb see takistus eemaldada jne.<\/p>\n\n\n\n<p class=\"wp-el\">See, kas laps vajab <strong>s\u00fcdameoperatsiooni v\u00f5i invasiivset protseduuri<\/strong>, <strong>s\u00f5ltub<\/strong> lapsel esinevast <strong>s\u00fcdamerikkest<\/strong>. M\u00f5nel juhul vajab laps m\u00f5lemit ja keerulisemate riketega lastel koguneb nii operatsioone kui protseduure elu jooksul mitmeid. Oluline on m\u00f5ista, et <strong>ka korrigeeritud v\u00f5i kirurgiliselt ravitud s\u00fcdamerikkega laps peab j\u00e4\u00e4ma eluaegsele kardioloogilisele j\u00e4lgimisele, et m\u00e4rgata \u00f5igeaegselt s\u00fcdame tervise halvenemist ning planeerida vajadusel uus raviprotseduur<\/strong><\/p>\n\n\n<div id=\"acf-block-block_60c73c76e4a5a\" class=\"acf-block-element \">\n<div class=\"accordion\" id=\"accordion-block_60c73c76e4a5a\"><div class=\"card\"><div class=\"card-header\" id=\"heading1-block_60c73c76e4a5a\"><button type=\"button\" class=\"collapsed\" data-toggle=\"collapse\" data-target=\"#collapse1-block_60c73c76e4a5a\" aria-controls=\"collapse1-block_60c73c76e4a5a\">OPERATSIOONID<\/button><\/div><div id=\"collapse1-block_60c73c76e4a5a\" class=\"collapse\" aria-labelledby=\"heading1-block_60c73c76e4a5a\" data-parent=\"#accordion-block_60c73c76e4a5a\"><div class=\"card-body\"><div class=\"gutenberg-content\"><p><!-- wp:paragraph --><\/p>\n<p class=\"wp-el\">Operatsiooni metoodika j\u00e4rgi jagame operatsioonid n\u00f6 \u201c<strong>lahtisteks v\u00f5i avatud<\/strong>\u201d ja \u201c<strong>kinnisteks<\/strong>\u201d s\u00fcdameoperatsioonideks, s\u00f5ltuvalt sellest, kas <strong>s\u00fcdame\u00f5\u00f5ned avatakse ja vajatakse kunstlikku kehav\u00e4list vereringet<\/strong><strong>&#8211;<\/strong> \u201clahtine\u201d s\u00fcdameoperatsioon v\u00f5i <strong>s\u00fcdame\u00f5\u00f5si ei avata ning operatsioon teostatakse ilma kunstliku kehav\u00e4lise vereringeta<\/strong>&#8211; \u201ckinnine\u201d s\u00fcdameoperatsioon. Kunstlik kehav\u00e4line vereringe on masin, mis v\u00f5tab operatsiooni ajal \u00fcle s\u00fcdame ja kopsude t\u00f6\u00f6, v\u00f5imaldades kirurgidel s\u00fcdamesiseseid korrektsioone teostada seisval s\u00fcdamel ja hea n\u00e4htavusega.<\/p>\n<p><!-- \/wp:paragraph --> <!-- wp:paragraph --><\/p>\n<p class=\"wp-el\">S\u00fcdamesisesed \u201caugud\u201d, klapirikked ning keerulised v\u00e4\u00e4rarendid vajavad enamasti operatsiooni avatud s\u00fcdamel e kunstliku kehav\u00e4lise vereringega.<\/p>\n<p><strong>S\u00fcdameoperatsiooni j\u00e4\u00e4b alati meenutama arm rindkerel (kas k\u00fcljel v\u00f5i rindkere keskjoonel).<\/strong><\/p>\n<p><!-- \/wp:paragraph --><\/p>\n<\/div><\/div><\/div><\/div><div class=\"card\"><div class=\"card-header\" id=\"heading2-block_60c73c76e4a5a\"><button type=\"button\" class=\"collapsed\" data-toggle=\"collapse\" data-target=\"#collapse2-block_60c73c76e4a5a\" aria-controls=\"collapse2-block_60c73c76e4a5a\">PROTSEDUURID<\/button><\/div><div id=\"collapse2-block_60c73c76e4a5a\" class=\"collapse\" aria-labelledby=\"heading2-block_60c73c76e4a5a\" data-parent=\"#accordion-block_60c73c76e4a5a\"><div class=\"card-body\"><div class=\"gutenberg-content\"><p><strong data-rich-text-format-boundary=\"true\">Protseduurid s\u00fcdames e invasiivsed v\u00f5i angiograafilised protseduurid<\/strong> on koondnimetus\u00a0 <strong>veresoonekaudsele<\/strong> ravile. Invasiivse ravi puhul sisestatakse <strong>v\u00e4ikese augu<\/strong> kaudu vajalikus <strong>veresoones<\/strong> s\u00fcdamesse <strong>juhtetraadid ja h\u00fclsid<\/strong>, mille kaudu saab <strong>s\u00fcdamesse juhtida erinevaid vahendeid<\/strong>&#8211; nt kodade vaheseina defekti sulgemiseks Amplatzer, \u201ccoil\u201d avatud arterioosjuha sulgemiseks jne. Samuti on protseduuride abil v\u00f5imalik stentida e seestpoolt toestada veresooni, mis vajavad toestust, laiendada ballooniga erinevaid klapikitsusi ja m\u00f5\u00f5ta s\u00fcdamesiseseid r\u00f5hkusid. Invasiivkardioloogilise protseduuri j\u00e4rgselt lapsele armi rindkerele ei teki- n\u00e4htav on vaid aimatav armike veresoone punktsiooni kohas.<\/p>\n<\/div><\/div><\/div><\/div><\/div><\/div>\n\n\n<p class=\"wp-el\"><\/p>\n","protected":false},"excerpt":{"rendered":"<p>Kuna erinevaid s\u00fcdamerikkeid ja sellest tingitud vereringeh\u00e4ireid on palju erinevaid, kasutatakse ka nende raviks erinevaid kirurgilisi metoodikaid. Operatsiooni ja\/v\u00f5i protseduuri&#8230;<\/p>\n","protected":false},"author":3,"featured_media":0,"parent":118,"menu_order":30,"comment_status":"closed","ping_status":"closed","template":"","meta":{"_acf_changed":false,"inline_featured_image":false,"advgb_blocks_editor_width":"","advgb_blocks_columns_visual_guide":"","footnotes":"","_links_to":"","_links_to_target":""},"class_list":["post-155","page","type-page","status-publish","hentry"],"acf":[],"yoast_head":"<!-- This site is optimized with the Yoast SEO plugin v27.5 - https:\/\/yoast.com\/product\/yoast-seo-wordpress\/ -->\n<title>Operatsioonid ja protseduurid - S\u00fcdamerikked<\/title>\n<meta name=\"robots\" content=\"index, follow, max-snippet:-1, max-image-preview:large, max-video-preview:-1\" \/>\n<link rel=\"canonical\" href=\"https:\/\/www.kliinikum.ee\/sudameriketekeskus\/infomaterjalid\/operatsioonid-ja-protseduurid\/\" \/>\n<meta property=\"og:locale\" content=\"et_EE\" \/>\n<meta property=\"og:type\" content=\"article\" \/>\n<meta property=\"og:title\" content=\"Operatsioonid ja protseduurid - S\u00fcdamerikked\" \/>\n<meta property=\"og:description\" content=\"Kuna erinevaid s\u00fcdamerikkeid ja sellest tingitud vereringeh\u00e4ireid on palju erinevaid, kasutatakse ka nende raviks erinevaid kirurgilisi metoodikaid. Operatsiooni ja\/v\u00f5i protseduuri...\" \/>\n<meta property=\"og:url\" content=\"https:\/\/www.kliinikum.ee\/sudameriketekeskus\/infomaterjalid\/operatsioonid-ja-protseduurid\/\" \/>\n<meta property=\"og:site_name\" content=\"S\u00fcdamerikked\" \/>\n<meta property=\"article:modified_time\" content=\"2021-09-15T13:40:32+00:00\" \/>\n<meta name=\"twitter:card\" content=\"summary_large_image\" \/>\n<meta name=\"twitter:label1\" content=\"Est. reading time\" \/>\n\t<meta name=\"twitter:data1\" content=\"1 minut\" \/>\n<script type=\"application\/ld+json\" class=\"yoast-schema-graph\">{\"@context\":\"https:\\\/\\\/schema.org\",\"@graph\":[{\"@type\":\"WebPage\",\"@id\":\"https:\\\/\\\/www.kliinikum.ee\\\/sudameriketekeskus\\\/infomaterjalid\\\/operatsioonid-ja-protseduurid\\\/\",\"url\":\"https:\\\/\\\/www.kliinikum.ee\\\/sudameriketekeskus\\\/infomaterjalid\\\/operatsioonid-ja-protseduurid\\\/\",\"name\":\"Operatsioonid ja protseduurid - S\u00fcdamerikked\",\"isPartOf\":{\"@id\":\"https:\\\/\\\/www.kliinikum.ee\\\/sudameriketekeskus\\\/#website\"},\"datePublished\":\"2021-06-08T10:55:05+00:00\",\"dateModified\":\"2021-09-15T13:40:32+00:00\",\"breadcrumb\":{\"@id\":\"https:\\\/\\\/www.kliinikum.ee\\\/sudameriketekeskus\\\/infomaterjalid\\\/operatsioonid-ja-protseduurid\\\/#breadcrumb\"},\"inLanguage\":\"et\",\"potentialAction\":[{\"@type\":\"ReadAction\",\"target\":[\"https:\\\/\\\/www.kliinikum.ee\\\/sudameriketekeskus\\\/infomaterjalid\\\/operatsioonid-ja-protseduurid\\\/\"]}]},{\"@type\":\"BreadcrumbList\",\"@id\":\"https:\\\/\\\/www.kliinikum.ee\\\/sudameriketekeskus\\\/infomaterjalid\\\/operatsioonid-ja-protseduurid\\\/#breadcrumb\",\"itemListElement\":[{\"@type\":\"ListItem\",\"position\":1,\"name\":\"Home\",\"item\":\"https:\\\/\\\/www.kliinikum.ee\\\/sudameriketekeskus\\\/\"},{\"@type\":\"ListItem\",\"position\":2,\"name\":\"Infomaterjalid\",\"item\":\"https:\\\/\\\/www.kliinikum.ee\\\/sudameriketekeskus\\\/infomaterjalid\\\/\"},{\"@type\":\"ListItem\",\"position\":3,\"name\":\"Operatsioonid ja protseduurid\"}]},{\"@type\":\"WebSite\",\"@id\":\"https:\\\/\\\/www.kliinikum.ee\\\/sudameriketekeskus\\\/#website\",\"url\":\"https:\\\/\\\/www.kliinikum.ee\\\/sudameriketekeskus\\\/\",\"name\":\"S\u00fcdamerikked\",\"description\":\"J\u00e4rjekordne WordPressi veebileht\",\"potentialAction\":[{\"@type\":\"SearchAction\",\"target\":{\"@type\":\"EntryPoint\",\"urlTemplate\":\"https:\\\/\\\/www.kliinikum.ee\\\/sudameriketekeskus\\\/?s={search_term_string}\"},\"query-input\":{\"@type\":\"PropertyValueSpecification\",\"valueRequired\":true,\"valueName\":\"search_term_string\"}}],\"inLanguage\":\"et\"}]}<\/script>\n<!-- \/ Yoast SEO plugin. -->","yoast_head_json":{"title":"Operatsioonid ja protseduurid - S\u00fcdamerikked","robots":{"index":"index","follow":"follow","max-snippet":"max-snippet:-1","max-image-preview":"max-image-preview:large","max-video-preview":"max-video-preview:-1"},"canonical":"https:\/\/www.kliinikum.ee\/sudameriketekeskus\/infomaterjalid\/operatsioonid-ja-protseduurid\/","og_locale":"et_EE","og_type":"article","og_title":"Operatsioonid ja protseduurid - S\u00fcdamerikked","og_description":"Kuna erinevaid s\u00fcdamerikkeid ja sellest tingitud vereringeh\u00e4ireid on palju erinevaid, kasutatakse ka nende raviks erinevaid kirurgilisi metoodikaid. Operatsiooni ja\/v\u00f5i protseduuri...","og_url":"https:\/\/www.kliinikum.ee\/sudameriketekeskus\/infomaterjalid\/operatsioonid-ja-protseduurid\/","og_site_name":"S\u00fcdamerikked","article_modified_time":"2021-09-15T13:40:32+00:00","twitter_card":"summary_large_image","twitter_misc":{"Est. reading time":"1 minut"},"schema":{"@context":"https:\/\/schema.org","@graph":[{"@type":"WebPage","@id":"https:\/\/www.kliinikum.ee\/sudameriketekeskus\/infomaterjalid\/operatsioonid-ja-protseduurid\/","url":"https:\/\/www.kliinikum.ee\/sudameriketekeskus\/infomaterjalid\/operatsioonid-ja-protseduurid\/","name":"Operatsioonid ja protseduurid - S\u00fcdamerikked","isPartOf":{"@id":"https:\/\/www.kliinikum.ee\/sudameriketekeskus\/#website"},"datePublished":"2021-06-08T10:55:05+00:00","dateModified":"2021-09-15T13:40:32+00:00","breadcrumb":{"@id":"https:\/\/www.kliinikum.ee\/sudameriketekeskus\/infomaterjalid\/operatsioonid-ja-protseduurid\/#breadcrumb"},"inLanguage":"et","potentialAction":[{"@type":"ReadAction","target":["https:\/\/www.kliinikum.ee\/sudameriketekeskus\/infomaterjalid\/operatsioonid-ja-protseduurid\/"]}]},{"@type":"BreadcrumbList","@id":"https:\/\/www.kliinikum.ee\/sudameriketekeskus\/infomaterjalid\/operatsioonid-ja-protseduurid\/#breadcrumb","itemListElement":[{"@type":"ListItem","position":1,"name":"Home","item":"https:\/\/www.kliinikum.ee\/sudameriketekeskus\/"},{"@type":"ListItem","position":2,"name":"Infomaterjalid","item":"https:\/\/www.kliinikum.ee\/sudameriketekeskus\/infomaterjalid\/"},{"@type":"ListItem","position":3,"name":"Operatsioonid ja protseduurid"}]},{"@type":"WebSite","@id":"https:\/\/www.kliinikum.ee\/sudameriketekeskus\/#website","url":"https:\/\/www.kliinikum.ee\/sudameriketekeskus\/","name":"S\u00fcdamerikked","description":"J\u00e4rjekordne WordPressi veebileht","potentialAction":[{"@type":"SearchAction","target":{"@type":"EntryPoint","urlTemplate":"https:\/\/www.kliinikum.ee\/sudameriketekeskus\/?s={search_term_string}"},"query-input":{"@type":"PropertyValueSpecification","valueRequired":true,"valueName":"search_term_string"}}],"inLanguage":"et"}]}},"coauthors":[],"author_meta":{"author_link":"https:\/\/www.kliinikum.ee\/sudameriketekeskus\/author\/haldur\/","display_name":"Haldur"},"relative_dates":{"created":"Posted 5 aastat ago","modified":"Updated 5 aastat ago"},"absolute_dates":{"created":"Posted on 8. juuni 2021","modified":"Updated on 15. sept. 2021"},"absolute_dates_time":{"created":"Posted on 8. juuni 2021 10:55","modified":"Updated on 15. sept. 2021 01:40"},"featured_img_caption":"","featured_img":false,"series_order":"","_links":{"self":[{"href":"https:\/\/www.kliinikum.ee\/sudameriketekeskus\/wp-json\/wp\/v2\/pages\/155","targetHints":{"allow":["GET"]}}],"collection":[{"href":"https:\/\/www.kliinikum.ee\/sudameriketekeskus\/wp-json\/wp\/v2\/pages"}],"about":[{"href":"https:\/\/www.kliinikum.ee\/sudameriketekeskus\/wp-json\/wp\/v2\/types\/page"}],"author":[{"embeddable":true,"href":"https:\/\/www.kliinikum.ee\/sudameriketekeskus\/wp-json\/wp\/v2\/users\/3"}],"replies":[{"embeddable":true,"href":"https:\/\/www.kliinikum.ee\/sudameriketekeskus\/wp-json\/wp\/v2\/comments?post=155"}],"version-history":[{"count":0,"href":"https:\/\/www.kliinikum.ee\/sudameriketekeskus\/wp-json\/wp\/v2\/pages\/155\/revisions"}],"up":[{"embeddable":true,"href":"https:\/\/www.kliinikum.ee\/sudameriketekeskus\/wp-json\/wp\/v2\/pages\/118"}],"wp:attachment":[{"href":"https:\/\/www.kliinikum.ee\/sudameriketekeskus\/wp-json\/wp\/v2\/media?parent=155"}],"curies":[{"name":"wp","href":"https:\/\/api.w.org\/{rel}","templated":true}]}}