{"id":158,"date":"2021-06-08T10:57:59","date_gmt":"2021-06-08T10:57:59","guid":{"rendered":"https:\/\/www.kliinikum.ee\/sudameriketekeskus\/?page_id=158"},"modified":"2021-09-20T10:02:42","modified_gmt":"2021-09-20T10:02:42","slug":"kkk","status":"publish","type":"page","link":"https:\/\/www.kliinikum.ee\/sudameriketekeskus\/infomaterjalid\/kkk\/","title":{"rendered":"KKK"},"content":{"rendered":"<div id=\"acf-block-block_60c73cb58ecc2\" class=\"acf-block-element \">\n<div class=\"accordion\" id=\"accordion-block_60c73cb58ecc2\"><div class=\"card\"><div class=\"card-header\" id=\"heading1-block_60c73cb58ecc2\"><button type=\"button\" class=\"collapsed\" data-toggle=\"collapse\" data-target=\"#collapse1-block_60c73cb58ecc2\" aria-controls=\"collapse1-block_60c73cb58ecc2\">Miks kaasas\u00fcndinud s\u00fcdamerikked tekivad?<\/button><\/div><div id=\"collapse1-block_60c73cb58ecc2\" class=\"collapse\" aria-labelledby=\"heading1-block_60c73cb58ecc2\" data-parent=\"#accordion-block_60c73cb58ecc2\"><div class=\"card-body\"><div class=\"gutenberg-content\"><p>Kaasas\u00fcndinud s\u00fcdameriketel on palju erinevaid p\u00f5hjuseid. Tegu on raseduse algusperioodis (u esimesed kaks kuud p\u00e4rast viljastumist) tekkiva \u201cveaga\u201d, olgu sel geneetilised v\u00f5i keskkonnast tekitatud p\u00f5hjused. Geneetikat muuta pole v\u00f5imalik, \u201ckeskkond\u201d on raseduse ajal ema- teatud ravimid, nakkus- ja muud haigused v\u00f5ivad tekitada vea normaalses loote arengus ning seet\u00f5ttu tekib ka s\u00fcdamerike. Ravimitest, mis on raseduse ajal vastun\u00e4idustatud, r\u00e4\u00e4givad naistearstid raseduseelsel n\u00f5ustamisel.<\/p>\n<\/div><\/div><\/div><\/div><div class=\"card\"><div class=\"card-header\" id=\"heading2-block_60c73cb58ecc2\"><button type=\"button\" class=\"collapsed\" data-toggle=\"collapse\" data-target=\"#collapse2-block_60c73cb58ecc2\" aria-controls=\"collapse2-block_60c73cb58ecc2\">Kas ma v\u00f5in oma lapsele\/endale pakutavast s\u00fcdameoperatsioonist keelduda?<\/button><\/div><div id=\"collapse2-block_60c73cb58ecc2\" class=\"collapse\" aria-labelledby=\"heading2-block_60c73cb58ecc2\" data-parent=\"#accordion-block_60c73cb58ecc2\"><div class=\"card-body\"><div class=\"gutenberg-content\"><p>Patsiendil on alati v\u00f5imalik keelduda talle v\u00f5i tema alaealisele lapsele pakutavast ravist, kuid tasub meeles pidada, et ebanormaalne vereringe kahjustab pikas perspektiivis (m\u00f5nel juhul ka \u00fcsna l\u00e4hitulevikus) s\u00fcdame ja\/v\u00f5i kopsude funktsiooni. Lastes m\u00f6\u00f6da optimaalse aja kirurgiliseks raviks, v\u00f5ib s\u00fcdamerike areneda edasi juba ravimatuks haiguseks\u2192 siis pole operatsioon teatud juhtudel enam v\u00f5imalik. Kompetentsikeskuses p\u00fc\u00fcame alati ajastada s\u00fcdameoperatsiooni v\u00f5imalikult optimaalsesse aega, et operatsioonirisk oleks v\u00f5imalikult madal ning saadav kasu v\u00f5imalikult suur.<\/p>\n<\/div><\/div><\/div><\/div><div class=\"card\"><div class=\"card-header\" id=\"heading3-block_60c73cb58ecc2\"><button type=\"button\" class=\"collapsed\" data-toggle=\"collapse\" data-target=\"#collapse3-block_60c73cb58ecc2\" aria-controls=\"collapse3-block_60c73cb58ecc2\">Ma tulen ise\/minu laps tuleb s\u00fcdameoperatsioonile. Kaua me haiglas peame olema?<\/button><\/div><div id=\"collapse3-block_60c73cb58ecc2\" class=\"collapse\" aria-labelledby=\"heading3-block_60c73cb58ecc2\" data-parent=\"#accordion-block_60c73cb58ecc2\"><div class=\"card-body\"><div class=\"gutenberg-content\"><p>Haiglas oleku pikkus s\u00f5ltub sellest, kui keeruka rikke korrektsiooniga on tegu ja kuidas operatsioon ning sellele j\u00e4rgnev intensiivraviperiood kulgeb- seda pole v\u00f5imalik ette ennustada. Tavap\u00e4rane haiglasoleku aeg on 7-10 p\u00e4eva. Harva p\u00e4\u00e4seb patsient koju varem ning vahepeal tuleb haiglas olla kaugemgi.<\/p>\n<\/div><\/div><\/div><\/div><div class=\"card\"><div class=\"card-header\" id=\"heading4-block_60c73cb58ecc2\"><button type=\"button\" class=\"collapsed\" data-toggle=\"collapse\" data-target=\"#collapse4-block_60c73cb58ecc2\" aria-controls=\"collapse4-block_60c73cb58ecc2\">Mu lapsele\/minule tehti s\u00fcdameoperatsioon. Kas mu laps\/mina olen n\u00fc\u00fcd terve?<\/button><\/div><div id=\"collapse4-block_60c73cb58ecc2\" class=\"collapse\" aria-labelledby=\"heading4-block_60c73cb58ecc2\" data-parent=\"#accordion-block_60c73cb58ecc2\"><div class=\"card-body\"><div class=\"gutenberg-content\"><p>S\u00fcdameoperatsioonij\u00e4rgselt j\u00e4\u00e4b inimene eluaegsele kardioloogilisele j\u00e4relvalvele. S\u00fcdamesiseste korrektsioonide puhul tuleb j\u00e4lgida s\u00fcdame seisundit ka pikaajaliselt- s\u00fcdamesisestest armidest v\u00f5ivad tekkida r\u00fctmih\u00e4ireid, klappide funktsioonid v\u00f5ivad ajas muutuda. Mitmete s\u00fcdamerikete puhul on vajalik kordusoperatsioon tulevikus, seega, kuigi vereringeh\u00e4ire v\u00f5ib olla t\u00e4ielikult korrigeeritud, ei saa \u00f6elda, et patsient on t\u00e4ielikult tervistunud. Kui lapseeas j\u00e4lgib lapse tervist lastekardioloog, tuleb t\u00e4iskasvanuks saades liikuda kaasas\u00fcndinud s\u00fcdameriketega t\u00e4iskasvanutega tegeleva kardioloogi j\u00e4lgimisele.<\/p>\n<\/div><\/div><\/div><\/div><div class=\"card\"><div class=\"card-header\" id=\"heading5-block_60c73cb58ecc2\"><button type=\"button\" class=\"collapsed\" data-toggle=\"collapse\" data-target=\"#collapse5-block_60c73cb58ecc2\" aria-controls=\"collapse5-block_60c73cb58ecc2\">Minu tuttava lapsele tehti s\u00fcdameoperatsioon veresoonekaudselt, miks minu lapsel on suur arm?<\/button><\/div><div id=\"collapse5-block_60c73cb58ecc2\" class=\"collapse\" aria-labelledby=\"heading5-block_60c73cb58ecc2\" data-parent=\"#accordion-block_60c73cb58ecc2\"><div class=\"card-body\"><div class=\"gutenberg-content\"><p>Kaasas\u00fcndinud s\u00fcdamerikkeid on v\u00e4ga palju erinevaid. Erinevad rikked v\u00e4ljenduvad erinevatel patsientidel erinevalt ja ka raviv\u00f5imalused valitakse individuaalselt. Veresoonekaudselt on v\u00f5imalik ravida vaid teatud rikkeid ja vaid sobiva anatoomia korral. Enamik kaasas\u00fcndinud s\u00fcdameriketest vajavad siiski s\u00fcdameoperatsiooni koos s\u00fcdamele ligip\u00e4\u00e4su tagava armiga. Ka armid on erinevate s\u00fcdamerikete puhul erinevas kohas- olenevalt konkreetsest rikkest ja vajalikust operatsioonist. Sagedamini kasutatavad juurdep\u00e4\u00e4suteed s\u00fcdamele on: sternotoomia (pikisuunaline arm rindkere keskel), vasempoolne torakotoomia (p\u00f5ikisuunaline arm vasemal k\u00fcljel rindkerel), parempoolne torakotoomia (p\u00f5ikisuunaline arm paremal k\u00fcljel rindkerel).<\/p>\n<\/div><\/div><\/div><\/div><div class=\"card\"><div class=\"card-header\" id=\"heading6-block_60c73cb58ecc2\"><button type=\"button\" class=\"collapsed\" data-toggle=\"collapse\" data-target=\"#collapse6-block_60c73cb58ecc2\" aria-controls=\"collapse6-block_60c73cb58ecc2\">Meie lapsel tuleb s\u00fcdameoperatsioon, kas ema ja isa saavad m\u00f5lemad haiglas viibida selle ajal?<\/button><\/div><div id=\"collapse6-block_60c73cb58ecc2\" class=\"collapse\" aria-labelledby=\"heading6-block_60c73cb58ecc2\" data-parent=\"#accordion-block_60c73cb58ecc2\"><div class=\"card-body\"><div class=\"gutenberg-content\"><p>Haiglas saab olla koos lapsega vaid \u00fcks lapsevanem.<\/p>\n<\/div><\/div><\/div><\/div><div class=\"card\"><div class=\"card-header\" id=\"heading7-block_60c73cb58ecc2\"><button type=\"button\" class=\"collapsed\" data-toggle=\"collapse\" data-target=\"#collapse7-block_60c73cb58ecc2\" aria-controls=\"collapse7-block_60c73cb58ecc2\">Kas s\u00fcdameoperatsiooni j\u00e4rgselt peab ravimeid tarvitama?<\/button><\/div><div id=\"collapse7-block_60c73cb58ecc2\" class=\"collapse\" aria-labelledby=\"heading7-block_60c73cb58ecc2\" data-parent=\"#accordion-block_60c73cb58ecc2\"><div class=\"card-body\"><div class=\"gutenberg-content\"><p>Ravimite tarbimine operatsiooni j\u00e4rgselt s\u00f5ltub operatsiooni tulemusest ning rikke keerukusest. M\u00f5ningal juhul tuleb ravimeid tarbida eluaegselt, m\u00f5ningal juhul vaid m\u00f5ned kuud p\u00e4rast operatsiooni. Sellest vestleb teiega teie raviarst.<\/p>\n<\/div><\/div><\/div><\/div><div class=\"card\"><div class=\"card-header\" id=\"heading8-block_60c73cb58ecc2\"><button type=\"button\" class=\"collapsed\" data-toggle=\"collapse\" data-target=\"#collapse8-block_60c73cb58ecc2\" aria-controls=\"collapse8-block_60c73cb58ecc2\">Kas s\u00fcdameoperatsiooni j\u00e4rgselt v\u00f5ib patsient sportida? Kas on piirangud edasiseks eluks?<\/button><\/div><div id=\"collapse8-block_60c73cb58ecc2\" class=\"collapse\" aria-labelledby=\"heading8-block_60c73cb58ecc2\" data-parent=\"#accordion-block_60c73cb58ecc2\"><div class=\"card-body\"><div class=\"gutenberg-content\"><p>Universaalseim vastus oleks, et igasuguse terviseseisundiga inimesel on kasulik olla f\u00fc\u00fcsiliselt aktiivne. Konkreetse patsiendi puhul s\u00f5ltub k\u00f5ik tema vereringe- ehk hemod\u00fcnaamikah\u00e4irest, rikke raskusastmest, korrektsiooni tulemusest jne. Sportimisv\u00f5imalused- ja piirangud edasises elus tuleb l\u00e4bi arutada oma raviarstiga (kardioloog) ning taastusraviarstidega.<\/p>\n<\/div><\/div><\/div><\/div><div class=\"card\"><div class=\"card-header\" id=\"heading9-block_60c73cb58ecc2\"><button type=\"button\" class=\"collapsed\" data-toggle=\"collapse\" data-target=\"#collapse9-block_60c73cb58ecc2\" aria-controls=\"collapse9-block_60c73cb58ecc2\">Minu lapsel\/mul avastati kaasas\u00fcndinud s\u00fcdamerike. Miks pakutakse mulle kirurgilist ravi Tartus mitte Tallinnas?<\/button><\/div><div id=\"collapse9-block_60c73cb58ecc2\" class=\"collapse\" aria-labelledby=\"heading9-block_60c73cb58ecc2\" data-parent=\"#accordion-block_60c73cb58ecc2\"><div class=\"card-body\"><div class=\"gutenberg-content\"><p>Kardiokirurgilist teenust omandatud (elu jooksul tekkinud) s\u00fcdamerikete puhul pakutakse nii Tallinnas kui Tartus, kuid kaasas\u00fcndinud s\u00fcdamerikete ja laste s\u00fcdamekirurgia on koondunud Tartusse, et hoida maksimaalselt ekspertiisi ja kogemust. Tartus on kaasas\u00fcndinud s\u00fcdamerikkeid opereeritud alates 1963.aastast ning kuna lapsed pole v\u00e4ikesed versioonid t\u00e4iskasvanutest, n\u00f5uab laste s\u00fcdameoperatsioonide tegemine teistsugust l\u00e4henemist. Ka t\u00e4iskasvanuks saanud patsiendid, kellel on lapsena s\u00fcdameoperatsioon tehtud, vajades uut kirurgilist vahelesegamist, koonduvad kirurgiliseks raviks Tartusse.<\/p>\n<\/div><\/div><\/div><\/div><div class=\"card\"><div class=\"card-header\" id=\"heading10-block_60c73cb58ecc2\"><button type=\"button\" class=\"collapsed\" data-toggle=\"collapse\" data-target=\"#collapse10-block_60c73cb58ecc2\" aria-controls=\"collapse10-block_60c73cb58ecc2\">Minu lapsel\/mul avastati kaasas\u00fcndinud s\u00fcdamerike. Mulle pakuti ravi Tartus aga tahaksin seda hoopis m\u00f5nes v\u00e4lismaa haiglas ravida, on see v\u00f5imalik?<\/button><\/div><div id=\"collapse10-block_60c73cb58ecc2\" class=\"collapse\" aria-labelledby=\"heading10-block_60c73cb58ecc2\" data-parent=\"#accordion-block_60c73cb58ecc2\"><div class=\"card-body\"><div class=\"gutenberg-content\"><p>Euroopa Liidu riikides on patsiendi vaba liikumine, st inimene v\u00f5ib ise valida endale meelep\u00e4rase raviasutuse oma raviteenuste osutamiseks. Selleks on vajalik pere- v\u00f5i eriarsti saatekiri samadel alustel nagu Eestiski ning seej\u00e4rel tuleb v\u00e4lisriigis ravi saades tasuda k\u00f5ik kulud ise ning hiljem saab haigekassalt taotleda kompensatsiooni. Siinkohal on oluline teada, et haigekassa tasub tervishoiuteenuste eest Eesti Haigekassa hinnakirja alusel (mis tihtilugu on odavam muude riikide omast) ja vaid sellistel juhtudel kui a) tegu pole tasulise teenusega ja b) ravi on meditsiiniliselt n\u00e4idustatud. Raviteenuste hinna vahe ja k\u00f5ik muud kulud tuleb inimesel endal kanda.<\/p>\n<p><a href=\"https:\/\/www.haigekassa.ee\/kontaktpunkt\/plaaniline-ravi-valisriigis\" target=\"_blank\" rel=\"noopener\"><span style=\"font-weight: 400;\">https:\/\/www.haigekassa.ee\/kontaktpunkt\/plaaniline-ravi-valisriigis<\/span><\/a><\/p>\n<\/div><\/div><\/div><\/div><div class=\"card\"><div class=\"card-header\" id=\"heading11-block_60c73cb58ecc2\"><button type=\"button\" class=\"collapsed\" data-toggle=\"collapse\" data-target=\"#collapse11-block_60c73cb58ecc2\" aria-controls=\"collapse11-block_60c73cb58ecc2\">Minu lapsel\/minul avastati selline s\u00fcdamerike, mida Tartus (Eestis) ei opereerita. Arstide konsiiliumi j\u00e4rgselt suunatakse meid ravile v\u00e4lisriiki. Mida peaksin teadma?<\/button><\/div><div id=\"collapse11-block_60c73cb58ecc2\" class=\"collapse\" aria-labelledby=\"heading11-block_60c73cb58ecc2\" data-parent=\"#accordion-block_60c73cb58ecc2\"><div class=\"card-body\"><div class=\"gutenberg-content\"><p>Juhul kui kardiokirurgilise konsiiliumi j\u00e4rgselt (kus osalevad lastekardioloog v\u00f5i lasteintensiivraviarst JA kaasas\u00fcndinud s\u00fcdamerikete p\u00e4devusega kardiokirurg) otsustatakse, et Eestis pole v\u00f5imalik antud tervishoiuteenust osutada, v\u00f5idakse Teid saata ravile v\u00e4lisriiki (tavaliselt Soome) ning sel juhul Te tervishoiuteenuse eest tasuma ei pea. Peate k\u00fcll t\u00e4itma Haigekassa jaoks plaanilise v\u00e4lisravi eelloa.<\/p>\n<p><a href=\"https:\/\/www.haigekassa.ee\/inimesele\/avaldused\" target=\"_blank\" rel=\"noopener\"><span style=\"font-weight: 400;\">https:\/\/www.haigekassa.ee\/inimesele\/avaldused<\/span><\/a><\/p>\n<p>Oluline on teada, et paljud raviasutused ei paku patsiendi saatjale (ema ja\/v\u00f5i isa) majutust haiglas ning seet\u00f5ttu j\u00e4\u00e4b patsiendi pere katta elamiskulud v\u00e4lisriigis ravi saamise ajal. Kui patsient vajab meditsiinilist transporti, kaetakse see Haigekassa rahadest, plaanilisele operatsioonile minnes tasuvad ka transpordikulud lapsevanemad ise.<\/p>\n<p><a href=\"https:\/\/www.haigekassa.ee\/kontaktpunkt\/plaaniline-ravi-valisriigis\" target=\"_blank\" rel=\"noopener\"><span style=\"font-weight: 400;\">https:\/\/www.haigekassa.ee\/kontaktpunkt\/plaaniline-ravi-valisriigis<\/span><\/a><span style=\"font-weight: 400;\">\u00a0<\/span><\/p>\n<\/div><\/div><\/div><\/div><div class=\"card\"><div class=\"card-header\" id=\"heading12-block_60c73cb58ecc2\"><button type=\"button\" class=\"collapsed\" data-toggle=\"collapse\" data-target=\"#collapse12-block_60c73cb58ecc2\" aria-controls=\"collapse12-block_60c73cb58ecc2\">Minu t\u00fctrel\/minul on kaasas\u00fcndinud s\u00fcdamerike, mis on n\u00fc\u00fcdseks opereeritud. Kas rasestumine ja s\u00fcnnitamine on lubatud?<\/button><\/div><div id=\"collapse12-block_60c73cb58ecc2\" class=\"collapse\" aria-labelledby=\"heading12-block_60c73cb58ecc2\" data-parent=\"#accordion-block_60c73cb58ecc2\"><div class=\"card-body\"><div class=\"gutenberg-content\"><p>K\u00f5ik s\u00f5ltub konkreetsest patsiendist, tal esinevast rikkest ja korrektsioonil saadud tulemusest. Reproduktiiveas patsiendid peavad ka oma naistearste informeerima enda s\u00fcdamerikkest ning koost\u00f6\u00f6s kardioloogiga, leitakse sobilik rasestumisvastane strateegia. Kui s\u00fcdamerikkega noor naine soovib rasestuda, tuleb kindlasti ENNE rasestumist k\u00e4ia oma kardioloogi ning naistearsti konsultatsioonil.<\/p>\n<\/div><\/div><\/div><\/div><\/div><\/div>","protected":false},"excerpt":{"rendered":"","protected":false},"author":3,"featured_media":0,"parent":118,"menu_order":50,"comment_status":"closed","ping_status":"closed","template":"","meta":{"_acf_changed":false,"inline_featured_image":false,"advgb_blocks_editor_width":"","advgb_blocks_columns_visual_guide":"","footnotes":"","_links_to":"","_links_to_target":""},"class_list":["post-158","page","type-page","status-publish","hentry"],"acf":[],"yoast_head":"<!-- This site is optimized with the Yoast SEO plugin v27.3 - https:\/\/yoast.com\/product\/yoast-seo-wordpress\/ -->\n<title>KKK - S\u00fcdamerikked<\/title>\n<meta name=\"robots\" content=\"index, follow, max-snippet:-1, max-image-preview:large, max-video-preview:-1\" \/>\n<link rel=\"canonical\" href=\"https:\/\/www.kliinikum.ee\/sudameriketekeskus\/infomaterjalid\/kkk\/\" \/>\n<meta property=\"og:locale\" content=\"et_EE\" \/>\n<meta property=\"og:type\" content=\"article\" \/>\n<meta property=\"og:title\" content=\"KKK - S\u00fcdamerikked\" \/>\n<meta property=\"og:url\" content=\"https:\/\/www.kliinikum.ee\/sudameriketekeskus\/infomaterjalid\/kkk\/\" \/>\n<meta property=\"og:site_name\" content=\"S\u00fcdamerikked\" \/>\n<meta property=\"article:modified_time\" content=\"2021-09-20T10:02:42+00:00\" \/>\n<meta name=\"twitter:card\" content=\"summary_large_image\" \/>\n<script type=\"application\/ld+json\" class=\"yoast-schema-graph\">{\"@context\":\"https:\\\/\\\/schema.org\",\"@graph\":[{\"@type\":\"WebPage\",\"@id\":\"https:\\\/\\\/www.kliinikum.ee\\\/sudameriketekeskus\\\/infomaterjalid\\\/kkk\\\/\",\"url\":\"https:\\\/\\\/www.kliinikum.ee\\\/sudameriketekeskus\\\/infomaterjalid\\\/kkk\\\/\",\"name\":\"KKK - S\u00fcdamerikked\",\"isPartOf\":{\"@id\":\"https:\\\/\\\/www.kliinikum.ee\\\/sudameriketekeskus\\\/#website\"},\"datePublished\":\"2021-06-08T10:57:59+00:00\",\"dateModified\":\"2021-09-20T10:02:42+00:00\",\"breadcrumb\":{\"@id\":\"https:\\\/\\\/www.kliinikum.ee\\\/sudameriketekeskus\\\/infomaterjalid\\\/kkk\\\/#breadcrumb\"},\"inLanguage\":\"et\",\"potentialAction\":[{\"@type\":\"ReadAction\",\"target\":[\"https:\\\/\\\/www.kliinikum.ee\\\/sudameriketekeskus\\\/infomaterjalid\\\/kkk\\\/\"]}]},{\"@type\":\"BreadcrumbList\",\"@id\":\"https:\\\/\\\/www.kliinikum.ee\\\/sudameriketekeskus\\\/infomaterjalid\\\/kkk\\\/#breadcrumb\",\"itemListElement\":[{\"@type\":\"ListItem\",\"position\":1,\"name\":\"Home\",\"item\":\"https:\\\/\\\/www.kliinikum.ee\\\/sudameriketekeskus\\\/\"},{\"@type\":\"ListItem\",\"position\":2,\"name\":\"Infomaterjalid\",\"item\":\"https:\\\/\\\/www.kliinikum.ee\\\/sudameriketekeskus\\\/infomaterjalid\\\/\"},{\"@type\":\"ListItem\",\"position\":3,\"name\":\"KKK\"}]},{\"@type\":\"WebSite\",\"@id\":\"https:\\\/\\\/www.kliinikum.ee\\\/sudameriketekeskus\\\/#website\",\"url\":\"https:\\\/\\\/www.kliinikum.ee\\\/sudameriketekeskus\\\/\",\"name\":\"S\u00fcdamerikked\",\"description\":\"J\u00e4rjekordne WordPressi veebileht\",\"potentialAction\":[{\"@type\":\"SearchAction\",\"target\":{\"@type\":\"EntryPoint\",\"urlTemplate\":\"https:\\\/\\\/www.kliinikum.ee\\\/sudameriketekeskus\\\/?s={search_term_string}\"},\"query-input\":{\"@type\":\"PropertyValueSpecification\",\"valueRequired\":true,\"valueName\":\"search_term_string\"}}],\"inLanguage\":\"et\"}]}<\/script>\n<!-- \/ Yoast SEO plugin. -->","yoast_head_json":{"title":"KKK - S\u00fcdamerikked","robots":{"index":"index","follow":"follow","max-snippet":"max-snippet:-1","max-image-preview":"max-image-preview:large","max-video-preview":"max-video-preview:-1"},"canonical":"https:\/\/www.kliinikum.ee\/sudameriketekeskus\/infomaterjalid\/kkk\/","og_locale":"et_EE","og_type":"article","og_title":"KKK - S\u00fcdamerikked","og_url":"https:\/\/www.kliinikum.ee\/sudameriketekeskus\/infomaterjalid\/kkk\/","og_site_name":"S\u00fcdamerikked","article_modified_time":"2021-09-20T10:02:42+00:00","twitter_card":"summary_large_image","schema":{"@context":"https:\/\/schema.org","@graph":[{"@type":"WebPage","@id":"https:\/\/www.kliinikum.ee\/sudameriketekeskus\/infomaterjalid\/kkk\/","url":"https:\/\/www.kliinikum.ee\/sudameriketekeskus\/infomaterjalid\/kkk\/","name":"KKK - S\u00fcdamerikked","isPartOf":{"@id":"https:\/\/www.kliinikum.ee\/sudameriketekeskus\/#website"},"datePublished":"2021-06-08T10:57:59+00:00","dateModified":"2021-09-20T10:02:42+00:00","breadcrumb":{"@id":"https:\/\/www.kliinikum.ee\/sudameriketekeskus\/infomaterjalid\/kkk\/#breadcrumb"},"inLanguage":"et","potentialAction":[{"@type":"ReadAction","target":["https:\/\/www.kliinikum.ee\/sudameriketekeskus\/infomaterjalid\/kkk\/"]}]},{"@type":"BreadcrumbList","@id":"https:\/\/www.kliinikum.ee\/sudameriketekeskus\/infomaterjalid\/kkk\/#breadcrumb","itemListElement":[{"@type":"ListItem","position":1,"name":"Home","item":"https:\/\/www.kliinikum.ee\/sudameriketekeskus\/"},{"@type":"ListItem","position":2,"name":"Infomaterjalid","item":"https:\/\/www.kliinikum.ee\/sudameriketekeskus\/infomaterjalid\/"},{"@type":"ListItem","position":3,"name":"KKK"}]},{"@type":"WebSite","@id":"https:\/\/www.kliinikum.ee\/sudameriketekeskus\/#website","url":"https:\/\/www.kliinikum.ee\/sudameriketekeskus\/","name":"S\u00fcdamerikked","description":"J\u00e4rjekordne WordPressi veebileht","potentialAction":[{"@type":"SearchAction","target":{"@type":"EntryPoint","urlTemplate":"https:\/\/www.kliinikum.ee\/sudameriketekeskus\/?s={search_term_string}"},"query-input":{"@type":"PropertyValueSpecification","valueRequired":true,"valueName":"search_term_string"}}],"inLanguage":"et"}]}},"coauthors":[],"author_meta":{"author_link":"https:\/\/www.kliinikum.ee\/sudameriketekeskus\/author\/haldur\/","display_name":"Haldur"},"relative_dates":{"created":"Posted 5 aastat ago","modified":"Updated 5 aastat ago"},"absolute_dates":{"created":"Posted on 8. juuni 2021","modified":"Updated on 20. sept. 2021"},"absolute_dates_time":{"created":"Posted on 8. juuni 2021 10:57","modified":"Updated on 20. sept. 2021 10:02"},"featured_img_caption":"","featured_img":false,"series_order":"","_links":{"self":[{"href":"https:\/\/www.kliinikum.ee\/sudameriketekeskus\/wp-json\/wp\/v2\/pages\/158","targetHints":{"allow":["GET"]}}],"collection":[{"href":"https:\/\/www.kliinikum.ee\/sudameriketekeskus\/wp-json\/wp\/v2\/pages"}],"about":[{"href":"https:\/\/www.kliinikum.ee\/sudameriketekeskus\/wp-json\/wp\/v2\/types\/page"}],"author":[{"embeddable":true,"href":"https:\/\/www.kliinikum.ee\/sudameriketekeskus\/wp-json\/wp\/v2\/users\/3"}],"replies":[{"embeddable":true,"href":"https:\/\/www.kliinikum.ee\/sudameriketekeskus\/wp-json\/wp\/v2\/comments?post=158"}],"version-history":[{"count":0,"href":"https:\/\/www.kliinikum.ee\/sudameriketekeskus\/wp-json\/wp\/v2\/pages\/158\/revisions"}],"up":[{"embeddable":true,"href":"https:\/\/www.kliinikum.ee\/sudameriketekeskus\/wp-json\/wp\/v2\/pages\/118"}],"wp:attachment":[{"href":"https:\/\/www.kliinikum.ee\/sudameriketekeskus\/wp-json\/wp\/v2\/media?parent=158"}],"curies":[{"name":"wp","href":"https:\/\/api.w.org\/{rel}","templated":true}]}}