{"id":303,"date":"2021-06-17T06:27:59","date_gmt":"2021-06-17T06:27:59","guid":{"rendered":"https:\/\/www.kliinikum.ee\/sudameriketekeskus\/?page_id=303"},"modified":"2021-06-17T06:28:02","modified_gmt":"2021-06-17T06:28:02","slug":"404-2","status":"publish","type":"page","link":"https:\/\/www.kliinikum.ee\/sudameriketekeskus\/404-2\/","title":{"rendered":"404"},"content":{"rendered":"\n<p class=\"wp-el\">Lehte ei leitud. Soovitud info leidmiseks palun kasutage men\u00fc\u00fcd v\u00f5i otsingut!<\/p>\n","protected":false},"excerpt":{"rendered":"<p>Lehte ei leitud. Soovitud info leidmiseks palun kasutage men\u00fc\u00fcd v\u00f5i otsingut!<\/p>\n","protected":false},"author":3,"featured_media":0,"parent":0,"menu_order":999,"comment_status":"closed","ping_status":"closed","template":"","meta":{"_acf_changed":false,"inline_featured_image":false,"advgb_blocks_editor_width":"","advgb_blocks_columns_visual_guide":"","footnotes":"","_links_to":"","_links_to_target":""},"class_list":["post-303","page","type-page","status-publish","hentry"],"acf":[],"yoast_head":"<!-- This site is optimized with the Yoast SEO plugin v27.3 - https:\/\/yoast.com\/product\/yoast-seo-wordpress\/ -->\n<title>404 - S\u00fcdamerikked<\/title>\n<meta name=\"robots\" content=\"index, follow, max-snippet:-1, max-image-preview:large, max-video-preview:-1\" \/>\n<link rel=\"canonical\" href=\"https:\/\/www.kliinikum.ee\/sudameriketekeskus\/404-2\/\" \/>\n<meta property=\"og:locale\" content=\"et_EE\" \/>\n<meta property=\"og:type\" content=\"article\" \/>\n<meta property=\"og:title\" content=\"404 - S\u00fcdamerikked\" \/>\n<meta property=\"og:description\" content=\"Lehte ei leitud. Soovitud info leidmiseks palun kasutage men\u00fc\u00fcd v\u00f5i otsingut!\" \/>\n<meta property=\"og:url\" content=\"https:\/\/www.kliinikum.ee\/sudameriketekeskus\/404-2\/\" \/>\n<meta property=\"og:site_name\" content=\"S\u00fcdamerikked\" \/>\n<meta property=\"article:modified_time\" content=\"2021-06-17T06:28:02+00:00\" \/>\n<meta name=\"twitter:card\" content=\"summary_large_image\" \/>\n<meta name=\"twitter:label1\" content=\"Est. reading time\" \/>\n\t<meta name=\"twitter:data1\" content=\"1 minut\" \/>\n<script type=\"application\/ld+json\" class=\"yoast-schema-graph\">{\"@context\":\"https:\\\/\\\/schema.org\",\"@graph\":[{\"@type\":\"WebPage\",\"@id\":\"https:\\\/\\\/www.kliinikum.ee\\\/sudameriketekeskus\\\/404-2\\\/\",\"url\":\"https:\\\/\\\/www.kliinikum.ee\\\/sudameriketekeskus\\\/404-2\\\/\",\"name\":\"404 - S\u00fcdamerikked\",\"isPartOf\":{\"@id\":\"https:\\\/\\\/www.kliinikum.ee\\\/sudameriketekeskus\\\/#website\"},\"datePublished\":\"2021-06-17T06:27:59+00:00\",\"dateModified\":\"2021-06-17T06:28:02+00:00\",\"breadcrumb\":{\"@id\":\"https:\\\/\\\/www.kliinikum.ee\\\/sudameriketekeskus\\\/404-2\\\/#breadcrumb\"},\"inLanguage\":\"et\",\"potentialAction\":[{\"@type\":\"ReadAction\",\"target\":[\"https:\\\/\\\/www.kliinikum.ee\\\/sudameriketekeskus\\\/404-2\\\/\"]}]},{\"@type\":\"BreadcrumbList\",\"@id\":\"https:\\\/\\\/www.kliinikum.ee\\\/sudameriketekeskus\\\/404-2\\\/#breadcrumb\",\"itemListElement\":[{\"@type\":\"ListItem\",\"position\":1,\"name\":\"Home\",\"item\":\"https:\\\/\\\/www.kliinikum.ee\\\/sudameriketekeskus\\\/\"},{\"@type\":\"ListItem\",\"position\":2,\"name\":\"404\"}]},{\"@type\":\"WebSite\",\"@id\":\"https:\\\/\\\/www.kliinikum.ee\\\/sudameriketekeskus\\\/#website\",\"url\":\"https:\\\/\\\/www.kliinikum.ee\\\/sudameriketekeskus\\\/\",\"name\":\"S\u00fcdamerikked\",\"description\":\"J\u00e4rjekordne WordPressi veebileht\",\"potentialAction\":[{\"@type\":\"SearchAction\",\"target\":{\"@type\":\"EntryPoint\",\"urlTemplate\":\"https:\\\/\\\/www.kliinikum.ee\\\/sudameriketekeskus\\\/?s={search_term_string}\"},\"query-input\":{\"@type\":\"PropertyValueSpecification\",\"valueRequired\":true,\"valueName\":\"search_term_string\"}}],\"inLanguage\":\"et\"}]}<\/script>\n<!-- \/ Yoast SEO plugin. -->","yoast_head_json":{"title":"404 - S\u00fcdamerikked","robots":{"index":"index","follow":"follow","max-snippet":"max-snippet:-1","max-image-preview":"max-image-preview:large","max-video-preview":"max-video-preview:-1"},"canonical":"https:\/\/www.kliinikum.ee\/sudameriketekeskus\/404-2\/","og_locale":"et_EE","og_type":"article","og_title":"404 - S\u00fcdamerikked","og_description":"Lehte ei leitud. Soovitud info leidmiseks palun kasutage men\u00fc\u00fcd v\u00f5i otsingut!","og_url":"https:\/\/www.kliinikum.ee\/sudameriketekeskus\/404-2\/","og_site_name":"S\u00fcdamerikked","article_modified_time":"2021-06-17T06:28:02+00:00","twitter_card":"summary_large_image","twitter_misc":{"Est. reading time":"1 minut"},"schema":{"@context":"https:\/\/schema.org","@graph":[{"@type":"WebPage","@id":"https:\/\/www.kliinikum.ee\/sudameriketekeskus\/404-2\/","url":"https:\/\/www.kliinikum.ee\/sudameriketekeskus\/404-2\/","name":"404 - S\u00fcdamerikked","isPartOf":{"@id":"https:\/\/www.kliinikum.ee\/sudameriketekeskus\/#website"},"datePublished":"2021-06-17T06:27:59+00:00","dateModified":"2021-06-17T06:28:02+00:00","breadcrumb":{"@id":"https:\/\/www.kliinikum.ee\/sudameriketekeskus\/404-2\/#breadcrumb"},"inLanguage":"et","potentialAction":[{"@type":"ReadAction","target":["https:\/\/www.kliinikum.ee\/sudameriketekeskus\/404-2\/"]}]},{"@type":"BreadcrumbList","@id":"https:\/\/www.kliinikum.ee\/sudameriketekeskus\/404-2\/#breadcrumb","itemListElement":[{"@type":"ListItem","position":1,"name":"Home","item":"https:\/\/www.kliinikum.ee\/sudameriketekeskus\/"},{"@type":"ListItem","position":2,"name":"404"}]},{"@type":"WebSite","@id":"https:\/\/www.kliinikum.ee\/sudameriketekeskus\/#website","url":"https:\/\/www.kliinikum.ee\/sudameriketekeskus\/","name":"S\u00fcdamerikked","description":"J\u00e4rjekordne WordPressi veebileht","potentialAction":[{"@type":"SearchAction","target":{"@type":"EntryPoint","urlTemplate":"https:\/\/www.kliinikum.ee\/sudameriketekeskus\/?s={search_term_string}"},"query-input":{"@type":"PropertyValueSpecification","valueRequired":true,"valueName":"search_term_string"}}],"inLanguage":"et"}]}},"coauthors":[],"author_meta":{"author_link":"https:\/\/www.kliinikum.ee\/sudameriketekeskus\/author\/haldur\/","display_name":"Haldur"},"relative_dates":{"created":"Posted 5 aastat ago","modified":"Updated 5 aastat ago"},"absolute_dates":{"created":"Posted on 17. juuni 2021","modified":"Updated on 17. juuni 2021"},"absolute_dates_time":{"created":"Posted on 17. juuni 2021 06:27","modified":"Updated on 17. juuni 2021 06:28"},"featured_img_caption":"","featured_img":false,"series_order":"","_links":{"self":[{"href":"https:\/\/www.kliinikum.ee\/sudameriketekeskus\/wp-json\/wp\/v2\/pages\/303","targetHints":{"allow":["GET"]}}],"collection":[{"href":"https:\/\/www.kliinikum.ee\/sudameriketekeskus\/wp-json\/wp\/v2\/pages"}],"about":[{"href":"https:\/\/www.kliinikum.ee\/sudameriketekeskus\/wp-json\/wp\/v2\/types\/page"}],"author":[{"embeddable":true,"href":"https:\/\/www.kliinikum.ee\/sudameriketekeskus\/wp-json\/wp\/v2\/users\/3"}],"replies":[{"embeddable":true,"href":"https:\/\/www.kliinikum.ee\/sudameriketekeskus\/wp-json\/wp\/v2\/comments?post=303"}],"version-history":[{"count":0,"href":"https:\/\/www.kliinikum.ee\/sudameriketekeskus\/wp-json\/wp\/v2\/pages\/303\/revisions"}],"wp:attachment":[{"href":"https:\/\/www.kliinikum.ee\/sudameriketekeskus\/wp-json\/wp\/v2\/media?parent=303"}],"curies":[{"name":"wp","href":"https:\/\/api.w.org\/{rel}","templated":true}]}}