{"id":318,"date":"2021-06-21T06:26:30","date_gmt":"2021-06-21T06:26:30","guid":{"rendered":"https:\/\/www.kliinikum.ee\/sudameriketekeskus\/?page_id=318"},"modified":"2021-06-21T06:26:33","modified_gmt":"2021-06-21T06:26:33","slug":"rasedusest-kaasasundinud-sudamerikkega-patsiendil","status":"publish","type":"page","link":"https:\/\/www.kliinikum.ee\/sudameriketekeskus\/infomaterjalid\/rasedusest-kaasasundinud-sudamerikkega-patsiendil\/","title":{"rendered":"Rasedusest kaasas\u00fcndinud s\u00fcdamerikkega patsiendil"},"content":{"rendered":"\n<p class=\"wp-el\"><strong>Rasedus m<\/strong><strong>\u00f5<\/strong><strong>jutab<\/strong> m\u00e4rkimisv\u00e4\u00e4rselt <strong>vereringes\u00fc<\/strong><strong>steemi t<\/strong><strong>\u00f6\u00f6d<\/strong> ja <strong>koormus s<\/strong><strong>\u00fcdamele<\/strong> raseduse ajal<strong> t<\/strong><strong>\u00f5<\/strong><strong>useb<\/strong>. Erinevate s\u00fcdamerikete korral on risk emale ja lapsele erinev -tulemus s\u00f5ltub s\u00fcdamepuudulikkuse raskusastmest, rikke olemusest, eelneva(te)st s\u00fcdameoperatsiooni(de)st ning kasutatavatest ravimitest. <strong>T\u00fcsistuste risk on suurim<\/strong>, kui emal on<strong> ts\u00fcanoos <\/strong>(pulssoks\u00fcmeetriga m\u00f5\u00f5detud hapniku sisaldus veres 85% v\u00f5i alla selle), <strong>pulmonaalne h<\/strong><strong>\u00fcpertensioon v<\/strong><strong>\u00f5<\/strong><strong>i raske s\u00fcdamepuudulikkus<\/strong>.<\/p>\n\n\n\n<p class=\"wp-el\">Paljudel kaasas\u00fcndinud s\u00fcdamerikkega patsientidel kulgeb rasedus siiski h\u00e4sti kuid see n\u00f5uab eelnevat planeerimist. Soovitav on p\u00f6\u00f6rduda <strong>kaasas\u00fcndinud s\u00fc<\/strong><strong>dameriketega tegeleva kardioloogi vastuv<\/strong><strong>\u00f5<\/strong><strong>tule enne rasedust,<\/strong> kus hinnatakse rasedusriske, planeeritakse raseduse j\u00e4lgimine ning vajadusel korrigeeritakse ravi.<\/p>\n","protected":false},"excerpt":{"rendered":"<p>Rasedus m\u00f5jutab m\u00e4rkimisv\u00e4\u00e4rselt vereringes\u00fcsteemi t\u00f6\u00f6d ja koormus s\u00fcdamele raseduse ajal t\u00f5useb. Erinevate s\u00fcdamerikete korral on risk emale ja lapsele erinev&#8230;<\/p>\n","protected":false},"author":3,"featured_media":0,"parent":118,"menu_order":31,"comment_status":"closed","ping_status":"closed","template":"","meta":{"_acf_changed":false,"inline_featured_image":false,"advgb_blocks_editor_width":"","advgb_blocks_columns_visual_guide":"","footnotes":"","_links_to":"","_links_to_target":""},"class_list":["post-318","page","type-page","status-publish","hentry"],"acf":[],"yoast_head":"<!-- This site is optimized with the Yoast SEO plugin v27.5 - https:\/\/yoast.com\/product\/yoast-seo-wordpress\/ -->\n<title>Rasedusest kaasas\u00fcndinud s\u00fcdamerikkega patsiendil - S\u00fcdamerikked<\/title>\n<meta name=\"robots\" content=\"index, follow, max-snippet:-1, max-image-preview:large, max-video-preview:-1\" \/>\n<link rel=\"canonical\" href=\"https:\/\/www.kliinikum.ee\/sudameriketekeskus\/infomaterjalid\/rasedusest-kaasasundinud-sudamerikkega-patsiendil\/\" \/>\n<meta property=\"og:locale\" content=\"et_EE\" \/>\n<meta property=\"og:type\" content=\"article\" \/>\n<meta property=\"og:title\" content=\"Rasedusest kaasas\u00fcndinud s\u00fcdamerikkega patsiendil - S\u00fcdamerikked\" \/>\n<meta property=\"og:description\" content=\"Rasedus m\u00f5jutab m\u00e4rkimisv\u00e4\u00e4rselt vereringes\u00fcsteemi t\u00f6\u00f6d ja koormus s\u00fcdamele raseduse ajal t\u00f5useb. Erinevate s\u00fcdamerikete korral on risk emale ja lapsele erinev...\" \/>\n<meta property=\"og:url\" content=\"https:\/\/www.kliinikum.ee\/sudameriketekeskus\/infomaterjalid\/rasedusest-kaasasundinud-sudamerikkega-patsiendil\/\" \/>\n<meta property=\"og:site_name\" content=\"S\u00fcdamerikked\" \/>\n<meta property=\"article:modified_time\" content=\"2021-06-21T06:26:33+00:00\" \/>\n<meta name=\"twitter:card\" content=\"summary_large_image\" \/>\n<meta name=\"twitter:label1\" content=\"Est. reading time\" \/>\n\t<meta name=\"twitter:data1\" content=\"1 minut\" \/>\n<script type=\"application\/ld+json\" class=\"yoast-schema-graph\">{\"@context\":\"https:\\\/\\\/schema.org\",\"@graph\":[{\"@type\":\"WebPage\",\"@id\":\"https:\\\/\\\/www.kliinikum.ee\\\/sudameriketekeskus\\\/infomaterjalid\\\/rasedusest-kaasasundinud-sudamerikkega-patsiendil\\\/\",\"url\":\"https:\\\/\\\/www.kliinikum.ee\\\/sudameriketekeskus\\\/infomaterjalid\\\/rasedusest-kaasasundinud-sudamerikkega-patsiendil\\\/\",\"name\":\"Rasedusest kaasas\u00fcndinud s\u00fcdamerikkega patsiendil - S\u00fcdamerikked\",\"isPartOf\":{\"@id\":\"https:\\\/\\\/www.kliinikum.ee\\\/sudameriketekeskus\\\/#website\"},\"datePublished\":\"2021-06-21T06:26:30+00:00\",\"dateModified\":\"2021-06-21T06:26:33+00:00\",\"breadcrumb\":{\"@id\":\"https:\\\/\\\/www.kliinikum.ee\\\/sudameriketekeskus\\\/infomaterjalid\\\/rasedusest-kaasasundinud-sudamerikkega-patsiendil\\\/#breadcrumb\"},\"inLanguage\":\"et\",\"potentialAction\":[{\"@type\":\"ReadAction\",\"target\":[\"https:\\\/\\\/www.kliinikum.ee\\\/sudameriketekeskus\\\/infomaterjalid\\\/rasedusest-kaasasundinud-sudamerikkega-patsiendil\\\/\"]}]},{\"@type\":\"BreadcrumbList\",\"@id\":\"https:\\\/\\\/www.kliinikum.ee\\\/sudameriketekeskus\\\/infomaterjalid\\\/rasedusest-kaasasundinud-sudamerikkega-patsiendil\\\/#breadcrumb\",\"itemListElement\":[{\"@type\":\"ListItem\",\"position\":1,\"name\":\"Home\",\"item\":\"https:\\\/\\\/www.kliinikum.ee\\\/sudameriketekeskus\\\/\"},{\"@type\":\"ListItem\",\"position\":2,\"name\":\"Infomaterjalid\",\"item\":\"https:\\\/\\\/www.kliinikum.ee\\\/sudameriketekeskus\\\/infomaterjalid\\\/\"},{\"@type\":\"ListItem\",\"position\":3,\"name\":\"Rasedusest kaasas\u00fcndinud s\u00fcdamerikkega patsiendil\"}]},{\"@type\":\"WebSite\",\"@id\":\"https:\\\/\\\/www.kliinikum.ee\\\/sudameriketekeskus\\\/#website\",\"url\":\"https:\\\/\\\/www.kliinikum.ee\\\/sudameriketekeskus\\\/\",\"name\":\"S\u00fcdamerikked\",\"description\":\"J\u00e4rjekordne WordPressi veebileht\",\"potentialAction\":[{\"@type\":\"SearchAction\",\"target\":{\"@type\":\"EntryPoint\",\"urlTemplate\":\"https:\\\/\\\/www.kliinikum.ee\\\/sudameriketekeskus\\\/?s={search_term_string}\"},\"query-input\":{\"@type\":\"PropertyValueSpecification\",\"valueRequired\":true,\"valueName\":\"search_term_string\"}}],\"inLanguage\":\"et\"}]}<\/script>\n<!-- \/ Yoast SEO plugin. -->","yoast_head_json":{"title":"Rasedusest kaasas\u00fcndinud s\u00fcdamerikkega patsiendil - S\u00fcdamerikked","robots":{"index":"index","follow":"follow","max-snippet":"max-snippet:-1","max-image-preview":"max-image-preview:large","max-video-preview":"max-video-preview:-1"},"canonical":"https:\/\/www.kliinikum.ee\/sudameriketekeskus\/infomaterjalid\/rasedusest-kaasasundinud-sudamerikkega-patsiendil\/","og_locale":"et_EE","og_type":"article","og_title":"Rasedusest kaasas\u00fcndinud s\u00fcdamerikkega patsiendil - S\u00fcdamerikked","og_description":"Rasedus m\u00f5jutab m\u00e4rkimisv\u00e4\u00e4rselt vereringes\u00fcsteemi t\u00f6\u00f6d ja koormus s\u00fcdamele raseduse ajal t\u00f5useb. Erinevate s\u00fcdamerikete korral on risk emale ja lapsele erinev...","og_url":"https:\/\/www.kliinikum.ee\/sudameriketekeskus\/infomaterjalid\/rasedusest-kaasasundinud-sudamerikkega-patsiendil\/","og_site_name":"S\u00fcdamerikked","article_modified_time":"2021-06-21T06:26:33+00:00","twitter_card":"summary_large_image","twitter_misc":{"Est. reading time":"1 minut"},"schema":{"@context":"https:\/\/schema.org","@graph":[{"@type":"WebPage","@id":"https:\/\/www.kliinikum.ee\/sudameriketekeskus\/infomaterjalid\/rasedusest-kaasasundinud-sudamerikkega-patsiendil\/","url":"https:\/\/www.kliinikum.ee\/sudameriketekeskus\/infomaterjalid\/rasedusest-kaasasundinud-sudamerikkega-patsiendil\/","name":"Rasedusest kaasas\u00fcndinud s\u00fcdamerikkega patsiendil - S\u00fcdamerikked","isPartOf":{"@id":"https:\/\/www.kliinikum.ee\/sudameriketekeskus\/#website"},"datePublished":"2021-06-21T06:26:30+00:00","dateModified":"2021-06-21T06:26:33+00:00","breadcrumb":{"@id":"https:\/\/www.kliinikum.ee\/sudameriketekeskus\/infomaterjalid\/rasedusest-kaasasundinud-sudamerikkega-patsiendil\/#breadcrumb"},"inLanguage":"et","potentialAction":[{"@type":"ReadAction","target":["https:\/\/www.kliinikum.ee\/sudameriketekeskus\/infomaterjalid\/rasedusest-kaasasundinud-sudamerikkega-patsiendil\/"]}]},{"@type":"BreadcrumbList","@id":"https:\/\/www.kliinikum.ee\/sudameriketekeskus\/infomaterjalid\/rasedusest-kaasasundinud-sudamerikkega-patsiendil\/#breadcrumb","itemListElement":[{"@type":"ListItem","position":1,"name":"Home","item":"https:\/\/www.kliinikum.ee\/sudameriketekeskus\/"},{"@type":"ListItem","position":2,"name":"Infomaterjalid","item":"https:\/\/www.kliinikum.ee\/sudameriketekeskus\/infomaterjalid\/"},{"@type":"ListItem","position":3,"name":"Rasedusest kaasas\u00fcndinud s\u00fcdamerikkega patsiendil"}]},{"@type":"WebSite","@id":"https:\/\/www.kliinikum.ee\/sudameriketekeskus\/#website","url":"https:\/\/www.kliinikum.ee\/sudameriketekeskus\/","name":"S\u00fcdamerikked","description":"J\u00e4rjekordne WordPressi veebileht","potentialAction":[{"@type":"SearchAction","target":{"@type":"EntryPoint","urlTemplate":"https:\/\/www.kliinikum.ee\/sudameriketekeskus\/?s={search_term_string}"},"query-input":{"@type":"PropertyValueSpecification","valueRequired":true,"valueName":"search_term_string"}}],"inLanguage":"et"}]}},"coauthors":[],"author_meta":{"author_link":"https:\/\/www.kliinikum.ee\/sudameriketekeskus\/author\/haldur\/","display_name":"Haldur"},"relative_dates":{"created":"Posted 5 aastat ago","modified":"Updated 5 aastat ago"},"absolute_dates":{"created":"Posted on 21. juuni 2021","modified":"Updated on 21. juuni 2021"},"absolute_dates_time":{"created":"Posted on 21. juuni 2021 06:26","modified":"Updated on 21. juuni 2021 06:26"},"featured_img_caption":"","featured_img":false,"series_order":"","_links":{"self":[{"href":"https:\/\/www.kliinikum.ee\/sudameriketekeskus\/wp-json\/wp\/v2\/pages\/318","targetHints":{"allow":["GET"]}}],"collection":[{"href":"https:\/\/www.kliinikum.ee\/sudameriketekeskus\/wp-json\/wp\/v2\/pages"}],"about":[{"href":"https:\/\/www.kliinikum.ee\/sudameriketekeskus\/wp-json\/wp\/v2\/types\/page"}],"author":[{"embeddable":true,"href":"https:\/\/www.kliinikum.ee\/sudameriketekeskus\/wp-json\/wp\/v2\/users\/3"}],"replies":[{"embeddable":true,"href":"https:\/\/www.kliinikum.ee\/sudameriketekeskus\/wp-json\/wp\/v2\/comments?post=318"}],"version-history":[{"count":0,"href":"https:\/\/www.kliinikum.ee\/sudameriketekeskus\/wp-json\/wp\/v2\/pages\/318\/revisions"}],"up":[{"embeddable":true,"href":"https:\/\/www.kliinikum.ee\/sudameriketekeskus\/wp-json\/wp\/v2\/pages\/118"}],"wp:attachment":[{"href":"https:\/\/www.kliinikum.ee\/sudameriketekeskus\/wp-json\/wp\/v2\/media?parent=318"}],"curies":[{"name":"wp","href":"https:\/\/api.w.org\/{rel}","templated":true}]}}