{"id":381,"date":"2021-09-20T10:03:48","date_gmt":"2021-09-20T10:03:48","guid":{"rendered":"https:\/\/www.kliinikum.ee\/sudameriketekeskus\/?page_id=381"},"modified":"2021-09-20T10:03:50","modified_gmt":"2021-09-20T10:03:50","slug":"voistlussport-ja-kaasasundinud-sudamerike","status":"publish","type":"page","link":"https:\/\/www.kliinikum.ee\/sudameriketekeskus\/infomaterjalid\/voistlussport-ja-kaasasundinud-sudamerike\/","title":{"rendered":"V\u00f5istlussport ja kaasas\u00fcndinud s\u00fcdamerike"},"content":{"rendered":"\n<p class=\"wp-el\">V\u00f5istlusspordis osalemist v\u00f5ib kaaluda patsientide puhul, kellel ei esine r\u00fctmih\u00e4ireid, s\u00fcdame s\u00fcstoolse funktsiooni muutusi, s\u00fcdameseinte paksenemist \u2013 h\u00fcpertroofiat, kui kopsuarteri r\u00f5hk on normi piires, puhkeolekus ja koormusel on saturatsioon normis jne. (NYHA I v\u00f5i II klass)&nbsp; ning teisi terviseriske. Otsus s\u00f5ltub harrastatavast spordialast, kus patsient soovib v\u00f5istelda ning see p\u00f5hineb erialaarstide \u00fchisel konsensuslikul otsusel (<em>Chaix jt 2016; Budts jt, 2013; Takken jt, 2012)<\/em>.<\/p>\n","protected":false},"excerpt":{"rendered":"<p>V\u00f5istlusspordis osalemist v\u00f5ib kaaluda patsientide puhul, kellel ei esine r\u00fctmih\u00e4ireid, s\u00fcdame s\u00fcstoolse funktsiooni muutusi, s\u00fcdameseinte paksenemist \u2013 h\u00fcpertroofiat, kui kopsuarteri&#8230;<\/p>\n","protected":false},"author":3,"featured_media":0,"parent":118,"menu_order":42,"comment_status":"closed","ping_status":"closed","template":"","meta":{"_acf_changed":false,"inline_featured_image":false,"advgb_blocks_editor_width":"","advgb_blocks_columns_visual_guide":"","footnotes":"","_links_to":"","_links_to_target":""},"class_list":["post-381","page","type-page","status-publish","hentry"],"acf":[],"yoast_head":"<!-- This site is optimized with the Yoast SEO plugin v27.5 - https:\/\/yoast.com\/product\/yoast-seo-wordpress\/ -->\n<title>V\u00f5istlussport ja kaasas\u00fcndinud s\u00fcdamerike - S\u00fcdamerikked<\/title>\n<meta name=\"robots\" content=\"index, follow, max-snippet:-1, max-image-preview:large, max-video-preview:-1\" \/>\n<link rel=\"canonical\" href=\"https:\/\/www.kliinikum.ee\/sudameriketekeskus\/infomaterjalid\/voistlussport-ja-kaasasundinud-sudamerike\/\" \/>\n<meta property=\"og:locale\" content=\"et_EE\" \/>\n<meta property=\"og:type\" content=\"article\" \/>\n<meta property=\"og:title\" content=\"V\u00f5istlussport ja kaasas\u00fcndinud s\u00fcdamerike - S\u00fcdamerikked\" \/>\n<meta property=\"og:description\" content=\"V\u00f5istlusspordis osalemist v\u00f5ib kaaluda patsientide puhul, kellel ei esine r\u00fctmih\u00e4ireid, s\u00fcdame s\u00fcstoolse funktsiooni muutusi, s\u00fcdameseinte paksenemist \u2013 h\u00fcpertroofiat, kui kopsuarteri...\" \/>\n<meta property=\"og:url\" content=\"https:\/\/www.kliinikum.ee\/sudameriketekeskus\/infomaterjalid\/voistlussport-ja-kaasasundinud-sudamerike\/\" \/>\n<meta property=\"og:site_name\" content=\"S\u00fcdamerikked\" \/>\n<meta property=\"article:modified_time\" content=\"2021-09-20T10:03:50+00:00\" \/>\n<meta name=\"twitter:card\" content=\"summary_large_image\" \/>\n<meta name=\"twitter:label1\" content=\"Est. reading time\" \/>\n\t<meta name=\"twitter:data1\" content=\"1 minut\" \/>\n<script type=\"application\/ld+json\" class=\"yoast-schema-graph\">{\"@context\":\"https:\\\/\\\/schema.org\",\"@graph\":[{\"@type\":\"WebPage\",\"@id\":\"https:\\\/\\\/www.kliinikum.ee\\\/sudameriketekeskus\\\/infomaterjalid\\\/voistlussport-ja-kaasasundinud-sudamerike\\\/\",\"url\":\"https:\\\/\\\/www.kliinikum.ee\\\/sudameriketekeskus\\\/infomaterjalid\\\/voistlussport-ja-kaasasundinud-sudamerike\\\/\",\"name\":\"V\u00f5istlussport ja kaasas\u00fcndinud s\u00fcdamerike - S\u00fcdamerikked\",\"isPartOf\":{\"@id\":\"https:\\\/\\\/www.kliinikum.ee\\\/sudameriketekeskus\\\/#website\"},\"datePublished\":\"2021-09-20T10:03:48+00:00\",\"dateModified\":\"2021-09-20T10:03:50+00:00\",\"breadcrumb\":{\"@id\":\"https:\\\/\\\/www.kliinikum.ee\\\/sudameriketekeskus\\\/infomaterjalid\\\/voistlussport-ja-kaasasundinud-sudamerike\\\/#breadcrumb\"},\"inLanguage\":\"et\",\"potentialAction\":[{\"@type\":\"ReadAction\",\"target\":[\"https:\\\/\\\/www.kliinikum.ee\\\/sudameriketekeskus\\\/infomaterjalid\\\/voistlussport-ja-kaasasundinud-sudamerike\\\/\"]}]},{\"@type\":\"BreadcrumbList\",\"@id\":\"https:\\\/\\\/www.kliinikum.ee\\\/sudameriketekeskus\\\/infomaterjalid\\\/voistlussport-ja-kaasasundinud-sudamerike\\\/#breadcrumb\",\"itemListElement\":[{\"@type\":\"ListItem\",\"position\":1,\"name\":\"Home\",\"item\":\"https:\\\/\\\/www.kliinikum.ee\\\/sudameriketekeskus\\\/\"},{\"@type\":\"ListItem\",\"position\":2,\"name\":\"Infomaterjalid\",\"item\":\"https:\\\/\\\/www.kliinikum.ee\\\/sudameriketekeskus\\\/infomaterjalid\\\/\"},{\"@type\":\"ListItem\",\"position\":3,\"name\":\"V\u00f5istlussport ja kaasas\u00fcndinud s\u00fcdamerike\"}]},{\"@type\":\"WebSite\",\"@id\":\"https:\\\/\\\/www.kliinikum.ee\\\/sudameriketekeskus\\\/#website\",\"url\":\"https:\\\/\\\/www.kliinikum.ee\\\/sudameriketekeskus\\\/\",\"name\":\"S\u00fcdamerikked\",\"description\":\"J\u00e4rjekordne WordPressi veebileht\",\"potentialAction\":[{\"@type\":\"SearchAction\",\"target\":{\"@type\":\"EntryPoint\",\"urlTemplate\":\"https:\\\/\\\/www.kliinikum.ee\\\/sudameriketekeskus\\\/?s={search_term_string}\"},\"query-input\":{\"@type\":\"PropertyValueSpecification\",\"valueRequired\":true,\"valueName\":\"search_term_string\"}}],\"inLanguage\":\"et\"}]}<\/script>\n<!-- \/ Yoast SEO plugin. -->","yoast_head_json":{"title":"V\u00f5istlussport ja kaasas\u00fcndinud s\u00fcdamerike - S\u00fcdamerikked","robots":{"index":"index","follow":"follow","max-snippet":"max-snippet:-1","max-image-preview":"max-image-preview:large","max-video-preview":"max-video-preview:-1"},"canonical":"https:\/\/www.kliinikum.ee\/sudameriketekeskus\/infomaterjalid\/voistlussport-ja-kaasasundinud-sudamerike\/","og_locale":"et_EE","og_type":"article","og_title":"V\u00f5istlussport ja kaasas\u00fcndinud s\u00fcdamerike - S\u00fcdamerikked","og_description":"V\u00f5istlusspordis osalemist v\u00f5ib kaaluda patsientide puhul, kellel ei esine r\u00fctmih\u00e4ireid, s\u00fcdame s\u00fcstoolse funktsiooni muutusi, s\u00fcdameseinte paksenemist \u2013 h\u00fcpertroofiat, kui kopsuarteri...","og_url":"https:\/\/www.kliinikum.ee\/sudameriketekeskus\/infomaterjalid\/voistlussport-ja-kaasasundinud-sudamerike\/","og_site_name":"S\u00fcdamerikked","article_modified_time":"2021-09-20T10:03:50+00:00","twitter_card":"summary_large_image","twitter_misc":{"Est. reading time":"1 minut"},"schema":{"@context":"https:\/\/schema.org","@graph":[{"@type":"WebPage","@id":"https:\/\/www.kliinikum.ee\/sudameriketekeskus\/infomaterjalid\/voistlussport-ja-kaasasundinud-sudamerike\/","url":"https:\/\/www.kliinikum.ee\/sudameriketekeskus\/infomaterjalid\/voistlussport-ja-kaasasundinud-sudamerike\/","name":"V\u00f5istlussport ja kaasas\u00fcndinud s\u00fcdamerike - S\u00fcdamerikked","isPartOf":{"@id":"https:\/\/www.kliinikum.ee\/sudameriketekeskus\/#website"},"datePublished":"2021-09-20T10:03:48+00:00","dateModified":"2021-09-20T10:03:50+00:00","breadcrumb":{"@id":"https:\/\/www.kliinikum.ee\/sudameriketekeskus\/infomaterjalid\/voistlussport-ja-kaasasundinud-sudamerike\/#breadcrumb"},"inLanguage":"et","potentialAction":[{"@type":"ReadAction","target":["https:\/\/www.kliinikum.ee\/sudameriketekeskus\/infomaterjalid\/voistlussport-ja-kaasasundinud-sudamerike\/"]}]},{"@type":"BreadcrumbList","@id":"https:\/\/www.kliinikum.ee\/sudameriketekeskus\/infomaterjalid\/voistlussport-ja-kaasasundinud-sudamerike\/#breadcrumb","itemListElement":[{"@type":"ListItem","position":1,"name":"Home","item":"https:\/\/www.kliinikum.ee\/sudameriketekeskus\/"},{"@type":"ListItem","position":2,"name":"Infomaterjalid","item":"https:\/\/www.kliinikum.ee\/sudameriketekeskus\/infomaterjalid\/"},{"@type":"ListItem","position":3,"name":"V\u00f5istlussport ja kaasas\u00fcndinud s\u00fcdamerike"}]},{"@type":"WebSite","@id":"https:\/\/www.kliinikum.ee\/sudameriketekeskus\/#website","url":"https:\/\/www.kliinikum.ee\/sudameriketekeskus\/","name":"S\u00fcdamerikked","description":"J\u00e4rjekordne WordPressi veebileht","potentialAction":[{"@type":"SearchAction","target":{"@type":"EntryPoint","urlTemplate":"https:\/\/www.kliinikum.ee\/sudameriketekeskus\/?s={search_term_string}"},"query-input":{"@type":"PropertyValueSpecification","valueRequired":true,"valueName":"search_term_string"}}],"inLanguage":"et"}]}},"coauthors":[],"author_meta":{"author_link":"https:\/\/www.kliinikum.ee\/sudameriketekeskus\/author\/haldur\/","display_name":"Haldur"},"relative_dates":{"created":"Posted 5 aastat ago","modified":"Updated 5 aastat ago"},"absolute_dates":{"created":"Posted on 20. sept. 2021","modified":"Updated on 20. sept. 2021"},"absolute_dates_time":{"created":"Posted on 20. sept. 2021 10:03","modified":"Updated on 20. sept. 2021 10:03"},"featured_img_caption":"","featured_img":false,"series_order":"","_links":{"self":[{"href":"https:\/\/www.kliinikum.ee\/sudameriketekeskus\/wp-json\/wp\/v2\/pages\/381","targetHints":{"allow":["GET"]}}],"collection":[{"href":"https:\/\/www.kliinikum.ee\/sudameriketekeskus\/wp-json\/wp\/v2\/pages"}],"about":[{"href":"https:\/\/www.kliinikum.ee\/sudameriketekeskus\/wp-json\/wp\/v2\/types\/page"}],"author":[{"embeddable":true,"href":"https:\/\/www.kliinikum.ee\/sudameriketekeskus\/wp-json\/wp\/v2\/users\/3"}],"replies":[{"embeddable":true,"href":"https:\/\/www.kliinikum.ee\/sudameriketekeskus\/wp-json\/wp\/v2\/comments?post=381"}],"version-history":[{"count":0,"href":"https:\/\/www.kliinikum.ee\/sudameriketekeskus\/wp-json\/wp\/v2\/pages\/381\/revisions"}],"up":[{"embeddable":true,"href":"https:\/\/www.kliinikum.ee\/sudameriketekeskus\/wp-json\/wp\/v2\/pages\/118"}],"wp:attachment":[{"href":"https:\/\/www.kliinikum.ee\/sudameriketekeskus\/wp-json\/wp\/v2\/media?parent=381"}],"curies":[{"name":"wp","href":"https:\/\/api.w.org\/{rel}","templated":true}]}}