{"id":15,"date":"2022-11-14T10:00:43","date_gmt":"2022-11-14T10:00:43","guid":{"rendered":"http:\/\/localhost\/?page_id=15"},"modified":"2026-04-17T12:18:40","modified_gmt":"2026-04-17T10:18:40","slug":"patsiendile","status":"publish","type":"page","link":"https:\/\/www.kliinikum.ee\/taastusravi\/patsiendile\/","title":{"rendered":"Patsiendile"},"content":{"rendered":"\n<div class=\"wp-block-group has-global-padding\"><div class=\"wp-block-group__inner-container is-layout-constrained wp-block-group-is-layout-constrained\">\n<p class=\"has-medium-font-size\">Spordimeditsiini ja taastusravi kliiniku osakondade t\u00f6\u00f6 ja patsientidele pakutavate teenuste tutvustused leiate <a href=\"https:\/\/www.kliinikum.ee\/taastusravi\/kliinikust\/\">SIIT<\/a>.<\/p>\n<\/div><\/div>\n\n\n<div class=\"wp-block-uagb-faq uagb-faq__outer-wrap uagb-block-089499a8 uagb-faq-icon-row uagb-faq-layout-accordion uagb-faq-expand-first-true uagb-faq-inactive-other-true uagb-faq__wrap uagb-buttons-layout-wrap uagb-faq-equal-height     \" data-faqtoggle=\"true\" role=\"tablist\"><div class=\"wp-block-uagb-faq-child uagb-faq-child__outer-wrap uagb-faq-item uagb-block-011ae7e9 \" role=\"tab\" tabindex=\"0\"><div class=\"uagb-faq-questions-button uagb-faq-questions\">\t\t\t<span class=\"uagb-icon uagb-faq-icon-wrap\">\n\t\t\t\t\t\t\t\t<svg xmlns=\"https:\/\/www.w3.org\/2000\/svg\" viewBox= \"0 0 448 512\"><path d=\"M432 256c0 17.69-14.33 32.01-32 32.01H256v144c0 17.69-14.33 31.99-32 31.99s-32-14.3-32-31.99v-144H48c-17.67 0-32-14.32-32-32.01s14.33-31.99 32-31.99H192v-144c0-17.69 14.33-32.01 32-32.01s32 14.32 32 32.01v144h144C417.7 224 432 238.3 432 256z\"><\/path><\/svg>\n\t\t\t\t\t\t\t<\/span>\n\t\t\t\t\t\t<span class=\"uagb-icon-active uagb-faq-icon-wrap\">\n\t\t\t\t\t\t\t\t<svg xmlns=\"https:\/\/www.w3.org\/2000\/svg\" viewBox= \"0 0 448 512\"><path d=\"M400 288h-352c-17.69 0-32-14.32-32-32.01s14.31-31.99 32-31.99h352c17.69 0 32 14.3 32 31.99S417.7 288 400 288z\"><\/path><\/svg>\n\t\t\t\t\t\t\t<\/span>\n\t\t\t<span class=\"uagb-question\"><strong>Ambulatoorsetele vastuv\u00f5ttudele registreerimine<\/strong><\/span><\/div><div class=\"uagb-faq-content\"><p><br><strong>Taastusarsti<\/strong>\u00a0vastuv\u00f5tule registreerimine<strong> 731 9100<\/strong>.<br><strong>F\u00fcsioteraapia teenusele<\/strong> registreerimine <strong>731 9233.<\/strong> <br><strong>Jalgade koormusjaotuse anal\u00fc\u00fcsile <\/strong>registreerimine numbril <strong>731 9124<\/strong><br><strong>Spordiarsti vastuv\u00f5tule registreerimine: <\/strong>E-R 9.00-16.00 numbril <strong>7 319 221<\/strong> v\u00f5i <a href=\"mailto:ragne.madison@kliinikum.ee\">ragne.madison@kliinikum.ee<\/a> <br><strong>Sporditraumatoloogia<\/strong>\u00a0<strong>ortopeedide<\/strong>\u00a0vastuv\u00f5tule registreerimine telefonil\u00a0<strong>731 9124<\/strong> v\u00f5i <strong>731 9100.<\/strong><br>Informatsioon\u00a0<strong>kodu\u00f5enduse<\/strong>\u00a0kohta telefonil\u00a0<strong> 53 318 955 <\/strong>v\u00f5i\u00a0<a href=\"mailto:stella.gering@kliinikum.ee\">stella.gering@kliinikum.ee<\/a>\u00a0<br><strong>T\u00f6\u00f6tervishoiuarsti<\/strong>\u00a0vastuv\u00f5tule registreerimine <strong>731 9110<\/strong> v\u00f5i\u00a0<a href=\"mailto:tootervishoid@kliinikum.ee\">tootervishoid@kliinikum.ee<\/a>\u00a0<br><strong>Logopeedi<\/strong>\u00a0vastuv\u00f5tule registreerimine <strong>731 9100<\/strong>.<\/p><\/div><\/div><div class=\"wp-block-uagb-faq-child uagb-faq-child__outer-wrap uagb-faq-item uagb-block-77cbda87 \" role=\"tab\" tabindex=\"0\"><div class=\"uagb-faq-questions-button uagb-faq-questions\">\t\t\t<span class=\"uagb-icon uagb-faq-icon-wrap\">\n\t\t\t\t\t\t\t\t<svg xmlns=\"https:\/\/www.w3.org\/2000\/svg\" viewBox= \"0 0 448 512\"><path d=\"M432 256c0 17.69-14.33 32.01-32 32.01H256v144c0 17.69-14.33 31.99-32 31.99s-32-14.3-32-31.99v-144H48c-17.67 0-32-14.32-32-32.01s14.33-31.99 32-31.99H192v-144c0-17.69 14.33-32.01 32-32.01s32 14.32 32 32.01v144h144C417.7 224 432 238.3 432 256z\"><\/path><\/svg>\n\t\t\t\t\t\t\t<\/span>\n\t\t\t\t\t\t<span class=\"uagb-icon-active uagb-faq-icon-wrap\">\n\t\t\t\t\t\t\t\t<svg xmlns=\"https:\/\/www.w3.org\/2000\/svg\" viewBox= \"0 0 448 512\"><path d=\"M400 288h-352c-17.69 0-32-14.32-32-32.01s14.31-31.99 32-31.99h352c17.69 0 32 14.3 32 31.99S417.7 288 400 288z\"><\/path><\/svg>\n\t\t\t\t\t\t\t<\/span>\n\t\t\t<span class=\"uagb-question\"><strong>Statsionaarse taastusravi osakond<\/strong><\/span><\/div><div class=\"uagb-faq-content\"><p>Riia 167 II-III korrus, Tartu 50406<br><br><strong>Kontakt:<\/strong><br>2. korruse \u00f5epost: 731 8885<br>3. korruse \u00f5epost: 731 8973<br>Arstide tuba: 731 8972<br>Sekret\u00e4r: 731 8989<br><strong>Osakonnajuht<\/strong>: Dr Ronald R\u00e4tsep 731 8883, 53 318 883\u00a0<a href=\"mailto:ronald.ratsep@kliinikum.ee\">ronald.ratsep@kliinikum.ee<\/a>\u00a0<br><strong>\u00d5endusjuht<\/strong>: Katrin Ploomipuu 731 8971, 53 318 971\u00a0<a href=\"mailto:katrin.ploomipuu@kliinikum.ee\">katrin.ploomipuu@kliinikum.ee<\/a>\u00a0<br><br><strong>Ravist loobumisel<\/strong>\u00a0palume teavitada sellest esimesel v\u00f5imalusel ja lisainformatsiooni saamiseks palume helistada\u00a0sekret\u00e4rile telefonil<strong>\u00a0731 8989.<\/strong><\/p><\/div><\/div><div class=\"wp-block-uagb-faq-child uagb-faq-child__outer-wrap uagb-faq-item uagb-block-4e34346c \" role=\"tab\" tabindex=\"0\"><div class=\"uagb-faq-questions-button uagb-faq-questions\">\t\t\t<span class=\"uagb-icon uagb-faq-icon-wrap\">\n\t\t\t\t\t\t\t\t<svg xmlns=\"https:\/\/www.w3.org\/2000\/svg\" viewBox= \"0 0 448 512\"><path d=\"M432 256c0 17.69-14.33 32.01-32 32.01H256v144c0 17.69-14.33 31.99-32 31.99s-32-14.3-32-31.99v-144H48c-17.67 0-32-14.32-32-32.01s14.33-31.99 32-31.99H192v-144c0-17.69 14.33-32.01 32-32.01s32 14.32 32 32.01v144h144C417.7 224 432 238.3 432 256z\"><\/path><\/svg>\n\t\t\t\t\t\t\t<\/span>\n\t\t\t\t\t\t<span class=\"uagb-icon-active uagb-faq-icon-wrap\">\n\t\t\t\t\t\t\t\t<svg xmlns=\"https:\/\/www.w3.org\/2000\/svg\" viewBox= \"0 0 448 512\"><path d=\"M400 288h-352c-17.69 0-32-14.32-32-32.01s14.31-31.99 32-31.99h352c17.69 0 32 14.3 32 31.99S417.7 288 400 288z\"><\/path><\/svg>\n\t\t\t\t\t\t\t<\/span>\n\t\t\t<span class=\"uagb-question\"><strong>Palliatiivravi osakond<\/strong><\/span><\/div><div class=\"uagb-faq-content\"><p>L. Puusepa 6, I korrus Tartu, 50406<br><br><strong>Kontakt:<\/strong><br>Osakonna juht, arst-\u00f5ppej\u00f5ud: Jelena N\u00f5mmik 5321 7110\u00a0<a href=\"mailto:jelena.nommik@kliinikum.ee\">jelena.nommik@kliinikum.ee<\/a><br>\u00d5endusjuht: Liis Lang 53\u00a0217 111\u00a0<a href=\"mailto:liis.lang@kliinikum.ee\">liis.lang@kliinikum.ee<\/a>\u00a0<br>\u00d5epost A valve\u00f5de: 731 7114<br>\u00d5epost B valve\u00f5de: 731 7117<br>\u00d5epost C valve\u00f5de: 731 7118<br>Arstide tuba: 731 7112<br>\u00d5de-koordinaator: 731 7113; 5321 7113 (E-R 08:00-16:00)<\/p><\/div><\/div><div class=\"wp-block-uagb-faq-child uagb-faq-child__outer-wrap uagb-faq-item uagb-block-8d2959c3 \" role=\"tab\" tabindex=\"0\"><div class=\"uagb-faq-questions-button uagb-faq-questions\">\t\t\t<span class=\"uagb-icon uagb-faq-icon-wrap\">\n\t\t\t\t\t\t\t\t<svg xmlns=\"https:\/\/www.w3.org\/2000\/svg\" viewBox= \"0 0 448 512\"><path d=\"M432 256c0 17.69-14.33 32.01-32 32.01H256v144c0 17.69-14.33 31.99-32 31.99s-32-14.3-32-31.99v-144H48c-17.67 0-32-14.32-32-32.01s14.33-31.99 32-31.99H192v-144c0-17.69 14.33-32.01 32-32.01s32 14.32 32 32.01v144h144C417.7 224 432 238.3 432 256z\"><\/path><\/svg>\n\t\t\t\t\t\t\t<\/span>\n\t\t\t\t\t\t<span class=\"uagb-icon-active uagb-faq-icon-wrap\">\n\t\t\t\t\t\t\t\t<svg xmlns=\"https:\/\/www.w3.org\/2000\/svg\" viewBox= \"0 0 448 512\"><path d=\"M400 288h-352c-17.69 0-32-14.32-32-32.01s14.31-31.99 32-31.99h352c17.69 0 32 14.3 32 31.99S417.7 288 400 288z\"><\/path><\/svg>\n\t\t\t\t\t\t\t<\/span>\n\t\t\t<span class=\"uagb-question\"><strong>Statsionaarse \u00f5endusabi osakond<\/strong><\/span><\/div><div class=\"uagb-faq-content\"><p>L. Puusepa 6, II korrus, Tartu 50406<br>Majas on patsientide turvalisuse tagamiseks<strong> videovalve.<\/strong><br><br><strong>Sekret\u00e4r: 731 8956<\/strong><br><strong>Arst-konsultant:<\/strong>\u00a0<strong>731 8957<\/strong><br><strong>Kontaktid teisel korrusel:<\/strong><br>731 8953 \u2013\u00a0<strong>E<\/strong>-\u00f5epost<br>731 8983 \u2013\u00a0<strong>D<\/strong>-\u00f5epost<br><br><strong>\u00d5endusjuht:<\/strong>\u00a0Triin Maasikam\u00e4e 731 8981\u00a0<a href=\"mailto:triin.maasikamae@kliinikum.ee\">triin.maasikamae@kliinikum.ee<\/a><br><strong>\u00d5de-koordinaator:<\/strong> Sirle Puidak 731 8950 (E-R 08:00-16:00)<br><strong>Sotsiaalt\u00f6\u00f6tajad:\u00a0<\/strong><br>Maire Vaguri 731 8136\/5331 8136 <a href=\"mailto:maire.vaguri@kliinikum.ee\">maire.vaguri@kliinikum.ee<\/a> <br>Mari Reilson 5331 8985\u00a0<a href=\"mailto:mari.reilson@kliinikum.ee\">mari.reilson@kliinikum.ee<\/a><br><br><strong>Osakonda suunatud patsientide vastuv\u00f5tt<\/strong> toimub t\u00f6\u00f6p\u00e4evadel E\u2013R kella 08:00\u201314:00, t\u00e4psem info 731 8956.<br><br><strong>Statsionaarse \u00f5endusabi teenuse 10%-omaosalustasu<\/strong> arvutatakse iga ravil viibitud p\u00e4eva eest vastavalt Vabariigi Valitsuse m\u00e4\u00e4rusele \u201eTervisekassa tervishoiuteenuste loetelu \u00a715. Voodip\u00e4eva arvestus haiglas\u201c,<a href=\"https:\/\/www.riigiteataja.ee\/akt\/127032024012\">Riigi Teatajas<\/a>.Vabariigi Valitsuse m\u00e4\u00e4rusegarakendub statsionaarsele \u00f5endusabile 10%-omaosalustasu, mille suuruseks 2025. aastal on 14,18\u20ac \u00fche voodip\u00e4eva kohta (tavap\u00e4raselt koostatakse arved ja toimub tasumine iga 10-14 p\u00e4eva j\u00e4rel). Arvete tasumise kohta t\u00e4psem info osakonna sekret\u00e4rilt telefonil <strong>731 8956.<\/strong><br><br><strong>Osakonda suunatud patsientide vastuv\u00f5tt<\/strong> toimub t\u00f6\u00f6p\u00e4evadel E\u2013R kella 08:00 \u2013 16:00.<br>T\u00e4psem info, arve eest tasumine ja ravist loobumine sekret\u00e4ri telefonil 7318956.<\/p><\/div><\/div><div class=\"wp-block-uagb-faq-child uagb-faq-child__outer-wrap uagb-faq-item uagb-block-ac389417 \" role=\"tab\" tabindex=\"0\"><div class=\"uagb-faq-questions-button uagb-faq-questions\">\t\t\t<span class=\"uagb-icon uagb-faq-icon-wrap\">\n\t\t\t\t\t\t\t\t<svg xmlns=\"https:\/\/www.w3.org\/2000\/svg\" viewBox= \"0 0 448 512\"><path d=\"M432 256c0 17.69-14.33 32.01-32 32.01H256v144c0 17.69-14.33 31.99-32 31.99s-32-14.3-32-31.99v-144H48c-17.67 0-32-14.32-32-32.01s14.33-31.99 32-31.99H192v-144c0-17.69 14.33-32.01 32-32.01s32 14.32 32 32.01v144h144C417.7 224 432 238.3 432 256z\"><\/path><\/svg>\n\t\t\t\t\t\t\t<\/span>\n\t\t\t\t\t\t<span class=\"uagb-icon-active uagb-faq-icon-wrap\">\n\t\t\t\t\t\t\t\t<svg xmlns=\"https:\/\/www.w3.org\/2000\/svg\" viewBox= \"0 0 448 512\"><path d=\"M400 288h-352c-17.69 0-32-14.32-32-32.01s14.31-31.99 32-31.99h352c17.69 0 32 14.3 32 31.99S417.7 288 400 288z\"><\/path><\/svg>\n\t\t\t\t\t\t\t<\/span>\n\t\t\t<span class=\"uagb-question\"><strong>K\u00f5ne- ja neelamish\u00e4irete taastusravi keskus<\/strong><\/span><\/div><div class=\"uagb-faq-content\"><p>Riia tn 167, 50406 Tartu : \u00a0II korrus, B korpus<br><br><strong>Taastusarsti v\u00f5i logopeedi vastuv\u00f5tule registreerimine<\/strong>\u00a0731 9100<br><strong>Keskusesse suunamiseks peab olema kas eriarsti- v\u00f5i perearsti poolt antud\u00a0saatekiri vastuv\u00f5tule!\u00a0<\/strong><br><br><strong>Kontakt:<\/strong><br><br><strong>Keskuse juht<\/strong>: Lagle Lehes: <a href=\"mailto:Lagle.Lehes@kliinikum.ee\">Lagle.Lehes@kliinikum.ee<\/a><br><strong>F\u00fcsioterapeut<\/strong>: Johanna Traks: <a href=\"mailto:Johanna.Traks@kliinikum.ee\">Johanna.Traks@kliinikum.ee<\/a><br><br><strong>Logopeedid:<\/strong><br>Lagle Lehes: <a href=\"mailto:Lagle.Lehes@kliinikum.ee\">Lagle.Lehes@kliinikum.ee<\/a><br>Evely Babenko: <a href=\"mailto:Evely.Babenko@kliinikum.ee\">Evely.Babenko@kliinikum.ee<\/a><br>Mari Kabel: <a href=\"mailto:Mari.Kabel@kliinikum.ee\">Mari.Kabel@kliinikum.ee<\/a><\/p><\/div><\/div><div class=\"wp-block-uagb-faq-child uagb-faq-child__outer-wrap uagb-faq-item uagb-block-8f0105f2 \" role=\"tab\" tabindex=\"0\"><div class=\"uagb-faq-questions-button uagb-faq-questions\">\t\t\t<span class=\"uagb-icon uagb-faq-icon-wrap\">\n\t\t\t\t\t\t\t\t<svg xmlns=\"https:\/\/www.w3.org\/2000\/svg\" viewBox= \"0 0 448 512\"><path d=\"M432 256c0 17.69-14.33 32.01-32 32.01H256v144c0 17.69-14.33 31.99-32 31.99s-32-14.3-32-31.99v-144H48c-17.67 0-32-14.32-32-32.01s14.33-31.99 32-31.99H192v-144c0-17.69 14.33-32.01 32-32.01s32 14.32 32 32.01v144h144C417.7 224 432 238.3 432 256z\"><\/path><\/svg>\n\t\t\t\t\t\t\t<\/span>\n\t\t\t\t\t\t<span class=\"uagb-icon-active uagb-faq-icon-wrap\">\n\t\t\t\t\t\t\t\t<svg xmlns=\"https:\/\/www.w3.org\/2000\/svg\" viewBox= \"0 0 448 512\"><path d=\"M400 288h-352c-17.69 0-32-14.32-32-32.01s14.31-31.99 32-31.99h352c17.69 0 32 14.3 32 31.99S417.7 288 400 288z\"><\/path><\/svg>\n\t\t\t\t\t\t\t<\/span>\n\t\t\t<span class=\"uagb-question\"><strong>Visiiditasu<\/strong><\/span><\/div><div class=\"uagb-faq-content\"><p>Kliinikumis on ambulatoorse eriarstiabi, sh ka erakorralise meditsiini osakonnas 31. m\u00e4rtsini 2025 visiiditasu 5 eurot. <strong>Alates 1.04.2025 on ambulatoorse eriarsti visiiditasu ravikindlustatud isikutele 20 eurot<\/strong>. Visiiditasu kehtib ka erakorralise meditsiini osakonnas ning f\u00fcsioterapeudi, kliinilise ps\u00fchholoogi ja logopeedi vastuv\u00f5tul.<br><br><strong>Visiiditasu 5 eurot<\/strong>\u00a0kehtib 1. aprillist 2025 j\u00e4rgmistele isikutele:<br>- alla 19-aastane,<br>- rase (v\u00e4lja arvatud juhul, kui vastuv\u00f5tt on seotud raseduse v\u00f5i s\u00fcnnitusega),<br>- alla \u00fcheaastase lapse ema,<br>- \u00fcle 63-aastane,<br>- riikliku pensionikindlustuse seaduse alusel t\u00f6\u00f6v\u00f5imetuspensioni v\u00f5i vanaduspensioni saaja,<br>- t\u00f6\u00f6v\u00f5imetoetuse seaduse alusel tuvastatud osalise v\u00f5i puuduva t\u00f6\u00f6v\u00f5imega isik,<br>- t\u00f6\u00f6tu t\u00f6\u00f6turumeetmete seaduse t\u00e4henduses,<br>- sotsiaalhoolekande seaduse alusel toimetulekutoetuse saaja v\u00f5i tema pereliige, kui isikule v\u00f5i tema perekonnale on ambulatoorse eriarstiabi osutamise kuul v\u00f5i sellele eelnenud kahel kuul makstud toimetulekutoetust.<br><br>Juhul, kui Kliinikum j\u00e4tab kindlustatud isiku tema terviseseisundi t\u00f5ttu j\u00e4lgimisele v\u00f5i ravile, kuulub visiiditasu tasumisele kord jooksvas aastas.<br><br><strong>Visiiditasu ei rakendata<\/strong>\u00a0ravikindlustatud isikutele 1. aprillist 2025 j\u00e4rgmistel juhtudel:<br>- eriarstiabi osutatakse seoses raseduse v\u00f5i s\u00fcnnitusega,<br>- v\u00e4ltimatu ambulatoorse eriarstiabi osutamisele j\u00e4rgneb vahetult statsionaarse tervishoiuteenuse osutamine,<br>- Kliinikum suunab patsiendi Kliinikumi teise tervishoiut\u00f6\u00f6taja juurde v\u00f5i teine tervishoiuteenuse osutaja suunab patsiendi Kliinikumi sedasama tervishoiuteenust osutava tervishoiut\u00f6\u00f6taja juurde,<br>- eriarstiabi osutatakse alla 2-aastasele ravikindlustatud isikule,<br>- osutatakse tasulist tervishoiuteenust,<br>- Kliinikumi sama eriala arst v\u00f5i EMO valvearst on patsiendi suunanud esmasele operatsioonij\u00e4rgsele vastuv\u00f5tule,<br>- osutatakse teenust tuberkuloosi diagnoosiga haigetele ja nende kontaktsetele,<br>- osutatakse ennetusega seotud tervishoiuteenust,<br>- osutatakse hambaravi sh ortodontia tervishoiuteenust alla 19-aastasele ravikindlustatud isikule,<br>- osutatakse kudede ja organite loovutamisega seotud tervishoiuteenust,<br>- patsiendi l\u00e4hedaste (elukaaslane, vanemad, lapsed, \u00f5ed, vennad, vanavanemad) uurimine p\u00e4rilike haiguste suhtes.<br><br><\/p><\/div><\/div><\/div>\n\n\n<p><\/p>\n","protected":false},"excerpt":{"rendered":"<p>Spordimeditsiini ja taastusravi kliiniku osakondade t\u00f6\u00f6 ja patsientidele pakutavate teenuste tutvustused leiate SIIT.<\/p>\n","protected":false},"author":31,"featured_media":0,"parent":0,"menu_order":0,"comment_status":"closed","ping_status":"closed","template":"","meta":{"_acf_changed":false,"_uag_custom_page_level_css":"","footnotes":""},"class_list":["post-15","page","type-page","status-publish","hentry"],"acf":[],"yoast_head":"<!-- This site is optimized with the Yoast SEO plugin v27.5 - https:\/\/yoast.com\/product\/yoast-seo-wordpress\/ -->\n<title>Patsiendile - Spordimeditsiini ja taastusravi kliinik<\/title>\n<meta name=\"robots\" content=\"index, follow, max-snippet:-1, max-image-preview:large, max-video-preview:-1\" \/>\n<link rel=\"canonical\" href=\"https:\/\/www.kliinikum.ee\/taastusravi\/patsiendile\/\" \/>\n<meta property=\"og:locale\" content=\"et_EE\" \/>\n<meta property=\"og:type\" content=\"article\" \/>\n<meta property=\"og:title\" content=\"Patsiendile - Spordimeditsiini ja taastusravi kliinik\" \/>\n<meta property=\"og:description\" content=\"Spordimeditsiini ja taastusravi kliiniku osakondade t\u00f6\u00f6 ja patsientidele pakutavate teenuste tutvustused leiate SIIT.\" \/>\n<meta property=\"og:url\" content=\"https:\/\/www.kliinikum.ee\/taastusravi\/patsiendile\/\" \/>\n<meta property=\"og:site_name\" content=\"Spordimeditsiini ja taastusravi kliinik\" \/>\n<meta property=\"article:modified_time\" content=\"2026-04-17T10:18:40+00:00\" \/>\n<meta name=\"twitter:card\" content=\"summary_large_image\" \/>\n<meta name=\"twitter:label1\" content=\"Est. reading time\" \/>\n\t<meta name=\"twitter:data1\" content=\"1 minut\" \/>\n<script type=\"application\/ld+json\" class=\"yoast-schema-graph\">{\"@context\":\"https:\\\/\\\/schema.org\",\"@graph\":[{\"@type\":\"WebPage\",\"@id\":\"https:\\\/\\\/www.kliinikum.ee\\\/taastusravi\\\/patsiendile\\\/\",\"url\":\"https:\\\/\\\/www.kliinikum.ee\\\/taastusravi\\\/patsiendile\\\/\",\"name\":\"Patsiendile - Spordimeditsiini ja taastusravi kliinik\",\"isPartOf\":{\"@id\":\"https:\\\/\\\/www.kliinikum.ee\\\/taastusravi\\\/#website\"},\"datePublished\":\"2022-11-14T10:00:43+00:00\",\"dateModified\":\"2026-04-17T10:18:40+00:00\",\"breadcrumb\":{\"@id\":\"https:\\\/\\\/www.kliinikum.ee\\\/taastusravi\\\/patsiendile\\\/#breadcrumb\"},\"inLanguage\":\"et\",\"potentialAction\":[{\"@type\":\"ReadAction\",\"target\":[\"https:\\\/\\\/www.kliinikum.ee\\\/taastusravi\\\/patsiendile\\\/\"]}]},{\"@type\":\"BreadcrumbList\",\"@id\":\"https:\\\/\\\/www.kliinikum.ee\\\/taastusravi\\\/patsiendile\\\/#breadcrumb\",\"itemListElement\":[{\"@type\":\"ListItem\",\"position\":1,\"name\":\"Home\",\"item\":\"https:\\\/\\\/www.kliinikum.ee\\\/taastusravi\\\/\"},{\"@type\":\"ListItem\",\"position\":2,\"name\":\"Patsiendile\"}]},{\"@type\":\"WebSite\",\"@id\":\"https:\\\/\\\/www.kliinikum.ee\\\/taastusravi\\\/#website\",\"url\":\"https:\\\/\\\/www.kliinikum.ee\\\/taastusravi\\\/\",\"name\":\"Spordimeditsiini ja taastusravi kliinik\",\"description\":\"Hoolivus, Uuendusmeelsus, P\u00e4devus ja Usaldusv\u00e4\u00e4rsus\",\"potentialAction\":[{\"@type\":\"SearchAction\",\"target\":{\"@type\":\"EntryPoint\",\"urlTemplate\":\"https:\\\/\\\/www.kliinikum.ee\\\/taastusravi\\\/?s={search_term_string}\"},\"query-input\":{\"@type\":\"PropertyValueSpecification\",\"valueRequired\":true,\"valueName\":\"search_term_string\"}}],\"inLanguage\":\"et\"}]}<\/script>\n<!-- \/ Yoast SEO plugin. -->","yoast_head_json":{"title":"Patsiendile - Spordimeditsiini ja taastusravi kliinik","robots":{"index":"index","follow":"follow","max-snippet":"max-snippet:-1","max-image-preview":"max-image-preview:large","max-video-preview":"max-video-preview:-1"},"canonical":"https:\/\/www.kliinikum.ee\/taastusravi\/patsiendile\/","og_locale":"et_EE","og_type":"article","og_title":"Patsiendile - Spordimeditsiini ja taastusravi kliinik","og_description":"Spordimeditsiini ja taastusravi kliiniku osakondade t\u00f6\u00f6 ja patsientidele pakutavate teenuste tutvustused leiate SIIT.","og_url":"https:\/\/www.kliinikum.ee\/taastusravi\/patsiendile\/","og_site_name":"Spordimeditsiini ja taastusravi kliinik","article_modified_time":"2026-04-17T10:18:40+00:00","twitter_card":"summary_large_image","twitter_misc":{"Est. reading time":"1 minut"},"schema":{"@context":"https:\/\/schema.org","@graph":[{"@type":"WebPage","@id":"https:\/\/www.kliinikum.ee\/taastusravi\/patsiendile\/","url":"https:\/\/www.kliinikum.ee\/taastusravi\/patsiendile\/","name":"Patsiendile - Spordimeditsiini ja taastusravi kliinik","isPartOf":{"@id":"https:\/\/www.kliinikum.ee\/taastusravi\/#website"},"datePublished":"2022-11-14T10:00:43+00:00","dateModified":"2026-04-17T10:18:40+00:00","breadcrumb":{"@id":"https:\/\/www.kliinikum.ee\/taastusravi\/patsiendile\/#breadcrumb"},"inLanguage":"et","potentialAction":[{"@type":"ReadAction","target":["https:\/\/www.kliinikum.ee\/taastusravi\/patsiendile\/"]}]},{"@type":"BreadcrumbList","@id":"https:\/\/www.kliinikum.ee\/taastusravi\/patsiendile\/#breadcrumb","itemListElement":[{"@type":"ListItem","position":1,"name":"Home","item":"https:\/\/www.kliinikum.ee\/taastusravi\/"},{"@type":"ListItem","position":2,"name":"Patsiendile"}]},{"@type":"WebSite","@id":"https:\/\/www.kliinikum.ee\/taastusravi\/#website","url":"https:\/\/www.kliinikum.ee\/taastusravi\/","name":"Spordimeditsiini ja taastusravi kliinik","description":"Hoolivus, Uuendusmeelsus, P\u00e4devus ja Usaldusv\u00e4\u00e4rsus","potentialAction":[{"@type":"SearchAction","target":{"@type":"EntryPoint","urlTemplate":"https:\/\/www.kliinikum.ee\/taastusravi\/?s={search_term_string}"},"query-input":{"@type":"PropertyValueSpecification","valueRequired":true,"valueName":"search_term_string"}}],"inLanguage":"et"}]}},"uagb_featured_image_src":{"full":false,"thumbnail":false,"medium":false,"medium_large":false,"large":false,"1536x1536":false,"2048x2048":false},"uagb_author_info":{"display_name":"erkky","author_link":"https:\/\/www.kliinikum.ee\/taastusravi\/author\/erkky\/"},"uagb_comment_info":0,"uagb_excerpt":"Spordimeditsiini ja taastusravi kliiniku osakondade t\u00f6\u00f6 ja patsientidele pakutavate teenuste tutvustused leiate SIIT.","_links":{"self":[{"href":"https:\/\/www.kliinikum.ee\/taastusravi\/wp-json\/wp\/v2\/pages\/15","targetHints":{"allow":["GET"]}}],"collection":[{"href":"https:\/\/www.kliinikum.ee\/taastusravi\/wp-json\/wp\/v2\/pages"}],"about":[{"href":"https:\/\/www.kliinikum.ee\/taastusravi\/wp-json\/wp\/v2\/types\/page"}],"author":[{"embeddable":true,"href":"https:\/\/www.kliinikum.ee\/taastusravi\/wp-json\/wp\/v2\/users\/31"}],"replies":[{"embeddable":true,"href":"https:\/\/www.kliinikum.ee\/taastusravi\/wp-json\/wp\/v2\/comments?post=15"}],"version-history":[{"count":0,"href":"https:\/\/www.kliinikum.ee\/taastusravi\/wp-json\/wp\/v2\/pages\/15\/revisions"}],"wp:attachment":[{"href":"https:\/\/www.kliinikum.ee\/taastusravi\/wp-json\/wp\/v2\/media?parent=15"}],"curies":[{"name":"wp","href":"https:\/\/api.w.org\/{rel}","templated":true}]}}