{"id":17,"date":"2022-11-14T10:00:52","date_gmt":"2022-11-14T08:00:52","guid":{"rendered":"http:\/\/localhost\/?page_id=17"},"modified":"2023-10-24T11:57:11","modified_gmt":"2023-10-24T09:57:11","slug":"kliinikust","status":"publish","type":"page","link":"https:\/\/www.kliinikum.ee\/taastusravi\/kliinikust\/","title":{"rendered":"Osakonnad"},"content":{"rendered":"\n<div class=\"wp-block-group has-global-padding\"><div class=\"wp-block-group__inner-container is-layout-constrained wp-block-group-is-layout-constrained\">\n<p>Spordimeditsiini ja taastusravi kliinik on \u00fcks suurematest kliinikutest Tartu \u00dclikooli Kliinikumis. Kliiniku osakonnad asuvad mitmes Tartu hoones: L. Puusepa 1a, L. Puusepa 6 ja Riia 167.<br><\/p>\n\n\n\n<p><strong>Spordimeditsiini ja taastusravi kliinik koosneb \u00fcheksast osakonnast:<\/strong><br>ambulatoorse \u00f5endusabi osakond, ambulatoorse taastusravi osakond, k\u00f5ne- ja neelamish\u00e4irete taastusravi keskus, palliatiivravi osakond, spordimeditsiini osakond, sporditraumatoloogia keskus, statsionaarse \u00f5endusabi osakond, statsionaarse taastusravi osakond ja t\u00f6\u00f6tervishoiu osakond.<\/p>\n\n\n\n<ul class=\"wp-block-list\">\n<li>K\u00f5ikide osakondade info on leitav vasakult men\u00fc\u00fcst<\/li>\n<\/ul>\n<\/div><\/div>\n\n\n\n<div class=\"wp-block-columns is-layout-flex wp-container-core-columns-is-layout-28f84493 wp-block-columns-is-layout-flex\">\n<div class=\"wp-block-column is-layout-flow wp-block-column-is-layout-flow\">\n<figure class=\"wp-block-image size-large\"><img loading=\"lazy\" decoding=\"async\" width=\"1024\" height=\"683\" src=\"https:\/\/www.kliinikum.ee\/taastusravi\/wp-content\/uploads\/2023\/10\/IMG_8294-2-1024x683.jpg\" alt=\"\" class=\"wp-image-6587\" srcset=\"https:\/\/www.kliinikum.ee\/taastusravi\/wp-content\/uploads\/2023\/10\/IMG_8294-2-1024x683.jpg 1024w, https:\/\/www.kliinikum.ee\/taastusravi\/wp-content\/uploads\/2023\/10\/IMG_8294-2-300x200.jpg 300w, https:\/\/www.kliinikum.ee\/taastusravi\/wp-content\/uploads\/2023\/10\/IMG_8294-2-768x512.jpg 768w, https:\/\/www.kliinikum.ee\/taastusravi\/wp-content\/uploads\/2023\/10\/IMG_8294-2-1536x1024.jpg 1536w, https:\/\/www.kliinikum.ee\/taastusravi\/wp-content\/uploads\/2023\/10\/IMG_8294-2-2048x1365.jpg 2048w, https:\/\/www.kliinikum.ee\/taastusravi\/wp-content\/uploads\/2023\/10\/IMG_8294-2-scaled.jpg 2560w\" sizes=\"auto, (max-width: 1024px) 100vw, 1024px\" \/><\/figure>\n<\/div>\n\n\n\n<div class=\"wp-block-column is-layout-flow wp-block-column-is-layout-flow\">\n<div class=\"wp-block-columns is-layout-flex wp-container-core-columns-is-layout-28f84493 wp-block-columns-is-layout-flex\">\n<div class=\"wp-block-column is-layout-flow wp-block-column-is-layout-flow\" style=\"flex-basis:100%\">\n<figure class=\"wp-block-image size-large\"><img loading=\"lazy\" decoding=\"async\" width=\"1024\" height=\"683\" src=\"https:\/\/www.kliinikum.ee\/taastusravi\/wp-content\/uploads\/2023\/10\/IMG_8214-1024x683.jpg\" alt=\"\" class=\"wp-image-6594\" srcset=\"https:\/\/www.kliinikum.ee\/taastusravi\/wp-content\/uploads\/2023\/10\/IMG_8214-1024x683.jpg 1024w, https:\/\/www.kliinikum.ee\/taastusravi\/wp-content\/uploads\/2023\/10\/IMG_8214-300x200.jpg 300w, https:\/\/www.kliinikum.ee\/taastusravi\/wp-content\/uploads\/2023\/10\/IMG_8214-768x512.jpg 768w, https:\/\/www.kliinikum.ee\/taastusravi\/wp-content\/uploads\/2023\/10\/IMG_8214-1536x1024.jpg 1536w, https:\/\/www.kliinikum.ee\/taastusravi\/wp-content\/uploads\/2023\/10\/IMG_8214-2048x1365.jpg 2048w, https:\/\/www.kliinikum.ee\/taastusravi\/wp-content\/uploads\/2023\/10\/IMG_8214-scaled.jpg 2560w\" sizes=\"auto, (max-width: 1024px) 100vw, 1024px\" \/><\/figure>\n<\/div>\n<\/div>\n<\/div>\n\n\n\n<div class=\"wp-block-column is-layout-flow wp-block-column-is-layout-flow\">\n<figure class=\"wp-block-image size-large\"><img loading=\"lazy\" decoding=\"async\" width=\"1024\" height=\"683\" src=\"https:\/\/www.kliinikum.ee\/taastusravi\/wp-content\/uploads\/2023\/10\/IMG_8099-2-1024x683.jpg\" alt=\"\" class=\"wp-image-6592\" srcset=\"https:\/\/www.kliinikum.ee\/taastusravi\/wp-content\/uploads\/2023\/10\/IMG_8099-2-1024x683.jpg 1024w, https:\/\/www.kliinikum.ee\/taastusravi\/wp-content\/uploads\/2023\/10\/IMG_8099-2-300x200.jpg 300w, https:\/\/www.kliinikum.ee\/taastusravi\/wp-content\/uploads\/2023\/10\/IMG_8099-2-768x512.jpg 768w, https:\/\/www.kliinikum.ee\/taastusravi\/wp-content\/uploads\/2023\/10\/IMG_8099-2-1536x1024.jpg 1536w, https:\/\/www.kliinikum.ee\/taastusravi\/wp-content\/uploads\/2023\/10\/IMG_8099-2-2048x1365.jpg 2048w, https:\/\/www.kliinikum.ee\/taastusravi\/wp-content\/uploads\/2023\/10\/IMG_8099-2-scaled.jpg 2560w\" sizes=\"auto, (max-width: 1024px) 100vw, 1024px\" \/><\/figure>\n<\/div>\n<\/div>\n\n\n\n<div class=\"wp-block-columns is-layout-flex wp-container-core-columns-is-layout-28f84493 wp-block-columns-is-layout-flex\">\n<div class=\"wp-block-column is-layout-flow wp-block-column-is-layout-flow\">\n<figure class=\"wp-block-image size-large\"><img loading=\"lazy\" decoding=\"async\" width=\"1024\" height=\"683\" src=\"https:\/\/www.kliinikum.ee\/taastusravi\/wp-content\/uploads\/2023\/10\/IMG_3265-1024x683.jpg\" alt=\"\" class=\"wp-image-6596\" srcset=\"https:\/\/www.kliinikum.ee\/taastusravi\/wp-content\/uploads\/2023\/10\/IMG_3265-1024x683.jpg 1024w, https:\/\/www.kliinikum.ee\/taastusravi\/wp-content\/uploads\/2023\/10\/IMG_3265-300x200.jpg 300w, https:\/\/www.kliinikum.ee\/taastusravi\/wp-content\/uploads\/2023\/10\/IMG_3265-768x512.jpg 768w, https:\/\/www.kliinikum.ee\/taastusravi\/wp-content\/uploads\/2023\/10\/IMG_3265-1536x1024.jpg 1536w, https:\/\/www.kliinikum.ee\/taastusravi\/wp-content\/uploads\/2023\/10\/IMG_3265-2048x1365.jpg 2048w, https:\/\/www.kliinikum.ee\/taastusravi\/wp-content\/uploads\/2023\/10\/IMG_3265-scaled.jpg 2560w\" sizes=\"auto, (max-width: 1024px) 100vw, 1024px\" \/><\/figure>\n<\/div>\n\n\n\n<div class=\"wp-block-column is-layout-flow wp-block-column-is-layout-flow\">\n<figure class=\"wp-block-image size-large\"><img loading=\"lazy\" decoding=\"async\" width=\"1024\" height=\"683\" src=\"https:\/\/www.kliinikum.ee\/taastusravi\/wp-content\/uploads\/2023\/10\/IMG_3219-1024x683.jpg\" alt=\"\" class=\"wp-image-6598\" srcset=\"https:\/\/www.kliinikum.ee\/taastusravi\/wp-content\/uploads\/2023\/10\/IMG_3219-1024x683.jpg 1024w, https:\/\/www.kliinikum.ee\/taastusravi\/wp-content\/uploads\/2023\/10\/IMG_3219-300x200.jpg 300w, https:\/\/www.kliinikum.ee\/taastusravi\/wp-content\/uploads\/2023\/10\/IMG_3219-768x512.jpg 768w, https:\/\/www.kliinikum.ee\/taastusravi\/wp-content\/uploads\/2023\/10\/IMG_3219-1536x1024.jpg 1536w, https:\/\/www.kliinikum.ee\/taastusravi\/wp-content\/uploads\/2023\/10\/IMG_3219-2048x1365.jpg 2048w, https:\/\/www.kliinikum.ee\/taastusravi\/wp-content\/uploads\/2023\/10\/IMG_3219-scaled.jpg 2560w\" sizes=\"auto, (max-width: 1024px) 100vw, 1024px\" \/><\/figure>\n<\/div>\n\n\n\n<div class=\"wp-block-column is-layout-flow wp-block-column-is-layout-flow\">\n<figure class=\"wp-block-image size-large\"><img loading=\"lazy\" decoding=\"async\" width=\"1024\" height=\"683\" src=\"https:\/\/www.kliinikum.ee\/taastusravi\/wp-content\/uploads\/2023\/10\/IMG_3204-1024x683.jpg\" alt=\"\" class=\"wp-image-6600\" srcset=\"https:\/\/www.kliinikum.ee\/taastusravi\/wp-content\/uploads\/2023\/10\/IMG_3204-1024x683.jpg 1024w, https:\/\/www.kliinikum.ee\/taastusravi\/wp-content\/uploads\/2023\/10\/IMG_3204-300x200.jpg 300w, https:\/\/www.kliinikum.ee\/taastusravi\/wp-content\/uploads\/2023\/10\/IMG_3204-768x512.jpg 768w, https:\/\/www.kliinikum.ee\/taastusravi\/wp-content\/uploads\/2023\/10\/IMG_3204-1536x1024.jpg 1536w, https:\/\/www.kliinikum.ee\/taastusravi\/wp-content\/uploads\/2023\/10\/IMG_3204-2048x1365.jpg 2048w, https:\/\/www.kliinikum.ee\/taastusravi\/wp-content\/uploads\/2023\/10\/IMG_3204-scaled.jpg 2560w\" sizes=\"auto, (max-width: 1024px) 100vw, 1024px\" \/><\/figure>\n<\/div>\n<\/div>\n","protected":false},"excerpt":{"rendered":"<p>Spordimeditsiini ja taastusravi kliinik on \u00fcks suurematest kliinikutest Tartu \u00dclikooli Kliinikumis. Kliiniku osakonnad asuvad mitmes Tartu hoones: L. Puusepa 1a, L. Puusepa 6 ja Riia 167. Spordimeditsiini ja taastusravi kliinik koosneb \u00fcheksast osakonnast:ambulatoorse \u00f5endusabi osakond, ambulatoorse taastusravi osakond, k\u00f5ne- ja neelamish\u00e4irete taastusravi keskus, palliatiivravi osakond, spordimeditsiini osakond, sporditraumatoloogia keskus, statsionaarse \u00f5endusabi osakond, statsionaarse taastusravi osakond [&hellip;]<\/p>\n","protected":false},"author":31,"featured_media":0,"parent":0,"menu_order":0,"comment_status":"closed","ping_status":"closed","template":"","meta":{"_acf_changed":false,"_uag_custom_page_level_css":"","footnotes":""},"class_list":["post-17","page","type-page","status-publish","hentry"],"acf":[],"yoast_head":"<!-- This site is optimized with the Yoast SEO plugin v27.3 - https:\/\/yoast.com\/product\/yoast-seo-wordpress\/ -->\n<title>Osakonnad - Spordimeditsiini ja taastusravi kliinik<\/title>\n<meta name=\"robots\" content=\"index, follow, max-snippet:-1, max-image-preview:large, max-video-preview:-1\" \/>\n<link rel=\"canonical\" href=\"https:\/\/www.kliinikum.ee\/taastusravi\/kliinikust\/\" \/>\n<meta property=\"og:locale\" content=\"et_EE\" \/>\n<meta property=\"og:type\" content=\"article\" \/>\n<meta property=\"og:title\" content=\"Osakonnad - Spordimeditsiini ja taastusravi kliinik\" \/>\n<meta property=\"og:description\" content=\"Spordimeditsiini ja taastusravi kliinik on \u00fcks suurematest kliinikutest Tartu \u00dclikooli Kliinikumis. Kliiniku osakonnad asuvad mitmes Tartu hoones: L. Puusepa 1a, L. Puusepa 6 ja Riia 167. Spordimeditsiini ja taastusravi kliinik koosneb \u00fcheksast osakonnast:ambulatoorse \u00f5endusabi osakond, ambulatoorse taastusravi osakond, k\u00f5ne- ja neelamish\u00e4irete taastusravi keskus, palliatiivravi osakond, spordimeditsiini osakond, sporditraumatoloogia keskus, statsionaarse \u00f5endusabi osakond, statsionaarse taastusravi osakond [&hellip;]\" \/>\n<meta property=\"og:url\" content=\"https:\/\/www.kliinikum.ee\/taastusravi\/kliinikust\/\" \/>\n<meta property=\"og:site_name\" content=\"Spordimeditsiini ja taastusravi kliinik\" \/>\n<meta property=\"article:modified_time\" content=\"2023-10-24T09:57:11+00:00\" \/>\n<meta property=\"og:image\" content=\"https:\/\/www.kliinikum.ee\/taastusravi\/wp-content\/uploads\/2023\/10\/IMG_8294-2-1024x683.jpg\" \/>\n<meta name=\"twitter:card\" content=\"summary_large_image\" \/>\n<meta name=\"twitter:label1\" content=\"Est. reading time\" \/>\n\t<meta name=\"twitter:data1\" content=\"2 minutit\" \/>\n<script type=\"application\/ld+json\" class=\"yoast-schema-graph\">{\"@context\":\"https:\\\/\\\/schema.org\",\"@graph\":[{\"@type\":\"WebPage\",\"@id\":\"https:\\\/\\\/www.kliinikum.ee\\\/taastusravi\\\/kliinikust\\\/\",\"url\":\"https:\\\/\\\/www.kliinikum.ee\\\/taastusravi\\\/kliinikust\\\/\",\"name\":\"Osakonnad - Spordimeditsiini ja taastusravi kliinik\",\"isPartOf\":{\"@id\":\"https:\\\/\\\/www.kliinikum.ee\\\/taastusravi\\\/#website\"},\"primaryImageOfPage\":{\"@id\":\"https:\\\/\\\/www.kliinikum.ee\\\/taastusravi\\\/kliinikust\\\/#primaryimage\"},\"image\":{\"@id\":\"https:\\\/\\\/www.kliinikum.ee\\\/taastusravi\\\/kliinikust\\\/#primaryimage\"},\"thumbnailUrl\":\"https:\\\/\\\/www.kliinikum.ee\\\/taastusravi\\\/wp-content\\\/uploads\\\/2023\\\/10\\\/IMG_8294-2-1024x683.jpg\",\"datePublished\":\"2022-11-14T08:00:52+00:00\",\"dateModified\":\"2023-10-24T09:57:11+00:00\",\"breadcrumb\":{\"@id\":\"https:\\\/\\\/www.kliinikum.ee\\\/taastusravi\\\/kliinikust\\\/#breadcrumb\"},\"inLanguage\":\"et\",\"potentialAction\":[{\"@type\":\"ReadAction\",\"target\":[\"https:\\\/\\\/www.kliinikum.ee\\\/taastusravi\\\/kliinikust\\\/\"]}]},{\"@type\":\"ImageObject\",\"inLanguage\":\"et\",\"@id\":\"https:\\\/\\\/www.kliinikum.ee\\\/taastusravi\\\/kliinikust\\\/#primaryimage\",\"url\":\"https:\\\/\\\/www.kliinikum.ee\\\/taastusravi\\\/wp-content\\\/uploads\\\/2023\\\/10\\\/IMG_8294-2-scaled.jpg\",\"contentUrl\":\"https:\\\/\\\/www.kliinikum.ee\\\/taastusravi\\\/wp-content\\\/uploads\\\/2023\\\/10\\\/IMG_8294-2-scaled.jpg\",\"width\":2560,\"height\":1706},{\"@type\":\"BreadcrumbList\",\"@id\":\"https:\\\/\\\/www.kliinikum.ee\\\/taastusravi\\\/kliinikust\\\/#breadcrumb\",\"itemListElement\":[{\"@type\":\"ListItem\",\"position\":1,\"name\":\"Home\",\"item\":\"https:\\\/\\\/www.kliinikum.ee\\\/taastusravi\\\/\"},{\"@type\":\"ListItem\",\"position\":2,\"name\":\"Osakonnad\"}]},{\"@type\":\"WebSite\",\"@id\":\"https:\\\/\\\/www.kliinikum.ee\\\/taastusravi\\\/#website\",\"url\":\"https:\\\/\\\/www.kliinikum.ee\\\/taastusravi\\\/\",\"name\":\"Spordimeditsiini ja taastusravi kliinik\",\"description\":\"Hoolivus, Uuendusmeelsus, P\u00e4devus ja Usaldusv\u00e4\u00e4rsus\",\"potentialAction\":[{\"@type\":\"SearchAction\",\"target\":{\"@type\":\"EntryPoint\",\"urlTemplate\":\"https:\\\/\\\/www.kliinikum.ee\\\/taastusravi\\\/?s={search_term_string}\"},\"query-input\":{\"@type\":\"PropertyValueSpecification\",\"valueRequired\":true,\"valueName\":\"search_term_string\"}}],\"inLanguage\":\"et\"}]}<\/script>\n<!-- \/ Yoast SEO plugin. -->","yoast_head_json":{"title":"Osakonnad - Spordimeditsiini ja taastusravi kliinik","robots":{"index":"index","follow":"follow","max-snippet":"max-snippet:-1","max-image-preview":"max-image-preview:large","max-video-preview":"max-video-preview:-1"},"canonical":"https:\/\/www.kliinikum.ee\/taastusravi\/kliinikust\/","og_locale":"et_EE","og_type":"article","og_title":"Osakonnad - Spordimeditsiini ja taastusravi kliinik","og_description":"Spordimeditsiini ja taastusravi kliinik on \u00fcks suurematest kliinikutest Tartu \u00dclikooli Kliinikumis. Kliiniku osakonnad asuvad mitmes Tartu hoones: L. Puusepa 1a, L. Puusepa 6 ja Riia 167. Spordimeditsiini ja taastusravi kliinik koosneb \u00fcheksast osakonnast:ambulatoorse \u00f5endusabi osakond, ambulatoorse taastusravi osakond, k\u00f5ne- ja neelamish\u00e4irete taastusravi keskus, palliatiivravi osakond, spordimeditsiini osakond, sporditraumatoloogia keskus, statsionaarse \u00f5endusabi osakond, statsionaarse taastusravi osakond [&hellip;]","og_url":"https:\/\/www.kliinikum.ee\/taastusravi\/kliinikust\/","og_site_name":"Spordimeditsiini ja taastusravi kliinik","article_modified_time":"2023-10-24T09:57:11+00:00","og_image":[{"url":"https:\/\/www.kliinikum.ee\/taastusravi\/wp-content\/uploads\/2023\/10\/IMG_8294-2-1024x683.jpg","type":"","width":"","height":""}],"twitter_card":"summary_large_image","twitter_misc":{"Est. reading time":"2 minutit"},"schema":{"@context":"https:\/\/schema.org","@graph":[{"@type":"WebPage","@id":"https:\/\/www.kliinikum.ee\/taastusravi\/kliinikust\/","url":"https:\/\/www.kliinikum.ee\/taastusravi\/kliinikust\/","name":"Osakonnad - Spordimeditsiini ja taastusravi kliinik","isPartOf":{"@id":"https:\/\/www.kliinikum.ee\/taastusravi\/#website"},"primaryImageOfPage":{"@id":"https:\/\/www.kliinikum.ee\/taastusravi\/kliinikust\/#primaryimage"},"image":{"@id":"https:\/\/www.kliinikum.ee\/taastusravi\/kliinikust\/#primaryimage"},"thumbnailUrl":"https:\/\/www.kliinikum.ee\/taastusravi\/wp-content\/uploads\/2023\/10\/IMG_8294-2-1024x683.jpg","datePublished":"2022-11-14T08:00:52+00:00","dateModified":"2023-10-24T09:57:11+00:00","breadcrumb":{"@id":"https:\/\/www.kliinikum.ee\/taastusravi\/kliinikust\/#breadcrumb"},"inLanguage":"et","potentialAction":[{"@type":"ReadAction","target":["https:\/\/www.kliinikum.ee\/taastusravi\/kliinikust\/"]}]},{"@type":"ImageObject","inLanguage":"et","@id":"https:\/\/www.kliinikum.ee\/taastusravi\/kliinikust\/#primaryimage","url":"https:\/\/www.kliinikum.ee\/taastusravi\/wp-content\/uploads\/2023\/10\/IMG_8294-2-scaled.jpg","contentUrl":"https:\/\/www.kliinikum.ee\/taastusravi\/wp-content\/uploads\/2023\/10\/IMG_8294-2-scaled.jpg","width":2560,"height":1706},{"@type":"BreadcrumbList","@id":"https:\/\/www.kliinikum.ee\/taastusravi\/kliinikust\/#breadcrumb","itemListElement":[{"@type":"ListItem","position":1,"name":"Home","item":"https:\/\/www.kliinikum.ee\/taastusravi\/"},{"@type":"ListItem","position":2,"name":"Osakonnad"}]},{"@type":"WebSite","@id":"https:\/\/www.kliinikum.ee\/taastusravi\/#website","url":"https:\/\/www.kliinikum.ee\/taastusravi\/","name":"Spordimeditsiini ja taastusravi kliinik","description":"Hoolivus, Uuendusmeelsus, P\u00e4devus ja Usaldusv\u00e4\u00e4rsus","potentialAction":[{"@type":"SearchAction","target":{"@type":"EntryPoint","urlTemplate":"https:\/\/www.kliinikum.ee\/taastusravi\/?s={search_term_string}"},"query-input":{"@type":"PropertyValueSpecification","valueRequired":true,"valueName":"search_term_string"}}],"inLanguage":"et"}]}},"uagb_featured_image_src":{"full":false,"thumbnail":false,"medium":false,"medium_large":false,"large":false,"1536x1536":false,"2048x2048":false},"uagb_author_info":{"display_name":"erkky","author_link":"https:\/\/www.kliinikum.ee\/taastusravi\/author\/erkky\/"},"uagb_comment_info":0,"uagb_excerpt":"Spordimeditsiini ja taastusravi kliinik on \u00fcks suurematest kliinikutest Tartu \u00dclikooli Kliinikumis. Kliiniku osakonnad asuvad mitmes Tartu hoones: L. Puusepa 1a, L. Puusepa 6 ja Riia 167. Spordimeditsiini ja taastusravi kliinik koosneb \u00fcheksast osakonnast:ambulatoorse \u00f5endusabi osakond, ambulatoorse taastusravi osakond, k\u00f5ne- ja neelamish\u00e4irete taastusravi keskus, palliatiivravi osakond, spordimeditsiini osakond, sporditraumatoloogia keskus, statsionaarse \u00f5endusabi osakond, statsionaarse taastusravi osakond&hellip;","_links":{"self":[{"href":"https:\/\/www.kliinikum.ee\/taastusravi\/wp-json\/wp\/v2\/pages\/17","targetHints":{"allow":["GET"]}}],"collection":[{"href":"https:\/\/www.kliinikum.ee\/taastusravi\/wp-json\/wp\/v2\/pages"}],"about":[{"href":"https:\/\/www.kliinikum.ee\/taastusravi\/wp-json\/wp\/v2\/types\/page"}],"author":[{"embeddable":true,"href":"https:\/\/www.kliinikum.ee\/taastusravi\/wp-json\/wp\/v2\/users\/31"}],"replies":[{"embeddable":true,"href":"https:\/\/www.kliinikum.ee\/taastusravi\/wp-json\/wp\/v2\/comments?post=17"}],"version-history":[{"count":0,"href":"https:\/\/www.kliinikum.ee\/taastusravi\/wp-json\/wp\/v2\/pages\/17\/revisions"}],"wp:attachment":[{"href":"https:\/\/www.kliinikum.ee\/taastusravi\/wp-json\/wp\/v2\/media?parent=17"}],"curies":[{"name":"wp","href":"https:\/\/api.w.org\/{rel}","templated":true}]}}