{"id":19,"date":"2022-11-14T10:01:01","date_gmt":"2022-11-14T08:01:01","guid":{"rendered":"http:\/\/localhost\/?page_id=19"},"modified":"2025-09-03T10:13:11","modified_gmt":"2025-09-03T08:13:11","slug":"suunavaleraviarstile","status":"publish","type":"page","link":"https:\/\/www.kliinikum.ee\/taastusravi\/suunavaleraviarstile\/","title":{"rendered":"Suunavale raviarstile"},"content":{"rendered":"<div class=\"wp-block-uagb-faq uagb-faq__outer-wrap uagb-block-333ae1d8 uagb-faq-icon-row uagb-faq-layout-accordion uagb-faq-expand-first-true uagb-faq-inactive-other-true uagb-faq__wrap uagb-buttons-layout-wrap uagb-faq-equal-height     \" data-faqtoggle=\"true\" role=\"tablist\"><\/div>\n\n\n<p> Tervisekassa rahastatavad teenused spordimeditsiini ja taastusravi kliinikus:<\/p>\n\n\n\n<ul class=\"wp-block-list\">\n<li><a href=\"https:\/\/www.kliinikum.ee\/taastusravi\/kliinikust\/spordimeditsiini-osakond\/noorsportlase-tervisekontroll\/\">noorsportlaste spordimeditsiiniline tervisekontroll<\/a> - ilma saatekirjata<\/li>\n\n\n\n<li><a href=\"https:\/\/www.kliinikum.ee\/taastusravi\/suunavaleraviarstile\/suunavale-raviarstile-koduoendusele\/\">ambulatoorne \u00f5endusabi ehk kodu\u00f5endusteenus <\/a><\/li>\n\n\n\n<li><a href=\"https:\/\/www.kliinikum.ee\/taastusravi\/suunavaleraviarstile\/suunavale-raviarstile-amb-taastus\/\">taastusarsti ja f\u00fcsioterapeudi vastuv\u00f5tud ambulatoorse taastusravi osakonnas <\/a><\/li>\n\n\n\n<li><a href=\"https:\/\/www.kliinikum.ee\/taastusravi\/suunavaleraviarstile\/suunavale-raviarstile-kone\/\">logopeedi ja f\u00fcsioterapeudi vastuv\u00f5tud k\u00f5ne-ja neelamish\u00e4irete keskuses<\/a> <\/li>\n\n\n\n<li><a href=\"https:\/\/www.kliinikum.ee\/taastusravi\/suunavaleraviarstile\/suunavale-raviarstile-palliatiiv\/\">haiglaravi palliatiivravi osakonnas<\/a> <\/li>\n\n\n\n<li><a href=\"https:\/\/www.kliinikum.ee\/taastusravi\/suunavaleraviarstile\/suunavale-raviarstile-palliatiiv\/\">\u00f5e iseseisev vastuv\u00f5tt ambulatoorset j\u00e4lgimist vajavatele palliatiivravi patsientidele<\/a><\/li>\n\n\n\n<li><a href=\"https:\/\/www.kliinikum.ee\/taastusravi\/suunavaleraviarstile\/sporditraumatoloogiasse\/\">ortopeed-sporditraumatoloogi v\u00f5i ortopeed-k\u00e4ekirurgi vastuv\u00f5tt sporditraumatoloogia keskuses<\/a><\/li>\n\n\n\n<li><a href=\"https:\/\/www.kliinikum.ee\/taastusravi\/suunavaleraviarstile\/suunavale-raviarstile-stats-oendus\/\">haiglaravi statsionaarse \u00f5endusabi osakonnas<\/a><\/li>\n\n\n\n<li><a href=\"https:\/\/www.kliinikum.ee\/taastusravi\/suunavaleraviarstile\/suunavale-raviarstile-stats-taastus\/\">haiglaravi statsionaarse taastusravi osakonnas<\/a><\/li>\n<\/ul>\n\n\n\n<p><\/p>\n","protected":false},"excerpt":{"rendered":"<p>Tervisekassa rahastatavad teenused spordimeditsiini ja taastusravi kliinikus:<\/p>\n","protected":false},"author":31,"featured_media":0,"parent":0,"menu_order":0,"comment_status":"closed","ping_status":"closed","template":"","meta":{"_acf_changed":false,"_uag_custom_page_level_css":"","footnotes":""},"class_list":["post-19","page","type-page","status-publish","hentry"],"acf":[],"yoast_head":"<!-- This site is optimized with the Yoast SEO plugin v27.3 - https:\/\/yoast.com\/product\/yoast-seo-wordpress\/ -->\n<title>Suunavale raviarstile - Spordimeditsiini ja taastusravi kliinik<\/title>\n<meta name=\"robots\" content=\"index, follow, max-snippet:-1, max-image-preview:large, max-video-preview:-1\" \/>\n<link rel=\"canonical\" href=\"https:\/\/www.kliinikum.ee\/taastusravi\/suunavaleraviarstile\/\" \/>\n<meta property=\"og:locale\" content=\"et_EE\" \/>\n<meta property=\"og:type\" content=\"article\" \/>\n<meta property=\"og:title\" content=\"Suunavale raviarstile - Spordimeditsiini ja taastusravi kliinik\" \/>\n<meta property=\"og:description\" content=\"Tervisekassa rahastatavad teenused spordimeditsiini ja taastusravi kliinikus:\" \/>\n<meta property=\"og:url\" content=\"https:\/\/www.kliinikum.ee\/taastusravi\/suunavaleraviarstile\/\" \/>\n<meta property=\"og:site_name\" content=\"Spordimeditsiini ja taastusravi kliinik\" \/>\n<meta property=\"article:modified_time\" content=\"2025-09-03T08:13:11+00:00\" \/>\n<meta name=\"twitter:card\" content=\"summary_large_image\" \/>\n<meta name=\"twitter:label1\" content=\"Est. reading time\" \/>\n\t<meta name=\"twitter:data1\" content=\"1 minut\" \/>\n<script type=\"application\/ld+json\" class=\"yoast-schema-graph\">{\"@context\":\"https:\\\/\\\/schema.org\",\"@graph\":[{\"@type\":\"WebPage\",\"@id\":\"https:\\\/\\\/www.kliinikum.ee\\\/taastusravi\\\/suunavaleraviarstile\\\/\",\"url\":\"https:\\\/\\\/www.kliinikum.ee\\\/taastusravi\\\/suunavaleraviarstile\\\/\",\"name\":\"Suunavale raviarstile - Spordimeditsiini ja taastusravi kliinik\",\"isPartOf\":{\"@id\":\"https:\\\/\\\/www.kliinikum.ee\\\/taastusravi\\\/#website\"},\"datePublished\":\"2022-11-14T08:01:01+00:00\",\"dateModified\":\"2025-09-03T08:13:11+00:00\",\"breadcrumb\":{\"@id\":\"https:\\\/\\\/www.kliinikum.ee\\\/taastusravi\\\/suunavaleraviarstile\\\/#breadcrumb\"},\"inLanguage\":\"et\",\"potentialAction\":[{\"@type\":\"ReadAction\",\"target\":[\"https:\\\/\\\/www.kliinikum.ee\\\/taastusravi\\\/suunavaleraviarstile\\\/\"]}]},{\"@type\":\"BreadcrumbList\",\"@id\":\"https:\\\/\\\/www.kliinikum.ee\\\/taastusravi\\\/suunavaleraviarstile\\\/#breadcrumb\",\"itemListElement\":[{\"@type\":\"ListItem\",\"position\":1,\"name\":\"Home\",\"item\":\"https:\\\/\\\/www.kliinikum.ee\\\/taastusravi\\\/\"},{\"@type\":\"ListItem\",\"position\":2,\"name\":\"Suunavale raviarstile\"}]},{\"@type\":\"WebSite\",\"@id\":\"https:\\\/\\\/www.kliinikum.ee\\\/taastusravi\\\/#website\",\"url\":\"https:\\\/\\\/www.kliinikum.ee\\\/taastusravi\\\/\",\"name\":\"Spordimeditsiini ja taastusravi kliinik\",\"description\":\"Hoolivus, Uuendusmeelsus, P\u00e4devus ja Usaldusv\u00e4\u00e4rsus\",\"potentialAction\":[{\"@type\":\"SearchAction\",\"target\":{\"@type\":\"EntryPoint\",\"urlTemplate\":\"https:\\\/\\\/www.kliinikum.ee\\\/taastusravi\\\/?s={search_term_string}\"},\"query-input\":{\"@type\":\"PropertyValueSpecification\",\"valueRequired\":true,\"valueName\":\"search_term_string\"}}],\"inLanguage\":\"et\"}]}<\/script>\n<!-- \/ Yoast SEO plugin. -->","yoast_head_json":{"title":"Suunavale raviarstile - Spordimeditsiini ja taastusravi kliinik","robots":{"index":"index","follow":"follow","max-snippet":"max-snippet:-1","max-image-preview":"max-image-preview:large","max-video-preview":"max-video-preview:-1"},"canonical":"https:\/\/www.kliinikum.ee\/taastusravi\/suunavaleraviarstile\/","og_locale":"et_EE","og_type":"article","og_title":"Suunavale raviarstile - Spordimeditsiini ja taastusravi kliinik","og_description":"Tervisekassa rahastatavad teenused spordimeditsiini ja taastusravi kliinikus:","og_url":"https:\/\/www.kliinikum.ee\/taastusravi\/suunavaleraviarstile\/","og_site_name":"Spordimeditsiini ja taastusravi kliinik","article_modified_time":"2025-09-03T08:13:11+00:00","twitter_card":"summary_large_image","twitter_misc":{"Est. reading time":"1 minut"},"schema":{"@context":"https:\/\/schema.org","@graph":[{"@type":"WebPage","@id":"https:\/\/www.kliinikum.ee\/taastusravi\/suunavaleraviarstile\/","url":"https:\/\/www.kliinikum.ee\/taastusravi\/suunavaleraviarstile\/","name":"Suunavale raviarstile - Spordimeditsiini ja taastusravi kliinik","isPartOf":{"@id":"https:\/\/www.kliinikum.ee\/taastusravi\/#website"},"datePublished":"2022-11-14T08:01:01+00:00","dateModified":"2025-09-03T08:13:11+00:00","breadcrumb":{"@id":"https:\/\/www.kliinikum.ee\/taastusravi\/suunavaleraviarstile\/#breadcrumb"},"inLanguage":"et","potentialAction":[{"@type":"ReadAction","target":["https:\/\/www.kliinikum.ee\/taastusravi\/suunavaleraviarstile\/"]}]},{"@type":"BreadcrumbList","@id":"https:\/\/www.kliinikum.ee\/taastusravi\/suunavaleraviarstile\/#breadcrumb","itemListElement":[{"@type":"ListItem","position":1,"name":"Home","item":"https:\/\/www.kliinikum.ee\/taastusravi\/"},{"@type":"ListItem","position":2,"name":"Suunavale raviarstile"}]},{"@type":"WebSite","@id":"https:\/\/www.kliinikum.ee\/taastusravi\/#website","url":"https:\/\/www.kliinikum.ee\/taastusravi\/","name":"Spordimeditsiini ja taastusravi kliinik","description":"Hoolivus, Uuendusmeelsus, P\u00e4devus ja Usaldusv\u00e4\u00e4rsus","potentialAction":[{"@type":"SearchAction","target":{"@type":"EntryPoint","urlTemplate":"https:\/\/www.kliinikum.ee\/taastusravi\/?s={search_term_string}"},"query-input":{"@type":"PropertyValueSpecification","valueRequired":true,"valueName":"search_term_string"}}],"inLanguage":"et"}]}},"uagb_featured_image_src":{"full":false,"thumbnail":false,"medium":false,"medium_large":false,"large":false,"1536x1536":false,"2048x2048":false},"uagb_author_info":{"display_name":"erkky","author_link":"https:\/\/www.kliinikum.ee\/taastusravi\/author\/erkky\/"},"uagb_comment_info":0,"uagb_excerpt":"Tervisekassa rahastatavad teenused spordimeditsiini ja taastusravi kliinikus:","_links":{"self":[{"href":"https:\/\/www.kliinikum.ee\/taastusravi\/wp-json\/wp\/v2\/pages\/19","targetHints":{"allow":["GET"]}}],"collection":[{"href":"https:\/\/www.kliinikum.ee\/taastusravi\/wp-json\/wp\/v2\/pages"}],"about":[{"href":"https:\/\/www.kliinikum.ee\/taastusravi\/wp-json\/wp\/v2\/types\/page"}],"author":[{"embeddable":true,"href":"https:\/\/www.kliinikum.ee\/taastusravi\/wp-json\/wp\/v2\/users\/31"}],"replies":[{"embeddable":true,"href":"https:\/\/www.kliinikum.ee\/taastusravi\/wp-json\/wp\/v2\/comments?post=19"}],"version-history":[{"count":0,"href":"https:\/\/www.kliinikum.ee\/taastusravi\/wp-json\/wp\/v2\/pages\/19\/revisions"}],"wp:attachment":[{"href":"https:\/\/www.kliinikum.ee\/taastusravi\/wp-json\/wp\/v2\/media?parent=19"}],"curies":[{"name":"wp","href":"https:\/\/api.w.org\/{rel}","templated":true}]}}