{"id":6385,"date":"2023-04-25T14:04:01","date_gmt":"2023-04-25T12:04:01","guid":{"rendered":"https:\/\/www.kliinikum.ee\/taastusravi\/?page_id=6385"},"modified":"2026-04-28T10:49:00","modified_gmt":"2026-04-28T08:49:00","slug":"ambulatoorse-taastusravi-osakond","status":"publish","type":"page","link":"https:\/\/www.kliinikum.ee\/taastusravi\/kliinikust\/ambulatoorse-taastusravi-osakond\/","title":{"rendered":"Ambulatoorse taastusravi osakond"},"content":{"rendered":"\n<div class=\"wp-block-group has-global-padding\"><div class=\"wp-block-group__inner-container is-layout-constrained wp-block-group-is-layout-constrained\">\n<p><strong>Asukoht:<\/strong><\/p>\n\n\n\n<p>L. Puusepa 1a (Maarjam\u00f5isa Polikliinik), Tartu<br>Sepapaja 12\/1 (Tervisemaja 2, 5. korrus), Tallinn<br><\/p>\n<\/div><\/div>\n\n\n\n<p>Pakume ambulatoorse taastusravi teenust Eesti Tervisekassa kindlustust omavatele patsientidele perearsti v\u00f5i eriarsti saatekirjaga.<\/p>\n\n\n\n<ul class=\"wp-block-list\">\n<li>Taastusraviarsti vastuv\u00f5tt (vajalik pere- v\u00f5i eriarsti saatekiri <strong>taastusraviarstile<\/strong>)<\/li>\n\n\n\n<li>F\u00fcsioterapeudi individuaalne vastuv\u00f5tt (vajalik pere- v\u00f5i eriarsti saatekiri <strong>f\u00fcsioterapeudile<\/strong>)<\/li>\n<\/ul>\n\n\n\n<p><strong>Ilma saatekirjata <\/strong>on v\u00f5imalik p\u00f6\u00f6rduda taastusraviarsti v\u00f5i f\u00fcsioterapeudi tasulisele vastuv\u00f5tule.<\/p>\n\n\n\n<p><strong>Vastuv\u00f5tule registreerimine numbril 731 9100<\/strong>&nbsp;v\u00f5i kohapeal registratuuris (avatud E-R 7:30-19:00). <\/p>\n\n\n\n<p>Jalgade koormusjaotuse anal\u00fc\u00fcsile registreerimine 731 9226.<\/p>\n\n\n\n<p><strong>Tasulised vastuv\u00f5tud Tallinnas: <\/strong>individuaalne f\u00fcsioteraapia, k\u00e4e f\u00fcsioteraapia, vaagnap\u00f5hja f\u00fcsioteraapia. Vastuv\u00f5tule registreerimine <strong>731 9233.<\/strong><\/p>\n\n\n\n<p><strong>Kontakt:<\/strong><\/p>\n\n\n\n<p>Info tel: 731 9133 v\u00f5i&nbsp;<a href=\"mailto:taastusravi@kliinikum.ee\">taastusravi@kliinikum.ee<\/a>&nbsp;<\/p>\n\n\n\n<p>Basseinikompleksi administraator: 731 9133<\/p>\n\n\n\n<p>Osakonnajuhataja: T\u00f5nis Mandel 731 9445,&nbsp;<a href=\"mailto:tonis.mandel@kliinikum.ee\">tonis.mandel@kliinikum.ee<\/a>&nbsp; <\/p>\n\n\n\n<p>\u00d5endusjuht: Katrin Viik 731 9236&nbsp;<a href=\"mailto:katrin.viik@kliinikum.ee\">katrin.viik@kliinikum.ee<\/a><\/p>\n\n\n\n<p><\/p>\n\n\n\n<div class=\"wp-block-columns is-layout-flex wp-container-core-columns-is-layout-28f84493 wp-block-columns-is-layout-flex\">\n<div class=\"wp-block-column is-layout-flow wp-block-column-is-layout-flow\">\n<figure class=\"wp-block-image size-large\"><img loading=\"lazy\" decoding=\"async\" width=\"1024\" height=\"683\" src=\"https:\/\/www.kliinikum.ee\/taastusravi\/wp-content\/uploads\/2023\/10\/IMG_8263-2-1024x683.jpg\" alt=\"\" class=\"wp-image-6603\" srcset=\"https:\/\/www.kliinikum.ee\/taastusravi\/wp-content\/uploads\/2023\/10\/IMG_8263-2-1024x683.jpg 1024w, https:\/\/www.kliinikum.ee\/taastusravi\/wp-content\/uploads\/2023\/10\/IMG_8263-2-300x200.jpg 300w, https:\/\/www.kliinikum.ee\/taastusravi\/wp-content\/uploads\/2023\/10\/IMG_8263-2-768x512.jpg 768w, https:\/\/www.kliinikum.ee\/taastusravi\/wp-content\/uploads\/2023\/10\/IMG_8263-2-1536x1024.jpg 1536w, https:\/\/www.kliinikum.ee\/taastusravi\/wp-content\/uploads\/2023\/10\/IMG_8263-2-2048x1365.jpg 2048w, https:\/\/www.kliinikum.ee\/taastusravi\/wp-content\/uploads\/2023\/10\/IMG_8263-2-scaled.jpg 2560w\" sizes=\"auto, (max-width: 1024px) 100vw, 1024px\" \/><\/figure>\n<\/div>\n\n\n\n<div class=\"wp-block-column is-layout-flow wp-block-column-is-layout-flow\">\n<figure class=\"wp-block-image size-large\"><img loading=\"lazy\" decoding=\"async\" width=\"1024\" height=\"683\" src=\"https:\/\/www.kliinikum.ee\/taastusravi\/wp-content\/uploads\/2023\/10\/IMG_8285-2-1024x683.jpg\" alt=\"\" class=\"wp-image-6605\" srcset=\"https:\/\/www.kliinikum.ee\/taastusravi\/wp-content\/uploads\/2023\/10\/IMG_8285-2-1024x683.jpg 1024w, https:\/\/www.kliinikum.ee\/taastusravi\/wp-content\/uploads\/2023\/10\/IMG_8285-2-300x200.jpg 300w, https:\/\/www.kliinikum.ee\/taastusravi\/wp-content\/uploads\/2023\/10\/IMG_8285-2-768x512.jpg 768w, https:\/\/www.kliinikum.ee\/taastusravi\/wp-content\/uploads\/2023\/10\/IMG_8285-2-1536x1024.jpg 1536w, https:\/\/www.kliinikum.ee\/taastusravi\/wp-content\/uploads\/2023\/10\/IMG_8285-2-2048x1365.jpg 2048w, https:\/\/www.kliinikum.ee\/taastusravi\/wp-content\/uploads\/2023\/10\/IMG_8285-2-scaled.jpg 2560w\" sizes=\"auto, (max-width: 1024px) 100vw, 1024px\" \/><\/figure>\n<\/div>\n<\/div>\n\n\n\n<div class=\"wp-block-columns is-layout-flex wp-container-core-columns-is-layout-28f84493 wp-block-columns-is-layout-flex\">\n<div class=\"wp-block-column is-layout-flow wp-block-column-is-layout-flow\">\n<figure class=\"wp-block-image size-large\"><img loading=\"lazy\" decoding=\"async\" width=\"1024\" height=\"683\" src=\"https:\/\/www.kliinikum.ee\/taastusravi\/wp-content\/uploads\/2023\/10\/IMG_8214-1-1024x683.jpg\" alt=\"\" class=\"wp-image-6608\" srcset=\"https:\/\/www.kliinikum.ee\/taastusravi\/wp-content\/uploads\/2023\/10\/IMG_8214-1-1024x683.jpg 1024w, https:\/\/www.kliinikum.ee\/taastusravi\/wp-content\/uploads\/2023\/10\/IMG_8214-1-300x200.jpg 300w, https:\/\/www.kliinikum.ee\/taastusravi\/wp-content\/uploads\/2023\/10\/IMG_8214-1-768x512.jpg 768w, https:\/\/www.kliinikum.ee\/taastusravi\/wp-content\/uploads\/2023\/10\/IMG_8214-1-1536x1024.jpg 1536w, https:\/\/www.kliinikum.ee\/taastusravi\/wp-content\/uploads\/2023\/10\/IMG_8214-1-2048x1365.jpg 2048w, https:\/\/www.kliinikum.ee\/taastusravi\/wp-content\/uploads\/2023\/10\/IMG_8214-1-scaled.jpg 2560w\" sizes=\"auto, (max-width: 1024px) 100vw, 1024px\" \/><\/figure>\n<\/div>\n\n\n\n<div class=\"wp-block-column is-layout-flow wp-block-column-is-layout-flow\">\n<figure class=\"wp-block-image size-large\"><img loading=\"lazy\" decoding=\"async\" width=\"1024\" height=\"683\" src=\"https:\/\/www.kliinikum.ee\/taastusravi\/wp-content\/uploads\/2023\/10\/IMG_8195-2-1024x683.jpg\" alt=\"\" class=\"wp-image-6610\" srcset=\"https:\/\/www.kliinikum.ee\/taastusravi\/wp-content\/uploads\/2023\/10\/IMG_8195-2-1024x683.jpg 1024w, https:\/\/www.kliinikum.ee\/taastusravi\/wp-content\/uploads\/2023\/10\/IMG_8195-2-300x200.jpg 300w, https:\/\/www.kliinikum.ee\/taastusravi\/wp-content\/uploads\/2023\/10\/IMG_8195-2-768x512.jpg 768w, https:\/\/www.kliinikum.ee\/taastusravi\/wp-content\/uploads\/2023\/10\/IMG_8195-2-1536x1024.jpg 1536w, https:\/\/www.kliinikum.ee\/taastusravi\/wp-content\/uploads\/2023\/10\/IMG_8195-2-2048x1365.jpg 2048w, https:\/\/www.kliinikum.ee\/taastusravi\/wp-content\/uploads\/2023\/10\/IMG_8195-2-scaled.jpg 2560w\" sizes=\"auto, (max-width: 1024px) 100vw, 1024px\" \/><\/figure>\n<\/div>\n<\/div>\n","protected":false},"excerpt":{"rendered":"<p>Asukoht: L. Puusepa 1a (Maarjam\u00f5isa Polikliinik), TartuSepapaja 12\/1 (Tervisemaja 2, 5. korrus), Tallinn Pakume ambulatoorse taastusravi teenust Eesti Tervisekassa kindlustust omavatele patsientidele perearsti v\u00f5i eriarsti saatekirjaga. Ilma saatekirjata on v\u00f5imalik p\u00f6\u00f6rduda taastusraviarsti v\u00f5i f\u00fcsioterapeudi tasulisele vastuv\u00f5tule. Vastuv\u00f5tule registreerimine numbril 731 9100&nbsp;v\u00f5i kohapeal registratuuris (avatud E-R 7:30-19:00). Jalgade koormusjaotuse anal\u00fc\u00fcsile registreerimine 731 9226. Tasulised vastuv\u00f5tud Tallinnas: [&hellip;]<\/p>\n","protected":false},"author":32,"featured_media":0,"parent":17,"menu_order":3,"comment_status":"closed","ping_status":"closed","template":"","meta":{"_acf_changed":false,"_uag_custom_page_level_css":"","footnotes":""},"class_list":["post-6385","page","type-page","status-publish","hentry"],"acf":[],"yoast_head":"<!-- This site is optimized with the Yoast SEO plugin v27.3 - https:\/\/yoast.com\/product\/yoast-seo-wordpress\/ -->\n<title>Ambulatoorse taastusravi osakond - Spordimeditsiini ja taastusravi kliinik<\/title>\n<meta name=\"robots\" content=\"index, follow, max-snippet:-1, max-image-preview:large, max-video-preview:-1\" \/>\n<link rel=\"canonical\" href=\"https:\/\/www.kliinikum.ee\/taastusravi\/kliinikust\/ambulatoorse-taastusravi-osakond\/\" \/>\n<meta property=\"og:locale\" content=\"et_EE\" \/>\n<meta property=\"og:type\" content=\"article\" \/>\n<meta property=\"og:title\" content=\"Ambulatoorse taastusravi osakond - Spordimeditsiini ja taastusravi kliinik\" \/>\n<meta property=\"og:description\" content=\"Asukoht: L. Puusepa 1a (Maarjam\u00f5isa Polikliinik), TartuSepapaja 12\/1 (Tervisemaja 2, 5. korrus), Tallinn Pakume ambulatoorse taastusravi teenust Eesti Tervisekassa kindlustust omavatele patsientidele perearsti v\u00f5i eriarsti saatekirjaga. Ilma saatekirjata on v\u00f5imalik p\u00f6\u00f6rduda taastusraviarsti v\u00f5i f\u00fcsioterapeudi tasulisele vastuv\u00f5tule. Vastuv\u00f5tule registreerimine numbril 731 9100&nbsp;v\u00f5i kohapeal registratuuris (avatud E-R 7:30-19:00). Jalgade koormusjaotuse anal\u00fc\u00fcsile registreerimine 731 9226. Tasulised vastuv\u00f5tud Tallinnas: [&hellip;]\" \/>\n<meta property=\"og:url\" content=\"https:\/\/www.kliinikum.ee\/taastusravi\/kliinikust\/ambulatoorse-taastusravi-osakond\/\" \/>\n<meta property=\"og:site_name\" content=\"Spordimeditsiini ja taastusravi kliinik\" \/>\n<meta property=\"article:modified_time\" content=\"2026-04-28T08:49:00+00:00\" \/>\n<meta property=\"og:image\" content=\"https:\/\/www.kliinikum.ee\/taastusravi\/wp-content\/uploads\/2023\/10\/IMG_8263-2-scaled.jpg\" \/>\n\t<meta property=\"og:image:width\" content=\"2560\" \/>\n\t<meta property=\"og:image:height\" content=\"1706\" \/>\n\t<meta property=\"og:image:type\" content=\"image\/jpeg\" \/>\n<meta name=\"twitter:card\" content=\"summary_large_image\" \/>\n<meta name=\"twitter:label1\" content=\"Est. reading time\" \/>\n\t<meta name=\"twitter:data1\" content=\"2 minutit\" \/>\n<script type=\"application\/ld+json\" class=\"yoast-schema-graph\">{\"@context\":\"https:\\\/\\\/schema.org\",\"@graph\":[{\"@type\":\"WebPage\",\"@id\":\"https:\\\/\\\/www.kliinikum.ee\\\/taastusravi\\\/kliinikust\\\/ambulatoorse-taastusravi-osakond\\\/\",\"url\":\"https:\\\/\\\/www.kliinikum.ee\\\/taastusravi\\\/kliinikust\\\/ambulatoorse-taastusravi-osakond\\\/\",\"name\":\"Ambulatoorse taastusravi osakond - Spordimeditsiini ja taastusravi kliinik\",\"isPartOf\":{\"@id\":\"https:\\\/\\\/www.kliinikum.ee\\\/taastusravi\\\/#website\"},\"primaryImageOfPage\":{\"@id\":\"https:\\\/\\\/www.kliinikum.ee\\\/taastusravi\\\/kliinikust\\\/ambulatoorse-taastusravi-osakond\\\/#primaryimage\"},\"image\":{\"@id\":\"https:\\\/\\\/www.kliinikum.ee\\\/taastusravi\\\/kliinikust\\\/ambulatoorse-taastusravi-osakond\\\/#primaryimage\"},\"thumbnailUrl\":\"https:\\\/\\\/www.kliinikum.ee\\\/taastusravi\\\/wp-content\\\/uploads\\\/2023\\\/10\\\/IMG_8263-2-1024x683.jpg\",\"datePublished\":\"2023-04-25T12:04:01+00:00\",\"dateModified\":\"2026-04-28T08:49:00+00:00\",\"breadcrumb\":{\"@id\":\"https:\\\/\\\/www.kliinikum.ee\\\/taastusravi\\\/kliinikust\\\/ambulatoorse-taastusravi-osakond\\\/#breadcrumb\"},\"inLanguage\":\"et\",\"potentialAction\":[{\"@type\":\"ReadAction\",\"target\":[\"https:\\\/\\\/www.kliinikum.ee\\\/taastusravi\\\/kliinikust\\\/ambulatoorse-taastusravi-osakond\\\/\"]}]},{\"@type\":\"ImageObject\",\"inLanguage\":\"et\",\"@id\":\"https:\\\/\\\/www.kliinikum.ee\\\/taastusravi\\\/kliinikust\\\/ambulatoorse-taastusravi-osakond\\\/#primaryimage\",\"url\":\"https:\\\/\\\/www.kliinikum.ee\\\/taastusravi\\\/wp-content\\\/uploads\\\/2023\\\/10\\\/IMG_8263-2-scaled.jpg\",\"contentUrl\":\"https:\\\/\\\/www.kliinikum.ee\\\/taastusravi\\\/wp-content\\\/uploads\\\/2023\\\/10\\\/IMG_8263-2-scaled.jpg\",\"width\":2560,\"height\":1706},{\"@type\":\"BreadcrumbList\",\"@id\":\"https:\\\/\\\/www.kliinikum.ee\\\/taastusravi\\\/kliinikust\\\/ambulatoorse-taastusravi-osakond\\\/#breadcrumb\",\"itemListElement\":[{\"@type\":\"ListItem\",\"position\":1,\"name\":\"Home\",\"item\":\"https:\\\/\\\/www.kliinikum.ee\\\/taastusravi\\\/\"},{\"@type\":\"ListItem\",\"position\":2,\"name\":\"Osakonnad\",\"item\":\"https:\\\/\\\/www.kliinikum.ee\\\/taastusravi\\\/kliinikust\\\/\"},{\"@type\":\"ListItem\",\"position\":3,\"name\":\"Ambulatoorse taastusravi osakond\"}]},{\"@type\":\"WebSite\",\"@id\":\"https:\\\/\\\/www.kliinikum.ee\\\/taastusravi\\\/#website\",\"url\":\"https:\\\/\\\/www.kliinikum.ee\\\/taastusravi\\\/\",\"name\":\"Spordimeditsiini ja taastusravi kliinik\",\"description\":\"Hoolivus, Uuendusmeelsus, P\u00e4devus ja Usaldusv\u00e4\u00e4rsus\",\"potentialAction\":[{\"@type\":\"SearchAction\",\"target\":{\"@type\":\"EntryPoint\",\"urlTemplate\":\"https:\\\/\\\/www.kliinikum.ee\\\/taastusravi\\\/?s={search_term_string}\"},\"query-input\":{\"@type\":\"PropertyValueSpecification\",\"valueRequired\":true,\"valueName\":\"search_term_string\"}}],\"inLanguage\":\"et\"}]}<\/script>\n<!-- \/ Yoast SEO plugin. -->","yoast_head_json":{"title":"Ambulatoorse taastusravi osakond - Spordimeditsiini ja taastusravi kliinik","robots":{"index":"index","follow":"follow","max-snippet":"max-snippet:-1","max-image-preview":"max-image-preview:large","max-video-preview":"max-video-preview:-1"},"canonical":"https:\/\/www.kliinikum.ee\/taastusravi\/kliinikust\/ambulatoorse-taastusravi-osakond\/","og_locale":"et_EE","og_type":"article","og_title":"Ambulatoorse taastusravi osakond - Spordimeditsiini ja taastusravi kliinik","og_description":"Asukoht: L. Puusepa 1a (Maarjam\u00f5isa Polikliinik), TartuSepapaja 12\/1 (Tervisemaja 2, 5. korrus), Tallinn Pakume ambulatoorse taastusravi teenust Eesti Tervisekassa kindlustust omavatele patsientidele perearsti v\u00f5i eriarsti saatekirjaga. Ilma saatekirjata on v\u00f5imalik p\u00f6\u00f6rduda taastusraviarsti v\u00f5i f\u00fcsioterapeudi tasulisele vastuv\u00f5tule. Vastuv\u00f5tule registreerimine numbril 731 9100&nbsp;v\u00f5i kohapeal registratuuris (avatud E-R 7:30-19:00). Jalgade koormusjaotuse anal\u00fc\u00fcsile registreerimine 731 9226. Tasulised vastuv\u00f5tud Tallinnas: [&hellip;]","og_url":"https:\/\/www.kliinikum.ee\/taastusravi\/kliinikust\/ambulatoorse-taastusravi-osakond\/","og_site_name":"Spordimeditsiini ja taastusravi kliinik","article_modified_time":"2026-04-28T08:49:00+00:00","og_image":[{"width":2560,"height":1706,"url":"https:\/\/www.kliinikum.ee\/taastusravi\/wp-content\/uploads\/2023\/10\/IMG_8263-2-scaled.jpg","type":"image\/jpeg"}],"twitter_card":"summary_large_image","twitter_misc":{"Est. reading time":"2 minutit"},"schema":{"@context":"https:\/\/schema.org","@graph":[{"@type":"WebPage","@id":"https:\/\/www.kliinikum.ee\/taastusravi\/kliinikust\/ambulatoorse-taastusravi-osakond\/","url":"https:\/\/www.kliinikum.ee\/taastusravi\/kliinikust\/ambulatoorse-taastusravi-osakond\/","name":"Ambulatoorse taastusravi osakond - Spordimeditsiini ja taastusravi kliinik","isPartOf":{"@id":"https:\/\/www.kliinikum.ee\/taastusravi\/#website"},"primaryImageOfPage":{"@id":"https:\/\/www.kliinikum.ee\/taastusravi\/kliinikust\/ambulatoorse-taastusravi-osakond\/#primaryimage"},"image":{"@id":"https:\/\/www.kliinikum.ee\/taastusravi\/kliinikust\/ambulatoorse-taastusravi-osakond\/#primaryimage"},"thumbnailUrl":"https:\/\/www.kliinikum.ee\/taastusravi\/wp-content\/uploads\/2023\/10\/IMG_8263-2-1024x683.jpg","datePublished":"2023-04-25T12:04:01+00:00","dateModified":"2026-04-28T08:49:00+00:00","breadcrumb":{"@id":"https:\/\/www.kliinikum.ee\/taastusravi\/kliinikust\/ambulatoorse-taastusravi-osakond\/#breadcrumb"},"inLanguage":"et","potentialAction":[{"@type":"ReadAction","target":["https:\/\/www.kliinikum.ee\/taastusravi\/kliinikust\/ambulatoorse-taastusravi-osakond\/"]}]},{"@type":"ImageObject","inLanguage":"et","@id":"https:\/\/www.kliinikum.ee\/taastusravi\/kliinikust\/ambulatoorse-taastusravi-osakond\/#primaryimage","url":"https:\/\/www.kliinikum.ee\/taastusravi\/wp-content\/uploads\/2023\/10\/IMG_8263-2-scaled.jpg","contentUrl":"https:\/\/www.kliinikum.ee\/taastusravi\/wp-content\/uploads\/2023\/10\/IMG_8263-2-scaled.jpg","width":2560,"height":1706},{"@type":"BreadcrumbList","@id":"https:\/\/www.kliinikum.ee\/taastusravi\/kliinikust\/ambulatoorse-taastusravi-osakond\/#breadcrumb","itemListElement":[{"@type":"ListItem","position":1,"name":"Home","item":"https:\/\/www.kliinikum.ee\/taastusravi\/"},{"@type":"ListItem","position":2,"name":"Osakonnad","item":"https:\/\/www.kliinikum.ee\/taastusravi\/kliinikust\/"},{"@type":"ListItem","position":3,"name":"Ambulatoorse taastusravi osakond"}]},{"@type":"WebSite","@id":"https:\/\/www.kliinikum.ee\/taastusravi\/#website","url":"https:\/\/www.kliinikum.ee\/taastusravi\/","name":"Spordimeditsiini ja taastusravi kliinik","description":"Hoolivus, Uuendusmeelsus, P\u00e4devus ja Usaldusv\u00e4\u00e4rsus","potentialAction":[{"@type":"SearchAction","target":{"@type":"EntryPoint","urlTemplate":"https:\/\/www.kliinikum.ee\/taastusravi\/?s={search_term_string}"},"query-input":{"@type":"PropertyValueSpecification","valueRequired":true,"valueName":"search_term_string"}}],"inLanguage":"et"}]}},"uagb_featured_image_src":{"full":false,"thumbnail":false,"medium":false,"medium_large":false,"large":false,"1536x1536":false,"2048x2048":false},"uagb_author_info":{"display_name":"Jane Freimann","author_link":"https:\/\/www.kliinikum.ee\/taastusravi\/author\/janef\/"},"uagb_comment_info":0,"uagb_excerpt":"Asukoht: L. Puusepa 1a (Maarjam\u00f5isa Polikliinik), TartuSepapaja 12\/1 (Tervisemaja 2, 5. korrus), Tallinn Pakume ambulatoorse taastusravi teenust Eesti Tervisekassa kindlustust omavatele patsientidele perearsti v\u00f5i eriarsti saatekirjaga. Ilma saatekirjata on v\u00f5imalik p\u00f6\u00f6rduda taastusraviarsti v\u00f5i f\u00fcsioterapeudi tasulisele vastuv\u00f5tule. Vastuv\u00f5tule registreerimine numbril 731 9100&nbsp;v\u00f5i kohapeal registratuuris (avatud E-R 7:30-19:00). Jalgade koormusjaotuse anal\u00fc\u00fcsile registreerimine 731 9226. Tasulised vastuv\u00f5tud Tallinnas:&hellip;","_links":{"self":[{"href":"https:\/\/www.kliinikum.ee\/taastusravi\/wp-json\/wp\/v2\/pages\/6385","targetHints":{"allow":["GET"]}}],"collection":[{"href":"https:\/\/www.kliinikum.ee\/taastusravi\/wp-json\/wp\/v2\/pages"}],"about":[{"href":"https:\/\/www.kliinikum.ee\/taastusravi\/wp-json\/wp\/v2\/types\/page"}],"author":[{"embeddable":true,"href":"https:\/\/www.kliinikum.ee\/taastusravi\/wp-json\/wp\/v2\/users\/32"}],"replies":[{"embeddable":true,"href":"https:\/\/www.kliinikum.ee\/taastusravi\/wp-json\/wp\/v2\/comments?post=6385"}],"version-history":[{"count":2,"href":"https:\/\/www.kliinikum.ee\/taastusravi\/wp-json\/wp\/v2\/pages\/6385\/revisions"}],"predecessor-version":[{"id":8446,"href":"https:\/\/www.kliinikum.ee\/taastusravi\/wp-json\/wp\/v2\/pages\/6385\/revisions\/8446"}],"up":[{"embeddable":true,"href":"https:\/\/www.kliinikum.ee\/taastusravi\/wp-json\/wp\/v2\/pages\/17"}],"wp:attachment":[{"href":"https:\/\/www.kliinikum.ee\/taastusravi\/wp-json\/wp\/v2\/media?parent=6385"}],"curies":[{"name":"wp","href":"https:\/\/api.w.org\/{rel}","templated":true}]}}