{"id":6387,"date":"2023-04-25T14:05:37","date_gmt":"2023-04-25T12:05:37","guid":{"rendered":"https:\/\/www.kliinikum.ee\/taastusravi\/?page_id=6387"},"modified":"2026-04-28T10:50:33","modified_gmt":"2026-04-28T08:50:33","slug":"kone-ja-neelamishairete-taastusravi-keskus","status":"publish","type":"page","link":"https:\/\/www.kliinikum.ee\/taastusravi\/kliinikust\/kone-ja-neelamishairete-taastusravi-keskus\/","title":{"rendered":"K\u00f5ne- ja neelamish\u00e4irete taastusravi keskus"},"content":{"rendered":"\n<p><strong>Asukoht:<\/strong><br><br>Riia 167 (2. korrus, B korpus), Tartu<\/p>\n\n\n\n<div class=\"wp-block-group has-global-padding\"><div class=\"wp-block-group__inner-container is-layout-constrained wp-block-group-is-layout-constrained\">\n<div class=\"wp-block-group has-global-padding\"><div class=\"wp-block-group__inner-container is-layout-constrained wp-block-group-is-layout-constrained\">\n<p><strong>Probleemid, millega p\u00f6\u00f6rduda:<\/strong><\/p>\n\n\n\n<ul class=\"wp-block-list\">\n<li>neelamish\u00e4ire, <\/li>\n\n\n\n<li>h\u00e4\u00e4leh\u00e4ire, <\/li>\n\n\n\n<li>k\u00f5neraskused (haigusest tulenev v\u00f5i arenguline mahaj\u00e4\u00e4mus),<\/li>\n\n\n\n<li>m\u00fcofunktsionaalsed h\u00e4ired (suuhingamine, vale keeleasend),<\/li>\n\n\n\n<li>n\u00e4o v\u00f5i kaelapiirkonna lihaste v\u00f5i n\u00e4rvide d\u00fcsfunktsioonid.<\/li>\n<\/ul>\n<\/div><\/div>\n<\/div><\/div>\n\n\n\n<p>Kontaktid:<\/p>\n\n\n\n<p><strong>Keskuse juht:<\/strong> Lagle Lehes: 7318976, 5331 9062 <a href=\"mailto:Lagle.Lehes@kliinikum.ee\">Lagle.Lehes@kliinikum.ee<\/a><\/p>\n\n\n\n<p><strong>F\u00fcsioterapeudid<\/strong>:<br>Johanna Traks: 731 9153, 53 319 153 <a href=\"mailto:Johanna.Traks@kliinikum.ee\">Johanna.Traks@kliinikum.ee<\/a><br>Katre Laanelepp: 731&nbsp;8984 <a href=\"mailto:Katre.Laanelepp@kliinikum.ee\">Katre.Laanelepp@kliinikum.ee<\/a> <\/p>\n\n\n\n<p><\/p>\n\n\n\n<p><strong>Logopeedid:<\/strong><br>Lagle Lehes: 7318976, 5331 9062 <a href=\"mailto:Lagle.Lehes@kliinikum.ee\">Lagle.Lehes@kliinikum.ee<\/a><br>Evely Babenko: 731 8985 (E,T,K) <a href=\"mailto:Evely.Babenko@kliinikum.ee\">Evely.Babenko@kliinikum.ee<\/a><br>Mari Kabel : 731 8979 (E, T, K) <a href=\"mailto:Mari.Kabel@kliinikum.ee\">Mari.Kabel@kliinikum.ee<\/a><\/p>\n\n\n\n<p><strong>Vastuv\u00f5tule registreerimine<\/strong>&nbsp;731 9100<\/p>\n\n\n\n<p><strong>Keskusesse suunamiseks peab olema kas eriarsti- v\u00f5i perearsti poolt antud&nbsp;saatekiri vastuv\u00f5tule!&nbsp;<\/strong><\/p>\n\n\n\n<p><\/p>\n","protected":false},"excerpt":{"rendered":"<p>Asukoht: Riia 167 (2. korrus, B korpus), Tartu Probleemid, millega p\u00f6\u00f6rduda: Kontaktid: Keskuse juht: Lagle Lehes: 7318976, 5331 9062 Lagle.Lehes@kliinikum.ee F\u00fcsioterapeudid:Johanna Traks: 731 9153, 53 319 153 Johanna.Traks@kliinikum.eeKatre Laanelepp: 731&nbsp;8984 Katre.Laanelepp@kliinikum.ee Logopeedid:Lagle Lehes: 7318976, 5331 9062 Lagle.Lehes@kliinikum.eeEvely Babenko: 731 8985 (E,T,K) Evely.Babenko@kliinikum.eeMari Kabel : 731 8979 (E, T, K) Mari.Kabel@kliinikum.ee Vastuv\u00f5tule registreerimine&nbsp;731 9100 Keskusesse suunamiseks [&hellip;]<\/p>\n","protected":false},"author":32,"featured_media":0,"parent":17,"menu_order":4,"comment_status":"closed","ping_status":"closed","template":"","meta":{"_acf_changed":false,"_uag_custom_page_level_css":"","footnotes":""},"class_list":["post-6387","page","type-page","status-publish","hentry"],"acf":[],"yoast_head":"<!-- This site is optimized with the Yoast SEO plugin v27.5 - https:\/\/yoast.com\/product\/yoast-seo-wordpress\/ -->\n<title>K\u00f5ne- ja neelamish\u00e4irete taastusravi keskus - Spordimeditsiini ja taastusravi kliinik<\/title>\n<meta name=\"robots\" content=\"index, follow, max-snippet:-1, max-image-preview:large, max-video-preview:-1\" \/>\n<link rel=\"canonical\" href=\"https:\/\/www.kliinikum.ee\/taastusravi\/kliinikust\/kone-ja-neelamishairete-taastusravi-keskus\/\" \/>\n<meta property=\"og:locale\" content=\"et_EE\" \/>\n<meta property=\"og:type\" content=\"article\" \/>\n<meta property=\"og:title\" content=\"K\u00f5ne- ja neelamish\u00e4irete taastusravi keskus - Spordimeditsiini ja taastusravi kliinik\" \/>\n<meta property=\"og:description\" content=\"Asukoht: Riia 167 (2. korrus, B korpus), Tartu Probleemid, millega p\u00f6\u00f6rduda: Kontaktid: Keskuse juht: Lagle Lehes: 7318976, 5331 9062 Lagle.Lehes@kliinikum.ee F\u00fcsioterapeudid:Johanna Traks: 731 9153, 53 319 153 Johanna.Traks@kliinikum.eeKatre Laanelepp: 731&nbsp;8984 Katre.Laanelepp@kliinikum.ee Logopeedid:Lagle Lehes: 7318976, 5331 9062 Lagle.Lehes@kliinikum.eeEvely Babenko: 731 8985 (E,T,K) Evely.Babenko@kliinikum.eeMari Kabel : 731 8979 (E, T, K) Mari.Kabel@kliinikum.ee Vastuv\u00f5tule registreerimine&nbsp;731 9100 Keskusesse suunamiseks [&hellip;]\" \/>\n<meta property=\"og:url\" content=\"https:\/\/www.kliinikum.ee\/taastusravi\/kliinikust\/kone-ja-neelamishairete-taastusravi-keskus\/\" \/>\n<meta property=\"og:site_name\" content=\"Spordimeditsiini ja taastusravi kliinik\" \/>\n<meta property=\"article:modified_time\" content=\"2026-04-28T08:50:33+00:00\" \/>\n<meta name=\"twitter:card\" content=\"summary_large_image\" \/>\n<meta name=\"twitter:label1\" content=\"Est. reading time\" \/>\n\t<meta name=\"twitter:data1\" content=\"1 minut\" \/>\n<script type=\"application\/ld+json\" class=\"yoast-schema-graph\">{\"@context\":\"https:\\\/\\\/schema.org\",\"@graph\":[{\"@type\":\"WebPage\",\"@id\":\"https:\\\/\\\/www.kliinikum.ee\\\/taastusravi\\\/kliinikust\\\/kone-ja-neelamishairete-taastusravi-keskus\\\/\",\"url\":\"https:\\\/\\\/www.kliinikum.ee\\\/taastusravi\\\/kliinikust\\\/kone-ja-neelamishairete-taastusravi-keskus\\\/\",\"name\":\"K\u00f5ne- ja neelamish\u00e4irete taastusravi keskus - Spordimeditsiini ja taastusravi kliinik\",\"isPartOf\":{\"@id\":\"https:\\\/\\\/www.kliinikum.ee\\\/taastusravi\\\/#website\"},\"datePublished\":\"2023-04-25T12:05:37+00:00\",\"dateModified\":\"2026-04-28T08:50:33+00:00\",\"breadcrumb\":{\"@id\":\"https:\\\/\\\/www.kliinikum.ee\\\/taastusravi\\\/kliinikust\\\/kone-ja-neelamishairete-taastusravi-keskus\\\/#breadcrumb\"},\"inLanguage\":\"et\",\"potentialAction\":[{\"@type\":\"ReadAction\",\"target\":[\"https:\\\/\\\/www.kliinikum.ee\\\/taastusravi\\\/kliinikust\\\/kone-ja-neelamishairete-taastusravi-keskus\\\/\"]}]},{\"@type\":\"BreadcrumbList\",\"@id\":\"https:\\\/\\\/www.kliinikum.ee\\\/taastusravi\\\/kliinikust\\\/kone-ja-neelamishairete-taastusravi-keskus\\\/#breadcrumb\",\"itemListElement\":[{\"@type\":\"ListItem\",\"position\":1,\"name\":\"Home\",\"item\":\"https:\\\/\\\/www.kliinikum.ee\\\/taastusravi\\\/\"},{\"@type\":\"ListItem\",\"position\":2,\"name\":\"Osakonnad\",\"item\":\"https:\\\/\\\/www.kliinikum.ee\\\/taastusravi\\\/kliinikust\\\/\"},{\"@type\":\"ListItem\",\"position\":3,\"name\":\"K\u00f5ne- ja neelamish\u00e4irete taastusravi keskus\"}]},{\"@type\":\"WebSite\",\"@id\":\"https:\\\/\\\/www.kliinikum.ee\\\/taastusravi\\\/#website\",\"url\":\"https:\\\/\\\/www.kliinikum.ee\\\/taastusravi\\\/\",\"name\":\"Spordimeditsiini ja taastusravi kliinik\",\"description\":\"Hoolivus, Uuendusmeelsus, P\u00e4devus ja Usaldusv\u00e4\u00e4rsus\",\"potentialAction\":[{\"@type\":\"SearchAction\",\"target\":{\"@type\":\"EntryPoint\",\"urlTemplate\":\"https:\\\/\\\/www.kliinikum.ee\\\/taastusravi\\\/?s={search_term_string}\"},\"query-input\":{\"@type\":\"PropertyValueSpecification\",\"valueRequired\":true,\"valueName\":\"search_term_string\"}}],\"inLanguage\":\"et\"}]}<\/script>\n<!-- \/ Yoast SEO plugin. -->","yoast_head_json":{"title":"K\u00f5ne- ja neelamish\u00e4irete taastusravi keskus - Spordimeditsiini ja taastusravi kliinik","robots":{"index":"index","follow":"follow","max-snippet":"max-snippet:-1","max-image-preview":"max-image-preview:large","max-video-preview":"max-video-preview:-1"},"canonical":"https:\/\/www.kliinikum.ee\/taastusravi\/kliinikust\/kone-ja-neelamishairete-taastusravi-keskus\/","og_locale":"et_EE","og_type":"article","og_title":"K\u00f5ne- ja neelamish\u00e4irete taastusravi keskus - Spordimeditsiini ja taastusravi kliinik","og_description":"Asukoht: Riia 167 (2. korrus, B korpus), Tartu Probleemid, millega p\u00f6\u00f6rduda: Kontaktid: Keskuse juht: Lagle Lehes: 7318976, 5331 9062 Lagle.Lehes@kliinikum.ee F\u00fcsioterapeudid:Johanna Traks: 731 9153, 53 319 153 Johanna.Traks@kliinikum.eeKatre Laanelepp: 731&nbsp;8984 Katre.Laanelepp@kliinikum.ee Logopeedid:Lagle Lehes: 7318976, 5331 9062 Lagle.Lehes@kliinikum.eeEvely Babenko: 731 8985 (E,T,K) Evely.Babenko@kliinikum.eeMari Kabel : 731 8979 (E, T, K) Mari.Kabel@kliinikum.ee Vastuv\u00f5tule registreerimine&nbsp;731 9100 Keskusesse suunamiseks [&hellip;]","og_url":"https:\/\/www.kliinikum.ee\/taastusravi\/kliinikust\/kone-ja-neelamishairete-taastusravi-keskus\/","og_site_name":"Spordimeditsiini ja taastusravi kliinik","article_modified_time":"2026-04-28T08:50:33+00:00","twitter_card":"summary_large_image","twitter_misc":{"Est. reading time":"1 minut"},"schema":{"@context":"https:\/\/schema.org","@graph":[{"@type":"WebPage","@id":"https:\/\/www.kliinikum.ee\/taastusravi\/kliinikust\/kone-ja-neelamishairete-taastusravi-keskus\/","url":"https:\/\/www.kliinikum.ee\/taastusravi\/kliinikust\/kone-ja-neelamishairete-taastusravi-keskus\/","name":"K\u00f5ne- ja neelamish\u00e4irete taastusravi keskus - Spordimeditsiini ja taastusravi kliinik","isPartOf":{"@id":"https:\/\/www.kliinikum.ee\/taastusravi\/#website"},"datePublished":"2023-04-25T12:05:37+00:00","dateModified":"2026-04-28T08:50:33+00:00","breadcrumb":{"@id":"https:\/\/www.kliinikum.ee\/taastusravi\/kliinikust\/kone-ja-neelamishairete-taastusravi-keskus\/#breadcrumb"},"inLanguage":"et","potentialAction":[{"@type":"ReadAction","target":["https:\/\/www.kliinikum.ee\/taastusravi\/kliinikust\/kone-ja-neelamishairete-taastusravi-keskus\/"]}]},{"@type":"BreadcrumbList","@id":"https:\/\/www.kliinikum.ee\/taastusravi\/kliinikust\/kone-ja-neelamishairete-taastusravi-keskus\/#breadcrumb","itemListElement":[{"@type":"ListItem","position":1,"name":"Home","item":"https:\/\/www.kliinikum.ee\/taastusravi\/"},{"@type":"ListItem","position":2,"name":"Osakonnad","item":"https:\/\/www.kliinikum.ee\/taastusravi\/kliinikust\/"},{"@type":"ListItem","position":3,"name":"K\u00f5ne- ja neelamish\u00e4irete taastusravi keskus"}]},{"@type":"WebSite","@id":"https:\/\/www.kliinikum.ee\/taastusravi\/#website","url":"https:\/\/www.kliinikum.ee\/taastusravi\/","name":"Spordimeditsiini ja taastusravi kliinik","description":"Hoolivus, Uuendusmeelsus, P\u00e4devus ja Usaldusv\u00e4\u00e4rsus","potentialAction":[{"@type":"SearchAction","target":{"@type":"EntryPoint","urlTemplate":"https:\/\/www.kliinikum.ee\/taastusravi\/?s={search_term_string}"},"query-input":{"@type":"PropertyValueSpecification","valueRequired":true,"valueName":"search_term_string"}}],"inLanguage":"et"}]}},"uagb_featured_image_src":{"full":false,"thumbnail":false,"medium":false,"medium_large":false,"large":false,"1536x1536":false,"2048x2048":false},"uagb_author_info":{"display_name":"Jane Freimann","author_link":"https:\/\/www.kliinikum.ee\/taastusravi\/author\/janef\/"},"uagb_comment_info":0,"uagb_excerpt":"Asukoht: Riia 167 (2. korrus, B korpus), Tartu Probleemid, millega p\u00f6\u00f6rduda: Kontaktid: Keskuse juht: Lagle Lehes: 7318976, 5331 9062 Lagle.Lehes@kliinikum.ee F\u00fcsioterapeudid:Johanna Traks: 731 9153, 53 319 153 Johanna.Traks@kliinikum.eeKatre Laanelepp: 731&nbsp;8984 Katre.Laanelepp@kliinikum.ee Logopeedid:Lagle Lehes: 7318976, 5331 9062 Lagle.Lehes@kliinikum.eeEvely Babenko: 731 8985 (E,T,K) Evely.Babenko@kliinikum.eeMari Kabel : 731 8979 (E, T, K) Mari.Kabel@kliinikum.ee Vastuv\u00f5tule registreerimine&nbsp;731 9100 Keskusesse suunamiseks&hellip;","_links":{"self":[{"href":"https:\/\/www.kliinikum.ee\/taastusravi\/wp-json\/wp\/v2\/pages\/6387","targetHints":{"allow":["GET"]}}],"collection":[{"href":"https:\/\/www.kliinikum.ee\/taastusravi\/wp-json\/wp\/v2\/pages"}],"about":[{"href":"https:\/\/www.kliinikum.ee\/taastusravi\/wp-json\/wp\/v2\/types\/page"}],"author":[{"embeddable":true,"href":"https:\/\/www.kliinikum.ee\/taastusravi\/wp-json\/wp\/v2\/users\/32"}],"replies":[{"embeddable":true,"href":"https:\/\/www.kliinikum.ee\/taastusravi\/wp-json\/wp\/v2\/comments?post=6387"}],"version-history":[{"count":0,"href":"https:\/\/www.kliinikum.ee\/taastusravi\/wp-json\/wp\/v2\/pages\/6387\/revisions"}],"up":[{"embeddable":true,"href":"https:\/\/www.kliinikum.ee\/taastusravi\/wp-json\/wp\/v2\/pages\/17"}],"wp:attachment":[{"href":"https:\/\/www.kliinikum.ee\/taastusravi\/wp-json\/wp\/v2\/media?parent=6387"}],"curies":[{"name":"wp","href":"https:\/\/api.w.org\/{rel}","templated":true}]}}