{"id":6389,"date":"2023-04-25T14:06:47","date_gmt":"2023-04-25T12:06:47","guid":{"rendered":"https:\/\/www.kliinikum.ee\/taastusravi\/?page_id=6389"},"modified":"2026-04-28T10:49:13","modified_gmt":"2026-04-28T08:49:13","slug":"palliatiivravi-osakond","status":"publish","type":"page","link":"https:\/\/www.kliinikum.ee\/taastusravi\/kliinikust\/palliatiivravi-osakond\/","title":{"rendered":"Palliatiivravi osakond"},"content":{"rendered":"\n<div class=\"wp-block-group has-global-padding\"><div class=\"wp-block-group__inner-container is-layout-constrained wp-block-group-is-layout-constrained\">\n<p><strong>Asukoht:<\/strong><br><br>L. Puusepa 6 (1. korrus), Tartu<br><\/p>\n\n\n\n<p>Palliatiivravi osakond on m\u00f5eldud t\u00e4iskasvanud patsiendile, kellel on diagnoositud progresseeruv elu ohustav ja elukvaliteeti halvendav haigus ning kelle seisund on halvenenud p\u00f5hihaiguse v\u00f5i kaasuva haiguse \u00e4genemise t\u00f5ttu. Palliatiivravi meeskond on valmis abistama patsienti kogu haiguse v\u00e4ltel alates diagnoosi saamisest kuni elu l\u00f5puni, pakkudes talle meditsiinilist, ps\u00fchholoogilist, sotsiaalset ja vaimset tuge ning n\u00f5ustades ka patsiendi l\u00e4hedast.<\/p>\n\n\n\n<p>Hospiits keskendub kaugelearenenud, raske haiguse all kannatava inimese ja tema l\u00e4hedase elukvaliteedile. V\u00f5imalikult t\u00e4isv\u00e4\u00e4rtuslikuks eluks pakub hospiits kaastundlikku hooldust, tagades patsiendile rahu, mugavuse ja v\u00e4\u00e4rikuse.<\/p>\n\n\n\n<p>Osakonnas on 41 voodikohta (15 palliatiivravi ja 26 hospiitsravi voodikohta).<strong>&nbsp;Ravile saab suunata patsienti nii Tartust kui ka teistest maakondadest kliinikumi siseselt ja eri- v\u00f5i perearsti saatekirjaga. Vajalik eelnev broneerimine aadressil:&nbsp;<a href=\"mailto:palliatiivravi@kliinikum.ee\">palliatiivravi@kliinikum.ee<\/a><\/strong><\/p>\n\n\n\n<p><strong><a href=\"https:\/\/www.kliinikum.ee\/taastusravi\/kliinikust\/palliatiivravi-osakond\/suunavale-raviarstile\/\">Eri- v\u00f5i perearsti suunamisel palliatiivravile v\u00f5i hospiitsi vajalik broneerimiseks saatekiri<\/a><\/strong><\/p>\n<\/div><\/div>\n\n\n\n<div class=\"wp-block-group has-global-padding\"><div class=\"wp-block-group__inner-container is-layout-constrained wp-block-group-is-layout-constrained\">\n<p><strong>Kontakt:<\/strong><\/p>\n\n\n\n<p>Osakonnajuht, arst-\u00f5ppej\u00f5ud: Jelena N\u00f5mmik 5321 7110&nbsp;<a href=\"mailto:jelena.nommik@kliinikum.ee\">jelena.nommik@kliinikum.ee<\/a> <br>\u00d5endusjuht: Liis Lang 53&nbsp;217 111&nbsp;<a href=\"mailto:liis.lang@kliinikum.ee\">liis.lang@kliinikum.ee<\/a>&nbsp;<br>\u00d5epost A valve\u00f5de: 731 7114<br>\u00d5epost B valve\u00f5de: 731 7117<br>\u00d5epost C valve\u00f5de 731 7118<br>Arstide tuba: 731 7112<br>\u00d5de-koordinaator: 731 7113; 5321 7113 (E-R 08:00-16:00)<\/p>\n\n\n\n<p><\/p>\n<\/div><\/div>\n\n\n\n<details class=\"wp-block-details is-layout-flow wp-block-details-is-layout-flow\"><summary><\/summary>\n<p><\/p>\n<\/details>\n\n\n\t\t\t\t\t<div\n\t\t\t\t\t\tclass=\"wp-block-uagb-image-gallery uagb-block-9a1493b8     \"\n\t\t\t\t\t\tstyle=\"\"\n\t\t\t\t\t>\n\t\t\t\t\t\t\t\t\t\t\t<div class=\"spectra-image-gallery spectra-image-gallery__layout--grid spectra-image-gallery__layout--grid-col-3 spectra-image-gallery__layout--grid-col-tab-3 spectra-image-gallery__layout--grid-col-mob-2\">\n\t\t\t\t\t\t\t\t\t\t\t<div class='spectra-image-gallery__media-wrapper' data-spectra-gallery-image-id='6668' tabindex=\"0\">\n\t\t\t\t\t\t\t<div class=\"spectra-image-gallery__media spectra-image-gallery__media--grid\">\n\t\t\t\t<picture>\n\t\t\t\t\t<source media=\"(min-width: 1024px)\" srcset=\"https:\/\/www.kliinikum.ee\/taastusravi\/wp-content\/uploads\/2023\/10\/Palliatiivravi-osakond_3-Tartu-Ulikooli-Kliinikum-1024x768.jpg\">\n\t\t\t\t\t<source media=\"(min-width: 768px)\" srcset=\"https:\/\/www.kliinikum.ee\/taastusravi\/wp-content\/uploads\/2023\/10\/Palliatiivravi-osakond_3-Tartu-Ulikooli-Kliinikum-1024x768.jpg\">\n\t\t\t\t\t<img decoding=\"async\" class=\"spectra-image-gallery__media-thumbnail spectra-image-gallery__media-thumbnail--grid\" src=\"https:\/\/www.kliinikum.ee\/taastusravi\/wp-content\/uploads\/2023\/10\/Palliatiivravi-osakond_3-Tartu-Ulikooli-Kliinikum-300x225.jpg\" alt=\"\" loading=\"lazy\" \/>\n\t\t\t\t<\/picture>\n\t\t\t\t<div class=\"spectra-image-gallery__media-thumbnail-blurrer\"><\/div>\n\t\t\t\t\t\t\t\t\t\t\t<div class=\"spectra-image-gallery__media-thumbnail-caption-wrapper spectra-image-gallery__media-thumbnail-caption-wrapper--overlay\">\n\t\t\t\t\t\t\t\t\t\t\t<div class=\"spectra-image-gallery__media-thumbnail-caption spectra-image-gallery__media-thumbnail-caption--overlay\">\n\t\t\t\t\tNo Caption\t\t\t\t<\/div>\n\t\t\t\t\t\t\t\t\t\t<\/div>\n\t\t\t\t\t\t\t\t\t<\/div>\n\t\t\t\t\t\t<\/div>\n\t\t\t\t\t\t<div class='spectra-image-gallery__media-wrapper' data-spectra-gallery-image-id='7971' tabindex=\"0\">\n\t\t\t\t\t\t\t<div class=\"spectra-image-gallery__media spectra-image-gallery__media--grid\">\n\t\t\t\t<picture>\n\t\t\t\t\t<source media=\"(min-width: 1024px)\" srcset=\"https:\/\/www.kliinikum.ee\/taastusravi\/wp-content\/uploads\/2025\/06\/A7306147-683x1024.jpg\">\n\t\t\t\t\t<source media=\"(min-width: 768px)\" srcset=\"https:\/\/www.kliinikum.ee\/taastusravi\/wp-content\/uploads\/2025\/06\/A7306147-683x1024.jpg\">\n\t\t\t\t\t<img decoding=\"async\" class=\"spectra-image-gallery__media-thumbnail spectra-image-gallery__media-thumbnail--grid\" src=\"https:\/\/www.kliinikum.ee\/taastusravi\/wp-content\/uploads\/2025\/06\/A7306147-200x300.jpg\" alt=\"\" loading=\"lazy\" \/>\n\t\t\t\t<\/picture>\n\t\t\t\t<div class=\"spectra-image-gallery__media-thumbnail-blurrer\"><\/div>\n\t\t\t\t\t\t\t\t\t\t\t<div class=\"spectra-image-gallery__media-thumbnail-caption-wrapper spectra-image-gallery__media-thumbnail-caption-wrapper--overlay\">\n\t\t\t\t\t\t\t\t\t\t\t<div class=\"spectra-image-gallery__media-thumbnail-caption spectra-image-gallery__media-thumbnail-caption--overlay\">\n\t\t\t\t\tNo Caption\t\t\t\t<\/div>\n\t\t\t\t\t\t\t\t\t\t<\/div>\n\t\t\t\t\t\t\t\t\t<\/div>\n\t\t\t\t\t\t<\/div>\n\t\t\t\t\t\t<div class='spectra-image-gallery__media-wrapper' data-spectra-gallery-image-id='7973' tabindex=\"0\">\n\t\t\t\t\t\t\t<div class=\"spectra-image-gallery__media spectra-image-gallery__media--grid\">\n\t\t\t\t<picture>\n\t\t\t\t\t<source media=\"(min-width: 1024px)\" srcset=\"https:\/\/www.kliinikum.ee\/taastusravi\/wp-content\/uploads\/2025\/06\/IMG_1164.jpeg\">\n\t\t\t\t\t<source media=\"(min-width: 768px)\" srcset=\"https:\/\/www.kliinikum.ee\/taastusravi\/wp-content\/uploads\/2025\/06\/IMG_1164.jpeg\">\n\t\t\t\t\t<img decoding=\"async\" class=\"spectra-image-gallery__media-thumbnail spectra-image-gallery__media-thumbnail--grid\" src=\"https:\/\/www.kliinikum.ee\/taastusravi\/wp-content\/uploads\/2025\/06\/IMG_1164-225x300.jpeg\" alt=\"\" loading=\"lazy\" \/>\n\t\t\t\t<\/picture>\n\t\t\t\t<div class=\"spectra-image-gallery__media-thumbnail-blurrer\"><\/div>\n\t\t\t\t\t\t\t\t\t\t\t<div class=\"spectra-image-gallery__media-thumbnail-caption-wrapper spectra-image-gallery__media-thumbnail-caption-wrapper--overlay\">\n\t\t\t\t\t\t\t\t\t\t\t<div class=\"spectra-image-gallery__media-thumbnail-caption spectra-image-gallery__media-thumbnail-caption--overlay\">\n\t\t\t\t\tNo Caption\t\t\t\t<\/div>\n\t\t\t\t\t\t\t\t\t\t<\/div>\n\t\t\t\t\t\t\t\t\t<\/div>\n\t\t\t\t\t\t<\/div>\n\t\t\t\t\t\t\t\t\t\t<\/div>\n\t\t\t\t\t\t\t\t\t\t\t\t\t\t\t\t\t\t<\/div>\n\t\t\t\t\t\t\t\t\t","protected":false},"excerpt":{"rendered":"<p>Asukoht: L. Puusepa 6 (1. korrus), Tartu Palliatiivravi osakond on m\u00f5eldud t\u00e4iskasvanud patsiendile, kellel on diagnoositud progresseeruv elu ohustav ja elukvaliteeti halvendav haigus ning kelle seisund on halvenenud p\u00f5hihaiguse v\u00f5i kaasuva haiguse \u00e4genemise t\u00f5ttu. Palliatiivravi meeskond on valmis abistama patsienti kogu haiguse v\u00e4ltel alates diagnoosi saamisest kuni elu l\u00f5puni, pakkudes talle meditsiinilist, ps\u00fchholoogilist, sotsiaalset ja [&hellip;]<\/p>\n","protected":false},"author":32,"featured_media":0,"parent":17,"menu_order":5,"comment_status":"closed","ping_status":"closed","template":"","meta":{"_acf_changed":false,"_uag_custom_page_level_css":"","footnotes":""},"class_list":["post-6389","page","type-page","status-publish","hentry"],"acf":[],"yoast_head":"<!-- This site is optimized with the Yoast SEO plugin v27.3 - https:\/\/yoast.com\/product\/yoast-seo-wordpress\/ -->\n<title>Palliatiivravi osakond - Spordimeditsiini ja taastusravi kliinik<\/title>\n<meta name=\"robots\" content=\"index, follow, max-snippet:-1, max-image-preview:large, max-video-preview:-1\" \/>\n<link rel=\"canonical\" href=\"https:\/\/www.kliinikum.ee\/taastusravi\/kliinikust\/palliatiivravi-osakond\/\" \/>\n<meta property=\"og:locale\" content=\"et_EE\" \/>\n<meta property=\"og:type\" content=\"article\" \/>\n<meta property=\"og:title\" content=\"Palliatiivravi osakond - Spordimeditsiini ja taastusravi kliinik\" \/>\n<meta property=\"og:description\" content=\"Asukoht: L. Puusepa 6 (1. korrus), Tartu Palliatiivravi osakond on m\u00f5eldud t\u00e4iskasvanud patsiendile, kellel on diagnoositud progresseeruv elu ohustav ja elukvaliteeti halvendav haigus ning kelle seisund on halvenenud p\u00f5hihaiguse v\u00f5i kaasuva haiguse \u00e4genemise t\u00f5ttu. Palliatiivravi meeskond on valmis abistama patsienti kogu haiguse v\u00e4ltel alates diagnoosi saamisest kuni elu l\u00f5puni, pakkudes talle meditsiinilist, ps\u00fchholoogilist, sotsiaalset ja [&hellip;]\" \/>\n<meta property=\"og:url\" content=\"https:\/\/www.kliinikum.ee\/taastusravi\/kliinikust\/palliatiivravi-osakond\/\" \/>\n<meta property=\"og:site_name\" content=\"Spordimeditsiini ja taastusravi kliinik\" \/>\n<meta property=\"article:modified_time\" content=\"2026-04-28T08:49:13+00:00\" \/>\n<meta name=\"twitter:card\" content=\"summary_large_image\" \/>\n<meta name=\"twitter:label1\" content=\"Est. reading time\" \/>\n\t<meta name=\"twitter:data1\" content=\"1 minut\" \/>\n<script type=\"application\/ld+json\" class=\"yoast-schema-graph\">{\"@context\":\"https:\\\/\\\/schema.org\",\"@graph\":[{\"@type\":\"WebPage\",\"@id\":\"https:\\\/\\\/www.kliinikum.ee\\\/taastusravi\\\/kliinikust\\\/palliatiivravi-osakond\\\/\",\"url\":\"https:\\\/\\\/www.kliinikum.ee\\\/taastusravi\\\/kliinikust\\\/palliatiivravi-osakond\\\/\",\"name\":\"Palliatiivravi osakond - Spordimeditsiini ja taastusravi kliinik\",\"isPartOf\":{\"@id\":\"https:\\\/\\\/www.kliinikum.ee\\\/taastusravi\\\/#website\"},\"datePublished\":\"2023-04-25T12:06:47+00:00\",\"dateModified\":\"2026-04-28T08:49:13+00:00\",\"breadcrumb\":{\"@id\":\"https:\\\/\\\/www.kliinikum.ee\\\/taastusravi\\\/kliinikust\\\/palliatiivravi-osakond\\\/#breadcrumb\"},\"inLanguage\":\"et\",\"potentialAction\":[{\"@type\":\"ReadAction\",\"target\":[\"https:\\\/\\\/www.kliinikum.ee\\\/taastusravi\\\/kliinikust\\\/palliatiivravi-osakond\\\/\"]}]},{\"@type\":\"BreadcrumbList\",\"@id\":\"https:\\\/\\\/www.kliinikum.ee\\\/taastusravi\\\/kliinikust\\\/palliatiivravi-osakond\\\/#breadcrumb\",\"itemListElement\":[{\"@type\":\"ListItem\",\"position\":1,\"name\":\"Home\",\"item\":\"https:\\\/\\\/www.kliinikum.ee\\\/taastusravi\\\/\"},{\"@type\":\"ListItem\",\"position\":2,\"name\":\"Osakonnad\",\"item\":\"https:\\\/\\\/www.kliinikum.ee\\\/taastusravi\\\/kliinikust\\\/\"},{\"@type\":\"ListItem\",\"position\":3,\"name\":\"Palliatiivravi osakond\"}]},{\"@type\":\"WebSite\",\"@id\":\"https:\\\/\\\/www.kliinikum.ee\\\/taastusravi\\\/#website\",\"url\":\"https:\\\/\\\/www.kliinikum.ee\\\/taastusravi\\\/\",\"name\":\"Spordimeditsiini ja taastusravi kliinik\",\"description\":\"Hoolivus, Uuendusmeelsus, P\u00e4devus ja Usaldusv\u00e4\u00e4rsus\",\"potentialAction\":[{\"@type\":\"SearchAction\",\"target\":{\"@type\":\"EntryPoint\",\"urlTemplate\":\"https:\\\/\\\/www.kliinikum.ee\\\/taastusravi\\\/?s={search_term_string}\"},\"query-input\":{\"@type\":\"PropertyValueSpecification\",\"valueRequired\":true,\"valueName\":\"search_term_string\"}}],\"inLanguage\":\"et\"}]}<\/script>\n<!-- \/ Yoast SEO plugin. -->","yoast_head_json":{"title":"Palliatiivravi osakond - Spordimeditsiini ja taastusravi kliinik","robots":{"index":"index","follow":"follow","max-snippet":"max-snippet:-1","max-image-preview":"max-image-preview:large","max-video-preview":"max-video-preview:-1"},"canonical":"https:\/\/www.kliinikum.ee\/taastusravi\/kliinikust\/palliatiivravi-osakond\/","og_locale":"et_EE","og_type":"article","og_title":"Palliatiivravi osakond - Spordimeditsiini ja taastusravi kliinik","og_description":"Asukoht: L. Puusepa 6 (1. korrus), Tartu Palliatiivravi osakond on m\u00f5eldud t\u00e4iskasvanud patsiendile, kellel on diagnoositud progresseeruv elu ohustav ja elukvaliteeti halvendav haigus ning kelle seisund on halvenenud p\u00f5hihaiguse v\u00f5i kaasuva haiguse \u00e4genemise t\u00f5ttu. Palliatiivravi meeskond on valmis abistama patsienti kogu haiguse v\u00e4ltel alates diagnoosi saamisest kuni elu l\u00f5puni, pakkudes talle meditsiinilist, ps\u00fchholoogilist, sotsiaalset ja [&hellip;]","og_url":"https:\/\/www.kliinikum.ee\/taastusravi\/kliinikust\/palliatiivravi-osakond\/","og_site_name":"Spordimeditsiini ja taastusravi kliinik","article_modified_time":"2026-04-28T08:49:13+00:00","twitter_card":"summary_large_image","twitter_misc":{"Est. reading time":"1 minut"},"schema":{"@context":"https:\/\/schema.org","@graph":[{"@type":"WebPage","@id":"https:\/\/www.kliinikum.ee\/taastusravi\/kliinikust\/palliatiivravi-osakond\/","url":"https:\/\/www.kliinikum.ee\/taastusravi\/kliinikust\/palliatiivravi-osakond\/","name":"Palliatiivravi osakond - Spordimeditsiini ja taastusravi kliinik","isPartOf":{"@id":"https:\/\/www.kliinikum.ee\/taastusravi\/#website"},"datePublished":"2023-04-25T12:06:47+00:00","dateModified":"2026-04-28T08:49:13+00:00","breadcrumb":{"@id":"https:\/\/www.kliinikum.ee\/taastusravi\/kliinikust\/palliatiivravi-osakond\/#breadcrumb"},"inLanguage":"et","potentialAction":[{"@type":"ReadAction","target":["https:\/\/www.kliinikum.ee\/taastusravi\/kliinikust\/palliatiivravi-osakond\/"]}]},{"@type":"BreadcrumbList","@id":"https:\/\/www.kliinikum.ee\/taastusravi\/kliinikust\/palliatiivravi-osakond\/#breadcrumb","itemListElement":[{"@type":"ListItem","position":1,"name":"Home","item":"https:\/\/www.kliinikum.ee\/taastusravi\/"},{"@type":"ListItem","position":2,"name":"Osakonnad","item":"https:\/\/www.kliinikum.ee\/taastusravi\/kliinikust\/"},{"@type":"ListItem","position":3,"name":"Palliatiivravi osakond"}]},{"@type":"WebSite","@id":"https:\/\/www.kliinikum.ee\/taastusravi\/#website","url":"https:\/\/www.kliinikum.ee\/taastusravi\/","name":"Spordimeditsiini ja taastusravi kliinik","description":"Hoolivus, Uuendusmeelsus, P\u00e4devus ja Usaldusv\u00e4\u00e4rsus","potentialAction":[{"@type":"SearchAction","target":{"@type":"EntryPoint","urlTemplate":"https:\/\/www.kliinikum.ee\/taastusravi\/?s={search_term_string}"},"query-input":{"@type":"PropertyValueSpecification","valueRequired":true,"valueName":"search_term_string"}}],"inLanguage":"et"}]}},"uagb_featured_image_src":{"full":false,"thumbnail":false,"medium":false,"medium_large":false,"large":false,"1536x1536":false,"2048x2048":false},"uagb_author_info":{"display_name":"Jane Freimann","author_link":"https:\/\/www.kliinikum.ee\/taastusravi\/author\/janef\/"},"uagb_comment_info":0,"uagb_excerpt":"Asukoht: L. Puusepa 6 (1. korrus), Tartu Palliatiivravi osakond on m\u00f5eldud t\u00e4iskasvanud patsiendile, kellel on diagnoositud progresseeruv elu ohustav ja elukvaliteeti halvendav haigus ning kelle seisund on halvenenud p\u00f5hihaiguse v\u00f5i kaasuva haiguse \u00e4genemise t\u00f5ttu. Palliatiivravi meeskond on valmis abistama patsienti kogu haiguse v\u00e4ltel alates diagnoosi saamisest kuni elu l\u00f5puni, pakkudes talle meditsiinilist, ps\u00fchholoogilist, sotsiaalset ja&hellip;","_links":{"self":[{"href":"https:\/\/www.kliinikum.ee\/taastusravi\/wp-json\/wp\/v2\/pages\/6389","targetHints":{"allow":["GET"]}}],"collection":[{"href":"https:\/\/www.kliinikum.ee\/taastusravi\/wp-json\/wp\/v2\/pages"}],"about":[{"href":"https:\/\/www.kliinikum.ee\/taastusravi\/wp-json\/wp\/v2\/types\/page"}],"author":[{"embeddable":true,"href":"https:\/\/www.kliinikum.ee\/taastusravi\/wp-json\/wp\/v2\/users\/32"}],"replies":[{"embeddable":true,"href":"https:\/\/www.kliinikum.ee\/taastusravi\/wp-json\/wp\/v2\/comments?post=6389"}],"version-history":[{"count":2,"href":"https:\/\/www.kliinikum.ee\/taastusravi\/wp-json\/wp\/v2\/pages\/6389\/revisions"}],"predecessor-version":[{"id":8449,"href":"https:\/\/www.kliinikum.ee\/taastusravi\/wp-json\/wp\/v2\/pages\/6389\/revisions\/8449"}],"up":[{"embeddable":true,"href":"https:\/\/www.kliinikum.ee\/taastusravi\/wp-json\/wp\/v2\/pages\/17"}],"wp:attachment":[{"href":"https:\/\/www.kliinikum.ee\/taastusravi\/wp-json\/wp\/v2\/media?parent=6389"}],"curies":[{"name":"wp","href":"https:\/\/api.w.org\/{rel}","templated":true}]}}