{"id":6395,"date":"2023-04-25T14:09:20","date_gmt":"2023-04-25T12:09:20","guid":{"rendered":"https:\/\/www.kliinikum.ee\/taastusravi\/?page_id=6395"},"modified":"2026-04-29T08:13:11","modified_gmt":"2026-04-29T06:13:11","slug":"statsionaarse-oendusabi-osakond","status":"publish","type":"page","link":"https:\/\/www.kliinikum.ee\/taastusravi\/kliinikust\/statsionaarse-oendusabi-osakond\/","title":{"rendered":"Statsionaarse \u00f5endusabi osakond"},"content":{"rendered":"\n<p><em>\u00dchine hool ja oskuslik abi patsiendi teekonnal<\/em><\/p>\n\n\n\n<p><strong>Asukoht<\/strong>: L. Puusepa 6 (2. korrus), Tartu<\/p>\n\n\n\n<p><strong>Osakonna \u00f5endusjuht: <\/strong>Triin Maasikam\u00e4e, tel 731 8981, <a href=\"mailto:triin.maasikamae@kliinikum.ee\">triin.maasikamae@kliinikum.ee<\/a><br>E posti \u00f5ed: 731 8953<br>D posti \u00f5ed: 731 8983<\/p>\n\n\n\n<p><strong>\u00d5de-koordinaator<\/strong>: Sirle Puidak 731 8950, <a href=\"mailto:sirle.puidak@kliinikum.ee\">sirle.puidak@kliinikum.ee<\/a> (E\u2013R 08.00\u201316.00 broneeringutega seotud k\u00fcsimused)<br><br><strong>Sekret\u00e4r: <\/strong>Monika Tammiste 731 8956 (patsientide vastuv\u00f5tu ja arvetega seotud k\u00fcsimused)<br><br><strong>Sotsiaalt\u00f6\u00f6tajad:\u00a0<\/strong><br>Maire Vaguri, 731 8136 v\u00f5i 5331 8136 <a href=\"mailto:maire.vaguri@kliinikum.ee\">maire.vaguri@kliinikum.ee<\/a> <br>Mari Reilson, 731 8136 v\u00f5i 5331 8985 <a href=\"mailto:mari.reilson@kliinikum.ee\">mari.reilson@kliinikum.ee<\/a><\/p>\n\n\n\n<p>Statsionaarse \u00f5endusabi osakond pakub patsiendile terviklikku tuge, kus lisaks kvaliteetsele \u00f5endushooldusele ja ravile v\u00e4\u00e4rtustame ka vaimset heaolu, tagades rahuliku, toetava ja individuaalseid vajadusi arvestava keskkonna.<\/p>\n\n\n\n<p><strong>Statsionaarne \u00f5endusabi on m\u00f5eldud patsientidele, kes:<\/strong><\/p>\n\n\n\n<ul class=\"wp-block-list\">\n<li>p\u00f5evad kroonilisi haigusi ja vajavad igap\u00e4evast j\u00e4lgimist ning hooldust;<\/li>\n\n\n\n<li>vajavad \u00f6\u00f6p\u00e4evaringset \u00f5endusabi teenust, kuid ei vaja enam aktiivset haiglaravi;<\/li>\n\n\n\n<li>taastuvad haiglaravi j\u00e4rgselt, kuid ei vaja enam arsti pidevat sekkumist;<\/li>\n\n\n\n<li>vajavad regulaarset \u00f5endusabi teenust, n\u00e4iteks ravimite manustamist, haavahooldust v\u00f5i stoomi, kateetri jm vahendite hooldust;<\/li>\n\n\n\n<li>vajavad seisundi j\u00e4lgimist enne koju v\u00f5i \u00f6\u00f6p\u00e4evaringsesse hoolekandeasutusse suunamist;<\/li>\n\n\n\n<li>vajavad protseduure, mida ei ole v\u00f5imalik kodu\u00f5endus teenusel osutada;<\/li>\n\n\n\n<li>vajavad f\u00fcsioterapeudi v\u00f5i tegevusjuhendaja abi, et parandada liikumist, igap\u00e4evast toimetulekut ja s\u00e4ilitada iseseisvust.<\/li>\n<\/ul>\n\n\n\n<div class=\"wp-block-group has-global-padding\"><div class=\"wp-block-group__inner-container is-layout-constrained wp-block-group-is-layout-constrained\">\n<p><\/p>\n\n\n\n<p><strong>OMAOSALUSTASU:<\/strong><br><br>Statsionaarse \u00f5endusabi teenusel kehtib kindlustatud isiku omaosalustasu 10%, mis on kehtestatud Vabariigi Valitsuse m\u00e4\u00e4rusega \u201eTervisekassa tervishoiuteenuste loetelu\u201c (\u00a715. Voodip\u00e4eva arvestus haiglas).<br><br>Omaosalustasu summa on alatest 01.04.2026. aastast 14,29 \u20ac \u00fche voodip\u00e4eva kohta. Tavap\u00e4raselt koostatakse arved iga 10\u201314 p\u00e4eva j\u00e4rel. Arvete tasumise kohta saab t\u00e4psemat infot osakonna sekret\u00e4rilt telefonil 731 8956.<\/p>\n\n\n\n<p><\/p>\n\n\n\n<p><strong>PATSIENTIDE VASTUV\u00d5TT:<\/strong><br><br><strong>Patsiente saab iseseisva statsionaarse \u00f5endusabi teenusele suunata ainult eri- v\u00f5i perearsti digitaalse saatekirjaga. Loe t\u00e4psemalt <a href=\"https:\/\/www.kliinikum.ee\/taastusravi\/suunavaleraviarstile\/suunavale-raviarstile-stats-oendus\/\" type=\"page\" id=\"6478\">info suunavale raviarstile.<\/a><\/strong><br><br>Osakonda suunatud patsientide vastuv\u00f5tt toimub t\u00f6\u00f6p\u00e4evadel E\u2013R kell 08.00\u201314.00. Patsientide vastuv\u00f5tu kohta saab t\u00e4psemat infot osakonna sekret\u00e4rilt telefonil 731 8956.<\/p>\n\n\n<div class=\"wp-block-uagb-faq uagb-faq__outer-wrap uagb-block-f7d6ce2e uagb-faq-icon-row-reverse uagb-faq-layout-accordion uagb-faq-expand-first-false uagb-faq-inactive-other-true uagb-faq__wrap uagb-buttons-layout-wrap uagb-faq-equal-height     \" data-faqtoggle=\"true\" role=\"tablist\"><div class=\"wp-block-uagb-faq-child uagb-faq-child__outer-wrap uagb-faq-item uagb-block-f87a9e7d \" role=\"tab\" tabindex=\"0\"><div class=\"uagb-faq-questions-button uagb-faq-questions\">\t\t\t<span class=\"uagb-icon uagb-faq-icon-wrap\">\n\t\t\t\t\t\t\t\t<svg xmlns=\"https:\/\/www.w3.org\/2000\/svg\" viewBox= \"0 0 384 512\"><path d=\"M192 384c-8.188 0-16.38-3.125-22.62-9.375l-160-160c-12.5-12.5-12.5-32.75 0-45.25s32.75-12.5 45.25 0L192 306.8l137.4-137.4c12.5-12.5 32.75-12.5 45.25 0s12.5 32.75 0 45.25l-160 160C208.4 380.9 200.2 384 192 384z\"><\/path><\/svg>\n\t\t\t\t\t\t\t<\/span>\n\t\t\t\t\t\t<span class=\"uagb-icon-active uagb-faq-icon-wrap\">\n\t\t\t\t\t\t\t\t<svg xmlns=\"https:\/\/www.w3.org\/2000\/svg\" viewBox= \"0 0 384 512\"><path d=\"M352 352c-8.188 0-16.38-3.125-22.62-9.375L192 205.3l-137.4 137.4c-12.5 12.5-32.75 12.5-45.25 0s-12.5-32.75 0-45.25l160-160c12.5-12.5 32.75-12.5 45.25 0l160 160c12.5 12.5 12.5 32.75 0 45.25C368.4 348.9 360.2 352 352 352z\"><\/path><\/svg>\n\t\t\t\t\t\t\t<\/span>\n\t\t\t<span class=\"uagb-question\"><strong>LISAINFO PATSIENDILE<\/strong><\/span><\/div><div class=\"uagb-faq-content\"><p>Statsionaarse \u00f5endusabi osakonnas tegelevad patsientidega eelk\u00f5ige \u00f5ed ja hooldust\u00f6\u00f6tajad, kes tagavad igap\u00e4evase hoolduse ja j\u00e4lgimise.<br><br>Patsientide ravi ja seisundi hindamisse on kaasatud arst-konsultandid, kes:<br>     \u2022 konsulteerivad patsiente vastavalt vajadusele;<br>     \u2022 hindavad patsiendi seisundit v\u00e4hemalt \u00fcks kord n\u00e4dalas.<br><br>Lisaks kuuluvad meeskonda ka:<br>     \u2022 f\u00fcsioterapeudid, kes aitavad parandada liikumisv\u00f5imet ja kehalist aktiivsust;<br>     \u2022 tegevusjuhendaja, kes toetab igap\u00e4evast toimetulekut ja tegevusv\u00f5imet;<br>     \u2022 sotsiaalt\u00f6\u00f6tajad, kes aitavad korraldada edasist hooldust ja n\u00f5ustavad patsienti ning l\u00e4hedasi;<br>     \u2022 hingehoidja, kes pakub vajadusel vaimset ja emotsionaalset tuge.<br><br><strong>OLULINE TEADA:<\/strong><br>     \u2022 Osakonnas on patsientide turvalisuse tagamiseks reaalajas videovalve.<br>\u00a0<br>Palume k\u00fclastada patsiente etten\u00e4htud k\u00fclastusaegadel: E\u2013R kell 16.00\u201319.00 ja L\u2013P 14.00\u201319.00.<\/p><\/div><\/div><\/div><\/div><\/div>\n\n\n\n<p><\/p>\n\n\n\n<p><\/p>\n\n\n\n<figure class=\"wp-block-image size-large is-resized\"><img loading=\"lazy\" decoding=\"async\" width=\"1024\" height=\"683\" src=\"https:\/\/www.kliinikum.ee\/taastusravi\/wp-content\/uploads\/2023\/10\/MG_0893-1024x683.jpg\" alt=\"\" class=\"wp-image-6689\" style=\"aspect-ratio:1.4992888417882142;width:621px;height:auto\" srcset=\"https:\/\/www.kliinikum.ee\/taastusravi\/wp-content\/uploads\/2023\/10\/MG_0893-1024x683.jpg 1024w, https:\/\/www.kliinikum.ee\/taastusravi\/wp-content\/uploads\/2023\/10\/MG_0893-300x200.jpg 300w, https:\/\/www.kliinikum.ee\/taastusravi\/wp-content\/uploads\/2023\/10\/MG_0893-768x512.jpg 768w, https:\/\/www.kliinikum.ee\/taastusravi\/wp-content\/uploads\/2023\/10\/MG_0893-1536x1024.jpg 1536w, https:\/\/www.kliinikum.ee\/taastusravi\/wp-content\/uploads\/2023\/10\/MG_0893-2048x1365.jpg 2048w, https:\/\/www.kliinikum.ee\/taastusravi\/wp-content\/uploads\/2023\/10\/MG_0893-scaled.jpg 2560w\" sizes=\"auto, (max-width: 1024px) 100vw, 1024px\" \/><\/figure>\n\n\n\n<p><\/p>\n","protected":false},"excerpt":{"rendered":"<p>\u00dchine hool ja oskuslik abi patsiendi teekonnal Asukoht: L. Puusepa 6 (2. korrus), Tartu Osakonna \u00f5endusjuht: Triin Maasikam\u00e4e, tel 731 8981, triin.maasikamae@kliinikum.eeE posti \u00f5ed: 731 8953D posti \u00f5ed: 731 8983 \u00d5de-koordinaator: Sirle Puidak 731 8950, sirle.puidak@kliinikum.ee (E\u2013R 08.00\u201316.00 broneeringutega seotud k\u00fcsimused) Sekret\u00e4r: Monika Tammiste 731 8956 (patsientide vastuv\u00f5tu ja arvetega seotud k\u00fcsimused) Sotsiaalt\u00f6\u00f6tajad:\u00a0Maire Vaguri, 731 [&hellip;]<\/p>\n","protected":false},"author":32,"featured_media":0,"parent":17,"menu_order":8,"comment_status":"closed","ping_status":"closed","template":"","meta":{"_acf_changed":false,"_uag_custom_page_level_css":"","footnotes":""},"class_list":["post-6395","page","type-page","status-publish","hentry"],"acf":[],"yoast_head":"<!-- This site is optimized with the Yoast SEO plugin v27.3 - https:\/\/yoast.com\/product\/yoast-seo-wordpress\/ -->\n<title>Statsionaarse \u00f5endusabi osakond - Spordimeditsiini ja taastusravi kliinik<\/title>\n<meta name=\"robots\" content=\"index, follow, max-snippet:-1, max-image-preview:large, max-video-preview:-1\" \/>\n<link rel=\"canonical\" href=\"https:\/\/www.kliinikum.ee\/taastusravi\/kliinikust\/statsionaarse-oendusabi-osakond\/\" \/>\n<meta property=\"og:locale\" content=\"et_EE\" \/>\n<meta property=\"og:type\" content=\"article\" \/>\n<meta property=\"og:title\" content=\"Statsionaarse \u00f5endusabi osakond - Spordimeditsiini ja taastusravi kliinik\" \/>\n<meta property=\"og:description\" content=\"\u00dchine hool ja oskuslik abi patsiendi teekonnal Asukoht: L. Puusepa 6 (2. korrus), Tartu Osakonna \u00f5endusjuht: Triin Maasikam\u00e4e, tel 731 8981, triin.maasikamae@kliinikum.eeE posti \u00f5ed: 731 8953D posti \u00f5ed: 731 8983 \u00d5de-koordinaator: Sirle Puidak 731 8950, sirle.puidak@kliinikum.ee (E\u2013R 08.00\u201316.00 broneeringutega seotud k\u00fcsimused) Sekret\u00e4r: Monika Tammiste 731 8956 (patsientide vastuv\u00f5tu ja arvetega seotud k\u00fcsimused) Sotsiaalt\u00f6\u00f6tajad:\u00a0Maire Vaguri, 731 [&hellip;]\" \/>\n<meta property=\"og:url\" content=\"https:\/\/www.kliinikum.ee\/taastusravi\/kliinikust\/statsionaarse-oendusabi-osakond\/\" \/>\n<meta property=\"og:site_name\" content=\"Spordimeditsiini ja taastusravi kliinik\" \/>\n<meta property=\"article:modified_time\" content=\"2026-04-29T06:13:11+00:00\" \/>\n<meta property=\"og:image\" content=\"https:\/\/www.kliinikum.ee\/taastusravi\/wp-content\/uploads\/2023\/10\/MG_0893-scaled.jpg\" \/>\n\t<meta property=\"og:image:width\" content=\"2560\" \/>\n\t<meta property=\"og:image:height\" content=\"1706\" \/>\n\t<meta property=\"og:image:type\" content=\"image\/jpeg\" \/>\n<meta name=\"twitter:card\" content=\"summary_large_image\" \/>\n<meta name=\"twitter:label1\" content=\"Est. reading time\" \/>\n\t<meta name=\"twitter:data1\" content=\"2 minutit\" \/>\n<script type=\"application\/ld+json\" class=\"yoast-schema-graph\">{\"@context\":\"https:\\\/\\\/schema.org\",\"@graph\":[{\"@type\":\"WebPage\",\"@id\":\"https:\\\/\\\/www.kliinikum.ee\\\/taastusravi\\\/kliinikust\\\/statsionaarse-oendusabi-osakond\\\/\",\"url\":\"https:\\\/\\\/www.kliinikum.ee\\\/taastusravi\\\/kliinikust\\\/statsionaarse-oendusabi-osakond\\\/\",\"name\":\"Statsionaarse \u00f5endusabi osakond - Spordimeditsiini ja taastusravi kliinik\",\"isPartOf\":{\"@id\":\"https:\\\/\\\/www.kliinikum.ee\\\/taastusravi\\\/#website\"},\"primaryImageOfPage\":{\"@id\":\"https:\\\/\\\/www.kliinikum.ee\\\/taastusravi\\\/kliinikust\\\/statsionaarse-oendusabi-osakond\\\/#primaryimage\"},\"image\":{\"@id\":\"https:\\\/\\\/www.kliinikum.ee\\\/taastusravi\\\/kliinikust\\\/statsionaarse-oendusabi-osakond\\\/#primaryimage\"},\"thumbnailUrl\":\"https:\\\/\\\/www.kliinikum.ee\\\/taastusravi\\\/wp-content\\\/uploads\\\/2023\\\/10\\\/MG_0893-1024x683.jpg\",\"datePublished\":\"2023-04-25T12:09:20+00:00\",\"dateModified\":\"2026-04-29T06:13:11+00:00\",\"breadcrumb\":{\"@id\":\"https:\\\/\\\/www.kliinikum.ee\\\/taastusravi\\\/kliinikust\\\/statsionaarse-oendusabi-osakond\\\/#breadcrumb\"},\"inLanguage\":\"et\",\"potentialAction\":[{\"@type\":\"ReadAction\",\"target\":[\"https:\\\/\\\/www.kliinikum.ee\\\/taastusravi\\\/kliinikust\\\/statsionaarse-oendusabi-osakond\\\/\"]}]},{\"@type\":\"ImageObject\",\"inLanguage\":\"et\",\"@id\":\"https:\\\/\\\/www.kliinikum.ee\\\/taastusravi\\\/kliinikust\\\/statsionaarse-oendusabi-osakond\\\/#primaryimage\",\"url\":\"https:\\\/\\\/www.kliinikum.ee\\\/taastusravi\\\/wp-content\\\/uploads\\\/2023\\\/10\\\/MG_0893-scaled.jpg\",\"contentUrl\":\"https:\\\/\\\/www.kliinikum.ee\\\/taastusravi\\\/wp-content\\\/uploads\\\/2023\\\/10\\\/MG_0893-scaled.jpg\",\"width\":2560,\"height\":1706},{\"@type\":\"BreadcrumbList\",\"@id\":\"https:\\\/\\\/www.kliinikum.ee\\\/taastusravi\\\/kliinikust\\\/statsionaarse-oendusabi-osakond\\\/#breadcrumb\",\"itemListElement\":[{\"@type\":\"ListItem\",\"position\":1,\"name\":\"Home\",\"item\":\"https:\\\/\\\/www.kliinikum.ee\\\/taastusravi\\\/\"},{\"@type\":\"ListItem\",\"position\":2,\"name\":\"Osakonnad\",\"item\":\"https:\\\/\\\/www.kliinikum.ee\\\/taastusravi\\\/kliinikust\\\/\"},{\"@type\":\"ListItem\",\"position\":3,\"name\":\"Statsionaarse \u00f5endusabi osakond\"}]},{\"@type\":\"WebSite\",\"@id\":\"https:\\\/\\\/www.kliinikum.ee\\\/taastusravi\\\/#website\",\"url\":\"https:\\\/\\\/www.kliinikum.ee\\\/taastusravi\\\/\",\"name\":\"Spordimeditsiini ja taastusravi kliinik\",\"description\":\"Hoolivus, Uuendusmeelsus, P\u00e4devus ja Usaldusv\u00e4\u00e4rsus\",\"potentialAction\":[{\"@type\":\"SearchAction\",\"target\":{\"@type\":\"EntryPoint\",\"urlTemplate\":\"https:\\\/\\\/www.kliinikum.ee\\\/taastusravi\\\/?s={search_term_string}\"},\"query-input\":{\"@type\":\"PropertyValueSpecification\",\"valueRequired\":true,\"valueName\":\"search_term_string\"}}],\"inLanguage\":\"et\"}]}<\/script>\n<!-- \/ Yoast SEO plugin. -->","yoast_head_json":{"title":"Statsionaarse \u00f5endusabi osakond - Spordimeditsiini ja taastusravi kliinik","robots":{"index":"index","follow":"follow","max-snippet":"max-snippet:-1","max-image-preview":"max-image-preview:large","max-video-preview":"max-video-preview:-1"},"canonical":"https:\/\/www.kliinikum.ee\/taastusravi\/kliinikust\/statsionaarse-oendusabi-osakond\/","og_locale":"et_EE","og_type":"article","og_title":"Statsionaarse \u00f5endusabi osakond - Spordimeditsiini ja taastusravi kliinik","og_description":"\u00dchine hool ja oskuslik abi patsiendi teekonnal Asukoht: L. Puusepa 6 (2. korrus), Tartu Osakonna \u00f5endusjuht: Triin Maasikam\u00e4e, tel 731 8981, triin.maasikamae@kliinikum.eeE posti \u00f5ed: 731 8953D posti \u00f5ed: 731 8983 \u00d5de-koordinaator: Sirle Puidak 731 8950, sirle.puidak@kliinikum.ee (E\u2013R 08.00\u201316.00 broneeringutega seotud k\u00fcsimused) Sekret\u00e4r: Monika Tammiste 731 8956 (patsientide vastuv\u00f5tu ja arvetega seotud k\u00fcsimused) Sotsiaalt\u00f6\u00f6tajad:\u00a0Maire Vaguri, 731 [&hellip;]","og_url":"https:\/\/www.kliinikum.ee\/taastusravi\/kliinikust\/statsionaarse-oendusabi-osakond\/","og_site_name":"Spordimeditsiini ja taastusravi kliinik","article_modified_time":"2026-04-29T06:13:11+00:00","og_image":[{"width":2560,"height":1706,"url":"https:\/\/www.kliinikum.ee\/taastusravi\/wp-content\/uploads\/2023\/10\/MG_0893-scaled.jpg","type":"image\/jpeg"}],"twitter_card":"summary_large_image","twitter_misc":{"Est. reading time":"2 minutit"},"schema":{"@context":"https:\/\/schema.org","@graph":[{"@type":"WebPage","@id":"https:\/\/www.kliinikum.ee\/taastusravi\/kliinikust\/statsionaarse-oendusabi-osakond\/","url":"https:\/\/www.kliinikum.ee\/taastusravi\/kliinikust\/statsionaarse-oendusabi-osakond\/","name":"Statsionaarse \u00f5endusabi osakond - Spordimeditsiini ja taastusravi kliinik","isPartOf":{"@id":"https:\/\/www.kliinikum.ee\/taastusravi\/#website"},"primaryImageOfPage":{"@id":"https:\/\/www.kliinikum.ee\/taastusravi\/kliinikust\/statsionaarse-oendusabi-osakond\/#primaryimage"},"image":{"@id":"https:\/\/www.kliinikum.ee\/taastusravi\/kliinikust\/statsionaarse-oendusabi-osakond\/#primaryimage"},"thumbnailUrl":"https:\/\/www.kliinikum.ee\/taastusravi\/wp-content\/uploads\/2023\/10\/MG_0893-1024x683.jpg","datePublished":"2023-04-25T12:09:20+00:00","dateModified":"2026-04-29T06:13:11+00:00","breadcrumb":{"@id":"https:\/\/www.kliinikum.ee\/taastusravi\/kliinikust\/statsionaarse-oendusabi-osakond\/#breadcrumb"},"inLanguage":"et","potentialAction":[{"@type":"ReadAction","target":["https:\/\/www.kliinikum.ee\/taastusravi\/kliinikust\/statsionaarse-oendusabi-osakond\/"]}]},{"@type":"ImageObject","inLanguage":"et","@id":"https:\/\/www.kliinikum.ee\/taastusravi\/kliinikust\/statsionaarse-oendusabi-osakond\/#primaryimage","url":"https:\/\/www.kliinikum.ee\/taastusravi\/wp-content\/uploads\/2023\/10\/MG_0893-scaled.jpg","contentUrl":"https:\/\/www.kliinikum.ee\/taastusravi\/wp-content\/uploads\/2023\/10\/MG_0893-scaled.jpg","width":2560,"height":1706},{"@type":"BreadcrumbList","@id":"https:\/\/www.kliinikum.ee\/taastusravi\/kliinikust\/statsionaarse-oendusabi-osakond\/#breadcrumb","itemListElement":[{"@type":"ListItem","position":1,"name":"Home","item":"https:\/\/www.kliinikum.ee\/taastusravi\/"},{"@type":"ListItem","position":2,"name":"Osakonnad","item":"https:\/\/www.kliinikum.ee\/taastusravi\/kliinikust\/"},{"@type":"ListItem","position":3,"name":"Statsionaarse \u00f5endusabi osakond"}]},{"@type":"WebSite","@id":"https:\/\/www.kliinikum.ee\/taastusravi\/#website","url":"https:\/\/www.kliinikum.ee\/taastusravi\/","name":"Spordimeditsiini ja taastusravi kliinik","description":"Hoolivus, Uuendusmeelsus, P\u00e4devus ja Usaldusv\u00e4\u00e4rsus","potentialAction":[{"@type":"SearchAction","target":{"@type":"EntryPoint","urlTemplate":"https:\/\/www.kliinikum.ee\/taastusravi\/?s={search_term_string}"},"query-input":{"@type":"PropertyValueSpecification","valueRequired":true,"valueName":"search_term_string"}}],"inLanguage":"et"}]}},"uagb_featured_image_src":{"full":false,"thumbnail":false,"medium":false,"medium_large":false,"large":false,"1536x1536":false,"2048x2048":false},"uagb_author_info":{"display_name":"Jane Freimann","author_link":"https:\/\/www.kliinikum.ee\/taastusravi\/author\/janef\/"},"uagb_comment_info":0,"uagb_excerpt":"\u00dchine hool ja oskuslik abi patsiendi teekonnal Asukoht: L. Puusepa 6 (2. korrus), Tartu Osakonna \u00f5endusjuht: Triin Maasikam\u00e4e, tel 731 8981, triin.maasikamae@kliinikum.eeE posti \u00f5ed: 731 8953D posti \u00f5ed: 731 8983 \u00d5de-koordinaator: Sirle Puidak 731 8950, sirle.puidak@kliinikum.ee (E\u2013R 08.00\u201316.00 broneeringutega seotud k\u00fcsimused) Sekret\u00e4r: Monika Tammiste 731 8956 (patsientide vastuv\u00f5tu ja arvetega seotud k\u00fcsimused) Sotsiaalt\u00f6\u00f6tajad:\u00a0Maire Vaguri, 731&hellip;","_links":{"self":[{"href":"https:\/\/www.kliinikum.ee\/taastusravi\/wp-json\/wp\/v2\/pages\/6395","targetHints":{"allow":["GET"]}}],"collection":[{"href":"https:\/\/www.kliinikum.ee\/taastusravi\/wp-json\/wp\/v2\/pages"}],"about":[{"href":"https:\/\/www.kliinikum.ee\/taastusravi\/wp-json\/wp\/v2\/types\/page"}],"author":[{"embeddable":true,"href":"https:\/\/www.kliinikum.ee\/taastusravi\/wp-json\/wp\/v2\/users\/32"}],"replies":[{"embeddable":true,"href":"https:\/\/www.kliinikum.ee\/taastusravi\/wp-json\/wp\/v2\/comments?post=6395"}],"version-history":[{"count":11,"href":"https:\/\/www.kliinikum.ee\/taastusravi\/wp-json\/wp\/v2\/pages\/6395\/revisions"}],"predecessor-version":[{"id":8483,"href":"https:\/\/www.kliinikum.ee\/taastusravi\/wp-json\/wp\/v2\/pages\/6395\/revisions\/8483"}],"up":[{"embeddable":true,"href":"https:\/\/www.kliinikum.ee\/taastusravi\/wp-json\/wp\/v2\/pages\/17"}],"wp:attachment":[{"href":"https:\/\/www.kliinikum.ee\/taastusravi\/wp-json\/wp\/v2\/media?parent=6395"}],"curies":[{"name":"wp","href":"https:\/\/api.w.org\/{rel}","templated":true}]}}