{"id":6397,"date":"2023-04-25T14:10:18","date_gmt":"2023-04-25T12:10:18","guid":{"rendered":"https:\/\/www.kliinikum.ee\/taastusravi\/?page_id=6397"},"modified":"2026-04-28T10:57:33","modified_gmt":"2026-04-28T08:57:33","slug":"statsionaarse-taastusravi-osakond","status":"publish","type":"page","link":"https:\/\/www.kliinikum.ee\/taastusravi\/kliinikust\/statsionaarse-taastusravi-osakond\/","title":{"rendered":"Statsionaarse taastusravi osakond"},"content":{"rendered":"\n<div class=\"wp-block-group has-global-padding\"><div class=\"wp-block-group__inner-container is-layout-constrained wp-block-group-is-layout-constrained\">\n<p><strong>Asukoht:<\/strong><br><br>Riia 167 (2. ja 3. korrus), Tartu<\/p>\n\n\n\n<p><strong>Kontakt:<\/strong><\/p>\n\n\n\n<ol start=\"2\" class=\"wp-block-list\">\n<li>korruse \u00f5epost: 731 8885<\/li>\n\n\n\n<li>korruse \u00f5epost: 731 8973<\/li>\n<\/ol>\n\n\n\n<p><strong>Arstide tuba:<\/strong> 731 8972<\/p>\n\n\n\n<p><strong>Sekret\u00e4r:<\/strong> 731 8980<\/p>\n\n\n\n<p><strong>\u00d5de-koordinaator:<\/strong> \u00dclle Pihor 731 8989, 53 318 989 <a href=\"ylle.pihor@kliinikum.ee\">ylle.pihor@kliinikum.ee <\/a><\/p>\n\n\n\n<p><strong>Osakonnajuht:<\/strong> Dr Ronald R\u00e4tsep 731 8883, 53 318 883 <a href=\"mailto:ronald.ratsep@kliinikum.ee\">ronald.ratsep@kliinikum.ee<\/a><\/p>\n\n\n\n<p><strong>\u00d5endusjuht: <\/strong>Katrin Ploomipuu 731 8971, 53 318 971 <a href=\"mailto:katrin.ploomipuu@kliinikum.ee\">katrin.ploomipuu@kliinikum.ee<\/a> <\/p>\n\n\n\n<p><strong>Ravist loobumisel <\/strong>palume teavitada sellest esimesel v\u00f5imalusel ja lisainformatsiooni saamiseks palume helistada sekret\u00e4rile telefonil 731 8989.<\/p>\n<\/div><\/div>\n\n\n\n<p><\/p>\n","protected":false},"excerpt":{"rendered":"<p>Asukoht: Riia 167 (2. ja 3. korrus), Tartu Kontakt: Arstide tuba: 731 8972 Sekret\u00e4r: 731 8980 \u00d5de-koordinaator: \u00dclle Pihor 731 8989, 53 318 989 ylle.pihor@kliinikum.ee Osakonnajuht: Dr Ronald R\u00e4tsep 731 8883, 53 318 883 ronald.ratsep@kliinikum.ee \u00d5endusjuht: Katrin Ploomipuu 731 8971, 53 318 971 katrin.ploomipuu@kliinikum.ee Ravist loobumisel palume teavitada sellest esimesel v\u00f5imalusel ja lisainformatsiooni saamiseks palume [&hellip;]<\/p>\n","protected":false},"author":32,"featured_media":0,"parent":17,"menu_order":9,"comment_status":"closed","ping_status":"closed","template":"","meta":{"_acf_changed":false,"_uag_custom_page_level_css":"","footnotes":""},"class_list":["post-6397","page","type-page","status-publish","hentry"],"acf":[],"yoast_head":"<!-- This site is optimized with the Yoast SEO plugin v27.3 - https:\/\/yoast.com\/product\/yoast-seo-wordpress\/ -->\n<title>Statsionaarse taastusravi osakond - Spordimeditsiini ja taastusravi kliinik<\/title>\n<meta name=\"robots\" content=\"index, follow, max-snippet:-1, max-image-preview:large, max-video-preview:-1\" \/>\n<link rel=\"canonical\" href=\"https:\/\/www.kliinikum.ee\/taastusravi\/kliinikust\/statsionaarse-taastusravi-osakond\/\" \/>\n<meta property=\"og:locale\" content=\"et_EE\" \/>\n<meta property=\"og:type\" content=\"article\" \/>\n<meta property=\"og:title\" content=\"Statsionaarse taastusravi osakond - Spordimeditsiini ja taastusravi kliinik\" \/>\n<meta property=\"og:description\" content=\"Asukoht: Riia 167 (2. ja 3. korrus), Tartu Kontakt: Arstide tuba: 731 8972 Sekret\u00e4r: 731 8980 \u00d5de-koordinaator: \u00dclle Pihor 731 8989, 53 318 989 ylle.pihor@kliinikum.ee Osakonnajuht: Dr Ronald R\u00e4tsep 731 8883, 53 318 883 ronald.ratsep@kliinikum.ee \u00d5endusjuht: Katrin Ploomipuu 731 8971, 53 318 971 katrin.ploomipuu@kliinikum.ee Ravist loobumisel palume teavitada sellest esimesel v\u00f5imalusel ja lisainformatsiooni saamiseks palume [&hellip;]\" \/>\n<meta property=\"og:url\" content=\"https:\/\/www.kliinikum.ee\/taastusravi\/kliinikust\/statsionaarse-taastusravi-osakond\/\" \/>\n<meta property=\"og:site_name\" content=\"Spordimeditsiini ja taastusravi kliinik\" \/>\n<meta property=\"article:modified_time\" content=\"2026-04-28T08:57:33+00:00\" \/>\n<meta name=\"twitter:card\" content=\"summary_large_image\" \/>\n<meta name=\"twitter:label1\" content=\"Est. reading time\" \/>\n\t<meta name=\"twitter:data1\" content=\"1 minut\" \/>\n<script type=\"application\/ld+json\" class=\"yoast-schema-graph\">{\"@context\":\"https:\\\/\\\/schema.org\",\"@graph\":[{\"@type\":\"WebPage\",\"@id\":\"https:\\\/\\\/www.kliinikum.ee\\\/taastusravi\\\/kliinikust\\\/statsionaarse-taastusravi-osakond\\\/\",\"url\":\"https:\\\/\\\/www.kliinikum.ee\\\/taastusravi\\\/kliinikust\\\/statsionaarse-taastusravi-osakond\\\/\",\"name\":\"Statsionaarse taastusravi osakond - Spordimeditsiini ja taastusravi kliinik\",\"isPartOf\":{\"@id\":\"https:\\\/\\\/www.kliinikum.ee\\\/taastusravi\\\/#website\"},\"datePublished\":\"2023-04-25T12:10:18+00:00\",\"dateModified\":\"2026-04-28T08:57:33+00:00\",\"breadcrumb\":{\"@id\":\"https:\\\/\\\/www.kliinikum.ee\\\/taastusravi\\\/kliinikust\\\/statsionaarse-taastusravi-osakond\\\/#breadcrumb\"},\"inLanguage\":\"et\",\"potentialAction\":[{\"@type\":\"ReadAction\",\"target\":[\"https:\\\/\\\/www.kliinikum.ee\\\/taastusravi\\\/kliinikust\\\/statsionaarse-taastusravi-osakond\\\/\"]}]},{\"@type\":\"BreadcrumbList\",\"@id\":\"https:\\\/\\\/www.kliinikum.ee\\\/taastusravi\\\/kliinikust\\\/statsionaarse-taastusravi-osakond\\\/#breadcrumb\",\"itemListElement\":[{\"@type\":\"ListItem\",\"position\":1,\"name\":\"Home\",\"item\":\"https:\\\/\\\/www.kliinikum.ee\\\/taastusravi\\\/\"},{\"@type\":\"ListItem\",\"position\":2,\"name\":\"Osakonnad\",\"item\":\"https:\\\/\\\/www.kliinikum.ee\\\/taastusravi\\\/kliinikust\\\/\"},{\"@type\":\"ListItem\",\"position\":3,\"name\":\"Statsionaarse taastusravi osakond\"}]},{\"@type\":\"WebSite\",\"@id\":\"https:\\\/\\\/www.kliinikum.ee\\\/taastusravi\\\/#website\",\"url\":\"https:\\\/\\\/www.kliinikum.ee\\\/taastusravi\\\/\",\"name\":\"Spordimeditsiini ja taastusravi kliinik\",\"description\":\"Hoolivus, Uuendusmeelsus, P\u00e4devus ja Usaldusv\u00e4\u00e4rsus\",\"potentialAction\":[{\"@type\":\"SearchAction\",\"target\":{\"@type\":\"EntryPoint\",\"urlTemplate\":\"https:\\\/\\\/www.kliinikum.ee\\\/taastusravi\\\/?s={search_term_string}\"},\"query-input\":{\"@type\":\"PropertyValueSpecification\",\"valueRequired\":true,\"valueName\":\"search_term_string\"}}],\"inLanguage\":\"et\"}]}<\/script>\n<!-- \/ Yoast SEO plugin. -->","yoast_head_json":{"title":"Statsionaarse taastusravi osakond - Spordimeditsiini ja taastusravi kliinik","robots":{"index":"index","follow":"follow","max-snippet":"max-snippet:-1","max-image-preview":"max-image-preview:large","max-video-preview":"max-video-preview:-1"},"canonical":"https:\/\/www.kliinikum.ee\/taastusravi\/kliinikust\/statsionaarse-taastusravi-osakond\/","og_locale":"et_EE","og_type":"article","og_title":"Statsionaarse taastusravi osakond - Spordimeditsiini ja taastusravi kliinik","og_description":"Asukoht: Riia 167 (2. ja 3. korrus), Tartu Kontakt: Arstide tuba: 731 8972 Sekret\u00e4r: 731 8980 \u00d5de-koordinaator: \u00dclle Pihor 731 8989, 53 318 989 ylle.pihor@kliinikum.ee Osakonnajuht: Dr Ronald R\u00e4tsep 731 8883, 53 318 883 ronald.ratsep@kliinikum.ee \u00d5endusjuht: Katrin Ploomipuu 731 8971, 53 318 971 katrin.ploomipuu@kliinikum.ee Ravist loobumisel palume teavitada sellest esimesel v\u00f5imalusel ja lisainformatsiooni saamiseks palume [&hellip;]","og_url":"https:\/\/www.kliinikum.ee\/taastusravi\/kliinikust\/statsionaarse-taastusravi-osakond\/","og_site_name":"Spordimeditsiini ja taastusravi kliinik","article_modified_time":"2026-04-28T08:57:33+00:00","twitter_card":"summary_large_image","twitter_misc":{"Est. reading time":"1 minut"},"schema":{"@context":"https:\/\/schema.org","@graph":[{"@type":"WebPage","@id":"https:\/\/www.kliinikum.ee\/taastusravi\/kliinikust\/statsionaarse-taastusravi-osakond\/","url":"https:\/\/www.kliinikum.ee\/taastusravi\/kliinikust\/statsionaarse-taastusravi-osakond\/","name":"Statsionaarse taastusravi osakond - Spordimeditsiini ja taastusravi kliinik","isPartOf":{"@id":"https:\/\/www.kliinikum.ee\/taastusravi\/#website"},"datePublished":"2023-04-25T12:10:18+00:00","dateModified":"2026-04-28T08:57:33+00:00","breadcrumb":{"@id":"https:\/\/www.kliinikum.ee\/taastusravi\/kliinikust\/statsionaarse-taastusravi-osakond\/#breadcrumb"},"inLanguage":"et","potentialAction":[{"@type":"ReadAction","target":["https:\/\/www.kliinikum.ee\/taastusravi\/kliinikust\/statsionaarse-taastusravi-osakond\/"]}]},{"@type":"BreadcrumbList","@id":"https:\/\/www.kliinikum.ee\/taastusravi\/kliinikust\/statsionaarse-taastusravi-osakond\/#breadcrumb","itemListElement":[{"@type":"ListItem","position":1,"name":"Home","item":"https:\/\/www.kliinikum.ee\/taastusravi\/"},{"@type":"ListItem","position":2,"name":"Osakonnad","item":"https:\/\/www.kliinikum.ee\/taastusravi\/kliinikust\/"},{"@type":"ListItem","position":3,"name":"Statsionaarse taastusravi osakond"}]},{"@type":"WebSite","@id":"https:\/\/www.kliinikum.ee\/taastusravi\/#website","url":"https:\/\/www.kliinikum.ee\/taastusravi\/","name":"Spordimeditsiini ja taastusravi kliinik","description":"Hoolivus, Uuendusmeelsus, P\u00e4devus ja Usaldusv\u00e4\u00e4rsus","potentialAction":[{"@type":"SearchAction","target":{"@type":"EntryPoint","urlTemplate":"https:\/\/www.kliinikum.ee\/taastusravi\/?s={search_term_string}"},"query-input":{"@type":"PropertyValueSpecification","valueRequired":true,"valueName":"search_term_string"}}],"inLanguage":"et"}]}},"uagb_featured_image_src":{"full":false,"thumbnail":false,"medium":false,"medium_large":false,"large":false,"1536x1536":false,"2048x2048":false},"uagb_author_info":{"display_name":"Jane Freimann","author_link":"https:\/\/www.kliinikum.ee\/taastusravi\/author\/janef\/"},"uagb_comment_info":0,"uagb_excerpt":"Asukoht: Riia 167 (2. ja 3. korrus), Tartu Kontakt: Arstide tuba: 731 8972 Sekret\u00e4r: 731 8980 \u00d5de-koordinaator: \u00dclle Pihor 731 8989, 53 318 989 ylle.pihor@kliinikum.ee Osakonnajuht: Dr Ronald R\u00e4tsep 731 8883, 53 318 883 ronald.ratsep@kliinikum.ee \u00d5endusjuht: Katrin Ploomipuu 731 8971, 53 318 971 katrin.ploomipuu@kliinikum.ee Ravist loobumisel palume teavitada sellest esimesel v\u00f5imalusel ja lisainformatsiooni saamiseks palume&hellip;","_links":{"self":[{"href":"https:\/\/www.kliinikum.ee\/taastusravi\/wp-json\/wp\/v2\/pages\/6397","targetHints":{"allow":["GET"]}}],"collection":[{"href":"https:\/\/www.kliinikum.ee\/taastusravi\/wp-json\/wp\/v2\/pages"}],"about":[{"href":"https:\/\/www.kliinikum.ee\/taastusravi\/wp-json\/wp\/v2\/types\/page"}],"author":[{"embeddable":true,"href":"https:\/\/www.kliinikum.ee\/taastusravi\/wp-json\/wp\/v2\/users\/32"}],"replies":[{"embeddable":true,"href":"https:\/\/www.kliinikum.ee\/taastusravi\/wp-json\/wp\/v2\/comments?post=6397"}],"version-history":[{"count":3,"href":"https:\/\/www.kliinikum.ee\/taastusravi\/wp-json\/wp\/v2\/pages\/6397\/revisions"}],"predecessor-version":[{"id":8459,"href":"https:\/\/www.kliinikum.ee\/taastusravi\/wp-json\/wp\/v2\/pages\/6397\/revisions\/8459"}],"up":[{"embeddable":true,"href":"https:\/\/www.kliinikum.ee\/taastusravi\/wp-json\/wp\/v2\/pages\/17"}],"wp:attachment":[{"href":"https:\/\/www.kliinikum.ee\/taastusravi\/wp-json\/wp\/v2\/media?parent=6397"}],"curies":[{"name":"wp","href":"https:\/\/api.w.org\/{rel}","templated":true}]}}