{"id":6434,"date":"2023-10-17T13:15:24","date_gmt":"2023-10-17T11:15:24","guid":{"rendered":"https:\/\/www.kliinikum.ee\/taastusravi\/?page_id=6434"},"modified":"2024-08-30T11:51:01","modified_gmt":"2024-08-30T09:51:01","slug":"kardioloogiline-taastusravi","status":"publish","type":"page","link":"https:\/\/www.kliinikum.ee\/taastusravi\/kliinikust\/ambulatoorse-taastusravi-osakond\/kardioloogiline-taastusravi\/","title":{"rendered":"Kardioloogiline taastusravi"},"content":{"rendered":"\n<div class=\"wp-block-group has-global-padding\"><div class=\"wp-block-group__inner-container is-layout-constrained wp-block-group-is-layout-constrained\">\n<div class=\"wp-block-group has-global-padding\"><div class=\"wp-block-group__inner-container is-layout-constrained wp-block-group-is-layout-constrained\">\n<p>S\u00fcdamehaigete ambulatoorse taastusravi eesm\u00e4rgiks on taastada patsiendiga aktiivses koost\u00f6\u00f6s tema v\u00f5imalik potentsiaal kehalises, vaimses ja sotsiaalses t\u00e4henduses.<br><strong>Taastusravi vajavad:<\/strong><\/p>\n\n\n\n<ul class=\"wp-block-list\">\n<li>m\u00fcokardi infarkti p\u00f5denud<\/li>\n\n\n\n<li>m\u00fcokardi revaskulariseerimise (PTKA ja aortokoronaarne \u0161unteerimine) l\u00e4biteinud<\/li>\n\n\n\n<li>stabiilse stenokardiaga haiged<\/li>\n\n\n\n<li>haiged klapioperatsioonide j\u00e4rgselt<\/li>\n\n\n\n<li>s\u00fcdamepuudulikkusega haiged<\/li>\n\n\n\n<li>s\u00fcdame siirdamise j\u00e4rgsed patsiendid<\/li>\n<\/ul>\n\n\n\n<p><strong>S\u00fcdamehaigete taastusravi eesm\u00e4rgiks<\/strong>&nbsp;on parandada kehalist t\u00f6\u00f6v\u00f5imet ja v\u00e4hendada koormusest (ala- v\u00f5i \u00fclekoormusest) p\u00f5hjustatud haiguss\u00fcmptomeid, m\u00f5jutada haigust p\u00f5hjustavaid riskifaktoreid ja parandada tervisega seotud elukvaliteeti. P\u00f5hiline eesm\u00e4rk on v\u00e4hendada kordushaigestumust ja surevust.<\/p>\n<\/div><\/div>\n\n\n\n<div class=\"wp-block-group has-global-padding\"><div class=\"wp-block-group__inner-container is-layout-constrained wp-block-group-is-layout-constrained\">\n<p>Varane ambulatoorne taastusravi on pikim meditsiiniliselt juhendatud s\u00fcdamehaigete taastusravi osa kestusega 8-12 n\u00e4dalat. L\u00e4htudes varases ambulatoorses taastusravis omandatud oskustest ja teadmistest, peaksid patsiendid ambulatoorse taastusravi l\u00f5ppedes olema valdavalt iseseisvalt v\u00f5imelised ja motiveeritud j\u00e4tkama edasist taastumist selleks, et s\u00e4ilitada v\u00f5i parandada kehalist t\u00f6\u00f6v\u00f5imet.<\/p>\n\n\n\n<p>Ambulatoorses taastusravi programmis tehakse koormustest nii enne kui p\u00e4rast taastusravi. Esmase koormustesti j\u00e4rgselt on patsiendil v\u00f5imalik osaleda taastusravis kas individuaalselt, r\u00fchmateraapias v\u00f5i kaugn\u00f5ustamisena. K\u00f5iki programme juhendab s\u00fcdamehaigete taastusravi ajal f\u00fcsioterapeut.<\/p>\n\n\n\n<p>Taastusravi eeldab patsiendi aktiivset osalust ja peab aitama patsiendil elustiili muudatused p\u00fcsivalt ellu viia.<\/p>\n\n\n\n<p>Oleme oma meeskonnaga koostanud p\u00f5hjalikud juhised s\u00fcdamehaigustest taastumiseks ja sellega seotud teemade kohta, nagu <a href=\"https:\/\/www.kliinikum.ee\/taastusravi\/kliinikust\/ambulatoorse-taastusravi-osakond\/kardioloogiline-taastusravi\/infarkti-riskitegurid\/\">s\u00fcdamelihase infarkti riskitegurid<\/a>, <a href=\"https:\/\/www.kliinikum.ee\/taastusravi\/kliinikust\/ambulatoorse-taastusravi-osakond\/kardioloogiline-taastusravi\/fuusiline-tervis\/\">f\u00fc\u00fcsiline aktiivsus<\/a>, <a href=\"https:\/\/www.kliinikum.ee\/taastusravi\/kliinikust\/ambulatoorse-taastusravi-osakond\/kardioloogiline-taastusravi\/vaimne-tervis\/\">vaimne tervis<\/a> ning <a href=\"https:\/\/www.kliinikum.ee\/taastusravi\/kliinikust\/ambulatoorse-taastusravi-osakond\/kardioloogiline-taastusravi\/tervislik-toitumine\/\">tervislik toitumine<\/a>. Lisaks saate tutvuda taastusravi ja selle <a href=\"https:\/\/www.kliinikum.ee\/taastusravi\/kliinikust\/ambulatoorse-taastusravi-osakond\/kardioloogiline-taastusravi\/meie-meeskond\/\">meeskonna liikmetega<\/a> ning leiate vastused s\u00fcdamelihase infarkti j\u00e4rgselt tekkivatele<a href=\"https:\/\/www.kliinikum.ee\/taastusravi\/kliinikust\/ambulatoorse-taastusravi-osakond\/kardioloogiline-taastusravi\/sudamelihase-infarkti-kkk\/\"> enamlevinud k\u00fcsimustele.<\/a><\/p>\n\n\n\n<p>Kodulehel on eraldi teema<a href=\"https:\/\/www.kliinikum.ee\/taastusravi\/kliinikust\/ambulatoorse-taastusravi-osakond\/kardioloogiline-taastusravi\/lahedaste-toetus\/\"> l\u00e4hedastele<\/a>, kes teid taastumise teekonnal toetavad.<\/p>\n\n\n\n<p><\/p>\n<\/div><\/div>\n<\/div><\/div>\n","protected":false},"excerpt":{"rendered":"<p>S\u00fcdamehaigete ambulatoorse taastusravi eesm\u00e4rgiks on taastada patsiendiga aktiivses koost\u00f6\u00f6s tema v\u00f5imalik potentsiaal kehalises, vaimses ja sotsiaalses t\u00e4henduses.Taastusravi vajavad: S\u00fcdamehaigete taastusravi eesm\u00e4rgiks&nbsp;on parandada kehalist t\u00f6\u00f6v\u00f5imet ja v\u00e4hendada koormusest (ala- v\u00f5i \u00fclekoormusest) p\u00f5hjustatud haiguss\u00fcmptomeid, m\u00f5jutada haigust p\u00f5hjustavaid riskifaktoreid ja parandada tervisega seotud elukvaliteeti. P\u00f5hiline eesm\u00e4rk on v\u00e4hendada kordushaigestumust ja surevust. Varane ambulatoorne taastusravi on pikim meditsiiniliselt juhendatud [&hellip;]<\/p>\n","protected":false},"author":30,"featured_media":0,"parent":6385,"menu_order":5,"comment_status":"closed","ping_status":"closed","template":"","meta":{"_acf_changed":false,"_uag_custom_page_level_css":"","footnotes":""},"class_list":["post-6434","page","type-page","status-publish","hentry"],"acf":[],"yoast_head":"<!-- This site is optimized with the Yoast SEO plugin v27.3 - https:\/\/yoast.com\/product\/yoast-seo-wordpress\/ -->\n<title>Kardioloogiline taastusravi - Spordimeditsiini ja taastusravi kliinik<\/title>\n<meta name=\"robots\" content=\"index, follow, max-snippet:-1, max-image-preview:large, max-video-preview:-1\" \/>\n<link rel=\"canonical\" href=\"https:\/\/www.kliinikum.ee\/taastusravi\/kliinikust\/ambulatoorse-taastusravi-osakond\/kardioloogiline-taastusravi\/\" \/>\n<meta property=\"og:locale\" content=\"et_EE\" \/>\n<meta property=\"og:type\" content=\"article\" \/>\n<meta property=\"og:title\" content=\"Kardioloogiline taastusravi - Spordimeditsiini ja taastusravi kliinik\" \/>\n<meta property=\"og:description\" content=\"S\u00fcdamehaigete ambulatoorse taastusravi eesm\u00e4rgiks on taastada patsiendiga aktiivses koost\u00f6\u00f6s tema v\u00f5imalik potentsiaal kehalises, vaimses ja sotsiaalses t\u00e4henduses.Taastusravi vajavad: S\u00fcdamehaigete taastusravi eesm\u00e4rgiks&nbsp;on parandada kehalist t\u00f6\u00f6v\u00f5imet ja v\u00e4hendada koormusest (ala- v\u00f5i \u00fclekoormusest) p\u00f5hjustatud haiguss\u00fcmptomeid, m\u00f5jutada haigust p\u00f5hjustavaid riskifaktoreid ja parandada tervisega seotud elukvaliteeti. P\u00f5hiline eesm\u00e4rk on v\u00e4hendada kordushaigestumust ja surevust. Varane ambulatoorne taastusravi on pikim meditsiiniliselt juhendatud [&hellip;]\" \/>\n<meta property=\"og:url\" content=\"https:\/\/www.kliinikum.ee\/taastusravi\/kliinikust\/ambulatoorse-taastusravi-osakond\/kardioloogiline-taastusravi\/\" \/>\n<meta property=\"og:site_name\" content=\"Spordimeditsiini ja taastusravi kliinik\" \/>\n<meta property=\"article:modified_time\" content=\"2024-08-30T09:51:01+00:00\" \/>\n<meta name=\"twitter:card\" content=\"summary_large_image\" \/>\n<meta name=\"twitter:label1\" content=\"Est. reading time\" \/>\n\t<meta name=\"twitter:data1\" content=\"2 minutit\" \/>\n<script type=\"application\/ld+json\" class=\"yoast-schema-graph\">{\"@context\":\"https:\\\/\\\/schema.org\",\"@graph\":[{\"@type\":\"WebPage\",\"@id\":\"https:\\\/\\\/www.kliinikum.ee\\\/taastusravi\\\/kliinikust\\\/ambulatoorse-taastusravi-osakond\\\/kardioloogiline-taastusravi\\\/\",\"url\":\"https:\\\/\\\/www.kliinikum.ee\\\/taastusravi\\\/kliinikust\\\/ambulatoorse-taastusravi-osakond\\\/kardioloogiline-taastusravi\\\/\",\"name\":\"Kardioloogiline taastusravi - Spordimeditsiini ja taastusravi kliinik\",\"isPartOf\":{\"@id\":\"https:\\\/\\\/www.kliinikum.ee\\\/taastusravi\\\/#website\"},\"datePublished\":\"2023-10-17T11:15:24+00:00\",\"dateModified\":\"2024-08-30T09:51:01+00:00\",\"breadcrumb\":{\"@id\":\"https:\\\/\\\/www.kliinikum.ee\\\/taastusravi\\\/kliinikust\\\/ambulatoorse-taastusravi-osakond\\\/kardioloogiline-taastusravi\\\/#breadcrumb\"},\"inLanguage\":\"et\",\"potentialAction\":[{\"@type\":\"ReadAction\",\"target\":[\"https:\\\/\\\/www.kliinikum.ee\\\/taastusravi\\\/kliinikust\\\/ambulatoorse-taastusravi-osakond\\\/kardioloogiline-taastusravi\\\/\"]}]},{\"@type\":\"BreadcrumbList\",\"@id\":\"https:\\\/\\\/www.kliinikum.ee\\\/taastusravi\\\/kliinikust\\\/ambulatoorse-taastusravi-osakond\\\/kardioloogiline-taastusravi\\\/#breadcrumb\",\"itemListElement\":[{\"@type\":\"ListItem\",\"position\":1,\"name\":\"Home\",\"item\":\"https:\\\/\\\/www.kliinikum.ee\\\/taastusravi\\\/\"},{\"@type\":\"ListItem\",\"position\":2,\"name\":\"Osakonnad\",\"item\":\"https:\\\/\\\/www.kliinikum.ee\\\/taastusravi\\\/kliinikust\\\/\"},{\"@type\":\"ListItem\",\"position\":3,\"name\":\"Ambulatoorse taastusravi osakond\",\"item\":\"https:\\\/\\\/www.kliinikum.ee\\\/taastusravi\\\/kliinikust\\\/ambulatoorse-taastusravi-osakond\\\/\"},{\"@type\":\"ListItem\",\"position\":4,\"name\":\"Kardioloogiline taastusravi\"}]},{\"@type\":\"WebSite\",\"@id\":\"https:\\\/\\\/www.kliinikum.ee\\\/taastusravi\\\/#website\",\"url\":\"https:\\\/\\\/www.kliinikum.ee\\\/taastusravi\\\/\",\"name\":\"Spordimeditsiini ja taastusravi kliinik\",\"description\":\"Hoolivus, Uuendusmeelsus, P\u00e4devus ja Usaldusv\u00e4\u00e4rsus\",\"potentialAction\":[{\"@type\":\"SearchAction\",\"target\":{\"@type\":\"EntryPoint\",\"urlTemplate\":\"https:\\\/\\\/www.kliinikum.ee\\\/taastusravi\\\/?s={search_term_string}\"},\"query-input\":{\"@type\":\"PropertyValueSpecification\",\"valueRequired\":true,\"valueName\":\"search_term_string\"}}],\"inLanguage\":\"et\"}]}<\/script>\n<!-- \/ Yoast SEO plugin. -->","yoast_head_json":{"title":"Kardioloogiline taastusravi - Spordimeditsiini ja taastusravi kliinik","robots":{"index":"index","follow":"follow","max-snippet":"max-snippet:-1","max-image-preview":"max-image-preview:large","max-video-preview":"max-video-preview:-1"},"canonical":"https:\/\/www.kliinikum.ee\/taastusravi\/kliinikust\/ambulatoorse-taastusravi-osakond\/kardioloogiline-taastusravi\/","og_locale":"et_EE","og_type":"article","og_title":"Kardioloogiline taastusravi - Spordimeditsiini ja taastusravi kliinik","og_description":"S\u00fcdamehaigete ambulatoorse taastusravi eesm\u00e4rgiks on taastada patsiendiga aktiivses koost\u00f6\u00f6s tema v\u00f5imalik potentsiaal kehalises, vaimses ja sotsiaalses t\u00e4henduses.Taastusravi vajavad: S\u00fcdamehaigete taastusravi eesm\u00e4rgiks&nbsp;on parandada kehalist t\u00f6\u00f6v\u00f5imet ja v\u00e4hendada koormusest (ala- v\u00f5i \u00fclekoormusest) p\u00f5hjustatud haiguss\u00fcmptomeid, m\u00f5jutada haigust p\u00f5hjustavaid riskifaktoreid ja parandada tervisega seotud elukvaliteeti. P\u00f5hiline eesm\u00e4rk on v\u00e4hendada kordushaigestumust ja surevust. Varane ambulatoorne taastusravi on pikim meditsiiniliselt juhendatud [&hellip;]","og_url":"https:\/\/www.kliinikum.ee\/taastusravi\/kliinikust\/ambulatoorse-taastusravi-osakond\/kardioloogiline-taastusravi\/","og_site_name":"Spordimeditsiini ja taastusravi kliinik","article_modified_time":"2024-08-30T09:51:01+00:00","twitter_card":"summary_large_image","twitter_misc":{"Est. reading time":"2 minutit"},"schema":{"@context":"https:\/\/schema.org","@graph":[{"@type":"WebPage","@id":"https:\/\/www.kliinikum.ee\/taastusravi\/kliinikust\/ambulatoorse-taastusravi-osakond\/kardioloogiline-taastusravi\/","url":"https:\/\/www.kliinikum.ee\/taastusravi\/kliinikust\/ambulatoorse-taastusravi-osakond\/kardioloogiline-taastusravi\/","name":"Kardioloogiline taastusravi - Spordimeditsiini ja taastusravi kliinik","isPartOf":{"@id":"https:\/\/www.kliinikum.ee\/taastusravi\/#website"},"datePublished":"2023-10-17T11:15:24+00:00","dateModified":"2024-08-30T09:51:01+00:00","breadcrumb":{"@id":"https:\/\/www.kliinikum.ee\/taastusravi\/kliinikust\/ambulatoorse-taastusravi-osakond\/kardioloogiline-taastusravi\/#breadcrumb"},"inLanguage":"et","potentialAction":[{"@type":"ReadAction","target":["https:\/\/www.kliinikum.ee\/taastusravi\/kliinikust\/ambulatoorse-taastusravi-osakond\/kardioloogiline-taastusravi\/"]}]},{"@type":"BreadcrumbList","@id":"https:\/\/www.kliinikum.ee\/taastusravi\/kliinikust\/ambulatoorse-taastusravi-osakond\/kardioloogiline-taastusravi\/#breadcrumb","itemListElement":[{"@type":"ListItem","position":1,"name":"Home","item":"https:\/\/www.kliinikum.ee\/taastusravi\/"},{"@type":"ListItem","position":2,"name":"Osakonnad","item":"https:\/\/www.kliinikum.ee\/taastusravi\/kliinikust\/"},{"@type":"ListItem","position":3,"name":"Ambulatoorse taastusravi osakond","item":"https:\/\/www.kliinikum.ee\/taastusravi\/kliinikust\/ambulatoorse-taastusravi-osakond\/"},{"@type":"ListItem","position":4,"name":"Kardioloogiline taastusravi"}]},{"@type":"WebSite","@id":"https:\/\/www.kliinikum.ee\/taastusravi\/#website","url":"https:\/\/www.kliinikum.ee\/taastusravi\/","name":"Spordimeditsiini ja taastusravi kliinik","description":"Hoolivus, Uuendusmeelsus, P\u00e4devus ja Usaldusv\u00e4\u00e4rsus","potentialAction":[{"@type":"SearchAction","target":{"@type":"EntryPoint","urlTemplate":"https:\/\/www.kliinikum.ee\/taastusravi\/?s={search_term_string}"},"query-input":{"@type":"PropertyValueSpecification","valueRequired":true,"valueName":"search_term_string"}}],"inLanguage":"et"}]}},"uagb_featured_image_src":{"full":false,"thumbnail":false,"medium":false,"medium_large":false,"large":false,"1536x1536":false,"2048x2048":false},"uagb_author_info":{"display_name":"Mari S\u00f6\u00f6t","author_link":"https:\/\/www.kliinikum.ee\/taastusravi\/author\/maritar\/"},"uagb_comment_info":0,"uagb_excerpt":"S\u00fcdamehaigete ambulatoorse taastusravi eesm\u00e4rgiks on taastada patsiendiga aktiivses koost\u00f6\u00f6s tema v\u00f5imalik potentsiaal kehalises, vaimses ja sotsiaalses t\u00e4henduses.Taastusravi vajavad: S\u00fcdamehaigete taastusravi eesm\u00e4rgiks&nbsp;on parandada kehalist t\u00f6\u00f6v\u00f5imet ja v\u00e4hendada koormusest (ala- v\u00f5i \u00fclekoormusest) p\u00f5hjustatud haiguss\u00fcmptomeid, m\u00f5jutada haigust p\u00f5hjustavaid riskifaktoreid ja parandada tervisega seotud elukvaliteeti. P\u00f5hiline eesm\u00e4rk on v\u00e4hendada kordushaigestumust ja surevust. Varane ambulatoorne taastusravi on pikim meditsiiniliselt juhendatud&hellip;","_links":{"self":[{"href":"https:\/\/www.kliinikum.ee\/taastusravi\/wp-json\/wp\/v2\/pages\/6434","targetHints":{"allow":["GET"]}}],"collection":[{"href":"https:\/\/www.kliinikum.ee\/taastusravi\/wp-json\/wp\/v2\/pages"}],"about":[{"href":"https:\/\/www.kliinikum.ee\/taastusravi\/wp-json\/wp\/v2\/types\/page"}],"author":[{"embeddable":true,"href":"https:\/\/www.kliinikum.ee\/taastusravi\/wp-json\/wp\/v2\/users\/30"}],"replies":[{"embeddable":true,"href":"https:\/\/www.kliinikum.ee\/taastusravi\/wp-json\/wp\/v2\/comments?post=6434"}],"version-history":[{"count":0,"href":"https:\/\/www.kliinikum.ee\/taastusravi\/wp-json\/wp\/v2\/pages\/6434\/revisions"}],"up":[{"embeddable":true,"href":"https:\/\/www.kliinikum.ee\/taastusravi\/wp-json\/wp\/v2\/pages\/6385"}],"wp:attachment":[{"href":"https:\/\/www.kliinikum.ee\/taastusravi\/wp-json\/wp\/v2\/media?parent=6434"}],"curies":[{"name":"wp","href":"https:\/\/api.w.org\/{rel}","templated":true}]}}